{"id":19479,"date":"2025-05-06T20:07:39","date_gmt":"2025-05-06T20:07:39","guid":{"rendered":"https:\/\/gifted-hub.com\/professores\/como-identificar-sobredotacao-alem-dos-testes-padronizados\/"},"modified":"2025-05-06T20:13:54","modified_gmt":"2025-05-06T20:13:54","slug":"como-identificar-sobredotacao-alem-dos-testes-padronizados","status":"publish","type":"page","link":"https:\/\/gifted-hub.com\/pt-pt\/professores\/como-identificar-sobredotacao-alem-dos-testes-padronizados\/","title":{"rendered":"Como Identificar Sobredota\u00e7\u00e3o Al\u00e9m dos Testes Padronizados"},"content":{"rendered":"\n<p>Os testes padronizados t\u00eam sido utilizados h\u00e1 muito tempo para identificar alunos sobredotados, mas confiar exclusivamente nas pontua\u00e7\u00f5es dos testes frequentemente n\u00e3o capta o quadro completo. A sobredota\u00e7\u00e3o \u00e9 complexa, diversa e moldada pelo contexto, oportunidade e desenvolvimento pessoal. Muitos estudantes com elevado potencial podem ter um desempenho inferior nas avalia\u00e7\u00f5es tradicionais devido a ansiedade, enviesamento cultural ou porque as suas capacidades se situam fora do que estes testes medem.  <\/p>\n\n<p>A sobredota\u00e7\u00e3o pode manifestar-se de diversas formas\u2014nem todas acad\u00e9micas. Alguns estudantes demonstram sobredota\u00e7\u00e3o <a href=\"https:\/\/gifted-hub.com\/pt-pt\/profissionais\/criatividade-e-tomada-de-decisao-em-alunos-superdotados\/\">criativa<\/a> ou produtiva, caracterizada pela originalidade, curiosidade, lideran\u00e7a, talento art\u00edstico ou um desejo de explorar problemas do mundo real. Estas qualidades frequentemente emergem atrav\u00e9s do comportamento, interesses e desempenho aut\u00eantico, em vez de atrav\u00e9s de um n\u00famero num teste.  <\/p>\n\n<p>A investiga\u00e7\u00e3o educacional moderna evidencia que intelig\u00eancia e criatividade n\u00e3o s\u00e3o o mesmo, e a sua rela\u00e7\u00e3o enfraquece em n\u00edveis mais elevados de capacidade. De facto, a criatividade torna-se cada vez mais independente do QI para al\u00e9m de um certo limiar. Caracter\u00edsticas como flexibilidade, flu\u00eancia de ideias, originalidade e a capacidade de redefinir problemas s\u00e3o marcas distintivas da sobredota\u00e7\u00e3o criativa\u2014tra\u00e7os frequentemente negligenciados pelos testes de intelig\u00eancia tradicionais.  <\/p>\n\n<p>Para verdadeiramente reconhecer o potencial de sobredota\u00e7\u00e3o, \u00e9 necess\u00e1ria uma abordagem mais ampla e inclusiva. M\u00e9todos observacionais, portef\u00f3lios criativos, avalia\u00e7\u00f5es din\u00e2micas e avalia\u00e7\u00f5es de professores s\u00e3o todas ferramentas essenciais. A avalia\u00e7\u00e3o din\u00e2mica, em particular, ajuda a medir como um estudante aprende quando lhe \u00e9 dado apoio, em vez do que j\u00e1 sabe\u2014tornando-a especialmente \u00fatil para identificar talento em popula\u00e7\u00f5es diversas ou desfavorecidas.  <\/p>\n\n<p>\u00c9 igualmente importante considerar o contexto. Fatores sociais, emocionais e <a href=\"https:\/\/gifted-hub.com\/pt-pt\/profissionais\/compreendendo-a-sobredotacao-e-a-cultura\/\">culturais<\/a> podem afetar se as capacidades de uma crian\u00e7a sobredotada s\u00e3o reconhecidas ou nutridas. De facto, os estudantes de \u00e1reas rurais ou de baixos rendimentos s\u00e3o frequentemente sub-identificados, n\u00e3o por falta de talento, mas devido a menos oportunidades e enviesamentos sist\u00e9micos.  <\/p>\n\n<p>Uma quest\u00e3o fundamental que os educadores devem colocar \u00e9: &#8220;sobredotado para qu\u00ea?&#8221; Os m\u00e9todos de identifica\u00e7\u00e3o devem alinhar-se com o tipo de programa ou enriquecimento oferecido\u2014seja em ci\u00eancia, artes, lideran\u00e7a ou resolu\u00e7\u00e3o de problemas. Isto assegura que os crit\u00e9rios de sele\u00e7\u00e3o s\u00e3o significativos e apoiam o potencial percurso de cada estudante.  <\/p>\n\n<p>Al\u00e9m disso, a sobredota\u00e7\u00e3o n\u00e3o deve ser vista como est\u00e1tica ou inata. Pode emergir ao longo do tempo, e o ambiente adequado desempenha um papel crucial no seu florescimento. \u00c9 por isso que os sistemas educativos est\u00e3o a mover-se para processos de identifica\u00e7\u00e3o mais flex\u00edveis, por vezes permitindo que os estudantes entrem e saiam de programas de enriquecimento dependendo dos seus interesses e crescimento.  <\/p>\n\n<p>Por fim, qualidades como motiva\u00e7\u00e3o, criatividade, <a href=\"https:\/\/gifted-hub.com\/pt-pt\/familia\/os-nossos-filhos-e-as-suas-competencias-sociais\/\">compet\u00eancias sociais<\/a> e contexto s\u00e3o t\u00e3o importantes quanto o desempenho cognitivo. Os estudantes sobredotados podem necessitar de apoio emocional, instru\u00e7\u00e3o diferenciada e oportunidades para explorar ideias desafiantes\u2014n\u00e3o apenas acelera\u00e7\u00e3o ou mais conte\u00fado. <\/p>\n\n<p>Ao ir al\u00e9m dos testes padronizados e abra\u00e7ar uma perspetiva mais humana, din\u00e2mica e consciente do contexto, podemos melhor descobrir talentos ocultos, nutrir diversas formas de brilhantismo e criar oportunidades mais equitativas e significativas para os aprendentes sobredotados.<\/p>\n","protected":false},"excerpt":{"rendered":"<p>Os testes padronizados t\u00eam sido utilizados h\u00e1 muito tempo para identificar alunos sobredotados, mas confiar exclusivamente nas pontua\u00e7\u00f5es dos testes frequentemente n\u00e3o capta o quadro completo. A sobredota\u00e7\u00e3o \u00e9 complexa, diversa e moldada pelo contexto, oportunidade e desenvolvimento pessoal. Muitos estudantes com elevado potencial podem ter um desempenho inferior nas avalia\u00e7\u00f5es tradicionais devido a ansiedade, [&hellip;]<\/p>\n","protected":false},"author":1,"featured_media":19464,"parent":16394,"menu_order":0,"comment_status":"closed","ping_status":"closed","template":"","meta":{"_acf_changed":false,"inline_featured_image":false,"footnotes":""},"group-interest":[],"class_list":["post-19479","page","type-page","status-publish","has-post-thumbnail","hentry"],"acf":[],"yoast_head":"<!-- This site is optimized with the Yoast SEO plugin v27.4 - https:\/\/yoast.com\/product\/yoast-seo-wordpress\/ -->\n<title>Como Identificar Sobredota\u00e7\u00e3o Al\u00e9m dos Testes Padronizados - Gifted HUB<\/title>\n<meta name=\"robots\" content=\"index, follow, max-snippet:-1, max-image-preview:large, max-video-preview:-1\" \/>\n<link rel=\"canonical\" href=\"https:\/\/gifted-hub.com\/pt-pt\/professores\/como-identificar-sobredotacao-alem-dos-testes-padronizados\/\" \/>\n<meta property=\"og:locale\" content=\"pt_PT\" \/>\n<meta property=\"og:type\" content=\"article\" \/>\n<meta property=\"og:title\" content=\"Como Identificar Sobredota\u00e7\u00e3o Al\u00e9m dos Testes Padronizados - Gifted HUB\" \/>\n<meta property=\"og:description\" content=\"Os testes padronizados t\u00eam sido utilizados h\u00e1 muito tempo para identificar alunos sobredotados, mas confiar exclusivamente nas pontua\u00e7\u00f5es dos testes frequentemente n\u00e3o capta o quadro completo. A sobredota\u00e7\u00e3o \u00e9 complexa, diversa e moldada pelo contexto, oportunidade e desenvolvimento pessoal. Muitos estudantes com elevado potencial podem ter um desempenho inferior nas avalia\u00e7\u00f5es tradicionais devido a ansiedade, [&hellip;]\" \/>\n<meta property=\"og:url\" content=\"https:\/\/gifted-hub.com\/pt-pt\/professores\/como-identificar-sobredotacao-alem-dos-testes-padronizados\/\" \/>\n<meta property=\"og:site_name\" content=\"Gifted HUB\" \/>\n<meta property=\"article:modified_time\" content=\"2025-05-06T20:13:54+00:00\" \/>\n<meta property=\"og:image\" content=\"https:\/\/gifted-hub.com\/wp-content\/uploads\/2025\/05\/jexauncfefs.jpg\" \/>\n\t<meta property=\"og:image:width\" content=\"1600\" \/>\n\t<meta property=\"og:image:height\" content=\"1200\" \/>\n\t<meta property=\"og:image:type\" content=\"image\/jpeg\" \/>\n<meta name=\"twitter:card\" content=\"summary_large_image\" \/>\n<meta name=\"twitter:label1\" content=\"Tempo estimado de leitura\" \/>\n\t<meta name=\"twitter:data1\" content=\"3 minutos\" \/>\n<script type=\"application\/ld+json\" class=\"yoast-schema-graph\">{\"@context\":\"https:\\\/\\\/schema.org\",\"@graph\":[{\"@type\":\"WebPage\",\"@id\":\"https:\\\/\\\/gifted-hub.com\\\/pt-pt\\\/professores\\\/como-identificar-sobredotacao-alem-dos-testes-padronizados\\\/\",\"url\":\"https:\\\/\\\/gifted-hub.com\\\/pt-pt\\\/professores\\\/como-identificar-sobredotacao-alem-dos-testes-padronizados\\\/\",\"name\":\"Como Identificar Sobredota\u00e7\u00e3o Al\u00e9m dos Testes Padronizados - Gifted HUB\",\"isPartOf\":{\"@id\":\"https:\\\/\\\/gifted-hub.com\\\/pt-pt\\\/#website\"},\"primaryImageOfPage\":{\"@id\":\"https:\\\/\\\/gifted-hub.com\\\/pt-pt\\\/professores\\\/como-identificar-sobredotacao-alem-dos-testes-padronizados\\\/#primaryimage\"},\"image\":{\"@id\":\"https:\\\/\\\/gifted-hub.com\\\/pt-pt\\\/professores\\\/como-identificar-sobredotacao-alem-dos-testes-padronizados\\\/#primaryimage\"},\"thumbnailUrl\":\"https:\\\/\\\/gifted-hub.com\\\/wp-content\\\/uploads\\\/2025\\\/05\\\/jexauncfefs.jpg\",\"datePublished\":\"2025-05-06T20:07:39+00:00\",\"dateModified\":\"2025-05-06T20:13:54+00:00\",\"breadcrumb\":{\"@id\":\"https:\\\/\\\/gifted-hub.com\\\/pt-pt\\\/professores\\\/como-identificar-sobredotacao-alem-dos-testes-padronizados\\\/#breadcrumb\"},\"inLanguage\":\"pt-PT\",\"potentialAction\":[{\"@type\":\"ReadAction\",\"target\":[\"https:\\\/\\\/gifted-hub.com\\\/pt-pt\\\/professores\\\/como-identificar-sobredotacao-alem-dos-testes-padronizados\\\/\"]}]},{\"@type\":\"ImageObject\",\"inLanguage\":\"pt-PT\",\"@id\":\"https:\\\/\\\/gifted-hub.com\\\/pt-pt\\\/professores\\\/como-identificar-sobredotacao-alem-dos-testes-padronizados\\\/#primaryimage\",\"url\":\"https:\\\/\\\/gifted-hub.com\\\/wp-content\\\/uploads\\\/2025\\\/05\\\/jexauncfefs.jpg\",\"contentUrl\":\"https:\\\/\\\/gifted-hub.com\\\/wp-content\\\/uploads\\\/2025\\\/05\\\/jexauncfefs.jpg\",\"width\":1600,\"height\":1200},{\"@type\":\"BreadcrumbList\",\"@id\":\"https:\\\/\\\/gifted-hub.com\\\/pt-pt\\\/professores\\\/como-identificar-sobredotacao-alem-dos-testes-padronizados\\\/#breadcrumb\",\"itemListElement\":[{\"@type\":\"ListItem\",\"position\":1,\"name\":\"Home\",\"item\":\"https:\\\/\\\/gifted-hub.com\\\/pt-pt\\\/inicio\\\/\"},{\"@type\":\"ListItem\",\"position\":2,\"name\":\"Professores\",\"item\":\"https:\\\/\\\/gifted-hub.com\\\/pt-pt\\\/professores\\\/\"},{\"@type\":\"ListItem\",\"position\":3,\"name\":\"Como Identificar Sobredota\u00e7\u00e3o Al\u00e9m dos Testes Padronizados\"}]},{\"@type\":\"WebSite\",\"@id\":\"https:\\\/\\\/gifted-hub.com\\\/pt-pt\\\/#website\",\"url\":\"https:\\\/\\\/gifted-hub.com\\\/pt-pt\\\/\",\"name\":\"Gifted HUB\",\"description\":\"A space for high abilities\",\"publisher\":{\"@id\":\"https:\\\/\\\/gifted-hub.com\\\/pt-pt\\\/#organization\"},\"potentialAction\":[{\"@type\":\"SearchAction\",\"target\":{\"@type\":\"EntryPoint\",\"urlTemplate\":\"https:\\\/\\\/gifted-hub.com\\\/pt-pt\\\/?s={search_term_string}\"},\"query-input\":{\"@type\":\"PropertyValueSpecification\",\"valueRequired\":true,\"valueName\":\"search_term_string\"}}],\"inLanguage\":\"pt-PT\"},{\"@type\":\"Organization\",\"@id\":\"https:\\\/\\\/gifted-hub.com\\\/pt-pt\\\/#organization\",\"name\":\"Gifted HUB\",\"url\":\"https:\\\/\\\/gifted-hub.com\\\/pt-pt\\\/\",\"logo\":{\"@type\":\"ImageObject\",\"inLanguage\":\"pt-PT\",\"@id\":\"https:\\\/\\\/gifted-hub.com\\\/pt-pt\\\/#\\\/schema\\\/logo\\\/image\\\/\",\"url\":\"https:\\\/\\\/gifted-hub.com\\\/wp-content\\\/uploads\\\/2024\\\/07\\\/logo-1.svg\",\"contentUrl\":\"https:\\\/\\\/gifted-hub.com\\\/wp-content\\\/uploads\\\/2024\\\/07\\\/logo-1.svg\",\"caption\":\"Gifted HUB\"},\"image\":{\"@id\":\"https:\\\/\\\/gifted-hub.com\\\/pt-pt\\\/#\\\/schema\\\/logo\\\/image\\\/\"}}]}<\/script>\n<!-- \/ Yoast SEO plugin. -->","yoast_head_json":{"title":"Como Identificar Sobredota\u00e7\u00e3o Al\u00e9m dos Testes Padronizados - Gifted HUB","robots":{"index":"index","follow":"follow","max-snippet":"max-snippet:-1","max-image-preview":"max-image-preview:large","max-video-preview":"max-video-preview:-1"},"canonical":"https:\/\/gifted-hub.com\/pt-pt\/professores\/como-identificar-sobredotacao-alem-dos-testes-padronizados\/","og_locale":"pt_PT","og_type":"article","og_title":"Como Identificar Sobredota\u00e7\u00e3o Al\u00e9m dos Testes Padronizados - Gifted HUB","og_description":"Os testes padronizados t\u00eam sido utilizados h\u00e1 muito tempo para identificar alunos sobredotados, mas confiar exclusivamente nas pontua\u00e7\u00f5es dos testes frequentemente n\u00e3o capta o quadro completo. A sobredota\u00e7\u00e3o \u00e9 complexa, diversa e moldada pelo contexto, oportunidade e desenvolvimento pessoal. Muitos estudantes com elevado potencial podem ter um desempenho inferior nas avalia\u00e7\u00f5es tradicionais devido a ansiedade, [&hellip;]","og_url":"https:\/\/gifted-hub.com\/pt-pt\/professores\/como-identificar-sobredotacao-alem-dos-testes-padronizados\/","og_site_name":"Gifted HUB","article_modified_time":"2025-05-06T20:13:54+00:00","og_image":[{"width":1600,"height":1200,"url":"https:\/\/gifted-hub.com\/wp-content\/uploads\/2025\/05\/jexauncfefs.jpg","type":"image\/jpeg"}],"twitter_card":"summary_large_image","twitter_misc":{"Tempo estimado de leitura":"3 minutos"},"schema":{"@context":"https:\/\/schema.org","@graph":[{"@type":"WebPage","@id":"https:\/\/gifted-hub.com\/pt-pt\/professores\/como-identificar-sobredotacao-alem-dos-testes-padronizados\/","url":"https:\/\/gifted-hub.com\/pt-pt\/professores\/como-identificar-sobredotacao-alem-dos-testes-padronizados\/","name":"Como Identificar Sobredota\u00e7\u00e3o Al\u00e9m dos Testes Padronizados - Gifted HUB","isPartOf":{"@id":"https:\/\/gifted-hub.com\/pt-pt\/#website"},"primaryImageOfPage":{"@id":"https:\/\/gifted-hub.com\/pt-pt\/professores\/como-identificar-sobredotacao-alem-dos-testes-padronizados\/#primaryimage"},"image":{"@id":"https:\/\/gifted-hub.com\/pt-pt\/professores\/como-identificar-sobredotacao-alem-dos-testes-padronizados\/#primaryimage"},"thumbnailUrl":"https:\/\/gifted-hub.com\/wp-content\/uploads\/2025\/05\/jexauncfefs.jpg","datePublished":"2025-05-06T20:07:39+00:00","dateModified":"2025-05-06T20:13:54+00:00","breadcrumb":{"@id":"https:\/\/gifted-hub.com\/pt-pt\/professores\/como-identificar-sobredotacao-alem-dos-testes-padronizados\/#breadcrumb"},"inLanguage":"pt-PT","potentialAction":[{"@type":"ReadAction","target":["https:\/\/gifted-hub.com\/pt-pt\/professores\/como-identificar-sobredotacao-alem-dos-testes-padronizados\/"]}]},{"@type":"ImageObject","inLanguage":"pt-PT","@id":"https:\/\/gifted-hub.com\/pt-pt\/professores\/como-identificar-sobredotacao-alem-dos-testes-padronizados\/#primaryimage","url":"https:\/\/gifted-hub.com\/wp-content\/uploads\/2025\/05\/jexauncfefs.jpg","contentUrl":"https:\/\/gifted-hub.com\/wp-content\/uploads\/2025\/05\/jexauncfefs.jpg","width":1600,"height":1200},{"@type":"BreadcrumbList","@id":"https:\/\/gifted-hub.com\/pt-pt\/professores\/como-identificar-sobredotacao-alem-dos-testes-padronizados\/#breadcrumb","itemListElement":[{"@type":"ListItem","position":1,"name":"Home","item":"https:\/\/gifted-hub.com\/pt-pt\/inicio\/"},{"@type":"ListItem","position":2,"name":"Professores","item":"https:\/\/gifted-hub.com\/pt-pt\/professores\/"},{"@type":"ListItem","position":3,"name":"Como Identificar Sobredota\u00e7\u00e3o Al\u00e9m dos Testes Padronizados"}]},{"@type":"WebSite","@id":"https:\/\/gifted-hub.com\/pt-pt\/#website","url":"https:\/\/gifted-hub.com\/pt-pt\/","name":"Gifted HUB","description":"A space for high abilities","publisher":{"@id":"https:\/\/gifted-hub.com\/pt-pt\/#organization"},"potentialAction":[{"@type":"SearchAction","target":{"@type":"EntryPoint","urlTemplate":"https:\/\/gifted-hub.com\/pt-pt\/?s={search_term_string}"},"query-input":{"@type":"PropertyValueSpecification","valueRequired":true,"valueName":"search_term_string"}}],"inLanguage":"pt-PT"},{"@type":"Organization","@id":"https:\/\/gifted-hub.com\/pt-pt\/#organization","name":"Gifted HUB","url":"https:\/\/gifted-hub.com\/pt-pt\/","logo":{"@type":"ImageObject","inLanguage":"pt-PT","@id":"https:\/\/gifted-hub.com\/pt-pt\/#\/schema\/logo\/image\/","url":"https:\/\/gifted-hub.com\/wp-content\/uploads\/2024\/07\/logo-1.svg","contentUrl":"https:\/\/gifted-hub.com\/wp-content\/uploads\/2024\/07\/logo-1.svg","caption":"Gifted HUB"},"image":{"@id":"https:\/\/gifted-hub.com\/pt-pt\/#\/schema\/logo\/image\/"}}]}},"_links":{"self":[{"href":"https:\/\/gifted-hub.com\/pt-pt\/wp-json\/wp\/v2\/pages\/19479","targetHints":{"allow":["GET"]}}],"collection":[{"href":"https:\/\/gifted-hub.com\/pt-pt\/wp-json\/wp\/v2\/pages"}],"about":[{"href":"https:\/\/gifted-hub.com\/pt-pt\/wp-json\/wp\/v2\/types\/page"}],"author":[{"embeddable":true,"href":"https:\/\/gifted-hub.com\/pt-pt\/wp-json\/wp\/v2\/users\/1"}],"replies":[{"embeddable":true,"href":"https:\/\/gifted-hub.com\/pt-pt\/wp-json\/wp\/v2\/comments?post=19479"}],"version-history":[{"count":1,"href":"https:\/\/gifted-hub.com\/pt-pt\/wp-json\/wp\/v2\/pages\/19479\/revisions"}],"predecessor-version":[{"id":19480,"href":"https:\/\/gifted-hub.com\/pt-pt\/wp-json\/wp\/v2\/pages\/19479\/revisions\/19480"}],"up":[{"embeddable":true,"href":"https:\/\/gifted-hub.com\/pt-pt\/wp-json\/wp\/v2\/pages\/16394"}],"wp:featuredmedia":[{"embeddable":true,"href":"https:\/\/gifted-hub.com\/pt-pt\/wp-json\/wp\/v2\/media\/19464"}],"wp:attachment":[{"href":"https:\/\/gifted-hub.com\/pt-pt\/wp-json\/wp\/v2\/media?parent=19479"}],"wp:term":[{"taxonomy":"group-interest","embeddable":true,"href":"https:\/\/gifted-hub.com\/pt-pt\/wp-json\/wp\/v2\/group-interest?post=19479"}],"curies":[{"name":"wp","href":"https:\/\/api.w.org\/{rel}","templated":true}]}}