{"id":19438,"date":"2025-04-25T22:09:27","date_gmt":"2025-04-25T22:09:27","guid":{"rendered":"https:\/\/gifted-hub.com\/profissionais\/sobredotacao-e-personalidade-existe-um-perfil-comum\/"},"modified":"2025-04-25T22:18:56","modified_gmt":"2025-04-25T22:18:56","slug":"sobredotacao-e-personalidade-existe-um-perfil-comum","status":"publish","type":"page","link":"https:\/\/gifted-hub.com\/pt-pt\/profissionais\/sobredotacao-e-personalidade-existe-um-perfil-comum\/","title":{"rendered":"Sobredota\u00e7\u00e3o e Personalidade: Existe um Perfil Comum?"},"content":{"rendered":"\n<p>Os indiv\u00edduos sobredotados frequentemente demonstram padr\u00f5es particulares na forma como percecionam o mundo e tomam decis\u00f5es. Embora cada pessoa seja \u00fanica, alguns estilos comuns surgem entre aqueles com altas capacidades, moldados pela forma como assimilam informa\u00e7\u00e3o e como a avaliam. <\/p>\n\n<p>Alguns indiv\u00edduos sobredotados preferem percecionar o mundo atrav\u00e9s dos seus sentidos e tomar decis\u00f5es com base no pensamento l\u00f3gico. S\u00e3o pr\u00e1ticos, realistas e concentram-se nos factos. Apreciam trabalhar com problemas do mundo real, organizando a informa\u00e7\u00e3o de forma clara e encontrando solu\u00e7\u00f5es eficazes. A sua for\u00e7a reside na capacidade de lidar com realidades tang\u00edveis utilizando an\u00e1lise cuidadosa e racioc\u00ednio estruturado.   <\/p>\n\n<p>Outros tamb\u00e9m confiam nos seus sentidos, mas preferem tomar decis\u00f5es com base em valores pessoais e emo\u00e7\u00f5es. Estes indiv\u00edduos s\u00e3o calorosos, af\u00e1veis e atentos aos sentimentos e necessidades dos outros. S\u00e3o frequentemente encontrados a utilizar os seus talentos em profiss\u00f5es de cuidados, educa\u00e7\u00e3o ou atividades comunit\u00e1rias, trazendo um toque humano e empatia a tudo o que fazem.  <\/p>\n\n<p>Alguns indiv\u00edduos sobredotados percecionam o mundo principalmente atrav\u00e9s da intui\u00e7\u00e3o e tomam decis\u00f5es guiadas pelos seus sentimentos. S\u00e3o profundamente imaginativos, emocionalmente ricos e atra\u00eddos por novas ideias e possibilidades. S\u00e3o frequentemente apaixonados por ajudar os outros a crescer, encontrar um significado mais profundo na vida e expressar a sua criatividade. Valorizam a autenticidade, a inspira\u00e7\u00e3o e a conex\u00e3o humana.   <\/p>\n\n<p>Por fim, h\u00e1 aqueles que combinam a intui\u00e7\u00e3o com o pensamento l\u00f3gico. S\u00e3o estrat\u00e9gicos, inovadores e apreciam resolver problemas complexos. S\u00e3o atra\u00eddos por ideias abstratas, teorias e sistemas. As suas mentes est\u00e3o focadas em compreender como as coisas funcionam e em imaginar novas possibilidades. Frequentemente, impulsionam avan\u00e7os cient\u00edficos, tecnol\u00f3gicos ou conceptuais que moldam o futuro.    <\/p>\n\n<p>Embora nenhum perfil de personalidade \u00fanico defina todos os indiv\u00edduos sobredotados, muitos partilham estes padr\u00f5es: um forte sentido de possibilidade, uma paix\u00e3o pela verdade ou justi\u00e7a, uma necessidade de conex\u00e3o profunda ou um impulso para criar e inovar. A sobredota\u00e7\u00e3o n\u00e3o se refere apenas \u00e0 intelig\u00eancia; trata-se de ver, sentir e pensar de forma diferente \u2014 com maior profundidade, curiosidade e significado. <\/p>\n\n<p>Reconhecer estas caracter\u00edsticas ajuda-nos a apreciar a bela variedade dentro da comunidade sobredotada e apoia cada pessoa na realiza\u00e7\u00e3o do seu potencial \u00fanico.<\/p>\n","protected":false},"excerpt":{"rendered":"<p>Os indiv\u00edduos sobredotados frequentemente demonstram padr\u00f5es particulares na forma como percecionam o mundo e tomam decis\u00f5es. Embora cada pessoa seja \u00fanica, alguns estilos comuns surgem entre aqueles com altas capacidades, moldados pela forma como assimilam informa\u00e7\u00e3o e como a avaliam. Alguns indiv\u00edduos sobredotados preferem percecionar o mundo atrav\u00e9s dos seus sentidos e tomar decis\u00f5es com [&hellip;]<\/p>\n","protected":false},"author":1,"featured_media":19410,"parent":16682,"menu_order":0,"comment_status":"closed","ping_status":"closed","template":"","meta":{"_acf_changed":false,"inline_featured_image":false,"footnotes":""},"group-interest":[],"class_list":["post-19438","page","type-page","status-publish","has-post-thumbnail","hentry"],"acf":[],"yoast_head":"<!-- This site is optimized with the Yoast SEO plugin v27.4 - https:\/\/yoast.com\/product\/yoast-seo-wordpress\/ -->\n<title>Sobredota\u00e7\u00e3o e Personalidade: Existe um Perfil Comum? - Gifted HUB<\/title>\n<meta name=\"robots\" content=\"index, follow, max-snippet:-1, max-image-preview:large, max-video-preview:-1\" \/>\n<link rel=\"canonical\" href=\"https:\/\/gifted-hub.com\/pt-pt\/profissionais\/sobredotacao-e-personalidade-existe-um-perfil-comum\/\" \/>\n<meta property=\"og:locale\" content=\"pt_PT\" \/>\n<meta property=\"og:type\" content=\"article\" \/>\n<meta property=\"og:title\" content=\"Sobredota\u00e7\u00e3o e Personalidade: Existe um Perfil Comum? - Gifted HUB\" \/>\n<meta property=\"og:description\" content=\"Os indiv\u00edduos sobredotados frequentemente demonstram padr\u00f5es particulares na forma como percecionam o mundo e tomam decis\u00f5es. Embora cada pessoa seja \u00fanica, alguns estilos comuns surgem entre aqueles com altas capacidades, moldados pela forma como assimilam informa\u00e7\u00e3o e como a avaliam. Alguns indiv\u00edduos sobredotados preferem percecionar o mundo atrav\u00e9s dos seus sentidos e tomar decis\u00f5es com [&hellip;]\" \/>\n<meta property=\"og:url\" content=\"https:\/\/gifted-hub.com\/pt-pt\/profissionais\/sobredotacao-e-personalidade-existe-um-perfil-comum\/\" \/>\n<meta property=\"og:site_name\" content=\"Gifted HUB\" \/>\n<meta property=\"article:modified_time\" content=\"2025-04-25T22:18:56+00:00\" \/>\n<meta property=\"og:image\" content=\"https:\/\/gifted-hub.com\/wp-content\/uploads\/2025\/04\/personalities-683x1024.png\" \/>\n\t<meta property=\"og:image:width\" content=\"683\" \/>\n\t<meta property=\"og:image:height\" content=\"1024\" \/>\n\t<meta property=\"og:image:type\" content=\"image\/png\" \/>\n<meta name=\"twitter:card\" content=\"summary_large_image\" \/>\n<meta name=\"twitter:label1\" content=\"Tempo estimado de leitura\" \/>\n\t<meta name=\"twitter:data1\" content=\"2 minutos\" \/>\n<script type=\"application\/ld+json\" class=\"yoast-schema-graph\">{\"@context\":\"https:\\\/\\\/schema.org\",\"@graph\":[{\"@type\":\"WebPage\",\"@id\":\"https:\\\/\\\/gifted-hub.com\\\/pt-pt\\\/profissionais\\\/sobredotacao-e-personalidade-existe-um-perfil-comum\\\/\",\"url\":\"https:\\\/\\\/gifted-hub.com\\\/pt-pt\\\/profissionais\\\/sobredotacao-e-personalidade-existe-um-perfil-comum\\\/\",\"name\":\"Sobredota\u00e7\u00e3o e Personalidade: Existe um Perfil Comum? - Gifted HUB\",\"isPartOf\":{\"@id\":\"https:\\\/\\\/gifted-hub.com\\\/pt-pt\\\/#website\"},\"primaryImageOfPage\":{\"@id\":\"https:\\\/\\\/gifted-hub.com\\\/pt-pt\\\/profissionais\\\/sobredotacao-e-personalidade-existe-um-perfil-comum\\\/#primaryimage\"},\"image\":{\"@id\":\"https:\\\/\\\/gifted-hub.com\\\/pt-pt\\\/profissionais\\\/sobredotacao-e-personalidade-existe-um-perfil-comum\\\/#primaryimage\"},\"thumbnailUrl\":\"https:\\\/\\\/gifted-hub.com\\\/wp-content\\\/uploads\\\/2025\\\/04\\\/personalities.png\",\"datePublished\":\"2025-04-25T22:09:27+00:00\",\"dateModified\":\"2025-04-25T22:18:56+00:00\",\"breadcrumb\":{\"@id\":\"https:\\\/\\\/gifted-hub.com\\\/pt-pt\\\/profissionais\\\/sobredotacao-e-personalidade-existe-um-perfil-comum\\\/#breadcrumb\"},\"inLanguage\":\"pt-PT\",\"potentialAction\":[{\"@type\":\"ReadAction\",\"target\":[\"https:\\\/\\\/gifted-hub.com\\\/pt-pt\\\/profissionais\\\/sobredotacao-e-personalidade-existe-um-perfil-comum\\\/\"]}]},{\"@type\":\"ImageObject\",\"inLanguage\":\"pt-PT\",\"@id\":\"https:\\\/\\\/gifted-hub.com\\\/pt-pt\\\/profissionais\\\/sobredotacao-e-personalidade-existe-um-perfil-comum\\\/#primaryimage\",\"url\":\"https:\\\/\\\/gifted-hub.com\\\/wp-content\\\/uploads\\\/2025\\\/04\\\/personalities.png\",\"contentUrl\":\"https:\\\/\\\/gifted-hub.com\\\/wp-content\\\/uploads\\\/2025\\\/04\\\/personalities.png\",\"width\":1024,\"height\":1536},{\"@type\":\"BreadcrumbList\",\"@id\":\"https:\\\/\\\/gifted-hub.com\\\/pt-pt\\\/profissionais\\\/sobredotacao-e-personalidade-existe-um-perfil-comum\\\/#breadcrumb\",\"itemListElement\":[{\"@type\":\"ListItem\",\"position\":1,\"name\":\"Home\",\"item\":\"https:\\\/\\\/gifted-hub.com\\\/pt-pt\\\/inicio\\\/\"},{\"@type\":\"ListItem\",\"position\":2,\"name\":\"Profissionais\",\"item\":\"https:\\\/\\\/gifted-hub.com\\\/pt-pt\\\/profissionais\\\/\"},{\"@type\":\"ListItem\",\"position\":3,\"name\":\"Sobredota\u00e7\u00e3o e Personalidade: Existe um Perfil Comum?\"}]},{\"@type\":\"WebSite\",\"@id\":\"https:\\\/\\\/gifted-hub.com\\\/pt-pt\\\/#website\",\"url\":\"https:\\\/\\\/gifted-hub.com\\\/pt-pt\\\/\",\"name\":\"Gifted HUB\",\"description\":\"A space for high abilities\",\"publisher\":{\"@id\":\"https:\\\/\\\/gifted-hub.com\\\/pt-pt\\\/#organization\"},\"potentialAction\":[{\"@type\":\"SearchAction\",\"target\":{\"@type\":\"EntryPoint\",\"urlTemplate\":\"https:\\\/\\\/gifted-hub.com\\\/pt-pt\\\/?s={search_term_string}\"},\"query-input\":{\"@type\":\"PropertyValueSpecification\",\"valueRequired\":true,\"valueName\":\"search_term_string\"}}],\"inLanguage\":\"pt-PT\"},{\"@type\":\"Organization\",\"@id\":\"https:\\\/\\\/gifted-hub.com\\\/pt-pt\\\/#organization\",\"name\":\"Gifted HUB\",\"url\":\"https:\\\/\\\/gifted-hub.com\\\/pt-pt\\\/\",\"logo\":{\"@type\":\"ImageObject\",\"inLanguage\":\"pt-PT\",\"@id\":\"https:\\\/\\\/gifted-hub.com\\\/pt-pt\\\/#\\\/schema\\\/logo\\\/image\\\/\",\"url\":\"https:\\\/\\\/gifted-hub.com\\\/wp-content\\\/uploads\\\/2024\\\/07\\\/logo-1.svg\",\"contentUrl\":\"https:\\\/\\\/gifted-hub.com\\\/wp-content\\\/uploads\\\/2024\\\/07\\\/logo-1.svg\",\"caption\":\"Gifted HUB\"},\"image\":{\"@id\":\"https:\\\/\\\/gifted-hub.com\\\/pt-pt\\\/#\\\/schema\\\/logo\\\/image\\\/\"}}]}<\/script>\n<!-- \/ Yoast SEO plugin. -->","yoast_head_json":{"title":"Sobredota\u00e7\u00e3o e Personalidade: Existe um Perfil Comum? - Gifted HUB","robots":{"index":"index","follow":"follow","max-snippet":"max-snippet:-1","max-image-preview":"max-image-preview:large","max-video-preview":"max-video-preview:-1"},"canonical":"https:\/\/gifted-hub.com\/pt-pt\/profissionais\/sobredotacao-e-personalidade-existe-um-perfil-comum\/","og_locale":"pt_PT","og_type":"article","og_title":"Sobredota\u00e7\u00e3o e Personalidade: Existe um Perfil Comum? - Gifted HUB","og_description":"Os indiv\u00edduos sobredotados frequentemente demonstram padr\u00f5es particulares na forma como percecionam o mundo e tomam decis\u00f5es. Embora cada pessoa seja \u00fanica, alguns estilos comuns surgem entre aqueles com altas capacidades, moldados pela forma como assimilam informa\u00e7\u00e3o e como a avaliam. Alguns indiv\u00edduos sobredotados preferem percecionar o mundo atrav\u00e9s dos seus sentidos e tomar decis\u00f5es com [&hellip;]","og_url":"https:\/\/gifted-hub.com\/pt-pt\/profissionais\/sobredotacao-e-personalidade-existe-um-perfil-comum\/","og_site_name":"Gifted HUB","article_modified_time":"2025-04-25T22:18:56+00:00","og_image":[{"width":683,"height":1024,"url":"https:\/\/gifted-hub.com\/wp-content\/uploads\/2025\/04\/personalities-683x1024.png","type":"image\/png"}],"twitter_card":"summary_large_image","twitter_misc":{"Tempo estimado de leitura":"2 minutos"},"schema":{"@context":"https:\/\/schema.org","@graph":[{"@type":"WebPage","@id":"https:\/\/gifted-hub.com\/pt-pt\/profissionais\/sobredotacao-e-personalidade-existe-um-perfil-comum\/","url":"https:\/\/gifted-hub.com\/pt-pt\/profissionais\/sobredotacao-e-personalidade-existe-um-perfil-comum\/","name":"Sobredota\u00e7\u00e3o e Personalidade: Existe um Perfil Comum? - Gifted HUB","isPartOf":{"@id":"https:\/\/gifted-hub.com\/pt-pt\/#website"},"primaryImageOfPage":{"@id":"https:\/\/gifted-hub.com\/pt-pt\/profissionais\/sobredotacao-e-personalidade-existe-um-perfil-comum\/#primaryimage"},"image":{"@id":"https:\/\/gifted-hub.com\/pt-pt\/profissionais\/sobredotacao-e-personalidade-existe-um-perfil-comum\/#primaryimage"},"thumbnailUrl":"https:\/\/gifted-hub.com\/wp-content\/uploads\/2025\/04\/personalities.png","datePublished":"2025-04-25T22:09:27+00:00","dateModified":"2025-04-25T22:18:56+00:00","breadcrumb":{"@id":"https:\/\/gifted-hub.com\/pt-pt\/profissionais\/sobredotacao-e-personalidade-existe-um-perfil-comum\/#breadcrumb"},"inLanguage":"pt-PT","potentialAction":[{"@type":"ReadAction","target":["https:\/\/gifted-hub.com\/pt-pt\/profissionais\/sobredotacao-e-personalidade-existe-um-perfil-comum\/"]}]},{"@type":"ImageObject","inLanguage":"pt-PT","@id":"https:\/\/gifted-hub.com\/pt-pt\/profissionais\/sobredotacao-e-personalidade-existe-um-perfil-comum\/#primaryimage","url":"https:\/\/gifted-hub.com\/wp-content\/uploads\/2025\/04\/personalities.png","contentUrl":"https:\/\/gifted-hub.com\/wp-content\/uploads\/2025\/04\/personalities.png","width":1024,"height":1536},{"@type":"BreadcrumbList","@id":"https:\/\/gifted-hub.com\/pt-pt\/profissionais\/sobredotacao-e-personalidade-existe-um-perfil-comum\/#breadcrumb","itemListElement":[{"@type":"ListItem","position":1,"name":"Home","item":"https:\/\/gifted-hub.com\/pt-pt\/inicio\/"},{"@type":"ListItem","position":2,"name":"Profissionais","item":"https:\/\/gifted-hub.com\/pt-pt\/profissionais\/"},{"@type":"ListItem","position":3,"name":"Sobredota\u00e7\u00e3o e Personalidade: Existe um Perfil Comum?"}]},{"@type":"WebSite","@id":"https:\/\/gifted-hub.com\/pt-pt\/#website","url":"https:\/\/gifted-hub.com\/pt-pt\/","name":"Gifted HUB","description":"A space for high abilities","publisher":{"@id":"https:\/\/gifted-hub.com\/pt-pt\/#organization"},"potentialAction":[{"@type":"SearchAction","target":{"@type":"EntryPoint","urlTemplate":"https:\/\/gifted-hub.com\/pt-pt\/?s={search_term_string}"},"query-input":{"@type":"PropertyValueSpecification","valueRequired":true,"valueName":"search_term_string"}}],"inLanguage":"pt-PT"},{"@type":"Organization","@id":"https:\/\/gifted-hub.com\/pt-pt\/#organization","name":"Gifted HUB","url":"https:\/\/gifted-hub.com\/pt-pt\/","logo":{"@type":"ImageObject","inLanguage":"pt-PT","@id":"https:\/\/gifted-hub.com\/pt-pt\/#\/schema\/logo\/image\/","url":"https:\/\/gifted-hub.com\/wp-content\/uploads\/2024\/07\/logo-1.svg","contentUrl":"https:\/\/gifted-hub.com\/wp-content\/uploads\/2024\/07\/logo-1.svg","caption":"Gifted HUB"},"image":{"@id":"https:\/\/gifted-hub.com\/pt-pt\/#\/schema\/logo\/image\/"}}]}},"_links":{"self":[{"href":"https:\/\/gifted-hub.com\/pt-pt\/wp-json\/wp\/v2\/pages\/19438","targetHints":{"allow":["GET"]}}],"collection":[{"href":"https:\/\/gifted-hub.com\/pt-pt\/wp-json\/wp\/v2\/pages"}],"about":[{"href":"https:\/\/gifted-hub.com\/pt-pt\/wp-json\/wp\/v2\/types\/page"}],"author":[{"embeddable":true,"href":"https:\/\/gifted-hub.com\/pt-pt\/wp-json\/wp\/v2\/users\/1"}],"replies":[{"embeddable":true,"href":"https:\/\/gifted-hub.com\/pt-pt\/wp-json\/wp\/v2\/comments?post=19438"}],"version-history":[{"count":1,"href":"https:\/\/gifted-hub.com\/pt-pt\/wp-json\/wp\/v2\/pages\/19438\/revisions"}],"predecessor-version":[{"id":19439,"href":"https:\/\/gifted-hub.com\/pt-pt\/wp-json\/wp\/v2\/pages\/19438\/revisions\/19439"}],"up":[{"embeddable":true,"href":"https:\/\/gifted-hub.com\/pt-pt\/wp-json\/wp\/v2\/pages\/16682"}],"wp:featuredmedia":[{"embeddable":true,"href":"https:\/\/gifted-hub.com\/pt-pt\/wp-json\/wp\/v2\/media\/19410"}],"wp:attachment":[{"href":"https:\/\/gifted-hub.com\/pt-pt\/wp-json\/wp\/v2\/media?parent=19438"}],"wp:term":[{"taxonomy":"group-interest","embeddable":true,"href":"https:\/\/gifted-hub.com\/pt-pt\/wp-json\/wp\/v2\/group-interest?post=19438"}],"curies":[{"name":"wp","href":"https:\/\/api.w.org\/{rel}","templated":true}]}}