{"id":19310,"date":"2025-03-17T18:45:47","date_gmt":"2025-03-17T18:45:47","guid":{"rendered":"https:\/\/gifted-hub.com\/familia\/irmaos-sobredotados-rivalidade-cooperacao-e-desafios-unicos\/"},"modified":"2025-03-17T18:48:14","modified_gmt":"2025-03-17T18:48:14","slug":"irmaos-sobredotados-rivalidade-cooperacao-e-desafios-unicos","status":"publish","type":"page","link":"https:\/\/gifted-hub.com\/pt-pt\/familia\/irmaos-sobredotados-rivalidade-cooperacao-e-desafios-unicos\/","title":{"rendered":"Irm\u00e3os sobredotados: Rivalidade, Coopera\u00e7\u00e3o e Desafios \u00danicos"},"content":{"rendered":"\n<p>Crescer com um irm\u00e3o sobredotado pode ser uma experi\u00eancia \u00fanica, cheia de emo\u00e7\u00f5es intensas, liga\u00e7\u00f5es profundas e, por vezes, lutas dif\u00edceis. Nas fam\u00edlias em que v\u00e1rias crian\u00e7as s\u00e3o sobredotadas, as diferen\u00e7as de compet\u00eancias, interesses e n\u00edveis de sucesso podem moldar as rela\u00e7\u00f5es entre irm\u00e3os de formas inesperadas. <\/p>\n\n<p>Alguns irm\u00e3os sobredotados acabam por ser apanhados num ciclo de compara\u00e7\u00e3o. Quando uma crian\u00e7a se destaca numa determinada \u00e1rea, a outra pode sentir-se ofuscada, levando a sentimentos de ci\u00fame ou ressentimento. Os pais podem tentar minimizar estas diferen\u00e7as, mas as crian\u00e7as reconhecem-nas instintivamente. Em vez de negar a realidade, reconhecer os pontos fortes de cada crian\u00e7a e ajud\u00e1-la a desenvolver a sua pr\u00f3pria identidade pode aliviar estas tens\u00f5es.   <\/p>\n\n<p>No entanto, a rivalidade \u00e9 apenas uma parte da hist\u00f3ria. Muitos irm\u00e3os sobredotados criam la\u00e7os fortes, apoiando-se e desafiando-se mutuamente de forma a promover o crescimento. Quando partilham interesses intelectuais, podem inspirar-se mutuamente e envolver-se em conversas significativas que os outros podem n\u00e3o compreender. Um ambiente familiar que encoraje a coopera\u00e7\u00e3o em vez da competi\u00e7\u00e3o ajuda os irm\u00e3os sobredotados a tornarem-se aliados uns dos outros em vez de rivais.   <\/p>\n\n<p>No entanto, os irm\u00e3os sobredotados tamb\u00e9m enfrentam desafios \u00fanicos. A crian\u00e7a que \u00e9 vista como &#8220;mais dotada&#8221; pode, involuntariamente, tornar-se o centro das aten\u00e7\u00f5es, fazendo com que a outra se sinta esquecida. Nalgumas fam\u00edlias, podem surgir pap\u00e9is r\u00edgidos &#8211; o &#8220;inteligente&#8221;, o &#8220;engra\u00e7ado&#8221; ou o &#8220;atl\u00e9tico&#8221; &#8211; o que pode limitar o desenvolvimento pessoal. As expectativas elevadas podem criar press\u00e3o, levando ao perfeccionismo e \u00e0 ansiedade, especialmente quando um dos irm\u00e3os sente que nunca est\u00e1 \u00e0 altura.   <\/p>\n\n<p>A chave para os pais \u00e9 promover um ambiente em que cada crian\u00e7a seja valorizada pela sua individualidade e n\u00e3o apenas pelos seus feitos. Ao encorajar a auto-express\u00e3o, validar as emo\u00e7\u00f5es e dar espa\u00e7o a cada crian\u00e7a para brilhar \u00e0 sua maneira, as fam\u00edlias podem transformar as rela\u00e7\u00f5es entre irm\u00e3os numa fonte de apoio e n\u00e3o de rivalidade. <\/p>\n","protected":false},"excerpt":{"rendered":"<p>Crescer com um irm\u00e3o sobredotado pode ser uma experi\u00eancia \u00fanica, cheia de emo\u00e7\u00f5es intensas, liga\u00e7\u00f5es profundas e, por vezes, lutas dif\u00edceis. Nas fam\u00edlias em que v\u00e1rias crian\u00e7as s\u00e3o sobredotadas, as diferen\u00e7as de compet\u00eancias, interesses e n\u00edveis de sucesso podem moldar as rela\u00e7\u00f5es entre irm\u00e3os de formas inesperadas. Alguns irm\u00e3os sobredotados acabam por ser apanhados num [&hellip;]<\/p>\n","protected":false},"author":1,"featured_media":19273,"parent":16413,"menu_order":0,"comment_status":"closed","ping_status":"closed","template":"","meta":{"_acf_changed":false,"inline_featured_image":false,"footnotes":""},"group-interest":[],"class_list":["post-19310","page","type-page","status-publish","has-post-thumbnail","hentry"],"acf":[],"yoast_head":"<!-- This site is optimized with the Yoast SEO plugin v27.4 - https:\/\/yoast.com\/product\/yoast-seo-wordpress\/ -->\n<title>Irm\u00e3os sobredotados: Rivalidade, Coopera\u00e7\u00e3o e Desafios \u00danicos - Gifted HUB<\/title>\n<meta name=\"robots\" content=\"index, follow, max-snippet:-1, max-image-preview:large, max-video-preview:-1\" \/>\n<link rel=\"canonical\" href=\"https:\/\/gifted-hub.com\/pt-pt\/familia\/irmaos-sobredotados-rivalidade-cooperacao-e-desafios-unicos\/\" \/>\n<meta property=\"og:locale\" content=\"pt_PT\" \/>\n<meta property=\"og:type\" content=\"article\" \/>\n<meta property=\"og:title\" content=\"Irm\u00e3os sobredotados: Rivalidade, Coopera\u00e7\u00e3o e Desafios \u00danicos - Gifted HUB\" \/>\n<meta property=\"og:description\" content=\"Crescer com um irm\u00e3o sobredotado pode ser uma experi\u00eancia \u00fanica, cheia de emo\u00e7\u00f5es intensas, liga\u00e7\u00f5es profundas e, por vezes, lutas dif\u00edceis. Nas fam\u00edlias em que v\u00e1rias crian\u00e7as s\u00e3o sobredotadas, as diferen\u00e7as de compet\u00eancias, interesses e n\u00edveis de sucesso podem moldar as rela\u00e7\u00f5es entre irm\u00e3os de formas inesperadas. Alguns irm\u00e3os sobredotados acabam por ser apanhados num [&hellip;]\" \/>\n<meta property=\"og:url\" content=\"https:\/\/gifted-hub.com\/pt-pt\/familia\/irmaos-sobredotados-rivalidade-cooperacao-e-desafios-unicos\/\" \/>\n<meta property=\"og:site_name\" content=\"Gifted HUB\" \/>\n<meta property=\"article:modified_time\" content=\"2025-03-17T18:48:14+00:00\" \/>\n<meta property=\"og:image\" content=\"https:\/\/gifted-hub.com\/wp-content\/uploads\/2025\/03\/7f_gsuxmioq-e1742235337419.jpg\" \/>\n\t<meta property=\"og:image:width\" content=\"1600\" \/>\n\t<meta property=\"og:image:height\" content=\"1067\" \/>\n\t<meta property=\"og:image:type\" content=\"image\/jpeg\" \/>\n<meta name=\"twitter:card\" content=\"summary_large_image\" \/>\n<meta name=\"twitter:label1\" content=\"Tempo estimado de leitura\" \/>\n\t<meta name=\"twitter:data1\" content=\"2 minutos\" \/>\n<script type=\"application\/ld+json\" class=\"yoast-schema-graph\">{\"@context\":\"https:\\\/\\\/schema.org\",\"@graph\":[{\"@type\":\"WebPage\",\"@id\":\"https:\\\/\\\/gifted-hub.com\\\/pt-pt\\\/familia\\\/irmaos-sobredotados-rivalidade-cooperacao-e-desafios-unicos\\\/\",\"url\":\"https:\\\/\\\/gifted-hub.com\\\/pt-pt\\\/familia\\\/irmaos-sobredotados-rivalidade-cooperacao-e-desafios-unicos\\\/\",\"name\":\"Irm\u00e3os sobredotados: Rivalidade, Coopera\u00e7\u00e3o e Desafios \u00danicos - Gifted HUB\",\"isPartOf\":{\"@id\":\"https:\\\/\\\/gifted-hub.com\\\/pt-pt\\\/#website\"},\"primaryImageOfPage\":{\"@id\":\"https:\\\/\\\/gifted-hub.com\\\/pt-pt\\\/familia\\\/irmaos-sobredotados-rivalidade-cooperacao-e-desafios-unicos\\\/#primaryimage\"},\"image\":{\"@id\":\"https:\\\/\\\/gifted-hub.com\\\/pt-pt\\\/familia\\\/irmaos-sobredotados-rivalidade-cooperacao-e-desafios-unicos\\\/#primaryimage\"},\"thumbnailUrl\":\"https:\\\/\\\/gifted-hub.com\\\/wp-content\\\/uploads\\\/2025\\\/03\\\/7f_gsuxmioq-e1742235337419.jpg\",\"datePublished\":\"2025-03-17T18:45:47+00:00\",\"dateModified\":\"2025-03-17T18:48:14+00:00\",\"breadcrumb\":{\"@id\":\"https:\\\/\\\/gifted-hub.com\\\/pt-pt\\\/familia\\\/irmaos-sobredotados-rivalidade-cooperacao-e-desafios-unicos\\\/#breadcrumb\"},\"inLanguage\":\"pt-PT\",\"potentialAction\":[{\"@type\":\"ReadAction\",\"target\":[\"https:\\\/\\\/gifted-hub.com\\\/pt-pt\\\/familia\\\/irmaos-sobredotados-rivalidade-cooperacao-e-desafios-unicos\\\/\"]}]},{\"@type\":\"ImageObject\",\"inLanguage\":\"pt-PT\",\"@id\":\"https:\\\/\\\/gifted-hub.com\\\/pt-pt\\\/familia\\\/irmaos-sobredotados-rivalidade-cooperacao-e-desafios-unicos\\\/#primaryimage\",\"url\":\"https:\\\/\\\/gifted-hub.com\\\/wp-content\\\/uploads\\\/2025\\\/03\\\/7f_gsuxmioq-e1742235337419.jpg\",\"contentUrl\":\"https:\\\/\\\/gifted-hub.com\\\/wp-content\\\/uploads\\\/2025\\\/03\\\/7f_gsuxmioq-e1742235337419.jpg\",\"width\":1600,\"height\":1067},{\"@type\":\"BreadcrumbList\",\"@id\":\"https:\\\/\\\/gifted-hub.com\\\/pt-pt\\\/familia\\\/irmaos-sobredotados-rivalidade-cooperacao-e-desafios-unicos\\\/#breadcrumb\",\"itemListElement\":[{\"@type\":\"ListItem\",\"position\":1,\"name\":\"Home\",\"item\":\"https:\\\/\\\/gifted-hub.com\\\/pt-pt\\\/inicio\\\/\"},{\"@type\":\"ListItem\",\"position\":2,\"name\":\"Fam\u00edlia\",\"item\":\"https:\\\/\\\/gifted-hub.com\\\/pt-pt\\\/familia\\\/\"},{\"@type\":\"ListItem\",\"position\":3,\"name\":\"Irm\u00e3os sobredotados: Rivalidade, Coopera\u00e7\u00e3o e Desafios \u00danicos\"}]},{\"@type\":\"WebSite\",\"@id\":\"https:\\\/\\\/gifted-hub.com\\\/pt-pt\\\/#website\",\"url\":\"https:\\\/\\\/gifted-hub.com\\\/pt-pt\\\/\",\"name\":\"Gifted HUB\",\"description\":\"A space for high abilities\",\"publisher\":{\"@id\":\"https:\\\/\\\/gifted-hub.com\\\/pt-pt\\\/#organization\"},\"potentialAction\":[{\"@type\":\"SearchAction\",\"target\":{\"@type\":\"EntryPoint\",\"urlTemplate\":\"https:\\\/\\\/gifted-hub.com\\\/pt-pt\\\/?s={search_term_string}\"},\"query-input\":{\"@type\":\"PropertyValueSpecification\",\"valueRequired\":true,\"valueName\":\"search_term_string\"}}],\"inLanguage\":\"pt-PT\"},{\"@type\":\"Organization\",\"@id\":\"https:\\\/\\\/gifted-hub.com\\\/pt-pt\\\/#organization\",\"name\":\"Gifted HUB\",\"url\":\"https:\\\/\\\/gifted-hub.com\\\/pt-pt\\\/\",\"logo\":{\"@type\":\"ImageObject\",\"inLanguage\":\"pt-PT\",\"@id\":\"https:\\\/\\\/gifted-hub.com\\\/pt-pt\\\/#\\\/schema\\\/logo\\\/image\\\/\",\"url\":\"https:\\\/\\\/gifted-hub.com\\\/wp-content\\\/uploads\\\/2024\\\/07\\\/logo-1.svg\",\"contentUrl\":\"https:\\\/\\\/gifted-hub.com\\\/wp-content\\\/uploads\\\/2024\\\/07\\\/logo-1.svg\",\"caption\":\"Gifted HUB\"},\"image\":{\"@id\":\"https:\\\/\\\/gifted-hub.com\\\/pt-pt\\\/#\\\/schema\\\/logo\\\/image\\\/\"}}]}<\/script>\n<!-- \/ Yoast SEO plugin. -->","yoast_head_json":{"title":"Irm\u00e3os sobredotados: Rivalidade, Coopera\u00e7\u00e3o e Desafios \u00danicos - Gifted HUB","robots":{"index":"index","follow":"follow","max-snippet":"max-snippet:-1","max-image-preview":"max-image-preview:large","max-video-preview":"max-video-preview:-1"},"canonical":"https:\/\/gifted-hub.com\/pt-pt\/familia\/irmaos-sobredotados-rivalidade-cooperacao-e-desafios-unicos\/","og_locale":"pt_PT","og_type":"article","og_title":"Irm\u00e3os sobredotados: Rivalidade, Coopera\u00e7\u00e3o e Desafios \u00danicos - Gifted HUB","og_description":"Crescer com um irm\u00e3o sobredotado pode ser uma experi\u00eancia \u00fanica, cheia de emo\u00e7\u00f5es intensas, liga\u00e7\u00f5es profundas e, por vezes, lutas dif\u00edceis. Nas fam\u00edlias em que v\u00e1rias crian\u00e7as s\u00e3o sobredotadas, as diferen\u00e7as de compet\u00eancias, interesses e n\u00edveis de sucesso podem moldar as rela\u00e7\u00f5es entre irm\u00e3os de formas inesperadas. Alguns irm\u00e3os sobredotados acabam por ser apanhados num [&hellip;]","og_url":"https:\/\/gifted-hub.com\/pt-pt\/familia\/irmaos-sobredotados-rivalidade-cooperacao-e-desafios-unicos\/","og_site_name":"Gifted HUB","article_modified_time":"2025-03-17T18:48:14+00:00","og_image":[{"width":1600,"height":1067,"url":"https:\/\/gifted-hub.com\/wp-content\/uploads\/2025\/03\/7f_gsuxmioq-e1742235337419.jpg","type":"image\/jpeg"}],"twitter_card":"summary_large_image","twitter_misc":{"Tempo estimado de leitura":"2 minutos"},"schema":{"@context":"https:\/\/schema.org","@graph":[{"@type":"WebPage","@id":"https:\/\/gifted-hub.com\/pt-pt\/familia\/irmaos-sobredotados-rivalidade-cooperacao-e-desafios-unicos\/","url":"https:\/\/gifted-hub.com\/pt-pt\/familia\/irmaos-sobredotados-rivalidade-cooperacao-e-desafios-unicos\/","name":"Irm\u00e3os sobredotados: Rivalidade, Coopera\u00e7\u00e3o e Desafios \u00danicos - Gifted HUB","isPartOf":{"@id":"https:\/\/gifted-hub.com\/pt-pt\/#website"},"primaryImageOfPage":{"@id":"https:\/\/gifted-hub.com\/pt-pt\/familia\/irmaos-sobredotados-rivalidade-cooperacao-e-desafios-unicos\/#primaryimage"},"image":{"@id":"https:\/\/gifted-hub.com\/pt-pt\/familia\/irmaos-sobredotados-rivalidade-cooperacao-e-desafios-unicos\/#primaryimage"},"thumbnailUrl":"https:\/\/gifted-hub.com\/wp-content\/uploads\/2025\/03\/7f_gsuxmioq-e1742235337419.jpg","datePublished":"2025-03-17T18:45:47+00:00","dateModified":"2025-03-17T18:48:14+00:00","breadcrumb":{"@id":"https:\/\/gifted-hub.com\/pt-pt\/familia\/irmaos-sobredotados-rivalidade-cooperacao-e-desafios-unicos\/#breadcrumb"},"inLanguage":"pt-PT","potentialAction":[{"@type":"ReadAction","target":["https:\/\/gifted-hub.com\/pt-pt\/familia\/irmaos-sobredotados-rivalidade-cooperacao-e-desafios-unicos\/"]}]},{"@type":"ImageObject","inLanguage":"pt-PT","@id":"https:\/\/gifted-hub.com\/pt-pt\/familia\/irmaos-sobredotados-rivalidade-cooperacao-e-desafios-unicos\/#primaryimage","url":"https:\/\/gifted-hub.com\/wp-content\/uploads\/2025\/03\/7f_gsuxmioq-e1742235337419.jpg","contentUrl":"https:\/\/gifted-hub.com\/wp-content\/uploads\/2025\/03\/7f_gsuxmioq-e1742235337419.jpg","width":1600,"height":1067},{"@type":"BreadcrumbList","@id":"https:\/\/gifted-hub.com\/pt-pt\/familia\/irmaos-sobredotados-rivalidade-cooperacao-e-desafios-unicos\/#breadcrumb","itemListElement":[{"@type":"ListItem","position":1,"name":"Home","item":"https:\/\/gifted-hub.com\/pt-pt\/inicio\/"},{"@type":"ListItem","position":2,"name":"Fam\u00edlia","item":"https:\/\/gifted-hub.com\/pt-pt\/familia\/"},{"@type":"ListItem","position":3,"name":"Irm\u00e3os sobredotados: Rivalidade, Coopera\u00e7\u00e3o e Desafios \u00danicos"}]},{"@type":"WebSite","@id":"https:\/\/gifted-hub.com\/pt-pt\/#website","url":"https:\/\/gifted-hub.com\/pt-pt\/","name":"Gifted HUB","description":"A space for high abilities","publisher":{"@id":"https:\/\/gifted-hub.com\/pt-pt\/#organization"},"potentialAction":[{"@type":"SearchAction","target":{"@type":"EntryPoint","urlTemplate":"https:\/\/gifted-hub.com\/pt-pt\/?s={search_term_string}"},"query-input":{"@type":"PropertyValueSpecification","valueRequired":true,"valueName":"search_term_string"}}],"inLanguage":"pt-PT"},{"@type":"Organization","@id":"https:\/\/gifted-hub.com\/pt-pt\/#organization","name":"Gifted HUB","url":"https:\/\/gifted-hub.com\/pt-pt\/","logo":{"@type":"ImageObject","inLanguage":"pt-PT","@id":"https:\/\/gifted-hub.com\/pt-pt\/#\/schema\/logo\/image\/","url":"https:\/\/gifted-hub.com\/wp-content\/uploads\/2024\/07\/logo-1.svg","contentUrl":"https:\/\/gifted-hub.com\/wp-content\/uploads\/2024\/07\/logo-1.svg","caption":"Gifted HUB"},"image":{"@id":"https:\/\/gifted-hub.com\/pt-pt\/#\/schema\/logo\/image\/"}}]}},"_links":{"self":[{"href":"https:\/\/gifted-hub.com\/pt-pt\/wp-json\/wp\/v2\/pages\/19310","targetHints":{"allow":["GET"]}}],"collection":[{"href":"https:\/\/gifted-hub.com\/pt-pt\/wp-json\/wp\/v2\/pages"}],"about":[{"href":"https:\/\/gifted-hub.com\/pt-pt\/wp-json\/wp\/v2\/types\/page"}],"author":[{"embeddable":true,"href":"https:\/\/gifted-hub.com\/pt-pt\/wp-json\/wp\/v2\/users\/1"}],"replies":[{"embeddable":true,"href":"https:\/\/gifted-hub.com\/pt-pt\/wp-json\/wp\/v2\/comments?post=19310"}],"version-history":[{"count":1,"href":"https:\/\/gifted-hub.com\/pt-pt\/wp-json\/wp\/v2\/pages\/19310\/revisions"}],"predecessor-version":[{"id":19312,"href":"https:\/\/gifted-hub.com\/pt-pt\/wp-json\/wp\/v2\/pages\/19310\/revisions\/19312"}],"up":[{"embeddable":true,"href":"https:\/\/gifted-hub.com\/pt-pt\/wp-json\/wp\/v2\/pages\/16413"}],"wp:featuredmedia":[{"embeddable":true,"href":"https:\/\/gifted-hub.com\/pt-pt\/wp-json\/wp\/v2\/media\/19273"}],"wp:attachment":[{"href":"https:\/\/gifted-hub.com\/pt-pt\/wp-json\/wp\/v2\/media?parent=19310"}],"wp:term":[{"taxonomy":"group-interest","embeddable":true,"href":"https:\/\/gifted-hub.com\/pt-pt\/wp-json\/wp\/v2\/group-interest?post=19310"}],"curies":[{"name":"wp","href":"https:\/\/api.w.org\/{rel}","templated":true}]}}