{"id":19205,"date":"2025-03-10T23:06:24","date_gmt":"2025-03-10T23:06:24","guid":{"rendered":"https:\/\/gifted-hub.com\/quebrar-o-ciclo-da-duvida-sindrome-do-impostor-em-individuos-sobredotados\/"},"modified":"2025-03-11T13:38:39","modified_gmt":"2025-03-11T13:38:39","slug":"quebrar-o-ciclo-da-duvida-sindrome-do-impostor-em-individuos-sobredotados","status":"publish","type":"page","link":"https:\/\/gifted-hub.com\/pt-pt\/individuos\/quebrar-o-ciclo-da-duvida-sindrome-do-impostor-em-individuos-sobredotados\/","title":{"rendered":"Quebrar o ciclo da d\u00favida: S\u00edndrome do Impostor em indiv\u00edduos sobredotados"},"content":{"rendered":"\n<p>A s\u00edndrome do impostor \u00e9 um sentimento persistente de d\u00favida, inseguran\u00e7a e medo de ser exposto como uma fraude, apesar de provas claras de sucesso e compet\u00eancia. Este fen\u00f3meno \u00e9 particularmente comum entre os <a href=\"https:\/\/gifted-hub.com\/pt-pt\/individuos\/\">indiv\u00edduos sobredotados<\/a>, que muitas vezes se debatem com grandes expectativas, tanto de si pr\u00f3prios como dos outros. Muitos deles acreditam que as suas realiza\u00e7\u00f5es se devem \u00e0 sorte, a factores externos ou ao puro esfor\u00e7o, e n\u00e3o \u00e0s suas pr\u00f3prias capacidades. Isto cria um ciclo em que, por muito que realizem, nunca se sentem verdadeiramente merecedores do seu sucesso.   <\/p>\n\n<p>Os alunos sobredotados sofrem frequentemente de perfeccionismo, o que pode intensificar os sentimentos de impostor. Estabelecem padr\u00f5es irrealistas para si pr\u00f3prios e sentem-se fracassados se n\u00e3o os atingirem. A sua autoestima fica ligada \u00e0s suas realiza\u00e7\u00f5es, tornando-os vulner\u00e1veis \u00e0 d\u00favida quando confrontados com desafios. Este perfeccionismo \u00e9 muitas vezes refor\u00e7ado por press\u00f5es externas de professores, colegas e familiares que esperam que eles sejam excelentes em tudo o que fazem. Como resultado, muitos indiv\u00edduos sobredotados sofrem de ansiedade, stress e esgotamento, sentindo que t\u00eam de provar constantemente o seu valor.    <\/p>\n\n<p><a href=\"https:\/\/gifted-hub.com\/pt-pt\/individuos\/o-autoconceito-de-individuos-superdotados\/\">A autoestima<\/a> desempenha um papel crucial na forma como a s\u00edndrome do impostor se manifesta. Quando os indiv\u00edduos sobredotados t\u00eam baixa autoestima, \u00e9 mais prov\u00e1vel que atribuam os seus sucessos a factores externos e os seus fracassos \u00e0 incompet\u00eancia pessoal. A forma como se percepcionam a si pr\u00f3prios influencia a confian\u00e7a que t\u00eam nas suas capacidades, tornando-os mais suscept\u00edveis a pensamentos impostores. Aqueles com maior auto-consci\u00eancia e auto-aceita\u00e7\u00e3o tendem a lidar melhor com estes sentimentos, uma vez que reconhecem as suas for\u00e7as e limita\u00e7\u00f5es de forma equilibrada.   <\/p>\n\n<p>Para os indiv\u00edduos duplamente excepcionais &#8211; aqueles que s\u00e3o simultaneamente sobredotados e t\u00eam uma dificuldade de aprendizagem &#8211; a s\u00edndrome do impostor pode ser ainda mais acentuada. Estes indiv\u00edduos recebem frequentemente mensagens contradit\u00f3rias sobre as suas capacidades, destacando-se nalgumas \u00e1reas e tendo dificuldades noutras. Isto pode lev\u00e1-los a sentirem-se como impostores, pois podem acreditar que o seu sucesso \u00e9 acidental e n\u00e3o um reflexo do seu verdadeiro potencial. As suas dificuldades em certas disciplinas ou situa\u00e7\u00f5es sociais podem refor\u00e7ar a ideia de que n\u00e3o s\u00e3o t\u00e3o capazes como os outros pensam que s\u00e3o.   <\/p>\n\n<p>O ambiente acad\u00e9mico desempenha um papel importante no desenvolvimento da s\u00edndrome do impostor entre os alunos sobredotados. Programas altamente competitivos e cursos de honra, onde os alunos est\u00e3o rodeados de colegas igualmente talentosos, podem criar um efeito de &#8220;peixe grande num lago maior&#8221;. Muitos indiv\u00edduos sobredotados, habituados a serem os melhores nos seus contextos anteriores, v\u00eaem-se de repente entre outros igualmente talentosos, o que os leva a duvidar de si pr\u00f3prios e a recear n\u00e3o estarem \u00e0 altura. A falta de reconhecimento pelo esfor\u00e7o, em vez de apenas pelos resultados, alimenta ainda mais o sentimento de fraude.   <\/p>\n\n<p><a href=\"https:\/\/gifted-hub.com\/pt-pt\/profissionais\/compreendendo-a-sobredotacao-e-a-cultura\/\">Os factores sociais e culturais<\/a> tamb\u00e9m contribuem para a s\u00edndrome do impostor. As expectativas de g\u00e9nero, as defini\u00e7\u00f5es sociais de sucesso e as ideias r\u00edgidas sobre a intelig\u00eancia podem ter impacto na forma como os indiv\u00edduos sobredotados se percepcionam a si pr\u00f3prios. Em particular, as mulheres e as minorias sub-representadas em \u00e1reas de alto rendimento enfrentam frequentemente desafios adicionais, uma vez que podem sentir a press\u00e3o de validar constantemente o seu lugar em espa\u00e7os onde est\u00e3o sub-representadas. Podem experimentar sentimentos de impostor mais intensos, acreditando que t\u00eam de trabalhar a dobrar para serem levados a s\u00e9rio.   <\/p>\n\n<p>Abordar a s\u00edndrome do impostor em indiv\u00edduos sobredotados requer uma combina\u00e7\u00e3o de auto-consci\u00eancia, sistemas de apoio e uma mudan\u00e7a de perspetiva. Incentivar a autorreflex\u00e3o e ajudar os indiv\u00edduos a reconhecerem os seus pontos fortes e contribui\u00e7\u00f5es reais pode atenuar os sentimentos de impostor. \u00c9 crucial construir resili\u00eancia normalizando as lutas e os fracassos como parte do processo de aprendizagem. As escolas e os educadores devem promover ambientes em que os alunos sobredotados se sintam valorizados para al\u00e9m das suas realiza\u00e7\u00f5es, dando \u00eanfase ao crescimento pessoal e \u00e0 auto-aceita\u00e7\u00e3o, em vez da valida\u00e7\u00e3o constante do desempenho. Ao reconhecer e abordar estes sentimentos, os indiv\u00edduos sobredotados podem desenvolver um auto-conceito mais saud\u00e1vel e libertar-se do ciclo de auto-d\u00favida que a s\u00edndrome do impostor cria.    <\/p>\n\n<p><br\/><\/p>\n","protected":false},"excerpt":{"rendered":"<p>A s\u00edndrome do impostor \u00e9 um sentimento persistente de d\u00favida, inseguran\u00e7a e medo de ser exposto como uma fraude, apesar de provas claras de sucesso e compet\u00eancia. Este fen\u00f3meno \u00e9 particularmente comum entre os indiv\u00edduos sobredotados, que muitas vezes se debatem com grandes expectativas, tanto de si pr\u00f3prios como dos outros. Muitos deles acreditam que [&hellip;]<\/p>\n","protected":false},"author":1,"featured_media":19113,"parent":16365,"menu_order":0,"comment_status":"closed","ping_status":"closed","template":"","meta":{"_acf_changed":false,"inline_featured_image":false,"footnotes":""},"group-interest":[],"class_list":["post-19205","page","type-page","status-publish","has-post-thumbnail","hentry"],"acf":[],"yoast_head":"<!-- This site is optimized with the Yoast SEO plugin v27.4 - https:\/\/yoast.com\/product\/yoast-seo-wordpress\/ -->\n<title>Quebrar o ciclo da d\u00favida: S\u00edndrome do Impostor em indiv\u00edduos sobredotados - Gifted HUB<\/title>\n<meta name=\"robots\" content=\"index, follow, max-snippet:-1, max-image-preview:large, max-video-preview:-1\" \/>\n<link rel=\"canonical\" href=\"https:\/\/gifted-hub.com\/pt-pt\/individuos\/quebrar-o-ciclo-da-duvida-sindrome-do-impostor-em-individuos-sobredotados\/\" \/>\n<meta property=\"og:locale\" content=\"pt_PT\" \/>\n<meta property=\"og:type\" content=\"article\" \/>\n<meta property=\"og:title\" content=\"Quebrar o ciclo da d\u00favida: S\u00edndrome do Impostor em indiv\u00edduos sobredotados - Gifted HUB\" \/>\n<meta property=\"og:description\" content=\"A s\u00edndrome do impostor \u00e9 um sentimento persistente de d\u00favida, inseguran\u00e7a e medo de ser exposto como uma fraude, apesar de provas claras de sucesso e compet\u00eancia. Este fen\u00f3meno \u00e9 particularmente comum entre os indiv\u00edduos sobredotados, que muitas vezes se debatem com grandes expectativas, tanto de si pr\u00f3prios como dos outros. Muitos deles acreditam que [&hellip;]\" \/>\n<meta property=\"og:url\" content=\"https:\/\/gifted-hub.com\/pt-pt\/individuos\/quebrar-o-ciclo-da-duvida-sindrome-do-impostor-em-individuos-sobredotados\/\" \/>\n<meta property=\"og:site_name\" content=\"Gifted HUB\" \/>\n<meta property=\"article:modified_time\" content=\"2025-03-11T13:38:39+00:00\" \/>\n<meta property=\"og:image\" content=\"https:\/\/gifted-hub.com\/wp-content\/uploads\/2025\/03\/6568116-e1741644600547.jpeg\" \/>\n\t<meta property=\"og:image:width\" content=\"800\" \/>\n\t<meta property=\"og:image:height\" content=\"1200\" \/>\n\t<meta property=\"og:image:type\" content=\"image\/jpeg\" \/>\n<meta name=\"twitter:card\" content=\"summary_large_image\" \/>\n<meta name=\"twitter:label1\" content=\"Tempo estimado de leitura\" \/>\n\t<meta name=\"twitter:data1\" content=\"4 minutos\" \/>\n<script type=\"application\/ld+json\" class=\"yoast-schema-graph\">{\"@context\":\"https:\\\/\\\/schema.org\",\"@graph\":[{\"@type\":\"WebPage\",\"@id\":\"https:\\\/\\\/gifted-hub.com\\\/pt-pt\\\/individuos\\\/quebrar-o-ciclo-da-duvida-sindrome-do-impostor-em-individuos-sobredotados\\\/\",\"url\":\"https:\\\/\\\/gifted-hub.com\\\/pt-pt\\\/individuos\\\/quebrar-o-ciclo-da-duvida-sindrome-do-impostor-em-individuos-sobredotados\\\/\",\"name\":\"Quebrar o ciclo da d\u00favida: S\u00edndrome do Impostor em indiv\u00edduos sobredotados - Gifted HUB\",\"isPartOf\":{\"@id\":\"https:\\\/\\\/gifted-hub.com\\\/pt-pt\\\/#website\"},\"primaryImageOfPage\":{\"@id\":\"https:\\\/\\\/gifted-hub.com\\\/pt-pt\\\/individuos\\\/quebrar-o-ciclo-da-duvida-sindrome-do-impostor-em-individuos-sobredotados\\\/#primaryimage\"},\"image\":{\"@id\":\"https:\\\/\\\/gifted-hub.com\\\/pt-pt\\\/individuos\\\/quebrar-o-ciclo-da-duvida-sindrome-do-impostor-em-individuos-sobredotados\\\/#primaryimage\"},\"thumbnailUrl\":\"https:\\\/\\\/gifted-hub.com\\\/wp-content\\\/uploads\\\/2025\\\/03\\\/6568116-e1741644600547.jpeg\",\"datePublished\":\"2025-03-10T23:06:24+00:00\",\"dateModified\":\"2025-03-11T13:38:39+00:00\",\"breadcrumb\":{\"@id\":\"https:\\\/\\\/gifted-hub.com\\\/pt-pt\\\/individuos\\\/quebrar-o-ciclo-da-duvida-sindrome-do-impostor-em-individuos-sobredotados\\\/#breadcrumb\"},\"inLanguage\":\"pt-PT\",\"potentialAction\":[{\"@type\":\"ReadAction\",\"target\":[\"https:\\\/\\\/gifted-hub.com\\\/pt-pt\\\/individuos\\\/quebrar-o-ciclo-da-duvida-sindrome-do-impostor-em-individuos-sobredotados\\\/\"]}]},{\"@type\":\"ImageObject\",\"inLanguage\":\"pt-PT\",\"@id\":\"https:\\\/\\\/gifted-hub.com\\\/pt-pt\\\/individuos\\\/quebrar-o-ciclo-da-duvida-sindrome-do-impostor-em-individuos-sobredotados\\\/#primaryimage\",\"url\":\"https:\\\/\\\/gifted-hub.com\\\/wp-content\\\/uploads\\\/2025\\\/03\\\/6568116-e1741644600547.jpeg\",\"contentUrl\":\"https:\\\/\\\/gifted-hub.com\\\/wp-content\\\/uploads\\\/2025\\\/03\\\/6568116-e1741644600547.jpeg\",\"width\":800,\"height\":1200},{\"@type\":\"BreadcrumbList\",\"@id\":\"https:\\\/\\\/gifted-hub.com\\\/pt-pt\\\/individuos\\\/quebrar-o-ciclo-da-duvida-sindrome-do-impostor-em-individuos-sobredotados\\\/#breadcrumb\",\"itemListElement\":[{\"@type\":\"ListItem\",\"position\":1,\"name\":\"Home\",\"item\":\"https:\\\/\\\/gifted-hub.com\\\/pt-pt\\\/inicio\\\/\"},{\"@type\":\"ListItem\",\"position\":2,\"name\":\"Quebrar o ciclo da d\u00favida: S\u00edndrome do Impostor em indiv\u00edduos sobredotados\"}]},{\"@type\":\"WebSite\",\"@id\":\"https:\\\/\\\/gifted-hub.com\\\/pt-pt\\\/#website\",\"url\":\"https:\\\/\\\/gifted-hub.com\\\/pt-pt\\\/\",\"name\":\"Gifted HUB\",\"description\":\"A space for high abilities\",\"publisher\":{\"@id\":\"https:\\\/\\\/gifted-hub.com\\\/pt-pt\\\/#organization\"},\"potentialAction\":[{\"@type\":\"SearchAction\",\"target\":{\"@type\":\"EntryPoint\",\"urlTemplate\":\"https:\\\/\\\/gifted-hub.com\\\/pt-pt\\\/?s={search_term_string}\"},\"query-input\":{\"@type\":\"PropertyValueSpecification\",\"valueRequired\":true,\"valueName\":\"search_term_string\"}}],\"inLanguage\":\"pt-PT\"},{\"@type\":\"Organization\",\"@id\":\"https:\\\/\\\/gifted-hub.com\\\/pt-pt\\\/#organization\",\"name\":\"Gifted HUB\",\"url\":\"https:\\\/\\\/gifted-hub.com\\\/pt-pt\\\/\",\"logo\":{\"@type\":\"ImageObject\",\"inLanguage\":\"pt-PT\",\"@id\":\"https:\\\/\\\/gifted-hub.com\\\/pt-pt\\\/#\\\/schema\\\/logo\\\/image\\\/\",\"url\":\"https:\\\/\\\/gifted-hub.com\\\/wp-content\\\/uploads\\\/2024\\\/07\\\/logo-1.svg\",\"contentUrl\":\"https:\\\/\\\/gifted-hub.com\\\/wp-content\\\/uploads\\\/2024\\\/07\\\/logo-1.svg\",\"caption\":\"Gifted HUB\"},\"image\":{\"@id\":\"https:\\\/\\\/gifted-hub.com\\\/pt-pt\\\/#\\\/schema\\\/logo\\\/image\\\/\"}}]}<\/script>\n<!-- \/ Yoast SEO plugin. -->","yoast_head_json":{"title":"Quebrar o ciclo da d\u00favida: S\u00edndrome do Impostor em indiv\u00edduos sobredotados - Gifted HUB","robots":{"index":"index","follow":"follow","max-snippet":"max-snippet:-1","max-image-preview":"max-image-preview:large","max-video-preview":"max-video-preview:-1"},"canonical":"https:\/\/gifted-hub.com\/pt-pt\/individuos\/quebrar-o-ciclo-da-duvida-sindrome-do-impostor-em-individuos-sobredotados\/","og_locale":"pt_PT","og_type":"article","og_title":"Quebrar o ciclo da d\u00favida: S\u00edndrome do Impostor em indiv\u00edduos sobredotados - Gifted HUB","og_description":"A s\u00edndrome do impostor \u00e9 um sentimento persistente de d\u00favida, inseguran\u00e7a e medo de ser exposto como uma fraude, apesar de provas claras de sucesso e compet\u00eancia. Este fen\u00f3meno \u00e9 particularmente comum entre os indiv\u00edduos sobredotados, que muitas vezes se debatem com grandes expectativas, tanto de si pr\u00f3prios como dos outros. Muitos deles acreditam que [&hellip;]","og_url":"https:\/\/gifted-hub.com\/pt-pt\/individuos\/quebrar-o-ciclo-da-duvida-sindrome-do-impostor-em-individuos-sobredotados\/","og_site_name":"Gifted HUB","article_modified_time":"2025-03-11T13:38:39+00:00","og_image":[{"width":800,"height":1200,"url":"https:\/\/gifted-hub.com\/wp-content\/uploads\/2025\/03\/6568116-e1741644600547.jpeg","type":"image\/jpeg"}],"twitter_card":"summary_large_image","twitter_misc":{"Tempo estimado de leitura":"4 minutos"},"schema":{"@context":"https:\/\/schema.org","@graph":[{"@type":"WebPage","@id":"https:\/\/gifted-hub.com\/pt-pt\/individuos\/quebrar-o-ciclo-da-duvida-sindrome-do-impostor-em-individuos-sobredotados\/","url":"https:\/\/gifted-hub.com\/pt-pt\/individuos\/quebrar-o-ciclo-da-duvida-sindrome-do-impostor-em-individuos-sobredotados\/","name":"Quebrar o ciclo da d\u00favida: S\u00edndrome do Impostor em indiv\u00edduos sobredotados - Gifted HUB","isPartOf":{"@id":"https:\/\/gifted-hub.com\/pt-pt\/#website"},"primaryImageOfPage":{"@id":"https:\/\/gifted-hub.com\/pt-pt\/individuos\/quebrar-o-ciclo-da-duvida-sindrome-do-impostor-em-individuos-sobredotados\/#primaryimage"},"image":{"@id":"https:\/\/gifted-hub.com\/pt-pt\/individuos\/quebrar-o-ciclo-da-duvida-sindrome-do-impostor-em-individuos-sobredotados\/#primaryimage"},"thumbnailUrl":"https:\/\/gifted-hub.com\/wp-content\/uploads\/2025\/03\/6568116-e1741644600547.jpeg","datePublished":"2025-03-10T23:06:24+00:00","dateModified":"2025-03-11T13:38:39+00:00","breadcrumb":{"@id":"https:\/\/gifted-hub.com\/pt-pt\/individuos\/quebrar-o-ciclo-da-duvida-sindrome-do-impostor-em-individuos-sobredotados\/#breadcrumb"},"inLanguage":"pt-PT","potentialAction":[{"@type":"ReadAction","target":["https:\/\/gifted-hub.com\/pt-pt\/individuos\/quebrar-o-ciclo-da-duvida-sindrome-do-impostor-em-individuos-sobredotados\/"]}]},{"@type":"ImageObject","inLanguage":"pt-PT","@id":"https:\/\/gifted-hub.com\/pt-pt\/individuos\/quebrar-o-ciclo-da-duvida-sindrome-do-impostor-em-individuos-sobredotados\/#primaryimage","url":"https:\/\/gifted-hub.com\/wp-content\/uploads\/2025\/03\/6568116-e1741644600547.jpeg","contentUrl":"https:\/\/gifted-hub.com\/wp-content\/uploads\/2025\/03\/6568116-e1741644600547.jpeg","width":800,"height":1200},{"@type":"BreadcrumbList","@id":"https:\/\/gifted-hub.com\/pt-pt\/individuos\/quebrar-o-ciclo-da-duvida-sindrome-do-impostor-em-individuos-sobredotados\/#breadcrumb","itemListElement":[{"@type":"ListItem","position":1,"name":"Home","item":"https:\/\/gifted-hub.com\/pt-pt\/inicio\/"},{"@type":"ListItem","position":2,"name":"Quebrar o ciclo da d\u00favida: S\u00edndrome do Impostor em indiv\u00edduos sobredotados"}]},{"@type":"WebSite","@id":"https:\/\/gifted-hub.com\/pt-pt\/#website","url":"https:\/\/gifted-hub.com\/pt-pt\/","name":"Gifted HUB","description":"A space for high abilities","publisher":{"@id":"https:\/\/gifted-hub.com\/pt-pt\/#organization"},"potentialAction":[{"@type":"SearchAction","target":{"@type":"EntryPoint","urlTemplate":"https:\/\/gifted-hub.com\/pt-pt\/?s={search_term_string}"},"query-input":{"@type":"PropertyValueSpecification","valueRequired":true,"valueName":"search_term_string"}}],"inLanguage":"pt-PT"},{"@type":"Organization","@id":"https:\/\/gifted-hub.com\/pt-pt\/#organization","name":"Gifted HUB","url":"https:\/\/gifted-hub.com\/pt-pt\/","logo":{"@type":"ImageObject","inLanguage":"pt-PT","@id":"https:\/\/gifted-hub.com\/pt-pt\/#\/schema\/logo\/image\/","url":"https:\/\/gifted-hub.com\/wp-content\/uploads\/2024\/07\/logo-1.svg","contentUrl":"https:\/\/gifted-hub.com\/wp-content\/uploads\/2024\/07\/logo-1.svg","caption":"Gifted HUB"},"image":{"@id":"https:\/\/gifted-hub.com\/pt-pt\/#\/schema\/logo\/image\/"}}]}},"_links":{"self":[{"href":"https:\/\/gifted-hub.com\/pt-pt\/wp-json\/wp\/v2\/pages\/19205","targetHints":{"allow":["GET"]}}],"collection":[{"href":"https:\/\/gifted-hub.com\/pt-pt\/wp-json\/wp\/v2\/pages"}],"about":[{"href":"https:\/\/gifted-hub.com\/pt-pt\/wp-json\/wp\/v2\/types\/page"}],"author":[{"embeddable":true,"href":"https:\/\/gifted-hub.com\/pt-pt\/wp-json\/wp\/v2\/users\/1"}],"replies":[{"embeddable":true,"href":"https:\/\/gifted-hub.com\/pt-pt\/wp-json\/wp\/v2\/comments?post=19205"}],"version-history":[{"count":1,"href":"https:\/\/gifted-hub.com\/pt-pt\/wp-json\/wp\/v2\/pages\/19205\/revisions"}],"predecessor-version":[{"id":19206,"href":"https:\/\/gifted-hub.com\/pt-pt\/wp-json\/wp\/v2\/pages\/19205\/revisions\/19206"}],"up":[{"embeddable":true,"href":"https:\/\/gifted-hub.com\/pt-pt\/wp-json\/wp\/v2\/pages\/16365"}],"wp:featuredmedia":[{"embeddable":true,"href":"https:\/\/gifted-hub.com\/pt-pt\/wp-json\/wp\/v2\/media\/19113"}],"wp:attachment":[{"href":"https:\/\/gifted-hub.com\/pt-pt\/wp-json\/wp\/v2\/media?parent=19205"}],"wp:term":[{"taxonomy":"group-interest","embeddable":true,"href":"https:\/\/gifted-hub.com\/pt-pt\/wp-json\/wp\/v2\/group-interest?post=19205"}],"curies":[{"name":"wp","href":"https:\/\/api.w.org\/{rel}","templated":true}]}}