{"id":19098,"date":"2025-01-24T18:59:35","date_gmt":"2025-01-24T18:59:35","guid":{"rendered":"https:\/\/gifted-hub.com\/profissionais\/identificar-jovens-potencialmente-sobredotados-um-guia-abrangente\/"},"modified":"2025-01-24T19:13:33","modified_gmt":"2025-01-24T19:13:33","slug":"identificar-jovens-potencialmente-sobredotados-um-guia-abrangente","status":"publish","type":"page","link":"https:\/\/gifted-hub.com\/pt-pt\/profissionais\/identificar-jovens-potencialmente-sobredotados-um-guia-abrangente\/","title":{"rendered":"Identificar Jovens Potencialmente Sobredotados: Um guia abrangente"},"content":{"rendered":"\n<p>Este guia fornece uma explica\u00e7\u00e3o clara e passo a passo de como identificar jovens potencialmente dotados, detalhando cada fase e as avalia\u00e7\u00f5es envolvidas. <\/p>\n\n<h3 class=\"wp-block-heading\" id=\"understanding-giftedness\"><strong>Compreender a sobredota\u00e7\u00e3o<\/strong><\/h3>\n\n<p>A sobredota\u00e7\u00e3o n\u00e3o \u00e9 definida de forma uniforme e varia frequentemente consoante as culturas e as institui\u00e7\u00f5es. No entanto, a ideia central gira em torno dos alunos que demonstram capacidades ou potencialidades excepcionais nos dom\u00ednios intelectual, criativo, art\u00edstico ou de lideran\u00e7a. <\/p>\n\n<p>\u00c9 essencial notar que a sobredota\u00e7\u00e3o se manifesta de forma diferente, especialmente entre grupos economicamente desfavorecidos ou culturalmente diversos. Por conseguinte, qualquer processo de identifica\u00e7\u00e3o deve ser sens\u00edvel a estas varia\u00e7\u00f5es. <\/p>\n\n<h3 class=\"wp-block-heading\" id=\"phases-of-the-identification-process\"><strong>Fases do processo de identifica\u00e7\u00e3o<\/strong><\/h3>\n\n<p>O processo de identifica\u00e7\u00e3o pode ser dividido em tr\u00eas fases distintas:<\/p>\n\n<h4 class=\"wp-block-heading\" id=\"1-screening-phase\"><strong>1. Fase de sele\u00e7\u00e3o<\/strong><\/h4>\n\n<p>O objetivo desta fase \u00e9 identificar um grupo de candidatos de alunos que demonstrem potencial de sobredota\u00e7\u00e3o.<\/p>\n\n<ul class=\"wp-block-list\">\n<li><strong>Observa\u00e7\u00e3o da sala de aula<\/strong>\n<ul class=\"wp-block-list\">\n<li>Os educadores observam os alunos tanto em ambientes acad\u00e9micos estruturados como em ambientes de brincadeira livre.<\/li>\n\n\n\n<li>As observa\u00e7\u00f5es centram-se em carater\u00edsticas como a criatividade, a capacidade de resolu\u00e7\u00e3o de problemas e a persist\u00eancia.<\/li>\n<\/ul>\n<\/li>\n\n\n\n<li><strong>Actividades de enriquecimento multiculturais baseadas no curr\u00edculo<\/strong>\n<ul class=\"wp-block-list\">\n<li>As actividades incluem a narra\u00e7\u00e3o de hist\u00f3rias e tarefas de acompanhamento (por exemplo, desafios art\u00edsticos, lingu\u00edsticos ou matem\u00e1ticos).<\/li>\n\n\n\n<li>Estas ajudam a real\u00e7ar comportamentos e compet\u00eancias que n\u00e3o s\u00e3o habitualmente exibidos nas tarefas tradicionais da sala de aula.<\/li>\n<\/ul>\n<\/li>\n\n\n\n<li><strong>Teste do desenho de uma pessoa<\/strong>\n<ul class=\"wp-block-list\">\n<li>Um teste padronizado que avalia os n\u00edveis de desenvolvimento e a criatividade figural.<\/li>\n<\/ul>\n<\/li>\n\n\n\n<li><strong>Avalia\u00e7\u00e3o do portef\u00f3lio<\/strong>\n<ul class=\"wp-block-list\">\n<li>Os professores compilam exemplos do trabalho de um aluno ao longo do tempo.<\/li>\n\n\n\n<li>Os pais contribuem atrav\u00e9s de cart\u00f5es &#8220;Deixa-me contar-te sobre o meu filho&#8221;, onde descrevem comportamentos ou talentos observados em casa.<\/li>\n<\/ul>\n<\/li>\n\n\n\n<li><strong>Nomea\u00e7\u00f5es de professores<\/strong>\n<ul class=\"wp-block-list\">\n<li>Os professores nomeiam os alunos com base em pareceres e observa\u00e7\u00f5es profissionais.<\/li>\n<\/ul>\n<\/li>\n<\/ul>\n\n<p>No final desta fase, a equipa seleciona um vasto conjunto de candidatos para uma avalia\u00e7\u00e3o mais aprofundada.<\/p>\n\n<h4 class=\"wp-block-heading\" id=\"2-diagnostic-assessment-phase\"><strong>2. Fase de avalia\u00e7\u00e3o diagn\u00f3stica<\/strong><\/h4>\n\n<p>Esta fase envolve testes mais profundos e individualizados para criar perfis detalhados do potencial de sobredota\u00e7\u00e3o.<\/p>\n\n<ul class=\"wp-block-list\">\n<li><strong>Avalia\u00e7\u00e3o din\u00e2mica (tarefa de matriz)<\/strong>\n<ul class=\"wp-block-list\">\n<li>Baseado na &#8220;zona de desenvolvimento proximal&#8221; de Vygotsky, este teste avalia a forma como os alunos aprendem e aplicam estrat\u00e9gias quando recebem um m\u00ednimo de orienta\u00e7\u00e3o.<\/li>\n<\/ul>\n<\/li>\n\n\n\n<li><strong>Testes padronizados<\/strong>\n<ul class=\"wp-block-list\">\n<li><em>Teste de vocabul\u00e1rio com imagens Peabody (PPVT)<\/em>: Mede o vocabul\u00e1rio recetivo.<\/li>\n\n\n\n<li><em>Teste de Aptid\u00e3o Matem\u00e1tica Precoce (TEMA)<\/em>: Avalia as capacidades e o racioc\u00ednio matem\u00e1tico.<\/li>\n\n\n\n<li><em>Test of Early Reading Ability (TERA)<\/em>: avalia a pr\u00e9-leitura e as compet\u00eancias de leitura.<\/li>\n<\/ul>\n<\/li>\n\n\n\n<li><strong>Actividades baseadas na literatura<\/strong>\n<ul class=\"wp-block-list\">\n<li>Utilizando hist\u00f3rias abertas, os educadores avaliam o racioc\u00ednio l\u00f3gico, a imagina\u00e7\u00e3o e as respostas emocionais.<\/li>\n<\/ul>\n<\/li>\n\n\n\n<li><strong>Entrevistas com crian\u00e7as<\/strong>\n<ul class=\"wp-block-list\">\n<li>Os alunos partilham ideias sobre as suas aspira\u00e7\u00f5es, processos de pensamento e consci\u00eancia metacognitiva.<\/li>\n<\/ul>\n<\/li>\n<\/ul>\n\n<p>Os resultados desta fase incluem um perfil acad\u00e9mico de cada candidato.<\/p>\n\n<h4 class=\"wp-block-heading\" id=\"3-case-study-and-placement-phase\"><strong>3. Estudo de caso e fase de coloca\u00e7\u00e3o<\/strong><\/h4>\n\n<p>Esta fase centra-se nas decis\u00f5es finais sobre a coloca\u00e7\u00e3o e o apoio aos alunos identificados.<\/p>\n\n<ul class=\"wp-block-list\">\n<li><strong>An\u00e1lise do estudo de caso<\/strong>\n<ul class=\"wp-block-list\">\n<li>Uma an\u00e1lise exaustiva do portef\u00f3lio e dos resultados dos testes de cada aluno.<\/li>\n\n\n\n<li>As decis\u00f5es baseiam-se em provas documentadas e n\u00e3o em classifica\u00e7\u00f5es compostas.<\/li>\n<\/ul>\n<\/li>\n\n\n\n<li><strong>Op\u00e7\u00f5es de coloca\u00e7\u00e3o<\/strong>\n<ul class=\"wp-block-list\">\n<li><em>Sem coloca\u00e7\u00e3o especial<\/em>: os alunos podem permanecer nas salas de aula gerais com acompanhamento cont\u00ednuo.<\/li>\n\n\n\n<li><em>Servi\u00e7os de transi\u00e7\u00e3o<\/em>: Programas direcionados para ajudar os alunos a desenvolver capacidades latentes.<\/li>\n\n\n\n<li><em>Programas para sobredotados<\/em>: coloca\u00e7\u00e3o em turmas especializadas para alunos sobredotados.<\/li>\n<\/ul>\n<\/li>\n\n\n\n<li><strong>Envolvimento dos pais<\/strong>\n<ul class=\"wp-block-list\">\n<li>Os pais s\u00e3o informados dos resultados e encorajados a participar no percurso educativo dos seus filhos atrav\u00e9s de workshops e de um envolvimento ativo.<\/li>\n<\/ul>\n<\/li>\n<\/ul>\n\n<p><strong>Conclus\u00e3o<\/strong><\/p>\n\n<p>A identifica\u00e7\u00e3o de alunos sobredotados exige empenho e uma abordagem estruturada. Ao centrarem-se na observa\u00e7\u00e3o, em avalia\u00e7\u00f5es din\u00e2micas e em pr\u00e1ticas inclusivas, os educadores podem garantir que nenhum aluno com potencial excecional \u00e9 ignorado. este processo abrangente n\u00e3o s\u00f3 identifica o talento como tamb\u00e9m o alimenta, preparando o terreno para a aprendizagem e o sucesso ao longo da vida.  <\/p>\n","protected":false},"excerpt":{"rendered":"<p>Este guia fornece uma explica\u00e7\u00e3o clara e passo a passo de como identificar jovens potencialmente dotados, detalhando cada fase e as avalia\u00e7\u00f5es envolvidas. Compreender a sobredota\u00e7\u00e3o A sobredota\u00e7\u00e3o n\u00e3o \u00e9 definida de forma uniforme e varia frequentemente consoante as culturas e as institui\u00e7\u00f5es. No entanto, a ideia central gira em torno dos alunos que demonstram [&hellip;]<\/p>\n","protected":false},"author":1,"featured_media":19075,"parent":16682,"menu_order":0,"comment_status":"closed","ping_status":"closed","template":"","meta":{"_acf_changed":false,"inline_featured_image":false,"footnotes":""},"group-interest":[],"class_list":["post-19098","page","type-page","status-publish","has-post-thumbnail","hentry"],"acf":[],"yoast_head":"<!-- This site is optimized with the Yoast SEO plugin v27.4 - https:\/\/yoast.com\/product\/yoast-seo-wordpress\/ -->\n<title>Identificar Jovens Potencialmente Sobredotados: Um guia abrangente - Gifted HUB<\/title>\n<meta name=\"robots\" content=\"index, follow, max-snippet:-1, max-image-preview:large, max-video-preview:-1\" \/>\n<link rel=\"canonical\" href=\"https:\/\/gifted-hub.com\/pt-pt\/profissionais\/identificar-jovens-potencialmente-sobredotados-um-guia-abrangente\/\" \/>\n<meta property=\"og:locale\" content=\"pt_PT\" \/>\n<meta property=\"og:type\" content=\"article\" \/>\n<meta property=\"og:title\" content=\"Identificar Jovens Potencialmente Sobredotados: Um guia abrangente - Gifted HUB\" \/>\n<meta property=\"og:description\" content=\"Este guia fornece uma explica\u00e7\u00e3o clara e passo a passo de como identificar jovens potencialmente dotados, detalhando cada fase e as avalia\u00e7\u00f5es envolvidas. Compreender a sobredota\u00e7\u00e3o A sobredota\u00e7\u00e3o n\u00e3o \u00e9 definida de forma uniforme e varia frequentemente consoante as culturas e as institui\u00e7\u00f5es. No entanto, a ideia central gira em torno dos alunos que demonstram [&hellip;]\" \/>\n<meta property=\"og:url\" content=\"https:\/\/gifted-hub.com\/pt-pt\/profissionais\/identificar-jovens-potencialmente-sobredotados-um-guia-abrangente\/\" \/>\n<meta property=\"og:site_name\" content=\"Gifted HUB\" \/>\n<meta property=\"article:modified_time\" content=\"2025-01-24T19:13:33+00:00\" \/>\n<meta property=\"og:image\" content=\"https:\/\/gifted-hub.com\/wp-content\/uploads\/2025\/01\/5428830.jpeg\" \/>\n\t<meta property=\"og:image:width\" content=\"1600\" \/>\n\t<meta property=\"og:image:height\" content=\"1068\" \/>\n\t<meta property=\"og:image:type\" content=\"image\/jpeg\" \/>\n<meta name=\"twitter:card\" content=\"summary_large_image\" \/>\n<meta name=\"twitter:label1\" content=\"Tempo estimado de leitura\" \/>\n\t<meta name=\"twitter:data1\" content=\"4 minutos\" \/>\n<script type=\"application\/ld+json\" class=\"yoast-schema-graph\">{\"@context\":\"https:\\\/\\\/schema.org\",\"@graph\":[{\"@type\":\"WebPage\",\"@id\":\"https:\\\/\\\/gifted-hub.com\\\/pt-pt\\\/profissionais\\\/identificar-jovens-potencialmente-sobredotados-um-guia-abrangente\\\/\",\"url\":\"https:\\\/\\\/gifted-hub.com\\\/pt-pt\\\/profissionais\\\/identificar-jovens-potencialmente-sobredotados-um-guia-abrangente\\\/\",\"name\":\"Identificar Jovens Potencialmente Sobredotados: Um guia abrangente - Gifted HUB\",\"isPartOf\":{\"@id\":\"https:\\\/\\\/gifted-hub.com\\\/pt-pt\\\/#website\"},\"primaryImageOfPage\":{\"@id\":\"https:\\\/\\\/gifted-hub.com\\\/pt-pt\\\/profissionais\\\/identificar-jovens-potencialmente-sobredotados-um-guia-abrangente\\\/#primaryimage\"},\"image\":{\"@id\":\"https:\\\/\\\/gifted-hub.com\\\/pt-pt\\\/profissionais\\\/identificar-jovens-potencialmente-sobredotados-um-guia-abrangente\\\/#primaryimage\"},\"thumbnailUrl\":\"https:\\\/\\\/gifted-hub.com\\\/wp-content\\\/uploads\\\/2025\\\/01\\\/5428830.jpeg\",\"datePublished\":\"2025-01-24T18:59:35+00:00\",\"dateModified\":\"2025-01-24T19:13:33+00:00\",\"breadcrumb\":{\"@id\":\"https:\\\/\\\/gifted-hub.com\\\/pt-pt\\\/profissionais\\\/identificar-jovens-potencialmente-sobredotados-um-guia-abrangente\\\/#breadcrumb\"},\"inLanguage\":\"pt-PT\",\"potentialAction\":[{\"@type\":\"ReadAction\",\"target\":[\"https:\\\/\\\/gifted-hub.com\\\/pt-pt\\\/profissionais\\\/identificar-jovens-potencialmente-sobredotados-um-guia-abrangente\\\/\"]}]},{\"@type\":\"ImageObject\",\"inLanguage\":\"pt-PT\",\"@id\":\"https:\\\/\\\/gifted-hub.com\\\/pt-pt\\\/profissionais\\\/identificar-jovens-potencialmente-sobredotados-um-guia-abrangente\\\/#primaryimage\",\"url\":\"https:\\\/\\\/gifted-hub.com\\\/wp-content\\\/uploads\\\/2025\\\/01\\\/5428830.jpeg\",\"contentUrl\":\"https:\\\/\\\/gifted-hub.com\\\/wp-content\\\/uploads\\\/2025\\\/01\\\/5428830.jpeg\",\"width\":1600,\"height\":1068},{\"@type\":\"BreadcrumbList\",\"@id\":\"https:\\\/\\\/gifted-hub.com\\\/pt-pt\\\/profissionais\\\/identificar-jovens-potencialmente-sobredotados-um-guia-abrangente\\\/#breadcrumb\",\"itemListElement\":[{\"@type\":\"ListItem\",\"position\":1,\"name\":\"Home\",\"item\":\"https:\\\/\\\/gifted-hub.com\\\/pt-pt\\\/inicio\\\/\"},{\"@type\":\"ListItem\",\"position\":2,\"name\":\"Profissionais\",\"item\":\"https:\\\/\\\/gifted-hub.com\\\/pt-pt\\\/profissionais\\\/\"},{\"@type\":\"ListItem\",\"position\":3,\"name\":\"Identificar Jovens Potencialmente Sobredotados: Um guia abrangente\"}]},{\"@type\":\"WebSite\",\"@id\":\"https:\\\/\\\/gifted-hub.com\\\/pt-pt\\\/#website\",\"url\":\"https:\\\/\\\/gifted-hub.com\\\/pt-pt\\\/\",\"name\":\"Gifted HUB\",\"description\":\"A space for high abilities\",\"publisher\":{\"@id\":\"https:\\\/\\\/gifted-hub.com\\\/pt-pt\\\/#organization\"},\"potentialAction\":[{\"@type\":\"SearchAction\",\"target\":{\"@type\":\"EntryPoint\",\"urlTemplate\":\"https:\\\/\\\/gifted-hub.com\\\/pt-pt\\\/?s={search_term_string}\"},\"query-input\":{\"@type\":\"PropertyValueSpecification\",\"valueRequired\":true,\"valueName\":\"search_term_string\"}}],\"inLanguage\":\"pt-PT\"},{\"@type\":\"Organization\",\"@id\":\"https:\\\/\\\/gifted-hub.com\\\/pt-pt\\\/#organization\",\"name\":\"Gifted HUB\",\"url\":\"https:\\\/\\\/gifted-hub.com\\\/pt-pt\\\/\",\"logo\":{\"@type\":\"ImageObject\",\"inLanguage\":\"pt-PT\",\"@id\":\"https:\\\/\\\/gifted-hub.com\\\/pt-pt\\\/#\\\/schema\\\/logo\\\/image\\\/\",\"url\":\"https:\\\/\\\/gifted-hub.com\\\/wp-content\\\/uploads\\\/2024\\\/07\\\/logo-1.svg\",\"contentUrl\":\"https:\\\/\\\/gifted-hub.com\\\/wp-content\\\/uploads\\\/2024\\\/07\\\/logo-1.svg\",\"caption\":\"Gifted HUB\"},\"image\":{\"@id\":\"https:\\\/\\\/gifted-hub.com\\\/pt-pt\\\/#\\\/schema\\\/logo\\\/image\\\/\"}}]}<\/script>\n<!-- \/ Yoast SEO plugin. -->","yoast_head_json":{"title":"Identificar Jovens Potencialmente Sobredotados: Um guia abrangente - Gifted HUB","robots":{"index":"index","follow":"follow","max-snippet":"max-snippet:-1","max-image-preview":"max-image-preview:large","max-video-preview":"max-video-preview:-1"},"canonical":"https:\/\/gifted-hub.com\/pt-pt\/profissionais\/identificar-jovens-potencialmente-sobredotados-um-guia-abrangente\/","og_locale":"pt_PT","og_type":"article","og_title":"Identificar Jovens Potencialmente Sobredotados: Um guia abrangente - Gifted HUB","og_description":"Este guia fornece uma explica\u00e7\u00e3o clara e passo a passo de como identificar jovens potencialmente dotados, detalhando cada fase e as avalia\u00e7\u00f5es envolvidas. Compreender a sobredota\u00e7\u00e3o A sobredota\u00e7\u00e3o n\u00e3o \u00e9 definida de forma uniforme e varia frequentemente consoante as culturas e as institui\u00e7\u00f5es. No entanto, a ideia central gira em torno dos alunos que demonstram [&hellip;]","og_url":"https:\/\/gifted-hub.com\/pt-pt\/profissionais\/identificar-jovens-potencialmente-sobredotados-um-guia-abrangente\/","og_site_name":"Gifted HUB","article_modified_time":"2025-01-24T19:13:33+00:00","og_image":[{"width":1600,"height":1068,"url":"https:\/\/gifted-hub.com\/wp-content\/uploads\/2025\/01\/5428830.jpeg","type":"image\/jpeg"}],"twitter_card":"summary_large_image","twitter_misc":{"Tempo estimado de leitura":"4 minutos"},"schema":{"@context":"https:\/\/schema.org","@graph":[{"@type":"WebPage","@id":"https:\/\/gifted-hub.com\/pt-pt\/profissionais\/identificar-jovens-potencialmente-sobredotados-um-guia-abrangente\/","url":"https:\/\/gifted-hub.com\/pt-pt\/profissionais\/identificar-jovens-potencialmente-sobredotados-um-guia-abrangente\/","name":"Identificar Jovens Potencialmente Sobredotados: Um guia abrangente - Gifted HUB","isPartOf":{"@id":"https:\/\/gifted-hub.com\/pt-pt\/#website"},"primaryImageOfPage":{"@id":"https:\/\/gifted-hub.com\/pt-pt\/profissionais\/identificar-jovens-potencialmente-sobredotados-um-guia-abrangente\/#primaryimage"},"image":{"@id":"https:\/\/gifted-hub.com\/pt-pt\/profissionais\/identificar-jovens-potencialmente-sobredotados-um-guia-abrangente\/#primaryimage"},"thumbnailUrl":"https:\/\/gifted-hub.com\/wp-content\/uploads\/2025\/01\/5428830.jpeg","datePublished":"2025-01-24T18:59:35+00:00","dateModified":"2025-01-24T19:13:33+00:00","breadcrumb":{"@id":"https:\/\/gifted-hub.com\/pt-pt\/profissionais\/identificar-jovens-potencialmente-sobredotados-um-guia-abrangente\/#breadcrumb"},"inLanguage":"pt-PT","potentialAction":[{"@type":"ReadAction","target":["https:\/\/gifted-hub.com\/pt-pt\/profissionais\/identificar-jovens-potencialmente-sobredotados-um-guia-abrangente\/"]}]},{"@type":"ImageObject","inLanguage":"pt-PT","@id":"https:\/\/gifted-hub.com\/pt-pt\/profissionais\/identificar-jovens-potencialmente-sobredotados-um-guia-abrangente\/#primaryimage","url":"https:\/\/gifted-hub.com\/wp-content\/uploads\/2025\/01\/5428830.jpeg","contentUrl":"https:\/\/gifted-hub.com\/wp-content\/uploads\/2025\/01\/5428830.jpeg","width":1600,"height":1068},{"@type":"BreadcrumbList","@id":"https:\/\/gifted-hub.com\/pt-pt\/profissionais\/identificar-jovens-potencialmente-sobredotados-um-guia-abrangente\/#breadcrumb","itemListElement":[{"@type":"ListItem","position":1,"name":"Home","item":"https:\/\/gifted-hub.com\/pt-pt\/inicio\/"},{"@type":"ListItem","position":2,"name":"Profissionais","item":"https:\/\/gifted-hub.com\/pt-pt\/profissionais\/"},{"@type":"ListItem","position":3,"name":"Identificar Jovens Potencialmente Sobredotados: Um guia abrangente"}]},{"@type":"WebSite","@id":"https:\/\/gifted-hub.com\/pt-pt\/#website","url":"https:\/\/gifted-hub.com\/pt-pt\/","name":"Gifted HUB","description":"A space for high abilities","publisher":{"@id":"https:\/\/gifted-hub.com\/pt-pt\/#organization"},"potentialAction":[{"@type":"SearchAction","target":{"@type":"EntryPoint","urlTemplate":"https:\/\/gifted-hub.com\/pt-pt\/?s={search_term_string}"},"query-input":{"@type":"PropertyValueSpecification","valueRequired":true,"valueName":"search_term_string"}}],"inLanguage":"pt-PT"},{"@type":"Organization","@id":"https:\/\/gifted-hub.com\/pt-pt\/#organization","name":"Gifted HUB","url":"https:\/\/gifted-hub.com\/pt-pt\/","logo":{"@type":"ImageObject","inLanguage":"pt-PT","@id":"https:\/\/gifted-hub.com\/pt-pt\/#\/schema\/logo\/image\/","url":"https:\/\/gifted-hub.com\/wp-content\/uploads\/2024\/07\/logo-1.svg","contentUrl":"https:\/\/gifted-hub.com\/wp-content\/uploads\/2024\/07\/logo-1.svg","caption":"Gifted HUB"},"image":{"@id":"https:\/\/gifted-hub.com\/pt-pt\/#\/schema\/logo\/image\/"}}]}},"_links":{"self":[{"href":"https:\/\/gifted-hub.com\/pt-pt\/wp-json\/wp\/v2\/pages\/19098","targetHints":{"allow":["GET"]}}],"collection":[{"href":"https:\/\/gifted-hub.com\/pt-pt\/wp-json\/wp\/v2\/pages"}],"about":[{"href":"https:\/\/gifted-hub.com\/pt-pt\/wp-json\/wp\/v2\/types\/page"}],"author":[{"embeddable":true,"href":"https:\/\/gifted-hub.com\/pt-pt\/wp-json\/wp\/v2\/users\/1"}],"replies":[{"embeddable":true,"href":"https:\/\/gifted-hub.com\/pt-pt\/wp-json\/wp\/v2\/comments?post=19098"}],"version-history":[{"count":1,"href":"https:\/\/gifted-hub.com\/pt-pt\/wp-json\/wp\/v2\/pages\/19098\/revisions"}],"predecessor-version":[{"id":19099,"href":"https:\/\/gifted-hub.com\/pt-pt\/wp-json\/wp\/v2\/pages\/19098\/revisions\/19099"}],"up":[{"embeddable":true,"href":"https:\/\/gifted-hub.com\/pt-pt\/wp-json\/wp\/v2\/pages\/16682"}],"wp:featuredmedia":[{"embeddable":true,"href":"https:\/\/gifted-hub.com\/pt-pt\/wp-json\/wp\/v2\/media\/19075"}],"wp:attachment":[{"href":"https:\/\/gifted-hub.com\/pt-pt\/wp-json\/wp\/v2\/media?parent=19098"}],"wp:term":[{"taxonomy":"group-interest","embeddable":true,"href":"https:\/\/gifted-hub.com\/pt-pt\/wp-json\/wp\/v2\/group-interest?post=19098"}],"curies":[{"name":"wp","href":"https:\/\/api.w.org\/{rel}","templated":true}]}}