{"id":18814,"date":"2024-12-31T17:21:46","date_gmt":"2024-12-31T17:21:46","guid":{"rendered":"https:\/\/gifted-hub.com\/professores\/como-os-professores-podem-favorecer-os-alunos-sobredotados\/"},"modified":"2024-12-31T17:41:13","modified_gmt":"2024-12-31T17:41:13","slug":"como-os-professores-podem-favorecer-os-alunos-sobredotados","status":"publish","type":"page","link":"https:\/\/gifted-hub.com\/pt-pt\/professores\/como-os-professores-podem-favorecer-os-alunos-sobredotados\/","title":{"rendered":"Como os professores podem favorecer os alunos sobredotados"},"content":{"rendered":"\n<p>Os professores t\u00eam muitas vezes de lidar com as necessidades \u00fanicas dos alunos sobredotados nas suas salas de aula, mas este apoio bem intencionado pode por vezes levar a favoritismos que afectam todos os envolvidos. Os alunos sobredotados podem receber tratamento especial, como a atribui\u00e7\u00e3o de pap\u00e9is de lideran\u00e7a, tarefas extra ou privil\u00e9gios que os outros n\u00e3o recebem. Embora estas pr\u00e1ticas tenham muitas vezes como objetivo estimular as suas capacidades ou dar-lhes um exemplo, podem, involuntariamente, isolar estes alunos ou criar um desequil\u00edbrio na sala de aula.  <\/p>\n\n<p>Este favoritismo resulta muitas vezes da falta de forma\u00e7\u00e3o ou de recursos para responder \u00e0s diversas necessidades de uma sala de aula. <strong>Os professores podem achar que real\u00e7ar as capacidades dos alunos sobredotados vai motivar os outros, mas em vez disso, pode fomentar o ressentimento entre os colegas<\/strong>. Al\u00e9m disso, pr\u00e1ticas r\u00edgidas que atribuem repetidamente aos alunos sobredotados determinadas fun\u00e7\u00f5es ou actividades podem refor\u00e7ar r\u00f3tulos que limitam o seu crescimento e os separam dos seus pares. Tentativas mal orientadas de desafiar os alunos sobredotados com tarefas extra muitas vezes n\u00e3o conseguem proporcionar oportunidades significativas de desenvolvimento.  <\/p>\n\n<p>As consequ\u00eancias de tais abordagens s\u00e3o de grande alcance. Os alunos sobredotados podem sentir-se pressionados a ter um desempenho constantemente elevado, o que pode levar ao stress e ao medo do fracasso. Ao mesmo tempo, os seus colegas podem sentir-se desvalorizados ou exclu\u00eddos, o que perturba a harmonia da sala de aula. A concentra\u00e7\u00e3o nos sobredotados pode tamb\u00e9m deixar o seu potencial <a href=\"https:\/\/gifted-hub.com\/pt-pt\/professores\/abordar-o-fracasso-escolar-em-alunos-com-altas-habilidades\/\">subdesenvolvido<\/a> se as tarefas que lhes s\u00e3o dadas n\u00e3o os desafiarem verdadeiramente.   <\/p>\n\n<p>Uma abordagem mais ponderada do apoio aos alunos sobredotados pode beneficiar toda a gente. Em vez de os isolar atrav\u00e9s de pap\u00e9is ou tarefas especiais, os professores podem integr\u00e1-los em actividades inclusivas que permitam a todos os alunos participar e crescer. Proporcionar desafios que sejam significativos e n\u00e3o repetitivos ou superficiais ajuda estes alunos a prosperar sem criar divis\u00f5es desnecess\u00e1rias. Os professores tamb\u00e9m podem evitar uma rotulagem r\u00edgida, reconhecendo e celebrando os diversos talentos existentes nas suas salas de aula. <strong>A forma\u00e7\u00e3o e o apoio aos educadores s\u00e3o essenciais<\/strong> para atingir estes objectivos, dotando-os de estrat\u00e9gias para criar um ambiente de aprendizagem equilibrado onde todos os alunos se sintam valorizados e inspirados.   <\/p>\n\n<p>Quando as salas de aula se concentram na colabora\u00e7\u00e3o e no crescimento m\u00fatuo, tornam-se espa\u00e7os onde os alunos sobredotados se podem destacar sem se sentirem isolados e onde os seus colegas tamb\u00e9m podem encontrar oportunidades para brilhar. Ao abordar as causas profundas do favoritismo e adotar pr\u00e1ticas inclusivas e flex\u00edveis, os professores podem garantir que as suas salas de aula s\u00e3o locais de sucesso e desenvolvimento partilhados. <\/p>\n","protected":false},"excerpt":{"rendered":"<p>Os professores t\u00eam muitas vezes de lidar com as necessidades \u00fanicas dos alunos sobredotados nas suas salas de aula, mas este apoio bem intencionado pode por vezes levar a favoritismos que afectam todos os envolvidos. Os alunos sobredotados podem receber tratamento especial, como a atribui\u00e7\u00e3o de pap\u00e9is de lideran\u00e7a, tarefas extra ou privil\u00e9gios que os [&hellip;]<\/p>\n","protected":false},"author":1,"featured_media":18795,"parent":16394,"menu_order":0,"comment_status":"closed","ping_status":"closed","template":"","meta":{"_acf_changed":false,"inline_featured_image":false,"footnotes":""},"group-interest":[210],"class_list":["post-18814","page","type-page","status-publish","has-post-thumbnail","hentry","group-interest-professores"],"acf":[],"yoast_head":"<!-- This site is optimized with the Yoast SEO plugin v27.4 - https:\/\/yoast.com\/product\/yoast-seo-wordpress\/ -->\n<title>Como os professores podem favorecer os alunos sobredotados - Gifted HUB<\/title>\n<meta name=\"robots\" content=\"index, follow, max-snippet:-1, max-image-preview:large, max-video-preview:-1\" \/>\n<link rel=\"canonical\" href=\"https:\/\/gifted-hub.com\/pt-pt\/professores\/como-os-professores-podem-favorecer-os-alunos-sobredotados\/\" \/>\n<meta property=\"og:locale\" content=\"pt_PT\" \/>\n<meta property=\"og:type\" content=\"article\" \/>\n<meta property=\"og:title\" content=\"Como os professores podem favorecer os alunos sobredotados - Gifted HUB\" \/>\n<meta property=\"og:description\" content=\"Os professores t\u00eam muitas vezes de lidar com as necessidades \u00fanicas dos alunos sobredotados nas suas salas de aula, mas este apoio bem intencionado pode por vezes levar a favoritismos que afectam todos os envolvidos. Os alunos sobredotados podem receber tratamento especial, como a atribui\u00e7\u00e3o de pap\u00e9is de lideran\u00e7a, tarefas extra ou privil\u00e9gios que os [&hellip;]\" \/>\n<meta property=\"og:url\" content=\"https:\/\/gifted-hub.com\/pt-pt\/professores\/como-os-professores-podem-favorecer-os-alunos-sobredotados\/\" \/>\n<meta property=\"og:site_name\" content=\"Gifted HUB\" \/>\n<meta property=\"article:modified_time\" content=\"2024-12-31T17:41:13+00:00\" \/>\n<meta property=\"og:image\" content=\"https:\/\/gifted-hub.com\/wp-content\/uploads\/2024\/12\/czisy8ai2ia.jpg\" \/>\n\t<meta property=\"og:image:width\" content=\"1600\" \/>\n\t<meta property=\"og:image:height\" content=\"1143\" \/>\n\t<meta property=\"og:image:type\" content=\"image\/jpeg\" \/>\n<meta name=\"twitter:card\" content=\"summary_large_image\" \/>\n<meta name=\"twitter:label1\" content=\"Tempo estimado de leitura\" \/>\n\t<meta name=\"twitter:data1\" content=\"2 minutos\" \/>\n<script type=\"application\/ld+json\" class=\"yoast-schema-graph\">{\"@context\":\"https:\\\/\\\/schema.org\",\"@graph\":[{\"@type\":\"WebPage\",\"@id\":\"https:\\\/\\\/gifted-hub.com\\\/pt-pt\\\/professores\\\/como-os-professores-podem-favorecer-os-alunos-sobredotados\\\/\",\"url\":\"https:\\\/\\\/gifted-hub.com\\\/pt-pt\\\/professores\\\/como-os-professores-podem-favorecer-os-alunos-sobredotados\\\/\",\"name\":\"Como os professores podem favorecer os alunos sobredotados - Gifted HUB\",\"isPartOf\":{\"@id\":\"https:\\\/\\\/gifted-hub.com\\\/pt-pt\\\/#website\"},\"primaryImageOfPage\":{\"@id\":\"https:\\\/\\\/gifted-hub.com\\\/pt-pt\\\/professores\\\/como-os-professores-podem-favorecer-os-alunos-sobredotados\\\/#primaryimage\"},\"image\":{\"@id\":\"https:\\\/\\\/gifted-hub.com\\\/pt-pt\\\/professores\\\/como-os-professores-podem-favorecer-os-alunos-sobredotados\\\/#primaryimage\"},\"thumbnailUrl\":\"https:\\\/\\\/gifted-hub.com\\\/wp-content\\\/uploads\\\/2024\\\/12\\\/czisy8ai2ia.jpg\",\"datePublished\":\"2024-12-31T17:21:46+00:00\",\"dateModified\":\"2024-12-31T17:41:13+00:00\",\"breadcrumb\":{\"@id\":\"https:\\\/\\\/gifted-hub.com\\\/pt-pt\\\/professores\\\/como-os-professores-podem-favorecer-os-alunos-sobredotados\\\/#breadcrumb\"},\"inLanguage\":\"pt-PT\",\"potentialAction\":[{\"@type\":\"ReadAction\",\"target\":[\"https:\\\/\\\/gifted-hub.com\\\/pt-pt\\\/professores\\\/como-os-professores-podem-favorecer-os-alunos-sobredotados\\\/\"]}]},{\"@type\":\"ImageObject\",\"inLanguage\":\"pt-PT\",\"@id\":\"https:\\\/\\\/gifted-hub.com\\\/pt-pt\\\/professores\\\/como-os-professores-podem-favorecer-os-alunos-sobredotados\\\/#primaryimage\",\"url\":\"https:\\\/\\\/gifted-hub.com\\\/wp-content\\\/uploads\\\/2024\\\/12\\\/czisy8ai2ia.jpg\",\"contentUrl\":\"https:\\\/\\\/gifted-hub.com\\\/wp-content\\\/uploads\\\/2024\\\/12\\\/czisy8ai2ia.jpg\",\"width\":1600,\"height\":1143},{\"@type\":\"BreadcrumbList\",\"@id\":\"https:\\\/\\\/gifted-hub.com\\\/pt-pt\\\/professores\\\/como-os-professores-podem-favorecer-os-alunos-sobredotados\\\/#breadcrumb\",\"itemListElement\":[{\"@type\":\"ListItem\",\"position\":1,\"name\":\"Home\",\"item\":\"https:\\\/\\\/gifted-hub.com\\\/pt-pt\\\/inicio\\\/\"},{\"@type\":\"ListItem\",\"position\":2,\"name\":\"Professores\",\"item\":\"https:\\\/\\\/gifted-hub.com\\\/pt-pt\\\/professores\\\/\"},{\"@type\":\"ListItem\",\"position\":3,\"name\":\"Como os professores podem favorecer os alunos sobredotados\"}]},{\"@type\":\"WebSite\",\"@id\":\"https:\\\/\\\/gifted-hub.com\\\/pt-pt\\\/#website\",\"url\":\"https:\\\/\\\/gifted-hub.com\\\/pt-pt\\\/\",\"name\":\"Gifted HUB\",\"description\":\"A space for high abilities\",\"publisher\":{\"@id\":\"https:\\\/\\\/gifted-hub.com\\\/pt-pt\\\/#organization\"},\"potentialAction\":[{\"@type\":\"SearchAction\",\"target\":{\"@type\":\"EntryPoint\",\"urlTemplate\":\"https:\\\/\\\/gifted-hub.com\\\/pt-pt\\\/?s={search_term_string}\"},\"query-input\":{\"@type\":\"PropertyValueSpecification\",\"valueRequired\":true,\"valueName\":\"search_term_string\"}}],\"inLanguage\":\"pt-PT\"},{\"@type\":\"Organization\",\"@id\":\"https:\\\/\\\/gifted-hub.com\\\/pt-pt\\\/#organization\",\"name\":\"Gifted HUB\",\"url\":\"https:\\\/\\\/gifted-hub.com\\\/pt-pt\\\/\",\"logo\":{\"@type\":\"ImageObject\",\"inLanguage\":\"pt-PT\",\"@id\":\"https:\\\/\\\/gifted-hub.com\\\/pt-pt\\\/#\\\/schema\\\/logo\\\/image\\\/\",\"url\":\"https:\\\/\\\/gifted-hub.com\\\/wp-content\\\/uploads\\\/2024\\\/07\\\/logo-1.svg\",\"contentUrl\":\"https:\\\/\\\/gifted-hub.com\\\/wp-content\\\/uploads\\\/2024\\\/07\\\/logo-1.svg\",\"caption\":\"Gifted HUB\"},\"image\":{\"@id\":\"https:\\\/\\\/gifted-hub.com\\\/pt-pt\\\/#\\\/schema\\\/logo\\\/image\\\/\"}}]}<\/script>\n<!-- \/ Yoast SEO plugin. -->","yoast_head_json":{"title":"Como os professores podem favorecer os alunos sobredotados - Gifted HUB","robots":{"index":"index","follow":"follow","max-snippet":"max-snippet:-1","max-image-preview":"max-image-preview:large","max-video-preview":"max-video-preview:-1"},"canonical":"https:\/\/gifted-hub.com\/pt-pt\/professores\/como-os-professores-podem-favorecer-os-alunos-sobredotados\/","og_locale":"pt_PT","og_type":"article","og_title":"Como os professores podem favorecer os alunos sobredotados - Gifted HUB","og_description":"Os professores t\u00eam muitas vezes de lidar com as necessidades \u00fanicas dos alunos sobredotados nas suas salas de aula, mas este apoio bem intencionado pode por vezes levar a favoritismos que afectam todos os envolvidos. Os alunos sobredotados podem receber tratamento especial, como a atribui\u00e7\u00e3o de pap\u00e9is de lideran\u00e7a, tarefas extra ou privil\u00e9gios que os [&hellip;]","og_url":"https:\/\/gifted-hub.com\/pt-pt\/professores\/como-os-professores-podem-favorecer-os-alunos-sobredotados\/","og_site_name":"Gifted HUB","article_modified_time":"2024-12-31T17:41:13+00:00","og_image":[{"width":1600,"height":1143,"url":"https:\/\/gifted-hub.com\/wp-content\/uploads\/2024\/12\/czisy8ai2ia.jpg","type":"image\/jpeg"}],"twitter_card":"summary_large_image","twitter_misc":{"Tempo estimado de leitura":"2 minutos"},"schema":{"@context":"https:\/\/schema.org","@graph":[{"@type":"WebPage","@id":"https:\/\/gifted-hub.com\/pt-pt\/professores\/como-os-professores-podem-favorecer-os-alunos-sobredotados\/","url":"https:\/\/gifted-hub.com\/pt-pt\/professores\/como-os-professores-podem-favorecer-os-alunos-sobredotados\/","name":"Como os professores podem favorecer os alunos sobredotados - Gifted HUB","isPartOf":{"@id":"https:\/\/gifted-hub.com\/pt-pt\/#website"},"primaryImageOfPage":{"@id":"https:\/\/gifted-hub.com\/pt-pt\/professores\/como-os-professores-podem-favorecer-os-alunos-sobredotados\/#primaryimage"},"image":{"@id":"https:\/\/gifted-hub.com\/pt-pt\/professores\/como-os-professores-podem-favorecer-os-alunos-sobredotados\/#primaryimage"},"thumbnailUrl":"https:\/\/gifted-hub.com\/wp-content\/uploads\/2024\/12\/czisy8ai2ia.jpg","datePublished":"2024-12-31T17:21:46+00:00","dateModified":"2024-12-31T17:41:13+00:00","breadcrumb":{"@id":"https:\/\/gifted-hub.com\/pt-pt\/professores\/como-os-professores-podem-favorecer-os-alunos-sobredotados\/#breadcrumb"},"inLanguage":"pt-PT","potentialAction":[{"@type":"ReadAction","target":["https:\/\/gifted-hub.com\/pt-pt\/professores\/como-os-professores-podem-favorecer-os-alunos-sobredotados\/"]}]},{"@type":"ImageObject","inLanguage":"pt-PT","@id":"https:\/\/gifted-hub.com\/pt-pt\/professores\/como-os-professores-podem-favorecer-os-alunos-sobredotados\/#primaryimage","url":"https:\/\/gifted-hub.com\/wp-content\/uploads\/2024\/12\/czisy8ai2ia.jpg","contentUrl":"https:\/\/gifted-hub.com\/wp-content\/uploads\/2024\/12\/czisy8ai2ia.jpg","width":1600,"height":1143},{"@type":"BreadcrumbList","@id":"https:\/\/gifted-hub.com\/pt-pt\/professores\/como-os-professores-podem-favorecer-os-alunos-sobredotados\/#breadcrumb","itemListElement":[{"@type":"ListItem","position":1,"name":"Home","item":"https:\/\/gifted-hub.com\/pt-pt\/inicio\/"},{"@type":"ListItem","position":2,"name":"Professores","item":"https:\/\/gifted-hub.com\/pt-pt\/professores\/"},{"@type":"ListItem","position":3,"name":"Como os professores podem favorecer os alunos sobredotados"}]},{"@type":"WebSite","@id":"https:\/\/gifted-hub.com\/pt-pt\/#website","url":"https:\/\/gifted-hub.com\/pt-pt\/","name":"Gifted HUB","description":"A space for high abilities","publisher":{"@id":"https:\/\/gifted-hub.com\/pt-pt\/#organization"},"potentialAction":[{"@type":"SearchAction","target":{"@type":"EntryPoint","urlTemplate":"https:\/\/gifted-hub.com\/pt-pt\/?s={search_term_string}"},"query-input":{"@type":"PropertyValueSpecification","valueRequired":true,"valueName":"search_term_string"}}],"inLanguage":"pt-PT"},{"@type":"Organization","@id":"https:\/\/gifted-hub.com\/pt-pt\/#organization","name":"Gifted HUB","url":"https:\/\/gifted-hub.com\/pt-pt\/","logo":{"@type":"ImageObject","inLanguage":"pt-PT","@id":"https:\/\/gifted-hub.com\/pt-pt\/#\/schema\/logo\/image\/","url":"https:\/\/gifted-hub.com\/wp-content\/uploads\/2024\/07\/logo-1.svg","contentUrl":"https:\/\/gifted-hub.com\/wp-content\/uploads\/2024\/07\/logo-1.svg","caption":"Gifted HUB"},"image":{"@id":"https:\/\/gifted-hub.com\/pt-pt\/#\/schema\/logo\/image\/"}}]}},"_links":{"self":[{"href":"https:\/\/gifted-hub.com\/pt-pt\/wp-json\/wp\/v2\/pages\/18814","targetHints":{"allow":["GET"]}}],"collection":[{"href":"https:\/\/gifted-hub.com\/pt-pt\/wp-json\/wp\/v2\/pages"}],"about":[{"href":"https:\/\/gifted-hub.com\/pt-pt\/wp-json\/wp\/v2\/types\/page"}],"author":[{"embeddable":true,"href":"https:\/\/gifted-hub.com\/pt-pt\/wp-json\/wp\/v2\/users\/1"}],"replies":[{"embeddable":true,"href":"https:\/\/gifted-hub.com\/pt-pt\/wp-json\/wp\/v2\/comments?post=18814"}],"version-history":[{"count":1,"href":"https:\/\/gifted-hub.com\/pt-pt\/wp-json\/wp\/v2\/pages\/18814\/revisions"}],"predecessor-version":[{"id":18815,"href":"https:\/\/gifted-hub.com\/pt-pt\/wp-json\/wp\/v2\/pages\/18814\/revisions\/18815"}],"up":[{"embeddable":true,"href":"https:\/\/gifted-hub.com\/pt-pt\/wp-json\/wp\/v2\/pages\/16394"}],"wp:featuredmedia":[{"embeddable":true,"href":"https:\/\/gifted-hub.com\/pt-pt\/wp-json\/wp\/v2\/media\/18795"}],"wp:attachment":[{"href":"https:\/\/gifted-hub.com\/pt-pt\/wp-json\/wp\/v2\/media?parent=18814"}],"wp:term":[{"taxonomy":"group-interest","embeddable":true,"href":"https:\/\/gifted-hub.com\/pt-pt\/wp-json\/wp\/v2\/group-interest?post=18814"}],"curies":[{"name":"wp","href":"https:\/\/api.w.org\/{rel}","templated":true}]}}