{"id":18640,"date":"2024-12-11T17:41:57","date_gmt":"2024-12-11T17:41:57","guid":{"rendered":"https:\/\/gifted-hub.com\/professores\/o-complexo-processo-de-identificacao-de-talento-e-potencial\/"},"modified":"2024-12-11T17:51:07","modified_gmt":"2024-12-11T17:51:07","slug":"o-complexo-processo-de-identificacao-de-talento-e-potencial","status":"publish","type":"page","link":"https:\/\/gifted-hub.com\/pt-pt\/professores\/o-complexo-processo-de-identificacao-de-talento-e-potencial\/","title":{"rendered":"O Complexo Processo de Identifica\u00e7\u00e3o de Talento e Potencial"},"content":{"rendered":"\n<p>Identificar indiv\u00edduos dotados, talentosos ou altamente qualificados \u00e9 um processo complexo e nuan\u00e7ado. N\u00e3o se trata apenas de administrar testes ou definir pontos de corte arbitr\u00e1rios, mas <strong>requer uma abordagem abrangente que considere v\u00e1rios fatores<\/strong> e necessidades individuais. O processo de identifica\u00e7\u00e3o geralmente come\u00e7a com a defini\u00e7\u00e3o de objetivos claros para o programa ou iniciativa em que esses indiv\u00edduos participar\u00e3o. Isso envolve compreender as habilidades ou talentos espec\u00edficos a serem cultivados, seja em racioc\u00ednio verbal, aptid\u00e3o matem\u00e1tica ou flu\u00eancia criativa. Os programas devem visar acelerar o desenvolvimento, proporcionar oportunidades de aprendizagem avan\u00e7ada e prevenir a perda de motiva\u00e7\u00e3o devido \u00e0 falta de desafios.    <\/p>\n\n<p>Os processos de nomea\u00e7\u00e3o, tipicamente o primeiro passo, dependem de ferramentas como listas de verifica\u00e7\u00e3o, escalas de classifica\u00e7\u00e3o e pontua\u00e7\u00f5es de testes. No entanto, muitas dessas ferramentas carecem de evid\u00eancias robustas de validade e confiabilidade, levando a inconsist\u00eancias na identifica\u00e7\u00e3o de candidatos qualificados. Uma abordagem mais eficaz pode envolver m\u00faltiplas perspectivas, como classifica\u00e7\u00f5es de pais, professores e at\u00e9 colegas. Isso garante uma compreens\u00e3o mais ampla e nuan\u00e7ada das habilidades do indiv\u00edduo. No entanto, mesmo esses passos n\u00e3o est\u00e3o isentos de desafios, pois os preconceitos e a qualidade das ferramentas utilizadas podem influenciar significativamente os resultados.    <\/p>\n\n<p>Uma vez estabelecido um grupo de candidatos, a avalia\u00e7\u00e3o individual torna-se cr\u00edtica. Esta fase vai al\u00e9m de simplesmente selecionar participantes; visa fornecer insights detalhados sobre os pontos fortes, fraquezas e necessidades \u00fanicas de cada pessoa. <strong>Avalia\u00e7\u00f5es eficazes devem alinhar-se estreitamente com os objetivos do programa, focando em talentos espec\u00edficos em vez de usar medidas gen\u00e9ricas<\/strong>. Por exemplo, um programa que enfatiza a escrita criativa se beneficiaria de testes e avalia\u00e7\u00f5es voltados para as artes da linguagem e criatividade, em vez de medidas de intelig\u00eancia geral.  <\/p>\n\n<p>A quest\u00e3o da rotulagem tamb\u00e9m apresenta desafios significativos. Embora ser identificado como dotado possa aumentar a autoestima e abrir portas para oportunidades especializadas, pode simultaneamente criar press\u00e3o e consequ\u00eancias n\u00e3o intencionais para os colegas e a din\u00e2mica familiar. Enfatizar as necessidades \u00fanicas e <a href=\"https:\/\/gifted-hub.com\/pt-pt\/professores\/apoiar-e-motivar-criancas-talentosas-na-escola\/\">potenciais dos indiv\u00edduos<\/a>, em vez de anexar r\u00f3tulos amplos, poderia mitigar alguns desses efeitos negativos.  <\/p>\n\n<p>A diversidade cultural e socioecon\u00f4mica complica ainda mais o processo de identifica\u00e7\u00e3o. M\u00e9todos tradicionais muitas vezes n\u00e3o levam em conta as diferen\u00e7as de background e experi\u00eancias, correndo o risco de excluir indiv\u00edduos talentosos de grupos sub-representados. Uma mudan\u00e7a para reconhecer o potencial em vez de habilidades fixas e inatas poderia tornar os programas mais inclusivos e equitativos.  <\/p>\n\n<p>A valida\u00e7\u00e3o dos m\u00e9todos de identifica\u00e7\u00e3o \u00e9 crucial para garantir sua efic\u00e1cia. Os programas devem avaliar regularmente seus crit\u00e9rios de sele\u00e7\u00e3o e ferramentas, coletando dados para determinar se os participantes t\u00eam sucesso e prosperam. Este processo iterativo permite um refinamento cont\u00ednuo, garantindo que as pr\u00e1ticas de identifica\u00e7\u00e3o permane\u00e7am alinhadas com os objetivos do programa e a compreens\u00e3o evolutiva de talento e habilidade.  <\/p>\n\n<p>Em \u00faltima an\u00e1lise, identificar dota\u00e7\u00e3o, talento ou habilidade requer um equil\u00edbrio entre rigor cient\u00edfico e compreens\u00e3o compassiva. Trata-se de criar oportunidades que respeitem as diferen\u00e7as individuais e cultivem o potencial de maneiras diversas e significativas. Programas que t\u00eam sucesso nesses esfor\u00e7os n\u00e3o apenas beneficiam os participantes, mas tamb\u00e9m contribuem para o progresso social mais amplo, promovendo inova\u00e7\u00e3o e lideran\u00e7a nas futuras gera\u00e7\u00f5es.  <\/p>\n","protected":false},"excerpt":{"rendered":"<p>Identificar indiv\u00edduos dotados, talentosos ou altamente qualificados \u00e9 um processo complexo e nuan\u00e7ado. N\u00e3o se trata apenas de administrar testes ou definir pontos de corte arbitr\u00e1rios, mas requer uma abordagem abrangente que considere v\u00e1rios fatores e necessidades individuais. O processo de identifica\u00e7\u00e3o geralmente come\u00e7a com a defini\u00e7\u00e3o de objetivos claros para o programa ou iniciativa [&hellip;]<\/p>\n","protected":false},"author":1,"featured_media":18631,"parent":16394,"menu_order":0,"comment_status":"closed","ping_status":"closed","template":"","meta":{"_acf_changed":false,"inline_featured_image":false,"footnotes":""},"group-interest":[],"class_list":["post-18640","page","type-page","status-publish","has-post-thumbnail","hentry"],"acf":[],"yoast_head":"<!-- This site is optimized with the Yoast SEO plugin v27.4 - https:\/\/yoast.com\/product\/yoast-seo-wordpress\/ -->\n<title>O Complexo Processo de Identifica\u00e7\u00e3o de Talento e Potencial - Gifted HUB<\/title>\n<meta name=\"robots\" content=\"index, follow, max-snippet:-1, max-image-preview:large, max-video-preview:-1\" \/>\n<link rel=\"canonical\" href=\"https:\/\/gifted-hub.com\/pt-pt\/professores\/o-complexo-processo-de-identificacao-de-talento-e-potencial\/\" \/>\n<meta property=\"og:locale\" content=\"pt_PT\" \/>\n<meta property=\"og:type\" content=\"article\" \/>\n<meta property=\"og:title\" content=\"O Complexo Processo de Identifica\u00e7\u00e3o de Talento e Potencial - Gifted HUB\" \/>\n<meta property=\"og:description\" content=\"Identificar indiv\u00edduos dotados, talentosos ou altamente qualificados \u00e9 um processo complexo e nuan\u00e7ado. N\u00e3o se trata apenas de administrar testes ou definir pontos de corte arbitr\u00e1rios, mas requer uma abordagem abrangente que considere v\u00e1rios fatores e necessidades individuais. O processo de identifica\u00e7\u00e3o geralmente come\u00e7a com a defini\u00e7\u00e3o de objetivos claros para o programa ou iniciativa [&hellip;]\" \/>\n<meta property=\"og:url\" content=\"https:\/\/gifted-hub.com\/pt-pt\/professores\/o-complexo-processo-de-identificacao-de-talento-e-potencial\/\" \/>\n<meta property=\"og:site_name\" content=\"Gifted HUB\" \/>\n<meta property=\"article:modified_time\" content=\"2024-12-11T17:51:07+00:00\" \/>\n<meta property=\"og:image\" content=\"https:\/\/gifted-hub.com\/wp-content\/uploads\/2024\/12\/qdgtqoyk6b8.jpg\" \/>\n\t<meta property=\"og:image:width\" content=\"1600\" \/>\n\t<meta property=\"og:image:height\" content=\"1067\" \/>\n\t<meta property=\"og:image:type\" content=\"image\/jpeg\" \/>\n<meta name=\"twitter:card\" content=\"summary_large_image\" \/>\n<meta name=\"twitter:label1\" content=\"Tempo estimado de leitura\" \/>\n\t<meta name=\"twitter:data1\" content=\"3 minutos\" \/>\n<script type=\"application\/ld+json\" class=\"yoast-schema-graph\">{\"@context\":\"https:\\\/\\\/schema.org\",\"@graph\":[{\"@type\":\"WebPage\",\"@id\":\"https:\\\/\\\/gifted-hub.com\\\/pt-pt\\\/professores\\\/o-complexo-processo-de-identificacao-de-talento-e-potencial\\\/\",\"url\":\"https:\\\/\\\/gifted-hub.com\\\/pt-pt\\\/professores\\\/o-complexo-processo-de-identificacao-de-talento-e-potencial\\\/\",\"name\":\"O Complexo Processo de Identifica\u00e7\u00e3o de Talento e Potencial - Gifted HUB\",\"isPartOf\":{\"@id\":\"https:\\\/\\\/gifted-hub.com\\\/pt-pt\\\/#website\"},\"primaryImageOfPage\":{\"@id\":\"https:\\\/\\\/gifted-hub.com\\\/pt-pt\\\/professores\\\/o-complexo-processo-de-identificacao-de-talento-e-potencial\\\/#primaryimage\"},\"image\":{\"@id\":\"https:\\\/\\\/gifted-hub.com\\\/pt-pt\\\/professores\\\/o-complexo-processo-de-identificacao-de-talento-e-potencial\\\/#primaryimage\"},\"thumbnailUrl\":\"https:\\\/\\\/gifted-hub.com\\\/wp-content\\\/uploads\\\/2024\\\/12\\\/qdgtqoyk6b8.jpg\",\"datePublished\":\"2024-12-11T17:41:57+00:00\",\"dateModified\":\"2024-12-11T17:51:07+00:00\",\"breadcrumb\":{\"@id\":\"https:\\\/\\\/gifted-hub.com\\\/pt-pt\\\/professores\\\/o-complexo-processo-de-identificacao-de-talento-e-potencial\\\/#breadcrumb\"},\"inLanguage\":\"pt-PT\",\"potentialAction\":[{\"@type\":\"ReadAction\",\"target\":[\"https:\\\/\\\/gifted-hub.com\\\/pt-pt\\\/professores\\\/o-complexo-processo-de-identificacao-de-talento-e-potencial\\\/\"]}]},{\"@type\":\"ImageObject\",\"inLanguage\":\"pt-PT\",\"@id\":\"https:\\\/\\\/gifted-hub.com\\\/pt-pt\\\/professores\\\/o-complexo-processo-de-identificacao-de-talento-e-potencial\\\/#primaryimage\",\"url\":\"https:\\\/\\\/gifted-hub.com\\\/wp-content\\\/uploads\\\/2024\\\/12\\\/qdgtqoyk6b8.jpg\",\"contentUrl\":\"https:\\\/\\\/gifted-hub.com\\\/wp-content\\\/uploads\\\/2024\\\/12\\\/qdgtqoyk6b8.jpg\",\"width\":1600,\"height\":1067},{\"@type\":\"BreadcrumbList\",\"@id\":\"https:\\\/\\\/gifted-hub.com\\\/pt-pt\\\/professores\\\/o-complexo-processo-de-identificacao-de-talento-e-potencial\\\/#breadcrumb\",\"itemListElement\":[{\"@type\":\"ListItem\",\"position\":1,\"name\":\"Home\",\"item\":\"https:\\\/\\\/gifted-hub.com\\\/pt-pt\\\/inicio\\\/\"},{\"@type\":\"ListItem\",\"position\":2,\"name\":\"Professores\",\"item\":\"https:\\\/\\\/gifted-hub.com\\\/pt-pt\\\/professores\\\/\"},{\"@type\":\"ListItem\",\"position\":3,\"name\":\"O Complexo Processo de Identifica\u00e7\u00e3o de Talento e Potencial\"}]},{\"@type\":\"WebSite\",\"@id\":\"https:\\\/\\\/gifted-hub.com\\\/pt-pt\\\/#website\",\"url\":\"https:\\\/\\\/gifted-hub.com\\\/pt-pt\\\/\",\"name\":\"Gifted HUB\",\"description\":\"A space for high abilities\",\"publisher\":{\"@id\":\"https:\\\/\\\/gifted-hub.com\\\/pt-pt\\\/#organization\"},\"potentialAction\":[{\"@type\":\"SearchAction\",\"target\":{\"@type\":\"EntryPoint\",\"urlTemplate\":\"https:\\\/\\\/gifted-hub.com\\\/pt-pt\\\/?s={search_term_string}\"},\"query-input\":{\"@type\":\"PropertyValueSpecification\",\"valueRequired\":true,\"valueName\":\"search_term_string\"}}],\"inLanguage\":\"pt-PT\"},{\"@type\":\"Organization\",\"@id\":\"https:\\\/\\\/gifted-hub.com\\\/pt-pt\\\/#organization\",\"name\":\"Gifted HUB\",\"url\":\"https:\\\/\\\/gifted-hub.com\\\/pt-pt\\\/\",\"logo\":{\"@type\":\"ImageObject\",\"inLanguage\":\"pt-PT\",\"@id\":\"https:\\\/\\\/gifted-hub.com\\\/pt-pt\\\/#\\\/schema\\\/logo\\\/image\\\/\",\"url\":\"https:\\\/\\\/gifted-hub.com\\\/wp-content\\\/uploads\\\/2024\\\/07\\\/logo-1.svg\",\"contentUrl\":\"https:\\\/\\\/gifted-hub.com\\\/wp-content\\\/uploads\\\/2024\\\/07\\\/logo-1.svg\",\"caption\":\"Gifted HUB\"},\"image\":{\"@id\":\"https:\\\/\\\/gifted-hub.com\\\/pt-pt\\\/#\\\/schema\\\/logo\\\/image\\\/\"}}]}<\/script>\n<!-- \/ Yoast SEO plugin. -->","yoast_head_json":{"title":"O Complexo Processo de Identifica\u00e7\u00e3o de Talento e Potencial - Gifted HUB","robots":{"index":"index","follow":"follow","max-snippet":"max-snippet:-1","max-image-preview":"max-image-preview:large","max-video-preview":"max-video-preview:-1"},"canonical":"https:\/\/gifted-hub.com\/pt-pt\/professores\/o-complexo-processo-de-identificacao-de-talento-e-potencial\/","og_locale":"pt_PT","og_type":"article","og_title":"O Complexo Processo de Identifica\u00e7\u00e3o de Talento e Potencial - Gifted HUB","og_description":"Identificar indiv\u00edduos dotados, talentosos ou altamente qualificados \u00e9 um processo complexo e nuan\u00e7ado. N\u00e3o se trata apenas de administrar testes ou definir pontos de corte arbitr\u00e1rios, mas requer uma abordagem abrangente que considere v\u00e1rios fatores e necessidades individuais. O processo de identifica\u00e7\u00e3o geralmente come\u00e7a com a defini\u00e7\u00e3o de objetivos claros para o programa ou iniciativa [&hellip;]","og_url":"https:\/\/gifted-hub.com\/pt-pt\/professores\/o-complexo-processo-de-identificacao-de-talento-e-potencial\/","og_site_name":"Gifted HUB","article_modified_time":"2024-12-11T17:51:07+00:00","og_image":[{"width":1600,"height":1067,"url":"https:\/\/gifted-hub.com\/wp-content\/uploads\/2024\/12\/qdgtqoyk6b8.jpg","type":"image\/jpeg"}],"twitter_card":"summary_large_image","twitter_misc":{"Tempo estimado de leitura":"3 minutos"},"schema":{"@context":"https:\/\/schema.org","@graph":[{"@type":"WebPage","@id":"https:\/\/gifted-hub.com\/pt-pt\/professores\/o-complexo-processo-de-identificacao-de-talento-e-potencial\/","url":"https:\/\/gifted-hub.com\/pt-pt\/professores\/o-complexo-processo-de-identificacao-de-talento-e-potencial\/","name":"O Complexo Processo de Identifica\u00e7\u00e3o de Talento e Potencial - Gifted HUB","isPartOf":{"@id":"https:\/\/gifted-hub.com\/pt-pt\/#website"},"primaryImageOfPage":{"@id":"https:\/\/gifted-hub.com\/pt-pt\/professores\/o-complexo-processo-de-identificacao-de-talento-e-potencial\/#primaryimage"},"image":{"@id":"https:\/\/gifted-hub.com\/pt-pt\/professores\/o-complexo-processo-de-identificacao-de-talento-e-potencial\/#primaryimage"},"thumbnailUrl":"https:\/\/gifted-hub.com\/wp-content\/uploads\/2024\/12\/qdgtqoyk6b8.jpg","datePublished":"2024-12-11T17:41:57+00:00","dateModified":"2024-12-11T17:51:07+00:00","breadcrumb":{"@id":"https:\/\/gifted-hub.com\/pt-pt\/professores\/o-complexo-processo-de-identificacao-de-talento-e-potencial\/#breadcrumb"},"inLanguage":"pt-PT","potentialAction":[{"@type":"ReadAction","target":["https:\/\/gifted-hub.com\/pt-pt\/professores\/o-complexo-processo-de-identificacao-de-talento-e-potencial\/"]}]},{"@type":"ImageObject","inLanguage":"pt-PT","@id":"https:\/\/gifted-hub.com\/pt-pt\/professores\/o-complexo-processo-de-identificacao-de-talento-e-potencial\/#primaryimage","url":"https:\/\/gifted-hub.com\/wp-content\/uploads\/2024\/12\/qdgtqoyk6b8.jpg","contentUrl":"https:\/\/gifted-hub.com\/wp-content\/uploads\/2024\/12\/qdgtqoyk6b8.jpg","width":1600,"height":1067},{"@type":"BreadcrumbList","@id":"https:\/\/gifted-hub.com\/pt-pt\/professores\/o-complexo-processo-de-identificacao-de-talento-e-potencial\/#breadcrumb","itemListElement":[{"@type":"ListItem","position":1,"name":"Home","item":"https:\/\/gifted-hub.com\/pt-pt\/inicio\/"},{"@type":"ListItem","position":2,"name":"Professores","item":"https:\/\/gifted-hub.com\/pt-pt\/professores\/"},{"@type":"ListItem","position":3,"name":"O Complexo Processo de Identifica\u00e7\u00e3o de Talento e Potencial"}]},{"@type":"WebSite","@id":"https:\/\/gifted-hub.com\/pt-pt\/#website","url":"https:\/\/gifted-hub.com\/pt-pt\/","name":"Gifted HUB","description":"A space for high abilities","publisher":{"@id":"https:\/\/gifted-hub.com\/pt-pt\/#organization"},"potentialAction":[{"@type":"SearchAction","target":{"@type":"EntryPoint","urlTemplate":"https:\/\/gifted-hub.com\/pt-pt\/?s={search_term_string}"},"query-input":{"@type":"PropertyValueSpecification","valueRequired":true,"valueName":"search_term_string"}}],"inLanguage":"pt-PT"},{"@type":"Organization","@id":"https:\/\/gifted-hub.com\/pt-pt\/#organization","name":"Gifted HUB","url":"https:\/\/gifted-hub.com\/pt-pt\/","logo":{"@type":"ImageObject","inLanguage":"pt-PT","@id":"https:\/\/gifted-hub.com\/pt-pt\/#\/schema\/logo\/image\/","url":"https:\/\/gifted-hub.com\/wp-content\/uploads\/2024\/07\/logo-1.svg","contentUrl":"https:\/\/gifted-hub.com\/wp-content\/uploads\/2024\/07\/logo-1.svg","caption":"Gifted HUB"},"image":{"@id":"https:\/\/gifted-hub.com\/pt-pt\/#\/schema\/logo\/image\/"}}]}},"_links":{"self":[{"href":"https:\/\/gifted-hub.com\/pt-pt\/wp-json\/wp\/v2\/pages\/18640","targetHints":{"allow":["GET"]}}],"collection":[{"href":"https:\/\/gifted-hub.com\/pt-pt\/wp-json\/wp\/v2\/pages"}],"about":[{"href":"https:\/\/gifted-hub.com\/pt-pt\/wp-json\/wp\/v2\/types\/page"}],"author":[{"embeddable":true,"href":"https:\/\/gifted-hub.com\/pt-pt\/wp-json\/wp\/v2\/users\/1"}],"replies":[{"embeddable":true,"href":"https:\/\/gifted-hub.com\/pt-pt\/wp-json\/wp\/v2\/comments?post=18640"}],"version-history":[{"count":1,"href":"https:\/\/gifted-hub.com\/pt-pt\/wp-json\/wp\/v2\/pages\/18640\/revisions"}],"predecessor-version":[{"id":18641,"href":"https:\/\/gifted-hub.com\/pt-pt\/wp-json\/wp\/v2\/pages\/18640\/revisions\/18641"}],"up":[{"embeddable":true,"href":"https:\/\/gifted-hub.com\/pt-pt\/wp-json\/wp\/v2\/pages\/16394"}],"wp:featuredmedia":[{"embeddable":true,"href":"https:\/\/gifted-hub.com\/pt-pt\/wp-json\/wp\/v2\/media\/18631"}],"wp:attachment":[{"href":"https:\/\/gifted-hub.com\/pt-pt\/wp-json\/wp\/v2\/media?parent=18640"}],"wp:term":[{"taxonomy":"group-interest","embeddable":true,"href":"https:\/\/gifted-hub.com\/pt-pt\/wp-json\/wp\/v2\/group-interest?post=18640"}],"curies":[{"name":"wp","href":"https:\/\/api.w.org\/{rel}","templated":true}]}}