{"id":18535,"date":"2024-11-21T19:25:28","date_gmt":"2024-11-21T19:25:28","guid":{"rendered":"https:\/\/gifted-hub.com\/profissionais\/criatividade-e-tomada-de-decisao-em-alunos-superdotados\/"},"modified":"2024-11-22T08:03:03","modified_gmt":"2024-11-22T08:03:03","slug":"criatividade-e-tomada-de-decisao-em-alunos-superdotados","status":"publish","type":"page","link":"https:\/\/gifted-hub.com\/pt-pt\/profissionais\/criatividade-e-tomada-de-decisao-em-alunos-superdotados\/","title":{"rendered":"Criatividade e tomada de decis\u00e3o em alunos superdotados"},"content":{"rendered":"\n<p>A criatividade e a tomada de decis\u00e3o s\u00e3o processos profundamente interligados, particularmente em alunos superdotados. <a href=\"https:\/\/gifted-hub.com\/es\/que-son-las-altas-capacidades\/el-concepto-de-los-tres-anillos-de-las-altas-capacidades\/\">Criatividade<\/a> \u00e9 a capacidade de reimaginar representa\u00e7\u00f5es mentais e \u00e9 fundamental para o pensamento intuitivo. Permite aos indiv\u00edduos construir imagens mentais que ajudam no planeamento e resolu\u00e7\u00e3o de problemas. A tomada de decis\u00e3o, por outro lado, envolve a avalia\u00e7\u00e3o de riscos, benef\u00edcios e op\u00e7\u00f5es dispon\u00edveis para selecionar o curso de a\u00e7\u00e3o mais apropriado. Tanto a criatividade quanto a tomada de decis\u00e3o s\u00e3o governadas pelas fun\u00e7\u00f5es orbitofrontais do c\u00e9rebro, que s\u00e3o respons\u00e1veis pelo controlo dos impulsos, avalia\u00e7\u00e3o de riscos e ades\u00e3o \u00e0s regras.   <\/p>\n\n<p><strong>Para que a criatividade flores\u00e7a, \u00e9 necess\u00e1rio curiosidade, motiva\u00e7\u00e3o e a capacidade de analisar e interpretar informa\u00e7\u00f5es.<\/strong> Os alunos superdotados frequentemente demonstram uma habilidade natural para envolver-se em pensamento divergente, o que os ajuda a gerar ideias originais e solu\u00e7\u00f5es inovadoras para problemas. Este estilo de pensamento tamb\u00e9m desempenha um papel na tomada de decis\u00e3o, pois permite-lhes avaliar m\u00faltiplas possibilidades e resultados. Pesquisas mostram que a criatividade e a tomada de decis\u00e3o compartilham mecanismos cognitivos comuns, incluindo o controlo inibit\u00f3rio, que \u00e9 a capacidade de suprimir respostas autom\u00e1ticas em favor de respostas mais eficazes.  <\/p>\n\n<p>Nos alunos superdotados, a criatividade frequentemente se manifesta na sua capacidade de pensar de forma flex\u00edvel e adaptativa. Estudos indicam que a sua criatividade narrativa, como contar hist\u00f3rias ou formar cen\u00e1rios imaginativos, est\u00e1 intimamente ligada \u00e0 tomada de decis\u00e3o eficaz. Por exemplo, alunos que s\u00e3o h\u00e1beis em avaliar riscos tendem a produzir ideias e solu\u00e7\u00f5es mais inovadoras. Da mesma forma, a criatividade gr\u00e1fica, como desenhar ou express\u00e3o visual, \u00e9 aprimorada quando os alunos enfrentam menos inibi\u00e7\u00f5es cognitivas, permitindo que suas ideias fluam mais livremente.   <\/p>\n\n<p>Apesar dessas for\u00e7as, \u00e9 essencial reconhecer que a criatividade e a tomada de decis\u00e3o s\u00e3o influenciadas por v\u00e1rios fatores, incluindo contextos ambientais e educacionais. <a href=\"https:\/\/gifted-hub.com\/es\/profesores\/apoyando-y-motivando-a-los-ninos-dotados-en-la-escuela\/\">Apoiar alunos superdotados<\/a> requer uma compreens\u00e3o de como esses processos funcionam juntos. Professores e educadores desempenham um papel crucial na promo\u00e7\u00e3o de ambientes que incentivem a explora\u00e7\u00e3o, respeitem a individualidade e forne\u00e7am orienta\u00e7\u00e3o. Esses ambientes ajudam os alunos a navegar por problemas complexos e a expressar sua criatividade sem medo de julgamento.  <\/p>\n\n<p>Em conclus\u00e3o, a rela\u00e7\u00e3o entre criatividade e tomada de decis\u00e3o em alunos superdotados destaca a import\u00e2ncia de integrar tanto o apoio cognitivo quanto o emocional na sua educa\u00e7\u00e3o. Ao nutrir o seu potencial criativo e habilidades de tomada de decis\u00e3o, podemos capacitar esses alunos a alcan\u00e7ar o seu m\u00e1ximo potencial enquanto enfrentam os desafios \u00fanicos que possam surgir. Compreender essa rela\u00e7\u00e3o n\u00e3o s\u00f3 aprimora as estrat\u00e9gias educacionais, mas tamb\u00e9m contribui para uma aprecia\u00e7\u00e3o mais profunda da superdota\u00e7\u00e3o e suas complexidades.  <\/p>\n","protected":false},"excerpt":{"rendered":"<p>A criatividade e a tomada de decis\u00e3o s\u00e3o processos profundamente interligados, particularmente em alunos superdotados. Criatividade \u00e9 a capacidade de reimaginar representa\u00e7\u00f5es mentais e \u00e9 fundamental para o pensamento intuitivo. Permite aos indiv\u00edduos construir imagens mentais que ajudam no planeamento e resolu\u00e7\u00e3o de problemas. A tomada de decis\u00e3o, por outro lado, envolve a avalia\u00e7\u00e3o de [&hellip;]<\/p>\n","protected":false},"author":1,"featured_media":18462,"parent":16682,"menu_order":0,"comment_status":"closed","ping_status":"closed","template":"","meta":{"_acf_changed":false,"inline_featured_image":false,"footnotes":""},"group-interest":[211],"class_list":["post-18535","page","type-page","status-publish","has-post-thumbnail","hentry","group-interest-profissionais"],"acf":[],"yoast_head":"<!-- This site is optimized with the Yoast SEO plugin v27.4 - https:\/\/yoast.com\/product\/yoast-seo-wordpress\/ -->\n<title>Criatividade e tomada de decis\u00e3o em alunos superdotados - Gifted HUB<\/title>\n<meta name=\"robots\" content=\"index, follow, max-snippet:-1, max-image-preview:large, max-video-preview:-1\" \/>\n<link rel=\"canonical\" href=\"https:\/\/gifted-hub.com\/pt-pt\/profissionais\/criatividade-e-tomada-de-decisao-em-alunos-superdotados\/\" \/>\n<meta property=\"og:locale\" content=\"pt_PT\" \/>\n<meta property=\"og:type\" content=\"article\" \/>\n<meta property=\"og:title\" content=\"Criatividade e tomada de decis\u00e3o em alunos superdotados - Gifted HUB\" \/>\n<meta property=\"og:description\" content=\"A criatividade e a tomada de decis\u00e3o s\u00e3o processos profundamente interligados, particularmente em alunos superdotados. Criatividade \u00e9 a capacidade de reimaginar representa\u00e7\u00f5es mentais e \u00e9 fundamental para o pensamento intuitivo. Permite aos indiv\u00edduos construir imagens mentais que ajudam no planeamento e resolu\u00e7\u00e3o de problemas. A tomada de decis\u00e3o, por outro lado, envolve a avalia\u00e7\u00e3o de [&hellip;]\" \/>\n<meta property=\"og:url\" content=\"https:\/\/gifted-hub.com\/pt-pt\/profissionais\/criatividade-e-tomada-de-decisao-em-alunos-superdotados\/\" \/>\n<meta property=\"og:site_name\" content=\"Gifted HUB\" \/>\n<meta property=\"article:modified_time\" content=\"2024-11-22T08:03:03+00:00\" \/>\n<meta property=\"og:image\" content=\"https:\/\/gifted-hub.com\/wp-content\/uploads\/2024\/11\/Creativity-and-Decision-Making-in-Giftedness.webp\" \/>\n\t<meta property=\"og:image:width\" content=\"1024\" \/>\n\t<meta property=\"og:image:height\" content=\"1024\" \/>\n\t<meta property=\"og:image:type\" content=\"image\/webp\" \/>\n<meta name=\"twitter:card\" content=\"summary_large_image\" \/>\n<meta name=\"twitter:label1\" content=\"Tempo estimado de leitura\" \/>\n\t<meta name=\"twitter:data1\" content=\"2 minutos\" \/>\n<script type=\"application\/ld+json\" class=\"yoast-schema-graph\">{\"@context\":\"https:\\\/\\\/schema.org\",\"@graph\":[{\"@type\":\"WebPage\",\"@id\":\"https:\\\/\\\/gifted-hub.com\\\/pt-pt\\\/profissionais\\\/criatividade-e-tomada-de-decisao-em-alunos-superdotados\\\/\",\"url\":\"https:\\\/\\\/gifted-hub.com\\\/pt-pt\\\/profissionais\\\/criatividade-e-tomada-de-decisao-em-alunos-superdotados\\\/\",\"name\":\"Criatividade e tomada de decis\u00e3o em alunos superdotados - Gifted HUB\",\"isPartOf\":{\"@id\":\"https:\\\/\\\/gifted-hub.com\\\/pt-pt\\\/#website\"},\"primaryImageOfPage\":{\"@id\":\"https:\\\/\\\/gifted-hub.com\\\/pt-pt\\\/profissionais\\\/criatividade-e-tomada-de-decisao-em-alunos-superdotados\\\/#primaryimage\"},\"image\":{\"@id\":\"https:\\\/\\\/gifted-hub.com\\\/pt-pt\\\/profissionais\\\/criatividade-e-tomada-de-decisao-em-alunos-superdotados\\\/#primaryimage\"},\"thumbnailUrl\":\"https:\\\/\\\/gifted-hub.com\\\/wp-content\\\/uploads\\\/2024\\\/11\\\/Creativity-and-Decision-Making-in-Giftedness.webp\",\"datePublished\":\"2024-11-21T19:25:28+00:00\",\"dateModified\":\"2024-11-22T08:03:03+00:00\",\"breadcrumb\":{\"@id\":\"https:\\\/\\\/gifted-hub.com\\\/pt-pt\\\/profissionais\\\/criatividade-e-tomada-de-decisao-em-alunos-superdotados\\\/#breadcrumb\"},\"inLanguage\":\"pt-PT\",\"potentialAction\":[{\"@type\":\"ReadAction\",\"target\":[\"https:\\\/\\\/gifted-hub.com\\\/pt-pt\\\/profissionais\\\/criatividade-e-tomada-de-decisao-em-alunos-superdotados\\\/\"]}]},{\"@type\":\"ImageObject\",\"inLanguage\":\"pt-PT\",\"@id\":\"https:\\\/\\\/gifted-hub.com\\\/pt-pt\\\/profissionais\\\/criatividade-e-tomada-de-decisao-em-alunos-superdotados\\\/#primaryimage\",\"url\":\"https:\\\/\\\/gifted-hub.com\\\/wp-content\\\/uploads\\\/2024\\\/11\\\/Creativity-and-Decision-Making-in-Giftedness.webp\",\"contentUrl\":\"https:\\\/\\\/gifted-hub.com\\\/wp-content\\\/uploads\\\/2024\\\/11\\\/Creativity-and-Decision-Making-in-Giftedness.webp\",\"width\":1024,\"height\":1024},{\"@type\":\"BreadcrumbList\",\"@id\":\"https:\\\/\\\/gifted-hub.com\\\/pt-pt\\\/profissionais\\\/criatividade-e-tomada-de-decisao-em-alunos-superdotados\\\/#breadcrumb\",\"itemListElement\":[{\"@type\":\"ListItem\",\"position\":1,\"name\":\"Home\",\"item\":\"https:\\\/\\\/gifted-hub.com\\\/pt-pt\\\/inicio\\\/\"},{\"@type\":\"ListItem\",\"position\":2,\"name\":\"Profissionais\",\"item\":\"https:\\\/\\\/gifted-hub.com\\\/pt-pt\\\/profissionais\\\/\"},{\"@type\":\"ListItem\",\"position\":3,\"name\":\"Criatividade e tomada de decis\u00e3o em alunos superdotados\"}]},{\"@type\":\"WebSite\",\"@id\":\"https:\\\/\\\/gifted-hub.com\\\/pt-pt\\\/#website\",\"url\":\"https:\\\/\\\/gifted-hub.com\\\/pt-pt\\\/\",\"name\":\"Gifted HUB\",\"description\":\"A space for high abilities\",\"publisher\":{\"@id\":\"https:\\\/\\\/gifted-hub.com\\\/pt-pt\\\/#organization\"},\"potentialAction\":[{\"@type\":\"SearchAction\",\"target\":{\"@type\":\"EntryPoint\",\"urlTemplate\":\"https:\\\/\\\/gifted-hub.com\\\/pt-pt\\\/?s={search_term_string}\"},\"query-input\":{\"@type\":\"PropertyValueSpecification\",\"valueRequired\":true,\"valueName\":\"search_term_string\"}}],\"inLanguage\":\"pt-PT\"},{\"@type\":\"Organization\",\"@id\":\"https:\\\/\\\/gifted-hub.com\\\/pt-pt\\\/#organization\",\"name\":\"Gifted HUB\",\"url\":\"https:\\\/\\\/gifted-hub.com\\\/pt-pt\\\/\",\"logo\":{\"@type\":\"ImageObject\",\"inLanguage\":\"pt-PT\",\"@id\":\"https:\\\/\\\/gifted-hub.com\\\/pt-pt\\\/#\\\/schema\\\/logo\\\/image\\\/\",\"url\":\"https:\\\/\\\/gifted-hub.com\\\/wp-content\\\/uploads\\\/2024\\\/07\\\/logo-1.svg\",\"contentUrl\":\"https:\\\/\\\/gifted-hub.com\\\/wp-content\\\/uploads\\\/2024\\\/07\\\/logo-1.svg\",\"caption\":\"Gifted HUB\"},\"image\":{\"@id\":\"https:\\\/\\\/gifted-hub.com\\\/pt-pt\\\/#\\\/schema\\\/logo\\\/image\\\/\"}}]}<\/script>\n<!-- \/ Yoast SEO plugin. -->","yoast_head_json":{"title":"Criatividade e tomada de decis\u00e3o em alunos superdotados - Gifted HUB","robots":{"index":"index","follow":"follow","max-snippet":"max-snippet:-1","max-image-preview":"max-image-preview:large","max-video-preview":"max-video-preview:-1"},"canonical":"https:\/\/gifted-hub.com\/pt-pt\/profissionais\/criatividade-e-tomada-de-decisao-em-alunos-superdotados\/","og_locale":"pt_PT","og_type":"article","og_title":"Criatividade e tomada de decis\u00e3o em alunos superdotados - Gifted HUB","og_description":"A criatividade e a tomada de decis\u00e3o s\u00e3o processos profundamente interligados, particularmente em alunos superdotados. Criatividade \u00e9 a capacidade de reimaginar representa\u00e7\u00f5es mentais e \u00e9 fundamental para o pensamento intuitivo. Permite aos indiv\u00edduos construir imagens mentais que ajudam no planeamento e resolu\u00e7\u00e3o de problemas. A tomada de decis\u00e3o, por outro lado, envolve a avalia\u00e7\u00e3o de [&hellip;]","og_url":"https:\/\/gifted-hub.com\/pt-pt\/profissionais\/criatividade-e-tomada-de-decisao-em-alunos-superdotados\/","og_site_name":"Gifted HUB","article_modified_time":"2024-11-22T08:03:03+00:00","og_image":[{"width":1024,"height":1024,"url":"https:\/\/gifted-hub.com\/wp-content\/uploads\/2024\/11\/Creativity-and-Decision-Making-in-Giftedness.webp","type":"image\/webp"}],"twitter_card":"summary_large_image","twitter_misc":{"Tempo estimado de leitura":"2 minutos"},"schema":{"@context":"https:\/\/schema.org","@graph":[{"@type":"WebPage","@id":"https:\/\/gifted-hub.com\/pt-pt\/profissionais\/criatividade-e-tomada-de-decisao-em-alunos-superdotados\/","url":"https:\/\/gifted-hub.com\/pt-pt\/profissionais\/criatividade-e-tomada-de-decisao-em-alunos-superdotados\/","name":"Criatividade e tomada de decis\u00e3o em alunos superdotados - Gifted HUB","isPartOf":{"@id":"https:\/\/gifted-hub.com\/pt-pt\/#website"},"primaryImageOfPage":{"@id":"https:\/\/gifted-hub.com\/pt-pt\/profissionais\/criatividade-e-tomada-de-decisao-em-alunos-superdotados\/#primaryimage"},"image":{"@id":"https:\/\/gifted-hub.com\/pt-pt\/profissionais\/criatividade-e-tomada-de-decisao-em-alunos-superdotados\/#primaryimage"},"thumbnailUrl":"https:\/\/gifted-hub.com\/wp-content\/uploads\/2024\/11\/Creativity-and-Decision-Making-in-Giftedness.webp","datePublished":"2024-11-21T19:25:28+00:00","dateModified":"2024-11-22T08:03:03+00:00","breadcrumb":{"@id":"https:\/\/gifted-hub.com\/pt-pt\/profissionais\/criatividade-e-tomada-de-decisao-em-alunos-superdotados\/#breadcrumb"},"inLanguage":"pt-PT","potentialAction":[{"@type":"ReadAction","target":["https:\/\/gifted-hub.com\/pt-pt\/profissionais\/criatividade-e-tomada-de-decisao-em-alunos-superdotados\/"]}]},{"@type":"ImageObject","inLanguage":"pt-PT","@id":"https:\/\/gifted-hub.com\/pt-pt\/profissionais\/criatividade-e-tomada-de-decisao-em-alunos-superdotados\/#primaryimage","url":"https:\/\/gifted-hub.com\/wp-content\/uploads\/2024\/11\/Creativity-and-Decision-Making-in-Giftedness.webp","contentUrl":"https:\/\/gifted-hub.com\/wp-content\/uploads\/2024\/11\/Creativity-and-Decision-Making-in-Giftedness.webp","width":1024,"height":1024},{"@type":"BreadcrumbList","@id":"https:\/\/gifted-hub.com\/pt-pt\/profissionais\/criatividade-e-tomada-de-decisao-em-alunos-superdotados\/#breadcrumb","itemListElement":[{"@type":"ListItem","position":1,"name":"Home","item":"https:\/\/gifted-hub.com\/pt-pt\/inicio\/"},{"@type":"ListItem","position":2,"name":"Profissionais","item":"https:\/\/gifted-hub.com\/pt-pt\/profissionais\/"},{"@type":"ListItem","position":3,"name":"Criatividade e tomada de decis\u00e3o em alunos superdotados"}]},{"@type":"WebSite","@id":"https:\/\/gifted-hub.com\/pt-pt\/#website","url":"https:\/\/gifted-hub.com\/pt-pt\/","name":"Gifted HUB","description":"A space for high abilities","publisher":{"@id":"https:\/\/gifted-hub.com\/pt-pt\/#organization"},"potentialAction":[{"@type":"SearchAction","target":{"@type":"EntryPoint","urlTemplate":"https:\/\/gifted-hub.com\/pt-pt\/?s={search_term_string}"},"query-input":{"@type":"PropertyValueSpecification","valueRequired":true,"valueName":"search_term_string"}}],"inLanguage":"pt-PT"},{"@type":"Organization","@id":"https:\/\/gifted-hub.com\/pt-pt\/#organization","name":"Gifted HUB","url":"https:\/\/gifted-hub.com\/pt-pt\/","logo":{"@type":"ImageObject","inLanguage":"pt-PT","@id":"https:\/\/gifted-hub.com\/pt-pt\/#\/schema\/logo\/image\/","url":"https:\/\/gifted-hub.com\/wp-content\/uploads\/2024\/07\/logo-1.svg","contentUrl":"https:\/\/gifted-hub.com\/wp-content\/uploads\/2024\/07\/logo-1.svg","caption":"Gifted HUB"},"image":{"@id":"https:\/\/gifted-hub.com\/pt-pt\/#\/schema\/logo\/image\/"}}]}},"_links":{"self":[{"href":"https:\/\/gifted-hub.com\/pt-pt\/wp-json\/wp\/v2\/pages\/18535","targetHints":{"allow":["GET"]}}],"collection":[{"href":"https:\/\/gifted-hub.com\/pt-pt\/wp-json\/wp\/v2\/pages"}],"about":[{"href":"https:\/\/gifted-hub.com\/pt-pt\/wp-json\/wp\/v2\/types\/page"}],"author":[{"embeddable":true,"href":"https:\/\/gifted-hub.com\/pt-pt\/wp-json\/wp\/v2\/users\/1"}],"replies":[{"embeddable":true,"href":"https:\/\/gifted-hub.com\/pt-pt\/wp-json\/wp\/v2\/comments?post=18535"}],"version-history":[{"count":1,"href":"https:\/\/gifted-hub.com\/pt-pt\/wp-json\/wp\/v2\/pages\/18535\/revisions"}],"predecessor-version":[{"id":18538,"href":"https:\/\/gifted-hub.com\/pt-pt\/wp-json\/wp\/v2\/pages\/18535\/revisions\/18538"}],"up":[{"embeddable":true,"href":"https:\/\/gifted-hub.com\/pt-pt\/wp-json\/wp\/v2\/pages\/16682"}],"wp:featuredmedia":[{"embeddable":true,"href":"https:\/\/gifted-hub.com\/pt-pt\/wp-json\/wp\/v2\/media\/18462"}],"wp:attachment":[{"href":"https:\/\/gifted-hub.com\/pt-pt\/wp-json\/wp\/v2\/media?parent=18535"}],"wp:term":[{"taxonomy":"group-interest","embeddable":true,"href":"https:\/\/gifted-hub.com\/pt-pt\/wp-json\/wp\/v2\/group-interest?post=18535"}],"curies":[{"name":"wp","href":"https:\/\/api.w.org\/{rel}","templated":true}]}}