{"id":18408,"date":"2024-11-20T23:21:16","date_gmt":"2024-11-20T23:21:16","guid":{"rendered":"https:\/\/gifted-hub.com\/familia\/o-papel-das-atividades-extracurriculares-de-stem-para-criancas-duplamente-excecionais\/"},"modified":"2024-11-20T23:51:41","modified_gmt":"2024-11-20T23:51:41","slug":"o-papel-das-atividades-extracurriculares-de-stem-para-criancas-duplamente-excecionais","status":"publish","type":"page","link":"https:\/\/gifted-hub.com\/pt-pt\/familia\/o-papel-das-atividades-extracurriculares-de-stem-para-criancas-duplamente-excecionais\/","title":{"rendered":"O papel das atividades extracurriculares de STEM para crian\u00e7as duplamente excecionais"},"content":{"rendered":"\n<p>A dupla excecionalidade refere-se a crian\u00e7as que s\u00e3o tanto superdotadas quanto enfrentam desafios como dificuldades de aprendizagem, <a href=\"https:\/\/gifted-hub.com\/pt-pt\/profissionais\/sobredotacao-e-tdah-em-criancas-diferencas-diagnostico-duplo-e-diagnostico-incorreto\/\">ADHD<\/a>, ou outras condi\u00e7\u00f5es que requerem apoio especial. Estas crian\u00e7as possuem for\u00e7as extraordin\u00e1rias, mas podem ter dificuldades em ambientes educacionais tradicionais, tornando essencial encontrar oportunidades que atendam tanto aos seus talentos quanto \u00e0s suas necessidades. As atividades extracurriculares de STEM\u2014como rob\u00f3tica, clubes de programa\u00e7\u00e3o, competi\u00e7\u00f5es de matem\u00e1tica e Olimp\u00edadas de Ci\u00eancia\u2014proporcionam uma excelente plataforma para que as crian\u00e7as duplamente excecionais prosperem. Estes programas n\u00e3o s\u00f3 aprimoram habilidades avan\u00e7adas em ci\u00eancia, tecnologia, engenharia e matem\u00e1tica, mas tamb\u00e9m promovem a colabora\u00e7\u00e3o, a resolu\u00e7\u00e3o de problemas e a criatividade num ambiente envolvente e de apoio.   <\/p>\n\n<p>Os programas STEM oferecem um espa\u00e7o seguro para que as crian\u00e7as duplamente excecionais explorem os seus interesses e desenvolvam a sua confian\u00e7a. Ao focar-se nas suas for\u00e7as, estas atividades podem melhorar o autoconceito e criar uma base para resultados acad\u00e9micos e sociais positivos. Atrav\u00e9s do trabalho em equipa ou de projetos individuais, as crian\u00e7as podem conectar-se com colegas que partilham paix\u00f5es semelhantes, ganhando um sentido de perten\u00e7a que pode faltar em outros aspetos das suas vidas. Al\u00e9m disso, a flexibilidade e adaptabilidade de muitos programas STEM tornam-nos particularmente adequados para abordar os desafios espec\u00edficos que as crian\u00e7as duplamente excecionais podem enfrentar, como sensibilidades sensoriais ou a necessidade de acomoda\u00e7\u00f5es.   <\/p>\n\n<p>Escolher a atividade STEM certa envolve considerar os interesses, for\u00e7as e n\u00edveis de conforto da crian\u00e7a. Os pais devem explorar programas que se alinhem com as paix\u00f5es do seu filho e proporcionem o equil\u00edbrio certo entre desafio e apoio. Pesquisar op\u00e7\u00f5es locais, visitar reuni\u00f5es de clubes ou conversar com patrocinadores de programas pode ajudar a identificar a melhor op\u00e7\u00e3o. Fatores-chave a avaliar incluem o conte\u00fado do programa, as habilidades que enfatiza e o ambiente geral. Por exemplo, uma equipa de rob\u00f3tica pode ser adequada para uma crian\u00e7a que gosta de resolver problemas e de projetos pr\u00e1ticos, enquanto um clube de programa\u00e7\u00e3o pode ser ideal para algu\u00e9m que prospera em tarefas criativas e focadas.    <\/p>\n\n<p>Em \u00faltima an\u00e1lise, o objetivo \u00e9 encontrar um programa que celebre as habilidades \u00fanicas das crian\u00e7as duplamente excecionais enquanto as ajuda a superar barreiras. Os pais devem colaborar com treinadores ou patrocinadores para garantir que o ambiente \u00e9 flex\u00edvel e prop\u00edcio ao sucesso. As atividades extracurriculares de STEM podem criar experi\u00eancias transformadoras, equipando estas crian\u00e7as com habilidades valiosas e mem\u00f3rias que apoiam o seu crescimento. Ao escolher a atividade certa e encorajar o seu filho a explorar novas oportunidades, os pais podem desbloquear todo o potencial dos alunos duplamente excecionais de maneiras que s\u00e3o tanto significativas quanto divertidas.   <\/p>\n","protected":false},"excerpt":{"rendered":"<p>A dupla excecionalidade refere-se a crian\u00e7as que s\u00e3o tanto superdotadas quanto enfrentam desafios como dificuldades de aprendizagem, ADHD, ou outras condi\u00e7\u00f5es que requerem apoio especial. Estas crian\u00e7as possuem for\u00e7as extraordin\u00e1rias, mas podem ter dificuldades em ambientes educacionais tradicionais, tornando essencial encontrar oportunidades que atendam tanto aos seus talentos quanto \u00e0s suas necessidades. As atividades extracurriculares [&hellip;]<\/p>\n","protected":false},"author":1,"featured_media":18420,"parent":16413,"menu_order":0,"comment_status":"closed","ping_status":"closed","template":"","meta":{"_acf_changed":false,"inline_featured_image":false,"footnotes":""},"group-interest":[209],"class_list":["post-18408","page","type-page","status-publish","has-post-thumbnail","hentry","group-interest-familia"],"acf":[],"yoast_head":"<!-- This site is optimized with the Yoast SEO plugin v27.4 - https:\/\/yoast.com\/product\/yoast-seo-wordpress\/ -->\n<title>O papel das atividades extracurriculares de STEM para crian\u00e7as duplamente excecionais - Gifted HUB<\/title>\n<meta name=\"robots\" content=\"index, follow, max-snippet:-1, max-image-preview:large, max-video-preview:-1\" \/>\n<link rel=\"canonical\" href=\"https:\/\/gifted-hub.com\/pt-pt\/familia\/o-papel-das-atividades-extracurriculares-de-stem-para-criancas-duplamente-excecionais\/\" \/>\n<meta property=\"og:locale\" content=\"pt_PT\" \/>\n<meta property=\"og:type\" content=\"article\" \/>\n<meta property=\"og:title\" content=\"O papel das atividades extracurriculares de STEM para crian\u00e7as duplamente excecionais - Gifted HUB\" \/>\n<meta property=\"og:description\" content=\"A dupla excecionalidade refere-se a crian\u00e7as que s\u00e3o tanto superdotadas quanto enfrentam desafios como dificuldades de aprendizagem, ADHD, ou outras condi\u00e7\u00f5es que requerem apoio especial. Estas crian\u00e7as possuem for\u00e7as extraordin\u00e1rias, mas podem ter dificuldades em ambientes educacionais tradicionais, tornando essencial encontrar oportunidades que atendam tanto aos seus talentos quanto \u00e0s suas necessidades. As atividades extracurriculares [&hellip;]\" \/>\n<meta property=\"og:url\" content=\"https:\/\/gifted-hub.com\/pt-pt\/familia\/o-papel-das-atividades-extracurriculares-de-stem-para-criancas-duplamente-excecionais\/\" \/>\n<meta property=\"og:site_name\" content=\"Gifted HUB\" \/>\n<meta property=\"article:modified_time\" content=\"2024-11-20T23:51:41+00:00\" \/>\n<meta property=\"og:image\" content=\"https:\/\/gifted-hub.com\/wp-content\/uploads\/2024\/11\/7868890.jpeg\" \/>\n\t<meta property=\"og:image:width\" content=\"1600\" \/>\n\t<meta property=\"og:image:height\" content=\"1067\" \/>\n\t<meta property=\"og:image:type\" content=\"image\/jpeg\" \/>\n<meta name=\"twitter:card\" content=\"summary_large_image\" \/>\n<meta name=\"twitter:label1\" content=\"Tempo estimado de leitura\" \/>\n\t<meta name=\"twitter:data1\" content=\"2 minutos\" \/>\n<script type=\"application\/ld+json\" class=\"yoast-schema-graph\">{\"@context\":\"https:\\\/\\\/schema.org\",\"@graph\":[{\"@type\":\"WebPage\",\"@id\":\"https:\\\/\\\/gifted-hub.com\\\/pt-pt\\\/familia\\\/o-papel-das-atividades-extracurriculares-de-stem-para-criancas-duplamente-excecionais\\\/\",\"url\":\"https:\\\/\\\/gifted-hub.com\\\/pt-pt\\\/familia\\\/o-papel-das-atividades-extracurriculares-de-stem-para-criancas-duplamente-excecionais\\\/\",\"name\":\"O papel das atividades extracurriculares de STEM para crian\u00e7as duplamente excecionais - Gifted HUB\",\"isPartOf\":{\"@id\":\"https:\\\/\\\/gifted-hub.com\\\/pt-pt\\\/#website\"},\"primaryImageOfPage\":{\"@id\":\"https:\\\/\\\/gifted-hub.com\\\/pt-pt\\\/familia\\\/o-papel-das-atividades-extracurriculares-de-stem-para-criancas-duplamente-excecionais\\\/#primaryimage\"},\"image\":{\"@id\":\"https:\\\/\\\/gifted-hub.com\\\/pt-pt\\\/familia\\\/o-papel-das-atividades-extracurriculares-de-stem-para-criancas-duplamente-excecionais\\\/#primaryimage\"},\"thumbnailUrl\":\"https:\\\/\\\/gifted-hub.com\\\/wp-content\\\/uploads\\\/2024\\\/11\\\/7868890.jpeg\",\"datePublished\":\"2024-11-20T23:21:16+00:00\",\"dateModified\":\"2024-11-20T23:51:41+00:00\",\"breadcrumb\":{\"@id\":\"https:\\\/\\\/gifted-hub.com\\\/pt-pt\\\/familia\\\/o-papel-das-atividades-extracurriculares-de-stem-para-criancas-duplamente-excecionais\\\/#breadcrumb\"},\"inLanguage\":\"pt-PT\",\"potentialAction\":[{\"@type\":\"ReadAction\",\"target\":[\"https:\\\/\\\/gifted-hub.com\\\/pt-pt\\\/familia\\\/o-papel-das-atividades-extracurriculares-de-stem-para-criancas-duplamente-excecionais\\\/\"]}]},{\"@type\":\"ImageObject\",\"inLanguage\":\"pt-PT\",\"@id\":\"https:\\\/\\\/gifted-hub.com\\\/pt-pt\\\/familia\\\/o-papel-das-atividades-extracurriculares-de-stem-para-criancas-duplamente-excecionais\\\/#primaryimage\",\"url\":\"https:\\\/\\\/gifted-hub.com\\\/wp-content\\\/uploads\\\/2024\\\/11\\\/7868890.jpeg\",\"contentUrl\":\"https:\\\/\\\/gifted-hub.com\\\/wp-content\\\/uploads\\\/2024\\\/11\\\/7868890.jpeg\",\"width\":1600,\"height\":1067},{\"@type\":\"BreadcrumbList\",\"@id\":\"https:\\\/\\\/gifted-hub.com\\\/pt-pt\\\/familia\\\/o-papel-das-atividades-extracurriculares-de-stem-para-criancas-duplamente-excecionais\\\/#breadcrumb\",\"itemListElement\":[{\"@type\":\"ListItem\",\"position\":1,\"name\":\"Home\",\"item\":\"https:\\\/\\\/gifted-hub.com\\\/pt-pt\\\/inicio\\\/\"},{\"@type\":\"ListItem\",\"position\":2,\"name\":\"Fam\u00edlia\",\"item\":\"https:\\\/\\\/gifted-hub.com\\\/pt-pt\\\/familia\\\/\"},{\"@type\":\"ListItem\",\"position\":3,\"name\":\"O papel das atividades extracurriculares de STEM para crian\u00e7as duplamente excecionais\"}]},{\"@type\":\"WebSite\",\"@id\":\"https:\\\/\\\/gifted-hub.com\\\/pt-pt\\\/#website\",\"url\":\"https:\\\/\\\/gifted-hub.com\\\/pt-pt\\\/\",\"name\":\"Gifted HUB\",\"description\":\"A space for high abilities\",\"publisher\":{\"@id\":\"https:\\\/\\\/gifted-hub.com\\\/pt-pt\\\/#organization\"},\"potentialAction\":[{\"@type\":\"SearchAction\",\"target\":{\"@type\":\"EntryPoint\",\"urlTemplate\":\"https:\\\/\\\/gifted-hub.com\\\/pt-pt\\\/?s={search_term_string}\"},\"query-input\":{\"@type\":\"PropertyValueSpecification\",\"valueRequired\":true,\"valueName\":\"search_term_string\"}}],\"inLanguage\":\"pt-PT\"},{\"@type\":\"Organization\",\"@id\":\"https:\\\/\\\/gifted-hub.com\\\/pt-pt\\\/#organization\",\"name\":\"Gifted HUB\",\"url\":\"https:\\\/\\\/gifted-hub.com\\\/pt-pt\\\/\",\"logo\":{\"@type\":\"ImageObject\",\"inLanguage\":\"pt-PT\",\"@id\":\"https:\\\/\\\/gifted-hub.com\\\/pt-pt\\\/#\\\/schema\\\/logo\\\/image\\\/\",\"url\":\"https:\\\/\\\/gifted-hub.com\\\/wp-content\\\/uploads\\\/2024\\\/07\\\/logo-1.svg\",\"contentUrl\":\"https:\\\/\\\/gifted-hub.com\\\/wp-content\\\/uploads\\\/2024\\\/07\\\/logo-1.svg\",\"caption\":\"Gifted HUB\"},\"image\":{\"@id\":\"https:\\\/\\\/gifted-hub.com\\\/pt-pt\\\/#\\\/schema\\\/logo\\\/image\\\/\"}}]}<\/script>\n<!-- \/ Yoast SEO plugin. -->","yoast_head_json":{"title":"O papel das atividades extracurriculares de STEM para crian\u00e7as duplamente excecionais - Gifted HUB","robots":{"index":"index","follow":"follow","max-snippet":"max-snippet:-1","max-image-preview":"max-image-preview:large","max-video-preview":"max-video-preview:-1"},"canonical":"https:\/\/gifted-hub.com\/pt-pt\/familia\/o-papel-das-atividades-extracurriculares-de-stem-para-criancas-duplamente-excecionais\/","og_locale":"pt_PT","og_type":"article","og_title":"O papel das atividades extracurriculares de STEM para crian\u00e7as duplamente excecionais - Gifted HUB","og_description":"A dupla excecionalidade refere-se a crian\u00e7as que s\u00e3o tanto superdotadas quanto enfrentam desafios como dificuldades de aprendizagem, ADHD, ou outras condi\u00e7\u00f5es que requerem apoio especial. Estas crian\u00e7as possuem for\u00e7as extraordin\u00e1rias, mas podem ter dificuldades em ambientes educacionais tradicionais, tornando essencial encontrar oportunidades que atendam tanto aos seus talentos quanto \u00e0s suas necessidades. As atividades extracurriculares [&hellip;]","og_url":"https:\/\/gifted-hub.com\/pt-pt\/familia\/o-papel-das-atividades-extracurriculares-de-stem-para-criancas-duplamente-excecionais\/","og_site_name":"Gifted HUB","article_modified_time":"2024-11-20T23:51:41+00:00","og_image":[{"width":1600,"height":1067,"url":"https:\/\/gifted-hub.com\/wp-content\/uploads\/2024\/11\/7868890.jpeg","type":"image\/jpeg"}],"twitter_card":"summary_large_image","twitter_misc":{"Tempo estimado de leitura":"2 minutos"},"schema":{"@context":"https:\/\/schema.org","@graph":[{"@type":"WebPage","@id":"https:\/\/gifted-hub.com\/pt-pt\/familia\/o-papel-das-atividades-extracurriculares-de-stem-para-criancas-duplamente-excecionais\/","url":"https:\/\/gifted-hub.com\/pt-pt\/familia\/o-papel-das-atividades-extracurriculares-de-stem-para-criancas-duplamente-excecionais\/","name":"O papel das atividades extracurriculares de STEM para crian\u00e7as duplamente excecionais - Gifted HUB","isPartOf":{"@id":"https:\/\/gifted-hub.com\/pt-pt\/#website"},"primaryImageOfPage":{"@id":"https:\/\/gifted-hub.com\/pt-pt\/familia\/o-papel-das-atividades-extracurriculares-de-stem-para-criancas-duplamente-excecionais\/#primaryimage"},"image":{"@id":"https:\/\/gifted-hub.com\/pt-pt\/familia\/o-papel-das-atividades-extracurriculares-de-stem-para-criancas-duplamente-excecionais\/#primaryimage"},"thumbnailUrl":"https:\/\/gifted-hub.com\/wp-content\/uploads\/2024\/11\/7868890.jpeg","datePublished":"2024-11-20T23:21:16+00:00","dateModified":"2024-11-20T23:51:41+00:00","breadcrumb":{"@id":"https:\/\/gifted-hub.com\/pt-pt\/familia\/o-papel-das-atividades-extracurriculares-de-stem-para-criancas-duplamente-excecionais\/#breadcrumb"},"inLanguage":"pt-PT","potentialAction":[{"@type":"ReadAction","target":["https:\/\/gifted-hub.com\/pt-pt\/familia\/o-papel-das-atividades-extracurriculares-de-stem-para-criancas-duplamente-excecionais\/"]}]},{"@type":"ImageObject","inLanguage":"pt-PT","@id":"https:\/\/gifted-hub.com\/pt-pt\/familia\/o-papel-das-atividades-extracurriculares-de-stem-para-criancas-duplamente-excecionais\/#primaryimage","url":"https:\/\/gifted-hub.com\/wp-content\/uploads\/2024\/11\/7868890.jpeg","contentUrl":"https:\/\/gifted-hub.com\/wp-content\/uploads\/2024\/11\/7868890.jpeg","width":1600,"height":1067},{"@type":"BreadcrumbList","@id":"https:\/\/gifted-hub.com\/pt-pt\/familia\/o-papel-das-atividades-extracurriculares-de-stem-para-criancas-duplamente-excecionais\/#breadcrumb","itemListElement":[{"@type":"ListItem","position":1,"name":"Home","item":"https:\/\/gifted-hub.com\/pt-pt\/inicio\/"},{"@type":"ListItem","position":2,"name":"Fam\u00edlia","item":"https:\/\/gifted-hub.com\/pt-pt\/familia\/"},{"@type":"ListItem","position":3,"name":"O papel das atividades extracurriculares de STEM para crian\u00e7as duplamente excecionais"}]},{"@type":"WebSite","@id":"https:\/\/gifted-hub.com\/pt-pt\/#website","url":"https:\/\/gifted-hub.com\/pt-pt\/","name":"Gifted HUB","description":"A space for high abilities","publisher":{"@id":"https:\/\/gifted-hub.com\/pt-pt\/#organization"},"potentialAction":[{"@type":"SearchAction","target":{"@type":"EntryPoint","urlTemplate":"https:\/\/gifted-hub.com\/pt-pt\/?s={search_term_string}"},"query-input":{"@type":"PropertyValueSpecification","valueRequired":true,"valueName":"search_term_string"}}],"inLanguage":"pt-PT"},{"@type":"Organization","@id":"https:\/\/gifted-hub.com\/pt-pt\/#organization","name":"Gifted HUB","url":"https:\/\/gifted-hub.com\/pt-pt\/","logo":{"@type":"ImageObject","inLanguage":"pt-PT","@id":"https:\/\/gifted-hub.com\/pt-pt\/#\/schema\/logo\/image\/","url":"https:\/\/gifted-hub.com\/wp-content\/uploads\/2024\/07\/logo-1.svg","contentUrl":"https:\/\/gifted-hub.com\/wp-content\/uploads\/2024\/07\/logo-1.svg","caption":"Gifted HUB"},"image":{"@id":"https:\/\/gifted-hub.com\/pt-pt\/#\/schema\/logo\/image\/"}}]}},"_links":{"self":[{"href":"https:\/\/gifted-hub.com\/pt-pt\/wp-json\/wp\/v2\/pages\/18408","targetHints":{"allow":["GET"]}}],"collection":[{"href":"https:\/\/gifted-hub.com\/pt-pt\/wp-json\/wp\/v2\/pages"}],"about":[{"href":"https:\/\/gifted-hub.com\/pt-pt\/wp-json\/wp\/v2\/types\/page"}],"author":[{"embeddable":true,"href":"https:\/\/gifted-hub.com\/pt-pt\/wp-json\/wp\/v2\/users\/1"}],"replies":[{"embeddable":true,"href":"https:\/\/gifted-hub.com\/pt-pt\/wp-json\/wp\/v2\/comments?post=18408"}],"version-history":[{"count":2,"href":"https:\/\/gifted-hub.com\/pt-pt\/wp-json\/wp\/v2\/pages\/18408\/revisions"}],"predecessor-version":[{"id":18426,"href":"https:\/\/gifted-hub.com\/pt-pt\/wp-json\/wp\/v2\/pages\/18408\/revisions\/18426"}],"up":[{"embeddable":true,"href":"https:\/\/gifted-hub.com\/pt-pt\/wp-json\/wp\/v2\/pages\/16413"}],"wp:featuredmedia":[{"embeddable":true,"href":"https:\/\/gifted-hub.com\/pt-pt\/wp-json\/wp\/v2\/media\/18420"}],"wp:attachment":[{"href":"https:\/\/gifted-hub.com\/pt-pt\/wp-json\/wp\/v2\/media?parent=18408"}],"wp:term":[{"taxonomy":"group-interest","embeddable":true,"href":"https:\/\/gifted-hub.com\/pt-pt\/wp-json\/wp\/v2\/group-interest?post=18408"}],"curies":[{"name":"wp","href":"https:\/\/api.w.org\/{rel}","templated":true}]}}