{"id":18362,"date":"2024-11-20T21:50:21","date_gmt":"2024-11-20T21:50:21","guid":{"rendered":"https:\/\/gifted-hub.com\/professores\/criar-uma-sala-de-aula-diferenciada-para-alunos-superdotados\/"},"modified":"2024-11-20T22:10:30","modified_gmt":"2024-11-20T22:10:30","slug":"criar-uma-sala-de-aula-diferenciada-para-alunos-superdotados","status":"publish","type":"page","link":"https:\/\/gifted-hub.com\/pt-pt\/professores\/criar-uma-sala-de-aula-diferenciada-para-alunos-superdotados\/","title":{"rendered":"Criar uma sala de aula diferenciada para alunos superdotados"},"content":{"rendered":"\n<p>Criar uma sala de aula diferenciada para alunos superdotados requer a compreens\u00e3o das suas <a href=\"https:\/\/gifted-hub.com\/pt-pt\/professores\/apoiar-e-motivar-criancas-talentosas-na-escola\/\">necessidades de aprendizagem \u00fanicas<\/a> e o ajuste dos m\u00e9todos de ensino para promover o seu crescimento. Os alunos superdotados frequentemente compreendem novas informa\u00e7\u00f5es mais rapidamente do que os seus colegas, retendo-as melhor e mostrando interesse em ideias complexas e abstratas. No entanto, estes alunos podem ficar desmotivados se a instru\u00e7\u00e3o n\u00e3o os desafiar ou se lhes forem atribu\u00eddos trabalhos repetitivos ou desnecess\u00e1rios quando terminam as tarefas cedo.  <\/p>\n\n<p>Para apoiar eficazmente os alunos superdotados, as escolas devem proporcionar oportunidades para uma explora\u00e7\u00e3o mais profunda do conte\u00fado, permitindo que os alunos apliquem, analisem e avaliem ideias em n\u00edveis cognitivos superiores. A diferencia\u00e7\u00e3o pode incluir a compacta\u00e7\u00e3o do curr\u00edculo para saltar material j\u00e1 dominado e substitu\u00ed-lo por atividades avan\u00e7adas ou enriquecidas. Os professores devem conceber aulas com tarefas escalonadas adaptadas aos diferentes n\u00edveis de habilidade na sala de aula, garantindo que todos os alunos estejam envolvidos e desafiados.  <\/p>\n\n<p>O agrupamento flex\u00edvel \u00e9 outra estrat\u00e9gia essencial. Agrupar alunos superdotados permite-lhes colaborar em projetos avan\u00e7ados, enquanto grupos de habilidades mistas promovem o desenvolvimento social e exp\u00f5em-nos a perspetivas diversificadas. Os professores devem avaliar continuamente o progresso dos alunos, utilizando pr\u00e9-avalia\u00e7\u00f5es para identificar conhecimentos pr\u00e9vios e prontid\u00e3o para novo material, garantindo que a instru\u00e7\u00e3o permane\u00e7a relevante e estimulante.  <\/p>\n\n<p>Os alunos superdotados prosperam quando t\u00eam oportunidades para perseguir as suas paix\u00f5es, explorar t\u00f3picos de interesse em profundidade e expressar criatividade. Seja atrav\u00e9s de contratos de aprendizagem individuais, projetos abertos ou tarefas de resolu\u00e7\u00e3o criativa de problemas, o ambiente da sala de aula deve encorajar a curiosidade e a inova\u00e7\u00e3o. Os professores devem concentrar-se em proporcionar desafios significativos, evitando trabalhos desnecess\u00e1rios, e fomentar um sentido de perten\u00e7a e envolvimento para cada aluno.  <\/p>\n\n<p>Ao incorporar estas pr\u00e1ticas, os educadores podem criar salas de aula que nutrem o desenvolvimento intelectual e emocional dos alunos superdotados, ajudando-os a alcan\u00e7ar o seu pleno potencial enquanto garantem uma experi\u00eancia de aprendizagem din\u00e2mica e inclusiva para todos.<\/p>\n","protected":false},"excerpt":{"rendered":"<p>Criar uma sala de aula diferenciada para alunos superdotados requer a compreens\u00e3o das suas necessidades de aprendizagem \u00fanicas e o ajuste dos m\u00e9todos de ensino para promover o seu crescimento. Os alunos superdotados frequentemente compreendem novas informa\u00e7\u00f5es mais rapidamente do que os seus colegas, retendo-as melhor e mostrando interesse em ideias complexas e abstratas. No [&hellip;]<\/p>\n","protected":false},"author":1,"featured_media":18351,"parent":16394,"menu_order":0,"comment_status":"closed","ping_status":"closed","template":"","meta":{"_acf_changed":false,"inline_featured_image":false,"footnotes":""},"group-interest":[210],"class_list":["post-18362","page","type-page","status-publish","has-post-thumbnail","hentry","group-interest-professores"],"acf":[],"yoast_head":"<!-- This site is optimized with the Yoast SEO plugin v27.4 - https:\/\/yoast.com\/product\/yoast-seo-wordpress\/ -->\n<title>Criar uma sala de aula diferenciada para alunos superdotados - Gifted HUB<\/title>\n<meta name=\"robots\" content=\"index, follow, max-snippet:-1, max-image-preview:large, max-video-preview:-1\" \/>\n<link rel=\"canonical\" href=\"https:\/\/gifted-hub.com\/pt-pt\/professores\/criar-uma-sala-de-aula-diferenciada-para-alunos-superdotados\/\" \/>\n<meta property=\"og:locale\" content=\"pt_PT\" \/>\n<meta property=\"og:type\" content=\"article\" \/>\n<meta property=\"og:title\" content=\"Criar uma sala de aula diferenciada para alunos superdotados - Gifted HUB\" \/>\n<meta property=\"og:description\" content=\"Criar uma sala de aula diferenciada para alunos superdotados requer a compreens\u00e3o das suas necessidades de aprendizagem \u00fanicas e o ajuste dos m\u00e9todos de ensino para promover o seu crescimento. Os alunos superdotados frequentemente compreendem novas informa\u00e7\u00f5es mais rapidamente do que os seus colegas, retendo-as melhor e mostrando interesse em ideias complexas e abstratas. No [&hellip;]\" \/>\n<meta property=\"og:url\" content=\"https:\/\/gifted-hub.com\/pt-pt\/professores\/criar-uma-sala-de-aula-diferenciada-para-alunos-superdotados\/\" \/>\n<meta property=\"og:site_name\" content=\"Gifted HUB\" \/>\n<meta property=\"article:modified_time\" content=\"2024-11-20T22:10:30+00:00\" \/>\n<meta property=\"og:image\" content=\"https:\/\/gifted-hub.com\/wp-content\/uploads\/2024\/11\/5ekw8z7cge4.jpg\" \/>\n\t<meta property=\"og:image:width\" content=\"1600\" \/>\n\t<meta property=\"og:image:height\" content=\"1067\" \/>\n\t<meta property=\"og:image:type\" content=\"image\/jpeg\" \/>\n<meta name=\"twitter:card\" content=\"summary_large_image\" \/>\n<meta name=\"twitter:label1\" content=\"Tempo estimado de leitura\" \/>\n\t<meta name=\"twitter:data1\" content=\"2 minutos\" \/>\n<script type=\"application\/ld+json\" class=\"yoast-schema-graph\">{\"@context\":\"https:\\\/\\\/schema.org\",\"@graph\":[{\"@type\":\"WebPage\",\"@id\":\"https:\\\/\\\/gifted-hub.com\\\/pt-pt\\\/professores\\\/criar-uma-sala-de-aula-diferenciada-para-alunos-superdotados\\\/\",\"url\":\"https:\\\/\\\/gifted-hub.com\\\/pt-pt\\\/professores\\\/criar-uma-sala-de-aula-diferenciada-para-alunos-superdotados\\\/\",\"name\":\"Criar uma sala de aula diferenciada para alunos superdotados - Gifted HUB\",\"isPartOf\":{\"@id\":\"https:\\\/\\\/gifted-hub.com\\\/pt-pt\\\/#website\"},\"primaryImageOfPage\":{\"@id\":\"https:\\\/\\\/gifted-hub.com\\\/pt-pt\\\/professores\\\/criar-uma-sala-de-aula-diferenciada-para-alunos-superdotados\\\/#primaryimage\"},\"image\":{\"@id\":\"https:\\\/\\\/gifted-hub.com\\\/pt-pt\\\/professores\\\/criar-uma-sala-de-aula-diferenciada-para-alunos-superdotados\\\/#primaryimage\"},\"thumbnailUrl\":\"https:\\\/\\\/gifted-hub.com\\\/wp-content\\\/uploads\\\/2024\\\/11\\\/5ekw8z7cge4.jpg\",\"datePublished\":\"2024-11-20T21:50:21+00:00\",\"dateModified\":\"2024-11-20T22:10:30+00:00\",\"breadcrumb\":{\"@id\":\"https:\\\/\\\/gifted-hub.com\\\/pt-pt\\\/professores\\\/criar-uma-sala-de-aula-diferenciada-para-alunos-superdotados\\\/#breadcrumb\"},\"inLanguage\":\"pt-PT\",\"potentialAction\":[{\"@type\":\"ReadAction\",\"target\":[\"https:\\\/\\\/gifted-hub.com\\\/pt-pt\\\/professores\\\/criar-uma-sala-de-aula-diferenciada-para-alunos-superdotados\\\/\"]}]},{\"@type\":\"ImageObject\",\"inLanguage\":\"pt-PT\",\"@id\":\"https:\\\/\\\/gifted-hub.com\\\/pt-pt\\\/professores\\\/criar-uma-sala-de-aula-diferenciada-para-alunos-superdotados\\\/#primaryimage\",\"url\":\"https:\\\/\\\/gifted-hub.com\\\/wp-content\\\/uploads\\\/2024\\\/11\\\/5ekw8z7cge4.jpg\",\"contentUrl\":\"https:\\\/\\\/gifted-hub.com\\\/wp-content\\\/uploads\\\/2024\\\/11\\\/5ekw8z7cge4.jpg\",\"width\":1600,\"height\":1067},{\"@type\":\"BreadcrumbList\",\"@id\":\"https:\\\/\\\/gifted-hub.com\\\/pt-pt\\\/professores\\\/criar-uma-sala-de-aula-diferenciada-para-alunos-superdotados\\\/#breadcrumb\",\"itemListElement\":[{\"@type\":\"ListItem\",\"position\":1,\"name\":\"Home\",\"item\":\"https:\\\/\\\/gifted-hub.com\\\/pt-pt\\\/inicio\\\/\"},{\"@type\":\"ListItem\",\"position\":2,\"name\":\"Professores\",\"item\":\"https:\\\/\\\/gifted-hub.com\\\/pt-pt\\\/professores\\\/\"},{\"@type\":\"ListItem\",\"position\":3,\"name\":\"Criar uma sala de aula diferenciada para alunos superdotados\"}]},{\"@type\":\"WebSite\",\"@id\":\"https:\\\/\\\/gifted-hub.com\\\/pt-pt\\\/#website\",\"url\":\"https:\\\/\\\/gifted-hub.com\\\/pt-pt\\\/\",\"name\":\"Gifted HUB\",\"description\":\"A space for high abilities\",\"publisher\":{\"@id\":\"https:\\\/\\\/gifted-hub.com\\\/pt-pt\\\/#organization\"},\"potentialAction\":[{\"@type\":\"SearchAction\",\"target\":{\"@type\":\"EntryPoint\",\"urlTemplate\":\"https:\\\/\\\/gifted-hub.com\\\/pt-pt\\\/?s={search_term_string}\"},\"query-input\":{\"@type\":\"PropertyValueSpecification\",\"valueRequired\":true,\"valueName\":\"search_term_string\"}}],\"inLanguage\":\"pt-PT\"},{\"@type\":\"Organization\",\"@id\":\"https:\\\/\\\/gifted-hub.com\\\/pt-pt\\\/#organization\",\"name\":\"Gifted HUB\",\"url\":\"https:\\\/\\\/gifted-hub.com\\\/pt-pt\\\/\",\"logo\":{\"@type\":\"ImageObject\",\"inLanguage\":\"pt-PT\",\"@id\":\"https:\\\/\\\/gifted-hub.com\\\/pt-pt\\\/#\\\/schema\\\/logo\\\/image\\\/\",\"url\":\"https:\\\/\\\/gifted-hub.com\\\/wp-content\\\/uploads\\\/2024\\\/07\\\/logo-1.svg\",\"contentUrl\":\"https:\\\/\\\/gifted-hub.com\\\/wp-content\\\/uploads\\\/2024\\\/07\\\/logo-1.svg\",\"caption\":\"Gifted HUB\"},\"image\":{\"@id\":\"https:\\\/\\\/gifted-hub.com\\\/pt-pt\\\/#\\\/schema\\\/logo\\\/image\\\/\"}}]}<\/script>\n<!-- \/ Yoast SEO plugin. -->","yoast_head_json":{"title":"Criar uma sala de aula diferenciada para alunos superdotados - Gifted HUB","robots":{"index":"index","follow":"follow","max-snippet":"max-snippet:-1","max-image-preview":"max-image-preview:large","max-video-preview":"max-video-preview:-1"},"canonical":"https:\/\/gifted-hub.com\/pt-pt\/professores\/criar-uma-sala-de-aula-diferenciada-para-alunos-superdotados\/","og_locale":"pt_PT","og_type":"article","og_title":"Criar uma sala de aula diferenciada para alunos superdotados - Gifted HUB","og_description":"Criar uma sala de aula diferenciada para alunos superdotados requer a compreens\u00e3o das suas necessidades de aprendizagem \u00fanicas e o ajuste dos m\u00e9todos de ensino para promover o seu crescimento. Os alunos superdotados frequentemente compreendem novas informa\u00e7\u00f5es mais rapidamente do que os seus colegas, retendo-as melhor e mostrando interesse em ideias complexas e abstratas. No [&hellip;]","og_url":"https:\/\/gifted-hub.com\/pt-pt\/professores\/criar-uma-sala-de-aula-diferenciada-para-alunos-superdotados\/","og_site_name":"Gifted HUB","article_modified_time":"2024-11-20T22:10:30+00:00","og_image":[{"width":1600,"height":1067,"url":"https:\/\/gifted-hub.com\/wp-content\/uploads\/2024\/11\/5ekw8z7cge4.jpg","type":"image\/jpeg"}],"twitter_card":"summary_large_image","twitter_misc":{"Tempo estimado de leitura":"2 minutos"},"schema":{"@context":"https:\/\/schema.org","@graph":[{"@type":"WebPage","@id":"https:\/\/gifted-hub.com\/pt-pt\/professores\/criar-uma-sala-de-aula-diferenciada-para-alunos-superdotados\/","url":"https:\/\/gifted-hub.com\/pt-pt\/professores\/criar-uma-sala-de-aula-diferenciada-para-alunos-superdotados\/","name":"Criar uma sala de aula diferenciada para alunos superdotados - Gifted HUB","isPartOf":{"@id":"https:\/\/gifted-hub.com\/pt-pt\/#website"},"primaryImageOfPage":{"@id":"https:\/\/gifted-hub.com\/pt-pt\/professores\/criar-uma-sala-de-aula-diferenciada-para-alunos-superdotados\/#primaryimage"},"image":{"@id":"https:\/\/gifted-hub.com\/pt-pt\/professores\/criar-uma-sala-de-aula-diferenciada-para-alunos-superdotados\/#primaryimage"},"thumbnailUrl":"https:\/\/gifted-hub.com\/wp-content\/uploads\/2024\/11\/5ekw8z7cge4.jpg","datePublished":"2024-11-20T21:50:21+00:00","dateModified":"2024-11-20T22:10:30+00:00","breadcrumb":{"@id":"https:\/\/gifted-hub.com\/pt-pt\/professores\/criar-uma-sala-de-aula-diferenciada-para-alunos-superdotados\/#breadcrumb"},"inLanguage":"pt-PT","potentialAction":[{"@type":"ReadAction","target":["https:\/\/gifted-hub.com\/pt-pt\/professores\/criar-uma-sala-de-aula-diferenciada-para-alunos-superdotados\/"]}]},{"@type":"ImageObject","inLanguage":"pt-PT","@id":"https:\/\/gifted-hub.com\/pt-pt\/professores\/criar-uma-sala-de-aula-diferenciada-para-alunos-superdotados\/#primaryimage","url":"https:\/\/gifted-hub.com\/wp-content\/uploads\/2024\/11\/5ekw8z7cge4.jpg","contentUrl":"https:\/\/gifted-hub.com\/wp-content\/uploads\/2024\/11\/5ekw8z7cge4.jpg","width":1600,"height":1067},{"@type":"BreadcrumbList","@id":"https:\/\/gifted-hub.com\/pt-pt\/professores\/criar-uma-sala-de-aula-diferenciada-para-alunos-superdotados\/#breadcrumb","itemListElement":[{"@type":"ListItem","position":1,"name":"Home","item":"https:\/\/gifted-hub.com\/pt-pt\/inicio\/"},{"@type":"ListItem","position":2,"name":"Professores","item":"https:\/\/gifted-hub.com\/pt-pt\/professores\/"},{"@type":"ListItem","position":3,"name":"Criar uma sala de aula diferenciada para alunos superdotados"}]},{"@type":"WebSite","@id":"https:\/\/gifted-hub.com\/pt-pt\/#website","url":"https:\/\/gifted-hub.com\/pt-pt\/","name":"Gifted HUB","description":"A space for high abilities","publisher":{"@id":"https:\/\/gifted-hub.com\/pt-pt\/#organization"},"potentialAction":[{"@type":"SearchAction","target":{"@type":"EntryPoint","urlTemplate":"https:\/\/gifted-hub.com\/pt-pt\/?s={search_term_string}"},"query-input":{"@type":"PropertyValueSpecification","valueRequired":true,"valueName":"search_term_string"}}],"inLanguage":"pt-PT"},{"@type":"Organization","@id":"https:\/\/gifted-hub.com\/pt-pt\/#organization","name":"Gifted HUB","url":"https:\/\/gifted-hub.com\/pt-pt\/","logo":{"@type":"ImageObject","inLanguage":"pt-PT","@id":"https:\/\/gifted-hub.com\/pt-pt\/#\/schema\/logo\/image\/","url":"https:\/\/gifted-hub.com\/wp-content\/uploads\/2024\/07\/logo-1.svg","contentUrl":"https:\/\/gifted-hub.com\/wp-content\/uploads\/2024\/07\/logo-1.svg","caption":"Gifted HUB"},"image":{"@id":"https:\/\/gifted-hub.com\/pt-pt\/#\/schema\/logo\/image\/"}}]}},"_links":{"self":[{"href":"https:\/\/gifted-hub.com\/pt-pt\/wp-json\/wp\/v2\/pages\/18362","targetHints":{"allow":["GET"]}}],"collection":[{"href":"https:\/\/gifted-hub.com\/pt-pt\/wp-json\/wp\/v2\/pages"}],"about":[{"href":"https:\/\/gifted-hub.com\/pt-pt\/wp-json\/wp\/v2\/types\/page"}],"author":[{"embeddable":true,"href":"https:\/\/gifted-hub.com\/pt-pt\/wp-json\/wp\/v2\/users\/1"}],"replies":[{"embeddable":true,"href":"https:\/\/gifted-hub.com\/pt-pt\/wp-json\/wp\/v2\/comments?post=18362"}],"version-history":[{"count":1,"href":"https:\/\/gifted-hub.com\/pt-pt\/wp-json\/wp\/v2\/pages\/18362\/revisions"}],"predecessor-version":[{"id":18363,"href":"https:\/\/gifted-hub.com\/pt-pt\/wp-json\/wp\/v2\/pages\/18362\/revisions\/18363"}],"up":[{"embeddable":true,"href":"https:\/\/gifted-hub.com\/pt-pt\/wp-json\/wp\/v2\/pages\/16394"}],"wp:featuredmedia":[{"embeddable":true,"href":"https:\/\/gifted-hub.com\/pt-pt\/wp-json\/wp\/v2\/media\/18351"}],"wp:attachment":[{"href":"https:\/\/gifted-hub.com\/pt-pt\/wp-json\/wp\/v2\/media?parent=18362"}],"wp:term":[{"taxonomy":"group-interest","embeddable":true,"href":"https:\/\/gifted-hub.com\/pt-pt\/wp-json\/wp\/v2\/group-interest?post=18362"}],"curies":[{"name":"wp","href":"https:\/\/api.w.org\/{rel}","templated":true}]}}