{"id":18207,"date":"2024-11-16T00:53:18","date_gmt":"2024-11-16T00:53:18","guid":{"rendered":"https:\/\/gifted-hub.com\/professores\/capacitar-educadores-a-formacao-essencial-para-apoiar-alunos-superdotados\/"},"modified":"2024-11-16T01:06:10","modified_gmt":"2024-11-16T01:06:10","slug":"capacitar-educadores-a-formacao-essencial-para-apoiar-alunos-superdotados","status":"publish","type":"page","link":"https:\/\/gifted-hub.com\/pt-pt\/professores\/capacitar-educadores-a-formacao-essencial-para-apoiar-alunos-superdotados\/","title":{"rendered":"Capacitar Educadores: A Forma\u00e7\u00e3o Essencial para Apoiar Alunos Superdotados"},"content":{"rendered":"\n<p>A forma\u00e7\u00e3o de professores \u00e9 fundamental para fomentar sistemas de educa\u00e7\u00e3o inclusiva, particularmente ao abordar as necessidades dos alunos superdotados. Os educadores desempenham um papel crucial no reconhecimento e apoio ao potencial \u00fanico desses alunos. A sua prepara\u00e7\u00e3o deve abranger uma <a href=\"https:\/\/gifted-hub.com\/pt-pt\/o-que-sao-altas-habilidades\/\" data-type=\"page\" data-id=\"347\">compreens\u00e3o da superdota\u00e7\u00e3o<\/a>, estrat\u00e9gias para uma inclus\u00e3o eficaz e a capacidade de navegar pelas complexidades socioemocionais. A identifica\u00e7\u00e3o precoce \u00e9 essencial, permitindo interven\u00e7\u00f5es personalizadas que se alinhem com os pontos fortes e necessidades individuais de cada aluno.   <\/p>\n\n<p>A educa\u00e7\u00e3o de alunos superdotados requer m\u00e9todos de ensino que desafiem e envolvam os alunos a um n\u00edvel apropriado. A instru\u00e7\u00e3o diferenciada e as atividades de enriquecimento proporcionam oportunidades para a explora\u00e7\u00e3o intelectual e criativa, garantindo que os alunos n\u00e3o fiquem entediados nem sobrecarregados. Os princ\u00edpios do Desenho Universal para a Aprendizagem podem melhorar a inclus\u00e3o ao oferecer m\u00faltiplas formas para os alunos acederem e demonstrarem o seu conhecimento. Estas abordagens capacitam os alunos a prosperar academicamente, ao mesmo tempo que promovem um sentimento de perten\u00e7a nos seus ambientes educacionais.   <\/p>\n\n<p>Os professores tamb\u00e9m devem abordar as dimens\u00f5es socioemocionais da superdota\u00e7\u00e3o. Estes alunos frequentemente experienciam uma sensibilidade aumentada, perfeccionismo ou sentimentos de isolamento. Os educadores precisam criar uma atmosfera de sala de aula onde estes desafios sejam reconhecidos e abordados, promovendo a resili\u00eancia, a lideran\u00e7a e intera\u00e7\u00f5es sociais positivas. A capacidade de guiar os alunos superdotados atrav\u00e9s dos seus <a href=\"https:\/\/gifted-hub.com\/pt-pt\/profissionais\/a-psicologia-dos-jovens-superdotados\/\" data-type=\"page\" data-id=\"15777\">paisagens emocionais<\/a> \u00e9 t\u00e3o importante quanto nutrir os seus talentos acad\u00e9micos.   <\/p>\n\n<p>A colabora\u00e7\u00e3o entre professores, fam\u00edlias e outros profissionais \u00e9 essencial para o sucesso. Partilhar experi\u00eancias, recursos e estrat\u00e9gias enriquece a capacidade coletiva de apoiar os alunos superdotados. Redes profissionais e oportunidades de educa\u00e7\u00e3o cont\u00ednua, como workshops e semin\u00e1rios, equipam os professores com as ferramentas e perspetivas necess\u00e1rias para se manterem atualizados neste campo em evolu\u00e7\u00e3o. A aprendizagem ao longo da vida n\u00e3o \u00e9 apenas um conceito para os alunos, mas uma necessidade para os educadores dedicados a proporcionar as melhores experi\u00eancias educacionais poss\u00edveis.   <\/p>\n\n<p>Apesar dos desafios, como recursos limitados ou forma\u00e7\u00e3o formal inadequada, existem numerosos facilitadores que apoiam o ensino eficaz para alunos superdotados. Estes incluem o uso da tecnologia, estrat\u00e9gias de ensino inovadoras e comunica\u00e7\u00e3o aberta com as fam\u00edlias. O compromisso dos professores com a adaptabilidade e a melhoria cont\u00ednua garante que os alunos superdotados recebam a aten\u00e7\u00e3o e a estimula\u00e7\u00e3o de que necessitam para se destacarem. O caminho para a inclus\u00e3o pode exigir esfor\u00e7o e inova\u00e7\u00e3o, mas as recompensas\u2014alunos a alcan\u00e7ar o seu pleno potencial\u2014s\u00e3o imensur\u00e1veis.   <\/p>\n\n<p>Os educadores devem estar equipados com uma forte base de conhecimento, habilidades pr\u00e1ticas e pr\u00e1ticas reflexivas para abordar as complexidades da educa\u00e7\u00e3o de alunos superdotados. O seu papel \u00e9 central para garantir que estes alunos n\u00e3o s\u00f3 alcancem o sucesso acad\u00e9mico, mas tamb\u00e9m se tornem indiv\u00edduos completos. Uma abordagem hol\u00edstica \u00e0 forma\u00e7\u00e3o de professores, enfatizando a integra\u00e7\u00e3o da teoria e da pr\u00e1tica, estabelece as bases para ambientes educacionais inclusivos e eficazes. Tal forma\u00e7\u00e3o beneficia n\u00e3o s\u00f3 os alunos superdotados, mas toda a comunidade de aprendizagem, pois promove uma aprecia\u00e7\u00e3o pela diversidade e pelo valor das contribui\u00e7\u00f5es \u00fanicas de cada aluno.   <\/p>\n","protected":false},"excerpt":{"rendered":"<p>A forma\u00e7\u00e3o de professores \u00e9 fundamental para fomentar sistemas de educa\u00e7\u00e3o inclusiva, particularmente ao abordar as necessidades dos alunos superdotados. Os educadores desempenham um papel crucial no reconhecimento e apoio ao potencial \u00fanico desses alunos. A sua prepara\u00e7\u00e3o deve abranger uma compreens\u00e3o da superdota\u00e7\u00e3o, estrat\u00e9gias para uma inclus\u00e3o eficaz e a capacidade de navegar pelas [&hellip;]<\/p>\n","protected":false},"author":1,"featured_media":18183,"parent":16394,"menu_order":0,"comment_status":"closed","ping_status":"closed","template":"","meta":{"_acf_changed":false,"inline_featured_image":false,"footnotes":""},"group-interest":[],"class_list":["post-18207","page","type-page","status-publish","has-post-thumbnail","hentry"],"acf":[],"yoast_head":"<!-- This site is optimized with the Yoast SEO plugin v27.4 - https:\/\/yoast.com\/product\/yoast-seo-wordpress\/ -->\n<title>Capacitar Educadores: A Forma\u00e7\u00e3o Essencial para Apoiar Alunos Superdotados - Gifted HUB<\/title>\n<meta name=\"robots\" content=\"index, follow, max-snippet:-1, max-image-preview:large, max-video-preview:-1\" \/>\n<link rel=\"canonical\" href=\"https:\/\/gifted-hub.com\/pt-pt\/professores\/capacitar-educadores-a-formacao-essencial-para-apoiar-alunos-superdotados\/\" \/>\n<meta property=\"og:locale\" content=\"pt_PT\" \/>\n<meta property=\"og:type\" content=\"article\" \/>\n<meta property=\"og:title\" content=\"Capacitar Educadores: A Forma\u00e7\u00e3o Essencial para Apoiar Alunos Superdotados - Gifted HUB\" \/>\n<meta property=\"og:description\" content=\"A forma\u00e7\u00e3o de professores \u00e9 fundamental para fomentar sistemas de educa\u00e7\u00e3o inclusiva, particularmente ao abordar as necessidades dos alunos superdotados. Os educadores desempenham um papel crucial no reconhecimento e apoio ao potencial \u00fanico desses alunos. A sua prepara\u00e7\u00e3o deve abranger uma compreens\u00e3o da superdota\u00e7\u00e3o, estrat\u00e9gias para uma inclus\u00e3o eficaz e a capacidade de navegar pelas [&hellip;]\" \/>\n<meta property=\"og:url\" content=\"https:\/\/gifted-hub.com\/pt-pt\/professores\/capacitar-educadores-a-formacao-essencial-para-apoiar-alunos-superdotados\/\" \/>\n<meta property=\"og:site_name\" content=\"Gifted HUB\" \/>\n<meta property=\"article:modified_time\" content=\"2024-11-16T01:06:10+00:00\" \/>\n<meta property=\"og:image\" content=\"https:\/\/gifted-hub.com\/wp-content\/uploads\/2024\/11\/i5nmmbr8jyg.jpg\" \/>\n\t<meta property=\"og:image:width\" content=\"1600\" \/>\n\t<meta property=\"og:image:height\" content=\"1067\" \/>\n\t<meta property=\"og:image:type\" content=\"image\/jpeg\" \/>\n<meta name=\"twitter:card\" content=\"summary_large_image\" \/>\n<meta name=\"twitter:label1\" content=\"Tempo estimado de leitura\" \/>\n\t<meta name=\"twitter:data1\" content=\"3 minutos\" \/>\n<script type=\"application\/ld+json\" class=\"yoast-schema-graph\">{\"@context\":\"https:\\\/\\\/schema.org\",\"@graph\":[{\"@type\":\"WebPage\",\"@id\":\"https:\\\/\\\/gifted-hub.com\\\/pt-pt\\\/professores\\\/capacitar-educadores-a-formacao-essencial-para-apoiar-alunos-superdotados\\\/\",\"url\":\"https:\\\/\\\/gifted-hub.com\\\/pt-pt\\\/professores\\\/capacitar-educadores-a-formacao-essencial-para-apoiar-alunos-superdotados\\\/\",\"name\":\"Capacitar Educadores: A Forma\u00e7\u00e3o Essencial para Apoiar Alunos Superdotados - Gifted HUB\",\"isPartOf\":{\"@id\":\"https:\\\/\\\/gifted-hub.com\\\/pt-pt\\\/#website\"},\"primaryImageOfPage\":{\"@id\":\"https:\\\/\\\/gifted-hub.com\\\/pt-pt\\\/professores\\\/capacitar-educadores-a-formacao-essencial-para-apoiar-alunos-superdotados\\\/#primaryimage\"},\"image\":{\"@id\":\"https:\\\/\\\/gifted-hub.com\\\/pt-pt\\\/professores\\\/capacitar-educadores-a-formacao-essencial-para-apoiar-alunos-superdotados\\\/#primaryimage\"},\"thumbnailUrl\":\"https:\\\/\\\/gifted-hub.com\\\/wp-content\\\/uploads\\\/2024\\\/11\\\/i5nmmbr8jyg.jpg\",\"datePublished\":\"2024-11-16T00:53:18+00:00\",\"dateModified\":\"2024-11-16T01:06:10+00:00\",\"breadcrumb\":{\"@id\":\"https:\\\/\\\/gifted-hub.com\\\/pt-pt\\\/professores\\\/capacitar-educadores-a-formacao-essencial-para-apoiar-alunos-superdotados\\\/#breadcrumb\"},\"inLanguage\":\"pt-PT\",\"potentialAction\":[{\"@type\":\"ReadAction\",\"target\":[\"https:\\\/\\\/gifted-hub.com\\\/pt-pt\\\/professores\\\/capacitar-educadores-a-formacao-essencial-para-apoiar-alunos-superdotados\\\/\"]}]},{\"@type\":\"ImageObject\",\"inLanguage\":\"pt-PT\",\"@id\":\"https:\\\/\\\/gifted-hub.com\\\/pt-pt\\\/professores\\\/capacitar-educadores-a-formacao-essencial-para-apoiar-alunos-superdotados\\\/#primaryimage\",\"url\":\"https:\\\/\\\/gifted-hub.com\\\/wp-content\\\/uploads\\\/2024\\\/11\\\/i5nmmbr8jyg.jpg\",\"contentUrl\":\"https:\\\/\\\/gifted-hub.com\\\/wp-content\\\/uploads\\\/2024\\\/11\\\/i5nmmbr8jyg.jpg\",\"width\":1600,\"height\":1067},{\"@type\":\"BreadcrumbList\",\"@id\":\"https:\\\/\\\/gifted-hub.com\\\/pt-pt\\\/professores\\\/capacitar-educadores-a-formacao-essencial-para-apoiar-alunos-superdotados\\\/#breadcrumb\",\"itemListElement\":[{\"@type\":\"ListItem\",\"position\":1,\"name\":\"Home\",\"item\":\"https:\\\/\\\/gifted-hub.com\\\/pt-pt\\\/inicio\\\/\"},{\"@type\":\"ListItem\",\"position\":2,\"name\":\"Professores\",\"item\":\"https:\\\/\\\/gifted-hub.com\\\/pt-pt\\\/professores\\\/\"},{\"@type\":\"ListItem\",\"position\":3,\"name\":\"Capacitar Educadores: A Forma\u00e7\u00e3o Essencial para Apoiar Alunos Superdotados\"}]},{\"@type\":\"WebSite\",\"@id\":\"https:\\\/\\\/gifted-hub.com\\\/pt-pt\\\/#website\",\"url\":\"https:\\\/\\\/gifted-hub.com\\\/pt-pt\\\/\",\"name\":\"Gifted HUB\",\"description\":\"A space for high abilities\",\"publisher\":{\"@id\":\"https:\\\/\\\/gifted-hub.com\\\/pt-pt\\\/#organization\"},\"potentialAction\":[{\"@type\":\"SearchAction\",\"target\":{\"@type\":\"EntryPoint\",\"urlTemplate\":\"https:\\\/\\\/gifted-hub.com\\\/pt-pt\\\/?s={search_term_string}\"},\"query-input\":{\"@type\":\"PropertyValueSpecification\",\"valueRequired\":true,\"valueName\":\"search_term_string\"}}],\"inLanguage\":\"pt-PT\"},{\"@type\":\"Organization\",\"@id\":\"https:\\\/\\\/gifted-hub.com\\\/pt-pt\\\/#organization\",\"name\":\"Gifted HUB\",\"url\":\"https:\\\/\\\/gifted-hub.com\\\/pt-pt\\\/\",\"logo\":{\"@type\":\"ImageObject\",\"inLanguage\":\"pt-PT\",\"@id\":\"https:\\\/\\\/gifted-hub.com\\\/pt-pt\\\/#\\\/schema\\\/logo\\\/image\\\/\",\"url\":\"https:\\\/\\\/gifted-hub.com\\\/wp-content\\\/uploads\\\/2024\\\/07\\\/logo-1.svg\",\"contentUrl\":\"https:\\\/\\\/gifted-hub.com\\\/wp-content\\\/uploads\\\/2024\\\/07\\\/logo-1.svg\",\"caption\":\"Gifted HUB\"},\"image\":{\"@id\":\"https:\\\/\\\/gifted-hub.com\\\/pt-pt\\\/#\\\/schema\\\/logo\\\/image\\\/\"}}]}<\/script>\n<!-- \/ Yoast SEO plugin. -->","yoast_head_json":{"title":"Capacitar Educadores: A Forma\u00e7\u00e3o Essencial para Apoiar Alunos Superdotados - Gifted HUB","robots":{"index":"index","follow":"follow","max-snippet":"max-snippet:-1","max-image-preview":"max-image-preview:large","max-video-preview":"max-video-preview:-1"},"canonical":"https:\/\/gifted-hub.com\/pt-pt\/professores\/capacitar-educadores-a-formacao-essencial-para-apoiar-alunos-superdotados\/","og_locale":"pt_PT","og_type":"article","og_title":"Capacitar Educadores: A Forma\u00e7\u00e3o Essencial para Apoiar Alunos Superdotados - Gifted HUB","og_description":"A forma\u00e7\u00e3o de professores \u00e9 fundamental para fomentar sistemas de educa\u00e7\u00e3o inclusiva, particularmente ao abordar as necessidades dos alunos superdotados. Os educadores desempenham um papel crucial no reconhecimento e apoio ao potencial \u00fanico desses alunos. A sua prepara\u00e7\u00e3o deve abranger uma compreens\u00e3o da superdota\u00e7\u00e3o, estrat\u00e9gias para uma inclus\u00e3o eficaz e a capacidade de navegar pelas [&hellip;]","og_url":"https:\/\/gifted-hub.com\/pt-pt\/professores\/capacitar-educadores-a-formacao-essencial-para-apoiar-alunos-superdotados\/","og_site_name":"Gifted HUB","article_modified_time":"2024-11-16T01:06:10+00:00","og_image":[{"width":1600,"height":1067,"url":"https:\/\/gifted-hub.com\/wp-content\/uploads\/2024\/11\/i5nmmbr8jyg.jpg","type":"image\/jpeg"}],"twitter_card":"summary_large_image","twitter_misc":{"Tempo estimado de leitura":"3 minutos"},"schema":{"@context":"https:\/\/schema.org","@graph":[{"@type":"WebPage","@id":"https:\/\/gifted-hub.com\/pt-pt\/professores\/capacitar-educadores-a-formacao-essencial-para-apoiar-alunos-superdotados\/","url":"https:\/\/gifted-hub.com\/pt-pt\/professores\/capacitar-educadores-a-formacao-essencial-para-apoiar-alunos-superdotados\/","name":"Capacitar Educadores: A Forma\u00e7\u00e3o Essencial para Apoiar Alunos Superdotados - Gifted HUB","isPartOf":{"@id":"https:\/\/gifted-hub.com\/pt-pt\/#website"},"primaryImageOfPage":{"@id":"https:\/\/gifted-hub.com\/pt-pt\/professores\/capacitar-educadores-a-formacao-essencial-para-apoiar-alunos-superdotados\/#primaryimage"},"image":{"@id":"https:\/\/gifted-hub.com\/pt-pt\/professores\/capacitar-educadores-a-formacao-essencial-para-apoiar-alunos-superdotados\/#primaryimage"},"thumbnailUrl":"https:\/\/gifted-hub.com\/wp-content\/uploads\/2024\/11\/i5nmmbr8jyg.jpg","datePublished":"2024-11-16T00:53:18+00:00","dateModified":"2024-11-16T01:06:10+00:00","breadcrumb":{"@id":"https:\/\/gifted-hub.com\/pt-pt\/professores\/capacitar-educadores-a-formacao-essencial-para-apoiar-alunos-superdotados\/#breadcrumb"},"inLanguage":"pt-PT","potentialAction":[{"@type":"ReadAction","target":["https:\/\/gifted-hub.com\/pt-pt\/professores\/capacitar-educadores-a-formacao-essencial-para-apoiar-alunos-superdotados\/"]}]},{"@type":"ImageObject","inLanguage":"pt-PT","@id":"https:\/\/gifted-hub.com\/pt-pt\/professores\/capacitar-educadores-a-formacao-essencial-para-apoiar-alunos-superdotados\/#primaryimage","url":"https:\/\/gifted-hub.com\/wp-content\/uploads\/2024\/11\/i5nmmbr8jyg.jpg","contentUrl":"https:\/\/gifted-hub.com\/wp-content\/uploads\/2024\/11\/i5nmmbr8jyg.jpg","width":1600,"height":1067},{"@type":"BreadcrumbList","@id":"https:\/\/gifted-hub.com\/pt-pt\/professores\/capacitar-educadores-a-formacao-essencial-para-apoiar-alunos-superdotados\/#breadcrumb","itemListElement":[{"@type":"ListItem","position":1,"name":"Home","item":"https:\/\/gifted-hub.com\/pt-pt\/inicio\/"},{"@type":"ListItem","position":2,"name":"Professores","item":"https:\/\/gifted-hub.com\/pt-pt\/professores\/"},{"@type":"ListItem","position":3,"name":"Capacitar Educadores: A Forma\u00e7\u00e3o Essencial para Apoiar Alunos Superdotados"}]},{"@type":"WebSite","@id":"https:\/\/gifted-hub.com\/pt-pt\/#website","url":"https:\/\/gifted-hub.com\/pt-pt\/","name":"Gifted HUB","description":"A space for high abilities","publisher":{"@id":"https:\/\/gifted-hub.com\/pt-pt\/#organization"},"potentialAction":[{"@type":"SearchAction","target":{"@type":"EntryPoint","urlTemplate":"https:\/\/gifted-hub.com\/pt-pt\/?s={search_term_string}"},"query-input":{"@type":"PropertyValueSpecification","valueRequired":true,"valueName":"search_term_string"}}],"inLanguage":"pt-PT"},{"@type":"Organization","@id":"https:\/\/gifted-hub.com\/pt-pt\/#organization","name":"Gifted HUB","url":"https:\/\/gifted-hub.com\/pt-pt\/","logo":{"@type":"ImageObject","inLanguage":"pt-PT","@id":"https:\/\/gifted-hub.com\/pt-pt\/#\/schema\/logo\/image\/","url":"https:\/\/gifted-hub.com\/wp-content\/uploads\/2024\/07\/logo-1.svg","contentUrl":"https:\/\/gifted-hub.com\/wp-content\/uploads\/2024\/07\/logo-1.svg","caption":"Gifted HUB"},"image":{"@id":"https:\/\/gifted-hub.com\/pt-pt\/#\/schema\/logo\/image\/"}}]}},"_links":{"self":[{"href":"https:\/\/gifted-hub.com\/pt-pt\/wp-json\/wp\/v2\/pages\/18207","targetHints":{"allow":["GET"]}}],"collection":[{"href":"https:\/\/gifted-hub.com\/pt-pt\/wp-json\/wp\/v2\/pages"}],"about":[{"href":"https:\/\/gifted-hub.com\/pt-pt\/wp-json\/wp\/v2\/types\/page"}],"author":[{"embeddable":true,"href":"https:\/\/gifted-hub.com\/pt-pt\/wp-json\/wp\/v2\/users\/1"}],"replies":[{"embeddable":true,"href":"https:\/\/gifted-hub.com\/pt-pt\/wp-json\/wp\/v2\/comments?post=18207"}],"version-history":[{"count":1,"href":"https:\/\/gifted-hub.com\/pt-pt\/wp-json\/wp\/v2\/pages\/18207\/revisions"}],"predecessor-version":[{"id":18208,"href":"https:\/\/gifted-hub.com\/pt-pt\/wp-json\/wp\/v2\/pages\/18207\/revisions\/18208"}],"up":[{"embeddable":true,"href":"https:\/\/gifted-hub.com\/pt-pt\/wp-json\/wp\/v2\/pages\/16394"}],"wp:featuredmedia":[{"embeddable":true,"href":"https:\/\/gifted-hub.com\/pt-pt\/wp-json\/wp\/v2\/media\/18183"}],"wp:attachment":[{"href":"https:\/\/gifted-hub.com\/pt-pt\/wp-json\/wp\/v2\/media?parent=18207"}],"wp:term":[{"taxonomy":"group-interest","embeddable":true,"href":"https:\/\/gifted-hub.com\/pt-pt\/wp-json\/wp\/v2\/group-interest?post=18207"}],"curies":[{"name":"wp","href":"https:\/\/api.w.org\/{rel}","templated":true}]}}