{"id":17960,"date":"2024-11-10T22:15:55","date_gmt":"2024-11-10T22:15:55","guid":{"rendered":"https:\/\/gifted-hub.com\/o-papel-das-tecnologias-digitais-na-educacao-de-alunos-superdotados\/"},"modified":"2024-11-16T00:59:37","modified_gmt":"2024-11-16T00:59:37","slug":"o-papel-das-tecnologias-digitais-na-educacao-de-alunos-superdotados","status":"publish","type":"page","link":"https:\/\/gifted-hub.com\/pt-pt\/professores\/o-papel-das-tecnologias-digitais-na-educacao-de-alunos-superdotados\/","title":{"rendered":"O Papel das Tecnologias Digitais na Educa\u00e7\u00e3o de Alunos Superdotados"},"content":{"rendered":"\n<p>No mundo em r\u00e1pida evolu\u00e7\u00e3o de hoje, o papel da tecnologia na educa\u00e7\u00e3o tornou-se n\u00e3o apenas \u00fatil, mas essencial, particularmente no apoio \u00e0s necessidades dos alunos superdotados. Estas crian\u00e7as frequentemente necessitam de mais est\u00edmulos e desafios al\u00e9m do que \u00e9 fornecido numa sala de aula convencional. A integra\u00e7\u00e3o das Tecnologias de Informa\u00e7\u00e3o e Comunica\u00e7\u00e3o (TIC) na sua aprendizagem pode ser incrivelmente ben\u00e9fica, ajudando-os a explorar os seus talentos e capacidades de forma mais profunda.  <\/p>\n\n<p>Os alunos superdotados caracterizam-se pela sua curiosidade, imagina\u00e7\u00e3o e capacidade de aprender a um ritmo mais r\u00e1pido do que os seus pares. No entanto, apesar do seu alto potencial, muitas vezes enfrentam desafios em ambientes educacionais tradicionais, como uma <a href=\"https:\/\/gifted-hub.com\/es\/profesores\/abordando-el-bajo-rendimiento-en-estudiantes-con-altas-capacidades\/\" data-type=\"page\" data-id=\"17707\">falta de envolvimento ou at\u00e9 mesmo t\u00e9dio<\/a>. O uso de tecnologias digitais pode efetivamente colmatar esta lacuna. Ferramentas TIC, incluindo port\u00e1teis, tablets e v\u00e1rias aplica\u00e7\u00f5es de aprendizagem, podem proporcionar um ambiente mais din\u00e2mico e estimulante para estes alunos. Ao dar-lhes acesso a conte\u00fados mais avan\u00e7ados, experi\u00eancias virtuais ou discuss\u00f5es interativas, a tecnologia ajuda estes alunos a manterem-se interessados e motivados.    <\/p>\n\n<p>Uma abordagem promissora \u00e9 a aprendizagem m\u00f3vel, que permite aos alunos aprender ao seu pr\u00f3prio ritmo, a qualquer hora e em qualquer lugar. Com o uso de smartphones ou tablets, os alunos superdotados podem facilmente aceder a materiais educativos al\u00e9m da sala de aula, o que incentiva a aprendizagem cont\u00ednua e a liberdade de seguir t\u00f3picos que lhes interessam profundamente. Tal flexibilidade \u00e9 particularmente importante para estes alunos, que podem ter uma gama diversificada de interesses e beneficiar de percursos de aprendizagem individualizados.  <\/p>\n\n<p>A sala de aula digital tamb\u00e9m oferece um novo horizonte para a aprendizagem. Ao contr\u00e1rio do ambiente tradicional, uma sala de aula digital remove as barreiras f\u00edsicas, proporcionando oportunidades para colabora\u00e7\u00e3o, resolu\u00e7\u00e3o interativa de problemas e acesso ao conhecimento global. Os alunos superdotados podem envolver-se com um espectro muito mais amplo de disciplinas e interagir com pares que partilham a sua curiosidade intelectual, independentemente de onde se encontram. Esta conectividade global permite-lhes encontrar &#8220;mentes semelhantes&#8221;, promovendo tanto o crescimento acad\u00e9mico quanto a conex\u00e3o social, o que \u00e0s vezes \u00e9 um desafio para crian\u00e7as superdotadas em ambientes escolares regulares.   <\/p>\n\n<p>F\u00f3runs de discuss\u00e3o online e comunidades digitais s\u00e3o outra excelente forma para os alunos superdotados interagirem, partilharem os seus pensamentos e colaborarem em v\u00e1rios t\u00f3picos de interesse. Estas plataformas fornecem um espa\u00e7o onde os alunos superdotados podem explorar conceitos desafiantes e desenvolver as suas habilidades de pensamento cr\u00edtico e resolu\u00e7\u00e3o de problemas num ambiente colaborativo. Atrav\u00e9s de tais intera\u00e7\u00f5es, eles tamb\u00e9m podem melhorar as suas <a href=\"https:\/\/gifted-hub.com\/es\/familiares\/nuestros-hijos-y-sus-habilidades-sociales\/\" data-type=\"page\" data-id=\"15279\">habilidades de comunica\u00e7\u00e3o e construir conex\u00f5es sociais<\/a>, ajudando-os a sentirem-se mais integrados e envolvidos.  <\/p>\n\n<p>Incorporar TIC na educa\u00e7\u00e3o de superdotados n\u00e3o se trata apenas de acesso \u00e0 informa\u00e7\u00e3o\u2014trata-se de transformar a forma como estes alunos interagem com o conhecimento. Ao empregar t\u00e9cnicas como narrativas digitais, simula\u00e7\u00f5es interativas e projetos criativos, a tecnologia pode ajudar estes alunos a expressarem-se de forma mais eficaz e a explorarem os assuntos em profundidade. Estas ferramentas permitem-lhes usar a sua criatividade e habilidades de resolu\u00e7\u00e3o de problemas de uma forma significativa, tornando o processo de aprendizagem tanto agrad\u00e1vel quanto enriquecedor.  <\/p>\n\n<p>Al\u00e9m disso, reconhecer que alguns alunos superdotados t\u00eam habilidades excecionais na pr\u00f3pria tecnologia \u00e9 crucial. Estes alunos devem ser incentivados atrav\u00e9s de projetos e programas especializados em TIC, permitindo-lhes aperfei\u00e7oar os seus talentos em \u00e1reas como programa\u00e7\u00e3o, design e rob\u00f3tica. A tecnologia n\u00e3o s\u00f3 apoia a sua aprendizagem, mas tamb\u00e9m serve como um meio atrav\u00e9s do qual podem inovar, criar e explorar todo o seu potencial.  <\/p>\n\n<p>Em conclus\u00e3o,<strong> as tecnologias digitais proporcionam uma oportunidade incompar\u00e1vel para transformar a experi\u00eancia de aprendizagem dos alunos superdotados<\/strong>. Ao tornar a educa\u00e7\u00e3o mais personalizada, flex\u00edvel e envolvente, as TIC podem ajudar estes jovens aprendizes a alcan\u00e7ar todo o seu potencial, garantindo que n\u00e3o se sintam marginalizados ou entediados, mas sim empoderados, desafiados e prontos para enfrentar o mundo. <\/p>\n","protected":false},"excerpt":{"rendered":"<p>No mundo em r\u00e1pida evolu\u00e7\u00e3o de hoje, o papel da tecnologia na educa\u00e7\u00e3o tornou-se n\u00e3o apenas \u00fatil, mas essencial, particularmente no apoio \u00e0s necessidades dos alunos superdotados. Estas crian\u00e7as frequentemente necessitam de mais est\u00edmulos e desafios al\u00e9m do que \u00e9 fornecido numa sala de aula convencional. A integra\u00e7\u00e3o das Tecnologias de Informa\u00e7\u00e3o e Comunica\u00e7\u00e3o (TIC) [&hellip;]<\/p>\n","protected":false},"author":1,"featured_media":17952,"parent":16394,"menu_order":0,"comment_status":"closed","ping_status":"closed","template":"","meta":{"_acf_changed":false,"inline_featured_image":false,"footnotes":""},"group-interest":[],"class_list":["post-17960","page","type-page","status-publish","has-post-thumbnail","hentry"],"acf":[],"yoast_head":"<!-- This site is optimized with the Yoast SEO plugin v27.4 - https:\/\/yoast.com\/product\/yoast-seo-wordpress\/ -->\n<title>O Papel das Tecnologias Digitais na Educa\u00e7\u00e3o de Alunos Superdotados - Gifted HUB<\/title>\n<meta name=\"robots\" content=\"index, follow, max-snippet:-1, max-image-preview:large, max-video-preview:-1\" \/>\n<link rel=\"canonical\" href=\"https:\/\/gifted-hub.com\/pt-pt\/professores\/o-papel-das-tecnologias-digitais-na-educacao-de-alunos-superdotados\/\" \/>\n<meta property=\"og:locale\" content=\"pt_PT\" \/>\n<meta property=\"og:type\" content=\"article\" \/>\n<meta property=\"og:title\" content=\"O Papel das Tecnologias Digitais na Educa\u00e7\u00e3o de Alunos Superdotados - Gifted HUB\" \/>\n<meta property=\"og:description\" content=\"No mundo em r\u00e1pida evolu\u00e7\u00e3o de hoje, o papel da tecnologia na educa\u00e7\u00e3o tornou-se n\u00e3o apenas \u00fatil, mas essencial, particularmente no apoio \u00e0s necessidades dos alunos superdotados. Estas crian\u00e7as frequentemente necessitam de mais est\u00edmulos e desafios al\u00e9m do que \u00e9 fornecido numa sala de aula convencional. A integra\u00e7\u00e3o das Tecnologias de Informa\u00e7\u00e3o e Comunica\u00e7\u00e3o (TIC) [&hellip;]\" \/>\n<meta property=\"og:url\" content=\"https:\/\/gifted-hub.com\/pt-pt\/professores\/o-papel-das-tecnologias-digitais-na-educacao-de-alunos-superdotados\/\" \/>\n<meta property=\"og:site_name\" content=\"Gifted HUB\" \/>\n<meta property=\"article:modified_time\" content=\"2024-11-16T00:59:37+00:00\" \/>\n<meta property=\"og:image\" content=\"https:\/\/gifted-hub.com\/wp-content\/uploads\/2024\/11\/02jrb0gop30.jpg\" \/>\n\t<meta property=\"og:image:width\" content=\"1600\" \/>\n\t<meta property=\"og:image:height\" content=\"1065\" \/>\n\t<meta property=\"og:image:type\" content=\"image\/jpeg\" \/>\n<meta name=\"twitter:card\" content=\"summary_large_image\" \/>\n<meta name=\"twitter:label1\" content=\"Tempo estimado de leitura\" \/>\n\t<meta name=\"twitter:data1\" content=\"4 minutos\" \/>\n<script type=\"application\/ld+json\" class=\"yoast-schema-graph\">{\"@context\":\"https:\\\/\\\/schema.org\",\"@graph\":[{\"@type\":\"WebPage\",\"@id\":\"https:\\\/\\\/gifted-hub.com\\\/pt-pt\\\/professores\\\/o-papel-das-tecnologias-digitais-na-educacao-de-alunos-superdotados\\\/\",\"url\":\"https:\\\/\\\/gifted-hub.com\\\/pt-pt\\\/professores\\\/o-papel-das-tecnologias-digitais-na-educacao-de-alunos-superdotados\\\/\",\"name\":\"O Papel das Tecnologias Digitais na Educa\u00e7\u00e3o de Alunos Superdotados - Gifted HUB\",\"isPartOf\":{\"@id\":\"https:\\\/\\\/gifted-hub.com\\\/pt-pt\\\/#website\"},\"primaryImageOfPage\":{\"@id\":\"https:\\\/\\\/gifted-hub.com\\\/pt-pt\\\/professores\\\/o-papel-das-tecnologias-digitais-na-educacao-de-alunos-superdotados\\\/#primaryimage\"},\"image\":{\"@id\":\"https:\\\/\\\/gifted-hub.com\\\/pt-pt\\\/professores\\\/o-papel-das-tecnologias-digitais-na-educacao-de-alunos-superdotados\\\/#primaryimage\"},\"thumbnailUrl\":\"https:\\\/\\\/gifted-hub.com\\\/wp-content\\\/uploads\\\/2024\\\/11\\\/02jrb0gop30.jpg\",\"datePublished\":\"2024-11-10T22:15:55+00:00\",\"dateModified\":\"2024-11-16T00:59:37+00:00\",\"breadcrumb\":{\"@id\":\"https:\\\/\\\/gifted-hub.com\\\/pt-pt\\\/professores\\\/o-papel-das-tecnologias-digitais-na-educacao-de-alunos-superdotados\\\/#breadcrumb\"},\"inLanguage\":\"pt-PT\",\"potentialAction\":[{\"@type\":\"ReadAction\",\"target\":[\"https:\\\/\\\/gifted-hub.com\\\/pt-pt\\\/professores\\\/o-papel-das-tecnologias-digitais-na-educacao-de-alunos-superdotados\\\/\"]}]},{\"@type\":\"ImageObject\",\"inLanguage\":\"pt-PT\",\"@id\":\"https:\\\/\\\/gifted-hub.com\\\/pt-pt\\\/professores\\\/o-papel-das-tecnologias-digitais-na-educacao-de-alunos-superdotados\\\/#primaryimage\",\"url\":\"https:\\\/\\\/gifted-hub.com\\\/wp-content\\\/uploads\\\/2024\\\/11\\\/02jrb0gop30.jpg\",\"contentUrl\":\"https:\\\/\\\/gifted-hub.com\\\/wp-content\\\/uploads\\\/2024\\\/11\\\/02jrb0gop30.jpg\",\"width\":1600,\"height\":1065},{\"@type\":\"BreadcrumbList\",\"@id\":\"https:\\\/\\\/gifted-hub.com\\\/pt-pt\\\/professores\\\/o-papel-das-tecnologias-digitais-na-educacao-de-alunos-superdotados\\\/#breadcrumb\",\"itemListElement\":[{\"@type\":\"ListItem\",\"position\":1,\"name\":\"Home\",\"item\":\"https:\\\/\\\/gifted-hub.com\\\/pt-pt\\\/inicio\\\/\"},{\"@type\":\"ListItem\",\"position\":2,\"name\":\"Professores\",\"item\":\"https:\\\/\\\/gifted-hub.com\\\/pt-pt\\\/professores\\\/\"},{\"@type\":\"ListItem\",\"position\":3,\"name\":\"O Papel das Tecnologias Digitais na Educa\u00e7\u00e3o de Alunos Superdotados\"}]},{\"@type\":\"WebSite\",\"@id\":\"https:\\\/\\\/gifted-hub.com\\\/pt-pt\\\/#website\",\"url\":\"https:\\\/\\\/gifted-hub.com\\\/pt-pt\\\/\",\"name\":\"Gifted HUB\",\"description\":\"A space for high abilities\",\"publisher\":{\"@id\":\"https:\\\/\\\/gifted-hub.com\\\/pt-pt\\\/#organization\"},\"potentialAction\":[{\"@type\":\"SearchAction\",\"target\":{\"@type\":\"EntryPoint\",\"urlTemplate\":\"https:\\\/\\\/gifted-hub.com\\\/pt-pt\\\/?s={search_term_string}\"},\"query-input\":{\"@type\":\"PropertyValueSpecification\",\"valueRequired\":true,\"valueName\":\"search_term_string\"}}],\"inLanguage\":\"pt-PT\"},{\"@type\":\"Organization\",\"@id\":\"https:\\\/\\\/gifted-hub.com\\\/pt-pt\\\/#organization\",\"name\":\"Gifted HUB\",\"url\":\"https:\\\/\\\/gifted-hub.com\\\/pt-pt\\\/\",\"logo\":{\"@type\":\"ImageObject\",\"inLanguage\":\"pt-PT\",\"@id\":\"https:\\\/\\\/gifted-hub.com\\\/pt-pt\\\/#\\\/schema\\\/logo\\\/image\\\/\",\"url\":\"https:\\\/\\\/gifted-hub.com\\\/wp-content\\\/uploads\\\/2024\\\/07\\\/logo-1.svg\",\"contentUrl\":\"https:\\\/\\\/gifted-hub.com\\\/wp-content\\\/uploads\\\/2024\\\/07\\\/logo-1.svg\",\"caption\":\"Gifted HUB\"},\"image\":{\"@id\":\"https:\\\/\\\/gifted-hub.com\\\/pt-pt\\\/#\\\/schema\\\/logo\\\/image\\\/\"}}]}<\/script>\n<!-- \/ Yoast SEO plugin. -->","yoast_head_json":{"title":"O Papel das Tecnologias Digitais na Educa\u00e7\u00e3o de Alunos Superdotados - Gifted HUB","robots":{"index":"index","follow":"follow","max-snippet":"max-snippet:-1","max-image-preview":"max-image-preview:large","max-video-preview":"max-video-preview:-1"},"canonical":"https:\/\/gifted-hub.com\/pt-pt\/professores\/o-papel-das-tecnologias-digitais-na-educacao-de-alunos-superdotados\/","og_locale":"pt_PT","og_type":"article","og_title":"O Papel das Tecnologias Digitais na Educa\u00e7\u00e3o de Alunos Superdotados - Gifted HUB","og_description":"No mundo em r\u00e1pida evolu\u00e7\u00e3o de hoje, o papel da tecnologia na educa\u00e7\u00e3o tornou-se n\u00e3o apenas \u00fatil, mas essencial, particularmente no apoio \u00e0s necessidades dos alunos superdotados. Estas crian\u00e7as frequentemente necessitam de mais est\u00edmulos e desafios al\u00e9m do que \u00e9 fornecido numa sala de aula convencional. A integra\u00e7\u00e3o das Tecnologias de Informa\u00e7\u00e3o e Comunica\u00e7\u00e3o (TIC) [&hellip;]","og_url":"https:\/\/gifted-hub.com\/pt-pt\/professores\/o-papel-das-tecnologias-digitais-na-educacao-de-alunos-superdotados\/","og_site_name":"Gifted HUB","article_modified_time":"2024-11-16T00:59:37+00:00","og_image":[{"width":1600,"height":1065,"url":"https:\/\/gifted-hub.com\/wp-content\/uploads\/2024\/11\/02jrb0gop30.jpg","type":"image\/jpeg"}],"twitter_card":"summary_large_image","twitter_misc":{"Tempo estimado de leitura":"4 minutos"},"schema":{"@context":"https:\/\/schema.org","@graph":[{"@type":"WebPage","@id":"https:\/\/gifted-hub.com\/pt-pt\/professores\/o-papel-das-tecnologias-digitais-na-educacao-de-alunos-superdotados\/","url":"https:\/\/gifted-hub.com\/pt-pt\/professores\/o-papel-das-tecnologias-digitais-na-educacao-de-alunos-superdotados\/","name":"O Papel das Tecnologias Digitais na Educa\u00e7\u00e3o de Alunos Superdotados - Gifted HUB","isPartOf":{"@id":"https:\/\/gifted-hub.com\/pt-pt\/#website"},"primaryImageOfPage":{"@id":"https:\/\/gifted-hub.com\/pt-pt\/professores\/o-papel-das-tecnologias-digitais-na-educacao-de-alunos-superdotados\/#primaryimage"},"image":{"@id":"https:\/\/gifted-hub.com\/pt-pt\/professores\/o-papel-das-tecnologias-digitais-na-educacao-de-alunos-superdotados\/#primaryimage"},"thumbnailUrl":"https:\/\/gifted-hub.com\/wp-content\/uploads\/2024\/11\/02jrb0gop30.jpg","datePublished":"2024-11-10T22:15:55+00:00","dateModified":"2024-11-16T00:59:37+00:00","breadcrumb":{"@id":"https:\/\/gifted-hub.com\/pt-pt\/professores\/o-papel-das-tecnologias-digitais-na-educacao-de-alunos-superdotados\/#breadcrumb"},"inLanguage":"pt-PT","potentialAction":[{"@type":"ReadAction","target":["https:\/\/gifted-hub.com\/pt-pt\/professores\/o-papel-das-tecnologias-digitais-na-educacao-de-alunos-superdotados\/"]}]},{"@type":"ImageObject","inLanguage":"pt-PT","@id":"https:\/\/gifted-hub.com\/pt-pt\/professores\/o-papel-das-tecnologias-digitais-na-educacao-de-alunos-superdotados\/#primaryimage","url":"https:\/\/gifted-hub.com\/wp-content\/uploads\/2024\/11\/02jrb0gop30.jpg","contentUrl":"https:\/\/gifted-hub.com\/wp-content\/uploads\/2024\/11\/02jrb0gop30.jpg","width":1600,"height":1065},{"@type":"BreadcrumbList","@id":"https:\/\/gifted-hub.com\/pt-pt\/professores\/o-papel-das-tecnologias-digitais-na-educacao-de-alunos-superdotados\/#breadcrumb","itemListElement":[{"@type":"ListItem","position":1,"name":"Home","item":"https:\/\/gifted-hub.com\/pt-pt\/inicio\/"},{"@type":"ListItem","position":2,"name":"Professores","item":"https:\/\/gifted-hub.com\/pt-pt\/professores\/"},{"@type":"ListItem","position":3,"name":"O Papel das Tecnologias Digitais na Educa\u00e7\u00e3o de Alunos Superdotados"}]},{"@type":"WebSite","@id":"https:\/\/gifted-hub.com\/pt-pt\/#website","url":"https:\/\/gifted-hub.com\/pt-pt\/","name":"Gifted HUB","description":"A space for high abilities","publisher":{"@id":"https:\/\/gifted-hub.com\/pt-pt\/#organization"},"potentialAction":[{"@type":"SearchAction","target":{"@type":"EntryPoint","urlTemplate":"https:\/\/gifted-hub.com\/pt-pt\/?s={search_term_string}"},"query-input":{"@type":"PropertyValueSpecification","valueRequired":true,"valueName":"search_term_string"}}],"inLanguage":"pt-PT"},{"@type":"Organization","@id":"https:\/\/gifted-hub.com\/pt-pt\/#organization","name":"Gifted HUB","url":"https:\/\/gifted-hub.com\/pt-pt\/","logo":{"@type":"ImageObject","inLanguage":"pt-PT","@id":"https:\/\/gifted-hub.com\/pt-pt\/#\/schema\/logo\/image\/","url":"https:\/\/gifted-hub.com\/wp-content\/uploads\/2024\/07\/logo-1.svg","contentUrl":"https:\/\/gifted-hub.com\/wp-content\/uploads\/2024\/07\/logo-1.svg","caption":"Gifted HUB"},"image":{"@id":"https:\/\/gifted-hub.com\/pt-pt\/#\/schema\/logo\/image\/"}}]}},"_links":{"self":[{"href":"https:\/\/gifted-hub.com\/pt-pt\/wp-json\/wp\/v2\/pages\/17960","targetHints":{"allow":["GET"]}}],"collection":[{"href":"https:\/\/gifted-hub.com\/pt-pt\/wp-json\/wp\/v2\/pages"}],"about":[{"href":"https:\/\/gifted-hub.com\/pt-pt\/wp-json\/wp\/v2\/types\/page"}],"author":[{"embeddable":true,"href":"https:\/\/gifted-hub.com\/pt-pt\/wp-json\/wp\/v2\/users\/1"}],"replies":[{"embeddable":true,"href":"https:\/\/gifted-hub.com\/pt-pt\/wp-json\/wp\/v2\/comments?post=17960"}],"version-history":[{"count":3,"href":"https:\/\/gifted-hub.com\/pt-pt\/wp-json\/wp\/v2\/pages\/17960\/revisions"}],"predecessor-version":[{"id":18198,"href":"https:\/\/gifted-hub.com\/pt-pt\/wp-json\/wp\/v2\/pages\/17960\/revisions\/18198"}],"up":[{"embeddable":true,"href":"https:\/\/gifted-hub.com\/pt-pt\/wp-json\/wp\/v2\/pages\/16394"}],"wp:featuredmedia":[{"embeddable":true,"href":"https:\/\/gifted-hub.com\/pt-pt\/wp-json\/wp\/v2\/media\/17952"}],"wp:attachment":[{"href":"https:\/\/gifted-hub.com\/pt-pt\/wp-json\/wp\/v2\/media?parent=17960"}],"wp:term":[{"taxonomy":"group-interest","embeddable":true,"href":"https:\/\/gifted-hub.com\/pt-pt\/wp-json\/wp\/v2\/group-interest?post=17960"}],"curies":[{"name":"wp","href":"https:\/\/api.w.org\/{rel}","templated":true}]}}