{"id":17887,"date":"2024-11-10T20:39:16","date_gmt":"2024-11-10T20:39:16","guid":{"rendered":"https:\/\/gifted-hub.com\/individuos\/o-autoconceito-de-individuos-superdotados\/"},"modified":"2024-11-10T20:59:22","modified_gmt":"2024-11-10T20:59:22","slug":"o-autoconceito-de-individuos-superdotados","status":"publish","type":"page","link":"https:\/\/gifted-hub.com\/pt-pt\/individuos\/o-autoconceito-de-individuos-superdotados\/","title":{"rendered":"O Autoconceito de Indiv\u00edduos Superdotados"},"content":{"rendered":"\n<p>O autoconceito de indiv\u00edduos com superdota\u00e7\u00e3o \u00e9 um t\u00f3pico complexo frequentemente negligenciado, apesar das suas profundas implica\u00e7\u00f5es. Indiv\u00edduos superdotados, especialmente adolescentes, enfrentam um conjunto \u00fanico de desafios que podem impactar significativamente a forma como se percebem. O seu autoconceito, que \u00e9 essencialmente a compreens\u00e3o que t\u00eam das suas pr\u00f3prias habilidades, pontos fortes e fracos, tende a ser influenciado por v\u00e1rios fatores internos e externos, como estere\u00f3tipos, <a href=\"https:\/\/gifted-hub.com\/es\/familiares\/nuestros-hijos-y-sus-habilidades-sociales\/\" data-type=\"page\" data-id=\"15279\">expectativas sociais<\/a> e experi\u00eancias pessoais.  <\/p>\n\n<p>Um dos principais aspetos que afetam o autoconceito de indiv\u00edduos superdotados \u00e9 a preval\u00eancia de estere\u00f3tipos. Adolescentes superdotados s\u00e3o frequentemente retratados nos media como academicamente capazes, mas socialmente desajeitados ou fisicamente inapto. Essas representa\u00e7\u00f5es contribuem para uma autoimagem distorcida, levando esses jovens a internalizar essas ideias, \u00e0s vezes sentindo press\u00e3o para corresponder a expectativas irrealistas de desempenho intelectual enquanto duvidam das suas capacidades sociais e f\u00edsicas. Esta tens\u00e3o pode levar a <strong>um autoconceito negativo<\/strong>, especialmente em \u00e1reas como a imagem corporal ou habilidades atl\u00e9ticas, que s\u00e3o tipicamente subvalorizadas nessas representa\u00e7\u00f5es.   <\/p>\n\n<p>Al\u00e9m disso, a popula\u00e7\u00e3o superdotada n\u00e3o \u00e9 imune a problemas de imagem corporal e dist\u00farbios alimentares, que s\u00e3o comuns entre adolescentes em geral. Devido \u00e0 sensibilidade emocional frequentemente observada em jovens superdotados, esses indiv\u00edduos podem ser mais vulner\u00e1veis \u00e0 influ\u00eancia dos padr\u00f5es de beleza da sociedade. Por exemplo, <a href=\"https:\/\/gifted-hub.com\/es\/interesados\/ninas-dotadas-desafios-y-caracteristicas\/\" data-type=\"page\" data-id=\"16198\">adolescentes superdotadas<\/a> podem sentir uma press\u00e3o aumentada para corresponder aos ideais de atratividade da sociedade, o que, aliado aos seus altos n\u00edveis de introspe\u00e7\u00e3o, pode resultar numa insatisfa\u00e7\u00e3o significativa com os seus corpos. Estudos mostram que a dimens\u00e3o f\u00edsica do autoconceito\u2014como algu\u00e9m v\u00ea a sua apar\u00eancia e habilidades f\u00edsicas\u2014\u00e9 frequentemente mais fraca em adolescentes superdotados em compara\u00e7\u00e3o com os seus pares, tornando-os suscet\u00edveis a problemas como baixa autoestima e at\u00e9 dist\u00farbios alimentares.   <\/p>\n\n<p>Caracter\u00edsticas pessoais, como o perfeccionismo, tamb\u00e9m desempenham um papel significativo na forma\u00e7\u00e3o do autoconceito de indiv\u00edduos superdotados. O perfeccionismo \u00e9 comum em jovens superdotados, \u00e0s vezes motivado por altas expectativas de pais ou professores, ou pelo pr\u00f3prio desejo de se destacar. Embora a busca pela excel\u00eancia possa ser positiva, quando o perfeccionismo se torna mal-adaptativo, leva a padr\u00f5es irrealistas e autocr\u00edtica severa. Isso pode afetar particularmente o seu autoconceito relacionado \u00e0 imagem corporal, pois podem aplicar os mesmos padr\u00f5es r\u00edgidos \u00e0 sua apar\u00eancia f\u00edsica que aplicam ao seu trabalho acad\u00e9mico.   <\/p>\n\n<p>Fatores biol\u00f3gicos, como idade e g\u00e9nero, complicam ainda mais o quadro. \u00c0 medida que as crian\u00e7as superdotadas crescem, enfrentam desafios de desenvolvimento t\u00edpicos, incluindo a luta com as mudan\u00e7as corporais durante a puberdade. As meninas superdotadas, em particular, muitas vezes enfrentam press\u00f5es sociais aumentadas em rela\u00e7\u00e3o \u00e0 imagem corporal, o que pode afetar negativamente o seu autoconceito, especialmente se sentirem que n\u00e3o conseguem corresponder aos ideais de beleza prevalentes. Os rapazes, por outro lado, podem experimentar insatisfa\u00e7\u00e3o relacionada \u00e0 for\u00e7a f\u00edsica ou habilidade atl\u00e9tica, especialmente dado o estere\u00f3tipo de que a capacidade intelectual exclui a compet\u00eancia f\u00edsica.   <\/p>\n\n<p>O contexto em que os indiv\u00edduos superdotados se desenvolvem tamb\u00e9m \u00e9 muito importante. Escolas, ambientes familiares e rela\u00e7\u00f5es com os pares influenciam a forma como esses jovens se veem. Um ambiente de apoio que reconhece e valoriza diversas for\u00e7as\u2014acad\u00e9micas, sociais, emocionais e f\u00edsicas\u2014pode ajudar a promover um autoconceito mais saud\u00e1vel. Por outro lado, ambientes que se concentram apenas na realiza\u00e7\u00e3o intelectual sem abordar as necessidades emocionais e sociais podem exacerbar problemas de baixa autoestima e autoimagem negativa.   <\/p>\n\n<p>A atividade f\u00edsica pode servir como um fator protetor a este respeito. Pesquisas sugerem que a participa\u00e7\u00e3o em <strong>desportos ou exerc\u00edcio f\u00edsico regular ajuda a melhorar n\u00e3o apenas a sa\u00fade f\u00edsica, mas tamb\u00e9m contribui positivamente para o autoconceito<\/strong> de adolescentes superdotados. Melhora a percep\u00e7\u00e3o das suas habilidades f\u00edsicas e pode aliviar o stress e a ansiedade, promovendo uma vis\u00e3o mais equilibrada de si mesmos.  <\/p>\n\n<p>Em \u00faltima an\u00e1lise, compreender os desafios \u00fanicos do autoconceito enfrentados por indiv\u00edduos superdotados requer uma abordagem abrangente. Devemos considerar como estere\u00f3tipos, press\u00f5es sociais, mudan\u00e7as biol\u00f3gicas e fatores ambientais interagem para moldar a sua autoimagem. Apoiar adolescentes superdotados envolve reconhecer esses desafios e encoraj\u00e1-los a valorizar-se de forma hol\u00edstica\u2014n\u00e3o apenas pelas suas habilidades intelectuais, mas tamb\u00e9m pelos seus atributos f\u00edsicos, sociais e emocionais.  <\/p>\n","protected":false},"excerpt":{"rendered":"<p>O autoconceito de indiv\u00edduos com superdota\u00e7\u00e3o \u00e9 um t\u00f3pico complexo frequentemente negligenciado, apesar das suas profundas implica\u00e7\u00f5es. Indiv\u00edduos superdotados, especialmente adolescentes, enfrentam um conjunto \u00fanico de desafios que podem impactar significativamente a forma como se percebem. O seu autoconceito, que \u00e9 essencialmente a compreens\u00e3o que t\u00eam das suas pr\u00f3prias habilidades, pontos fortes e fracos, tende [&hellip;]<\/p>\n","protected":false},"author":1,"featured_media":17873,"parent":16365,"menu_order":0,"comment_status":"closed","ping_status":"closed","template":"","meta":{"_acf_changed":false,"inline_featured_image":false,"footnotes":""},"group-interest":[],"class_list":["post-17887","page","type-page","status-publish","has-post-thumbnail","hentry"],"acf":[],"yoast_head":"<!-- This site is optimized with the Yoast SEO plugin v27.4 - https:\/\/yoast.com\/product\/yoast-seo-wordpress\/ -->\n<title>O Autoconceito de Indiv\u00edduos Superdotados - Gifted HUB<\/title>\n<meta name=\"robots\" content=\"index, follow, max-snippet:-1, max-image-preview:large, max-video-preview:-1\" \/>\n<link rel=\"canonical\" href=\"https:\/\/gifted-hub.com\/pt-pt\/individuos\/o-autoconceito-de-individuos-superdotados\/\" \/>\n<meta property=\"og:locale\" content=\"pt_PT\" \/>\n<meta property=\"og:type\" content=\"article\" \/>\n<meta property=\"og:title\" content=\"O Autoconceito de Indiv\u00edduos Superdotados - Gifted HUB\" \/>\n<meta property=\"og:description\" content=\"O autoconceito de indiv\u00edduos com superdota\u00e7\u00e3o \u00e9 um t\u00f3pico complexo frequentemente negligenciado, apesar das suas profundas implica\u00e7\u00f5es. Indiv\u00edduos superdotados, especialmente adolescentes, enfrentam um conjunto \u00fanico de desafios que podem impactar significativamente a forma como se percebem. O seu autoconceito, que \u00e9 essencialmente a compreens\u00e3o que t\u00eam das suas pr\u00f3prias habilidades, pontos fortes e fracos, tende [&hellip;]\" \/>\n<meta property=\"og:url\" content=\"https:\/\/gifted-hub.com\/pt-pt\/individuos\/o-autoconceito-de-individuos-superdotados\/\" \/>\n<meta property=\"og:site_name\" content=\"Gifted HUB\" \/>\n<meta property=\"article:modified_time\" content=\"2024-11-10T20:59:22+00:00\" \/>\n<meta property=\"og:image\" content=\"https:\/\/gifted-hub.com\/wp-content\/uploads\/2024\/11\/yivxyydwtuq.jpg\" \/>\n\t<meta property=\"og:image:width\" content=\"1200\" \/>\n\t<meta property=\"og:image:height\" content=\"1200\" \/>\n\t<meta property=\"og:image:type\" content=\"image\/jpeg\" \/>\n<meta name=\"twitter:card\" content=\"summary_large_image\" \/>\n<meta name=\"twitter:label1\" content=\"Tempo estimado de leitura\" \/>\n\t<meta name=\"twitter:data1\" content=\"4 minutos\" \/>\n<script type=\"application\/ld+json\" class=\"yoast-schema-graph\">{\"@context\":\"https:\\\/\\\/schema.org\",\"@graph\":[{\"@type\":\"WebPage\",\"@id\":\"https:\\\/\\\/gifted-hub.com\\\/pt-pt\\\/individuos\\\/o-autoconceito-de-individuos-superdotados\\\/\",\"url\":\"https:\\\/\\\/gifted-hub.com\\\/pt-pt\\\/individuos\\\/o-autoconceito-de-individuos-superdotados\\\/\",\"name\":\"O Autoconceito de Indiv\u00edduos Superdotados - Gifted HUB\",\"isPartOf\":{\"@id\":\"https:\\\/\\\/gifted-hub.com\\\/pt-pt\\\/#website\"},\"primaryImageOfPage\":{\"@id\":\"https:\\\/\\\/gifted-hub.com\\\/pt-pt\\\/individuos\\\/o-autoconceito-de-individuos-superdotados\\\/#primaryimage\"},\"image\":{\"@id\":\"https:\\\/\\\/gifted-hub.com\\\/pt-pt\\\/individuos\\\/o-autoconceito-de-individuos-superdotados\\\/#primaryimage\"},\"thumbnailUrl\":\"https:\\\/\\\/gifted-hub.com\\\/wp-content\\\/uploads\\\/2024\\\/11\\\/yivxyydwtuq.jpg\",\"datePublished\":\"2024-11-10T20:39:16+00:00\",\"dateModified\":\"2024-11-10T20:59:22+00:00\",\"breadcrumb\":{\"@id\":\"https:\\\/\\\/gifted-hub.com\\\/pt-pt\\\/individuos\\\/o-autoconceito-de-individuos-superdotados\\\/#breadcrumb\"},\"inLanguage\":\"pt-PT\",\"potentialAction\":[{\"@type\":\"ReadAction\",\"target\":[\"https:\\\/\\\/gifted-hub.com\\\/pt-pt\\\/individuos\\\/o-autoconceito-de-individuos-superdotados\\\/\"]}]},{\"@type\":\"ImageObject\",\"inLanguage\":\"pt-PT\",\"@id\":\"https:\\\/\\\/gifted-hub.com\\\/pt-pt\\\/individuos\\\/o-autoconceito-de-individuos-superdotados\\\/#primaryimage\",\"url\":\"https:\\\/\\\/gifted-hub.com\\\/wp-content\\\/uploads\\\/2024\\\/11\\\/yivxyydwtuq.jpg\",\"contentUrl\":\"https:\\\/\\\/gifted-hub.com\\\/wp-content\\\/uploads\\\/2024\\\/11\\\/yivxyydwtuq.jpg\",\"width\":1200,\"height\":1200},{\"@type\":\"BreadcrumbList\",\"@id\":\"https:\\\/\\\/gifted-hub.com\\\/pt-pt\\\/individuos\\\/o-autoconceito-de-individuos-superdotados\\\/#breadcrumb\",\"itemListElement\":[{\"@type\":\"ListItem\",\"position\":1,\"name\":\"Home\",\"item\":\"https:\\\/\\\/gifted-hub.com\\\/pt-pt\\\/inicio\\\/\"},{\"@type\":\"ListItem\",\"position\":2,\"name\":\"Indiv\u00edduos\",\"item\":\"https:\\\/\\\/gifted-hub.com\\\/pt-pt\\\/individuos\\\/\"},{\"@type\":\"ListItem\",\"position\":3,\"name\":\"O Autoconceito de Indiv\u00edduos Superdotados\"}]},{\"@type\":\"WebSite\",\"@id\":\"https:\\\/\\\/gifted-hub.com\\\/pt-pt\\\/#website\",\"url\":\"https:\\\/\\\/gifted-hub.com\\\/pt-pt\\\/\",\"name\":\"Gifted HUB\",\"description\":\"A space for high abilities\",\"publisher\":{\"@id\":\"https:\\\/\\\/gifted-hub.com\\\/pt-pt\\\/#organization\"},\"potentialAction\":[{\"@type\":\"SearchAction\",\"target\":{\"@type\":\"EntryPoint\",\"urlTemplate\":\"https:\\\/\\\/gifted-hub.com\\\/pt-pt\\\/?s={search_term_string}\"},\"query-input\":{\"@type\":\"PropertyValueSpecification\",\"valueRequired\":true,\"valueName\":\"search_term_string\"}}],\"inLanguage\":\"pt-PT\"},{\"@type\":\"Organization\",\"@id\":\"https:\\\/\\\/gifted-hub.com\\\/pt-pt\\\/#organization\",\"name\":\"Gifted HUB\",\"url\":\"https:\\\/\\\/gifted-hub.com\\\/pt-pt\\\/\",\"logo\":{\"@type\":\"ImageObject\",\"inLanguage\":\"pt-PT\",\"@id\":\"https:\\\/\\\/gifted-hub.com\\\/pt-pt\\\/#\\\/schema\\\/logo\\\/image\\\/\",\"url\":\"https:\\\/\\\/gifted-hub.com\\\/wp-content\\\/uploads\\\/2024\\\/07\\\/logo-1.svg\",\"contentUrl\":\"https:\\\/\\\/gifted-hub.com\\\/wp-content\\\/uploads\\\/2024\\\/07\\\/logo-1.svg\",\"caption\":\"Gifted HUB\"},\"image\":{\"@id\":\"https:\\\/\\\/gifted-hub.com\\\/pt-pt\\\/#\\\/schema\\\/logo\\\/image\\\/\"}}]}<\/script>\n<!-- \/ Yoast SEO plugin. -->","yoast_head_json":{"title":"O Autoconceito de Indiv\u00edduos Superdotados - Gifted HUB","robots":{"index":"index","follow":"follow","max-snippet":"max-snippet:-1","max-image-preview":"max-image-preview:large","max-video-preview":"max-video-preview:-1"},"canonical":"https:\/\/gifted-hub.com\/pt-pt\/individuos\/o-autoconceito-de-individuos-superdotados\/","og_locale":"pt_PT","og_type":"article","og_title":"O Autoconceito de Indiv\u00edduos Superdotados - Gifted HUB","og_description":"O autoconceito de indiv\u00edduos com superdota\u00e7\u00e3o \u00e9 um t\u00f3pico complexo frequentemente negligenciado, apesar das suas profundas implica\u00e7\u00f5es. Indiv\u00edduos superdotados, especialmente adolescentes, enfrentam um conjunto \u00fanico de desafios que podem impactar significativamente a forma como se percebem. O seu autoconceito, que \u00e9 essencialmente a compreens\u00e3o que t\u00eam das suas pr\u00f3prias habilidades, pontos fortes e fracos, tende [&hellip;]","og_url":"https:\/\/gifted-hub.com\/pt-pt\/individuos\/o-autoconceito-de-individuos-superdotados\/","og_site_name":"Gifted HUB","article_modified_time":"2024-11-10T20:59:22+00:00","og_image":[{"width":1200,"height":1200,"url":"https:\/\/gifted-hub.com\/wp-content\/uploads\/2024\/11\/yivxyydwtuq.jpg","type":"image\/jpeg"}],"twitter_card":"summary_large_image","twitter_misc":{"Tempo estimado de leitura":"4 minutos"},"schema":{"@context":"https:\/\/schema.org","@graph":[{"@type":"WebPage","@id":"https:\/\/gifted-hub.com\/pt-pt\/individuos\/o-autoconceito-de-individuos-superdotados\/","url":"https:\/\/gifted-hub.com\/pt-pt\/individuos\/o-autoconceito-de-individuos-superdotados\/","name":"O Autoconceito de Indiv\u00edduos Superdotados - Gifted HUB","isPartOf":{"@id":"https:\/\/gifted-hub.com\/pt-pt\/#website"},"primaryImageOfPage":{"@id":"https:\/\/gifted-hub.com\/pt-pt\/individuos\/o-autoconceito-de-individuos-superdotados\/#primaryimage"},"image":{"@id":"https:\/\/gifted-hub.com\/pt-pt\/individuos\/o-autoconceito-de-individuos-superdotados\/#primaryimage"},"thumbnailUrl":"https:\/\/gifted-hub.com\/wp-content\/uploads\/2024\/11\/yivxyydwtuq.jpg","datePublished":"2024-11-10T20:39:16+00:00","dateModified":"2024-11-10T20:59:22+00:00","breadcrumb":{"@id":"https:\/\/gifted-hub.com\/pt-pt\/individuos\/o-autoconceito-de-individuos-superdotados\/#breadcrumb"},"inLanguage":"pt-PT","potentialAction":[{"@type":"ReadAction","target":["https:\/\/gifted-hub.com\/pt-pt\/individuos\/o-autoconceito-de-individuos-superdotados\/"]}]},{"@type":"ImageObject","inLanguage":"pt-PT","@id":"https:\/\/gifted-hub.com\/pt-pt\/individuos\/o-autoconceito-de-individuos-superdotados\/#primaryimage","url":"https:\/\/gifted-hub.com\/wp-content\/uploads\/2024\/11\/yivxyydwtuq.jpg","contentUrl":"https:\/\/gifted-hub.com\/wp-content\/uploads\/2024\/11\/yivxyydwtuq.jpg","width":1200,"height":1200},{"@type":"BreadcrumbList","@id":"https:\/\/gifted-hub.com\/pt-pt\/individuos\/o-autoconceito-de-individuos-superdotados\/#breadcrumb","itemListElement":[{"@type":"ListItem","position":1,"name":"Home","item":"https:\/\/gifted-hub.com\/pt-pt\/inicio\/"},{"@type":"ListItem","position":2,"name":"Indiv\u00edduos","item":"https:\/\/gifted-hub.com\/pt-pt\/individuos\/"},{"@type":"ListItem","position":3,"name":"O Autoconceito de Indiv\u00edduos Superdotados"}]},{"@type":"WebSite","@id":"https:\/\/gifted-hub.com\/pt-pt\/#website","url":"https:\/\/gifted-hub.com\/pt-pt\/","name":"Gifted HUB","description":"A space for high abilities","publisher":{"@id":"https:\/\/gifted-hub.com\/pt-pt\/#organization"},"potentialAction":[{"@type":"SearchAction","target":{"@type":"EntryPoint","urlTemplate":"https:\/\/gifted-hub.com\/pt-pt\/?s={search_term_string}"},"query-input":{"@type":"PropertyValueSpecification","valueRequired":true,"valueName":"search_term_string"}}],"inLanguage":"pt-PT"},{"@type":"Organization","@id":"https:\/\/gifted-hub.com\/pt-pt\/#organization","name":"Gifted HUB","url":"https:\/\/gifted-hub.com\/pt-pt\/","logo":{"@type":"ImageObject","inLanguage":"pt-PT","@id":"https:\/\/gifted-hub.com\/pt-pt\/#\/schema\/logo\/image\/","url":"https:\/\/gifted-hub.com\/wp-content\/uploads\/2024\/07\/logo-1.svg","contentUrl":"https:\/\/gifted-hub.com\/wp-content\/uploads\/2024\/07\/logo-1.svg","caption":"Gifted HUB"},"image":{"@id":"https:\/\/gifted-hub.com\/pt-pt\/#\/schema\/logo\/image\/"}}]}},"_links":{"self":[{"href":"https:\/\/gifted-hub.com\/pt-pt\/wp-json\/wp\/v2\/pages\/17887","targetHints":{"allow":["GET"]}}],"collection":[{"href":"https:\/\/gifted-hub.com\/pt-pt\/wp-json\/wp\/v2\/pages"}],"about":[{"href":"https:\/\/gifted-hub.com\/pt-pt\/wp-json\/wp\/v2\/types\/page"}],"author":[{"embeddable":true,"href":"https:\/\/gifted-hub.com\/pt-pt\/wp-json\/wp\/v2\/users\/1"}],"replies":[{"embeddable":true,"href":"https:\/\/gifted-hub.com\/pt-pt\/wp-json\/wp\/v2\/comments?post=17887"}],"version-history":[{"count":1,"href":"https:\/\/gifted-hub.com\/pt-pt\/wp-json\/wp\/v2\/pages\/17887\/revisions"}],"predecessor-version":[{"id":17888,"href":"https:\/\/gifted-hub.com\/pt-pt\/wp-json\/wp\/v2\/pages\/17887\/revisions\/17888"}],"up":[{"embeddable":true,"href":"https:\/\/gifted-hub.com\/pt-pt\/wp-json\/wp\/v2\/pages\/16365"}],"wp:featuredmedia":[{"embeddable":true,"href":"https:\/\/gifted-hub.com\/pt-pt\/wp-json\/wp\/v2\/media\/17873"}],"wp:attachment":[{"href":"https:\/\/gifted-hub.com\/pt-pt\/wp-json\/wp\/v2\/media?parent=17887"}],"wp:term":[{"taxonomy":"group-interest","embeddable":true,"href":"https:\/\/gifted-hub.com\/pt-pt\/wp-json\/wp\/v2\/group-interest?post=17887"}],"curies":[{"name":"wp","href":"https:\/\/api.w.org\/{rel}","templated":true}]}}