{"id":16682,"date":"2024-10-20T00:51:35","date_gmt":"2024-10-20T00:51:35","guid":{"rendered":"https:\/\/gifted-hub.com\/profissionais\/"},"modified":"2024-10-28T09:20:31","modified_gmt":"2024-10-28T09:20:31","slug":"profissionais","status":"publish","type":"page","link":"https:\/\/gifted-hub.com\/pt-pt\/profissionais\/","title":{"rendered":"Profissionais"},"content":{"rendered":"\n<p>A sobredota\u00e7\u00e3o \u00e9 uma caracter\u00edstica \u00fanica que muitas vezes molda a forma como as pessoas percebem e interagem com o mundo. Para os terapeutas, <strong>compreender a sobredota\u00e7\u00e3o \u00e9 crucial<\/strong>, pois influencia o desenvolvimento cognitivo, social e emocional de maneiras que nem sempre se alinham com as expectativas tradicionais. Indiv\u00edduos sobredotados\u2014tanto crian\u00e7as quanto adultos\u2014frequentemente experienciam o mundo com uma sensibilidade aumentada, profundidade intelectual e um conjunto \u00fanico de desafios que podem levar a lutas emocionais e sociais. Infelizmente, muitos terapeutas n\u00e3o s\u00e3o treinados para considerar essas nuances, levando a potenciais mal-entendidos ou diagn\u00f3sticos errados.   <\/p>\n\n<p>Crian\u00e7as sobredotadas frequentemente aprendem mais r\u00e1pido, pensam mais profundamente e sentem mais intensamente do que os seus pares. Esta capacidade aumentada muitas vezes vem acompanhada de assincronia emocional e de desenvolvimento, onde as capacidades intelectuais superam em muito o seu crescimento social e emocional. Podem sentir-se aborrecidas e frustradas em salas de aula que n\u00e3o conseguem atender \u00e0s suas necessidades, lutar para se encaixar com os seus pares ou experienciar uma press\u00e3o intensa para atender \u00e0s suas pr\u00f3prias altas expectativas. Estas experi\u00eancias podem levar a turbul\u00eancias emocionais, como ansiedade, depress\u00e3o ou sentimentos de isolamento. A falta de consci\u00eancia sobre a sobredota\u00e7\u00e3o em ambientes educacionais muitas vezes significa que muitas crian\u00e7as sobredotadas permanecem n\u00e3o identificadas, especialmente aquelas que mascaram as suas habilidades para se encaixar ou aquelas com condi\u00e7\u00f5es de dupla exce\u00e7\u00e3o como TDAH ou dificuldades de aprendizagem. Esta subidentifica\u00e7\u00e3o \u00e9 particularmente prevalente entre grupos marginalizados, criando uma lacuna onde aqueles que mais precisam de apoio s\u00e3o frequentemente mal servidos.     <\/p>\n\n<p>Para os adultos, a sobredota\u00e7\u00e3o continua a desempenhar um papel significativo ao longo das suas vidas. <strong>Muitos adultos sobredotados procuram terapia devido a desafios de longa data<\/strong>, incluindo isolamento social, perfeccionismo ou t\u00e9dio nas suas carreiras. A sua consci\u00eancia e sensibilidade aumentadas podem criar desafios \u00fanicos em relacionamentos, ambientes de trabalho e durante transi\u00e7\u00f5es de vida. Para os adultos mais velhos, a reforma pode trazer dificuldades adicionais se lutarem para encontrar prop\u00f3sito ou conectar-se com pares que pensam de forma semelhante, \u00e0s vezes levando \u00e0 depress\u00e3o.  <\/p>\n\n<p>Um terapeuta que trabalha com indiv\u00edduos sobredotados deve estar aberto a aprender sobre as necessidades cognitivas, emocionais e sociais espec\u00edficas dos seus clientes. A sobredota\u00e7\u00e3o pode amplificar tanto as for\u00e7as quanto as vulnerabilidades, e compreender esta din\u00e2mica \u00e9 crucial para fornecer um suporte eficaz. O objetivo deve ser oferecer um espa\u00e7o terap\u00eautico onde os indiv\u00edduos sobredotados se sintam vistos e compreendidos, onde a sua intensidade intelectual, profundidade emocional e vis\u00e3o de mundo \u00fanica sejam validadas. Ao fazer isso, os terapeutas podem ajudar os clientes sobredotados a navegar pelas suas complexidades, gerir as suas sensibilidades e, em \u00faltima an\u00e1lise, prosperar num mundo que nem sempre atende \u00e0s suas necessidades \u00fanicas.   <\/p>\n\n<p>Se \u00e9 um profissional que deseja ser listado no nosso site, por favor <a href=\"https:\/\/gifted-hub.com\/pt-pt\/entre-em-contacto\/\" data-type=\"page\" data-id=\"15728\">entre em contacto connosco<\/a> para que possamos incluir as suas informa\u00e7\u00f5es de contacto.<\/p>\n","protected":false},"excerpt":{"rendered":"<p>A sobredota\u00e7\u00e3o \u00e9 uma caracter\u00edstica \u00fanica que muitas vezes molda a forma como as pessoas percebem e interagem com o mundo. Para os terapeutas, compreender a sobredota\u00e7\u00e3o \u00e9 crucial, pois influencia o desenvolvimento cognitivo, social e emocional de maneiras que nem sempre se alinham com as expectativas tradicionais. Indiv\u00edduos sobredotados\u2014tanto crian\u00e7as quanto adultos\u2014frequentemente experienciam o [&hellip;]<\/p>\n","protected":false},"author":1,"featured_media":15720,"parent":0,"menu_order":0,"comment_status":"closed","ping_status":"closed","template":"","meta":{"_acf_changed":false,"inline_featured_image":false,"footnotes":""},"group-interest":[],"class_list":["post-16682","page","type-page","status-publish","has-post-thumbnail","hentry"],"acf":[],"yoast_head":"<!-- This site is optimized with the Yoast SEO plugin v27.6 - https:\/\/yoast.com\/product\/yoast-seo-wordpress\/ -->\n<title>Profissionais - Gifted HUB<\/title>\n<meta name=\"robots\" content=\"index, follow, max-snippet:-1, max-image-preview:large, max-video-preview:-1\" \/>\n<link rel=\"canonical\" href=\"https:\/\/gifted-hub.com\/pt-pt\/profissionais\/\" \/>\n<meta property=\"og:locale\" content=\"pt_PT\" \/>\n<meta property=\"og:type\" content=\"article\" \/>\n<meta property=\"og:title\" content=\"Profissionais - Gifted HUB\" \/>\n<meta property=\"og:description\" content=\"A sobredota\u00e7\u00e3o \u00e9 uma caracter\u00edstica \u00fanica que muitas vezes molda a forma como as pessoas percebem e interagem com o mundo. Para os terapeutas, compreender a sobredota\u00e7\u00e3o \u00e9 crucial, pois influencia o desenvolvimento cognitivo, social e emocional de maneiras que nem sempre se alinham com as expectativas tradicionais. Indiv\u00edduos sobredotados\u2014tanto crian\u00e7as quanto adultos\u2014frequentemente experienciam o [&hellip;]\" \/>\n<meta property=\"og:url\" content=\"https:\/\/gifted-hub.com\/pt-pt\/profissionais\/\" \/>\n<meta property=\"og:site_name\" content=\"Gifted HUB\" \/>\n<meta property=\"article:modified_time\" content=\"2024-10-28T09:20:31+00:00\" \/>\n<meta property=\"og:image\" content=\"https:\/\/gifted-hub.com\/wp-content\/uploads\/2024\/10\/ecfec380-1fe5-4d65-9c4f-180517582404.jpg\" \/>\n\t<meta property=\"og:image:width\" content=\"1024\" \/>\n\t<meta property=\"og:image:height\" content=\"576\" \/>\n\t<meta property=\"og:image:type\" content=\"image\/jpeg\" \/>\n<meta name=\"twitter:card\" content=\"summary_large_image\" \/>\n<meta name=\"twitter:label1\" content=\"Tempo estimado de leitura\" \/>\n\t<meta name=\"twitter:data1\" content=\"3 minutos\" \/>\n<script type=\"application\/ld+json\" class=\"yoast-schema-graph\">{\"@context\":\"https:\\\/\\\/schema.org\",\"@graph\":[{\"@type\":\"WebPage\",\"@id\":\"https:\\\/\\\/gifted-hub.com\\\/pt-pt\\\/profissionais\\\/\",\"url\":\"https:\\\/\\\/gifted-hub.com\\\/pt-pt\\\/profissionais\\\/\",\"name\":\"Profissionais - Gifted HUB\",\"isPartOf\":{\"@id\":\"https:\\\/\\\/gifted-hub.com\\\/pt-pt\\\/#website\"},\"primaryImageOfPage\":{\"@id\":\"https:\\\/\\\/gifted-hub.com\\\/pt-pt\\\/profissionais\\\/#primaryimage\"},\"image\":{\"@id\":\"https:\\\/\\\/gifted-hub.com\\\/pt-pt\\\/profissionais\\\/#primaryimage\"},\"thumbnailUrl\":\"https:\\\/\\\/gifted-hub.com\\\/wp-content\\\/uploads\\\/2024\\\/10\\\/ecfec380-1fe5-4d65-9c4f-180517582404.jpg\",\"datePublished\":\"2024-10-20T00:51:35+00:00\",\"dateModified\":\"2024-10-28T09:20:31+00:00\",\"breadcrumb\":{\"@id\":\"https:\\\/\\\/gifted-hub.com\\\/pt-pt\\\/profissionais\\\/#breadcrumb\"},\"inLanguage\":\"pt-PT\",\"potentialAction\":[{\"@type\":\"ReadAction\",\"target\":[\"https:\\\/\\\/gifted-hub.com\\\/pt-pt\\\/profissionais\\\/\"]}]},{\"@type\":\"ImageObject\",\"inLanguage\":\"pt-PT\",\"@id\":\"https:\\\/\\\/gifted-hub.com\\\/pt-pt\\\/profissionais\\\/#primaryimage\",\"url\":\"https:\\\/\\\/gifted-hub.com\\\/wp-content\\\/uploads\\\/2024\\\/10\\\/ecfec380-1fe5-4d65-9c4f-180517582404.jpg\",\"contentUrl\":\"https:\\\/\\\/gifted-hub.com\\\/wp-content\\\/uploads\\\/2024\\\/10\\\/ecfec380-1fe5-4d65-9c4f-180517582404.jpg\",\"width\":1024,\"height\":576},{\"@type\":\"BreadcrumbList\",\"@id\":\"https:\\\/\\\/gifted-hub.com\\\/pt-pt\\\/profissionais\\\/#breadcrumb\",\"itemListElement\":[{\"@type\":\"ListItem\",\"position\":1,\"name\":\"Home\",\"item\":\"https:\\\/\\\/gifted-hub.com\\\/pt-pt\\\/inicio\\\/\"},{\"@type\":\"ListItem\",\"position\":2,\"name\":\"Profissionais\"}]},{\"@type\":\"WebSite\",\"@id\":\"https:\\\/\\\/gifted-hub.com\\\/pt-pt\\\/#website\",\"url\":\"https:\\\/\\\/gifted-hub.com\\\/pt-pt\\\/\",\"name\":\"Gifted HUB\",\"description\":\"A space for high abilities\",\"publisher\":{\"@id\":\"https:\\\/\\\/gifted-hub.com\\\/pt-pt\\\/#organization\"},\"potentialAction\":[{\"@type\":\"SearchAction\",\"target\":{\"@type\":\"EntryPoint\",\"urlTemplate\":\"https:\\\/\\\/gifted-hub.com\\\/pt-pt\\\/?s={search_term_string}\"},\"query-input\":{\"@type\":\"PropertyValueSpecification\",\"valueRequired\":true,\"valueName\":\"search_term_string\"}}],\"inLanguage\":\"pt-PT\"},{\"@type\":\"Organization\",\"@id\":\"https:\\\/\\\/gifted-hub.com\\\/pt-pt\\\/#organization\",\"name\":\"Gifted HUB\",\"url\":\"https:\\\/\\\/gifted-hub.com\\\/pt-pt\\\/\",\"logo\":{\"@type\":\"ImageObject\",\"inLanguage\":\"pt-PT\",\"@id\":\"https:\\\/\\\/gifted-hub.com\\\/pt-pt\\\/#\\\/schema\\\/logo\\\/image\\\/\",\"url\":\"https:\\\/\\\/gifted-hub.com\\\/wp-content\\\/uploads\\\/2024\\\/07\\\/logo-1.svg\",\"contentUrl\":\"https:\\\/\\\/gifted-hub.com\\\/wp-content\\\/uploads\\\/2024\\\/07\\\/logo-1.svg\",\"caption\":\"Gifted HUB\"},\"image\":{\"@id\":\"https:\\\/\\\/gifted-hub.com\\\/pt-pt\\\/#\\\/schema\\\/logo\\\/image\\\/\"}}]}<\/script>\n<!-- \/ Yoast SEO plugin. -->","yoast_head_json":{"title":"Profissionais - Gifted HUB","robots":{"index":"index","follow":"follow","max-snippet":"max-snippet:-1","max-image-preview":"max-image-preview:large","max-video-preview":"max-video-preview:-1"},"canonical":"https:\/\/gifted-hub.com\/pt-pt\/profissionais\/","og_locale":"pt_PT","og_type":"article","og_title":"Profissionais - Gifted HUB","og_description":"A sobredota\u00e7\u00e3o \u00e9 uma caracter\u00edstica \u00fanica que muitas vezes molda a forma como as pessoas percebem e interagem com o mundo. Para os terapeutas, compreender a sobredota\u00e7\u00e3o \u00e9 crucial, pois influencia o desenvolvimento cognitivo, social e emocional de maneiras que nem sempre se alinham com as expectativas tradicionais. Indiv\u00edduos sobredotados\u2014tanto crian\u00e7as quanto adultos\u2014frequentemente experienciam o [&hellip;]","og_url":"https:\/\/gifted-hub.com\/pt-pt\/profissionais\/","og_site_name":"Gifted HUB","article_modified_time":"2024-10-28T09:20:31+00:00","og_image":[{"width":1024,"height":576,"url":"https:\/\/gifted-hub.com\/wp-content\/uploads\/2024\/10\/ecfec380-1fe5-4d65-9c4f-180517582404.jpg","type":"image\/jpeg"}],"twitter_card":"summary_large_image","twitter_misc":{"Tempo estimado de leitura":"3 minutos"},"schema":{"@context":"https:\/\/schema.org","@graph":[{"@type":"WebPage","@id":"https:\/\/gifted-hub.com\/pt-pt\/profissionais\/","url":"https:\/\/gifted-hub.com\/pt-pt\/profissionais\/","name":"Profissionais - Gifted HUB","isPartOf":{"@id":"https:\/\/gifted-hub.com\/pt-pt\/#website"},"primaryImageOfPage":{"@id":"https:\/\/gifted-hub.com\/pt-pt\/profissionais\/#primaryimage"},"image":{"@id":"https:\/\/gifted-hub.com\/pt-pt\/profissionais\/#primaryimage"},"thumbnailUrl":"https:\/\/gifted-hub.com\/wp-content\/uploads\/2024\/10\/ecfec380-1fe5-4d65-9c4f-180517582404.jpg","datePublished":"2024-10-20T00:51:35+00:00","dateModified":"2024-10-28T09:20:31+00:00","breadcrumb":{"@id":"https:\/\/gifted-hub.com\/pt-pt\/profissionais\/#breadcrumb"},"inLanguage":"pt-PT","potentialAction":[{"@type":"ReadAction","target":["https:\/\/gifted-hub.com\/pt-pt\/profissionais\/"]}]},{"@type":"ImageObject","inLanguage":"pt-PT","@id":"https:\/\/gifted-hub.com\/pt-pt\/profissionais\/#primaryimage","url":"https:\/\/gifted-hub.com\/wp-content\/uploads\/2024\/10\/ecfec380-1fe5-4d65-9c4f-180517582404.jpg","contentUrl":"https:\/\/gifted-hub.com\/wp-content\/uploads\/2024\/10\/ecfec380-1fe5-4d65-9c4f-180517582404.jpg","width":1024,"height":576},{"@type":"BreadcrumbList","@id":"https:\/\/gifted-hub.com\/pt-pt\/profissionais\/#breadcrumb","itemListElement":[{"@type":"ListItem","position":1,"name":"Home","item":"https:\/\/gifted-hub.com\/pt-pt\/inicio\/"},{"@type":"ListItem","position":2,"name":"Profissionais"}]},{"@type":"WebSite","@id":"https:\/\/gifted-hub.com\/pt-pt\/#website","url":"https:\/\/gifted-hub.com\/pt-pt\/","name":"Gifted HUB","description":"A space for high abilities","publisher":{"@id":"https:\/\/gifted-hub.com\/pt-pt\/#organization"},"potentialAction":[{"@type":"SearchAction","target":{"@type":"EntryPoint","urlTemplate":"https:\/\/gifted-hub.com\/pt-pt\/?s={search_term_string}"},"query-input":{"@type":"PropertyValueSpecification","valueRequired":true,"valueName":"search_term_string"}}],"inLanguage":"pt-PT"},{"@type":"Organization","@id":"https:\/\/gifted-hub.com\/pt-pt\/#organization","name":"Gifted HUB","url":"https:\/\/gifted-hub.com\/pt-pt\/","logo":{"@type":"ImageObject","inLanguage":"pt-PT","@id":"https:\/\/gifted-hub.com\/pt-pt\/#\/schema\/logo\/image\/","url":"https:\/\/gifted-hub.com\/wp-content\/uploads\/2024\/07\/logo-1.svg","contentUrl":"https:\/\/gifted-hub.com\/wp-content\/uploads\/2024\/07\/logo-1.svg","caption":"Gifted HUB"},"image":{"@id":"https:\/\/gifted-hub.com\/pt-pt\/#\/schema\/logo\/image\/"}}]}},"_links":{"self":[{"href":"https:\/\/gifted-hub.com\/pt-pt\/wp-json\/wp\/v2\/pages\/16682","targetHints":{"allow":["GET"]}}],"collection":[{"href":"https:\/\/gifted-hub.com\/pt-pt\/wp-json\/wp\/v2\/pages"}],"about":[{"href":"https:\/\/gifted-hub.com\/pt-pt\/wp-json\/wp\/v2\/types\/page"}],"author":[{"embeddable":true,"href":"https:\/\/gifted-hub.com\/pt-pt\/wp-json\/wp\/v2\/users\/1"}],"replies":[{"embeddable":true,"href":"https:\/\/gifted-hub.com\/pt-pt\/wp-json\/wp\/v2\/comments?post=16682"}],"version-history":[{"count":2,"href":"https:\/\/gifted-hub.com\/pt-pt\/wp-json\/wp\/v2\/pages\/16682\/revisions"}],"predecessor-version":[{"id":16685,"href":"https:\/\/gifted-hub.com\/pt-pt\/wp-json\/wp\/v2\/pages\/16682\/revisions\/16685"}],"wp:featuredmedia":[{"embeddable":true,"href":"https:\/\/gifted-hub.com\/pt-pt\/wp-json\/wp\/v2\/media\/15720"}],"wp:attachment":[{"href":"https:\/\/gifted-hub.com\/pt-pt\/wp-json\/wp\/v2\/media?parent=16682"}],"wp:term":[{"taxonomy":"group-interest","embeddable":true,"href":"https:\/\/gifted-hub.com\/pt-pt\/wp-json\/wp\/v2\/group-interest?post=16682"}],"curies":[{"name":"wp","href":"https:\/\/api.w.org\/{rel}","templated":true}]}}