{"id":16663,"date":"2024-10-21T17:14:07","date_gmt":"2024-10-21T17:14:07","guid":{"rendered":"https:\/\/gifted-hub.com\/familia\/educar-criancas-sobredotadas\/"},"modified":"2024-10-28T09:20:22","modified_gmt":"2024-10-28T09:20:22","slug":"educar-criancas-sobredotadas","status":"publish","type":"page","link":"https:\/\/gifted-hub.com\/pt-pt\/familia\/educar-criancas-sobredotadas\/","title":{"rendered":"Educar crian\u00e7as sobredotadas"},"content":{"rendered":"\n<p>Criar uma crian\u00e7a sobredotada \u00e9 uma jornada \u00fanica, cheia de desafios e recompensas. As experi\u00eancias dos pais revelam uma realidade que, embora partilhe desafios comuns com outros pais, est\u00e1 cheia de nuances que merecem ser compreendidas. <\/p>\n\n<p>Muitos pais descrevem o seu estilo parental como orientado pela crian\u00e7a. N\u00e3o \u00e9 que a crian\u00e7a controle todas as decis\u00f5es, mas sim que as suas necessidades e curiosidades definem o ritmo da casa. Muitas vezes, estas crian\u00e7as mostram uma urg\u00eancia intensa em explorar os seus interesses. <strong>Os pais precisam frequentemente de se adaptar constantemente<\/strong> para manter a harmonia em casa e evitar crises emocionais. Este tipo de parentalidade pode ser exaustivo, pois requer estar sempre em modo reativo, procurando maneiras de integrar os interesses da crian\u00e7a nas rotinas di\u00e1rias. Um pai resumiu bem: \u201c\u00c9 um exerc\u00edcio criativo constante.\u201d    <\/p>\n\n<p>Um tema recorrente entre os pais \u00e9 o sentimento de isolamento. Embora pare\u00e7a paradoxal, ter uma crian\u00e7a brilhante pode levar os pais a sentirem-se desconectados do seu entorno. Muitas vezes, as pessoas \u00e0 sua volta n\u00e3o entendem o que significa criar uma crian\u00e7a sobredotada. Os pais mencionam sentir-se julgados quando partilham as conquistas dos seus filhos, como se estivessem a \u201cgabar-se\u201d. Al\u00e9m disso, estas crian\u00e7as tendem a ter comportamentos e maneiras de falar que as distinguem dos outros, tornando dif\u00edcil encaixar-se em <a href=\"https:\/\/gifted-hub.com\/pt-pt\/familia\/os-nossos-filhos-e-as-suas-competencias-sociais\/\" data-type=\"page\" data-id=\"15279\">ambientes sociais comuns<\/a>.    <\/p>\n\n<p>Criar uma crian\u00e7a sobredotada pode ser fisicamente e emocionalmente desgastante. Estas crian\u00e7as tendem a ter uma curiosidade intelectual constante, o que exige um alto n\u00edvel de aten\u00e7\u00e3o e energia dos pais. Muitos descrevem sentir-se sempre \u201cligados\u201d, sem oportunidade de desconectar devido \u00e0s exig\u00eancias incessantes dos seus filhos. Al\u00e9m disso, as emo\u00e7\u00f5es intensas frequentemente associadas a estas crian\u00e7as podem levar a rea\u00e7\u00f5es explosivas quando <a href=\"https:\/\/gifted-hub.com\/pt-pt\/a-psicologia-dos-jovens-superdotados\/\" data-type=\"page\" data-id=\"15777\">enfrentam dificuldades ou frustra\u00e7\u00f5es<\/a>. Isto deixa os pais exaustos, preocupados e, por vezes, culpados por n\u00e3o lidarem sempre da melhor forma com as situa\u00e7\u00f5es.    <\/p>\n\n<p>Apesar dos desafios, os pais de crian\u00e7as sobredotadas tamb\u00e9m encontram grande satisfa\u00e7\u00e3o em ver os seus filhos crescerem e em apoi\u00e1-los no desenvolvimento do seu pleno potencial. Muitos mencionam que partilhar experi\u00eancias com outros pais em situa\u00e7\u00f5es semelhantes \u00e9 incrivelmente \u00fatil. Conectar-se com uma comunidade que entende a realidade de criar uma crian\u00e7a sobredotada pode ser um suporte emocional vital.  <\/p>\n\n<p>Ser pai de uma crian\u00e7a sobredotada \u00e9 uma jornada complexa, cheia de aprendizagens e desafios. A adapta\u00e7\u00e3o constante, a procura de apoio e a necessidade de equilibrar as exig\u00eancias da crian\u00e7a com o bem-estar da fam\u00edlia s\u00e3o aspetos proeminentes das experi\u00eancias destes pais. \u00c9 um caminho onde, para al\u00e9m do sucesso acad\u00e9mico, a chave est\u00e1 em apoiar e compreender estas crian\u00e7as na sua totalidade: as suas emo\u00e7\u00f5es, interesses e a sua maneira \u00fanica de ver o mundo.  <\/p>\n","protected":false},"excerpt":{"rendered":"<p>Criar uma crian\u00e7a sobredotada \u00e9 uma jornada \u00fanica, cheia de desafios e recompensas. As experi\u00eancias dos pais revelam uma realidade que, embora partilhe desafios comuns com outros pais, est\u00e1 cheia de nuances que merecem ser compreendidas. Muitos pais descrevem o seu estilo parental como orientado pela crian\u00e7a. N\u00e3o \u00e9 que a crian\u00e7a controle todas as [&hellip;]<\/p>\n","protected":false},"author":1,"featured_media":15815,"parent":16413,"menu_order":0,"comment_status":"closed","ping_status":"closed","template":"","meta":{"_acf_changed":false,"inline_featured_image":false,"footnotes":""},"group-interest":[209],"class_list":["post-16663","page","type-page","status-publish","has-post-thumbnail","hentry","group-interest-familia"],"acf":[],"yoast_head":"<!-- This site is optimized with the Yoast SEO plugin v27.4 - https:\/\/yoast.com\/product\/yoast-seo-wordpress\/ -->\n<title>Educar crian\u00e7as sobredotadas - Gifted HUB<\/title>\n<meta name=\"robots\" content=\"index, follow, max-snippet:-1, max-image-preview:large, max-video-preview:-1\" \/>\n<link rel=\"canonical\" href=\"https:\/\/gifted-hub.com\/pt-pt\/familia\/educar-criancas-sobredotadas\/\" \/>\n<meta property=\"og:locale\" content=\"pt_PT\" \/>\n<meta property=\"og:type\" content=\"article\" \/>\n<meta property=\"og:title\" content=\"Educar crian\u00e7as sobredotadas - Gifted HUB\" \/>\n<meta property=\"og:description\" content=\"Criar uma crian\u00e7a sobredotada \u00e9 uma jornada \u00fanica, cheia de desafios e recompensas. As experi\u00eancias dos pais revelam uma realidade que, embora partilhe desafios comuns com outros pais, est\u00e1 cheia de nuances que merecem ser compreendidas. Muitos pais descrevem o seu estilo parental como orientado pela crian\u00e7a. N\u00e3o \u00e9 que a crian\u00e7a controle todas as [&hellip;]\" \/>\n<meta property=\"og:url\" content=\"https:\/\/gifted-hub.com\/pt-pt\/familia\/educar-criancas-sobredotadas\/\" \/>\n<meta property=\"og:site_name\" content=\"Gifted HUB\" \/>\n<meta property=\"article:modified_time\" content=\"2024-10-28T09:20:22+00:00\" \/>\n<meta property=\"og:image\" content=\"https:\/\/gifted-hub.com\/wp-content\/uploads\/2024\/10\/3820203.jpg\" \/>\n\t<meta property=\"og:image:width\" content=\"1600\" \/>\n\t<meta property=\"og:image:height\" content=\"1076\" \/>\n\t<meta property=\"og:image:type\" content=\"image\/jpeg\" \/>\n<meta name=\"twitter:card\" content=\"summary_large_image\" \/>\n<meta name=\"twitter:label1\" content=\"Tempo estimado de leitura\" \/>\n\t<meta name=\"twitter:data1\" content=\"2 minutos\" \/>\n<script type=\"application\/ld+json\" class=\"yoast-schema-graph\">{\"@context\":\"https:\\\/\\\/schema.org\",\"@graph\":[{\"@type\":\"WebPage\",\"@id\":\"https:\\\/\\\/gifted-hub.com\\\/pt-pt\\\/familia\\\/educar-criancas-sobredotadas\\\/\",\"url\":\"https:\\\/\\\/gifted-hub.com\\\/pt-pt\\\/familia\\\/educar-criancas-sobredotadas\\\/\",\"name\":\"Educar crian\u00e7as sobredotadas - Gifted HUB\",\"isPartOf\":{\"@id\":\"https:\\\/\\\/gifted-hub.com\\\/pt-pt\\\/#website\"},\"primaryImageOfPage\":{\"@id\":\"https:\\\/\\\/gifted-hub.com\\\/pt-pt\\\/familia\\\/educar-criancas-sobredotadas\\\/#primaryimage\"},\"image\":{\"@id\":\"https:\\\/\\\/gifted-hub.com\\\/pt-pt\\\/familia\\\/educar-criancas-sobredotadas\\\/#primaryimage\"},\"thumbnailUrl\":\"https:\\\/\\\/gifted-hub.com\\\/wp-content\\\/uploads\\\/2024\\\/10\\\/3820203.jpg\",\"datePublished\":\"2024-10-21T17:14:07+00:00\",\"dateModified\":\"2024-10-28T09:20:22+00:00\",\"breadcrumb\":{\"@id\":\"https:\\\/\\\/gifted-hub.com\\\/pt-pt\\\/familia\\\/educar-criancas-sobredotadas\\\/#breadcrumb\"},\"inLanguage\":\"pt-PT\",\"potentialAction\":[{\"@type\":\"ReadAction\",\"target\":[\"https:\\\/\\\/gifted-hub.com\\\/pt-pt\\\/familia\\\/educar-criancas-sobredotadas\\\/\"]}]},{\"@type\":\"ImageObject\",\"inLanguage\":\"pt-PT\",\"@id\":\"https:\\\/\\\/gifted-hub.com\\\/pt-pt\\\/familia\\\/educar-criancas-sobredotadas\\\/#primaryimage\",\"url\":\"https:\\\/\\\/gifted-hub.com\\\/wp-content\\\/uploads\\\/2024\\\/10\\\/3820203.jpg\",\"contentUrl\":\"https:\\\/\\\/gifted-hub.com\\\/wp-content\\\/uploads\\\/2024\\\/10\\\/3820203.jpg\",\"width\":1600,\"height\":1076},{\"@type\":\"BreadcrumbList\",\"@id\":\"https:\\\/\\\/gifted-hub.com\\\/pt-pt\\\/familia\\\/educar-criancas-sobredotadas\\\/#breadcrumb\",\"itemListElement\":[{\"@type\":\"ListItem\",\"position\":1,\"name\":\"Home\",\"item\":\"https:\\\/\\\/gifted-hub.com\\\/pt-pt\\\/inicio\\\/\"},{\"@type\":\"ListItem\",\"position\":2,\"name\":\"Fam\u00edlia\",\"item\":\"https:\\\/\\\/gifted-hub.com\\\/pt-pt\\\/familia\\\/\"},{\"@type\":\"ListItem\",\"position\":3,\"name\":\"Educar crian\u00e7as sobredotadas\"}]},{\"@type\":\"WebSite\",\"@id\":\"https:\\\/\\\/gifted-hub.com\\\/pt-pt\\\/#website\",\"url\":\"https:\\\/\\\/gifted-hub.com\\\/pt-pt\\\/\",\"name\":\"Gifted HUB\",\"description\":\"A space for high abilities\",\"publisher\":{\"@id\":\"https:\\\/\\\/gifted-hub.com\\\/pt-pt\\\/#organization\"},\"potentialAction\":[{\"@type\":\"SearchAction\",\"target\":{\"@type\":\"EntryPoint\",\"urlTemplate\":\"https:\\\/\\\/gifted-hub.com\\\/pt-pt\\\/?s={search_term_string}\"},\"query-input\":{\"@type\":\"PropertyValueSpecification\",\"valueRequired\":true,\"valueName\":\"search_term_string\"}}],\"inLanguage\":\"pt-PT\"},{\"@type\":\"Organization\",\"@id\":\"https:\\\/\\\/gifted-hub.com\\\/pt-pt\\\/#organization\",\"name\":\"Gifted HUB\",\"url\":\"https:\\\/\\\/gifted-hub.com\\\/pt-pt\\\/\",\"logo\":{\"@type\":\"ImageObject\",\"inLanguage\":\"pt-PT\",\"@id\":\"https:\\\/\\\/gifted-hub.com\\\/pt-pt\\\/#\\\/schema\\\/logo\\\/image\\\/\",\"url\":\"https:\\\/\\\/gifted-hub.com\\\/wp-content\\\/uploads\\\/2024\\\/07\\\/logo-1.svg\",\"contentUrl\":\"https:\\\/\\\/gifted-hub.com\\\/wp-content\\\/uploads\\\/2024\\\/07\\\/logo-1.svg\",\"caption\":\"Gifted HUB\"},\"image\":{\"@id\":\"https:\\\/\\\/gifted-hub.com\\\/pt-pt\\\/#\\\/schema\\\/logo\\\/image\\\/\"}}]}<\/script>\n<!-- \/ Yoast SEO plugin. -->","yoast_head_json":{"title":"Educar crian\u00e7as sobredotadas - Gifted HUB","robots":{"index":"index","follow":"follow","max-snippet":"max-snippet:-1","max-image-preview":"max-image-preview:large","max-video-preview":"max-video-preview:-1"},"canonical":"https:\/\/gifted-hub.com\/pt-pt\/familia\/educar-criancas-sobredotadas\/","og_locale":"pt_PT","og_type":"article","og_title":"Educar crian\u00e7as sobredotadas - Gifted HUB","og_description":"Criar uma crian\u00e7a sobredotada \u00e9 uma jornada \u00fanica, cheia de desafios e recompensas. As experi\u00eancias dos pais revelam uma realidade que, embora partilhe desafios comuns com outros pais, est\u00e1 cheia de nuances que merecem ser compreendidas. Muitos pais descrevem o seu estilo parental como orientado pela crian\u00e7a. N\u00e3o \u00e9 que a crian\u00e7a controle todas as [&hellip;]","og_url":"https:\/\/gifted-hub.com\/pt-pt\/familia\/educar-criancas-sobredotadas\/","og_site_name":"Gifted HUB","article_modified_time":"2024-10-28T09:20:22+00:00","og_image":[{"width":1600,"height":1076,"url":"https:\/\/gifted-hub.com\/wp-content\/uploads\/2024\/10\/3820203.jpg","type":"image\/jpeg"}],"twitter_card":"summary_large_image","twitter_misc":{"Tempo estimado de leitura":"2 minutos"},"schema":{"@context":"https:\/\/schema.org","@graph":[{"@type":"WebPage","@id":"https:\/\/gifted-hub.com\/pt-pt\/familia\/educar-criancas-sobredotadas\/","url":"https:\/\/gifted-hub.com\/pt-pt\/familia\/educar-criancas-sobredotadas\/","name":"Educar crian\u00e7as sobredotadas - Gifted HUB","isPartOf":{"@id":"https:\/\/gifted-hub.com\/pt-pt\/#website"},"primaryImageOfPage":{"@id":"https:\/\/gifted-hub.com\/pt-pt\/familia\/educar-criancas-sobredotadas\/#primaryimage"},"image":{"@id":"https:\/\/gifted-hub.com\/pt-pt\/familia\/educar-criancas-sobredotadas\/#primaryimage"},"thumbnailUrl":"https:\/\/gifted-hub.com\/wp-content\/uploads\/2024\/10\/3820203.jpg","datePublished":"2024-10-21T17:14:07+00:00","dateModified":"2024-10-28T09:20:22+00:00","breadcrumb":{"@id":"https:\/\/gifted-hub.com\/pt-pt\/familia\/educar-criancas-sobredotadas\/#breadcrumb"},"inLanguage":"pt-PT","potentialAction":[{"@type":"ReadAction","target":["https:\/\/gifted-hub.com\/pt-pt\/familia\/educar-criancas-sobredotadas\/"]}]},{"@type":"ImageObject","inLanguage":"pt-PT","@id":"https:\/\/gifted-hub.com\/pt-pt\/familia\/educar-criancas-sobredotadas\/#primaryimage","url":"https:\/\/gifted-hub.com\/wp-content\/uploads\/2024\/10\/3820203.jpg","contentUrl":"https:\/\/gifted-hub.com\/wp-content\/uploads\/2024\/10\/3820203.jpg","width":1600,"height":1076},{"@type":"BreadcrumbList","@id":"https:\/\/gifted-hub.com\/pt-pt\/familia\/educar-criancas-sobredotadas\/#breadcrumb","itemListElement":[{"@type":"ListItem","position":1,"name":"Home","item":"https:\/\/gifted-hub.com\/pt-pt\/inicio\/"},{"@type":"ListItem","position":2,"name":"Fam\u00edlia","item":"https:\/\/gifted-hub.com\/pt-pt\/familia\/"},{"@type":"ListItem","position":3,"name":"Educar crian\u00e7as sobredotadas"}]},{"@type":"WebSite","@id":"https:\/\/gifted-hub.com\/pt-pt\/#website","url":"https:\/\/gifted-hub.com\/pt-pt\/","name":"Gifted HUB","description":"A space for high abilities","publisher":{"@id":"https:\/\/gifted-hub.com\/pt-pt\/#organization"},"potentialAction":[{"@type":"SearchAction","target":{"@type":"EntryPoint","urlTemplate":"https:\/\/gifted-hub.com\/pt-pt\/?s={search_term_string}"},"query-input":{"@type":"PropertyValueSpecification","valueRequired":true,"valueName":"search_term_string"}}],"inLanguage":"pt-PT"},{"@type":"Organization","@id":"https:\/\/gifted-hub.com\/pt-pt\/#organization","name":"Gifted HUB","url":"https:\/\/gifted-hub.com\/pt-pt\/","logo":{"@type":"ImageObject","inLanguage":"pt-PT","@id":"https:\/\/gifted-hub.com\/pt-pt\/#\/schema\/logo\/image\/","url":"https:\/\/gifted-hub.com\/wp-content\/uploads\/2024\/07\/logo-1.svg","contentUrl":"https:\/\/gifted-hub.com\/wp-content\/uploads\/2024\/07\/logo-1.svg","caption":"Gifted HUB"},"image":{"@id":"https:\/\/gifted-hub.com\/pt-pt\/#\/schema\/logo\/image\/"}}]}},"_links":{"self":[{"href":"https:\/\/gifted-hub.com\/pt-pt\/wp-json\/wp\/v2\/pages\/16663","targetHints":{"allow":["GET"]}}],"collection":[{"href":"https:\/\/gifted-hub.com\/pt-pt\/wp-json\/wp\/v2\/pages"}],"about":[{"href":"https:\/\/gifted-hub.com\/pt-pt\/wp-json\/wp\/v2\/types\/page"}],"author":[{"embeddable":true,"href":"https:\/\/gifted-hub.com\/pt-pt\/wp-json\/wp\/v2\/users\/1"}],"replies":[{"embeddable":true,"href":"https:\/\/gifted-hub.com\/pt-pt\/wp-json\/wp\/v2\/comments?post=16663"}],"version-history":[{"count":1,"href":"https:\/\/gifted-hub.com\/pt-pt\/wp-json\/wp\/v2\/pages\/16663\/revisions"}],"predecessor-version":[{"id":16664,"href":"https:\/\/gifted-hub.com\/pt-pt\/wp-json\/wp\/v2\/pages\/16663\/revisions\/16664"}],"up":[{"embeddable":true,"href":"https:\/\/gifted-hub.com\/pt-pt\/wp-json\/wp\/v2\/pages\/16413"}],"wp:featuredmedia":[{"embeddable":true,"href":"https:\/\/gifted-hub.com\/pt-pt\/wp-json\/wp\/v2\/media\/15815"}],"wp:attachment":[{"href":"https:\/\/gifted-hub.com\/pt-pt\/wp-json\/wp\/v2\/media?parent=16663"}],"wp:term":[{"taxonomy":"group-interest","embeddable":true,"href":"https:\/\/gifted-hub.com\/pt-pt\/wp-json\/wp\/v2\/group-interest?post=16663"}],"curies":[{"name":"wp","href":"https:\/\/api.w.org\/{rel}","templated":true}]}}