{"id":16659,"date":"2024-10-23T22:22:39","date_gmt":"2024-10-23T22:22:39","guid":{"rendered":"https:\/\/gifted-hub.com\/professores\/apoiar-e-motivar-criancas-talentosas-na-escola\/"},"modified":"2024-10-28T09:20:22","modified_gmt":"2024-10-28T09:20:22","slug":"apoiar-e-motivar-criancas-talentosas-na-escola","status":"publish","type":"page","link":"https:\/\/gifted-hub.com\/pt-pt\/professores\/apoiar-e-motivar-criancas-talentosas-na-escola\/","title":{"rendered":"Apoiar e motivar crian\u00e7as talentosas na escola"},"content":{"rendered":"\n<p>Motivar e nutrir a confian\u00e7a em crian\u00e7as talentosas na escola \u00e9 crucial para o seu bem-estar e crescimento. Muitas vezes, crian\u00e7as com altas habilidades enfrentam t\u00e9dio, frustra\u00e7\u00e3o ou at\u00e9 mesmo rebeldia em ambientes escolares tradicionais porque as suas necessidades n\u00e3o est\u00e3o a ser plenamente atendidas. Uma vez, uma crian\u00e7a imaginou ter um plano de aprendizagem personalizado onde cada aluno pudesse aprender ao seu pr\u00f3prio ritmo com o professor a ajudar todos, quer fossem aprendizes r\u00e1pidos ou precisassem de mais tempo. Isto destaca a import\u00e2ncia de estas crian\u00e7as <strong>sentirem que as suas habilidades \u00fanicas s\u00e3o reconhecidas e apoiadas<\/strong>.   <\/p>\n\n<p>As escolas desempenham um papel fundamental neste processo. Elas devem trabalhar de m\u00e3os dadas com as fam\u00edlias para garantir que a crian\u00e7a receba o apoio de que necessita. A escola n\u00e3o pode ser vista como o inimigo; em vez disso, deve ser um parceiro na jornada da crian\u00e7a. Uma frase que ressoa bem aqui \u00e9: &#8220;A escola \u00e9 a segunda casa da crian\u00e7a, mas a primeira escola \u00e9 o seu lar.&#8221; A colabora\u00e7\u00e3o entre fam\u00edlia e escola deve ter como objetivo o bem-estar e a educa\u00e7\u00e3o completa da crian\u00e7a.    <\/p>\n\n<p>Muitas vezes, crian\u00e7as talentosas s\u00e3o solicitadas a seguir tarefas repetitivas, como escrever p\u00e1ginas de apontamentos para um teste que j\u00e1 sabem de cor. Isto pode levar a uma frustra\u00e7\u00e3o desnecess\u00e1ria. Se uma crian\u00e7a j\u00e1 conhece a mat\u00e9ria, talvez ela <a href=\"https:\/\/gifted-hub.com\/pt-pt\/professores\/curriculo-de-aceleracao-e-enriquecimento\/\" data-type=\"page\" data-id=\"15628\">deva ser incentivada a explorar<\/a> mais ou investigar um t\u00f3pico relacionado de forma mais profunda. Estes alunos precisam sentir que o seu tempo na escola n\u00e3o \u00e9 desperdi\u00e7ado, mas sim utilizado para crescer e aprender.   <\/p>\n\n<p>H\u00e1 tamb\u00e9m a quest\u00e3o de fazer com que estas crian\u00e7as &#8220;se misturem&#8221; demasiado. Elas podem sentir que precisam esconder as suas habilidades para n\u00e3o se destacarem ou serem vistas como diferentes. No entanto, \u00e9 crucial permitir que expressem o seu conhecimento e curiosidade abertamente. N\u00e3o devemos pedir \u00e0s crian\u00e7as talentosas que limitem as suas habilidades ou criatividade, <strong>n\u00e3o devemos pedir-lhes que suprimam os seus talentos<\/strong>. Elas merecem a oportunidade de desenvolver plenamente as suas habilidades enquanto aprendem a partilhar e ajudar os outros no seu processo de aprendizagem.    <\/p>\n\n<p>Para crian\u00e7as talentosas, a escola deve ser um lugar onde aprendem n\u00e3o s\u00f3 mat\u00e9rias acad\u00e9micas, mas tamb\u00e9m como coexistir e adaptar-se sem perder a sua singularidade. Elas precisam entender que, embora \u00e0s vezes possam ter que &#8220;seguir o fluxo&#8221;, isso n\u00e3o significa que devam esconder quem s\u00e3o. Devem ser incentivadas a mostrar gentileza, a partilhar as suas habilidades sem sobrecarregar os outros, e a encontrar um equil\u00edbrio entre perseguir os seus interesses e participar no grupo.  <\/p>\n\n<p>Um aspeto cr\u00edtico \u00e9 construir uma rela\u00e7\u00e3o de confian\u00e7a entre o professor e o aluno. Quando um professor confia numa crian\u00e7a talentosa, permitindo-lhe apresentar um projeto \u00e0 turma ou explorar um t\u00f3pico com mais profundidade, isso envia uma mensagem poderosa: &#8220;Eu acredito em ti.&#8221; Esta confian\u00e7a pode ser incrivelmente motivadora, ajudando a crian\u00e7a a sentir-se valorizada e dando-lhe a confian\u00e7a para enfrentar novos desafios. A motiva\u00e7\u00e3o na escola deve vir deste tipo de encorajamento\u2014reconhecendo as habilidades da crian\u00e7a e dando-lhe oportunidades para crescer ao seu pr\u00f3prio ritmo.   <\/p>\n\n<p>Tamb\u00e9m \u00e9 importante criar um ambiente que motive todos os alunos, n\u00e3o apenas aqueles com altas habilidades. Incentivar o pensamento cr\u00edtico, a participa\u00e7\u00e3o, a autonomia e a responsabilidade beneficia todas as crian\u00e7as na sala de aula. Muitos dos m\u00e9todos que funcionam bem para alunos talentosos\u2014como ligar conceitos te\u00f3ricos a situa\u00e7\u00f5es da vida real\u2014podem, na verdade, enriquecer a experi\u00eancia de aprendizagem para todos.  <\/p>\n\n<p>Em \u00faltima an\u00e1lise, motivar crian\u00e7as talentosas e faz\u00ea-las sentir-se confiantes na escola envolve v\u00ea-las como indiv\u00edduos, reconhecer as suas necessidades \u00fanicas e trabalhar colaborativamente entre fam\u00edlias e escolas. Trata-se de encontrar o equil\u00edbrio entre limites e afeto, estrutura e liberdade, para que cada crian\u00e7a possa prosperar. <\/p>\n","protected":false},"excerpt":{"rendered":"<p>Motivar e nutrir a confian\u00e7a em crian\u00e7as talentosas na escola \u00e9 crucial para o seu bem-estar e crescimento. Muitas vezes, crian\u00e7as com altas habilidades enfrentam t\u00e9dio, frustra\u00e7\u00e3o ou at\u00e9 mesmo rebeldia em ambientes escolares tradicionais porque as suas necessidades n\u00e3o est\u00e3o a ser plenamente atendidas. Uma vez, uma crian\u00e7a imaginou ter um plano de aprendizagem [&hellip;]<\/p>\n","protected":false},"author":1,"featured_media":16164,"parent":16394,"menu_order":0,"comment_status":"closed","ping_status":"closed","template":"","meta":{"_acf_changed":false,"inline_featured_image":false,"footnotes":""},"group-interest":[210],"class_list":["post-16659","page","type-page","status-publish","has-post-thumbnail","hentry","group-interest-professores"],"acf":[],"yoast_head":"<!-- This site is optimized with the Yoast SEO plugin v27.4 - https:\/\/yoast.com\/product\/yoast-seo-wordpress\/ -->\n<title>Apoiar e motivar crian\u00e7as talentosas na escola - Gifted HUB<\/title>\n<meta name=\"robots\" content=\"index, follow, max-snippet:-1, max-image-preview:large, max-video-preview:-1\" \/>\n<link rel=\"canonical\" href=\"https:\/\/gifted-hub.com\/pt-pt\/professores\/apoiar-e-motivar-criancas-talentosas-na-escola\/\" \/>\n<meta property=\"og:locale\" content=\"pt_PT\" \/>\n<meta property=\"og:type\" content=\"article\" \/>\n<meta property=\"og:title\" content=\"Apoiar e motivar crian\u00e7as talentosas na escola - Gifted HUB\" \/>\n<meta property=\"og:description\" content=\"Motivar e nutrir a confian\u00e7a em crian\u00e7as talentosas na escola \u00e9 crucial para o seu bem-estar e crescimento. Muitas vezes, crian\u00e7as com altas habilidades enfrentam t\u00e9dio, frustra\u00e7\u00e3o ou at\u00e9 mesmo rebeldia em ambientes escolares tradicionais porque as suas necessidades n\u00e3o est\u00e3o a ser plenamente atendidas. Uma vez, uma crian\u00e7a imaginou ter um plano de aprendizagem [&hellip;]\" \/>\n<meta property=\"og:url\" content=\"https:\/\/gifted-hub.com\/pt-pt\/professores\/apoiar-e-motivar-criancas-talentosas-na-escola\/\" \/>\n<meta property=\"og:site_name\" content=\"Gifted HUB\" \/>\n<meta property=\"article:modified_time\" content=\"2024-10-28T09:20:22+00:00\" \/>\n<meta property=\"og:image\" content=\"https:\/\/gifted-hub.com\/wp-content\/uploads\/2024\/10\/gem5lzdj4iw.jpg\" \/>\n\t<meta property=\"og:image:width\" content=\"1600\" \/>\n\t<meta property=\"og:image:height\" content=\"1067\" \/>\n\t<meta property=\"og:image:type\" content=\"image\/jpeg\" \/>\n<meta name=\"twitter:card\" content=\"summary_large_image\" \/>\n<meta name=\"twitter:label1\" content=\"Tempo estimado de leitura\" \/>\n\t<meta name=\"twitter:data1\" content=\"3 minutos\" \/>\n<script type=\"application\/ld+json\" class=\"yoast-schema-graph\">{\"@context\":\"https:\\\/\\\/schema.org\",\"@graph\":[{\"@type\":\"WebPage\",\"@id\":\"https:\\\/\\\/gifted-hub.com\\\/pt-pt\\\/professores\\\/apoiar-e-motivar-criancas-talentosas-na-escola\\\/\",\"url\":\"https:\\\/\\\/gifted-hub.com\\\/pt-pt\\\/professores\\\/apoiar-e-motivar-criancas-talentosas-na-escola\\\/\",\"name\":\"Apoiar e motivar crian\u00e7as talentosas na escola - Gifted HUB\",\"isPartOf\":{\"@id\":\"https:\\\/\\\/gifted-hub.com\\\/pt-pt\\\/#website\"},\"primaryImageOfPage\":{\"@id\":\"https:\\\/\\\/gifted-hub.com\\\/pt-pt\\\/professores\\\/apoiar-e-motivar-criancas-talentosas-na-escola\\\/#primaryimage\"},\"image\":{\"@id\":\"https:\\\/\\\/gifted-hub.com\\\/pt-pt\\\/professores\\\/apoiar-e-motivar-criancas-talentosas-na-escola\\\/#primaryimage\"},\"thumbnailUrl\":\"https:\\\/\\\/gifted-hub.com\\\/wp-content\\\/uploads\\\/2024\\\/10\\\/gem5lzdj4iw.jpg\",\"datePublished\":\"2024-10-23T22:22:39+00:00\",\"dateModified\":\"2024-10-28T09:20:22+00:00\",\"breadcrumb\":{\"@id\":\"https:\\\/\\\/gifted-hub.com\\\/pt-pt\\\/professores\\\/apoiar-e-motivar-criancas-talentosas-na-escola\\\/#breadcrumb\"},\"inLanguage\":\"pt-PT\",\"potentialAction\":[{\"@type\":\"ReadAction\",\"target\":[\"https:\\\/\\\/gifted-hub.com\\\/pt-pt\\\/professores\\\/apoiar-e-motivar-criancas-talentosas-na-escola\\\/\"]}]},{\"@type\":\"ImageObject\",\"inLanguage\":\"pt-PT\",\"@id\":\"https:\\\/\\\/gifted-hub.com\\\/pt-pt\\\/professores\\\/apoiar-e-motivar-criancas-talentosas-na-escola\\\/#primaryimage\",\"url\":\"https:\\\/\\\/gifted-hub.com\\\/wp-content\\\/uploads\\\/2024\\\/10\\\/gem5lzdj4iw.jpg\",\"contentUrl\":\"https:\\\/\\\/gifted-hub.com\\\/wp-content\\\/uploads\\\/2024\\\/10\\\/gem5lzdj4iw.jpg\",\"width\":1600,\"height\":1067},{\"@type\":\"BreadcrumbList\",\"@id\":\"https:\\\/\\\/gifted-hub.com\\\/pt-pt\\\/professores\\\/apoiar-e-motivar-criancas-talentosas-na-escola\\\/#breadcrumb\",\"itemListElement\":[{\"@type\":\"ListItem\",\"position\":1,\"name\":\"Home\",\"item\":\"https:\\\/\\\/gifted-hub.com\\\/pt-pt\\\/inicio\\\/\"},{\"@type\":\"ListItem\",\"position\":2,\"name\":\"Professores\",\"item\":\"https:\\\/\\\/gifted-hub.com\\\/pt-pt\\\/professores\\\/\"},{\"@type\":\"ListItem\",\"position\":3,\"name\":\"Apoiar e motivar crian\u00e7as talentosas na escola\"}]},{\"@type\":\"WebSite\",\"@id\":\"https:\\\/\\\/gifted-hub.com\\\/pt-pt\\\/#website\",\"url\":\"https:\\\/\\\/gifted-hub.com\\\/pt-pt\\\/\",\"name\":\"Gifted HUB\",\"description\":\"A space for high abilities\",\"publisher\":{\"@id\":\"https:\\\/\\\/gifted-hub.com\\\/pt-pt\\\/#organization\"},\"potentialAction\":[{\"@type\":\"SearchAction\",\"target\":{\"@type\":\"EntryPoint\",\"urlTemplate\":\"https:\\\/\\\/gifted-hub.com\\\/pt-pt\\\/?s={search_term_string}\"},\"query-input\":{\"@type\":\"PropertyValueSpecification\",\"valueRequired\":true,\"valueName\":\"search_term_string\"}}],\"inLanguage\":\"pt-PT\"},{\"@type\":\"Organization\",\"@id\":\"https:\\\/\\\/gifted-hub.com\\\/pt-pt\\\/#organization\",\"name\":\"Gifted HUB\",\"url\":\"https:\\\/\\\/gifted-hub.com\\\/pt-pt\\\/\",\"logo\":{\"@type\":\"ImageObject\",\"inLanguage\":\"pt-PT\",\"@id\":\"https:\\\/\\\/gifted-hub.com\\\/pt-pt\\\/#\\\/schema\\\/logo\\\/image\\\/\",\"url\":\"https:\\\/\\\/gifted-hub.com\\\/wp-content\\\/uploads\\\/2024\\\/07\\\/logo-1.svg\",\"contentUrl\":\"https:\\\/\\\/gifted-hub.com\\\/wp-content\\\/uploads\\\/2024\\\/07\\\/logo-1.svg\",\"caption\":\"Gifted HUB\"},\"image\":{\"@id\":\"https:\\\/\\\/gifted-hub.com\\\/pt-pt\\\/#\\\/schema\\\/logo\\\/image\\\/\"}}]}<\/script>\n<!-- \/ Yoast SEO plugin. -->","yoast_head_json":{"title":"Apoiar e motivar crian\u00e7as talentosas na escola - Gifted HUB","robots":{"index":"index","follow":"follow","max-snippet":"max-snippet:-1","max-image-preview":"max-image-preview:large","max-video-preview":"max-video-preview:-1"},"canonical":"https:\/\/gifted-hub.com\/pt-pt\/professores\/apoiar-e-motivar-criancas-talentosas-na-escola\/","og_locale":"pt_PT","og_type":"article","og_title":"Apoiar e motivar crian\u00e7as talentosas na escola - Gifted HUB","og_description":"Motivar e nutrir a confian\u00e7a em crian\u00e7as talentosas na escola \u00e9 crucial para o seu bem-estar e crescimento. Muitas vezes, crian\u00e7as com altas habilidades enfrentam t\u00e9dio, frustra\u00e7\u00e3o ou at\u00e9 mesmo rebeldia em ambientes escolares tradicionais porque as suas necessidades n\u00e3o est\u00e3o a ser plenamente atendidas. Uma vez, uma crian\u00e7a imaginou ter um plano de aprendizagem [&hellip;]","og_url":"https:\/\/gifted-hub.com\/pt-pt\/professores\/apoiar-e-motivar-criancas-talentosas-na-escola\/","og_site_name":"Gifted HUB","article_modified_time":"2024-10-28T09:20:22+00:00","og_image":[{"width":1600,"height":1067,"url":"https:\/\/gifted-hub.com\/wp-content\/uploads\/2024\/10\/gem5lzdj4iw.jpg","type":"image\/jpeg"}],"twitter_card":"summary_large_image","twitter_misc":{"Tempo estimado de leitura":"3 minutos"},"schema":{"@context":"https:\/\/schema.org","@graph":[{"@type":"WebPage","@id":"https:\/\/gifted-hub.com\/pt-pt\/professores\/apoiar-e-motivar-criancas-talentosas-na-escola\/","url":"https:\/\/gifted-hub.com\/pt-pt\/professores\/apoiar-e-motivar-criancas-talentosas-na-escola\/","name":"Apoiar e motivar crian\u00e7as talentosas na escola - Gifted HUB","isPartOf":{"@id":"https:\/\/gifted-hub.com\/pt-pt\/#website"},"primaryImageOfPage":{"@id":"https:\/\/gifted-hub.com\/pt-pt\/professores\/apoiar-e-motivar-criancas-talentosas-na-escola\/#primaryimage"},"image":{"@id":"https:\/\/gifted-hub.com\/pt-pt\/professores\/apoiar-e-motivar-criancas-talentosas-na-escola\/#primaryimage"},"thumbnailUrl":"https:\/\/gifted-hub.com\/wp-content\/uploads\/2024\/10\/gem5lzdj4iw.jpg","datePublished":"2024-10-23T22:22:39+00:00","dateModified":"2024-10-28T09:20:22+00:00","breadcrumb":{"@id":"https:\/\/gifted-hub.com\/pt-pt\/professores\/apoiar-e-motivar-criancas-talentosas-na-escola\/#breadcrumb"},"inLanguage":"pt-PT","potentialAction":[{"@type":"ReadAction","target":["https:\/\/gifted-hub.com\/pt-pt\/professores\/apoiar-e-motivar-criancas-talentosas-na-escola\/"]}]},{"@type":"ImageObject","inLanguage":"pt-PT","@id":"https:\/\/gifted-hub.com\/pt-pt\/professores\/apoiar-e-motivar-criancas-talentosas-na-escola\/#primaryimage","url":"https:\/\/gifted-hub.com\/wp-content\/uploads\/2024\/10\/gem5lzdj4iw.jpg","contentUrl":"https:\/\/gifted-hub.com\/wp-content\/uploads\/2024\/10\/gem5lzdj4iw.jpg","width":1600,"height":1067},{"@type":"BreadcrumbList","@id":"https:\/\/gifted-hub.com\/pt-pt\/professores\/apoiar-e-motivar-criancas-talentosas-na-escola\/#breadcrumb","itemListElement":[{"@type":"ListItem","position":1,"name":"Home","item":"https:\/\/gifted-hub.com\/pt-pt\/inicio\/"},{"@type":"ListItem","position":2,"name":"Professores","item":"https:\/\/gifted-hub.com\/pt-pt\/professores\/"},{"@type":"ListItem","position":3,"name":"Apoiar e motivar crian\u00e7as talentosas na escola"}]},{"@type":"WebSite","@id":"https:\/\/gifted-hub.com\/pt-pt\/#website","url":"https:\/\/gifted-hub.com\/pt-pt\/","name":"Gifted HUB","description":"A space for high abilities","publisher":{"@id":"https:\/\/gifted-hub.com\/pt-pt\/#organization"},"potentialAction":[{"@type":"SearchAction","target":{"@type":"EntryPoint","urlTemplate":"https:\/\/gifted-hub.com\/pt-pt\/?s={search_term_string}"},"query-input":{"@type":"PropertyValueSpecification","valueRequired":true,"valueName":"search_term_string"}}],"inLanguage":"pt-PT"},{"@type":"Organization","@id":"https:\/\/gifted-hub.com\/pt-pt\/#organization","name":"Gifted HUB","url":"https:\/\/gifted-hub.com\/pt-pt\/","logo":{"@type":"ImageObject","inLanguage":"pt-PT","@id":"https:\/\/gifted-hub.com\/pt-pt\/#\/schema\/logo\/image\/","url":"https:\/\/gifted-hub.com\/wp-content\/uploads\/2024\/07\/logo-1.svg","contentUrl":"https:\/\/gifted-hub.com\/wp-content\/uploads\/2024\/07\/logo-1.svg","caption":"Gifted HUB"},"image":{"@id":"https:\/\/gifted-hub.com\/pt-pt\/#\/schema\/logo\/image\/"}}]}},"_links":{"self":[{"href":"https:\/\/gifted-hub.com\/pt-pt\/wp-json\/wp\/v2\/pages\/16659","targetHints":{"allow":["GET"]}}],"collection":[{"href":"https:\/\/gifted-hub.com\/pt-pt\/wp-json\/wp\/v2\/pages"}],"about":[{"href":"https:\/\/gifted-hub.com\/pt-pt\/wp-json\/wp\/v2\/types\/page"}],"author":[{"embeddable":true,"href":"https:\/\/gifted-hub.com\/pt-pt\/wp-json\/wp\/v2\/users\/1"}],"replies":[{"embeddable":true,"href":"https:\/\/gifted-hub.com\/pt-pt\/wp-json\/wp\/v2\/comments?post=16659"}],"version-history":[{"count":1,"href":"https:\/\/gifted-hub.com\/pt-pt\/wp-json\/wp\/v2\/pages\/16659\/revisions"}],"predecessor-version":[{"id":16661,"href":"https:\/\/gifted-hub.com\/pt-pt\/wp-json\/wp\/v2\/pages\/16659\/revisions\/16661"}],"up":[{"embeddable":true,"href":"https:\/\/gifted-hub.com\/pt-pt\/wp-json\/wp\/v2\/pages\/16394"}],"wp:featuredmedia":[{"embeddable":true,"href":"https:\/\/gifted-hub.com\/pt-pt\/wp-json\/wp\/v2\/media\/16164"}],"wp:attachment":[{"href":"https:\/\/gifted-hub.com\/pt-pt\/wp-json\/wp\/v2\/media?parent=16659"}],"wp:term":[{"taxonomy":"group-interest","embeddable":true,"href":"https:\/\/gifted-hub.com\/pt-pt\/wp-json\/wp\/v2\/group-interest?post=16659"}],"curies":[{"name":"wp","href":"https:\/\/api.w.org\/{rel}","templated":true}]}}