{"id":16642,"date":"2024-10-24T23:18:46","date_gmt":"2024-10-24T23:18:46","guid":{"rendered":"https:\/\/gifted-hub.com\/compreendendo-a-divergencia-alunos-talentosos-bem-sucedidos-vs-alunos-talentosos-com-baixo-desempenho-na-educacao\/"},"modified":"2024-11-08T23:18:52","modified_gmt":"2024-11-08T23:18:52","slug":"compreendendo-a-divergencia-alunos-talentosos-bem-sucedidos-vs-alunos-talentosos-com-baixo-desempenho-na-educacao","status":"publish","type":"page","link":"https:\/\/gifted-hub.com\/pt-pt\/professores\/compreendendo-a-divergencia-alunos-talentosos-bem-sucedidos-vs-alunos-talentosos-com-baixo-desempenho-na-educacao\/","title":{"rendered":"Compreendendo a diverg\u00eancia: alunos talentosos bem-sucedidos vs. alunos talentosos com baixo desempenho na educa\u00e7\u00e3o"},"content":{"rendered":"\n<p>Alunos talentosos bem-sucedidos e alunos talentosos com baixo desempenho s\u00e3o dois grupos de estudantes altamente capazes que apresentam resultados muito diferentes na escola. Alunos talentosos bem-sucedidos s\u00e3o aqueles que conseguem atingir ou superar o seu potencial, prosperando em ambientes acad\u00e9micos desafiantes e tendo um desempenho consistentemente bom em exames e trabalhos. Eles mant\u00eam-se envolvidos com o trabalho escolar e tendem a superar os desafios que surgem, equilibrando v\u00e1rios aspetos das suas vidas. Por outro lado, alunos talentosos com baixo desempenho s\u00e3o estudantes que t\u00eam o mesmo potencial, mas, por v\u00e1rias raz\u00f5es, lutam para cumprir as expectativas, muitas vezes apresentando um desempenho abaixo das suas capacidades, mesmo sendo capazes de mais.   <\/p>\n\n<p><strong>As diferen\u00e7as entre estes grupos podem ser compreendidas atrav\u00e9s de uma variedade de padr\u00f5es.<\/strong> Alunos talentosos com baixo desempenho muitas vezes come\u00e7am a ter dificuldades durante per\u00edodos de transi\u00e7\u00e3o chave, como o ensino b\u00e1sico, quando as press\u00f5es sociais e as exig\u00eancias acad\u00e9micas em mudan\u00e7a podem dificultar a sua capacidade de acompanhar. Eles podem come\u00e7ar a sentir-se desconectados dos seus colegas ou sobrecarregados pela necessidade de se conformar, levando-os a rejeitar a sua identidade como estudantes talentosos. Alunos com baixo desempenho tamb\u00e9m lidam frequentemente com quest\u00f5es como baixa motiva\u00e7\u00e3o, frequ\u00eancia inconsistente ou falta de interesse em cursos exigentes, o que pode aumentar ainda mais a diferen\u00e7a entre o seu potencial e o seu desempenho. Alunos bem-sucedidos, por outro lado, mant\u00eam-se mais envolvidos ao escolher cursos desafiantes e manter melhores h\u00e1bitos de frequ\u00eancia, o que os ajuda a manter o sucesso acad\u00e9mico.   <\/p>\n\n<p>Outro aspeto importante \u00e9 <strong>o papel do g\u00e9nero no baixo desempenho<\/strong>. Entre os alunos talentosos, os rapazes tendem a estar mais representados no grupo de baixo desempenho, enquanto as raparigas caem mais frequentemente na categoria de sucesso. Curiosamente, ao observar os resultados de testes padronizados como o ACT, os rapazes bem-sucedidos superam as raparigas bem-sucedidas em m\u00e9dia, mas em termos de notas escolares gerais, as raparigas tendem a ter um desempenho melhor. Isto sugere que as raz\u00f5es por tr\u00e1s do baixo desempenho s\u00e3o complexas, envolvendo tanto fatores sociais quanto atitudes pessoais em rela\u00e7\u00e3o \u00e0 educa\u00e7\u00e3o.   <\/p>\n\n<p>As conclus\u00f5es destas observa\u00e7\u00f5es enfatizam a necessidade de interven\u00e7\u00e3o precoce. Conselheiros e professores devem monitorizar de perto os padr\u00f5es de frequ\u00eancia e sele\u00e7\u00e3o de cursos, bem como a forma como os alunos respondem \u00e0s press\u00f5es do ensino b\u00e1sico. Se o baixo desempenho puder ser identificado cedo, h\u00e1 uma maior chance de ajudar esses alunos a voltar ao caminho certo antes que os seus h\u00e1bitos acad\u00e9micos se tornem profundamente enraizados. Muitos alunos com baixo desempenho t\u00eam a capacidade de ter sucesso, mas precisam de apoio e encorajamento em momentos cruciais para os ajudar a reconectar-se com a sua educa\u00e7\u00e3o e ver o valor das suas capacidades. A principal conclus\u00e3o \u00e9 que alunos talentosos com baixo desempenho n\u00e3o carecem de intelig\u00eancia, mas podem precisar de abordagens diferentes para os ajudar a prosperar num sistema escolar que muitas vezes n\u00e3o aborda os seus desafios e necessidades \u00fanicas.    <\/p>\n","protected":false},"excerpt":{"rendered":"<p>Alunos talentosos bem-sucedidos e alunos talentosos com baixo desempenho s\u00e3o dois grupos de estudantes altamente capazes que apresentam resultados muito diferentes na escola. Alunos talentosos bem-sucedidos s\u00e3o aqueles que conseguem atingir ou superar o seu potencial, prosperando em ambientes acad\u00e9micos desafiantes e tendo um desempenho consistentemente bom em exames e trabalhos. Eles mant\u00eam-se envolvidos com [&hellip;]<\/p>\n","protected":false},"author":1,"featured_media":16243,"parent":16394,"menu_order":0,"comment_status":"closed","ping_status":"closed","template":"","meta":{"_acf_changed":false,"inline_featured_image":false,"footnotes":""},"group-interest":[],"class_list":["post-16642","page","type-page","status-publish","has-post-thumbnail","hentry"],"acf":[],"yoast_head":"<!-- This site is optimized with the Yoast SEO plugin v27.4 - https:\/\/yoast.com\/product\/yoast-seo-wordpress\/ -->\n<title>Compreendendo a diverg\u00eancia: alunos talentosos bem-sucedidos vs. alunos talentosos com baixo desempenho na educa\u00e7\u00e3o - Gifted HUB<\/title>\n<meta name=\"robots\" content=\"index, follow, max-snippet:-1, max-image-preview:large, max-video-preview:-1\" \/>\n<link rel=\"canonical\" href=\"https:\/\/gifted-hub.com\/pt-pt\/professores\/compreendendo-a-divergencia-alunos-talentosos-bem-sucedidos-vs-alunos-talentosos-com-baixo-desempenho-na-educacao\/\" \/>\n<meta property=\"og:locale\" content=\"pt_PT\" \/>\n<meta property=\"og:type\" content=\"article\" \/>\n<meta property=\"og:title\" content=\"Compreendendo a diverg\u00eancia: alunos talentosos bem-sucedidos vs. alunos talentosos com baixo desempenho na educa\u00e7\u00e3o - Gifted HUB\" \/>\n<meta property=\"og:description\" content=\"Alunos talentosos bem-sucedidos e alunos talentosos com baixo desempenho s\u00e3o dois grupos de estudantes altamente capazes que apresentam resultados muito diferentes na escola. Alunos talentosos bem-sucedidos s\u00e3o aqueles que conseguem atingir ou superar o seu potencial, prosperando em ambientes acad\u00e9micos desafiantes e tendo um desempenho consistentemente bom em exames e trabalhos. Eles mant\u00eam-se envolvidos com [&hellip;]\" \/>\n<meta property=\"og:url\" content=\"https:\/\/gifted-hub.com\/pt-pt\/professores\/compreendendo-a-divergencia-alunos-talentosos-bem-sucedidos-vs-alunos-talentosos-com-baixo-desempenho-na-educacao\/\" \/>\n<meta property=\"og:site_name\" content=\"Gifted HUB\" \/>\n<meta property=\"article:modified_time\" content=\"2024-11-08T23:18:52+00:00\" \/>\n<meta property=\"og:image\" content=\"https:\/\/gifted-hub.com\/wp-content\/uploads\/2024\/10\/8cqdvpuo_ki.jpg\" \/>\n\t<meta property=\"og:image:width\" content=\"1600\" \/>\n\t<meta property=\"og:image:height\" content=\"1067\" \/>\n\t<meta property=\"og:image:type\" content=\"image\/jpeg\" \/>\n<meta name=\"twitter:card\" content=\"summary_large_image\" \/>\n<meta name=\"twitter:label1\" content=\"Tempo estimado de leitura\" \/>\n\t<meta name=\"twitter:data1\" content=\"3 minutos\" \/>\n<script type=\"application\/ld+json\" class=\"yoast-schema-graph\">{\"@context\":\"https:\\\/\\\/schema.org\",\"@graph\":[{\"@type\":\"WebPage\",\"@id\":\"https:\\\/\\\/gifted-hub.com\\\/pt-pt\\\/professores\\\/compreendendo-a-divergencia-alunos-talentosos-bem-sucedidos-vs-alunos-talentosos-com-baixo-desempenho-na-educacao\\\/\",\"url\":\"https:\\\/\\\/gifted-hub.com\\\/pt-pt\\\/professores\\\/compreendendo-a-divergencia-alunos-talentosos-bem-sucedidos-vs-alunos-talentosos-com-baixo-desempenho-na-educacao\\\/\",\"name\":\"Compreendendo a diverg\u00eancia: alunos talentosos bem-sucedidos vs. alunos talentosos com baixo desempenho na educa\u00e7\u00e3o - Gifted HUB\",\"isPartOf\":{\"@id\":\"https:\\\/\\\/gifted-hub.com\\\/pt-pt\\\/#website\"},\"primaryImageOfPage\":{\"@id\":\"https:\\\/\\\/gifted-hub.com\\\/pt-pt\\\/professores\\\/compreendendo-a-divergencia-alunos-talentosos-bem-sucedidos-vs-alunos-talentosos-com-baixo-desempenho-na-educacao\\\/#primaryimage\"},\"image\":{\"@id\":\"https:\\\/\\\/gifted-hub.com\\\/pt-pt\\\/professores\\\/compreendendo-a-divergencia-alunos-talentosos-bem-sucedidos-vs-alunos-talentosos-com-baixo-desempenho-na-educacao\\\/#primaryimage\"},\"thumbnailUrl\":\"https:\\\/\\\/gifted-hub.com\\\/wp-content\\\/uploads\\\/2024\\\/10\\\/8cqdvpuo_ki.jpg\",\"datePublished\":\"2024-10-24T23:18:46+00:00\",\"dateModified\":\"2024-11-08T23:18:52+00:00\",\"breadcrumb\":{\"@id\":\"https:\\\/\\\/gifted-hub.com\\\/pt-pt\\\/professores\\\/compreendendo-a-divergencia-alunos-talentosos-bem-sucedidos-vs-alunos-talentosos-com-baixo-desempenho-na-educacao\\\/#breadcrumb\"},\"inLanguage\":\"pt-PT\",\"potentialAction\":[{\"@type\":\"ReadAction\",\"target\":[\"https:\\\/\\\/gifted-hub.com\\\/pt-pt\\\/professores\\\/compreendendo-a-divergencia-alunos-talentosos-bem-sucedidos-vs-alunos-talentosos-com-baixo-desempenho-na-educacao\\\/\"]}]},{\"@type\":\"ImageObject\",\"inLanguage\":\"pt-PT\",\"@id\":\"https:\\\/\\\/gifted-hub.com\\\/pt-pt\\\/professores\\\/compreendendo-a-divergencia-alunos-talentosos-bem-sucedidos-vs-alunos-talentosos-com-baixo-desempenho-na-educacao\\\/#primaryimage\",\"url\":\"https:\\\/\\\/gifted-hub.com\\\/wp-content\\\/uploads\\\/2024\\\/10\\\/8cqdvpuo_ki.jpg\",\"contentUrl\":\"https:\\\/\\\/gifted-hub.com\\\/wp-content\\\/uploads\\\/2024\\\/10\\\/8cqdvpuo_ki.jpg\",\"width\":1600,\"height\":1067},{\"@type\":\"BreadcrumbList\",\"@id\":\"https:\\\/\\\/gifted-hub.com\\\/pt-pt\\\/professores\\\/compreendendo-a-divergencia-alunos-talentosos-bem-sucedidos-vs-alunos-talentosos-com-baixo-desempenho-na-educacao\\\/#breadcrumb\",\"itemListElement\":[{\"@type\":\"ListItem\",\"position\":1,\"name\":\"Home\",\"item\":\"https:\\\/\\\/gifted-hub.com\\\/pt-pt\\\/inicio\\\/\"},{\"@type\":\"ListItem\",\"position\":2,\"name\":\"Professores\",\"item\":\"https:\\\/\\\/gifted-hub.com\\\/pt-pt\\\/professores\\\/\"},{\"@type\":\"ListItem\",\"position\":3,\"name\":\"Compreendendo a diverg\u00eancia: alunos talentosos bem-sucedidos vs. alunos talentosos com baixo desempenho na educa\u00e7\u00e3o\"}]},{\"@type\":\"WebSite\",\"@id\":\"https:\\\/\\\/gifted-hub.com\\\/pt-pt\\\/#website\",\"url\":\"https:\\\/\\\/gifted-hub.com\\\/pt-pt\\\/\",\"name\":\"Gifted HUB\",\"description\":\"A space for high abilities\",\"publisher\":{\"@id\":\"https:\\\/\\\/gifted-hub.com\\\/pt-pt\\\/#organization\"},\"potentialAction\":[{\"@type\":\"SearchAction\",\"target\":{\"@type\":\"EntryPoint\",\"urlTemplate\":\"https:\\\/\\\/gifted-hub.com\\\/pt-pt\\\/?s={search_term_string}\"},\"query-input\":{\"@type\":\"PropertyValueSpecification\",\"valueRequired\":true,\"valueName\":\"search_term_string\"}}],\"inLanguage\":\"pt-PT\"},{\"@type\":\"Organization\",\"@id\":\"https:\\\/\\\/gifted-hub.com\\\/pt-pt\\\/#organization\",\"name\":\"Gifted HUB\",\"url\":\"https:\\\/\\\/gifted-hub.com\\\/pt-pt\\\/\",\"logo\":{\"@type\":\"ImageObject\",\"inLanguage\":\"pt-PT\",\"@id\":\"https:\\\/\\\/gifted-hub.com\\\/pt-pt\\\/#\\\/schema\\\/logo\\\/image\\\/\",\"url\":\"https:\\\/\\\/gifted-hub.com\\\/wp-content\\\/uploads\\\/2024\\\/07\\\/logo-1.svg\",\"contentUrl\":\"https:\\\/\\\/gifted-hub.com\\\/wp-content\\\/uploads\\\/2024\\\/07\\\/logo-1.svg\",\"caption\":\"Gifted HUB\"},\"image\":{\"@id\":\"https:\\\/\\\/gifted-hub.com\\\/pt-pt\\\/#\\\/schema\\\/logo\\\/image\\\/\"}}]}<\/script>\n<!-- \/ Yoast SEO plugin. -->","yoast_head_json":{"title":"Compreendendo a diverg\u00eancia: alunos talentosos bem-sucedidos vs. alunos talentosos com baixo desempenho na educa\u00e7\u00e3o - Gifted HUB","robots":{"index":"index","follow":"follow","max-snippet":"max-snippet:-1","max-image-preview":"max-image-preview:large","max-video-preview":"max-video-preview:-1"},"canonical":"https:\/\/gifted-hub.com\/pt-pt\/professores\/compreendendo-a-divergencia-alunos-talentosos-bem-sucedidos-vs-alunos-talentosos-com-baixo-desempenho-na-educacao\/","og_locale":"pt_PT","og_type":"article","og_title":"Compreendendo a diverg\u00eancia: alunos talentosos bem-sucedidos vs. alunos talentosos com baixo desempenho na educa\u00e7\u00e3o - Gifted HUB","og_description":"Alunos talentosos bem-sucedidos e alunos talentosos com baixo desempenho s\u00e3o dois grupos de estudantes altamente capazes que apresentam resultados muito diferentes na escola. Alunos talentosos bem-sucedidos s\u00e3o aqueles que conseguem atingir ou superar o seu potencial, prosperando em ambientes acad\u00e9micos desafiantes e tendo um desempenho consistentemente bom em exames e trabalhos. Eles mant\u00eam-se envolvidos com [&hellip;]","og_url":"https:\/\/gifted-hub.com\/pt-pt\/professores\/compreendendo-a-divergencia-alunos-talentosos-bem-sucedidos-vs-alunos-talentosos-com-baixo-desempenho-na-educacao\/","og_site_name":"Gifted HUB","article_modified_time":"2024-11-08T23:18:52+00:00","og_image":[{"width":1600,"height":1067,"url":"https:\/\/gifted-hub.com\/wp-content\/uploads\/2024\/10\/8cqdvpuo_ki.jpg","type":"image\/jpeg"}],"twitter_card":"summary_large_image","twitter_misc":{"Tempo estimado de leitura":"3 minutos"},"schema":{"@context":"https:\/\/schema.org","@graph":[{"@type":"WebPage","@id":"https:\/\/gifted-hub.com\/pt-pt\/professores\/compreendendo-a-divergencia-alunos-talentosos-bem-sucedidos-vs-alunos-talentosos-com-baixo-desempenho-na-educacao\/","url":"https:\/\/gifted-hub.com\/pt-pt\/professores\/compreendendo-a-divergencia-alunos-talentosos-bem-sucedidos-vs-alunos-talentosos-com-baixo-desempenho-na-educacao\/","name":"Compreendendo a diverg\u00eancia: alunos talentosos bem-sucedidos vs. alunos talentosos com baixo desempenho na educa\u00e7\u00e3o - Gifted HUB","isPartOf":{"@id":"https:\/\/gifted-hub.com\/pt-pt\/#website"},"primaryImageOfPage":{"@id":"https:\/\/gifted-hub.com\/pt-pt\/professores\/compreendendo-a-divergencia-alunos-talentosos-bem-sucedidos-vs-alunos-talentosos-com-baixo-desempenho-na-educacao\/#primaryimage"},"image":{"@id":"https:\/\/gifted-hub.com\/pt-pt\/professores\/compreendendo-a-divergencia-alunos-talentosos-bem-sucedidos-vs-alunos-talentosos-com-baixo-desempenho-na-educacao\/#primaryimage"},"thumbnailUrl":"https:\/\/gifted-hub.com\/wp-content\/uploads\/2024\/10\/8cqdvpuo_ki.jpg","datePublished":"2024-10-24T23:18:46+00:00","dateModified":"2024-11-08T23:18:52+00:00","breadcrumb":{"@id":"https:\/\/gifted-hub.com\/pt-pt\/professores\/compreendendo-a-divergencia-alunos-talentosos-bem-sucedidos-vs-alunos-talentosos-com-baixo-desempenho-na-educacao\/#breadcrumb"},"inLanguage":"pt-PT","potentialAction":[{"@type":"ReadAction","target":["https:\/\/gifted-hub.com\/pt-pt\/professores\/compreendendo-a-divergencia-alunos-talentosos-bem-sucedidos-vs-alunos-talentosos-com-baixo-desempenho-na-educacao\/"]}]},{"@type":"ImageObject","inLanguage":"pt-PT","@id":"https:\/\/gifted-hub.com\/pt-pt\/professores\/compreendendo-a-divergencia-alunos-talentosos-bem-sucedidos-vs-alunos-talentosos-com-baixo-desempenho-na-educacao\/#primaryimage","url":"https:\/\/gifted-hub.com\/wp-content\/uploads\/2024\/10\/8cqdvpuo_ki.jpg","contentUrl":"https:\/\/gifted-hub.com\/wp-content\/uploads\/2024\/10\/8cqdvpuo_ki.jpg","width":1600,"height":1067},{"@type":"BreadcrumbList","@id":"https:\/\/gifted-hub.com\/pt-pt\/professores\/compreendendo-a-divergencia-alunos-talentosos-bem-sucedidos-vs-alunos-talentosos-com-baixo-desempenho-na-educacao\/#breadcrumb","itemListElement":[{"@type":"ListItem","position":1,"name":"Home","item":"https:\/\/gifted-hub.com\/pt-pt\/inicio\/"},{"@type":"ListItem","position":2,"name":"Professores","item":"https:\/\/gifted-hub.com\/pt-pt\/professores\/"},{"@type":"ListItem","position":3,"name":"Compreendendo a diverg\u00eancia: alunos talentosos bem-sucedidos vs. alunos talentosos com baixo desempenho na educa\u00e7\u00e3o"}]},{"@type":"WebSite","@id":"https:\/\/gifted-hub.com\/pt-pt\/#website","url":"https:\/\/gifted-hub.com\/pt-pt\/","name":"Gifted HUB","description":"A space for high abilities","publisher":{"@id":"https:\/\/gifted-hub.com\/pt-pt\/#organization"},"potentialAction":[{"@type":"SearchAction","target":{"@type":"EntryPoint","urlTemplate":"https:\/\/gifted-hub.com\/pt-pt\/?s={search_term_string}"},"query-input":{"@type":"PropertyValueSpecification","valueRequired":true,"valueName":"search_term_string"}}],"inLanguage":"pt-PT"},{"@type":"Organization","@id":"https:\/\/gifted-hub.com\/pt-pt\/#organization","name":"Gifted HUB","url":"https:\/\/gifted-hub.com\/pt-pt\/","logo":{"@type":"ImageObject","inLanguage":"pt-PT","@id":"https:\/\/gifted-hub.com\/pt-pt\/#\/schema\/logo\/image\/","url":"https:\/\/gifted-hub.com\/wp-content\/uploads\/2024\/07\/logo-1.svg","contentUrl":"https:\/\/gifted-hub.com\/wp-content\/uploads\/2024\/07\/logo-1.svg","caption":"Gifted HUB"},"image":{"@id":"https:\/\/gifted-hub.com\/pt-pt\/#\/schema\/logo\/image\/"}}]}},"_links":{"self":[{"href":"https:\/\/gifted-hub.com\/pt-pt\/wp-json\/wp\/v2\/pages\/16642","targetHints":{"allow":["GET"]}}],"collection":[{"href":"https:\/\/gifted-hub.com\/pt-pt\/wp-json\/wp\/v2\/pages"}],"about":[{"href":"https:\/\/gifted-hub.com\/pt-pt\/wp-json\/wp\/v2\/types\/page"}],"author":[{"embeddable":true,"href":"https:\/\/gifted-hub.com\/pt-pt\/wp-json\/wp\/v2\/users\/1"}],"replies":[{"embeddable":true,"href":"https:\/\/gifted-hub.com\/pt-pt\/wp-json\/wp\/v2\/comments?post=16642"}],"version-history":[{"count":1,"href":"https:\/\/gifted-hub.com\/pt-pt\/wp-json\/wp\/v2\/pages\/16642\/revisions"}],"predecessor-version":[{"id":16645,"href":"https:\/\/gifted-hub.com\/pt-pt\/wp-json\/wp\/v2\/pages\/16642\/revisions\/16645"}],"up":[{"embeddable":true,"href":"https:\/\/gifted-hub.com\/pt-pt\/wp-json\/wp\/v2\/pages\/16394"}],"wp:featuredmedia":[{"embeddable":true,"href":"https:\/\/gifted-hub.com\/pt-pt\/wp-json\/wp\/v2\/media\/16243"}],"wp:attachment":[{"href":"https:\/\/gifted-hub.com\/pt-pt\/wp-json\/wp\/v2\/media?parent=16642"}],"wp:term":[{"taxonomy":"group-interest","embeddable":true,"href":"https:\/\/gifted-hub.com\/pt-pt\/wp-json\/wp\/v2\/group-interest?post=16642"}],"curies":[{"name":"wp","href":"https:\/\/api.w.org\/{rel}","templated":true}]}}