{"id":16413,"date":"2024-09-08T20:30:19","date_gmt":"2024-09-08T20:30:19","guid":{"rendered":"https:\/\/gifted-hub.com\/familia\/"},"modified":"2024-10-28T09:17:20","modified_gmt":"2024-10-28T09:17:20","slug":"familia","status":"publish","type":"page","link":"https:\/\/gifted-hub.com\/pt-pt\/familia\/","title":{"rendered":"Fam\u00edlia"},"content":{"rendered":"\n<p>Criar uma crian\u00e7a superdotada \u00e9 uma experi\u00eancia tanto fascinante quanto desafiadora.\nEstas crian\u00e7as, dotadas de intelig\u00eancia excepcional, muitas vezes aprendem rapidamente e compreendem conceitos de maneiras que frequentemente deixam os seus pares para tr\u00e1s.\nPara elas, resolver problemas ou entender novas ideias n\u00e3o requer o mesmo esfor\u00e7o que para os outros, o que pode levar a frustra\u00e7\u00e3o ou t\u00e9dio em ambientes escolares onde o ritmo \u00e9 mais lento.\nOs pais destas crian\u00e7as muitas vezes t\u00eam de lidar com a necessidade constante de estimula\u00e7\u00e3o intelectual do seu filho, o que pode ser exaustivo, mas tamb\u00e9m incrivelmente gratificante quando veem o entusiasmo e a paix\u00e3o que o seu filho traz para os seus interesses.   <\/p>\n\n<p>No entanto, altas habilidades nem sempre andam de m\u00e3os dadas com o <a href=\"https:\/\/gifted-hub.com\/de\/einzelpersonen\/herausforderungen-in-beziehungen-meistern\/\" data-type=\"page\" data-id=\"15142\">desenvolvimento emocional<\/a>. Embora as suas capacidades intelectuais os coloquem \u00e0 frente em muitas \u00e1reas, emocionalmente ainda s\u00e3o crian\u00e7as, com as mesmas vulnerabilidades e medos que qualquer outra. \u00c9 comum que crian\u00e7as superdotadas se sintam diferentes ou isoladas, pois as suas habilidades as distinguem dos outros. Isto pode afetar a sua autoestima, especialmente quando as suas perguntas ou coment\u00e1rios s\u00e3o ignorados ou mal compreendidos pelos adultos. Os pais desempenham um papel crucial em ajud\u00e1-los a entender que ser diferente n\u00e3o \u00e9 algo negativo, mas sim um aspecto valioso de quem s\u00e3o.    <\/p>\n\n<p>Outro desafio que os pais enfrentam \u00e9 manter um equil\u00edbrio entre fomentar o desenvolvimento intelectual do seu filho e ajud\u00e1-lo a gerir as suas emo\u00e7\u00f5es. As crian\u00e7as superdotadas precisam aprender a lidar com a frustra\u00e7\u00e3o, o fracasso e a necessidade de esperar pelos outros no processo de aprendizagem. Ao mesmo tempo, os pais devem guiar os seus <a href=\"https:\/\/gifted-hub.com\/pt-pt\/familia\/os-nossos-filhos-e-as-suas-competencias-sociais\/\" data-type=\"page\" data-id=\"15279\">filhos nas intera\u00e7\u00f5es sociais<\/a>, ajudando-os a entender que nem todos pensam ou aprendem da mesma maneira. Muitas destas crian\u00e7as podem parecer arrogantes ou distantes devido \u00e0 sua rapidez mental, o que pode criar conflitos com os seus pares.   <\/p>\n\n<p>Para os pais, \u00e9 vital proporcionar um ambiente onde o seu filho se sinta compreendido e apoiado, tanto nas suas conquistas intelectuais quanto nos desafios emocionais.\nReconhecer que estas crian\u00e7as precisam de uma orienta\u00e7\u00e3o especial, que nutra n\u00e3o apenas as suas mentes, mas tamb\u00e9m os seus cora\u00e7\u00f5es, \u00e9 essencial para o seu bem-estar geral.\nAcompanh\u00e1-los nesta jornada, ajudando-os a encontrar um equil\u00edbrio entre as suas habilidades e o mundo ao seu redor, \u00e9 uma tarefa que requer paci\u00eancia, compreens\u00e3o e, acima de tudo, amor.  <\/p>\n","protected":false},"excerpt":{"rendered":"<p>Criar uma crian\u00e7a superdotada \u00e9 uma experi\u00eancia tanto fascinante quanto desafiadora. Estas crian\u00e7as, dotadas de intelig\u00eancia excepcional, muitas vezes aprendem rapidamente e compreendem conceitos de maneiras que frequentemente deixam os seus pares para tr\u00e1s. Para elas, resolver problemas ou entender novas ideias n\u00e3o requer o mesmo esfor\u00e7o que para os outros, o que pode levar [&hellip;]<\/p>\n","protected":false},"author":1,"featured_media":15240,"parent":0,"menu_order":0,"comment_status":"closed","ping_status":"closed","template":"","meta":{"_acf_changed":false,"inline_featured_image":false,"footnotes":""},"group-interest":[209],"class_list":["post-16413","page","type-page","status-publish","has-post-thumbnail","hentry","group-interest-familia"],"acf":[],"yoast_head":"<!-- This site is optimized with the Yoast SEO plugin v27.4 - https:\/\/yoast.com\/product\/yoast-seo-wordpress\/ -->\n<title>Fam\u00edlia - Gifted HUB<\/title>\n<meta name=\"robots\" content=\"index, follow, max-snippet:-1, max-image-preview:large, max-video-preview:-1\" \/>\n<link rel=\"canonical\" href=\"https:\/\/gifted-hub.com\/pt-pt\/familia\/\" \/>\n<meta property=\"og:locale\" content=\"pt_PT\" \/>\n<meta property=\"og:type\" content=\"article\" \/>\n<meta property=\"og:title\" content=\"Fam\u00edlia - Gifted HUB\" \/>\n<meta property=\"og:description\" content=\"Criar uma crian\u00e7a superdotada \u00e9 uma experi\u00eancia tanto fascinante quanto desafiadora. Estas crian\u00e7as, dotadas de intelig\u00eancia excepcional, muitas vezes aprendem rapidamente e compreendem conceitos de maneiras que frequentemente deixam os seus pares para tr\u00e1s. Para elas, resolver problemas ou entender novas ideias n\u00e3o requer o mesmo esfor\u00e7o que para os outros, o que pode levar [&hellip;]\" \/>\n<meta property=\"og:url\" content=\"https:\/\/gifted-hub.com\/pt-pt\/familia\/\" \/>\n<meta property=\"og:site_name\" content=\"Gifted HUB\" \/>\n<meta property=\"article:modified_time\" content=\"2024-10-28T09:17:20+00:00\" \/>\n<meta property=\"og:image\" content=\"https:\/\/gifted-hub.com\/wp-content\/uploads\/2024\/09\/0iqkntlw93a.jpg\" \/>\n\t<meta property=\"og:image:width\" content=\"1600\" \/>\n\t<meta property=\"og:image:height\" content=\"1066\" \/>\n\t<meta property=\"og:image:type\" content=\"image\/jpeg\" \/>\n<meta name=\"twitter:card\" content=\"summary_large_image\" \/>\n<meta name=\"twitter:label1\" content=\"Tempo estimado de leitura\" \/>\n\t<meta name=\"twitter:data1\" content=\"2 minutos\" \/>\n<script type=\"application\/ld+json\" class=\"yoast-schema-graph\">{\"@context\":\"https:\\\/\\\/schema.org\",\"@graph\":[{\"@type\":\"WebPage\",\"@id\":\"https:\\\/\\\/gifted-hub.com\\\/pt-pt\\\/familia\\\/\",\"url\":\"https:\\\/\\\/gifted-hub.com\\\/pt-pt\\\/familia\\\/\",\"name\":\"Fam\u00edlia - Gifted HUB\",\"isPartOf\":{\"@id\":\"https:\\\/\\\/gifted-hub.com\\\/pt-pt\\\/#website\"},\"primaryImageOfPage\":{\"@id\":\"https:\\\/\\\/gifted-hub.com\\\/pt-pt\\\/familia\\\/#primaryimage\"},\"image\":{\"@id\":\"https:\\\/\\\/gifted-hub.com\\\/pt-pt\\\/familia\\\/#primaryimage\"},\"thumbnailUrl\":\"https:\\\/\\\/gifted-hub.com\\\/wp-content\\\/uploads\\\/2024\\\/09\\\/0iqkntlw93a.jpg\",\"datePublished\":\"2024-09-08T20:30:19+00:00\",\"dateModified\":\"2024-10-28T09:17:20+00:00\",\"breadcrumb\":{\"@id\":\"https:\\\/\\\/gifted-hub.com\\\/pt-pt\\\/familia\\\/#breadcrumb\"},\"inLanguage\":\"pt-PT\",\"potentialAction\":[{\"@type\":\"ReadAction\",\"target\":[\"https:\\\/\\\/gifted-hub.com\\\/pt-pt\\\/familia\\\/\"]}]},{\"@type\":\"ImageObject\",\"inLanguage\":\"pt-PT\",\"@id\":\"https:\\\/\\\/gifted-hub.com\\\/pt-pt\\\/familia\\\/#primaryimage\",\"url\":\"https:\\\/\\\/gifted-hub.com\\\/wp-content\\\/uploads\\\/2024\\\/09\\\/0iqkntlw93a.jpg\",\"contentUrl\":\"https:\\\/\\\/gifted-hub.com\\\/wp-content\\\/uploads\\\/2024\\\/09\\\/0iqkntlw93a.jpg\",\"width\":1600,\"height\":1066},{\"@type\":\"BreadcrumbList\",\"@id\":\"https:\\\/\\\/gifted-hub.com\\\/pt-pt\\\/familia\\\/#breadcrumb\",\"itemListElement\":[{\"@type\":\"ListItem\",\"position\":1,\"name\":\"Home\",\"item\":\"https:\\\/\\\/gifted-hub.com\\\/pt-pt\\\/inicio\\\/\"},{\"@type\":\"ListItem\",\"position\":2,\"name\":\"Fam\u00edlia\"}]},{\"@type\":\"WebSite\",\"@id\":\"https:\\\/\\\/gifted-hub.com\\\/pt-pt\\\/#website\",\"url\":\"https:\\\/\\\/gifted-hub.com\\\/pt-pt\\\/\",\"name\":\"Gifted HUB\",\"description\":\"A space for high abilities\",\"publisher\":{\"@id\":\"https:\\\/\\\/gifted-hub.com\\\/pt-pt\\\/#organization\"},\"potentialAction\":[{\"@type\":\"SearchAction\",\"target\":{\"@type\":\"EntryPoint\",\"urlTemplate\":\"https:\\\/\\\/gifted-hub.com\\\/pt-pt\\\/?s={search_term_string}\"},\"query-input\":{\"@type\":\"PropertyValueSpecification\",\"valueRequired\":true,\"valueName\":\"search_term_string\"}}],\"inLanguage\":\"pt-PT\"},{\"@type\":\"Organization\",\"@id\":\"https:\\\/\\\/gifted-hub.com\\\/pt-pt\\\/#organization\",\"name\":\"Gifted HUB\",\"url\":\"https:\\\/\\\/gifted-hub.com\\\/pt-pt\\\/\",\"logo\":{\"@type\":\"ImageObject\",\"inLanguage\":\"pt-PT\",\"@id\":\"https:\\\/\\\/gifted-hub.com\\\/pt-pt\\\/#\\\/schema\\\/logo\\\/image\\\/\",\"url\":\"https:\\\/\\\/gifted-hub.com\\\/wp-content\\\/uploads\\\/2024\\\/07\\\/logo-1.svg\",\"contentUrl\":\"https:\\\/\\\/gifted-hub.com\\\/wp-content\\\/uploads\\\/2024\\\/07\\\/logo-1.svg\",\"caption\":\"Gifted HUB\"},\"image\":{\"@id\":\"https:\\\/\\\/gifted-hub.com\\\/pt-pt\\\/#\\\/schema\\\/logo\\\/image\\\/\"}}]}<\/script>\n<!-- \/ Yoast SEO plugin. -->","yoast_head_json":{"title":"Fam\u00edlia - Gifted HUB","robots":{"index":"index","follow":"follow","max-snippet":"max-snippet:-1","max-image-preview":"max-image-preview:large","max-video-preview":"max-video-preview:-1"},"canonical":"https:\/\/gifted-hub.com\/pt-pt\/familia\/","og_locale":"pt_PT","og_type":"article","og_title":"Fam\u00edlia - Gifted HUB","og_description":"Criar uma crian\u00e7a superdotada \u00e9 uma experi\u00eancia tanto fascinante quanto desafiadora. Estas crian\u00e7as, dotadas de intelig\u00eancia excepcional, muitas vezes aprendem rapidamente e compreendem conceitos de maneiras que frequentemente deixam os seus pares para tr\u00e1s. Para elas, resolver problemas ou entender novas ideias n\u00e3o requer o mesmo esfor\u00e7o que para os outros, o que pode levar [&hellip;]","og_url":"https:\/\/gifted-hub.com\/pt-pt\/familia\/","og_site_name":"Gifted HUB","article_modified_time":"2024-10-28T09:17:20+00:00","og_image":[{"width":1600,"height":1066,"url":"https:\/\/gifted-hub.com\/wp-content\/uploads\/2024\/09\/0iqkntlw93a.jpg","type":"image\/jpeg"}],"twitter_card":"summary_large_image","twitter_misc":{"Tempo estimado de leitura":"2 minutos"},"schema":{"@context":"https:\/\/schema.org","@graph":[{"@type":"WebPage","@id":"https:\/\/gifted-hub.com\/pt-pt\/familia\/","url":"https:\/\/gifted-hub.com\/pt-pt\/familia\/","name":"Fam\u00edlia - Gifted HUB","isPartOf":{"@id":"https:\/\/gifted-hub.com\/pt-pt\/#website"},"primaryImageOfPage":{"@id":"https:\/\/gifted-hub.com\/pt-pt\/familia\/#primaryimage"},"image":{"@id":"https:\/\/gifted-hub.com\/pt-pt\/familia\/#primaryimage"},"thumbnailUrl":"https:\/\/gifted-hub.com\/wp-content\/uploads\/2024\/09\/0iqkntlw93a.jpg","datePublished":"2024-09-08T20:30:19+00:00","dateModified":"2024-10-28T09:17:20+00:00","breadcrumb":{"@id":"https:\/\/gifted-hub.com\/pt-pt\/familia\/#breadcrumb"},"inLanguage":"pt-PT","potentialAction":[{"@type":"ReadAction","target":["https:\/\/gifted-hub.com\/pt-pt\/familia\/"]}]},{"@type":"ImageObject","inLanguage":"pt-PT","@id":"https:\/\/gifted-hub.com\/pt-pt\/familia\/#primaryimage","url":"https:\/\/gifted-hub.com\/wp-content\/uploads\/2024\/09\/0iqkntlw93a.jpg","contentUrl":"https:\/\/gifted-hub.com\/wp-content\/uploads\/2024\/09\/0iqkntlw93a.jpg","width":1600,"height":1066},{"@type":"BreadcrumbList","@id":"https:\/\/gifted-hub.com\/pt-pt\/familia\/#breadcrumb","itemListElement":[{"@type":"ListItem","position":1,"name":"Home","item":"https:\/\/gifted-hub.com\/pt-pt\/inicio\/"},{"@type":"ListItem","position":2,"name":"Fam\u00edlia"}]},{"@type":"WebSite","@id":"https:\/\/gifted-hub.com\/pt-pt\/#website","url":"https:\/\/gifted-hub.com\/pt-pt\/","name":"Gifted HUB","description":"A space for high abilities","publisher":{"@id":"https:\/\/gifted-hub.com\/pt-pt\/#organization"},"potentialAction":[{"@type":"SearchAction","target":{"@type":"EntryPoint","urlTemplate":"https:\/\/gifted-hub.com\/pt-pt\/?s={search_term_string}"},"query-input":{"@type":"PropertyValueSpecification","valueRequired":true,"valueName":"search_term_string"}}],"inLanguage":"pt-PT"},{"@type":"Organization","@id":"https:\/\/gifted-hub.com\/pt-pt\/#organization","name":"Gifted HUB","url":"https:\/\/gifted-hub.com\/pt-pt\/","logo":{"@type":"ImageObject","inLanguage":"pt-PT","@id":"https:\/\/gifted-hub.com\/pt-pt\/#\/schema\/logo\/image\/","url":"https:\/\/gifted-hub.com\/wp-content\/uploads\/2024\/07\/logo-1.svg","contentUrl":"https:\/\/gifted-hub.com\/wp-content\/uploads\/2024\/07\/logo-1.svg","caption":"Gifted HUB"},"image":{"@id":"https:\/\/gifted-hub.com\/pt-pt\/#\/schema\/logo\/image\/"}}]}},"_links":{"self":[{"href":"https:\/\/gifted-hub.com\/pt-pt\/wp-json\/wp\/v2\/pages\/16413","targetHints":{"allow":["GET"]}}],"collection":[{"href":"https:\/\/gifted-hub.com\/pt-pt\/wp-json\/wp\/v2\/pages"}],"about":[{"href":"https:\/\/gifted-hub.com\/pt-pt\/wp-json\/wp\/v2\/types\/page"}],"author":[{"embeddable":true,"href":"https:\/\/gifted-hub.com\/pt-pt\/wp-json\/wp\/v2\/users\/1"}],"replies":[{"embeddable":true,"href":"https:\/\/gifted-hub.com\/pt-pt\/wp-json\/wp\/v2\/comments?post=16413"}],"version-history":[{"count":1,"href":"https:\/\/gifted-hub.com\/pt-pt\/wp-json\/wp\/v2\/pages\/16413\/revisions"}],"predecessor-version":[{"id":16414,"href":"https:\/\/gifted-hub.com\/pt-pt\/wp-json\/wp\/v2\/pages\/16413\/revisions\/16414"}],"wp:featuredmedia":[{"embeddable":true,"href":"https:\/\/gifted-hub.com\/pt-pt\/wp-json\/wp\/v2\/media\/15240"}],"wp:attachment":[{"href":"https:\/\/gifted-hub.com\/pt-pt\/wp-json\/wp\/v2\/media?parent=16413"}],"wp:term":[{"taxonomy":"group-interest","embeddable":true,"href":"https:\/\/gifted-hub.com\/pt-pt\/wp-json\/wp\/v2\/group-interest?post=16413"}],"curies":[{"name":"wp","href":"https:\/\/api.w.org\/{rel}","templated":true}]}}