{"id":16398,"date":"2024-09-26T21:39:49","date_gmt":"2024-09-26T21:39:49","guid":{"rendered":"https:\/\/gifted-hub.com\/o-que-sao-altas-habilidades\/mitos-e-realidades-sobre-altas-capacidades-intelectuais\/"},"modified":"2024-10-28T09:17:14","modified_gmt":"2024-10-28T09:17:14","slug":"mitos-e-realidades-sobre-altas-capacidades-intelectuais","status":"publish","type":"page","link":"https:\/\/gifted-hub.com\/pt-pt\/o-que-sao-altas-habilidades\/mitos-e-realidades-sobre-altas-capacidades-intelectuais\/","title":{"rendered":"Mitos e realidades sobre altas capacidades intelectuais"},"content":{"rendered":"\n<p>\u00c9 f\u00e1cil encontrar equ\u00edvocos sobre crian\u00e7as e adolescentes com altas capacidades intelectuais. Estas cren\u00e7as, muitas vezes baseadas em mitos, n\u00e3o s\u00f3 distorcem a realidade como tamb\u00e9m afetam o apoio que estas crian\u00e7as recebem para desenvolverem plenamente o seu potencial. <\/p>\n\n<p>Um mito comum \u00e9 pensar que estas <strong>crian\u00e7as s\u00e3o autodidatas<\/strong> em todas as circunst\u00e2ncias, aprendendo sozinhas sem qualquer necessidade de assist\u00eancia. Embora seja verdade que podem mostrar independ\u00eancia ao estudar, tamb\u00e9m necessitam da orienta\u00e7\u00e3o de um adulto que possa ajudar a canalizar a sua curiosidade. Precisam de algu\u00e9m que os desafie a aprender mais e melhor, proporcionando um ambiente onde se sintam reconhecidos e aceites, tal como qualquer outro aluno.  <\/p>\n\n<p>Outro equ\u00edvoco \u00e9 que se uma <strong>crian\u00e7a tem um QI elevado<\/strong>, inevitavelmente ter\u00e1 um bom desempenho em todas as \u00e1reas acad\u00e9micas. A verdade \u00e9 que o desempenho pode ser influenciado por fatores emocionais, familiares, sociais e motivacionais. Al\u00e9m disso, n\u00e3o \u00e9 incomum que algumas destas crian\u00e7as desenvolvam talentos espec\u00edficos, destacando-se em certas \u00e1reas enquanto outras podem ficar para tr\u00e1s. Por vezes, as suas conquistas evoluem de forma desigual: uma crian\u00e7a pode ter habilidades lingu\u00edsticas avan\u00e7adas, mas dificuldade em expressar os seus pensamentos por escrito, ou pode possuir uma elevada capacidade de racioc\u00ednio, mas faltar-lhe o vocabul\u00e1rio para comunicar eficazmente as suas ideias.   <\/p>\n\n<p>A motiva\u00e7\u00e3o \u00e9 outro aspeto mal compreendido destas crian\u00e7as. <strong>Nem tudo lhes interessa da mesma forma<\/strong>, e o que muitas vezes capta a sua aten\u00e7\u00e3o \u00e9 o grau de desafio apresentado por uma atividade. Tarefas repetitivas e mec\u00e2nicas podem desmotiv\u00e1-las, uma vez que estas tarefas n\u00e3o satisfazem a sua necessidade de aprender algo novo ou resolver problemas complexos. <\/p>\n\n<p>H\u00e1 tamb\u00e9m confus\u00e3o quanto \u00e0 rela\u00e7\u00e3o entre <strong>intelig\u00eancia e criatividade<\/strong>. Embora algumas defini\u00e7\u00f5es de sobredota\u00e7\u00e3o incluam um elevado desempenho criativo juntamente com a capacidade intelectual, a criatividade nem sempre anda de m\u00e3os dadas com um QI elevado. Existem indiv\u00edduos muito criativos com um QI m\u00e9dio, e vice-versa.  <\/p>\n\n<p>Costuma-se acreditar que a <strong>intelig\u00eancia permanece est\u00e1vel ao longo da vida<\/strong>, mas na realidade, precisa de ser estimulada. A intelig\u00eancia, como qualquer outra habilidade, desenvolve-se e fortalece-se com o uso e a pr\u00e1tica. Se n\u00e3o for utilizada, pode estagnar; da\u00ed a import\u00e2ncia de um ambiente rico em est\u00edmulos e oportunidades de aprendizagem.  <\/p>\n\n<p>No \u00e2mbito social, \u00e9 frequentemente dito que crian\u00e7as com altas capacidades <strong>t\u00eam dificuldade em adaptar-se<\/strong>. No entanto, as dificuldades sociais n\u00e3o est\u00e3o necessariamente ligadas \u00e0 sua intelig\u00eancia, mas sim a certas atitudes, como arrog\u00e2ncia, impaci\u00eancia com o ritmo dos outros ou inflexibilidade. \u00c9 crucial ensin\u00e1-las a relacionar-se com diferentes tipos de pessoas e a gerir as suas emo\u00e7\u00f5es para que possam formar rela\u00e7\u00f5es saud\u00e1veis com os seus pares.  <\/p>\n\n<p>Outra imagem comum \u00e9 a destas <strong>crian\u00e7as serem solit\u00e1rias<\/strong>. Embora seja verdade que podem passar muito tempo absorvidas em atividades individuais, como ler ou pesquisar, isso n\u00e3o significa que prefiram sempre a solid\u00e3o. Como qualquer crian\u00e7a, procuram compreens\u00e3o e sofrem quando se sentem rejeitadas ou isoladas.  <\/p>\n\n<p>H\u00e1 tamb\u00e9m a cren\u00e7a de que, devido ao seu elevado n\u00edvel de compreens\u00e3o, <strong>estas crian\u00e7as n\u00e3o precisam de limites<\/strong>. No entanto, continuam a ser crian\u00e7as e, como tal, necessitam de um quadro claro de regras e limites para se sentirem seguras. N\u00e3o t\u00eam a experi\u00eancia social para tomar sempre as decis\u00f5es corretas, e os adultos devem orient\u00e1-las e proteg\u00ea-las.  <\/p>\n\n<p>Outro mito \u00e9 acreditar que o <strong>talento \u00e9 apenas o resultado de press\u00e3o<\/strong> e expectativas dos adultos. Embora a estimula\u00e7\u00e3o seja fundamental para o desenvolvimento de habilidades, a base do talento \u00e9 inata e n\u00e3o pode ser atribu\u00edda apenas \u00e0 press\u00e3o ou esfor\u00e7o dos pais. No entanto, encontrar um equil\u00edbrio \u00e9 importante, pois a press\u00e3o excessiva pode ser contraproducente, levando \u00e0 ansiedade e frustra\u00e7\u00e3o.  <\/p>\n\n<p>Finalmente, h\u00e1 uma tend\u00eancia para pensar que crian\u00e7as com altas capacidades <strong>v\u00e3o automaticamente tornar-se adultos bem-sucedidos e criativos<\/strong>, mas isso nem sempre \u00e9 o caso. Oportunidades educacionais, culturais e econ\u00f3micas, bem como o desenvolvimento de habilidades sociais e emocionais, s\u00e3o fatores cruciais para ajud\u00e1-las a alcan\u00e7ar o seu potencial ao longo da vida. <\/p>\n\n<p>Desmistificar estes mitos \u00e9 essencial para entender que estas crian\u00e7as e adolescentes formam um grupo diversificado com necessidades \u00fanicas. S\u00f3 compreendendo realisticamente as suas caracter\u00edsticas podemos fornecer o apoio e a orienta\u00e7\u00e3o de que necessitam para crescer felizes e desenvolver as suas capacidades ao m\u00e1ximo. <\/p>\n","protected":false},"excerpt":{"rendered":"<p>\u00c9 f\u00e1cil encontrar equ\u00edvocos sobre crian\u00e7as e adolescentes com altas capacidades intelectuais. Estas cren\u00e7as, muitas vezes baseadas em mitos, n\u00e3o s\u00f3 distorcem a realidade como tamb\u00e9m afetam o apoio que estas crian\u00e7as recebem para desenvolverem plenamente o seu potencial. Um mito comum \u00e9 pensar que estas crian\u00e7as s\u00e3o autodidatas em todas as circunst\u00e2ncias, aprendendo sozinhas [&hellip;]<\/p>\n","protected":false},"author":1,"featured_media":15453,"parent":16358,"menu_order":0,"comment_status":"closed","ping_status":"closed","template":"","meta":{"_acf_changed":false,"inline_featured_image":false,"footnotes":""},"group-interest":[209,208,210,211],"class_list":["post-16398","page","type-page","status-publish","has-post-thumbnail","hentry","group-interest-familia","group-interest-individuos","group-interest-professores","group-interest-profissionais"],"acf":[],"yoast_head":"<!-- This site is optimized with the Yoast SEO plugin v27.4 - https:\/\/yoast.com\/product\/yoast-seo-wordpress\/ -->\n<title>Mitos e realidades sobre altas capacidades intelectuais - Gifted HUB<\/title>\n<meta name=\"robots\" content=\"index, follow, max-snippet:-1, max-image-preview:large, max-video-preview:-1\" \/>\n<link rel=\"canonical\" href=\"https:\/\/gifted-hub.com\/pt-pt\/o-que-sao-altas-habilidades\/mitos-e-realidades-sobre-altas-capacidades-intelectuais\/\" \/>\n<meta property=\"og:locale\" content=\"pt_PT\" \/>\n<meta property=\"og:type\" content=\"article\" \/>\n<meta property=\"og:title\" content=\"Mitos e realidades sobre altas capacidades intelectuais - Gifted HUB\" \/>\n<meta property=\"og:description\" content=\"\u00c9 f\u00e1cil encontrar equ\u00edvocos sobre crian\u00e7as e adolescentes com altas capacidades intelectuais. Estas cren\u00e7as, muitas vezes baseadas em mitos, n\u00e3o s\u00f3 distorcem a realidade como tamb\u00e9m afetam o apoio que estas crian\u00e7as recebem para desenvolverem plenamente o seu potencial. Um mito comum \u00e9 pensar que estas crian\u00e7as s\u00e3o autodidatas em todas as circunst\u00e2ncias, aprendendo sozinhas [&hellip;]\" \/>\n<meta property=\"og:url\" content=\"https:\/\/gifted-hub.com\/pt-pt\/o-que-sao-altas-habilidades\/mitos-e-realidades-sobre-altas-capacidades-intelectuais\/\" \/>\n<meta property=\"og:site_name\" content=\"Gifted HUB\" \/>\n<meta property=\"article:modified_time\" content=\"2024-10-28T09:17:14+00:00\" \/>\n<meta property=\"og:image\" content=\"https:\/\/gifted-hub.com\/wp-content\/uploads\/2024\/09\/1098745.jpg\" \/>\n\t<meta property=\"og:image:width\" content=\"1280\" \/>\n\t<meta property=\"og:image:height\" content=\"851\" \/>\n\t<meta property=\"og:image:type\" content=\"image\/jpeg\" \/>\n<meta name=\"twitter:card\" content=\"summary_large_image\" \/>\n<meta name=\"twitter:label1\" content=\"Tempo estimado de leitura\" \/>\n\t<meta name=\"twitter:data1\" content=\"4 minutos\" \/>\n<script type=\"application\/ld+json\" class=\"yoast-schema-graph\">{\"@context\":\"https:\\\/\\\/schema.org\",\"@graph\":[{\"@type\":\"WebPage\",\"@id\":\"https:\\\/\\\/gifted-hub.com\\\/pt-pt\\\/o-que-sao-altas-habilidades\\\/mitos-e-realidades-sobre-altas-capacidades-intelectuais\\\/\",\"url\":\"https:\\\/\\\/gifted-hub.com\\\/pt-pt\\\/o-que-sao-altas-habilidades\\\/mitos-e-realidades-sobre-altas-capacidades-intelectuais\\\/\",\"name\":\"Mitos e realidades sobre altas capacidades intelectuais - Gifted HUB\",\"isPartOf\":{\"@id\":\"https:\\\/\\\/gifted-hub.com\\\/pt-pt\\\/#website\"},\"primaryImageOfPage\":{\"@id\":\"https:\\\/\\\/gifted-hub.com\\\/pt-pt\\\/o-que-sao-altas-habilidades\\\/mitos-e-realidades-sobre-altas-capacidades-intelectuais\\\/#primaryimage\"},\"image\":{\"@id\":\"https:\\\/\\\/gifted-hub.com\\\/pt-pt\\\/o-que-sao-altas-habilidades\\\/mitos-e-realidades-sobre-altas-capacidades-intelectuais\\\/#primaryimage\"},\"thumbnailUrl\":\"https:\\\/\\\/gifted-hub.com\\\/wp-content\\\/uploads\\\/2024\\\/09\\\/1098745.jpg\",\"datePublished\":\"2024-09-26T21:39:49+00:00\",\"dateModified\":\"2024-10-28T09:17:14+00:00\",\"breadcrumb\":{\"@id\":\"https:\\\/\\\/gifted-hub.com\\\/pt-pt\\\/o-que-sao-altas-habilidades\\\/mitos-e-realidades-sobre-altas-capacidades-intelectuais\\\/#breadcrumb\"},\"inLanguage\":\"pt-PT\",\"potentialAction\":[{\"@type\":\"ReadAction\",\"target\":[\"https:\\\/\\\/gifted-hub.com\\\/pt-pt\\\/o-que-sao-altas-habilidades\\\/mitos-e-realidades-sobre-altas-capacidades-intelectuais\\\/\"]}]},{\"@type\":\"ImageObject\",\"inLanguage\":\"pt-PT\",\"@id\":\"https:\\\/\\\/gifted-hub.com\\\/pt-pt\\\/o-que-sao-altas-habilidades\\\/mitos-e-realidades-sobre-altas-capacidades-intelectuais\\\/#primaryimage\",\"url\":\"https:\\\/\\\/gifted-hub.com\\\/wp-content\\\/uploads\\\/2024\\\/09\\\/1098745.jpg\",\"contentUrl\":\"https:\\\/\\\/gifted-hub.com\\\/wp-content\\\/uploads\\\/2024\\\/09\\\/1098745.jpg\",\"width\":1280,\"height\":851},{\"@type\":\"BreadcrumbList\",\"@id\":\"https:\\\/\\\/gifted-hub.com\\\/pt-pt\\\/o-que-sao-altas-habilidades\\\/mitos-e-realidades-sobre-altas-capacidades-intelectuais\\\/#breadcrumb\",\"itemListElement\":[{\"@type\":\"ListItem\",\"position\":1,\"name\":\"Home\",\"item\":\"https:\\\/\\\/gifted-hub.com\\\/pt-pt\\\/inicio\\\/\"},{\"@type\":\"ListItem\",\"position\":2,\"name\":\"O que s\u00e3o Altas Habilidades?\",\"item\":\"https:\\\/\\\/gifted-hub.com\\\/pt-pt\\\/o-que-sao-altas-habilidades\\\/\"},{\"@type\":\"ListItem\",\"position\":3,\"name\":\"Mitos e realidades sobre altas capacidades intelectuais\"}]},{\"@type\":\"WebSite\",\"@id\":\"https:\\\/\\\/gifted-hub.com\\\/pt-pt\\\/#website\",\"url\":\"https:\\\/\\\/gifted-hub.com\\\/pt-pt\\\/\",\"name\":\"Gifted HUB\",\"description\":\"A space for high abilities\",\"publisher\":{\"@id\":\"https:\\\/\\\/gifted-hub.com\\\/pt-pt\\\/#organization\"},\"potentialAction\":[{\"@type\":\"SearchAction\",\"target\":{\"@type\":\"EntryPoint\",\"urlTemplate\":\"https:\\\/\\\/gifted-hub.com\\\/pt-pt\\\/?s={search_term_string}\"},\"query-input\":{\"@type\":\"PropertyValueSpecification\",\"valueRequired\":true,\"valueName\":\"search_term_string\"}}],\"inLanguage\":\"pt-PT\"},{\"@type\":\"Organization\",\"@id\":\"https:\\\/\\\/gifted-hub.com\\\/pt-pt\\\/#organization\",\"name\":\"Gifted HUB\",\"url\":\"https:\\\/\\\/gifted-hub.com\\\/pt-pt\\\/\",\"logo\":{\"@type\":\"ImageObject\",\"inLanguage\":\"pt-PT\",\"@id\":\"https:\\\/\\\/gifted-hub.com\\\/pt-pt\\\/#\\\/schema\\\/logo\\\/image\\\/\",\"url\":\"https:\\\/\\\/gifted-hub.com\\\/wp-content\\\/uploads\\\/2024\\\/07\\\/logo-1.svg\",\"contentUrl\":\"https:\\\/\\\/gifted-hub.com\\\/wp-content\\\/uploads\\\/2024\\\/07\\\/logo-1.svg\",\"caption\":\"Gifted HUB\"},\"image\":{\"@id\":\"https:\\\/\\\/gifted-hub.com\\\/pt-pt\\\/#\\\/schema\\\/logo\\\/image\\\/\"}}]}<\/script>\n<!-- \/ Yoast SEO plugin. -->","yoast_head_json":{"title":"Mitos e realidades sobre altas capacidades intelectuais - Gifted HUB","robots":{"index":"index","follow":"follow","max-snippet":"max-snippet:-1","max-image-preview":"max-image-preview:large","max-video-preview":"max-video-preview:-1"},"canonical":"https:\/\/gifted-hub.com\/pt-pt\/o-que-sao-altas-habilidades\/mitos-e-realidades-sobre-altas-capacidades-intelectuais\/","og_locale":"pt_PT","og_type":"article","og_title":"Mitos e realidades sobre altas capacidades intelectuais - Gifted HUB","og_description":"\u00c9 f\u00e1cil encontrar equ\u00edvocos sobre crian\u00e7as e adolescentes com altas capacidades intelectuais. Estas cren\u00e7as, muitas vezes baseadas em mitos, n\u00e3o s\u00f3 distorcem a realidade como tamb\u00e9m afetam o apoio que estas crian\u00e7as recebem para desenvolverem plenamente o seu potencial. Um mito comum \u00e9 pensar que estas crian\u00e7as s\u00e3o autodidatas em todas as circunst\u00e2ncias, aprendendo sozinhas [&hellip;]","og_url":"https:\/\/gifted-hub.com\/pt-pt\/o-que-sao-altas-habilidades\/mitos-e-realidades-sobre-altas-capacidades-intelectuais\/","og_site_name":"Gifted HUB","article_modified_time":"2024-10-28T09:17:14+00:00","og_image":[{"width":1280,"height":851,"url":"https:\/\/gifted-hub.com\/wp-content\/uploads\/2024\/09\/1098745.jpg","type":"image\/jpeg"}],"twitter_card":"summary_large_image","twitter_misc":{"Tempo estimado de leitura":"4 minutos"},"schema":{"@context":"https:\/\/schema.org","@graph":[{"@type":"WebPage","@id":"https:\/\/gifted-hub.com\/pt-pt\/o-que-sao-altas-habilidades\/mitos-e-realidades-sobre-altas-capacidades-intelectuais\/","url":"https:\/\/gifted-hub.com\/pt-pt\/o-que-sao-altas-habilidades\/mitos-e-realidades-sobre-altas-capacidades-intelectuais\/","name":"Mitos e realidades sobre altas capacidades intelectuais - Gifted HUB","isPartOf":{"@id":"https:\/\/gifted-hub.com\/pt-pt\/#website"},"primaryImageOfPage":{"@id":"https:\/\/gifted-hub.com\/pt-pt\/o-que-sao-altas-habilidades\/mitos-e-realidades-sobre-altas-capacidades-intelectuais\/#primaryimage"},"image":{"@id":"https:\/\/gifted-hub.com\/pt-pt\/o-que-sao-altas-habilidades\/mitos-e-realidades-sobre-altas-capacidades-intelectuais\/#primaryimage"},"thumbnailUrl":"https:\/\/gifted-hub.com\/wp-content\/uploads\/2024\/09\/1098745.jpg","datePublished":"2024-09-26T21:39:49+00:00","dateModified":"2024-10-28T09:17:14+00:00","breadcrumb":{"@id":"https:\/\/gifted-hub.com\/pt-pt\/o-que-sao-altas-habilidades\/mitos-e-realidades-sobre-altas-capacidades-intelectuais\/#breadcrumb"},"inLanguage":"pt-PT","potentialAction":[{"@type":"ReadAction","target":["https:\/\/gifted-hub.com\/pt-pt\/o-que-sao-altas-habilidades\/mitos-e-realidades-sobre-altas-capacidades-intelectuais\/"]}]},{"@type":"ImageObject","inLanguage":"pt-PT","@id":"https:\/\/gifted-hub.com\/pt-pt\/o-que-sao-altas-habilidades\/mitos-e-realidades-sobre-altas-capacidades-intelectuais\/#primaryimage","url":"https:\/\/gifted-hub.com\/wp-content\/uploads\/2024\/09\/1098745.jpg","contentUrl":"https:\/\/gifted-hub.com\/wp-content\/uploads\/2024\/09\/1098745.jpg","width":1280,"height":851},{"@type":"BreadcrumbList","@id":"https:\/\/gifted-hub.com\/pt-pt\/o-que-sao-altas-habilidades\/mitos-e-realidades-sobre-altas-capacidades-intelectuais\/#breadcrumb","itemListElement":[{"@type":"ListItem","position":1,"name":"Home","item":"https:\/\/gifted-hub.com\/pt-pt\/inicio\/"},{"@type":"ListItem","position":2,"name":"O que s\u00e3o Altas Habilidades?","item":"https:\/\/gifted-hub.com\/pt-pt\/o-que-sao-altas-habilidades\/"},{"@type":"ListItem","position":3,"name":"Mitos e realidades sobre altas capacidades intelectuais"}]},{"@type":"WebSite","@id":"https:\/\/gifted-hub.com\/pt-pt\/#website","url":"https:\/\/gifted-hub.com\/pt-pt\/","name":"Gifted HUB","description":"A space for high abilities","publisher":{"@id":"https:\/\/gifted-hub.com\/pt-pt\/#organization"},"potentialAction":[{"@type":"SearchAction","target":{"@type":"EntryPoint","urlTemplate":"https:\/\/gifted-hub.com\/pt-pt\/?s={search_term_string}"},"query-input":{"@type":"PropertyValueSpecification","valueRequired":true,"valueName":"search_term_string"}}],"inLanguage":"pt-PT"},{"@type":"Organization","@id":"https:\/\/gifted-hub.com\/pt-pt\/#organization","name":"Gifted HUB","url":"https:\/\/gifted-hub.com\/pt-pt\/","logo":{"@type":"ImageObject","inLanguage":"pt-PT","@id":"https:\/\/gifted-hub.com\/pt-pt\/#\/schema\/logo\/image\/","url":"https:\/\/gifted-hub.com\/wp-content\/uploads\/2024\/07\/logo-1.svg","contentUrl":"https:\/\/gifted-hub.com\/wp-content\/uploads\/2024\/07\/logo-1.svg","caption":"Gifted HUB"},"image":{"@id":"https:\/\/gifted-hub.com\/pt-pt\/#\/schema\/logo\/image\/"}}]}},"_links":{"self":[{"href":"https:\/\/gifted-hub.com\/pt-pt\/wp-json\/wp\/v2\/pages\/16398","targetHints":{"allow":["GET"]}}],"collection":[{"href":"https:\/\/gifted-hub.com\/pt-pt\/wp-json\/wp\/v2\/pages"}],"about":[{"href":"https:\/\/gifted-hub.com\/pt-pt\/wp-json\/wp\/v2\/types\/page"}],"author":[{"embeddable":true,"href":"https:\/\/gifted-hub.com\/pt-pt\/wp-json\/wp\/v2\/users\/1"}],"replies":[{"embeddable":true,"href":"https:\/\/gifted-hub.com\/pt-pt\/wp-json\/wp\/v2\/comments?post=16398"}],"version-history":[{"count":1,"href":"https:\/\/gifted-hub.com\/pt-pt\/wp-json\/wp\/v2\/pages\/16398\/revisions"}],"predecessor-version":[{"id":16400,"href":"https:\/\/gifted-hub.com\/pt-pt\/wp-json\/wp\/v2\/pages\/16398\/revisions\/16400"}],"up":[{"embeddable":true,"href":"https:\/\/gifted-hub.com\/pt-pt\/wp-json\/wp\/v2\/pages\/16358"}],"wp:featuredmedia":[{"embeddable":true,"href":"https:\/\/gifted-hub.com\/pt-pt\/wp-json\/wp\/v2\/media\/15453"}],"wp:attachment":[{"href":"https:\/\/gifted-hub.com\/pt-pt\/wp-json\/wp\/v2\/media?parent=16398"}],"wp:term":[{"taxonomy":"group-interest","embeddable":true,"href":"https:\/\/gifted-hub.com\/pt-pt\/wp-json\/wp\/v2\/group-interest?post=16398"}],"curies":[{"name":"wp","href":"https:\/\/api.w.org\/{rel}","templated":true}]}}