{"id":16394,"date":"2024-10-19T11:50:20","date_gmt":"2024-10-19T11:50:20","guid":{"rendered":"https:\/\/gifted-hub.com\/professores\/"},"modified":"2024-10-28T09:17:14","modified_gmt":"2024-10-28T09:17:14","slug":"professores","status":"publish","type":"page","link":"https:\/\/gifted-hub.com\/pt-pt\/professores\/","title":{"rendered":"Professores"},"content":{"rendered":"\n<p>Quando \u00e9s um professor \u00e0 procura de maneiras de apoiar <a href=\"https:\/\/gifted-hub.com\/pt-pt\/o-que-sao-altas-habilidades\/compreender-a-sobredotacao-como-uma-construcao-social\/\" data-type=\"page\" data-id=\"15070\">estudantes superdotados<\/a>, \u00e9 crucial come\u00e7ar por compreender as din\u00e2micas \u00fanicas que estas crian\u00e7as experienciam num ambiente de sala de aula. Os estudantes superdotados muitas vezes encontram-se em ambientes onde as suas capacidades avan\u00e7adas podem ser nutridas ou mal compreendidas. A escola pode ser uma fonte de imensa alegria para eles se os desafios apresentados corresponderem \u00e0 sua curiosidade intelectual. No entanto, para muitas crian\u00e7as superdotadas, tamb\u00e9m \u00e9 um lugar onde enfrentam <a href=\"https:\/\/gifted-hub.com\/pt-pt\/individuos\/enfrentando-desafios-nos-relacionamentos\/\" data-type=\"page\" data-id=\"15142\">lutas sociais<\/a>, t\u00e9dio ou frustra\u00e7\u00e3o devido \u00e0 falta de estimula\u00e7\u00e3o acad\u00e9mica adequada.   <\/p>\n\n<p>Estes estudantes podem entrar na escola j\u00e1 \u00e0 frente em certas compet\u00eancias\u2014capazes de ler, entender n\u00fameros ou compreender ideias complexas muito antes dos seus colegas. Se o ritmo da sala de aula for demasiado lento, ou se os seus talentos n\u00e3o forem reconhecidos, isso pode levar a sentimentos de isolamento. Imagina ter que repetir li\u00e7\u00f5es que j\u00e1 dominaste, ou pior, ser acusado de &#8220;exibir-se&#8221; quando partilhas entusiasticamente o teu conhecimento. Para uma crian\u00e7a cuja mente est\u00e1 constantemente \u00e0 procura de novas ideias, ser retido pode parecer estar preso.   <\/p>\n\n<p>Como professor, <strong>reconhecer as necessidades emocionais<\/strong> dos estudantes superdotados \u00e9 t\u00e3o importante quanto atender \u00e0s suas necessidades acad\u00e9micas. \u00c9 f\u00e1cil assumir que, porque t\u00eam um bom desempenho, n\u00e3o precisam de aten\u00e7\u00e3o extra. Mas, tal como qualquer outro estudante, as crian\u00e7as superdotadas precisam de se sentir compreendidas e desafiadas. Sem este equil\u00edbrio, o seu entusiasmo pela aprendizagem pode rapidamente desaparecer, levando ao t\u00e9dio, problemas de comportamento ou at\u00e9 ansiedade.   <\/p>\n\n<p>Os professores podem, por vezes, ter dificuldades em adaptar-se \u00e0s diversas necessidades dentro de uma sala de aula. Isto \u00e9 compreens\u00edvel, dado o n\u00famero de estudantes e a gama de habilidades que devem ser abordadas. No entanto, com estudantes superdotados, at\u00e9 <strong>pequenas mudan\u00e7as podem ter um impacto significativo<\/strong>. Oferecer-lhes oportunidades para uma explora\u00e7\u00e3o mais profunda nas suas \u00e1reas de interesse, dar-lhes espa\u00e7o para trabalhar de forma independente e permitir-lhes conectar-se com colegas que partilham habilidades semelhantes pode transformar a sua experi\u00eancia na escola.   <\/p>\n\n<p>Para muitas crian\u00e7as superdotadas, a escola \u00e9 o primeiro lugar onde encontram a realidade de que nem todos \u00e0 sua volta pensam ou aprendem da mesma maneira. Esta realiza\u00e7\u00e3o pode ser tanto esclarecedora quanto desanimadora. \u00c9 por isso que \u00e9 essencial que os professores promovam ambientes onde os estudantes superdotados possam sentir-se desafiados e apoiados, garantindo que n\u00e3o percam o amor pela aprendizagem ou a confian\u00e7a nas suas capacidades.  <\/p>\n","protected":false},"excerpt":{"rendered":"<p>Quando \u00e9s um professor \u00e0 procura de maneiras de apoiar estudantes superdotados, \u00e9 crucial come\u00e7ar por compreender as din\u00e2micas \u00fanicas que estas crian\u00e7as experienciam num ambiente de sala de aula. Os estudantes superdotados muitas vezes encontram-se em ambientes onde as suas capacidades avan\u00e7adas podem ser nutridas ou mal compreendidas. A escola pode ser uma fonte [&hellip;]<\/p>\n","protected":false},"author":1,"featured_media":15614,"parent":0,"menu_order":0,"comment_status":"closed","ping_status":"closed","template":"","meta":{"_acf_changed":false,"inline_featured_image":false,"footnotes":""},"group-interest":[210],"class_list":["post-16394","page","type-page","status-publish","has-post-thumbnail","hentry","group-interest-professores"],"acf":[],"yoast_head":"<!-- This site is optimized with the Yoast SEO plugin v27.4 - https:\/\/yoast.com\/product\/yoast-seo-wordpress\/ -->\n<title>Professores - Gifted HUB<\/title>\n<meta name=\"robots\" content=\"index, follow, max-snippet:-1, max-image-preview:large, max-video-preview:-1\" \/>\n<link rel=\"canonical\" href=\"https:\/\/gifted-hub.com\/pt-pt\/professores\/\" \/>\n<meta property=\"og:locale\" content=\"pt_PT\" \/>\n<meta property=\"og:type\" content=\"article\" \/>\n<meta property=\"og:title\" content=\"Professores - Gifted HUB\" \/>\n<meta property=\"og:description\" content=\"Quando \u00e9s um professor \u00e0 procura de maneiras de apoiar estudantes superdotados, \u00e9 crucial come\u00e7ar por compreender as din\u00e2micas \u00fanicas que estas crian\u00e7as experienciam num ambiente de sala de aula. Os estudantes superdotados muitas vezes encontram-se em ambientes onde as suas capacidades avan\u00e7adas podem ser nutridas ou mal compreendidas. A escola pode ser uma fonte [&hellip;]\" \/>\n<meta property=\"og:url\" content=\"https:\/\/gifted-hub.com\/pt-pt\/professores\/\" \/>\n<meta property=\"og:site_name\" content=\"Gifted HUB\" \/>\n<meta property=\"article:modified_time\" content=\"2024-10-28T09:17:14+00:00\" \/>\n<meta property=\"og:image\" content=\"https:\/\/gifted-hub.com\/wp-content\/uploads\/2024\/10\/24e5974c-00eb-4525-9293-a3ac61c51f32.jpg\" \/>\n\t<meta property=\"og:image:width\" content=\"1024\" \/>\n\t<meta property=\"og:image:height\" content=\"685\" \/>\n\t<meta property=\"og:image:type\" content=\"image\/jpeg\" \/>\n<meta name=\"twitter:card\" content=\"summary_large_image\" \/>\n<meta name=\"twitter:label1\" content=\"Tempo estimado de leitura\" \/>\n\t<meta name=\"twitter:data1\" content=\"2 minutos\" \/>\n<script type=\"application\/ld+json\" class=\"yoast-schema-graph\">{\"@context\":\"https:\\\/\\\/schema.org\",\"@graph\":[{\"@type\":\"WebPage\",\"@id\":\"https:\\\/\\\/gifted-hub.com\\\/pt-pt\\\/professores\\\/\",\"url\":\"https:\\\/\\\/gifted-hub.com\\\/pt-pt\\\/professores\\\/\",\"name\":\"Professores - Gifted HUB\",\"isPartOf\":{\"@id\":\"https:\\\/\\\/gifted-hub.com\\\/pt-pt\\\/#website\"},\"primaryImageOfPage\":{\"@id\":\"https:\\\/\\\/gifted-hub.com\\\/pt-pt\\\/professores\\\/#primaryimage\"},\"image\":{\"@id\":\"https:\\\/\\\/gifted-hub.com\\\/pt-pt\\\/professores\\\/#primaryimage\"},\"thumbnailUrl\":\"https:\\\/\\\/gifted-hub.com\\\/wp-content\\\/uploads\\\/2024\\\/10\\\/24e5974c-00eb-4525-9293-a3ac61c51f32.jpg\",\"datePublished\":\"2024-10-19T11:50:20+00:00\",\"dateModified\":\"2024-10-28T09:17:14+00:00\",\"breadcrumb\":{\"@id\":\"https:\\\/\\\/gifted-hub.com\\\/pt-pt\\\/professores\\\/#breadcrumb\"},\"inLanguage\":\"pt-PT\",\"potentialAction\":[{\"@type\":\"ReadAction\",\"target\":[\"https:\\\/\\\/gifted-hub.com\\\/pt-pt\\\/professores\\\/\"]}]},{\"@type\":\"ImageObject\",\"inLanguage\":\"pt-PT\",\"@id\":\"https:\\\/\\\/gifted-hub.com\\\/pt-pt\\\/professores\\\/#primaryimage\",\"url\":\"https:\\\/\\\/gifted-hub.com\\\/wp-content\\\/uploads\\\/2024\\\/10\\\/24e5974c-00eb-4525-9293-a3ac61c51f32.jpg\",\"contentUrl\":\"https:\\\/\\\/gifted-hub.com\\\/wp-content\\\/uploads\\\/2024\\\/10\\\/24e5974c-00eb-4525-9293-a3ac61c51f32.jpg\",\"width\":1024,\"height\":685},{\"@type\":\"BreadcrumbList\",\"@id\":\"https:\\\/\\\/gifted-hub.com\\\/pt-pt\\\/professores\\\/#breadcrumb\",\"itemListElement\":[{\"@type\":\"ListItem\",\"position\":1,\"name\":\"Home\",\"item\":\"https:\\\/\\\/gifted-hub.com\\\/pt-pt\\\/inicio\\\/\"},{\"@type\":\"ListItem\",\"position\":2,\"name\":\"Professores\"}]},{\"@type\":\"WebSite\",\"@id\":\"https:\\\/\\\/gifted-hub.com\\\/pt-pt\\\/#website\",\"url\":\"https:\\\/\\\/gifted-hub.com\\\/pt-pt\\\/\",\"name\":\"Gifted HUB\",\"description\":\"A space for high abilities\",\"publisher\":{\"@id\":\"https:\\\/\\\/gifted-hub.com\\\/pt-pt\\\/#organization\"},\"potentialAction\":[{\"@type\":\"SearchAction\",\"target\":{\"@type\":\"EntryPoint\",\"urlTemplate\":\"https:\\\/\\\/gifted-hub.com\\\/pt-pt\\\/?s={search_term_string}\"},\"query-input\":{\"@type\":\"PropertyValueSpecification\",\"valueRequired\":true,\"valueName\":\"search_term_string\"}}],\"inLanguage\":\"pt-PT\"},{\"@type\":\"Organization\",\"@id\":\"https:\\\/\\\/gifted-hub.com\\\/pt-pt\\\/#organization\",\"name\":\"Gifted HUB\",\"url\":\"https:\\\/\\\/gifted-hub.com\\\/pt-pt\\\/\",\"logo\":{\"@type\":\"ImageObject\",\"inLanguage\":\"pt-PT\",\"@id\":\"https:\\\/\\\/gifted-hub.com\\\/pt-pt\\\/#\\\/schema\\\/logo\\\/image\\\/\",\"url\":\"https:\\\/\\\/gifted-hub.com\\\/wp-content\\\/uploads\\\/2024\\\/07\\\/logo-1.svg\",\"contentUrl\":\"https:\\\/\\\/gifted-hub.com\\\/wp-content\\\/uploads\\\/2024\\\/07\\\/logo-1.svg\",\"caption\":\"Gifted HUB\"},\"image\":{\"@id\":\"https:\\\/\\\/gifted-hub.com\\\/pt-pt\\\/#\\\/schema\\\/logo\\\/image\\\/\"}}]}<\/script>\n<!-- \/ Yoast SEO plugin. -->","yoast_head_json":{"title":"Professores - Gifted HUB","robots":{"index":"index","follow":"follow","max-snippet":"max-snippet:-1","max-image-preview":"max-image-preview:large","max-video-preview":"max-video-preview:-1"},"canonical":"https:\/\/gifted-hub.com\/pt-pt\/professores\/","og_locale":"pt_PT","og_type":"article","og_title":"Professores - Gifted HUB","og_description":"Quando \u00e9s um professor \u00e0 procura de maneiras de apoiar estudantes superdotados, \u00e9 crucial come\u00e7ar por compreender as din\u00e2micas \u00fanicas que estas crian\u00e7as experienciam num ambiente de sala de aula. Os estudantes superdotados muitas vezes encontram-se em ambientes onde as suas capacidades avan\u00e7adas podem ser nutridas ou mal compreendidas. A escola pode ser uma fonte [&hellip;]","og_url":"https:\/\/gifted-hub.com\/pt-pt\/professores\/","og_site_name":"Gifted HUB","article_modified_time":"2024-10-28T09:17:14+00:00","og_image":[{"width":1024,"height":685,"url":"https:\/\/gifted-hub.com\/wp-content\/uploads\/2024\/10\/24e5974c-00eb-4525-9293-a3ac61c51f32.jpg","type":"image\/jpeg"}],"twitter_card":"summary_large_image","twitter_misc":{"Tempo estimado de leitura":"2 minutos"},"schema":{"@context":"https:\/\/schema.org","@graph":[{"@type":"WebPage","@id":"https:\/\/gifted-hub.com\/pt-pt\/professores\/","url":"https:\/\/gifted-hub.com\/pt-pt\/professores\/","name":"Professores - Gifted HUB","isPartOf":{"@id":"https:\/\/gifted-hub.com\/pt-pt\/#website"},"primaryImageOfPage":{"@id":"https:\/\/gifted-hub.com\/pt-pt\/professores\/#primaryimage"},"image":{"@id":"https:\/\/gifted-hub.com\/pt-pt\/professores\/#primaryimage"},"thumbnailUrl":"https:\/\/gifted-hub.com\/wp-content\/uploads\/2024\/10\/24e5974c-00eb-4525-9293-a3ac61c51f32.jpg","datePublished":"2024-10-19T11:50:20+00:00","dateModified":"2024-10-28T09:17:14+00:00","breadcrumb":{"@id":"https:\/\/gifted-hub.com\/pt-pt\/professores\/#breadcrumb"},"inLanguage":"pt-PT","potentialAction":[{"@type":"ReadAction","target":["https:\/\/gifted-hub.com\/pt-pt\/professores\/"]}]},{"@type":"ImageObject","inLanguage":"pt-PT","@id":"https:\/\/gifted-hub.com\/pt-pt\/professores\/#primaryimage","url":"https:\/\/gifted-hub.com\/wp-content\/uploads\/2024\/10\/24e5974c-00eb-4525-9293-a3ac61c51f32.jpg","contentUrl":"https:\/\/gifted-hub.com\/wp-content\/uploads\/2024\/10\/24e5974c-00eb-4525-9293-a3ac61c51f32.jpg","width":1024,"height":685},{"@type":"BreadcrumbList","@id":"https:\/\/gifted-hub.com\/pt-pt\/professores\/#breadcrumb","itemListElement":[{"@type":"ListItem","position":1,"name":"Home","item":"https:\/\/gifted-hub.com\/pt-pt\/inicio\/"},{"@type":"ListItem","position":2,"name":"Professores"}]},{"@type":"WebSite","@id":"https:\/\/gifted-hub.com\/pt-pt\/#website","url":"https:\/\/gifted-hub.com\/pt-pt\/","name":"Gifted HUB","description":"A space for high abilities","publisher":{"@id":"https:\/\/gifted-hub.com\/pt-pt\/#organization"},"potentialAction":[{"@type":"SearchAction","target":{"@type":"EntryPoint","urlTemplate":"https:\/\/gifted-hub.com\/pt-pt\/?s={search_term_string}"},"query-input":{"@type":"PropertyValueSpecification","valueRequired":true,"valueName":"search_term_string"}}],"inLanguage":"pt-PT"},{"@type":"Organization","@id":"https:\/\/gifted-hub.com\/pt-pt\/#organization","name":"Gifted HUB","url":"https:\/\/gifted-hub.com\/pt-pt\/","logo":{"@type":"ImageObject","inLanguage":"pt-PT","@id":"https:\/\/gifted-hub.com\/pt-pt\/#\/schema\/logo\/image\/","url":"https:\/\/gifted-hub.com\/wp-content\/uploads\/2024\/07\/logo-1.svg","contentUrl":"https:\/\/gifted-hub.com\/wp-content\/uploads\/2024\/07\/logo-1.svg","caption":"Gifted HUB"},"image":{"@id":"https:\/\/gifted-hub.com\/pt-pt\/#\/schema\/logo\/image\/"}}]}},"_links":{"self":[{"href":"https:\/\/gifted-hub.com\/pt-pt\/wp-json\/wp\/v2\/pages\/16394","targetHints":{"allow":["GET"]}}],"collection":[{"href":"https:\/\/gifted-hub.com\/pt-pt\/wp-json\/wp\/v2\/pages"}],"about":[{"href":"https:\/\/gifted-hub.com\/pt-pt\/wp-json\/wp\/v2\/types\/page"}],"author":[{"embeddable":true,"href":"https:\/\/gifted-hub.com\/pt-pt\/wp-json\/wp\/v2\/users\/1"}],"replies":[{"embeddable":true,"href":"https:\/\/gifted-hub.com\/pt-pt\/wp-json\/wp\/v2\/comments?post=16394"}],"version-history":[{"count":1,"href":"https:\/\/gifted-hub.com\/pt-pt\/wp-json\/wp\/v2\/pages\/16394\/revisions"}],"predecessor-version":[{"id":16396,"href":"https:\/\/gifted-hub.com\/pt-pt\/wp-json\/wp\/v2\/pages\/16394\/revisions\/16396"}],"wp:featuredmedia":[{"embeddable":true,"href":"https:\/\/gifted-hub.com\/pt-pt\/wp-json\/wp\/v2\/media\/15614"}],"wp:attachment":[{"href":"https:\/\/gifted-hub.com\/pt-pt\/wp-json\/wp\/v2\/media?parent=16394"}],"wp:term":[{"taxonomy":"group-interest","embeddable":true,"href":"https:\/\/gifted-hub.com\/pt-pt\/wp-json\/wp\/v2\/group-interest?post=16394"}],"curies":[{"name":"wp","href":"https:\/\/api.w.org\/{rel}","templated":true}]}}