{"id":16389,"date":"2024-10-19T00:26:08","date_gmt":"2024-10-19T00:26:08","guid":{"rendered":"https:\/\/gifted-hub.com\/individuos\/depressao-entre-adolescentes-superdotados-compreendendo-os-desafios\/"},"modified":"2024-10-28T09:17:14","modified_gmt":"2024-10-28T09:17:14","slug":"depressao-entre-adolescentes-superdotados-compreendendo-os-desafios","status":"publish","type":"page","link":"https:\/\/gifted-hub.com\/pt-pt\/individuos\/depressao-entre-adolescentes-superdotados-compreendendo-os-desafios\/","title":{"rendered":"Depress\u00e3o entre adolescentes superdotados: compreendendo os desafios"},"content":{"rendered":"\n<p>Adolescentes superdotados frequentemente enfrentam um conjunto \u00fanico de desafios que muitas pessoas podem n\u00e3o reconhecer imediatamente. Embora suas habilidades excepcionais possam ser motivo de orgulho, esses jovens indiv\u00edduos tamb\u00e9m podem experimentar lutas profundas e persistentes que passam despercebidas, levando a sentimentos de isolamento e depress\u00e3o. <a href=\"https:\/\/gifted-hub.com\/pt-pt\/o-que-sao-altas-habilidades\/\" data-type=\"page\" data-id=\"347\">Superdota\u00e7\u00e3o<\/a> \u00e9 frequentemente vista como uma vantagem inerente, mas por baixo da superf\u00edcie reside um mundo emocional complexo que pode levar a problemas significativos de sa\u00fade mental, particularmente transtornos depressivos. <\/p>\n\n<p>Uma das principais raz\u00f5es para a depress\u00e3o em adolescentes superdotados \u00e9 a lacuna <strong>entre suas habilidades intelectuais e o desenvolvimento emocional<\/strong>. Esses jovens podem ter as habilidades cognitivas de algu\u00e9m muito mais velho, permitindo-lhes envolver-se em processos de pensamento complexos ou at\u00e9 mesmo questionamentos existenciais em uma idade precoce. No entanto, sua intelig\u00eancia emocional muitas vezes se desenvolve em um ritmo mais t\u00edpico, deixando-os vulner\u00e1veis a lutas emocionais que podem n\u00e3o compreender totalmente. Essa lacuna pode criar um sentimento avassalador de frustra\u00e7\u00e3o e confus\u00e3o, pois sentem-se incapazes de reconciliar suas altas expectativas intelectuais com suas necessidades emocionais.   <\/p>\n\n<p>Adolescentes superdotados tamb\u00e9m podem lutar com uma sensibilidade aumentada ao mundo ao seu redor. Eles tendem a estar agudamente conscientes das injusti\u00e7as sociais, quest\u00f5es ambientais e outros problemas da sociedade. Essa sensibilidade pode faz\u00ea-los sentir-se desconectados de seus pares, que podem n\u00e3o perceber essas quest\u00f5es com a mesma intensidade. A desconex\u00e3o pode levar a sentimentos de aliena\u00e7\u00e3o, pois esses adolescentes podem sentir que n\u00e3o t\u00eam ningu\u00e9m com quem compartilhar suas preocupa\u00e7\u00f5es e pensamentos. Essa falta de conex\u00e3o pode impactar significativamente sua sa\u00fade mental, aumentando o risco de depress\u00e3o.    <\/p>\n\n<p>Outro fator que contribui para a depress\u00e3o em adolescentes superdotados \u00e9 a press\u00e3o que enfrentam\u2014tanto internamente quanto externamente. Esses jovens frequentemente sentem o peso das altas expectativas colocadas sobre eles por seus pais, professores e at\u00e9 por eles mesmos. A vontade de ter sucesso e atender a essas expectativas pode levar a um estado constante de estresse e ansiedade que, se n\u00e3o for abordado, pode evoluir para depress\u00e3o. Al\u00e9m disso, o medo do fracasso pode ser paralisante, fazendo-os sentir que n\u00e3o t\u00eam espa\u00e7o para erros. A necessidade de manter uma imagem perfeita pode impedi-los de buscar ajuda, pois podem ver isso como um sinal de fraqueza ou inadequa\u00e7\u00e3o.    <\/p>\n\n<p>Adolescentes superdotados tamb\u00e9m podem sentir-se diferentes de seus pares, o que pode exacerbar seu senso de isolamento. Eles podem ter dificuldade em encontrar amigos que compartilhem seus interesses ou que possam se relacionar com suas curiosidades intelectuais. O ambiente escolar t\u00edpico, que muitas vezes foca na conformidade e no desempenho padronizado, pode n\u00e3o fornecer a estimula\u00e7\u00e3o de que precisam, levando ao t\u00e9dio e ao desengajamento. Essa falta de desafio intelectual, combinada com dificuldades sociais, pode levar a sentimentos de desesperan\u00e7a e a um senso de que n\u00e3o h\u00e1 lugar onde realmente perten\u00e7am.   <\/p>\n\n<p>Abordar a depress\u00e3o em adolescentes superdotados requer uma compreens\u00e3o profunda de suas necessidades \u00fanicas. \u00c9 crucial que pais, educadores e profissionais de sa\u00fade mental criem ambientes que reconhe\u00e7am e nutram tanto seu desenvolvimento intelectual quanto emocional. Proporcionar oportunidades para que esses adolescentes se conectem com colegas de mente semelhante, se envolvam em atividades acad\u00eamicas desafiadoras e explorem suas emo\u00e7\u00f5es em um espa\u00e7o seguro e de apoio pode fazer uma diferen\u00e7a significativa em sua sa\u00fade mental e bem-estar.  <\/p>\n\n<p>Acima de tudo, a empatia \u00e9 fundamental. Compreender que a superdota\u00e7\u00e3o n\u00e3o imuniza um jovem contra lutas emocionais \u00e9 um passo importante para ajud\u00e1-los. Reconhecer os sinais de depress\u00e3o\u2014como isolamento, mudan\u00e7as de humor ou queda no desempenho acad\u00eamico\u2014e responder com apoio em vez de julgamento pode ajudar adolescentes superdotados a sentirem-se vistos e ouvidos. Com o tipo certo de cuidado, esses jovens podem aprender a navegar por seus complexos cen\u00e1rios emocionais e prosperar, tanto intelectualmente quanto emocionalmente.   <\/p>\n\n<p>Se voc\u00ea est\u00e1 lutando contra a depress\u00e3o, <strong>recomendamos que procure ajuda<\/strong> de um profissional de sa\u00fade mental na sua \u00e1rea. Voc\u00ea pode usar <a href=\"\/expert\">o nosso diret\u00f3rio<\/a> para encontrar apoio. <\/p>\n","protected":false},"excerpt":{"rendered":"<p>Adolescentes superdotados frequentemente enfrentam um conjunto \u00fanico de desafios que muitas pessoas podem n\u00e3o reconhecer imediatamente. Embora suas habilidades excepcionais possam ser motivo de orgulho, esses jovens indiv\u00edduos tamb\u00e9m podem experimentar lutas profundas e persistentes que passam despercebidas, levando a sentimentos de isolamento e depress\u00e3o. Superdota\u00e7\u00e3o \u00e9 frequentemente vista como uma vantagem inerente, mas por [&hellip;]<\/p>\n","protected":false},"author":1,"featured_media":15555,"parent":16365,"menu_order":0,"comment_status":"closed","ping_status":"closed","template":"","meta":{"_acf_changed":false,"inline_featured_image":false,"footnotes":""},"group-interest":[209,208],"class_list":["post-16389","page","type-page","status-publish","has-post-thumbnail","hentry","group-interest-familia","group-interest-individuos"],"acf":[],"yoast_head":"<!-- This site is optimized with the Yoast SEO plugin v27.4 - https:\/\/yoast.com\/product\/yoast-seo-wordpress\/ -->\n<title>Depress\u00e3o entre adolescentes superdotados: compreendendo os desafios - Gifted HUB<\/title>\n<meta name=\"robots\" content=\"index, follow, max-snippet:-1, max-image-preview:large, max-video-preview:-1\" \/>\n<link rel=\"canonical\" href=\"https:\/\/gifted-hub.com\/pt-pt\/individuos\/depressao-entre-adolescentes-superdotados-compreendendo-os-desafios\/\" \/>\n<meta property=\"og:locale\" content=\"pt_PT\" \/>\n<meta property=\"og:type\" content=\"article\" \/>\n<meta property=\"og:title\" content=\"Depress\u00e3o entre adolescentes superdotados: compreendendo os desafios - Gifted HUB\" \/>\n<meta property=\"og:description\" content=\"Adolescentes superdotados frequentemente enfrentam um conjunto \u00fanico de desafios que muitas pessoas podem n\u00e3o reconhecer imediatamente. Embora suas habilidades excepcionais possam ser motivo de orgulho, esses jovens indiv\u00edduos tamb\u00e9m podem experimentar lutas profundas e persistentes que passam despercebidas, levando a sentimentos de isolamento e depress\u00e3o. Superdota\u00e7\u00e3o \u00e9 frequentemente vista como uma vantagem inerente, mas por [&hellip;]\" \/>\n<meta property=\"og:url\" content=\"https:\/\/gifted-hub.com\/pt-pt\/individuos\/depressao-entre-adolescentes-superdotados-compreendendo-os-desafios\/\" \/>\n<meta property=\"og:site_name\" content=\"Gifted HUB\" \/>\n<meta property=\"article:modified_time\" content=\"2024-10-28T09:17:14+00:00\" \/>\n<meta property=\"og:image\" content=\"https:\/\/gifted-hub.com\/wp-content\/uploads\/2024\/10\/5lufcdixqno-e1729297171596.jpg\" \/>\n\t<meta property=\"og:image:width\" content=\"800\" \/>\n\t<meta property=\"og:image:height\" content=\"1200\" \/>\n\t<meta property=\"og:image:type\" content=\"image\/jpeg\" \/>\n<meta name=\"twitter:card\" content=\"summary_large_image\" \/>\n<meta name=\"twitter:label1\" content=\"Tempo estimado de leitura\" \/>\n\t<meta name=\"twitter:data1\" content=\"4 minutos\" \/>\n<script type=\"application\/ld+json\" class=\"yoast-schema-graph\">{\"@context\":\"https:\\\/\\\/schema.org\",\"@graph\":[{\"@type\":\"WebPage\",\"@id\":\"https:\\\/\\\/gifted-hub.com\\\/pt-pt\\\/individuos\\\/depressao-entre-adolescentes-superdotados-compreendendo-os-desafios\\\/\",\"url\":\"https:\\\/\\\/gifted-hub.com\\\/pt-pt\\\/individuos\\\/depressao-entre-adolescentes-superdotados-compreendendo-os-desafios\\\/\",\"name\":\"Depress\u00e3o entre adolescentes superdotados: compreendendo os desafios - Gifted HUB\",\"isPartOf\":{\"@id\":\"https:\\\/\\\/gifted-hub.com\\\/pt-pt\\\/#website\"},\"primaryImageOfPage\":{\"@id\":\"https:\\\/\\\/gifted-hub.com\\\/pt-pt\\\/individuos\\\/depressao-entre-adolescentes-superdotados-compreendendo-os-desafios\\\/#primaryimage\"},\"image\":{\"@id\":\"https:\\\/\\\/gifted-hub.com\\\/pt-pt\\\/individuos\\\/depressao-entre-adolescentes-superdotados-compreendendo-os-desafios\\\/#primaryimage\"},\"thumbnailUrl\":\"https:\\\/\\\/gifted-hub.com\\\/wp-content\\\/uploads\\\/2024\\\/10\\\/5lufcdixqno-e1729297171596.jpg\",\"datePublished\":\"2024-10-19T00:26:08+00:00\",\"dateModified\":\"2024-10-28T09:17:14+00:00\",\"breadcrumb\":{\"@id\":\"https:\\\/\\\/gifted-hub.com\\\/pt-pt\\\/individuos\\\/depressao-entre-adolescentes-superdotados-compreendendo-os-desafios\\\/#breadcrumb\"},\"inLanguage\":\"pt-PT\",\"potentialAction\":[{\"@type\":\"ReadAction\",\"target\":[\"https:\\\/\\\/gifted-hub.com\\\/pt-pt\\\/individuos\\\/depressao-entre-adolescentes-superdotados-compreendendo-os-desafios\\\/\"]}]},{\"@type\":\"ImageObject\",\"inLanguage\":\"pt-PT\",\"@id\":\"https:\\\/\\\/gifted-hub.com\\\/pt-pt\\\/individuos\\\/depressao-entre-adolescentes-superdotados-compreendendo-os-desafios\\\/#primaryimage\",\"url\":\"https:\\\/\\\/gifted-hub.com\\\/wp-content\\\/uploads\\\/2024\\\/10\\\/5lufcdixqno-e1729297171596.jpg\",\"contentUrl\":\"https:\\\/\\\/gifted-hub.com\\\/wp-content\\\/uploads\\\/2024\\\/10\\\/5lufcdixqno-e1729297171596.jpg\",\"width\":800,\"height\":1200},{\"@type\":\"BreadcrumbList\",\"@id\":\"https:\\\/\\\/gifted-hub.com\\\/pt-pt\\\/individuos\\\/depressao-entre-adolescentes-superdotados-compreendendo-os-desafios\\\/#breadcrumb\",\"itemListElement\":[{\"@type\":\"ListItem\",\"position\":1,\"name\":\"Home\",\"item\":\"https:\\\/\\\/gifted-hub.com\\\/pt-pt\\\/inicio\\\/\"},{\"@type\":\"ListItem\",\"position\":2,\"name\":\"Indiv\u00edduos\",\"item\":\"https:\\\/\\\/gifted-hub.com\\\/pt-pt\\\/individuos\\\/\"},{\"@type\":\"ListItem\",\"position\":3,\"name\":\"Depress\u00e3o entre adolescentes superdotados: compreendendo os desafios\"}]},{\"@type\":\"WebSite\",\"@id\":\"https:\\\/\\\/gifted-hub.com\\\/pt-pt\\\/#website\",\"url\":\"https:\\\/\\\/gifted-hub.com\\\/pt-pt\\\/\",\"name\":\"Gifted HUB\",\"description\":\"A space for high abilities\",\"publisher\":{\"@id\":\"https:\\\/\\\/gifted-hub.com\\\/pt-pt\\\/#organization\"},\"potentialAction\":[{\"@type\":\"SearchAction\",\"target\":{\"@type\":\"EntryPoint\",\"urlTemplate\":\"https:\\\/\\\/gifted-hub.com\\\/pt-pt\\\/?s={search_term_string}\"},\"query-input\":{\"@type\":\"PropertyValueSpecification\",\"valueRequired\":true,\"valueName\":\"search_term_string\"}}],\"inLanguage\":\"pt-PT\"},{\"@type\":\"Organization\",\"@id\":\"https:\\\/\\\/gifted-hub.com\\\/pt-pt\\\/#organization\",\"name\":\"Gifted HUB\",\"url\":\"https:\\\/\\\/gifted-hub.com\\\/pt-pt\\\/\",\"logo\":{\"@type\":\"ImageObject\",\"inLanguage\":\"pt-PT\",\"@id\":\"https:\\\/\\\/gifted-hub.com\\\/pt-pt\\\/#\\\/schema\\\/logo\\\/image\\\/\",\"url\":\"https:\\\/\\\/gifted-hub.com\\\/wp-content\\\/uploads\\\/2024\\\/07\\\/logo-1.svg\",\"contentUrl\":\"https:\\\/\\\/gifted-hub.com\\\/wp-content\\\/uploads\\\/2024\\\/07\\\/logo-1.svg\",\"caption\":\"Gifted HUB\"},\"image\":{\"@id\":\"https:\\\/\\\/gifted-hub.com\\\/pt-pt\\\/#\\\/schema\\\/logo\\\/image\\\/\"}}]}<\/script>\n<!-- \/ Yoast SEO plugin. -->","yoast_head_json":{"title":"Depress\u00e3o entre adolescentes superdotados: compreendendo os desafios - Gifted HUB","robots":{"index":"index","follow":"follow","max-snippet":"max-snippet:-1","max-image-preview":"max-image-preview:large","max-video-preview":"max-video-preview:-1"},"canonical":"https:\/\/gifted-hub.com\/pt-pt\/individuos\/depressao-entre-adolescentes-superdotados-compreendendo-os-desafios\/","og_locale":"pt_PT","og_type":"article","og_title":"Depress\u00e3o entre adolescentes superdotados: compreendendo os desafios - Gifted HUB","og_description":"Adolescentes superdotados frequentemente enfrentam um conjunto \u00fanico de desafios que muitas pessoas podem n\u00e3o reconhecer imediatamente. Embora suas habilidades excepcionais possam ser motivo de orgulho, esses jovens indiv\u00edduos tamb\u00e9m podem experimentar lutas profundas e persistentes que passam despercebidas, levando a sentimentos de isolamento e depress\u00e3o. Superdota\u00e7\u00e3o \u00e9 frequentemente vista como uma vantagem inerente, mas por [&hellip;]","og_url":"https:\/\/gifted-hub.com\/pt-pt\/individuos\/depressao-entre-adolescentes-superdotados-compreendendo-os-desafios\/","og_site_name":"Gifted HUB","article_modified_time":"2024-10-28T09:17:14+00:00","og_image":[{"width":800,"height":1200,"url":"https:\/\/gifted-hub.com\/wp-content\/uploads\/2024\/10\/5lufcdixqno-e1729297171596.jpg","type":"image\/jpeg"}],"twitter_card":"summary_large_image","twitter_misc":{"Tempo estimado de leitura":"4 minutos"},"schema":{"@context":"https:\/\/schema.org","@graph":[{"@type":"WebPage","@id":"https:\/\/gifted-hub.com\/pt-pt\/individuos\/depressao-entre-adolescentes-superdotados-compreendendo-os-desafios\/","url":"https:\/\/gifted-hub.com\/pt-pt\/individuos\/depressao-entre-adolescentes-superdotados-compreendendo-os-desafios\/","name":"Depress\u00e3o entre adolescentes superdotados: compreendendo os desafios - Gifted HUB","isPartOf":{"@id":"https:\/\/gifted-hub.com\/pt-pt\/#website"},"primaryImageOfPage":{"@id":"https:\/\/gifted-hub.com\/pt-pt\/individuos\/depressao-entre-adolescentes-superdotados-compreendendo-os-desafios\/#primaryimage"},"image":{"@id":"https:\/\/gifted-hub.com\/pt-pt\/individuos\/depressao-entre-adolescentes-superdotados-compreendendo-os-desafios\/#primaryimage"},"thumbnailUrl":"https:\/\/gifted-hub.com\/wp-content\/uploads\/2024\/10\/5lufcdixqno-e1729297171596.jpg","datePublished":"2024-10-19T00:26:08+00:00","dateModified":"2024-10-28T09:17:14+00:00","breadcrumb":{"@id":"https:\/\/gifted-hub.com\/pt-pt\/individuos\/depressao-entre-adolescentes-superdotados-compreendendo-os-desafios\/#breadcrumb"},"inLanguage":"pt-PT","potentialAction":[{"@type":"ReadAction","target":["https:\/\/gifted-hub.com\/pt-pt\/individuos\/depressao-entre-adolescentes-superdotados-compreendendo-os-desafios\/"]}]},{"@type":"ImageObject","inLanguage":"pt-PT","@id":"https:\/\/gifted-hub.com\/pt-pt\/individuos\/depressao-entre-adolescentes-superdotados-compreendendo-os-desafios\/#primaryimage","url":"https:\/\/gifted-hub.com\/wp-content\/uploads\/2024\/10\/5lufcdixqno-e1729297171596.jpg","contentUrl":"https:\/\/gifted-hub.com\/wp-content\/uploads\/2024\/10\/5lufcdixqno-e1729297171596.jpg","width":800,"height":1200},{"@type":"BreadcrumbList","@id":"https:\/\/gifted-hub.com\/pt-pt\/individuos\/depressao-entre-adolescentes-superdotados-compreendendo-os-desafios\/#breadcrumb","itemListElement":[{"@type":"ListItem","position":1,"name":"Home","item":"https:\/\/gifted-hub.com\/pt-pt\/inicio\/"},{"@type":"ListItem","position":2,"name":"Indiv\u00edduos","item":"https:\/\/gifted-hub.com\/pt-pt\/individuos\/"},{"@type":"ListItem","position":3,"name":"Depress\u00e3o entre adolescentes superdotados: compreendendo os desafios"}]},{"@type":"WebSite","@id":"https:\/\/gifted-hub.com\/pt-pt\/#website","url":"https:\/\/gifted-hub.com\/pt-pt\/","name":"Gifted HUB","description":"A space for high abilities","publisher":{"@id":"https:\/\/gifted-hub.com\/pt-pt\/#organization"},"potentialAction":[{"@type":"SearchAction","target":{"@type":"EntryPoint","urlTemplate":"https:\/\/gifted-hub.com\/pt-pt\/?s={search_term_string}"},"query-input":{"@type":"PropertyValueSpecification","valueRequired":true,"valueName":"search_term_string"}}],"inLanguage":"pt-PT"},{"@type":"Organization","@id":"https:\/\/gifted-hub.com\/pt-pt\/#organization","name":"Gifted HUB","url":"https:\/\/gifted-hub.com\/pt-pt\/","logo":{"@type":"ImageObject","inLanguage":"pt-PT","@id":"https:\/\/gifted-hub.com\/pt-pt\/#\/schema\/logo\/image\/","url":"https:\/\/gifted-hub.com\/wp-content\/uploads\/2024\/07\/logo-1.svg","contentUrl":"https:\/\/gifted-hub.com\/wp-content\/uploads\/2024\/07\/logo-1.svg","caption":"Gifted HUB"},"image":{"@id":"https:\/\/gifted-hub.com\/pt-pt\/#\/schema\/logo\/image\/"}}]}},"_links":{"self":[{"href":"https:\/\/gifted-hub.com\/pt-pt\/wp-json\/wp\/v2\/pages\/16389","targetHints":{"allow":["GET"]}}],"collection":[{"href":"https:\/\/gifted-hub.com\/pt-pt\/wp-json\/wp\/v2\/pages"}],"about":[{"href":"https:\/\/gifted-hub.com\/pt-pt\/wp-json\/wp\/v2\/types\/page"}],"author":[{"embeddable":true,"href":"https:\/\/gifted-hub.com\/pt-pt\/wp-json\/wp\/v2\/users\/1"}],"replies":[{"embeddable":true,"href":"https:\/\/gifted-hub.com\/pt-pt\/wp-json\/wp\/v2\/comments?post=16389"}],"version-history":[{"count":1,"href":"https:\/\/gifted-hub.com\/pt-pt\/wp-json\/wp\/v2\/pages\/16389\/revisions"}],"predecessor-version":[{"id":16391,"href":"https:\/\/gifted-hub.com\/pt-pt\/wp-json\/wp\/v2\/pages\/16389\/revisions\/16391"}],"up":[{"embeddable":true,"href":"https:\/\/gifted-hub.com\/pt-pt\/wp-json\/wp\/v2\/pages\/16365"}],"wp:featuredmedia":[{"embeddable":true,"href":"https:\/\/gifted-hub.com\/pt-pt\/wp-json\/wp\/v2\/media\/15555"}],"wp:attachment":[{"href":"https:\/\/gifted-hub.com\/pt-pt\/wp-json\/wp\/v2\/media?parent=16389"}],"wp:term":[{"taxonomy":"group-interest","embeddable":true,"href":"https:\/\/gifted-hub.com\/pt-pt\/wp-json\/wp\/v2\/group-interest?post=16389"}],"curies":[{"name":"wp","href":"https:\/\/api.w.org\/{rel}","templated":true}]}}