{"id":16374,"date":"2024-08-23T22:56:24","date_gmt":"2024-08-23T22:56:24","guid":{"rendered":"https:\/\/gifted-hub.com\/individuos\/enfrentando-desafios-nos-relacionamentos\/"},"modified":"2024-10-28T09:17:06","modified_gmt":"2024-10-28T09:17:06","slug":"enfrentando-desafios-nos-relacionamentos","status":"publish","type":"page","link":"https:\/\/gifted-hub.com\/pt-pt\/individuos\/enfrentando-desafios-nos-relacionamentos\/","title":{"rendered":"Enfrentando desafios nos relacionamentos"},"content":{"rendered":"\n<p>Estar num relacionamento nunca \u00e9 f\u00e1cil, mas se voc\u00ea \u00e9 algu\u00e9m com altas habilidades, pode enfrentar alguns desafios \u00fanicos que outros n\u00e3o compreendem totalmente.\nEsses desafios muitas vezes decorrem de uma sensibilidade aumentada, necessidades emocionais \u00fanicas e formas distintas de pensar.\nCompreender essas diferen\u00e7as pode ajud\u00e1-lo a construir conex\u00f5es mais fortes e gratificantes.  <\/p>\n\n<p>Um dos grandes obst\u00e1culos \u00e9 algo chamado estilo de apego.\nVoc\u00ea pode ter um estilo de apego receoso, o que significa que se preocupa muito com ser rejeitado ou magoado.\nIsso pode dificultar a abertura e a conex\u00e3o profunda com o seu parceiro.\nMas reconhecer esse medo \u00e9 o primeiro passo para super\u00e1-lo.\nTente construir confian\u00e7a lentamente e esteja ciente de como seus medos podem estar afetando seu relacionamento.\nIsso pode ajud\u00e1-lo a criar la\u00e7os mais fortes e confi\u00e1veis.     <\/p>\n\n<p>A resolu\u00e7\u00e3o de conflitos \u00e9 outra \u00e1rea onde voc\u00ea pode ter dificuldades.\nPesquisas mostram que pessoas dotadas frequentemente evitam conflitos, provavelmente porque sentem as coisas de forma mais intensa.\nEmbora evitar brigas possa parecer uma boa maneira de manter a paz, na verdade pode levar a quest\u00f5es n\u00e3o resolvidas que se acumulam ao longo do tempo.\nEm vez disso, tente enfrentar os conflitos de frente e trabalhe junto com o seu parceiro para encontrar solu\u00e7\u00f5es que funcionem para ambos.\nEssa abordagem n\u00e3o s\u00f3 resolve problemas, mas tamb\u00e9m fortalece seu relacionamento.    <\/p>\n\n<p>Pessoas com emo\u00e7\u00f5es intensas podem achar esses sentimentos tanto uma b\u00ean\u00e7\u00e3o quanto uma maldi\u00e7\u00e3o nos relacionamentos.\nPor um lado, sua paix\u00e3o e profundidade podem tornar seu relacionamento rico e significativo.\nPor outro, tamb\u00e9m pode levar a rea\u00e7\u00f5es exageradas ou mal-entendidos se voc\u00ea n\u00e3o for cuidadoso.\n\u00c9 importante encontrar um equil\u00edbrio comunicando-se claramente e estabelecendo limites saud\u00e1veis.\nIsso pode ajudar a prevenir a sobrecarga emocional e manter seu relacionamento est\u00e1vel e solid\u00e1rio.    <\/p>\n\n<p>Muitos que s\u00e3o intelectualmente dotados tamb\u00e9m procuram parceiros que compartilhem seus interesses e perspectivas, o que pode ser uma \u00f3tima maneira de se conectar.\nTer valores e vis\u00f5es semelhantes pode reduzir as chances de conflito e ajudar a entenderem-se melhor.\nNo entanto, tamb\u00e9m \u00e9 importante apreciar as diferen\u00e7as que podem trazer novas perspectivas e crescimento para o seu relacionamento.  <\/p>\n\n<p>Apesar desses desafios, \u00e9 poss\u00edvel ter relacionamentos profundamente gratificantes jogando com suas for\u00e7as e estando ciente de suas vulnerabilidades.\nSe voc\u00ea est\u00e1 achando dif\u00edcil gerenciar seu relacionamento, considere falar com um profissional que entenda os desafios \u00fanicos de ser altamente inteligente.\nA terapia pode fornecer estrat\u00e9gias adaptadas \u00e0s suas necessidades, ajudando-o a navegar seus relacionamentos com mais sucesso.  <\/p>\n\n<p>No final, os relacionamentos s\u00e3o complexos para todos, mas aqueles com intelecto excepcional enfrentam um conjunto \u00fanico de desafios que precisam de aten\u00e7\u00e3o especial.\nCompreendendo como sua dota\u00e7\u00e3o afeta seus relacionamentos e tomando medidas para abordar essas quest\u00f5es, voc\u00ea pode construir e manter conex\u00f5es significativas que enriquecem sua vida. <\/p>\n","protected":false},"excerpt":{"rendered":"<p>Estar num relacionamento nunca \u00e9 f\u00e1cil, mas se voc\u00ea \u00e9 algu\u00e9m com altas habilidades, pode enfrentar alguns desafios \u00fanicos que outros n\u00e3o compreendem totalmente. Esses desafios muitas vezes decorrem de uma sensibilidade aumentada, necessidades emocionais \u00fanicas e formas distintas de pensar. Compreender essas diferen\u00e7as pode ajud\u00e1-lo a construir conex\u00f5es mais fortes e gratificantes. Um dos [&hellip;]<\/p>\n","protected":false},"author":1,"featured_media":15151,"parent":16365,"menu_order":0,"comment_status":"closed","ping_status":"closed","template":"","meta":{"_acf_changed":false,"inline_featured_image":false,"footnotes":""},"group-interest":[208],"class_list":["post-16374","page","type-page","status-publish","has-post-thumbnail","hentry","group-interest-individuos"],"acf":[],"yoast_head":"<!-- This site is optimized with the Yoast SEO plugin v27.4 - https:\/\/yoast.com\/product\/yoast-seo-wordpress\/ -->\n<title>Enfrentando desafios nos relacionamentos - Gifted HUB<\/title>\n<meta name=\"robots\" content=\"index, follow, max-snippet:-1, max-image-preview:large, max-video-preview:-1\" \/>\n<link rel=\"canonical\" href=\"https:\/\/gifted-hub.com\/pt-pt\/individuos\/enfrentando-desafios-nos-relacionamentos\/\" \/>\n<meta property=\"og:locale\" content=\"pt_PT\" \/>\n<meta property=\"og:type\" content=\"article\" \/>\n<meta property=\"og:title\" content=\"Enfrentando desafios nos relacionamentos - Gifted HUB\" \/>\n<meta property=\"og:description\" content=\"Estar num relacionamento nunca \u00e9 f\u00e1cil, mas se voc\u00ea \u00e9 algu\u00e9m com altas habilidades, pode enfrentar alguns desafios \u00fanicos que outros n\u00e3o compreendem totalmente. Esses desafios muitas vezes decorrem de uma sensibilidade aumentada, necessidades emocionais \u00fanicas e formas distintas de pensar. Compreender essas diferen\u00e7as pode ajud\u00e1-lo a construir conex\u00f5es mais fortes e gratificantes. Um dos [&hellip;]\" \/>\n<meta property=\"og:url\" content=\"https:\/\/gifted-hub.com\/pt-pt\/individuos\/enfrentando-desafios-nos-relacionamentos\/\" \/>\n<meta property=\"og:site_name\" content=\"Gifted HUB\" \/>\n<meta property=\"article:modified_time\" content=\"2024-10-28T09:17:06+00:00\" \/>\n<meta property=\"og:image\" content=\"https:\/\/gifted-hub.com\/wp-content\/uploads\/2024\/08\/4le7k9xvyje.jpg\" \/>\n\t<meta property=\"og:image:width\" content=\"1600\" \/>\n\t<meta property=\"og:image:height\" content=\"1007\" \/>\n\t<meta property=\"og:image:type\" content=\"image\/jpeg\" \/>\n<meta name=\"twitter:card\" content=\"summary_large_image\" \/>\n<meta name=\"twitter:label1\" content=\"Tempo estimado de leitura\" \/>\n\t<meta name=\"twitter:data1\" content=\"2 minutos\" \/>\n<script type=\"application\/ld+json\" class=\"yoast-schema-graph\">{\"@context\":\"https:\\\/\\\/schema.org\",\"@graph\":[{\"@type\":\"WebPage\",\"@id\":\"https:\\\/\\\/gifted-hub.com\\\/pt-pt\\\/individuos\\\/enfrentando-desafios-nos-relacionamentos\\\/\",\"url\":\"https:\\\/\\\/gifted-hub.com\\\/pt-pt\\\/individuos\\\/enfrentando-desafios-nos-relacionamentos\\\/\",\"name\":\"Enfrentando desafios nos relacionamentos - Gifted HUB\",\"isPartOf\":{\"@id\":\"https:\\\/\\\/gifted-hub.com\\\/pt-pt\\\/#website\"},\"primaryImageOfPage\":{\"@id\":\"https:\\\/\\\/gifted-hub.com\\\/pt-pt\\\/individuos\\\/enfrentando-desafios-nos-relacionamentos\\\/#primaryimage\"},\"image\":{\"@id\":\"https:\\\/\\\/gifted-hub.com\\\/pt-pt\\\/individuos\\\/enfrentando-desafios-nos-relacionamentos\\\/#primaryimage\"},\"thumbnailUrl\":\"https:\\\/\\\/gifted-hub.com\\\/wp-content\\\/uploads\\\/2024\\\/08\\\/4le7k9xvyje.jpg\",\"datePublished\":\"2024-08-23T22:56:24+00:00\",\"dateModified\":\"2024-10-28T09:17:06+00:00\",\"breadcrumb\":{\"@id\":\"https:\\\/\\\/gifted-hub.com\\\/pt-pt\\\/individuos\\\/enfrentando-desafios-nos-relacionamentos\\\/#breadcrumb\"},\"inLanguage\":\"pt-PT\",\"potentialAction\":[{\"@type\":\"ReadAction\",\"target\":[\"https:\\\/\\\/gifted-hub.com\\\/pt-pt\\\/individuos\\\/enfrentando-desafios-nos-relacionamentos\\\/\"]}]},{\"@type\":\"ImageObject\",\"inLanguage\":\"pt-PT\",\"@id\":\"https:\\\/\\\/gifted-hub.com\\\/pt-pt\\\/individuos\\\/enfrentando-desafios-nos-relacionamentos\\\/#primaryimage\",\"url\":\"https:\\\/\\\/gifted-hub.com\\\/wp-content\\\/uploads\\\/2024\\\/08\\\/4le7k9xvyje.jpg\",\"contentUrl\":\"https:\\\/\\\/gifted-hub.com\\\/wp-content\\\/uploads\\\/2024\\\/08\\\/4le7k9xvyje.jpg\",\"width\":1600,\"height\":1007},{\"@type\":\"BreadcrumbList\",\"@id\":\"https:\\\/\\\/gifted-hub.com\\\/pt-pt\\\/individuos\\\/enfrentando-desafios-nos-relacionamentos\\\/#breadcrumb\",\"itemListElement\":[{\"@type\":\"ListItem\",\"position\":1,\"name\":\"Home\",\"item\":\"https:\\\/\\\/gifted-hub.com\\\/pt-pt\\\/inicio\\\/\"},{\"@type\":\"ListItem\",\"position\":2,\"name\":\"Indiv\u00edduos\",\"item\":\"https:\\\/\\\/gifted-hub.com\\\/pt-pt\\\/individuos\\\/\"},{\"@type\":\"ListItem\",\"position\":3,\"name\":\"Enfrentando desafios nos relacionamentos\"}]},{\"@type\":\"WebSite\",\"@id\":\"https:\\\/\\\/gifted-hub.com\\\/pt-pt\\\/#website\",\"url\":\"https:\\\/\\\/gifted-hub.com\\\/pt-pt\\\/\",\"name\":\"Gifted HUB\",\"description\":\"A space for high abilities\",\"publisher\":{\"@id\":\"https:\\\/\\\/gifted-hub.com\\\/pt-pt\\\/#organization\"},\"potentialAction\":[{\"@type\":\"SearchAction\",\"target\":{\"@type\":\"EntryPoint\",\"urlTemplate\":\"https:\\\/\\\/gifted-hub.com\\\/pt-pt\\\/?s={search_term_string}\"},\"query-input\":{\"@type\":\"PropertyValueSpecification\",\"valueRequired\":true,\"valueName\":\"search_term_string\"}}],\"inLanguage\":\"pt-PT\"},{\"@type\":\"Organization\",\"@id\":\"https:\\\/\\\/gifted-hub.com\\\/pt-pt\\\/#organization\",\"name\":\"Gifted HUB\",\"url\":\"https:\\\/\\\/gifted-hub.com\\\/pt-pt\\\/\",\"logo\":{\"@type\":\"ImageObject\",\"inLanguage\":\"pt-PT\",\"@id\":\"https:\\\/\\\/gifted-hub.com\\\/pt-pt\\\/#\\\/schema\\\/logo\\\/image\\\/\",\"url\":\"https:\\\/\\\/gifted-hub.com\\\/wp-content\\\/uploads\\\/2024\\\/07\\\/logo-1.svg\",\"contentUrl\":\"https:\\\/\\\/gifted-hub.com\\\/wp-content\\\/uploads\\\/2024\\\/07\\\/logo-1.svg\",\"caption\":\"Gifted HUB\"},\"image\":{\"@id\":\"https:\\\/\\\/gifted-hub.com\\\/pt-pt\\\/#\\\/schema\\\/logo\\\/image\\\/\"}}]}<\/script>\n<!-- \/ Yoast SEO plugin. -->","yoast_head_json":{"title":"Enfrentando desafios nos relacionamentos - Gifted HUB","robots":{"index":"index","follow":"follow","max-snippet":"max-snippet:-1","max-image-preview":"max-image-preview:large","max-video-preview":"max-video-preview:-1"},"canonical":"https:\/\/gifted-hub.com\/pt-pt\/individuos\/enfrentando-desafios-nos-relacionamentos\/","og_locale":"pt_PT","og_type":"article","og_title":"Enfrentando desafios nos relacionamentos - Gifted HUB","og_description":"Estar num relacionamento nunca \u00e9 f\u00e1cil, mas se voc\u00ea \u00e9 algu\u00e9m com altas habilidades, pode enfrentar alguns desafios \u00fanicos que outros n\u00e3o compreendem totalmente. Esses desafios muitas vezes decorrem de uma sensibilidade aumentada, necessidades emocionais \u00fanicas e formas distintas de pensar. Compreender essas diferen\u00e7as pode ajud\u00e1-lo a construir conex\u00f5es mais fortes e gratificantes. Um dos [&hellip;]","og_url":"https:\/\/gifted-hub.com\/pt-pt\/individuos\/enfrentando-desafios-nos-relacionamentos\/","og_site_name":"Gifted HUB","article_modified_time":"2024-10-28T09:17:06+00:00","og_image":[{"width":1600,"height":1007,"url":"https:\/\/gifted-hub.com\/wp-content\/uploads\/2024\/08\/4le7k9xvyje.jpg","type":"image\/jpeg"}],"twitter_card":"summary_large_image","twitter_misc":{"Tempo estimado de leitura":"2 minutos"},"schema":{"@context":"https:\/\/schema.org","@graph":[{"@type":"WebPage","@id":"https:\/\/gifted-hub.com\/pt-pt\/individuos\/enfrentando-desafios-nos-relacionamentos\/","url":"https:\/\/gifted-hub.com\/pt-pt\/individuos\/enfrentando-desafios-nos-relacionamentos\/","name":"Enfrentando desafios nos relacionamentos - Gifted HUB","isPartOf":{"@id":"https:\/\/gifted-hub.com\/pt-pt\/#website"},"primaryImageOfPage":{"@id":"https:\/\/gifted-hub.com\/pt-pt\/individuos\/enfrentando-desafios-nos-relacionamentos\/#primaryimage"},"image":{"@id":"https:\/\/gifted-hub.com\/pt-pt\/individuos\/enfrentando-desafios-nos-relacionamentos\/#primaryimage"},"thumbnailUrl":"https:\/\/gifted-hub.com\/wp-content\/uploads\/2024\/08\/4le7k9xvyje.jpg","datePublished":"2024-08-23T22:56:24+00:00","dateModified":"2024-10-28T09:17:06+00:00","breadcrumb":{"@id":"https:\/\/gifted-hub.com\/pt-pt\/individuos\/enfrentando-desafios-nos-relacionamentos\/#breadcrumb"},"inLanguage":"pt-PT","potentialAction":[{"@type":"ReadAction","target":["https:\/\/gifted-hub.com\/pt-pt\/individuos\/enfrentando-desafios-nos-relacionamentos\/"]}]},{"@type":"ImageObject","inLanguage":"pt-PT","@id":"https:\/\/gifted-hub.com\/pt-pt\/individuos\/enfrentando-desafios-nos-relacionamentos\/#primaryimage","url":"https:\/\/gifted-hub.com\/wp-content\/uploads\/2024\/08\/4le7k9xvyje.jpg","contentUrl":"https:\/\/gifted-hub.com\/wp-content\/uploads\/2024\/08\/4le7k9xvyje.jpg","width":1600,"height":1007},{"@type":"BreadcrumbList","@id":"https:\/\/gifted-hub.com\/pt-pt\/individuos\/enfrentando-desafios-nos-relacionamentos\/#breadcrumb","itemListElement":[{"@type":"ListItem","position":1,"name":"Home","item":"https:\/\/gifted-hub.com\/pt-pt\/inicio\/"},{"@type":"ListItem","position":2,"name":"Indiv\u00edduos","item":"https:\/\/gifted-hub.com\/pt-pt\/individuos\/"},{"@type":"ListItem","position":3,"name":"Enfrentando desafios nos relacionamentos"}]},{"@type":"WebSite","@id":"https:\/\/gifted-hub.com\/pt-pt\/#website","url":"https:\/\/gifted-hub.com\/pt-pt\/","name":"Gifted HUB","description":"A space for high abilities","publisher":{"@id":"https:\/\/gifted-hub.com\/pt-pt\/#organization"},"potentialAction":[{"@type":"SearchAction","target":{"@type":"EntryPoint","urlTemplate":"https:\/\/gifted-hub.com\/pt-pt\/?s={search_term_string}"},"query-input":{"@type":"PropertyValueSpecification","valueRequired":true,"valueName":"search_term_string"}}],"inLanguage":"pt-PT"},{"@type":"Organization","@id":"https:\/\/gifted-hub.com\/pt-pt\/#organization","name":"Gifted HUB","url":"https:\/\/gifted-hub.com\/pt-pt\/","logo":{"@type":"ImageObject","inLanguage":"pt-PT","@id":"https:\/\/gifted-hub.com\/pt-pt\/#\/schema\/logo\/image\/","url":"https:\/\/gifted-hub.com\/wp-content\/uploads\/2024\/07\/logo-1.svg","contentUrl":"https:\/\/gifted-hub.com\/wp-content\/uploads\/2024\/07\/logo-1.svg","caption":"Gifted HUB"},"image":{"@id":"https:\/\/gifted-hub.com\/pt-pt\/#\/schema\/logo\/image\/"}}]}},"_links":{"self":[{"href":"https:\/\/gifted-hub.com\/pt-pt\/wp-json\/wp\/v2\/pages\/16374","targetHints":{"allow":["GET"]}}],"collection":[{"href":"https:\/\/gifted-hub.com\/pt-pt\/wp-json\/wp\/v2\/pages"}],"about":[{"href":"https:\/\/gifted-hub.com\/pt-pt\/wp-json\/wp\/v2\/types\/page"}],"author":[{"embeddable":true,"href":"https:\/\/gifted-hub.com\/pt-pt\/wp-json\/wp\/v2\/users\/1"}],"replies":[{"embeddable":true,"href":"https:\/\/gifted-hub.com\/pt-pt\/wp-json\/wp\/v2\/comments?post=16374"}],"version-history":[{"count":1,"href":"https:\/\/gifted-hub.com\/pt-pt\/wp-json\/wp\/v2\/pages\/16374\/revisions"}],"predecessor-version":[{"id":16376,"href":"https:\/\/gifted-hub.com\/pt-pt\/wp-json\/wp\/v2\/pages\/16374\/revisions\/16376"}],"up":[{"embeddable":true,"href":"https:\/\/gifted-hub.com\/pt-pt\/wp-json\/wp\/v2\/pages\/16365"}],"wp:featuredmedia":[{"embeddable":true,"href":"https:\/\/gifted-hub.com\/pt-pt\/wp-json\/wp\/v2\/media\/15151"}],"wp:attachment":[{"href":"https:\/\/gifted-hub.com\/pt-pt\/wp-json\/wp\/v2\/media?parent=16374"}],"wp:term":[{"taxonomy":"group-interest","embeddable":true,"href":"https:\/\/gifted-hub.com\/pt-pt\/wp-json\/wp\/v2\/group-interest?post=16374"}],"curies":[{"name":"wp","href":"https:\/\/api.w.org\/{rel}","templated":true}]}}