{"id":16365,"date":"2024-08-17T22:13:30","date_gmt":"2024-08-17T22:13:30","guid":{"rendered":"https:\/\/gifted-hub.com\/individuos\/"},"modified":"2024-10-28T09:17:07","modified_gmt":"2024-10-28T09:17:07","slug":"individuos","status":"publish","type":"page","link":"https:\/\/gifted-hub.com\/pt-pt\/individuos\/","title":{"rendered":"Indiv\u00edduos"},"content":{"rendered":"\n<p>Se alguma vez sentiu que pensa nas coisas de forma mais profunda ou que aprende e compreende as coisas de maneira diferente dos outros, pode ter-se perguntado se tem <a href=\"https:\/\/gifted-hub.com\/pt-pt\/o-que-sao-altas-habilidades\/\" data-type=\"page\" data-id=\"347\">habilidades elevadas<\/a>. Neste espa\u00e7o, oferecemos-lhe a informa\u00e7\u00e3o necess\u00e1ria para explorar esta possibilidade e compreender melhor o que isso implica. <\/p>\n\n<p><strong>Como saber se tem habilidades elevadas<\/strong><\/p>\n\n<p>Reconhecer se tem habilidades elevadas <strong>pode ser um desafio<\/strong>, pois n\u00e3o se trata apenas de obter boas notas ou ser &#8220;inteligente&#8221; no sentido tradicional.\nAs habilidades elevadas abrangem uma gama mais ampla que inclui pensamento cr\u00edtico avan\u00e7ado, criatividade incomum, uma curiosidade insaci\u00e1vel e, muitas vezes, uma alta sensibilidade emocional.\nSe se identifica com estas caracter\u00edsticas, pode estar no caminho certo para explorar mais sobre este tema.\nAqui, fornecemos guias e recursos para o ajudar a identificar se as habilidades elevadas fazem parte da sua vida.   <\/p>\n\n<p>Compreender se tem habilidades elevadas pode ser a chave para maximizar o seu potencial.\nSaber isto permite-lhe procurar as oportunidades e o apoio certos para desenvolver as suas compet\u00eancias e evitar desafios comuns, como o t\u00e9dio ou a desmotiva\u00e7\u00e3o.\nAl\u00e9m disso, <strong>conhecer as suas pr\u00f3prias habilidades<\/strong> pode oferecer-lhe uma maior compreens\u00e3o de si mesmo e ajud\u00e1-lo a gerir as expectativas que possa ter, tanto as suas como as dos outros.  <\/p>\n\n<p><strong>Sentir-se parte de um grupo<\/strong><\/p>\n\n<p>Para muitas pessoas com habilidades elevadas, uma das maiores dificuldades \u00e9 sentir-se compreendido ou encontrar um grupo de pessoas com interesses e habilidades semelhantes.\nAqui, promovemos conex\u00f5es entre pessoas que partilham estas caracter\u00edsticas, criando uma comunidade onde pode sentir-se aceite, partilhar experi\u00eancias e encontrar apoio m\u00fatuo. <strong><a href=\"\" data-type=\"\" data-id=\"\">Conectar-se com outros<\/a><\/strong> que tamb\u00e9m est\u00e3o a explorar as suas habilidades elevadas pode ser uma experi\u00eancia transformadora, proporcionando-lhe um sentido de perten\u00e7a e compreens\u00e3o que pode ser dif\u00edcil de encontrar noutros ambientes. <\/p>\n\n<p>Ter habilidades elevadas muitas vezes significa que tem uma ampla gama de interesses e compet\u00eancias, e encontrar tarefas ou projetos que realmente o entusiasmem pode ser um desafio.\nNeste espa\u00e7o, oferecemos ideias e sugest\u00f5es para se envolver em atividades que desafiem o seu intelecto e o mantenham motivado.\nDesde projetos criativos a desafios intelectuais, aqui encontrar\u00e1 inspira\u00e7\u00e3o para continuar a crescer e a aprender em \u00e1reas que realmente lhe interessam.  <\/p>\n","protected":false},"excerpt":{"rendered":"<p>Se alguma vez sentiu que pensa nas coisas de forma mais profunda ou que aprende e compreende as coisas de maneira diferente dos outros, pode ter-se perguntado se tem habilidades elevadas. Neste espa\u00e7o, oferecemos-lhe a informa\u00e7\u00e3o necess\u00e1ria para explorar esta possibilidade e compreender melhor o que isso implica. Como saber se tem habilidades elevadas Reconhecer [&hellip;]<\/p>\n","protected":false},"author":1,"featured_media":15116,"parent":0,"menu_order":0,"comment_status":"closed","ping_status":"closed","template":"","meta":{"_acf_changed":false,"inline_featured_image":false,"footnotes":""},"group-interest":[],"class_list":["post-16365","page","type-page","status-publish","has-post-thumbnail","hentry"],"acf":[],"yoast_head":"<!-- This site is optimized with the Yoast SEO plugin v27.4 - https:\/\/yoast.com\/product\/yoast-seo-wordpress\/ -->\n<title>Indiv\u00edduos - Gifted HUB<\/title>\n<meta name=\"robots\" content=\"index, follow, max-snippet:-1, max-image-preview:large, max-video-preview:-1\" \/>\n<link rel=\"canonical\" href=\"https:\/\/gifted-hub.com\/pt-pt\/individuos\/\" \/>\n<meta property=\"og:locale\" content=\"pt_PT\" \/>\n<meta property=\"og:type\" content=\"article\" \/>\n<meta property=\"og:title\" content=\"Indiv\u00edduos - Gifted HUB\" \/>\n<meta property=\"og:description\" content=\"Se alguma vez sentiu que pensa nas coisas de forma mais profunda ou que aprende e compreende as coisas de maneira diferente dos outros, pode ter-se perguntado se tem habilidades elevadas. Neste espa\u00e7o, oferecemos-lhe a informa\u00e7\u00e3o necess\u00e1ria para explorar esta possibilidade e compreender melhor o que isso implica. Como saber se tem habilidades elevadas Reconhecer [&hellip;]\" \/>\n<meta property=\"og:url\" content=\"https:\/\/gifted-hub.com\/pt-pt\/individuos\/\" \/>\n<meta property=\"og:site_name\" content=\"Gifted HUB\" \/>\n<meta property=\"article:modified_time\" content=\"2024-10-28T09:17:07+00:00\" \/>\n<meta property=\"og:image\" content=\"https:\/\/gifted-hub.com\/wp-content\/uploads\/2024\/08\/3184163-e1723933938612.jpg\" \/>\n\t<meta property=\"og:image:width\" content=\"1600\" \/>\n\t<meta property=\"og:image:height\" content=\"1067\" \/>\n\t<meta property=\"og:image:type\" content=\"image\/jpeg\" \/>\n<meta name=\"twitter:card\" content=\"summary_large_image\" \/>\n<meta name=\"twitter:label1\" content=\"Tempo estimado de leitura\" \/>\n\t<meta name=\"twitter:data1\" content=\"2 minutos\" \/>\n<script type=\"application\/ld+json\" class=\"yoast-schema-graph\">{\"@context\":\"https:\\\/\\\/schema.org\",\"@graph\":[{\"@type\":\"WebPage\",\"@id\":\"https:\\\/\\\/gifted-hub.com\\\/pt-pt\\\/individuos\\\/\",\"url\":\"https:\\\/\\\/gifted-hub.com\\\/pt-pt\\\/individuos\\\/\",\"name\":\"Indiv\u00edduos - Gifted HUB\",\"isPartOf\":{\"@id\":\"https:\\\/\\\/gifted-hub.com\\\/pt-pt\\\/#website\"},\"primaryImageOfPage\":{\"@id\":\"https:\\\/\\\/gifted-hub.com\\\/pt-pt\\\/individuos\\\/#primaryimage\"},\"image\":{\"@id\":\"https:\\\/\\\/gifted-hub.com\\\/pt-pt\\\/individuos\\\/#primaryimage\"},\"thumbnailUrl\":\"https:\\\/\\\/gifted-hub.com\\\/wp-content\\\/uploads\\\/2024\\\/08\\\/3184163-e1723933938612.jpg\",\"datePublished\":\"2024-08-17T22:13:30+00:00\",\"dateModified\":\"2024-10-28T09:17:07+00:00\",\"breadcrumb\":{\"@id\":\"https:\\\/\\\/gifted-hub.com\\\/pt-pt\\\/individuos\\\/#breadcrumb\"},\"inLanguage\":\"pt-PT\",\"potentialAction\":[{\"@type\":\"ReadAction\",\"target\":[\"https:\\\/\\\/gifted-hub.com\\\/pt-pt\\\/individuos\\\/\"]}]},{\"@type\":\"ImageObject\",\"inLanguage\":\"pt-PT\",\"@id\":\"https:\\\/\\\/gifted-hub.com\\\/pt-pt\\\/individuos\\\/#primaryimage\",\"url\":\"https:\\\/\\\/gifted-hub.com\\\/wp-content\\\/uploads\\\/2024\\\/08\\\/3184163-e1723933938612.jpg\",\"contentUrl\":\"https:\\\/\\\/gifted-hub.com\\\/wp-content\\\/uploads\\\/2024\\\/08\\\/3184163-e1723933938612.jpg\",\"width\":1600,\"height\":1067},{\"@type\":\"BreadcrumbList\",\"@id\":\"https:\\\/\\\/gifted-hub.com\\\/pt-pt\\\/individuos\\\/#breadcrumb\",\"itemListElement\":[{\"@type\":\"ListItem\",\"position\":1,\"name\":\"Home\",\"item\":\"https:\\\/\\\/gifted-hub.com\\\/pt-pt\\\/inicio\\\/\"},{\"@type\":\"ListItem\",\"position\":2,\"name\":\"Indiv\u00edduos\"}]},{\"@type\":\"WebSite\",\"@id\":\"https:\\\/\\\/gifted-hub.com\\\/pt-pt\\\/#website\",\"url\":\"https:\\\/\\\/gifted-hub.com\\\/pt-pt\\\/\",\"name\":\"Gifted HUB\",\"description\":\"A space for high abilities\",\"publisher\":{\"@id\":\"https:\\\/\\\/gifted-hub.com\\\/pt-pt\\\/#organization\"},\"potentialAction\":[{\"@type\":\"SearchAction\",\"target\":{\"@type\":\"EntryPoint\",\"urlTemplate\":\"https:\\\/\\\/gifted-hub.com\\\/pt-pt\\\/?s={search_term_string}\"},\"query-input\":{\"@type\":\"PropertyValueSpecification\",\"valueRequired\":true,\"valueName\":\"search_term_string\"}}],\"inLanguage\":\"pt-PT\"},{\"@type\":\"Organization\",\"@id\":\"https:\\\/\\\/gifted-hub.com\\\/pt-pt\\\/#organization\",\"name\":\"Gifted HUB\",\"url\":\"https:\\\/\\\/gifted-hub.com\\\/pt-pt\\\/\",\"logo\":{\"@type\":\"ImageObject\",\"inLanguage\":\"pt-PT\",\"@id\":\"https:\\\/\\\/gifted-hub.com\\\/pt-pt\\\/#\\\/schema\\\/logo\\\/image\\\/\",\"url\":\"https:\\\/\\\/gifted-hub.com\\\/wp-content\\\/uploads\\\/2024\\\/07\\\/logo-1.svg\",\"contentUrl\":\"https:\\\/\\\/gifted-hub.com\\\/wp-content\\\/uploads\\\/2024\\\/07\\\/logo-1.svg\",\"caption\":\"Gifted HUB\"},\"image\":{\"@id\":\"https:\\\/\\\/gifted-hub.com\\\/pt-pt\\\/#\\\/schema\\\/logo\\\/image\\\/\"}}]}<\/script>\n<!-- \/ Yoast SEO plugin. -->","yoast_head_json":{"title":"Indiv\u00edduos - Gifted HUB","robots":{"index":"index","follow":"follow","max-snippet":"max-snippet:-1","max-image-preview":"max-image-preview:large","max-video-preview":"max-video-preview:-1"},"canonical":"https:\/\/gifted-hub.com\/pt-pt\/individuos\/","og_locale":"pt_PT","og_type":"article","og_title":"Indiv\u00edduos - Gifted HUB","og_description":"Se alguma vez sentiu que pensa nas coisas de forma mais profunda ou que aprende e compreende as coisas de maneira diferente dos outros, pode ter-se perguntado se tem habilidades elevadas. Neste espa\u00e7o, oferecemos-lhe a informa\u00e7\u00e3o necess\u00e1ria para explorar esta possibilidade e compreender melhor o que isso implica. Como saber se tem habilidades elevadas Reconhecer [&hellip;]","og_url":"https:\/\/gifted-hub.com\/pt-pt\/individuos\/","og_site_name":"Gifted HUB","article_modified_time":"2024-10-28T09:17:07+00:00","og_image":[{"width":1600,"height":1067,"url":"https:\/\/gifted-hub.com\/wp-content\/uploads\/2024\/08\/3184163-e1723933938612.jpg","type":"image\/jpeg"}],"twitter_card":"summary_large_image","twitter_misc":{"Tempo estimado de leitura":"2 minutos"},"schema":{"@context":"https:\/\/schema.org","@graph":[{"@type":"WebPage","@id":"https:\/\/gifted-hub.com\/pt-pt\/individuos\/","url":"https:\/\/gifted-hub.com\/pt-pt\/individuos\/","name":"Indiv\u00edduos - Gifted HUB","isPartOf":{"@id":"https:\/\/gifted-hub.com\/pt-pt\/#website"},"primaryImageOfPage":{"@id":"https:\/\/gifted-hub.com\/pt-pt\/individuos\/#primaryimage"},"image":{"@id":"https:\/\/gifted-hub.com\/pt-pt\/individuos\/#primaryimage"},"thumbnailUrl":"https:\/\/gifted-hub.com\/wp-content\/uploads\/2024\/08\/3184163-e1723933938612.jpg","datePublished":"2024-08-17T22:13:30+00:00","dateModified":"2024-10-28T09:17:07+00:00","breadcrumb":{"@id":"https:\/\/gifted-hub.com\/pt-pt\/individuos\/#breadcrumb"},"inLanguage":"pt-PT","potentialAction":[{"@type":"ReadAction","target":["https:\/\/gifted-hub.com\/pt-pt\/individuos\/"]}]},{"@type":"ImageObject","inLanguage":"pt-PT","@id":"https:\/\/gifted-hub.com\/pt-pt\/individuos\/#primaryimage","url":"https:\/\/gifted-hub.com\/wp-content\/uploads\/2024\/08\/3184163-e1723933938612.jpg","contentUrl":"https:\/\/gifted-hub.com\/wp-content\/uploads\/2024\/08\/3184163-e1723933938612.jpg","width":1600,"height":1067},{"@type":"BreadcrumbList","@id":"https:\/\/gifted-hub.com\/pt-pt\/individuos\/#breadcrumb","itemListElement":[{"@type":"ListItem","position":1,"name":"Home","item":"https:\/\/gifted-hub.com\/pt-pt\/inicio\/"},{"@type":"ListItem","position":2,"name":"Indiv\u00edduos"}]},{"@type":"WebSite","@id":"https:\/\/gifted-hub.com\/pt-pt\/#website","url":"https:\/\/gifted-hub.com\/pt-pt\/","name":"Gifted HUB","description":"A space for high abilities","publisher":{"@id":"https:\/\/gifted-hub.com\/pt-pt\/#organization"},"potentialAction":[{"@type":"SearchAction","target":{"@type":"EntryPoint","urlTemplate":"https:\/\/gifted-hub.com\/pt-pt\/?s={search_term_string}"},"query-input":{"@type":"PropertyValueSpecification","valueRequired":true,"valueName":"search_term_string"}}],"inLanguage":"pt-PT"},{"@type":"Organization","@id":"https:\/\/gifted-hub.com\/pt-pt\/#organization","name":"Gifted HUB","url":"https:\/\/gifted-hub.com\/pt-pt\/","logo":{"@type":"ImageObject","inLanguage":"pt-PT","@id":"https:\/\/gifted-hub.com\/pt-pt\/#\/schema\/logo\/image\/","url":"https:\/\/gifted-hub.com\/wp-content\/uploads\/2024\/07\/logo-1.svg","contentUrl":"https:\/\/gifted-hub.com\/wp-content\/uploads\/2024\/07\/logo-1.svg","caption":"Gifted HUB"},"image":{"@id":"https:\/\/gifted-hub.com\/pt-pt\/#\/schema\/logo\/image\/"}}]}},"_links":{"self":[{"href":"https:\/\/gifted-hub.com\/pt-pt\/wp-json\/wp\/v2\/pages\/16365","targetHints":{"allow":["GET"]}}],"collection":[{"href":"https:\/\/gifted-hub.com\/pt-pt\/wp-json\/wp\/v2\/pages"}],"about":[{"href":"https:\/\/gifted-hub.com\/pt-pt\/wp-json\/wp\/v2\/types\/page"}],"author":[{"embeddable":true,"href":"https:\/\/gifted-hub.com\/pt-pt\/wp-json\/wp\/v2\/users\/1"}],"replies":[{"embeddable":true,"href":"https:\/\/gifted-hub.com\/pt-pt\/wp-json\/wp\/v2\/comments?post=16365"}],"version-history":[{"count":3,"href":"https:\/\/gifted-hub.com\/pt-pt\/wp-json\/wp\/v2\/pages\/16365\/revisions"}],"predecessor-version":[{"id":16383,"href":"https:\/\/gifted-hub.com\/pt-pt\/wp-json\/wp\/v2\/pages\/16365\/revisions\/16383"}],"wp:featuredmedia":[{"embeddable":true,"href":"https:\/\/gifted-hub.com\/pt-pt\/wp-json\/wp\/v2\/media\/15116"}],"wp:attachment":[{"href":"https:\/\/gifted-hub.com\/pt-pt\/wp-json\/wp\/v2\/media?parent=16365"}],"wp:term":[{"taxonomy":"group-interest","embeddable":true,"href":"https:\/\/gifted-hub.com\/pt-pt\/wp-json\/wp\/v2\/group-interest?post=16365"}],"curies":[{"name":"wp","href":"https:\/\/api.w.org\/{rel}","templated":true}]}}