{"id":16360,"date":"2024-08-10T19:59:47","date_gmt":"2024-08-10T19:59:47","guid":{"rendered":"https:\/\/gifted-hub.com\/o-que-sao-altas-habilidades\/concecao-de-sobredotacao-de-tres-aneis\/"},"modified":"2024-10-28T09:05:56","modified_gmt":"2024-10-28T09:05:56","slug":"concecao-de-sobredotacao-de-tres-aneis","status":"publish","type":"page","link":"https:\/\/gifted-hub.com\/pt-pt\/o-que-sao-altas-habilidades\/concecao-de-sobredotacao-de-tres-aneis\/","title":{"rendered":"Conce\u00e7\u00e3o de Sobredota\u00e7\u00e3o de Tr\u00eas An\u00e9is"},"content":{"rendered":"\n<p><a href=\"https:\/\/gifted-hub.com\/autor\/joseph-s-renzulli\/\" data-type=\"autor\" data-id=\"14978\">Joseph Renzulli<\/a>&#8216;s Conce\u00e7\u00e3o de Sobredota\u00e7\u00e3o de Tr\u00eas An\u00e9is \u00e9 um modelo popular no campo da educa\u00e7\u00e3o, especialmente na identifica\u00e7\u00e3o e apoio a alunos sobredotados. O modelo baseia-se na ideia de que a sobredota\u00e7\u00e3o n\u00e3o se trata apenas de ter um QI elevado ou de se destacar academicamente, mas envolve a combina\u00e7\u00e3o de tr\u00eas componentes-chave: <\/p>\n\n<ol class=\"wp-block-list\">\n<li><strong>Habilidade Acima da M\u00e9dia<\/strong>: Isto refere-se a ter habilidades intelectuais que est\u00e3o acima da m\u00e9dia, mas n\u00e3o necessariamente extraordin\u00e1rias.\nIsto pode significar ser bom a resolver problemas, compreender ideias complexas ou ter um forte dom\u00ednio de um determinado assunto. <\/li>\n\n\n\n<li><strong>Compromisso com a Tarefa<\/strong>: Isto diz respeito \u00e0 motiva\u00e7\u00e3o e perseveran\u00e7a de uma pessoa na realiza\u00e7\u00e3o de uma tarefa.\nEnvolve determina\u00e7\u00e3o, trabalho \u00e1rduo e a capacidade de manter o foco e o compromisso em completar um projeto ou resolver um problema, mesmo quando surgem desafios. <\/li>\n\n\n\n<li><strong>Criatividade<\/strong>: Isto envolve a capacidade de pensar fora da caixa, de surgir com novas ideias e de abordar problemas de maneiras inovadoras.\nCriatividade, neste contexto, n\u00e3o se trata apenas de express\u00e3o art\u00edstica, mas tamb\u00e9m de encontrar solu\u00e7\u00f5es \u00fanicas e fazer conex\u00f5es entre diferentes ideias. <\/li>\n<\/ol>\n\n<p>De acordo com Renzulli, uma pessoa que demonstra altos n\u00edveis em todas estas tr\u00eas \u00e1reas\u2014habilidade acima da m\u00e9dia, compromisso com a tarefa e criatividade\u2014pode ser considerada sobredotada.\nEste modelo \u00e9 utilizado nas escolas para identificar alunos que podem beneficiar de programas especializados concebidos para desenvolver o seu potencial.\nAo contr\u00e1rio de alguns outros modelos de sobredota\u00e7\u00e3o, o de Renzulli n\u00e3o exige um QI extremamente elevado; em vez disso, foca-se numa combina\u00e7\u00e3o equilibrada de habilidades, motiva\u00e7\u00e3o e pensamento criativo.  <\/p>\n","protected":false},"excerpt":{"rendered":"<p>Joseph Renzulli&#8216;s Conce\u00e7\u00e3o de Sobredota\u00e7\u00e3o de Tr\u00eas An\u00e9is \u00e9 um modelo popular no campo da educa\u00e7\u00e3o, especialmente na identifica\u00e7\u00e3o e apoio a alunos sobredotados. O modelo baseia-se na ideia de que a sobredota\u00e7\u00e3o n\u00e3o se trata apenas de ter um QI elevado ou de se destacar academicamente, mas envolve a combina\u00e7\u00e3o de tr\u00eas componentes-chave: De [&hellip;]<\/p>\n","protected":false},"author":1,"featured_media":14976,"parent":16358,"menu_order":0,"comment_status":"closed","ping_status":"closed","template":"","meta":{"_acf_changed":false,"inline_featured_image":false,"footnotes":""},"group-interest":[],"class_list":["post-16360","page","type-page","status-publish","has-post-thumbnail","hentry"],"acf":[],"yoast_head":"<!-- This site is optimized with the Yoast SEO plugin v27.4 - https:\/\/yoast.com\/product\/yoast-seo-wordpress\/ -->\n<title>Conce\u00e7\u00e3o de Sobredota\u00e7\u00e3o de Tr\u00eas An\u00e9is - Gifted HUB<\/title>\n<meta name=\"robots\" content=\"index, follow, max-snippet:-1, max-image-preview:large, max-video-preview:-1\" \/>\n<link rel=\"canonical\" href=\"https:\/\/gifted-hub.com\/pt-pt\/o-que-sao-altas-habilidades\/concecao-de-sobredotacao-de-tres-aneis\/\" \/>\n<meta property=\"og:locale\" content=\"pt_PT\" \/>\n<meta property=\"og:type\" content=\"article\" \/>\n<meta property=\"og:title\" content=\"Conce\u00e7\u00e3o de Sobredota\u00e7\u00e3o de Tr\u00eas An\u00e9is - Gifted HUB\" \/>\n<meta property=\"og:description\" content=\"Joseph Renzulli&#8216;s Conce\u00e7\u00e3o de Sobredota\u00e7\u00e3o de Tr\u00eas An\u00e9is \u00e9 um modelo popular no campo da educa\u00e7\u00e3o, especialmente na identifica\u00e7\u00e3o e apoio a alunos sobredotados. O modelo baseia-se na ideia de que a sobredota\u00e7\u00e3o n\u00e3o se trata apenas de ter um QI elevado ou de se destacar academicamente, mas envolve a combina\u00e7\u00e3o de tr\u00eas componentes-chave: De [&hellip;]\" \/>\n<meta property=\"og:url\" content=\"https:\/\/gifted-hub.com\/pt-pt\/o-que-sao-altas-habilidades\/concecao-de-sobredotacao-de-tres-aneis\/\" \/>\n<meta property=\"og:site_name\" content=\"Gifted HUB\" \/>\n<meta property=\"article:modified_time\" content=\"2024-10-28T09:05:56+00:00\" \/>\n<meta property=\"og:image\" content=\"https:\/\/gifted-hub.com\/wp-content\/uploads\/2024\/08\/creativity-logic-brain.webp\" \/>\n\t<meta property=\"og:image:width\" content=\"1792\" \/>\n\t<meta property=\"og:image:height\" content=\"1024\" \/>\n\t<meta property=\"og:image:type\" content=\"image\/webp\" \/>\n<meta name=\"twitter:card\" content=\"summary_large_image\" \/>\n<meta name=\"twitter:label1\" content=\"Tempo estimado de leitura\" \/>\n\t<meta name=\"twitter:data1\" content=\"1 minuto\" \/>\n<script type=\"application\/ld+json\" class=\"yoast-schema-graph\">{\"@context\":\"https:\\\/\\\/schema.org\",\"@graph\":[{\"@type\":\"WebPage\",\"@id\":\"https:\\\/\\\/gifted-hub.com\\\/pt-pt\\\/o-que-sao-altas-habilidades\\\/concecao-de-sobredotacao-de-tres-aneis\\\/\",\"url\":\"https:\\\/\\\/gifted-hub.com\\\/pt-pt\\\/o-que-sao-altas-habilidades\\\/concecao-de-sobredotacao-de-tres-aneis\\\/\",\"name\":\"Conce\u00e7\u00e3o de Sobredota\u00e7\u00e3o de Tr\u00eas An\u00e9is - Gifted HUB\",\"isPartOf\":{\"@id\":\"https:\\\/\\\/gifted-hub.com\\\/pt-pt\\\/#website\"},\"primaryImageOfPage\":{\"@id\":\"https:\\\/\\\/gifted-hub.com\\\/pt-pt\\\/o-que-sao-altas-habilidades\\\/concecao-de-sobredotacao-de-tres-aneis\\\/#primaryimage\"},\"image\":{\"@id\":\"https:\\\/\\\/gifted-hub.com\\\/pt-pt\\\/o-que-sao-altas-habilidades\\\/concecao-de-sobredotacao-de-tres-aneis\\\/#primaryimage\"},\"thumbnailUrl\":\"https:\\\/\\\/gifted-hub.com\\\/wp-content\\\/uploads\\\/2024\\\/08\\\/creativity-logic-brain.webp\",\"datePublished\":\"2024-08-10T19:59:47+00:00\",\"dateModified\":\"2024-10-28T09:05:56+00:00\",\"breadcrumb\":{\"@id\":\"https:\\\/\\\/gifted-hub.com\\\/pt-pt\\\/o-que-sao-altas-habilidades\\\/concecao-de-sobredotacao-de-tres-aneis\\\/#breadcrumb\"},\"inLanguage\":\"pt-PT\",\"potentialAction\":[{\"@type\":\"ReadAction\",\"target\":[\"https:\\\/\\\/gifted-hub.com\\\/pt-pt\\\/o-que-sao-altas-habilidades\\\/concecao-de-sobredotacao-de-tres-aneis\\\/\"]}]},{\"@type\":\"ImageObject\",\"inLanguage\":\"pt-PT\",\"@id\":\"https:\\\/\\\/gifted-hub.com\\\/pt-pt\\\/o-que-sao-altas-habilidades\\\/concecao-de-sobredotacao-de-tres-aneis\\\/#primaryimage\",\"url\":\"https:\\\/\\\/gifted-hub.com\\\/wp-content\\\/uploads\\\/2024\\\/08\\\/creativity-logic-brain.webp\",\"contentUrl\":\"https:\\\/\\\/gifted-hub.com\\\/wp-content\\\/uploads\\\/2024\\\/08\\\/creativity-logic-brain.webp\",\"width\":1792,\"height\":1024},{\"@type\":\"BreadcrumbList\",\"@id\":\"https:\\\/\\\/gifted-hub.com\\\/pt-pt\\\/o-que-sao-altas-habilidades\\\/concecao-de-sobredotacao-de-tres-aneis\\\/#breadcrumb\",\"itemListElement\":[{\"@type\":\"ListItem\",\"position\":1,\"name\":\"Home\",\"item\":\"https:\\\/\\\/gifted-hub.com\\\/pt-pt\\\/inicio\\\/\"},{\"@type\":\"ListItem\",\"position\":2,\"name\":\"O que s\u00e3o Altas Habilidades?\",\"item\":\"https:\\\/\\\/gifted-hub.com\\\/pt-pt\\\/o-que-sao-altas-habilidades\\\/\"},{\"@type\":\"ListItem\",\"position\":3,\"name\":\"Conce\u00e7\u00e3o de Sobredota\u00e7\u00e3o de Tr\u00eas An\u00e9is\"}]},{\"@type\":\"WebSite\",\"@id\":\"https:\\\/\\\/gifted-hub.com\\\/pt-pt\\\/#website\",\"url\":\"https:\\\/\\\/gifted-hub.com\\\/pt-pt\\\/\",\"name\":\"Gifted HUB\",\"description\":\"A space for high abilities\",\"publisher\":{\"@id\":\"https:\\\/\\\/gifted-hub.com\\\/pt-pt\\\/#organization\"},\"potentialAction\":[{\"@type\":\"SearchAction\",\"target\":{\"@type\":\"EntryPoint\",\"urlTemplate\":\"https:\\\/\\\/gifted-hub.com\\\/pt-pt\\\/?s={search_term_string}\"},\"query-input\":{\"@type\":\"PropertyValueSpecification\",\"valueRequired\":true,\"valueName\":\"search_term_string\"}}],\"inLanguage\":\"pt-PT\"},{\"@type\":\"Organization\",\"@id\":\"https:\\\/\\\/gifted-hub.com\\\/pt-pt\\\/#organization\",\"name\":\"Gifted HUB\",\"url\":\"https:\\\/\\\/gifted-hub.com\\\/pt-pt\\\/\",\"logo\":{\"@type\":\"ImageObject\",\"inLanguage\":\"pt-PT\",\"@id\":\"https:\\\/\\\/gifted-hub.com\\\/pt-pt\\\/#\\\/schema\\\/logo\\\/image\\\/\",\"url\":\"https:\\\/\\\/gifted-hub.com\\\/wp-content\\\/uploads\\\/2024\\\/07\\\/logo-1.svg\",\"contentUrl\":\"https:\\\/\\\/gifted-hub.com\\\/wp-content\\\/uploads\\\/2024\\\/07\\\/logo-1.svg\",\"caption\":\"Gifted HUB\"},\"image\":{\"@id\":\"https:\\\/\\\/gifted-hub.com\\\/pt-pt\\\/#\\\/schema\\\/logo\\\/image\\\/\"}}]}<\/script>\n<!-- \/ Yoast SEO plugin. -->","yoast_head_json":{"title":"Conce\u00e7\u00e3o de Sobredota\u00e7\u00e3o de Tr\u00eas An\u00e9is - Gifted HUB","robots":{"index":"index","follow":"follow","max-snippet":"max-snippet:-1","max-image-preview":"max-image-preview:large","max-video-preview":"max-video-preview:-1"},"canonical":"https:\/\/gifted-hub.com\/pt-pt\/o-que-sao-altas-habilidades\/concecao-de-sobredotacao-de-tres-aneis\/","og_locale":"pt_PT","og_type":"article","og_title":"Conce\u00e7\u00e3o de Sobredota\u00e7\u00e3o de Tr\u00eas An\u00e9is - Gifted HUB","og_description":"Joseph Renzulli&#8216;s Conce\u00e7\u00e3o de Sobredota\u00e7\u00e3o de Tr\u00eas An\u00e9is \u00e9 um modelo popular no campo da educa\u00e7\u00e3o, especialmente na identifica\u00e7\u00e3o e apoio a alunos sobredotados. O modelo baseia-se na ideia de que a sobredota\u00e7\u00e3o n\u00e3o se trata apenas de ter um QI elevado ou de se destacar academicamente, mas envolve a combina\u00e7\u00e3o de tr\u00eas componentes-chave: De [&hellip;]","og_url":"https:\/\/gifted-hub.com\/pt-pt\/o-que-sao-altas-habilidades\/concecao-de-sobredotacao-de-tres-aneis\/","og_site_name":"Gifted HUB","article_modified_time":"2024-10-28T09:05:56+00:00","og_image":[{"width":1792,"height":1024,"url":"https:\/\/gifted-hub.com\/wp-content\/uploads\/2024\/08\/creativity-logic-brain.webp","type":"image\/webp"}],"twitter_card":"summary_large_image","twitter_misc":{"Tempo estimado de leitura":"1 minuto"},"schema":{"@context":"https:\/\/schema.org","@graph":[{"@type":"WebPage","@id":"https:\/\/gifted-hub.com\/pt-pt\/o-que-sao-altas-habilidades\/concecao-de-sobredotacao-de-tres-aneis\/","url":"https:\/\/gifted-hub.com\/pt-pt\/o-que-sao-altas-habilidades\/concecao-de-sobredotacao-de-tres-aneis\/","name":"Conce\u00e7\u00e3o de Sobredota\u00e7\u00e3o de Tr\u00eas An\u00e9is - Gifted HUB","isPartOf":{"@id":"https:\/\/gifted-hub.com\/pt-pt\/#website"},"primaryImageOfPage":{"@id":"https:\/\/gifted-hub.com\/pt-pt\/o-que-sao-altas-habilidades\/concecao-de-sobredotacao-de-tres-aneis\/#primaryimage"},"image":{"@id":"https:\/\/gifted-hub.com\/pt-pt\/o-que-sao-altas-habilidades\/concecao-de-sobredotacao-de-tres-aneis\/#primaryimage"},"thumbnailUrl":"https:\/\/gifted-hub.com\/wp-content\/uploads\/2024\/08\/creativity-logic-brain.webp","datePublished":"2024-08-10T19:59:47+00:00","dateModified":"2024-10-28T09:05:56+00:00","breadcrumb":{"@id":"https:\/\/gifted-hub.com\/pt-pt\/o-que-sao-altas-habilidades\/concecao-de-sobredotacao-de-tres-aneis\/#breadcrumb"},"inLanguage":"pt-PT","potentialAction":[{"@type":"ReadAction","target":["https:\/\/gifted-hub.com\/pt-pt\/o-que-sao-altas-habilidades\/concecao-de-sobredotacao-de-tres-aneis\/"]}]},{"@type":"ImageObject","inLanguage":"pt-PT","@id":"https:\/\/gifted-hub.com\/pt-pt\/o-que-sao-altas-habilidades\/concecao-de-sobredotacao-de-tres-aneis\/#primaryimage","url":"https:\/\/gifted-hub.com\/wp-content\/uploads\/2024\/08\/creativity-logic-brain.webp","contentUrl":"https:\/\/gifted-hub.com\/wp-content\/uploads\/2024\/08\/creativity-logic-brain.webp","width":1792,"height":1024},{"@type":"BreadcrumbList","@id":"https:\/\/gifted-hub.com\/pt-pt\/o-que-sao-altas-habilidades\/concecao-de-sobredotacao-de-tres-aneis\/#breadcrumb","itemListElement":[{"@type":"ListItem","position":1,"name":"Home","item":"https:\/\/gifted-hub.com\/pt-pt\/inicio\/"},{"@type":"ListItem","position":2,"name":"O que s\u00e3o Altas Habilidades?","item":"https:\/\/gifted-hub.com\/pt-pt\/o-que-sao-altas-habilidades\/"},{"@type":"ListItem","position":3,"name":"Conce\u00e7\u00e3o de Sobredota\u00e7\u00e3o de Tr\u00eas An\u00e9is"}]},{"@type":"WebSite","@id":"https:\/\/gifted-hub.com\/pt-pt\/#website","url":"https:\/\/gifted-hub.com\/pt-pt\/","name":"Gifted HUB","description":"A space for high abilities","publisher":{"@id":"https:\/\/gifted-hub.com\/pt-pt\/#organization"},"potentialAction":[{"@type":"SearchAction","target":{"@type":"EntryPoint","urlTemplate":"https:\/\/gifted-hub.com\/pt-pt\/?s={search_term_string}"},"query-input":{"@type":"PropertyValueSpecification","valueRequired":true,"valueName":"search_term_string"}}],"inLanguage":"pt-PT"},{"@type":"Organization","@id":"https:\/\/gifted-hub.com\/pt-pt\/#organization","name":"Gifted HUB","url":"https:\/\/gifted-hub.com\/pt-pt\/","logo":{"@type":"ImageObject","inLanguage":"pt-PT","@id":"https:\/\/gifted-hub.com\/pt-pt\/#\/schema\/logo\/image\/","url":"https:\/\/gifted-hub.com\/wp-content\/uploads\/2024\/07\/logo-1.svg","contentUrl":"https:\/\/gifted-hub.com\/wp-content\/uploads\/2024\/07\/logo-1.svg","caption":"Gifted HUB"},"image":{"@id":"https:\/\/gifted-hub.com\/pt-pt\/#\/schema\/logo\/image\/"}}]}},"_links":{"self":[{"href":"https:\/\/gifted-hub.com\/pt-pt\/wp-json\/wp\/v2\/pages\/16360","targetHints":{"allow":["GET"]}}],"collection":[{"href":"https:\/\/gifted-hub.com\/pt-pt\/wp-json\/wp\/v2\/pages"}],"about":[{"href":"https:\/\/gifted-hub.com\/pt-pt\/wp-json\/wp\/v2\/types\/page"}],"author":[{"embeddable":true,"href":"https:\/\/gifted-hub.com\/pt-pt\/wp-json\/wp\/v2\/users\/1"}],"replies":[{"embeddable":true,"href":"https:\/\/gifted-hub.com\/pt-pt\/wp-json\/wp\/v2\/comments?post=16360"}],"version-history":[{"count":1,"href":"https:\/\/gifted-hub.com\/pt-pt\/wp-json\/wp\/v2\/pages\/16360\/revisions"}],"predecessor-version":[{"id":16362,"href":"https:\/\/gifted-hub.com\/pt-pt\/wp-json\/wp\/v2\/pages\/16360\/revisions\/16362"}],"up":[{"embeddable":true,"href":"https:\/\/gifted-hub.com\/pt-pt\/wp-json\/wp\/v2\/pages\/16358"}],"wp:featuredmedia":[{"embeddable":true,"href":"https:\/\/gifted-hub.com\/pt-pt\/wp-json\/wp\/v2\/media\/14976"}],"wp:attachment":[{"href":"https:\/\/gifted-hub.com\/pt-pt\/wp-json\/wp\/v2\/media?parent=16360"}],"wp:term":[{"taxonomy":"group-interest","embeddable":true,"href":"https:\/\/gifted-hub.com\/pt-pt\/wp-json\/wp\/v2\/group-interest?post=16360"}],"curies":[{"name":"wp","href":"https:\/\/api.w.org\/{rel}","templated":true}]}}