{"id":16358,"date":"2024-07-25T21:50:19","date_gmt":"2024-07-25T21:50:19","guid":{"rendered":"https:\/\/gifted-hub.com\/o-que-sao-altas-habilidades\/"},"modified":"2024-10-28T09:05:56","modified_gmt":"2024-10-28T09:05:56","slug":"o-que-sao-altas-habilidades","status":"publish","type":"page","link":"https:\/\/gifted-hub.com\/pt-pt\/o-que-sao-altas-habilidades\/","title":{"rendered":"O que s\u00e3o Altas Habilidades?"},"content":{"rendered":"\n<p>Definir altas habilidades n\u00e3o \u00e9 uma tarefa f\u00e1cil, pois cada especialista pode oferecer uma defini\u00e7\u00e3o diferente, levando a uma poss\u00edvel confus\u00e3o. \u00c9 importante entender que altas habilidades s\u00e3o <strong><a href=\"https:\/\/gifted-hub.com\/what-are-high-abilities\/understanding-giftedness-as-a-social-construction\/\" data-type=\"page\" data-id=\"15070\">um constructo social<\/a><\/strong>, ou seja, um conceito criado para identificar um grupo espec\u00edfico de indiv\u00edduos, especialmente crian\u00e7as, que podem necessitar de aten\u00e7\u00e3o especial. <\/p>\n\n<p>\u00c9 igualmente importante esclarecer <strong>o que altas habilidades n\u00e3o s\u00e3o<\/strong>.\nEmbora o termo &#8220;inteligente&#8221; seja frequentemente utilizado, ele n\u00e3o se refere apenas a um QI elevado, que tamb\u00e9m \u00e9 um constructo social.\nAl\u00e9m disso, nem todas as crian\u00e7as com altas habilidades conseguem consistentemente boas notas ou aprendem de forma independente sem orienta\u00e7\u00e3o.  <\/p>\n\n<p>N\u00e3o existem caracter\u00edsticas \u00fanicas que identifiquem facilmente uma pessoa com altas habilidades.\nEste grupo \u00e9 altamente diversificado e pode incluir indiv\u00edduos que necessitam de desafios intelectuais, motiva\u00e7\u00e3o e orienta\u00e7\u00e3o tanto social quanto emocional. <\/p>\n\n<p>Em resumo, altas habilidades representam o <strong>potencial para desenvolver talentos espec\u00edficos<\/strong>.<\/p>\n","protected":false},"excerpt":{"rendered":"<p>Definir altas habilidades n\u00e3o \u00e9 uma tarefa f\u00e1cil, pois cada especialista pode oferecer uma defini\u00e7\u00e3o diferente, levando a uma poss\u00edvel confus\u00e3o. \u00c9 importante entender que altas habilidades s\u00e3o um constructo social, ou seja, um conceito criado para identificar um grupo espec\u00edfico de indiv\u00edduos, especialmente crian\u00e7as, que podem necessitar de aten\u00e7\u00e3o especial. \u00c9 igualmente importante esclarecer [&hellip;]<\/p>\n","protected":false},"author":1,"featured_media":2122,"parent":0,"menu_order":0,"comment_status":"closed","ping_status":"closed","template":"","meta":{"_acf_changed":false,"inline_featured_image":false,"footnotes":""},"group-interest":[209,208,210,211],"class_list":["post-16358","page","type-page","status-publish","has-post-thumbnail","hentry","group-interest-familia","group-interest-individuos","group-interest-professores","group-interest-profissionais"],"acf":[],"yoast_head":"<!-- This site is optimized with the Yoast SEO plugin v27.4 - https:\/\/yoast.com\/product\/yoast-seo-wordpress\/ -->\n<title>O que s\u00e3o Altas Habilidades? - Gifted HUB<\/title>\n<meta name=\"robots\" content=\"index, follow, max-snippet:-1, max-image-preview:large, max-video-preview:-1\" \/>\n<link rel=\"canonical\" href=\"https:\/\/gifted-hub.com\/pt-pt\/o-que-sao-altas-habilidades\/\" \/>\n<meta property=\"og:locale\" content=\"pt_PT\" \/>\n<meta property=\"og:type\" content=\"article\" \/>\n<meta property=\"og:title\" content=\"O que s\u00e3o Altas Habilidades? - Gifted HUB\" \/>\n<meta property=\"og:description\" content=\"Definir altas habilidades n\u00e3o \u00e9 uma tarefa f\u00e1cil, pois cada especialista pode oferecer uma defini\u00e7\u00e3o diferente, levando a uma poss\u00edvel confus\u00e3o. \u00c9 importante entender que altas habilidades s\u00e3o um constructo social, ou seja, um conceito criado para identificar um grupo espec\u00edfico de indiv\u00edduos, especialmente crian\u00e7as, que podem necessitar de aten\u00e7\u00e3o especial. \u00c9 igualmente importante esclarecer [&hellip;]\" \/>\n<meta property=\"og:url\" content=\"https:\/\/gifted-hub.com\/pt-pt\/o-que-sao-altas-habilidades\/\" \/>\n<meta property=\"og:site_name\" content=\"Gifted HUB\" \/>\n<meta property=\"article:modified_time\" content=\"2024-10-28T09:05:56+00:00\" \/>\n<meta property=\"og:image\" content=\"https:\/\/gifted-hub.com\/wp-content\/uploads\/2024\/07\/fzoitus1diq.jpg\" \/>\n\t<meta property=\"og:image:width\" content=\"1600\" \/>\n\t<meta property=\"og:image:height\" content=\"1067\" \/>\n\t<meta property=\"og:image:type\" content=\"image\/jpeg\" \/>\n<meta name=\"twitter:card\" content=\"summary_large_image\" \/>\n<meta name=\"twitter:label1\" content=\"Tempo estimado de leitura\" \/>\n\t<meta name=\"twitter:data1\" content=\"1 minuto\" \/>\n<script type=\"application\/ld+json\" class=\"yoast-schema-graph\">{\"@context\":\"https:\\\/\\\/schema.org\",\"@graph\":[{\"@type\":\"WebPage\",\"@id\":\"https:\\\/\\\/gifted-hub.com\\\/pt-pt\\\/o-que-sao-altas-habilidades\\\/\",\"url\":\"https:\\\/\\\/gifted-hub.com\\\/pt-pt\\\/o-que-sao-altas-habilidades\\\/\",\"name\":\"O que s\u00e3o Altas Habilidades? - Gifted HUB\",\"isPartOf\":{\"@id\":\"https:\\\/\\\/gifted-hub.com\\\/pt-pt\\\/#website\"},\"primaryImageOfPage\":{\"@id\":\"https:\\\/\\\/gifted-hub.com\\\/pt-pt\\\/o-que-sao-altas-habilidades\\\/#primaryimage\"},\"image\":{\"@id\":\"https:\\\/\\\/gifted-hub.com\\\/pt-pt\\\/o-que-sao-altas-habilidades\\\/#primaryimage\"},\"thumbnailUrl\":\"https:\\\/\\\/gifted-hub.com\\\/wp-content\\\/uploads\\\/2024\\\/07\\\/fzoitus1diq.jpg\",\"datePublished\":\"2024-07-25T21:50:19+00:00\",\"dateModified\":\"2024-10-28T09:05:56+00:00\",\"breadcrumb\":{\"@id\":\"https:\\\/\\\/gifted-hub.com\\\/pt-pt\\\/o-que-sao-altas-habilidades\\\/#breadcrumb\"},\"inLanguage\":\"pt-PT\",\"potentialAction\":[{\"@type\":\"ReadAction\",\"target\":[\"https:\\\/\\\/gifted-hub.com\\\/pt-pt\\\/o-que-sao-altas-habilidades\\\/\"]}]},{\"@type\":\"ImageObject\",\"inLanguage\":\"pt-PT\",\"@id\":\"https:\\\/\\\/gifted-hub.com\\\/pt-pt\\\/o-que-sao-altas-habilidades\\\/#primaryimage\",\"url\":\"https:\\\/\\\/gifted-hub.com\\\/wp-content\\\/uploads\\\/2024\\\/07\\\/fzoitus1diq.jpg\",\"contentUrl\":\"https:\\\/\\\/gifted-hub.com\\\/wp-content\\\/uploads\\\/2024\\\/07\\\/fzoitus1diq.jpg\",\"width\":1600,\"height\":1067},{\"@type\":\"BreadcrumbList\",\"@id\":\"https:\\\/\\\/gifted-hub.com\\\/pt-pt\\\/o-que-sao-altas-habilidades\\\/#breadcrumb\",\"itemListElement\":[{\"@type\":\"ListItem\",\"position\":1,\"name\":\"Home\",\"item\":\"https:\\\/\\\/gifted-hub.com\\\/pt-pt\\\/inicio\\\/\"},{\"@type\":\"ListItem\",\"position\":2,\"name\":\"O que s\u00e3o Altas Habilidades?\"}]},{\"@type\":\"WebSite\",\"@id\":\"https:\\\/\\\/gifted-hub.com\\\/pt-pt\\\/#website\",\"url\":\"https:\\\/\\\/gifted-hub.com\\\/pt-pt\\\/\",\"name\":\"Gifted HUB\",\"description\":\"A space for high abilities\",\"publisher\":{\"@id\":\"https:\\\/\\\/gifted-hub.com\\\/pt-pt\\\/#organization\"},\"potentialAction\":[{\"@type\":\"SearchAction\",\"target\":{\"@type\":\"EntryPoint\",\"urlTemplate\":\"https:\\\/\\\/gifted-hub.com\\\/pt-pt\\\/?s={search_term_string}\"},\"query-input\":{\"@type\":\"PropertyValueSpecification\",\"valueRequired\":true,\"valueName\":\"search_term_string\"}}],\"inLanguage\":\"pt-PT\"},{\"@type\":\"Organization\",\"@id\":\"https:\\\/\\\/gifted-hub.com\\\/pt-pt\\\/#organization\",\"name\":\"Gifted HUB\",\"url\":\"https:\\\/\\\/gifted-hub.com\\\/pt-pt\\\/\",\"logo\":{\"@type\":\"ImageObject\",\"inLanguage\":\"pt-PT\",\"@id\":\"https:\\\/\\\/gifted-hub.com\\\/pt-pt\\\/#\\\/schema\\\/logo\\\/image\\\/\",\"url\":\"https:\\\/\\\/gifted-hub.com\\\/wp-content\\\/uploads\\\/2024\\\/07\\\/logo-1.svg\",\"contentUrl\":\"https:\\\/\\\/gifted-hub.com\\\/wp-content\\\/uploads\\\/2024\\\/07\\\/logo-1.svg\",\"caption\":\"Gifted HUB\"},\"image\":{\"@id\":\"https:\\\/\\\/gifted-hub.com\\\/pt-pt\\\/#\\\/schema\\\/logo\\\/image\\\/\"}}]}<\/script>\n<!-- \/ Yoast SEO plugin. -->","yoast_head_json":{"title":"O que s\u00e3o Altas Habilidades? - Gifted HUB","robots":{"index":"index","follow":"follow","max-snippet":"max-snippet:-1","max-image-preview":"max-image-preview:large","max-video-preview":"max-video-preview:-1"},"canonical":"https:\/\/gifted-hub.com\/pt-pt\/o-que-sao-altas-habilidades\/","og_locale":"pt_PT","og_type":"article","og_title":"O que s\u00e3o Altas Habilidades? - Gifted HUB","og_description":"Definir altas habilidades n\u00e3o \u00e9 uma tarefa f\u00e1cil, pois cada especialista pode oferecer uma defini\u00e7\u00e3o diferente, levando a uma poss\u00edvel confus\u00e3o. \u00c9 importante entender que altas habilidades s\u00e3o um constructo social, ou seja, um conceito criado para identificar um grupo espec\u00edfico de indiv\u00edduos, especialmente crian\u00e7as, que podem necessitar de aten\u00e7\u00e3o especial. \u00c9 igualmente importante esclarecer [&hellip;]","og_url":"https:\/\/gifted-hub.com\/pt-pt\/o-que-sao-altas-habilidades\/","og_site_name":"Gifted HUB","article_modified_time":"2024-10-28T09:05:56+00:00","og_image":[{"width":1600,"height":1067,"url":"https:\/\/gifted-hub.com\/wp-content\/uploads\/2024\/07\/fzoitus1diq.jpg","type":"image\/jpeg"}],"twitter_card":"summary_large_image","twitter_misc":{"Tempo estimado de leitura":"1 minuto"},"schema":{"@context":"https:\/\/schema.org","@graph":[{"@type":"WebPage","@id":"https:\/\/gifted-hub.com\/pt-pt\/o-que-sao-altas-habilidades\/","url":"https:\/\/gifted-hub.com\/pt-pt\/o-que-sao-altas-habilidades\/","name":"O que s\u00e3o Altas Habilidades? - Gifted HUB","isPartOf":{"@id":"https:\/\/gifted-hub.com\/pt-pt\/#website"},"primaryImageOfPage":{"@id":"https:\/\/gifted-hub.com\/pt-pt\/o-que-sao-altas-habilidades\/#primaryimage"},"image":{"@id":"https:\/\/gifted-hub.com\/pt-pt\/o-que-sao-altas-habilidades\/#primaryimage"},"thumbnailUrl":"https:\/\/gifted-hub.com\/wp-content\/uploads\/2024\/07\/fzoitus1diq.jpg","datePublished":"2024-07-25T21:50:19+00:00","dateModified":"2024-10-28T09:05:56+00:00","breadcrumb":{"@id":"https:\/\/gifted-hub.com\/pt-pt\/o-que-sao-altas-habilidades\/#breadcrumb"},"inLanguage":"pt-PT","potentialAction":[{"@type":"ReadAction","target":["https:\/\/gifted-hub.com\/pt-pt\/o-que-sao-altas-habilidades\/"]}]},{"@type":"ImageObject","inLanguage":"pt-PT","@id":"https:\/\/gifted-hub.com\/pt-pt\/o-que-sao-altas-habilidades\/#primaryimage","url":"https:\/\/gifted-hub.com\/wp-content\/uploads\/2024\/07\/fzoitus1diq.jpg","contentUrl":"https:\/\/gifted-hub.com\/wp-content\/uploads\/2024\/07\/fzoitus1diq.jpg","width":1600,"height":1067},{"@type":"BreadcrumbList","@id":"https:\/\/gifted-hub.com\/pt-pt\/o-que-sao-altas-habilidades\/#breadcrumb","itemListElement":[{"@type":"ListItem","position":1,"name":"Home","item":"https:\/\/gifted-hub.com\/pt-pt\/inicio\/"},{"@type":"ListItem","position":2,"name":"O que s\u00e3o Altas Habilidades?"}]},{"@type":"WebSite","@id":"https:\/\/gifted-hub.com\/pt-pt\/#website","url":"https:\/\/gifted-hub.com\/pt-pt\/","name":"Gifted HUB","description":"A space for high abilities","publisher":{"@id":"https:\/\/gifted-hub.com\/pt-pt\/#organization"},"potentialAction":[{"@type":"SearchAction","target":{"@type":"EntryPoint","urlTemplate":"https:\/\/gifted-hub.com\/pt-pt\/?s={search_term_string}"},"query-input":{"@type":"PropertyValueSpecification","valueRequired":true,"valueName":"search_term_string"}}],"inLanguage":"pt-PT"},{"@type":"Organization","@id":"https:\/\/gifted-hub.com\/pt-pt\/#organization","name":"Gifted HUB","url":"https:\/\/gifted-hub.com\/pt-pt\/","logo":{"@type":"ImageObject","inLanguage":"pt-PT","@id":"https:\/\/gifted-hub.com\/pt-pt\/#\/schema\/logo\/image\/","url":"https:\/\/gifted-hub.com\/wp-content\/uploads\/2024\/07\/logo-1.svg","contentUrl":"https:\/\/gifted-hub.com\/wp-content\/uploads\/2024\/07\/logo-1.svg","caption":"Gifted HUB"},"image":{"@id":"https:\/\/gifted-hub.com\/pt-pt\/#\/schema\/logo\/image\/"}}]}},"_links":{"self":[{"href":"https:\/\/gifted-hub.com\/pt-pt\/wp-json\/wp\/v2\/pages\/16358","targetHints":{"allow":["GET"]}}],"collection":[{"href":"https:\/\/gifted-hub.com\/pt-pt\/wp-json\/wp\/v2\/pages"}],"about":[{"href":"https:\/\/gifted-hub.com\/pt-pt\/wp-json\/wp\/v2\/types\/page"}],"author":[{"embeddable":true,"href":"https:\/\/gifted-hub.com\/pt-pt\/wp-json\/wp\/v2\/users\/1"}],"replies":[{"embeddable":true,"href":"https:\/\/gifted-hub.com\/pt-pt\/wp-json\/wp\/v2\/comments?post=16358"}],"version-history":[{"count":1,"href":"https:\/\/gifted-hub.com\/pt-pt\/wp-json\/wp\/v2\/pages\/16358\/revisions"}],"predecessor-version":[{"id":16363,"href":"https:\/\/gifted-hub.com\/pt-pt\/wp-json\/wp\/v2\/pages\/16358\/revisions\/16363"}],"wp:featuredmedia":[{"embeddable":true,"href":"https:\/\/gifted-hub.com\/pt-pt\/wp-json\/wp\/v2\/media\/2122"}],"wp:attachment":[{"href":"https:\/\/gifted-hub.com\/pt-pt\/wp-json\/wp\/v2\/media?parent=16358"}],"wp:term":[{"taxonomy":"group-interest","embeddable":true,"href":"https:\/\/gifted-hub.com\/pt-pt\/wp-json\/wp\/v2\/group-interest?post=16358"}],"curies":[{"name":"wp","href":"https:\/\/api.w.org\/{rel}","templated":true}]}}