{"id":19651,"date":"2025-05-27T16:56:15","date_gmt":"2025-05-27T16:56:15","guid":{"rendered":"https:\/\/gifted-hub.com\/insegnanti\/navigare-una-doppia-identita-dotato-e-con-difficolta-di-apprendimento\/"},"modified":"2025-05-27T17:00:29","modified_gmt":"2025-05-27T17:00:29","slug":"navigare-una-doppia-identita-dotato-e-con-difficolta-di-apprendimento","status":"publish","type":"page","link":"https:\/\/gifted-hub.com\/it\/insegnanti\/navigare-una-doppia-identita-dotato-e-con-difficolta-di-apprendimento\/","title":{"rendered":"Navigare una doppia identit\u00e0: dotato e con difficolt\u00e0 di apprendimento"},"content":{"rendered":"\n<p>Molti pensano che intelligenza e disabilit\u00e0 siano opposti. ma per alcuni, entrambe le caratteristiche esistono allo stesso tempo. vivere con questa combinazione pu\u00f2 essere confuso, non solo per la persona stessa ma anche per chi gli sta intorno. questi individui possono sembrare brillanti in alcune aree, eppure fanno una fatica bestia in altre. questa contraddizione spesso porta a malintesi, diagnosi sbagliate o peggio\u2014essere completamente ignorati.    <\/p>\n\n<p>Le persone che vivono con questa doppia identit\u00e0 spesso mostrano un divario enorme tra il loro potenziale e le loro prestazioni. potrebbero avere delle capacit\u00e0 verbali eccellenti ma scarse capacit\u00e0 di scrittura, o essere in grado di risolvere problemi complessi mentalmente ma faticare con l&#8217;aritmetica di base o la gestione del tempo. potrebbero parlare come adulti ma aver bisogno di supporto per organizzare i compiti o seguire le routine quotidiane. a volte, possono concentrarsi intensamente su un argomento che amano, eppure trovano quasi impossibile completare un compito che trovano noioso o ripetitivo.   <\/p>\n\n<p>Questo profilo irregolare pu\u00f2 farli sembrare incoerenti. i <a href=\"https:\/\/gifted-hub.com\/it\/insegnanti\/\">prof<\/a> potrebbero lodare il loro pensiero creativo un giorno ed esprimere preoccupazione per la loro disattenzione il giorno dopo. i genitori potrebbero non capire come qualcuno cos\u00ec perspicace possa anche sembrare cos\u00ec smemorato o sopraffatto. queste contraddizioni possono confondere i sistemi di supporto e far sentire la persona come se nessuno la vedesse veramente per ci\u00f2 che \u00e8.  <\/p>\n\n<p>Emotivamente, possono essere molto sensibili\u2014sia ai propri sentimenti che a quelli degli altri. molti sperimentano frustrazione, ansia o persino depressione, soprattutto se le loro esigenze non vengono affrontate adeguatamente. il desiderio di avere successo pu\u00f2 scontrarsi con la paura di essere \u201cscoperti,\u201d specialmente se hanno imparato a nascondere le loro difficolt\u00e0. alcuni sviluppano il perfezionismo, cercando sempre di essere all&#8217;altezza del loro potenziale temendo segretamente di non essere abbastanza. altri potrebbero sottoperformare di proposito, solo per evitare pressioni o attenzioni.    <\/p>\n\n<p>Spesso hanno un forte senso di giustizia, una profonda curiosit\u00e0 e un&#8217;immaginazione vivida. ma allo stesso tempo, possono sentirsi fuori posto\u2014troppo diversi per adattarsi ai compagni di classe e troppo \u201ccomplicati\u201d per il supporto educativo standard. questo pu\u00f2 portare all&#8217;isolamento o a comportamenti provocatori, non per mancanza di capacit\u00e0 o volont\u00e0, ma per la sensazione di non appartenere a nessun posto.  <\/p>\n\n<p>Per supportare veramente questi <a href=\"https:\/\/gifted-hub.com\/it\/individui\/\">individui<\/a>, dobbiamo smettere di pensare in termini di o\/o. non si tratta di correggere un difetto o lucidare un dono. si tratta di capire e abbracciare la persona intera\u2014con le sue contraddizioni\u2014e aiutarla a costruire una vita in cui sia i talenti che le sfide siano rispettati. invece di costringerli a scegliere un&#8217;identit\u00e0, possiamo creare ambienti che permettano loro di prosperare cos\u00ec come sono.   <\/p>\n\n<p>Vivere tra le categorie pu\u00f2 essere solitario. ma riconoscere e dare un nome a questa esperienza \u00e8 il primo passo verso l&#8217;appartenenza. quando smettiamo di chiedere \u201ccos&#8217;hai che non va?\u201d e iniziamo a chiedere \u201cdi cosa hai bisogno per crescere?\u201d, iniziamo a vedere la persona nella sua interezza. e questo, pi\u00f9 di qualsiasi etichetta, \u00e8 ci\u00f2 che rende l&#8217;inclusione reale.   <\/p>\n","protected":false},"excerpt":{"rendered":"<p>Molti pensano che intelligenza e disabilit\u00e0 siano opposti. ma per alcuni, entrambe le caratteristiche esistono allo stesso tempo. vivere con questa combinazione pu\u00f2 essere confuso, non solo per la persona stessa ma anche per chi gli sta intorno. questi individui possono sembrare brillanti in alcune aree, eppure fanno una fatica bestia in altre. questa contraddizione [&hellip;]<\/p>\n","protected":false},"author":1,"featured_media":19641,"parent":15899,"menu_order":0,"comment_status":"closed","ping_status":"closed","template":"","meta":{"_acf_changed":false,"inline_featured_image":false,"footnotes":""},"group-interest":[],"class_list":["post-19651","page","type-page","status-publish","has-post-thumbnail","hentry"],"acf":[],"yoast_head":"<!-- This site is optimized with the Yoast SEO plugin v27.4 - https:\/\/yoast.com\/product\/yoast-seo-wordpress\/ -->\n<title>Navigare una doppia identit\u00e0: dotato e con difficolt\u00e0 di apprendimento - Gifted HUB<\/title>\n<meta name=\"robots\" content=\"index, follow, max-snippet:-1, max-image-preview:large, max-video-preview:-1\" \/>\n<link rel=\"canonical\" href=\"https:\/\/gifted-hub.com\/it\/insegnanti\/navigare-una-doppia-identita-dotato-e-con-difficolta-di-apprendimento\/\" \/>\n<meta property=\"og:locale\" content=\"it_IT\" \/>\n<meta property=\"og:type\" content=\"article\" \/>\n<meta property=\"og:title\" content=\"Navigare una doppia identit\u00e0: dotato e con difficolt\u00e0 di apprendimento - Gifted HUB\" \/>\n<meta property=\"og:description\" content=\"Molti pensano che intelligenza e disabilit\u00e0 siano opposti. ma per alcuni, entrambe le caratteristiche esistono allo stesso tempo. vivere con questa combinazione pu\u00f2 essere confuso, non solo per la persona stessa ma anche per chi gli sta intorno. questi individui possono sembrare brillanti in alcune aree, eppure fanno una fatica bestia in altre. questa contraddizione [&hellip;]\" \/>\n<meta property=\"og:url\" content=\"https:\/\/gifted-hub.com\/it\/insegnanti\/navigare-una-doppia-identita-dotato-e-con-difficolta-di-apprendimento\/\" \/>\n<meta property=\"og:site_name\" content=\"Gifted HUB\" \/>\n<meta property=\"article:modified_time\" content=\"2025-05-27T17:00:29+00:00\" \/>\n<meta property=\"og:image\" content=\"https:\/\/gifted-hub.com\/wp-content\/uploads\/2025\/05\/53ouhy5koky-e1748364843274.jpg\" \/>\n\t<meta property=\"og:image:width\" content=\"1200\" \/>\n\t<meta property=\"og:image:height\" content=\"1200\" \/>\n\t<meta property=\"og:image:type\" content=\"image\/jpeg\" \/>\n<meta name=\"twitter:card\" content=\"summary_large_image\" \/>\n<meta name=\"twitter:label1\" content=\"Tempo di lettura stimato\" \/>\n\t<meta name=\"twitter:data1\" content=\"2 minuti\" \/>\n<script type=\"application\/ld+json\" class=\"yoast-schema-graph\">{\"@context\":\"https:\\\/\\\/schema.org\",\"@graph\":[{\"@type\":\"WebPage\",\"@id\":\"https:\\\/\\\/gifted-hub.com\\\/it\\\/insegnanti\\\/navigare-una-doppia-identita-dotato-e-con-difficolta-di-apprendimento\\\/\",\"url\":\"https:\\\/\\\/gifted-hub.com\\\/it\\\/insegnanti\\\/navigare-una-doppia-identita-dotato-e-con-difficolta-di-apprendimento\\\/\",\"name\":\"Navigare una doppia identit\u00e0: dotato e con difficolt\u00e0 di apprendimento - Gifted HUB\",\"isPartOf\":{\"@id\":\"https:\\\/\\\/gifted-hub.com\\\/it\\\/#website\"},\"primaryImageOfPage\":{\"@id\":\"https:\\\/\\\/gifted-hub.com\\\/it\\\/insegnanti\\\/navigare-una-doppia-identita-dotato-e-con-difficolta-di-apprendimento\\\/#primaryimage\"},\"image\":{\"@id\":\"https:\\\/\\\/gifted-hub.com\\\/it\\\/insegnanti\\\/navigare-una-doppia-identita-dotato-e-con-difficolta-di-apprendimento\\\/#primaryimage\"},\"thumbnailUrl\":\"https:\\\/\\\/gifted-hub.com\\\/wp-content\\\/uploads\\\/2025\\\/05\\\/53ouhy5koky-e1748364843274.jpg\",\"datePublished\":\"2025-05-27T16:56:15+00:00\",\"dateModified\":\"2025-05-27T17:00:29+00:00\",\"breadcrumb\":{\"@id\":\"https:\\\/\\\/gifted-hub.com\\\/it\\\/insegnanti\\\/navigare-una-doppia-identita-dotato-e-con-difficolta-di-apprendimento\\\/#breadcrumb\"},\"inLanguage\":\"it-IT\",\"potentialAction\":[{\"@type\":\"ReadAction\",\"target\":[\"https:\\\/\\\/gifted-hub.com\\\/it\\\/insegnanti\\\/navigare-una-doppia-identita-dotato-e-con-difficolta-di-apprendimento\\\/\"]}]},{\"@type\":\"ImageObject\",\"inLanguage\":\"it-IT\",\"@id\":\"https:\\\/\\\/gifted-hub.com\\\/it\\\/insegnanti\\\/navigare-una-doppia-identita-dotato-e-con-difficolta-di-apprendimento\\\/#primaryimage\",\"url\":\"https:\\\/\\\/gifted-hub.com\\\/wp-content\\\/uploads\\\/2025\\\/05\\\/53ouhy5koky-e1748364843274.jpg\",\"contentUrl\":\"https:\\\/\\\/gifted-hub.com\\\/wp-content\\\/uploads\\\/2025\\\/05\\\/53ouhy5koky-e1748364843274.jpg\",\"width\":1200,\"height\":1200},{\"@type\":\"BreadcrumbList\",\"@id\":\"https:\\\/\\\/gifted-hub.com\\\/it\\\/insegnanti\\\/navigare-una-doppia-identita-dotato-e-con-difficolta-di-apprendimento\\\/#breadcrumb\",\"itemListElement\":[{\"@type\":\"ListItem\",\"position\":1,\"name\":\"Home\",\"item\":\"https:\\\/\\\/gifted-hub.com\\\/it\\\/home\\\/\"},{\"@type\":\"ListItem\",\"position\":2,\"name\":\"Insegnanti\",\"item\":\"https:\\\/\\\/gifted-hub.com\\\/it\\\/insegnanti\\\/\"},{\"@type\":\"ListItem\",\"position\":3,\"name\":\"Navigare una doppia identit\u00e0: dotato e con difficolt\u00e0 di apprendimento\"}]},{\"@type\":\"WebSite\",\"@id\":\"https:\\\/\\\/gifted-hub.com\\\/it\\\/#website\",\"url\":\"https:\\\/\\\/gifted-hub.com\\\/it\\\/\",\"name\":\"Gifted HUB\",\"description\":\"Uno spazio per alte abilit\u00e0\",\"publisher\":{\"@id\":\"https:\\\/\\\/gifted-hub.com\\\/it\\\/#organization\"},\"potentialAction\":[{\"@type\":\"SearchAction\",\"target\":{\"@type\":\"EntryPoint\",\"urlTemplate\":\"https:\\\/\\\/gifted-hub.com\\\/it\\\/?s={search_term_string}\"},\"query-input\":{\"@type\":\"PropertyValueSpecification\",\"valueRequired\":true,\"valueName\":\"search_term_string\"}}],\"inLanguage\":\"it-IT\"},{\"@type\":\"Organization\",\"@id\":\"https:\\\/\\\/gifted-hub.com\\\/it\\\/#organization\",\"name\":\"Gifted HUB\",\"url\":\"https:\\\/\\\/gifted-hub.com\\\/it\\\/\",\"logo\":{\"@type\":\"ImageObject\",\"inLanguage\":\"it-IT\",\"@id\":\"https:\\\/\\\/gifted-hub.com\\\/it\\\/#\\\/schema\\\/logo\\\/image\\\/\",\"url\":\"https:\\\/\\\/gifted-hub.com\\\/wp-content\\\/uploads\\\/2024\\\/07\\\/logo-1.svg\",\"contentUrl\":\"https:\\\/\\\/gifted-hub.com\\\/wp-content\\\/uploads\\\/2024\\\/07\\\/logo-1.svg\",\"caption\":\"Gifted HUB\"},\"image\":{\"@id\":\"https:\\\/\\\/gifted-hub.com\\\/it\\\/#\\\/schema\\\/logo\\\/image\\\/\"}}]}<\/script>\n<!-- \/ Yoast SEO plugin. -->","yoast_head_json":{"title":"Navigare una doppia identit\u00e0: dotato e con difficolt\u00e0 di apprendimento - Gifted HUB","robots":{"index":"index","follow":"follow","max-snippet":"max-snippet:-1","max-image-preview":"max-image-preview:large","max-video-preview":"max-video-preview:-1"},"canonical":"https:\/\/gifted-hub.com\/it\/insegnanti\/navigare-una-doppia-identita-dotato-e-con-difficolta-di-apprendimento\/","og_locale":"it_IT","og_type":"article","og_title":"Navigare una doppia identit\u00e0: dotato e con difficolt\u00e0 di apprendimento - Gifted HUB","og_description":"Molti pensano che intelligenza e disabilit\u00e0 siano opposti. ma per alcuni, entrambe le caratteristiche esistono allo stesso tempo. vivere con questa combinazione pu\u00f2 essere confuso, non solo per la persona stessa ma anche per chi gli sta intorno. questi individui possono sembrare brillanti in alcune aree, eppure fanno una fatica bestia in altre. questa contraddizione [&hellip;]","og_url":"https:\/\/gifted-hub.com\/it\/insegnanti\/navigare-una-doppia-identita-dotato-e-con-difficolta-di-apprendimento\/","og_site_name":"Gifted HUB","article_modified_time":"2025-05-27T17:00:29+00:00","og_image":[{"width":1200,"height":1200,"url":"https:\/\/gifted-hub.com\/wp-content\/uploads\/2025\/05\/53ouhy5koky-e1748364843274.jpg","type":"image\/jpeg"}],"twitter_card":"summary_large_image","twitter_misc":{"Tempo di lettura stimato":"2 minuti"},"schema":{"@context":"https:\/\/schema.org","@graph":[{"@type":"WebPage","@id":"https:\/\/gifted-hub.com\/it\/insegnanti\/navigare-una-doppia-identita-dotato-e-con-difficolta-di-apprendimento\/","url":"https:\/\/gifted-hub.com\/it\/insegnanti\/navigare-una-doppia-identita-dotato-e-con-difficolta-di-apprendimento\/","name":"Navigare una doppia identit\u00e0: dotato e con difficolt\u00e0 di apprendimento - Gifted HUB","isPartOf":{"@id":"https:\/\/gifted-hub.com\/it\/#website"},"primaryImageOfPage":{"@id":"https:\/\/gifted-hub.com\/it\/insegnanti\/navigare-una-doppia-identita-dotato-e-con-difficolta-di-apprendimento\/#primaryimage"},"image":{"@id":"https:\/\/gifted-hub.com\/it\/insegnanti\/navigare-una-doppia-identita-dotato-e-con-difficolta-di-apprendimento\/#primaryimage"},"thumbnailUrl":"https:\/\/gifted-hub.com\/wp-content\/uploads\/2025\/05\/53ouhy5koky-e1748364843274.jpg","datePublished":"2025-05-27T16:56:15+00:00","dateModified":"2025-05-27T17:00:29+00:00","breadcrumb":{"@id":"https:\/\/gifted-hub.com\/it\/insegnanti\/navigare-una-doppia-identita-dotato-e-con-difficolta-di-apprendimento\/#breadcrumb"},"inLanguage":"it-IT","potentialAction":[{"@type":"ReadAction","target":["https:\/\/gifted-hub.com\/it\/insegnanti\/navigare-una-doppia-identita-dotato-e-con-difficolta-di-apprendimento\/"]}]},{"@type":"ImageObject","inLanguage":"it-IT","@id":"https:\/\/gifted-hub.com\/it\/insegnanti\/navigare-una-doppia-identita-dotato-e-con-difficolta-di-apprendimento\/#primaryimage","url":"https:\/\/gifted-hub.com\/wp-content\/uploads\/2025\/05\/53ouhy5koky-e1748364843274.jpg","contentUrl":"https:\/\/gifted-hub.com\/wp-content\/uploads\/2025\/05\/53ouhy5koky-e1748364843274.jpg","width":1200,"height":1200},{"@type":"BreadcrumbList","@id":"https:\/\/gifted-hub.com\/it\/insegnanti\/navigare-una-doppia-identita-dotato-e-con-difficolta-di-apprendimento\/#breadcrumb","itemListElement":[{"@type":"ListItem","position":1,"name":"Home","item":"https:\/\/gifted-hub.com\/it\/home\/"},{"@type":"ListItem","position":2,"name":"Insegnanti","item":"https:\/\/gifted-hub.com\/it\/insegnanti\/"},{"@type":"ListItem","position":3,"name":"Navigare una doppia identit\u00e0: dotato e con difficolt\u00e0 di apprendimento"}]},{"@type":"WebSite","@id":"https:\/\/gifted-hub.com\/it\/#website","url":"https:\/\/gifted-hub.com\/it\/","name":"Gifted HUB","description":"Uno spazio per alte abilit\u00e0","publisher":{"@id":"https:\/\/gifted-hub.com\/it\/#organization"},"potentialAction":[{"@type":"SearchAction","target":{"@type":"EntryPoint","urlTemplate":"https:\/\/gifted-hub.com\/it\/?s={search_term_string}"},"query-input":{"@type":"PropertyValueSpecification","valueRequired":true,"valueName":"search_term_string"}}],"inLanguage":"it-IT"},{"@type":"Organization","@id":"https:\/\/gifted-hub.com\/it\/#organization","name":"Gifted HUB","url":"https:\/\/gifted-hub.com\/it\/","logo":{"@type":"ImageObject","inLanguage":"it-IT","@id":"https:\/\/gifted-hub.com\/it\/#\/schema\/logo\/image\/","url":"https:\/\/gifted-hub.com\/wp-content\/uploads\/2024\/07\/logo-1.svg","contentUrl":"https:\/\/gifted-hub.com\/wp-content\/uploads\/2024\/07\/logo-1.svg","caption":"Gifted HUB"},"image":{"@id":"https:\/\/gifted-hub.com\/it\/#\/schema\/logo\/image\/"}}]}},"_links":{"self":[{"href":"https:\/\/gifted-hub.com\/it\/wp-json\/wp\/v2\/pages\/19651","targetHints":{"allow":["GET"]}}],"collection":[{"href":"https:\/\/gifted-hub.com\/it\/wp-json\/wp\/v2\/pages"}],"about":[{"href":"https:\/\/gifted-hub.com\/it\/wp-json\/wp\/v2\/types\/page"}],"author":[{"embeddable":true,"href":"https:\/\/gifted-hub.com\/it\/wp-json\/wp\/v2\/users\/1"}],"replies":[{"embeddable":true,"href":"https:\/\/gifted-hub.com\/it\/wp-json\/wp\/v2\/comments?post=19651"}],"version-history":[{"count":1,"href":"https:\/\/gifted-hub.com\/it\/wp-json\/wp\/v2\/pages\/19651\/revisions"}],"predecessor-version":[{"id":19653,"href":"https:\/\/gifted-hub.com\/it\/wp-json\/wp\/v2\/pages\/19651\/revisions\/19653"}],"up":[{"embeddable":true,"href":"https:\/\/gifted-hub.com\/it\/wp-json\/wp\/v2\/pages\/15899"}],"wp:featuredmedia":[{"embeddable":true,"href":"https:\/\/gifted-hub.com\/it\/wp-json\/wp\/v2\/media\/19641"}],"wp:attachment":[{"href":"https:\/\/gifted-hub.com\/it\/wp-json\/wp\/v2\/media?parent=19651"}],"wp:term":[{"taxonomy":"group-interest","embeddable":true,"href":"https:\/\/gifted-hub.com\/it\/wp-json\/wp\/v2\/group-interest?post=19651"}],"curies":[{"name":"wp","href":"https:\/\/api.w.org\/{rel}","templated":true}]}}