{"id":19471,"date":"2025-05-06T20:07:39","date_gmt":"2025-05-06T20:07:39","guid":{"rendered":"https:\/\/gifted-hub.com\/insegnanti\/come-identificare-il-talento-oltre-i-test-standardizzati\/"},"modified":"2025-05-06T20:13:33","modified_gmt":"2025-05-06T20:13:33","slug":"come-identificare-il-talento-oltre-i-test-standardizzati","status":"publish","type":"page","link":"https:\/\/gifted-hub.com\/it\/insegnanti\/come-identificare-il-talento-oltre-i-test-standardizzati\/","title":{"rendered":"Come identificare il talento oltre i test standardizzati"},"content":{"rendered":"\n<p>I test standardizzati sono stati usati a lungo per identificare gli studenti dotati, ma affidarsi solo ai punteggi dei test spesso non d\u00e0 il quadro completo. Il talento \u00e8 complesso, vario e influenzato dal contesto, dalle opportunit\u00e0 e dallo sviluppo personale. Molti studenti con alto potenziale potrebbero ottenere risultati scarsi nelle valutazioni tradizionali a causa dell&#8217;ansia, dei pregiudizi culturali o perch\u00e9 i loro punti di forza non rientrano in ci\u00f2 che questi test misurano.  <\/p>\n\n<p>Il talento pu\u00f2 manifestarsi in molti modi, non tutti accademici. Alcuni studenti mostrano un talento <a href=\"https:\/\/gifted-hub.com\/it\/professionisti\/creativita-e-decision-making-negli-studenti-dotati\/\">creativo<\/a> o produttivo, caratterizzato da originalit\u00e0, curiosit\u00e0, leadership, talento artistico o il desiderio di esplorare problemi del mondo reale. Queste qualit\u00e0 spesso emergono attraverso il comportamento, gli interessi e le prestazioni autentiche, piuttosto che attraverso un numero su un test.  <\/p>\n\n<p>La ricerca educativa moderna sottolinea che intelligenza e creativit\u00e0 non sono la stessa cosa, e il loro rapporto si indebolisce a livelli pi\u00f9 alti di abilit\u00e0. Di fatto, la creativit\u00e0 diventa sempre pi\u00f9 indipendente dal QI oltre una certa soglia. Caratteristiche come la flessibilit\u00e0, la fluidit\u00e0 delle idee, l&#8217;originalit\u00e0 e la capacit\u00e0 di ridefinire i problemi sono segni distintivi del talento creativo &#8211; tratti spesso trascurati dai test di intelligenza tradizionali.  <\/p>\n\n<p>Per riconoscere veramente il potenziale di talento, \u00e8 necessario un approccio pi\u00f9 ampio e inclusivo. Metodi di osservazione, portfolio creativi, valutazioni dinamiche e valutazioni degli insegnanti sono tutti strumenti essenziali. La valutazione dinamica, in particolare, aiuta a misurare come uno studente impara quando riceve supporto, piuttosto che ci\u00f2 che gi\u00e0 sa &#8211; rendendola particolarmente utile per identificare il talento in popolazioni diverse o svantaggiate.  <\/p>\n\n<p>\u00c8 anche importante considerare il contesto. Fattori sociali, emotivi e <a href=\"https:\/\/gifted-hub.com\/it\/professionisti\/capire-il-talento-e-la-cultura\/\">culturali<\/a> possono influenzare se le abilit\u00e0 di un bambino dotato vengono riconosciute o coltivate. Infatti, gli studenti provenienti da aree rurali o a basso reddito sono spesso sotto-identificati, non per mancanza di talento, ma a causa di minori opportunit\u00e0 e pregiudizi sistemici.  <\/p>\n\n<p>Una domanda fondamentale che gli educatori dovrebbero porsi \u00e8: &#8220;Dotato per cosa?&#8221; I metodi di identificazione dovrebbero allinearsi con il tipo di programma o arricchimento offerto &#8211; che sia in scienze, arti, leadership o problem-solving. Questo assicura che i criteri di selezione siano significativi e supportivi del potenziale percorso di ogni studente.  <\/p>\n\n<p>Inoltre, il talento non dovrebbe essere visto come statico o innato. Pu\u00f2 emergere nel tempo, e l&#8217;ambiente giusto gioca un ruolo cruciale nel suo sviluppo. Ecco perch\u00e9 i sistemi educativi si stanno muovendo verso processi di identificazione pi\u00f9 flessibili, a volte permettendo agli studenti di entrare e uscire dai programmi di arricchimento a seconda dei loro interessi e della loro crescita.  <\/p>\n\n<p>Infine, qualit\u00e0 come la motivazione, la creativit\u00e0, le <a href=\"https:\/\/gifted-hub.com\/it\/famiglia\/i-nostri-bambini-e-le-loro-abilita-sociali\/\">abilit\u00e0 sociali<\/a> e il contesto sono importanti tanto quanto le prestazioni cognitive. Gli studenti dotati potrebbero aver bisogno di supporto emotivo, istruzione differenziata e occasioni per esplorare idee stimolanti &#8211; non solo accelerazione o pi\u00f9 contenuti. <\/p>\n\n<p>Andando oltre i test standardizzati e abbracciando una prospettiva pi\u00f9 umana, dinamica e consapevole del contesto, possiamo scoprire meglio i talenti nascosti, coltivare forme diverse di brillantezza e creare opportunit\u00e0 pi\u00f9 eque e significative per gli studenti dotati.<\/p>\n","protected":false},"excerpt":{"rendered":"<p>I test standardizzati sono stati usati a lungo per identificare gli studenti dotati, ma affidarsi solo ai punteggi dei test spesso non d\u00e0 il quadro completo. Il talento \u00e8 complesso, vario e influenzato dal contesto, dalle opportunit\u00e0 e dallo sviluppo personale. Molti studenti con alto potenziale potrebbero ottenere risultati scarsi nelle valutazioni tradizionali a causa [&hellip;]<\/p>\n","protected":false},"author":1,"featured_media":19461,"parent":15899,"menu_order":0,"comment_status":"closed","ping_status":"closed","template":"","meta":{"_acf_changed":false,"inline_featured_image":false,"footnotes":""},"group-interest":[],"class_list":["post-19471","page","type-page","status-publish","has-post-thumbnail","hentry"],"acf":[],"yoast_head":"<!-- This site is optimized with the Yoast SEO plugin v27.4 - https:\/\/yoast.com\/product\/yoast-seo-wordpress\/ -->\n<title>Come identificare il talento oltre i test standardizzati - Gifted HUB<\/title>\n<meta name=\"robots\" content=\"index, follow, max-snippet:-1, max-image-preview:large, max-video-preview:-1\" \/>\n<link rel=\"canonical\" href=\"https:\/\/gifted-hub.com\/it\/insegnanti\/come-identificare-il-talento-oltre-i-test-standardizzati\/\" \/>\n<meta property=\"og:locale\" content=\"it_IT\" \/>\n<meta property=\"og:type\" content=\"article\" \/>\n<meta property=\"og:title\" content=\"Come identificare il talento oltre i test standardizzati - Gifted HUB\" \/>\n<meta property=\"og:description\" content=\"I test standardizzati sono stati usati a lungo per identificare gli studenti dotati, ma affidarsi solo ai punteggi dei test spesso non d\u00e0 il quadro completo. Il talento \u00e8 complesso, vario e influenzato dal contesto, dalle opportunit\u00e0 e dallo sviluppo personale. Molti studenti con alto potenziale potrebbero ottenere risultati scarsi nelle valutazioni tradizionali a causa [&hellip;]\" \/>\n<meta property=\"og:url\" content=\"https:\/\/gifted-hub.com\/it\/insegnanti\/come-identificare-il-talento-oltre-i-test-standardizzati\/\" \/>\n<meta property=\"og:site_name\" content=\"Gifted HUB\" \/>\n<meta property=\"article:modified_time\" content=\"2025-05-06T20:13:33+00:00\" \/>\n<meta property=\"og:image\" content=\"https:\/\/gifted-hub.com\/wp-content\/uploads\/2025\/05\/jexauncfefs.jpg\" \/>\n\t<meta property=\"og:image:width\" content=\"1600\" \/>\n\t<meta property=\"og:image:height\" content=\"1200\" \/>\n\t<meta property=\"og:image:type\" content=\"image\/jpeg\" \/>\n<meta name=\"twitter:card\" content=\"summary_large_image\" \/>\n<meta name=\"twitter:label1\" content=\"Tempo di lettura stimato\" \/>\n\t<meta name=\"twitter:data1\" content=\"3 minuti\" \/>\n<script type=\"application\/ld+json\" class=\"yoast-schema-graph\">{\"@context\":\"https:\\\/\\\/schema.org\",\"@graph\":[{\"@type\":\"WebPage\",\"@id\":\"https:\\\/\\\/gifted-hub.com\\\/it\\\/insegnanti\\\/come-identificare-il-talento-oltre-i-test-standardizzati\\\/\",\"url\":\"https:\\\/\\\/gifted-hub.com\\\/it\\\/insegnanti\\\/come-identificare-il-talento-oltre-i-test-standardizzati\\\/\",\"name\":\"Come identificare il talento oltre i test standardizzati - Gifted HUB\",\"isPartOf\":{\"@id\":\"https:\\\/\\\/gifted-hub.com\\\/it\\\/#website\"},\"primaryImageOfPage\":{\"@id\":\"https:\\\/\\\/gifted-hub.com\\\/it\\\/insegnanti\\\/come-identificare-il-talento-oltre-i-test-standardizzati\\\/#primaryimage\"},\"image\":{\"@id\":\"https:\\\/\\\/gifted-hub.com\\\/it\\\/insegnanti\\\/come-identificare-il-talento-oltre-i-test-standardizzati\\\/#primaryimage\"},\"thumbnailUrl\":\"https:\\\/\\\/gifted-hub.com\\\/wp-content\\\/uploads\\\/2025\\\/05\\\/jexauncfefs.jpg\",\"datePublished\":\"2025-05-06T20:07:39+00:00\",\"dateModified\":\"2025-05-06T20:13:33+00:00\",\"breadcrumb\":{\"@id\":\"https:\\\/\\\/gifted-hub.com\\\/it\\\/insegnanti\\\/come-identificare-il-talento-oltre-i-test-standardizzati\\\/#breadcrumb\"},\"inLanguage\":\"it-IT\",\"potentialAction\":[{\"@type\":\"ReadAction\",\"target\":[\"https:\\\/\\\/gifted-hub.com\\\/it\\\/insegnanti\\\/come-identificare-il-talento-oltre-i-test-standardizzati\\\/\"]}]},{\"@type\":\"ImageObject\",\"inLanguage\":\"it-IT\",\"@id\":\"https:\\\/\\\/gifted-hub.com\\\/it\\\/insegnanti\\\/come-identificare-il-talento-oltre-i-test-standardizzati\\\/#primaryimage\",\"url\":\"https:\\\/\\\/gifted-hub.com\\\/wp-content\\\/uploads\\\/2025\\\/05\\\/jexauncfefs.jpg\",\"contentUrl\":\"https:\\\/\\\/gifted-hub.com\\\/wp-content\\\/uploads\\\/2025\\\/05\\\/jexauncfefs.jpg\",\"width\":1600,\"height\":1200},{\"@type\":\"BreadcrumbList\",\"@id\":\"https:\\\/\\\/gifted-hub.com\\\/it\\\/insegnanti\\\/come-identificare-il-talento-oltre-i-test-standardizzati\\\/#breadcrumb\",\"itemListElement\":[{\"@type\":\"ListItem\",\"position\":1,\"name\":\"Home\",\"item\":\"https:\\\/\\\/gifted-hub.com\\\/it\\\/home\\\/\"},{\"@type\":\"ListItem\",\"position\":2,\"name\":\"Insegnanti\",\"item\":\"https:\\\/\\\/gifted-hub.com\\\/it\\\/insegnanti\\\/\"},{\"@type\":\"ListItem\",\"position\":3,\"name\":\"Come identificare il talento oltre i test standardizzati\"}]},{\"@type\":\"WebSite\",\"@id\":\"https:\\\/\\\/gifted-hub.com\\\/it\\\/#website\",\"url\":\"https:\\\/\\\/gifted-hub.com\\\/it\\\/\",\"name\":\"Gifted HUB\",\"description\":\"Uno spazio per alte abilit\u00e0\",\"publisher\":{\"@id\":\"https:\\\/\\\/gifted-hub.com\\\/it\\\/#organization\"},\"potentialAction\":[{\"@type\":\"SearchAction\",\"target\":{\"@type\":\"EntryPoint\",\"urlTemplate\":\"https:\\\/\\\/gifted-hub.com\\\/it\\\/?s={search_term_string}\"},\"query-input\":{\"@type\":\"PropertyValueSpecification\",\"valueRequired\":true,\"valueName\":\"search_term_string\"}}],\"inLanguage\":\"it-IT\"},{\"@type\":\"Organization\",\"@id\":\"https:\\\/\\\/gifted-hub.com\\\/it\\\/#organization\",\"name\":\"Gifted HUB\",\"url\":\"https:\\\/\\\/gifted-hub.com\\\/it\\\/\",\"logo\":{\"@type\":\"ImageObject\",\"inLanguage\":\"it-IT\",\"@id\":\"https:\\\/\\\/gifted-hub.com\\\/it\\\/#\\\/schema\\\/logo\\\/image\\\/\",\"url\":\"https:\\\/\\\/gifted-hub.com\\\/wp-content\\\/uploads\\\/2024\\\/07\\\/logo-1.svg\",\"contentUrl\":\"https:\\\/\\\/gifted-hub.com\\\/wp-content\\\/uploads\\\/2024\\\/07\\\/logo-1.svg\",\"caption\":\"Gifted HUB\"},\"image\":{\"@id\":\"https:\\\/\\\/gifted-hub.com\\\/it\\\/#\\\/schema\\\/logo\\\/image\\\/\"}}]}<\/script>\n<!-- \/ Yoast SEO plugin. -->","yoast_head_json":{"title":"Come identificare il talento oltre i test standardizzati - Gifted HUB","robots":{"index":"index","follow":"follow","max-snippet":"max-snippet:-1","max-image-preview":"max-image-preview:large","max-video-preview":"max-video-preview:-1"},"canonical":"https:\/\/gifted-hub.com\/it\/insegnanti\/come-identificare-il-talento-oltre-i-test-standardizzati\/","og_locale":"it_IT","og_type":"article","og_title":"Come identificare il talento oltre i test standardizzati - Gifted HUB","og_description":"I test standardizzati sono stati usati a lungo per identificare gli studenti dotati, ma affidarsi solo ai punteggi dei test spesso non d\u00e0 il quadro completo. Il talento \u00e8 complesso, vario e influenzato dal contesto, dalle opportunit\u00e0 e dallo sviluppo personale. Molti studenti con alto potenziale potrebbero ottenere risultati scarsi nelle valutazioni tradizionali a causa [&hellip;]","og_url":"https:\/\/gifted-hub.com\/it\/insegnanti\/come-identificare-il-talento-oltre-i-test-standardizzati\/","og_site_name":"Gifted HUB","article_modified_time":"2025-05-06T20:13:33+00:00","og_image":[{"width":1600,"height":1200,"url":"https:\/\/gifted-hub.com\/wp-content\/uploads\/2025\/05\/jexauncfefs.jpg","type":"image\/jpeg"}],"twitter_card":"summary_large_image","twitter_misc":{"Tempo di lettura stimato":"3 minuti"},"schema":{"@context":"https:\/\/schema.org","@graph":[{"@type":"WebPage","@id":"https:\/\/gifted-hub.com\/it\/insegnanti\/come-identificare-il-talento-oltre-i-test-standardizzati\/","url":"https:\/\/gifted-hub.com\/it\/insegnanti\/come-identificare-il-talento-oltre-i-test-standardizzati\/","name":"Come identificare il talento oltre i test standardizzati - Gifted HUB","isPartOf":{"@id":"https:\/\/gifted-hub.com\/it\/#website"},"primaryImageOfPage":{"@id":"https:\/\/gifted-hub.com\/it\/insegnanti\/come-identificare-il-talento-oltre-i-test-standardizzati\/#primaryimage"},"image":{"@id":"https:\/\/gifted-hub.com\/it\/insegnanti\/come-identificare-il-talento-oltre-i-test-standardizzati\/#primaryimage"},"thumbnailUrl":"https:\/\/gifted-hub.com\/wp-content\/uploads\/2025\/05\/jexauncfefs.jpg","datePublished":"2025-05-06T20:07:39+00:00","dateModified":"2025-05-06T20:13:33+00:00","breadcrumb":{"@id":"https:\/\/gifted-hub.com\/it\/insegnanti\/come-identificare-il-talento-oltre-i-test-standardizzati\/#breadcrumb"},"inLanguage":"it-IT","potentialAction":[{"@type":"ReadAction","target":["https:\/\/gifted-hub.com\/it\/insegnanti\/come-identificare-il-talento-oltre-i-test-standardizzati\/"]}]},{"@type":"ImageObject","inLanguage":"it-IT","@id":"https:\/\/gifted-hub.com\/it\/insegnanti\/come-identificare-il-talento-oltre-i-test-standardizzati\/#primaryimage","url":"https:\/\/gifted-hub.com\/wp-content\/uploads\/2025\/05\/jexauncfefs.jpg","contentUrl":"https:\/\/gifted-hub.com\/wp-content\/uploads\/2025\/05\/jexauncfefs.jpg","width":1600,"height":1200},{"@type":"BreadcrumbList","@id":"https:\/\/gifted-hub.com\/it\/insegnanti\/come-identificare-il-talento-oltre-i-test-standardizzati\/#breadcrumb","itemListElement":[{"@type":"ListItem","position":1,"name":"Home","item":"https:\/\/gifted-hub.com\/it\/home\/"},{"@type":"ListItem","position":2,"name":"Insegnanti","item":"https:\/\/gifted-hub.com\/it\/insegnanti\/"},{"@type":"ListItem","position":3,"name":"Come identificare il talento oltre i test standardizzati"}]},{"@type":"WebSite","@id":"https:\/\/gifted-hub.com\/it\/#website","url":"https:\/\/gifted-hub.com\/it\/","name":"Gifted HUB","description":"Uno spazio per alte abilit\u00e0","publisher":{"@id":"https:\/\/gifted-hub.com\/it\/#organization"},"potentialAction":[{"@type":"SearchAction","target":{"@type":"EntryPoint","urlTemplate":"https:\/\/gifted-hub.com\/it\/?s={search_term_string}"},"query-input":{"@type":"PropertyValueSpecification","valueRequired":true,"valueName":"search_term_string"}}],"inLanguage":"it-IT"},{"@type":"Organization","@id":"https:\/\/gifted-hub.com\/it\/#organization","name":"Gifted HUB","url":"https:\/\/gifted-hub.com\/it\/","logo":{"@type":"ImageObject","inLanguage":"it-IT","@id":"https:\/\/gifted-hub.com\/it\/#\/schema\/logo\/image\/","url":"https:\/\/gifted-hub.com\/wp-content\/uploads\/2024\/07\/logo-1.svg","contentUrl":"https:\/\/gifted-hub.com\/wp-content\/uploads\/2024\/07\/logo-1.svg","caption":"Gifted HUB"},"image":{"@id":"https:\/\/gifted-hub.com\/it\/#\/schema\/logo\/image\/"}}]}},"_links":{"self":[{"href":"https:\/\/gifted-hub.com\/it\/wp-json\/wp\/v2\/pages\/19471","targetHints":{"allow":["GET"]}}],"collection":[{"href":"https:\/\/gifted-hub.com\/it\/wp-json\/wp\/v2\/pages"}],"about":[{"href":"https:\/\/gifted-hub.com\/it\/wp-json\/wp\/v2\/types\/page"}],"author":[{"embeddable":true,"href":"https:\/\/gifted-hub.com\/it\/wp-json\/wp\/v2\/users\/1"}],"replies":[{"embeddable":true,"href":"https:\/\/gifted-hub.com\/it\/wp-json\/wp\/v2\/comments?post=19471"}],"version-history":[{"count":1,"href":"https:\/\/gifted-hub.com\/it\/wp-json\/wp\/v2\/pages\/19471\/revisions"}],"predecessor-version":[{"id":19472,"href":"https:\/\/gifted-hub.com\/it\/wp-json\/wp\/v2\/pages\/19471\/revisions\/19472"}],"up":[{"embeddable":true,"href":"https:\/\/gifted-hub.com\/it\/wp-json\/wp\/v2\/pages\/15899"}],"wp:featuredmedia":[{"embeddable":true,"href":"https:\/\/gifted-hub.com\/it\/wp-json\/wp\/v2\/media\/19461"}],"wp:attachment":[{"href":"https:\/\/gifted-hub.com\/it\/wp-json\/wp\/v2\/media?parent=19471"}],"wp:term":[{"taxonomy":"group-interest","embeddable":true,"href":"https:\/\/gifted-hub.com\/it\/wp-json\/wp\/v2\/group-interest?post=19471"}],"curies":[{"name":"wp","href":"https:\/\/api.w.org\/{rel}","templated":true}]}}