{"id":19444,"date":"2025-04-25T22:09:27","date_gmt":"2025-04-25T22:09:27","guid":{"rendered":"https:\/\/gifted-hub.com\/professionisti\/talento-e-personalita-ce-un-profilo-comune\/"},"modified":"2025-04-25T22:19:10","modified_gmt":"2025-04-25T22:19:10","slug":"talento-e-personalita-ce-un-profilo-comune","status":"publish","type":"page","link":"https:\/\/gifted-hub.com\/it\/professionisti\/talento-e-personalita-ce-un-profilo-comune\/","title":{"rendered":"Talento e personalit\u00e0: c&#8217;\u00e8 un profilo comune?"},"content":{"rendered":"\n<p>Le persone di talento spesso mostrano schemi particolari nel modo in cui percepiscono il mondo e prendono decisioni. Anche se ognuno \u00e8 unico, alcuni stili comuni appaiono tra quelli con alte capacit\u00e0, modellati dal modo in cui assimilano le informazioni e le valutano. <\/p>\n\n<p>Alcuni dotati preferiscono percepire il mondo attraverso i sensi e prendere decisioni basate sul pensiero logico. Sono pratici, realisti e si concentrano sui fatti. Gli piace lavorare con problemi del mondo reale, organizzare le informazioni in modo chiaro e trovare soluzioni efficaci. La loro forza sta nella capacit\u00e0 di affrontare realt\u00e0 tangibili usando un&#8217;analisi attenta e un ragionamento strutturato.   <\/p>\n\n<p>Altri si affidano anche ai loro sensi ma preferiscono prendere decisioni basate su valori personali ed emozioni. Queste persone sono calorose, amichevoli e attente ai sentimenti e ai bisogni degli altri. Spesso si trovano a usare i loro talenti in professioni di cura, istruzione o attivit\u00e0 comunitarie, portando un tocco umano ed empatia in tutto ci\u00f2 che fanno.  <\/p>\n\n<p>Alcuni dotati percepiscono il mondo principalmente attraverso l&#8217;intuizione e prendono decisioni guidate dai loro sentimenti. Sono profondamente immaginativi, emotivamente ricchi e attratti da nuove idee e possibilit\u00e0. Sono spesso appassionati nell&#8217;aiutare gli altri a crescere, nel trovare un significato pi\u00f9 profondo nella vita e nell&#8217;esprimere la loro creativit\u00e0. Valorizzano l&#8217;autenticit\u00e0, l&#8217;ispirazione e la connessione umana.   <\/p>\n\n<p>Infine, ci sono quelli che combinano intuizione con pensiero logico. Sono strategici, innovativi e amano risolvere problemi complessi. Sono attratti da idee astratte, teorie e sistemi. Le loro menti sono concentrate sul capire come funzionano le cose e immaginare nuove possibilit\u00e0. Spesso portano avanti progressi scientifici, tecnologici o concettuali che modellano il futuro.    <\/p>\n\n<p>Anche se non esiste un singolo profilo di personalit\u00e0 che definisca tutti gli individui dotati, molti condividono questi schemi: un forte senso di possibilit\u00e0, una passione per la verit\u00e0 o la giustizia, un bisogno di connessione profonda o una spinta a creare e innovare. Il talento non riguarda solo l&#8217;intelligenza; si tratta di vedere, sentire e pensare in modo diverso &#8211; con maggiore profondit\u00e0, curiosit\u00e0 e significato. <\/p>\n\n<p>Riconoscere questi tratti ci aiuta ad apprezzare la bellissima variet\u00e0 all&#8217;interno della comunit\u00e0 dei dotati e supporta ogni persona nel realizzare il proprio potenziale unico.<\/p>\n","protected":false},"excerpt":{"rendered":"<p>Le persone di talento spesso mostrano schemi particolari nel modo in cui percepiscono il mondo e prendono decisioni. Anche se ognuno \u00e8 unico, alcuni stili comuni appaiono tra quelli con alte capacit\u00e0, modellati dal modo in cui assimilano le informazioni e le valutano. Alcuni dotati preferiscono percepire il mondo attraverso i sensi e prendere decisioni [&hellip;]<\/p>\n","protected":false},"author":1,"featured_media":19407,"parent":15893,"menu_order":0,"comment_status":"closed","ping_status":"closed","template":"","meta":{"_acf_changed":false,"inline_featured_image":false,"footnotes":""},"group-interest":[],"class_list":["post-19444","page","type-page","status-publish","has-post-thumbnail","hentry"],"acf":[],"yoast_head":"<!-- This site is optimized with the Yoast SEO plugin v27.4 - https:\/\/yoast.com\/product\/yoast-seo-wordpress\/ -->\n<title>Talento e personalit\u00e0: c&#039;\u00e8 un profilo comune? - Gifted HUB<\/title>\n<meta name=\"robots\" content=\"index, follow, max-snippet:-1, max-image-preview:large, max-video-preview:-1\" \/>\n<link rel=\"canonical\" href=\"https:\/\/gifted-hub.com\/it\/professionisti\/talento-e-personalita-ce-un-profilo-comune\/\" \/>\n<meta property=\"og:locale\" content=\"it_IT\" \/>\n<meta property=\"og:type\" content=\"article\" \/>\n<meta property=\"og:title\" content=\"Talento e personalit\u00e0: c&#039;\u00e8 un profilo comune? - Gifted HUB\" \/>\n<meta property=\"og:description\" content=\"Le persone di talento spesso mostrano schemi particolari nel modo in cui percepiscono il mondo e prendono decisioni. Anche se ognuno \u00e8 unico, alcuni stili comuni appaiono tra quelli con alte capacit\u00e0, modellati dal modo in cui assimilano le informazioni e le valutano. Alcuni dotati preferiscono percepire il mondo attraverso i sensi e prendere decisioni [&hellip;]\" \/>\n<meta property=\"og:url\" content=\"https:\/\/gifted-hub.com\/it\/professionisti\/talento-e-personalita-ce-un-profilo-comune\/\" \/>\n<meta property=\"og:site_name\" content=\"Gifted HUB\" \/>\n<meta property=\"article:modified_time\" content=\"2025-04-25T22:19:10+00:00\" \/>\n<meta property=\"og:image\" content=\"https:\/\/gifted-hub.com\/wp-content\/uploads\/2025\/04\/personalities-683x1024.png\" \/>\n\t<meta property=\"og:image:width\" content=\"683\" \/>\n\t<meta property=\"og:image:height\" content=\"1024\" \/>\n\t<meta property=\"og:image:type\" content=\"image\/png\" \/>\n<meta name=\"twitter:card\" content=\"summary_large_image\" \/>\n<meta name=\"twitter:label1\" content=\"Tempo di lettura stimato\" \/>\n\t<meta name=\"twitter:data1\" content=\"2 minuti\" \/>\n<script type=\"application\/ld+json\" class=\"yoast-schema-graph\">{\"@context\":\"https:\\\/\\\/schema.org\",\"@graph\":[{\"@type\":\"WebPage\",\"@id\":\"https:\\\/\\\/gifted-hub.com\\\/it\\\/professionisti\\\/talento-e-personalita-ce-un-profilo-comune\\\/\",\"url\":\"https:\\\/\\\/gifted-hub.com\\\/it\\\/professionisti\\\/talento-e-personalita-ce-un-profilo-comune\\\/\",\"name\":\"Talento e personalit\u00e0: c'\u00e8 un profilo comune? - Gifted HUB\",\"isPartOf\":{\"@id\":\"https:\\\/\\\/gifted-hub.com\\\/it\\\/#website\"},\"primaryImageOfPage\":{\"@id\":\"https:\\\/\\\/gifted-hub.com\\\/it\\\/professionisti\\\/talento-e-personalita-ce-un-profilo-comune\\\/#primaryimage\"},\"image\":{\"@id\":\"https:\\\/\\\/gifted-hub.com\\\/it\\\/professionisti\\\/talento-e-personalita-ce-un-profilo-comune\\\/#primaryimage\"},\"thumbnailUrl\":\"https:\\\/\\\/gifted-hub.com\\\/wp-content\\\/uploads\\\/2025\\\/04\\\/personalities.png\",\"datePublished\":\"2025-04-25T22:09:27+00:00\",\"dateModified\":\"2025-04-25T22:19:10+00:00\",\"breadcrumb\":{\"@id\":\"https:\\\/\\\/gifted-hub.com\\\/it\\\/professionisti\\\/talento-e-personalita-ce-un-profilo-comune\\\/#breadcrumb\"},\"inLanguage\":\"it-IT\",\"potentialAction\":[{\"@type\":\"ReadAction\",\"target\":[\"https:\\\/\\\/gifted-hub.com\\\/it\\\/professionisti\\\/talento-e-personalita-ce-un-profilo-comune\\\/\"]}]},{\"@type\":\"ImageObject\",\"inLanguage\":\"it-IT\",\"@id\":\"https:\\\/\\\/gifted-hub.com\\\/it\\\/professionisti\\\/talento-e-personalita-ce-un-profilo-comune\\\/#primaryimage\",\"url\":\"https:\\\/\\\/gifted-hub.com\\\/wp-content\\\/uploads\\\/2025\\\/04\\\/personalities.png\",\"contentUrl\":\"https:\\\/\\\/gifted-hub.com\\\/wp-content\\\/uploads\\\/2025\\\/04\\\/personalities.png\",\"width\":1024,\"height\":1536},{\"@type\":\"BreadcrumbList\",\"@id\":\"https:\\\/\\\/gifted-hub.com\\\/it\\\/professionisti\\\/talento-e-personalita-ce-un-profilo-comune\\\/#breadcrumb\",\"itemListElement\":[{\"@type\":\"ListItem\",\"position\":1,\"name\":\"Home\",\"item\":\"https:\\\/\\\/gifted-hub.com\\\/it\\\/home\\\/\"},{\"@type\":\"ListItem\",\"position\":2,\"name\":\"Professionisti\",\"item\":\"https:\\\/\\\/gifted-hub.com\\\/it\\\/professionisti\\\/\"},{\"@type\":\"ListItem\",\"position\":3,\"name\":\"Talento e personalit\u00e0: c&#8217;\u00e8 un profilo comune?\"}]},{\"@type\":\"WebSite\",\"@id\":\"https:\\\/\\\/gifted-hub.com\\\/it\\\/#website\",\"url\":\"https:\\\/\\\/gifted-hub.com\\\/it\\\/\",\"name\":\"Gifted HUB\",\"description\":\"Uno spazio per alte abilit\u00e0\",\"publisher\":{\"@id\":\"https:\\\/\\\/gifted-hub.com\\\/it\\\/#organization\"},\"potentialAction\":[{\"@type\":\"SearchAction\",\"target\":{\"@type\":\"EntryPoint\",\"urlTemplate\":\"https:\\\/\\\/gifted-hub.com\\\/it\\\/?s={search_term_string}\"},\"query-input\":{\"@type\":\"PropertyValueSpecification\",\"valueRequired\":true,\"valueName\":\"search_term_string\"}}],\"inLanguage\":\"it-IT\"},{\"@type\":\"Organization\",\"@id\":\"https:\\\/\\\/gifted-hub.com\\\/it\\\/#organization\",\"name\":\"Gifted HUB\",\"url\":\"https:\\\/\\\/gifted-hub.com\\\/it\\\/\",\"logo\":{\"@type\":\"ImageObject\",\"inLanguage\":\"it-IT\",\"@id\":\"https:\\\/\\\/gifted-hub.com\\\/it\\\/#\\\/schema\\\/logo\\\/image\\\/\",\"url\":\"https:\\\/\\\/gifted-hub.com\\\/wp-content\\\/uploads\\\/2024\\\/07\\\/logo-1.svg\",\"contentUrl\":\"https:\\\/\\\/gifted-hub.com\\\/wp-content\\\/uploads\\\/2024\\\/07\\\/logo-1.svg\",\"caption\":\"Gifted HUB\"},\"image\":{\"@id\":\"https:\\\/\\\/gifted-hub.com\\\/it\\\/#\\\/schema\\\/logo\\\/image\\\/\"}}]}<\/script>\n<!-- \/ Yoast SEO plugin. -->","yoast_head_json":{"title":"Talento e personalit\u00e0: c'\u00e8 un profilo comune? - Gifted HUB","robots":{"index":"index","follow":"follow","max-snippet":"max-snippet:-1","max-image-preview":"max-image-preview:large","max-video-preview":"max-video-preview:-1"},"canonical":"https:\/\/gifted-hub.com\/it\/professionisti\/talento-e-personalita-ce-un-profilo-comune\/","og_locale":"it_IT","og_type":"article","og_title":"Talento e personalit\u00e0: c'\u00e8 un profilo comune? - Gifted HUB","og_description":"Le persone di talento spesso mostrano schemi particolari nel modo in cui percepiscono il mondo e prendono decisioni. Anche se ognuno \u00e8 unico, alcuni stili comuni appaiono tra quelli con alte capacit\u00e0, modellati dal modo in cui assimilano le informazioni e le valutano. Alcuni dotati preferiscono percepire il mondo attraverso i sensi e prendere decisioni [&hellip;]","og_url":"https:\/\/gifted-hub.com\/it\/professionisti\/talento-e-personalita-ce-un-profilo-comune\/","og_site_name":"Gifted HUB","article_modified_time":"2025-04-25T22:19:10+00:00","og_image":[{"width":683,"height":1024,"url":"https:\/\/gifted-hub.com\/wp-content\/uploads\/2025\/04\/personalities-683x1024.png","type":"image\/png"}],"twitter_card":"summary_large_image","twitter_misc":{"Tempo di lettura stimato":"2 minuti"},"schema":{"@context":"https:\/\/schema.org","@graph":[{"@type":"WebPage","@id":"https:\/\/gifted-hub.com\/it\/professionisti\/talento-e-personalita-ce-un-profilo-comune\/","url":"https:\/\/gifted-hub.com\/it\/professionisti\/talento-e-personalita-ce-un-profilo-comune\/","name":"Talento e personalit\u00e0: c'\u00e8 un profilo comune? - Gifted HUB","isPartOf":{"@id":"https:\/\/gifted-hub.com\/it\/#website"},"primaryImageOfPage":{"@id":"https:\/\/gifted-hub.com\/it\/professionisti\/talento-e-personalita-ce-un-profilo-comune\/#primaryimage"},"image":{"@id":"https:\/\/gifted-hub.com\/it\/professionisti\/talento-e-personalita-ce-un-profilo-comune\/#primaryimage"},"thumbnailUrl":"https:\/\/gifted-hub.com\/wp-content\/uploads\/2025\/04\/personalities.png","datePublished":"2025-04-25T22:09:27+00:00","dateModified":"2025-04-25T22:19:10+00:00","breadcrumb":{"@id":"https:\/\/gifted-hub.com\/it\/professionisti\/talento-e-personalita-ce-un-profilo-comune\/#breadcrumb"},"inLanguage":"it-IT","potentialAction":[{"@type":"ReadAction","target":["https:\/\/gifted-hub.com\/it\/professionisti\/talento-e-personalita-ce-un-profilo-comune\/"]}]},{"@type":"ImageObject","inLanguage":"it-IT","@id":"https:\/\/gifted-hub.com\/it\/professionisti\/talento-e-personalita-ce-un-profilo-comune\/#primaryimage","url":"https:\/\/gifted-hub.com\/wp-content\/uploads\/2025\/04\/personalities.png","contentUrl":"https:\/\/gifted-hub.com\/wp-content\/uploads\/2025\/04\/personalities.png","width":1024,"height":1536},{"@type":"BreadcrumbList","@id":"https:\/\/gifted-hub.com\/it\/professionisti\/talento-e-personalita-ce-un-profilo-comune\/#breadcrumb","itemListElement":[{"@type":"ListItem","position":1,"name":"Home","item":"https:\/\/gifted-hub.com\/it\/home\/"},{"@type":"ListItem","position":2,"name":"Professionisti","item":"https:\/\/gifted-hub.com\/it\/professionisti\/"},{"@type":"ListItem","position":3,"name":"Talento e personalit\u00e0: c&#8217;\u00e8 un profilo comune?"}]},{"@type":"WebSite","@id":"https:\/\/gifted-hub.com\/it\/#website","url":"https:\/\/gifted-hub.com\/it\/","name":"Gifted HUB","description":"Uno spazio per alte abilit\u00e0","publisher":{"@id":"https:\/\/gifted-hub.com\/it\/#organization"},"potentialAction":[{"@type":"SearchAction","target":{"@type":"EntryPoint","urlTemplate":"https:\/\/gifted-hub.com\/it\/?s={search_term_string}"},"query-input":{"@type":"PropertyValueSpecification","valueRequired":true,"valueName":"search_term_string"}}],"inLanguage":"it-IT"},{"@type":"Organization","@id":"https:\/\/gifted-hub.com\/it\/#organization","name":"Gifted HUB","url":"https:\/\/gifted-hub.com\/it\/","logo":{"@type":"ImageObject","inLanguage":"it-IT","@id":"https:\/\/gifted-hub.com\/it\/#\/schema\/logo\/image\/","url":"https:\/\/gifted-hub.com\/wp-content\/uploads\/2024\/07\/logo-1.svg","contentUrl":"https:\/\/gifted-hub.com\/wp-content\/uploads\/2024\/07\/logo-1.svg","caption":"Gifted HUB"},"image":{"@id":"https:\/\/gifted-hub.com\/it\/#\/schema\/logo\/image\/"}}]}},"_links":{"self":[{"href":"https:\/\/gifted-hub.com\/it\/wp-json\/wp\/v2\/pages\/19444","targetHints":{"allow":["GET"]}}],"collection":[{"href":"https:\/\/gifted-hub.com\/it\/wp-json\/wp\/v2\/pages"}],"about":[{"href":"https:\/\/gifted-hub.com\/it\/wp-json\/wp\/v2\/types\/page"}],"author":[{"embeddable":true,"href":"https:\/\/gifted-hub.com\/it\/wp-json\/wp\/v2\/users\/1"}],"replies":[{"embeddable":true,"href":"https:\/\/gifted-hub.com\/it\/wp-json\/wp\/v2\/comments?post=19444"}],"version-history":[{"count":1,"href":"https:\/\/gifted-hub.com\/it\/wp-json\/wp\/v2\/pages\/19444\/revisions"}],"predecessor-version":[{"id":19445,"href":"https:\/\/gifted-hub.com\/it\/wp-json\/wp\/v2\/pages\/19444\/revisions\/19445"}],"up":[{"embeddable":true,"href":"https:\/\/gifted-hub.com\/it\/wp-json\/wp\/v2\/pages\/15893"}],"wp:featuredmedia":[{"embeddable":true,"href":"https:\/\/gifted-hub.com\/it\/wp-json\/wp\/v2\/media\/19407"}],"wp:attachment":[{"href":"https:\/\/gifted-hub.com\/it\/wp-json\/wp\/v2\/media?parent=19444"}],"wp:term":[{"taxonomy":"group-interest","embeddable":true,"href":"https:\/\/gifted-hub.com\/it\/wp-json\/wp\/v2\/group-interest?post=19444"}],"curies":[{"name":"wp","href":"https:\/\/api.w.org\/{rel}","templated":true}]}}