{"id":19318,"date":"2025-03-17T18:45:47","date_gmt":"2025-03-17T18:45:47","guid":{"rendered":"https:\/\/gifted-hub.com\/famiglia\/fratelli-dotati-rivalita-cooperazione-e-sfide-uniche\/"},"modified":"2025-03-17T18:48:15","modified_gmt":"2025-03-17T18:48:15","slug":"fratelli-dotati-rivalita-cooperazione-e-sfide-uniche","status":"publish","type":"page","link":"https:\/\/gifted-hub.com\/it\/famiglia\/fratelli-dotati-rivalita-cooperazione-e-sfide-uniche\/","title":{"rendered":"Fratelli dotati: Rivalit\u00e0, cooperazione e sfide uniche"},"content":{"rendered":"\n<p>Crescere con un fratello dotato pu\u00f2 essere un&#8217;esperienza unica, ricca di emozioni intense, legami profondi e, a volte, lotte difficili. Nelle famiglie in cui pi\u00f9 figli sono dotati di talento, le differenze di abilit\u00e0, interessi e livelli di successo possono plasmare le relazioni tra fratelli in modi inaspettati. <\/p>\n\n<p>Alcuni fratelli dotati si ritrovano in un circolo vizioso di confronto. Quando un bambino eccelle in una particolare area, l&#8217;altro pu\u00f2 sentirsi messo in ombra, provocando sentimenti di gelosia o risentimento. I genitori possono cercare di minimizzare queste differenze, ma i bambini le riconoscono istintivamente. Invece di negare la realt\u00e0, riconoscere i punti di forza di ciascun bambino e aiutarlo a sviluppare la propria identit\u00e0 pu\u00f2 alleviare queste tensioni.   <\/p>\n\n<p>Tuttavia, la rivalit\u00e0 \u00e8 solo una parte della storia. Molti fratelli dotati creano legami forti, sostenendosi e sfidandosi a vicenda in modi che favoriscono la crescita. Quando condividono interessi intellettuali, possono ispirarsi l&#8217;un l&#8217;altro e intraprendere conversazioni significative che gli altri potrebbero non capire. Un ambiente domestico che incoraggia la cooperazione piuttosto che la competizione aiuta i fratelli dotati a diventare alleati l&#8217;uno dell&#8217;altro piuttosto che rivali.   <\/p>\n\n<p>Tuttavia, anche i fratelli dotati devono affrontare sfide uniche. Il bambino che viene percepito come &#8220;pi\u00f9 dotato&#8221; pu\u00f2 involontariamente diventare il centro dell&#8217;attenzione, facendo sentire l&#8217;altro trascurato. In alcune famiglie possono emergere ruoli rigidi &#8211; &#8220;quello intelligente&#8221;, &#8220;quello divertente&#8221; o &#8220;quello atletico&#8221; &#8211; che possono limitare lo sviluppo personale. Le alte aspettative possono creare pressione, portando al perfezionismo e all&#8217;ansia, soprattutto quando uno dei due fratelli sente di non essere all&#8217;altezza.   <\/p>\n\n<p>La chiave per i genitori \u00e8 favorire un ambiente in cui ogni bambino sia apprezzato per la sua individualit\u00e0, non solo per i suoi risultati. Incoraggiando l&#8217;espressione di s\u00e9, convalidando le emozioni e dando spazio a ciascun bambino per brillare a modo suo, le famiglie possono trasformare le relazioni tra fratelli in una fonte di sostegno piuttosto che di rivalit\u00e0. <\/p>\n","protected":false},"excerpt":{"rendered":"<p>Crescere con un fratello dotato pu\u00f2 essere un&#8217;esperienza unica, ricca di emozioni intense, legami profondi e, a volte, lotte difficili. Nelle famiglie in cui pi\u00f9 figli sono dotati di talento, le differenze di abilit\u00e0, interessi e livelli di successo possono plasmare le relazioni tra fratelli in modi inaspettati. Alcuni fratelli dotati si ritrovano in un [&hellip;]<\/p>\n","protected":false},"author":1,"featured_media":19270,"parent":15878,"menu_order":0,"comment_status":"closed","ping_status":"closed","template":"","meta":{"_acf_changed":false,"inline_featured_image":false,"footnotes":""},"group-interest":[],"class_list":["post-19318","page","type-page","status-publish","has-post-thumbnail","hentry"],"acf":[],"yoast_head":"<!-- This site is optimized with the Yoast SEO plugin v27.4 - https:\/\/yoast.com\/product\/yoast-seo-wordpress\/ -->\n<title>Fratelli dotati: Rivalit\u00e0, cooperazione e sfide uniche - Gifted HUB<\/title>\n<meta name=\"robots\" content=\"index, follow, max-snippet:-1, max-image-preview:large, max-video-preview:-1\" \/>\n<link rel=\"canonical\" href=\"https:\/\/gifted-hub.com\/it\/famiglia\/fratelli-dotati-rivalita-cooperazione-e-sfide-uniche\/\" \/>\n<meta property=\"og:locale\" content=\"it_IT\" \/>\n<meta property=\"og:type\" content=\"article\" \/>\n<meta property=\"og:title\" content=\"Fratelli dotati: Rivalit\u00e0, cooperazione e sfide uniche - Gifted HUB\" \/>\n<meta property=\"og:description\" content=\"Crescere con un fratello dotato pu\u00f2 essere un&#8217;esperienza unica, ricca di emozioni intense, legami profondi e, a volte, lotte difficili. Nelle famiglie in cui pi\u00f9 figli sono dotati di talento, le differenze di abilit\u00e0, interessi e livelli di successo possono plasmare le relazioni tra fratelli in modi inaspettati. Alcuni fratelli dotati si ritrovano in un [&hellip;]\" \/>\n<meta property=\"og:url\" content=\"https:\/\/gifted-hub.com\/it\/famiglia\/fratelli-dotati-rivalita-cooperazione-e-sfide-uniche\/\" \/>\n<meta property=\"og:site_name\" content=\"Gifted HUB\" \/>\n<meta property=\"article:modified_time\" content=\"2025-03-17T18:48:15+00:00\" \/>\n<meta property=\"og:image\" content=\"https:\/\/gifted-hub.com\/wp-content\/uploads\/2025\/03\/7f_gsuxmioq-e1742235337419.jpg\" \/>\n\t<meta property=\"og:image:width\" content=\"1600\" \/>\n\t<meta property=\"og:image:height\" content=\"1067\" \/>\n\t<meta property=\"og:image:type\" content=\"image\/jpeg\" \/>\n<meta name=\"twitter:card\" content=\"summary_large_image\" \/>\n<meta name=\"twitter:label1\" content=\"Tempo di lettura stimato\" \/>\n\t<meta name=\"twitter:data1\" content=\"2 minuti\" \/>\n<script type=\"application\/ld+json\" class=\"yoast-schema-graph\">{\"@context\":\"https:\\\/\\\/schema.org\",\"@graph\":[{\"@type\":\"WebPage\",\"@id\":\"https:\\\/\\\/gifted-hub.com\\\/it\\\/famiglia\\\/fratelli-dotati-rivalita-cooperazione-e-sfide-uniche\\\/\",\"url\":\"https:\\\/\\\/gifted-hub.com\\\/it\\\/famiglia\\\/fratelli-dotati-rivalita-cooperazione-e-sfide-uniche\\\/\",\"name\":\"Fratelli dotati: Rivalit\u00e0, cooperazione e sfide uniche - Gifted HUB\",\"isPartOf\":{\"@id\":\"https:\\\/\\\/gifted-hub.com\\\/it\\\/#website\"},\"primaryImageOfPage\":{\"@id\":\"https:\\\/\\\/gifted-hub.com\\\/it\\\/famiglia\\\/fratelli-dotati-rivalita-cooperazione-e-sfide-uniche\\\/#primaryimage\"},\"image\":{\"@id\":\"https:\\\/\\\/gifted-hub.com\\\/it\\\/famiglia\\\/fratelli-dotati-rivalita-cooperazione-e-sfide-uniche\\\/#primaryimage\"},\"thumbnailUrl\":\"https:\\\/\\\/gifted-hub.com\\\/wp-content\\\/uploads\\\/2025\\\/03\\\/7f_gsuxmioq-e1742235337419.jpg\",\"datePublished\":\"2025-03-17T18:45:47+00:00\",\"dateModified\":\"2025-03-17T18:48:15+00:00\",\"breadcrumb\":{\"@id\":\"https:\\\/\\\/gifted-hub.com\\\/it\\\/famiglia\\\/fratelli-dotati-rivalita-cooperazione-e-sfide-uniche\\\/#breadcrumb\"},\"inLanguage\":\"it-IT\",\"potentialAction\":[{\"@type\":\"ReadAction\",\"target\":[\"https:\\\/\\\/gifted-hub.com\\\/it\\\/famiglia\\\/fratelli-dotati-rivalita-cooperazione-e-sfide-uniche\\\/\"]}]},{\"@type\":\"ImageObject\",\"inLanguage\":\"it-IT\",\"@id\":\"https:\\\/\\\/gifted-hub.com\\\/it\\\/famiglia\\\/fratelli-dotati-rivalita-cooperazione-e-sfide-uniche\\\/#primaryimage\",\"url\":\"https:\\\/\\\/gifted-hub.com\\\/wp-content\\\/uploads\\\/2025\\\/03\\\/7f_gsuxmioq-e1742235337419.jpg\",\"contentUrl\":\"https:\\\/\\\/gifted-hub.com\\\/wp-content\\\/uploads\\\/2025\\\/03\\\/7f_gsuxmioq-e1742235337419.jpg\",\"width\":1600,\"height\":1067},{\"@type\":\"BreadcrumbList\",\"@id\":\"https:\\\/\\\/gifted-hub.com\\\/it\\\/famiglia\\\/fratelli-dotati-rivalita-cooperazione-e-sfide-uniche\\\/#breadcrumb\",\"itemListElement\":[{\"@type\":\"ListItem\",\"position\":1,\"name\":\"Home\",\"item\":\"https:\\\/\\\/gifted-hub.com\\\/it\\\/home\\\/\"},{\"@type\":\"ListItem\",\"position\":2,\"name\":\"Famiglia\",\"item\":\"https:\\\/\\\/gifted-hub.com\\\/it\\\/famiglia\\\/\"},{\"@type\":\"ListItem\",\"position\":3,\"name\":\"Fratelli dotati: Rivalit\u00e0, cooperazione e sfide uniche\"}]},{\"@type\":\"WebSite\",\"@id\":\"https:\\\/\\\/gifted-hub.com\\\/it\\\/#website\",\"url\":\"https:\\\/\\\/gifted-hub.com\\\/it\\\/\",\"name\":\"Gifted HUB\",\"description\":\"Uno spazio per alte abilit\u00e0\",\"publisher\":{\"@id\":\"https:\\\/\\\/gifted-hub.com\\\/it\\\/#organization\"},\"potentialAction\":[{\"@type\":\"SearchAction\",\"target\":{\"@type\":\"EntryPoint\",\"urlTemplate\":\"https:\\\/\\\/gifted-hub.com\\\/it\\\/?s={search_term_string}\"},\"query-input\":{\"@type\":\"PropertyValueSpecification\",\"valueRequired\":true,\"valueName\":\"search_term_string\"}}],\"inLanguage\":\"it-IT\"},{\"@type\":\"Organization\",\"@id\":\"https:\\\/\\\/gifted-hub.com\\\/it\\\/#organization\",\"name\":\"Gifted HUB\",\"url\":\"https:\\\/\\\/gifted-hub.com\\\/it\\\/\",\"logo\":{\"@type\":\"ImageObject\",\"inLanguage\":\"it-IT\",\"@id\":\"https:\\\/\\\/gifted-hub.com\\\/it\\\/#\\\/schema\\\/logo\\\/image\\\/\",\"url\":\"https:\\\/\\\/gifted-hub.com\\\/wp-content\\\/uploads\\\/2024\\\/07\\\/logo-1.svg\",\"contentUrl\":\"https:\\\/\\\/gifted-hub.com\\\/wp-content\\\/uploads\\\/2024\\\/07\\\/logo-1.svg\",\"caption\":\"Gifted HUB\"},\"image\":{\"@id\":\"https:\\\/\\\/gifted-hub.com\\\/it\\\/#\\\/schema\\\/logo\\\/image\\\/\"}}]}<\/script>\n<!-- \/ Yoast SEO plugin. -->","yoast_head_json":{"title":"Fratelli dotati: Rivalit\u00e0, cooperazione e sfide uniche - Gifted HUB","robots":{"index":"index","follow":"follow","max-snippet":"max-snippet:-1","max-image-preview":"max-image-preview:large","max-video-preview":"max-video-preview:-1"},"canonical":"https:\/\/gifted-hub.com\/it\/famiglia\/fratelli-dotati-rivalita-cooperazione-e-sfide-uniche\/","og_locale":"it_IT","og_type":"article","og_title":"Fratelli dotati: Rivalit\u00e0, cooperazione e sfide uniche - Gifted HUB","og_description":"Crescere con un fratello dotato pu\u00f2 essere un&#8217;esperienza unica, ricca di emozioni intense, legami profondi e, a volte, lotte difficili. Nelle famiglie in cui pi\u00f9 figli sono dotati di talento, le differenze di abilit\u00e0, interessi e livelli di successo possono plasmare le relazioni tra fratelli in modi inaspettati. Alcuni fratelli dotati si ritrovano in un [&hellip;]","og_url":"https:\/\/gifted-hub.com\/it\/famiglia\/fratelli-dotati-rivalita-cooperazione-e-sfide-uniche\/","og_site_name":"Gifted HUB","article_modified_time":"2025-03-17T18:48:15+00:00","og_image":[{"width":1600,"height":1067,"url":"https:\/\/gifted-hub.com\/wp-content\/uploads\/2025\/03\/7f_gsuxmioq-e1742235337419.jpg","type":"image\/jpeg"}],"twitter_card":"summary_large_image","twitter_misc":{"Tempo di lettura stimato":"2 minuti"},"schema":{"@context":"https:\/\/schema.org","@graph":[{"@type":"WebPage","@id":"https:\/\/gifted-hub.com\/it\/famiglia\/fratelli-dotati-rivalita-cooperazione-e-sfide-uniche\/","url":"https:\/\/gifted-hub.com\/it\/famiglia\/fratelli-dotati-rivalita-cooperazione-e-sfide-uniche\/","name":"Fratelli dotati: Rivalit\u00e0, cooperazione e sfide uniche - Gifted HUB","isPartOf":{"@id":"https:\/\/gifted-hub.com\/it\/#website"},"primaryImageOfPage":{"@id":"https:\/\/gifted-hub.com\/it\/famiglia\/fratelli-dotati-rivalita-cooperazione-e-sfide-uniche\/#primaryimage"},"image":{"@id":"https:\/\/gifted-hub.com\/it\/famiglia\/fratelli-dotati-rivalita-cooperazione-e-sfide-uniche\/#primaryimage"},"thumbnailUrl":"https:\/\/gifted-hub.com\/wp-content\/uploads\/2025\/03\/7f_gsuxmioq-e1742235337419.jpg","datePublished":"2025-03-17T18:45:47+00:00","dateModified":"2025-03-17T18:48:15+00:00","breadcrumb":{"@id":"https:\/\/gifted-hub.com\/it\/famiglia\/fratelli-dotati-rivalita-cooperazione-e-sfide-uniche\/#breadcrumb"},"inLanguage":"it-IT","potentialAction":[{"@type":"ReadAction","target":["https:\/\/gifted-hub.com\/it\/famiglia\/fratelli-dotati-rivalita-cooperazione-e-sfide-uniche\/"]}]},{"@type":"ImageObject","inLanguage":"it-IT","@id":"https:\/\/gifted-hub.com\/it\/famiglia\/fratelli-dotati-rivalita-cooperazione-e-sfide-uniche\/#primaryimage","url":"https:\/\/gifted-hub.com\/wp-content\/uploads\/2025\/03\/7f_gsuxmioq-e1742235337419.jpg","contentUrl":"https:\/\/gifted-hub.com\/wp-content\/uploads\/2025\/03\/7f_gsuxmioq-e1742235337419.jpg","width":1600,"height":1067},{"@type":"BreadcrumbList","@id":"https:\/\/gifted-hub.com\/it\/famiglia\/fratelli-dotati-rivalita-cooperazione-e-sfide-uniche\/#breadcrumb","itemListElement":[{"@type":"ListItem","position":1,"name":"Home","item":"https:\/\/gifted-hub.com\/it\/home\/"},{"@type":"ListItem","position":2,"name":"Famiglia","item":"https:\/\/gifted-hub.com\/it\/famiglia\/"},{"@type":"ListItem","position":3,"name":"Fratelli dotati: Rivalit\u00e0, cooperazione e sfide uniche"}]},{"@type":"WebSite","@id":"https:\/\/gifted-hub.com\/it\/#website","url":"https:\/\/gifted-hub.com\/it\/","name":"Gifted HUB","description":"Uno spazio per alte abilit\u00e0","publisher":{"@id":"https:\/\/gifted-hub.com\/it\/#organization"},"potentialAction":[{"@type":"SearchAction","target":{"@type":"EntryPoint","urlTemplate":"https:\/\/gifted-hub.com\/it\/?s={search_term_string}"},"query-input":{"@type":"PropertyValueSpecification","valueRequired":true,"valueName":"search_term_string"}}],"inLanguage":"it-IT"},{"@type":"Organization","@id":"https:\/\/gifted-hub.com\/it\/#organization","name":"Gifted HUB","url":"https:\/\/gifted-hub.com\/it\/","logo":{"@type":"ImageObject","inLanguage":"it-IT","@id":"https:\/\/gifted-hub.com\/it\/#\/schema\/logo\/image\/","url":"https:\/\/gifted-hub.com\/wp-content\/uploads\/2024\/07\/logo-1.svg","contentUrl":"https:\/\/gifted-hub.com\/wp-content\/uploads\/2024\/07\/logo-1.svg","caption":"Gifted HUB"},"image":{"@id":"https:\/\/gifted-hub.com\/it\/#\/schema\/logo\/image\/"}}]}},"_links":{"self":[{"href":"https:\/\/gifted-hub.com\/it\/wp-json\/wp\/v2\/pages\/19318","targetHints":{"allow":["GET"]}}],"collection":[{"href":"https:\/\/gifted-hub.com\/it\/wp-json\/wp\/v2\/pages"}],"about":[{"href":"https:\/\/gifted-hub.com\/it\/wp-json\/wp\/v2\/types\/page"}],"author":[{"embeddable":true,"href":"https:\/\/gifted-hub.com\/it\/wp-json\/wp\/v2\/users\/1"}],"replies":[{"embeddable":true,"href":"https:\/\/gifted-hub.com\/it\/wp-json\/wp\/v2\/comments?post=19318"}],"version-history":[{"count":1,"href":"https:\/\/gifted-hub.com\/it\/wp-json\/wp\/v2\/pages\/19318\/revisions"}],"predecessor-version":[{"id":19319,"href":"https:\/\/gifted-hub.com\/it\/wp-json\/wp\/v2\/pages\/19318\/revisions\/19319"}],"up":[{"embeddable":true,"href":"https:\/\/gifted-hub.com\/it\/wp-json\/wp\/v2\/pages\/15878"}],"wp:featuredmedia":[{"embeddable":true,"href":"https:\/\/gifted-hub.com\/it\/wp-json\/wp\/v2\/media\/19270"}],"wp:attachment":[{"href":"https:\/\/gifted-hub.com\/it\/wp-json\/wp\/v2\/media?parent=19318"}],"wp:term":[{"taxonomy":"group-interest","embeddable":true,"href":"https:\/\/gifted-hub.com\/it\/wp-json\/wp\/v2\/group-interest?post=19318"}],"curies":[{"name":"wp","href":"https:\/\/api.w.org\/{rel}","templated":true}]}}