{"id":19199,"date":"2025-03-10T23:06:24","date_gmt":"2025-03-10T23:06:24","guid":{"rendered":"https:\/\/gifted-hub.com\/rompere-il-ciclo-del-dubbio-su-se-stessi-la-sindrome-dellimpostore-negli-individui-dotati-di-talento\/"},"modified":"2025-03-11T13:38:39","modified_gmt":"2025-03-11T13:38:39","slug":"rompere-il-ciclo-del-dubbio-su-se-stessi-la-sindrome-dellimpostore-negli-individui-dotati-di-talento","status":"publish","type":"page","link":"https:\/\/gifted-hub.com\/it\/individui\/rompere-il-ciclo-del-dubbio-su-se-stessi-la-sindrome-dellimpostore-negli-individui-dotati-di-talento\/","title":{"rendered":"Rompere il ciclo del dubbio su se stessi: la sindrome dell&#8217;impostore negli individui dotati di talento"},"content":{"rendered":"\n<p>La sindrome dell&#8217;impostore \u00e8 una sensazione persistente di dubbio su se stessi, insicurezza e paura di essere smascherati come truffatori, nonostante le chiare prove di successo e competenza. Questo fenomeno \u00e8 particolarmente comune tra le <a href=\"https:\/\/gifted-hub.com\/it\/individui\/\">persone dotate di talento<\/a>, che spesso lottano con le alte aspettative, sia da parte loro che degli altri. Molti di loro credono che i loro risultati siano dovuti alla fortuna, a fattori esterni o al puro sforzo piuttosto che alle loro capacit\u00e0. Questo crea un circolo vizioso per cui, indipendentemente dai risultati ottenuti, non si sentono mai veramente meritevoli del loro successo.   <\/p>\n\n<p>Gli studenti dotati sperimentano spesso il perfezionismo, che pu\u00f2 intensificare il sentimento di impostura. Si pongono degli standard irrealisticamente elevati e si sentono dei falliti se non li raggiungono. La loro autostima diventa legata ai risultati ottenuti, rendendoli vulnerabili al dubbio di fronte alle sfide. Questo perfezionismo \u00e8 spesso rafforzato dalle pressioni esterne di insegnanti, coetanei e familiari che si aspettano che eccellano in tutto ci\u00f2 che fanno. Di conseguenza, molte persone dotate sperimentano ansia, stress e burnout, sentendo di dover dimostrare costantemente il proprio valore.    <\/p>\n\n<p>L<a href=\"https:\/\/gifted-hub.com\/it\/individui\/il-concetto-di-se-degli-individui-dotati\/\">&#8216;autostima<\/a> gioca un ruolo fondamentale nel modo in cui si manifesta la sindrome dell&#8217;impostore. Quando le persone dotate hanno una bassa autostima, \u00e8 pi\u00f9 probabile che attribuiscano i loro successi a fattori esterni e i loro fallimenti all&#8217;incompetenza personale. Il modo in cui si percepiscono influenza la fiducia nelle loro capacit\u00e0, rendendoli pi\u00f9 suscettibili ai pensieri impostori. Chi ha una maggiore consapevolezza e accettazione di s\u00e9 tende a gestire meglio questi sentimenti, in quanto riconosce i propri punti di forza e i propri limiti in modo equilibrato.   <\/p>\n\n<p>Per gli individui doppiamente eccezionali &#8211; quelli che sono sia dotati che con un disturbo dell&#8217;apprendimento &#8211; la sindrome dell&#8217;imitatore pu\u00f2 essere ancora pi\u00f9 pronunciata. Questi individui spesso ricevono messaggi contrastanti sulle loro capacit\u00e0, eccellendo in alcune aree e faticando in altre. Questo pu\u00f2 portarli a sentirsi degli impostori, in quanto possono credere che il loro successo sia casuale piuttosto che un riflesso del loro vero potenziale. Le loro difficolt\u00e0 in alcune materie o situazioni sociali possono rafforzare l&#8217;idea che non siano capaci come gli altri li percepiscono.   <\/p>\n\n<p>L&#8217;ambiente accademico gioca un ruolo significativo nello sviluppo della sindrome dell&#8217;impostore tra gli studenti dotati. I programmi altamente competitivi e i corsi di specializzazione, in cui gli studenti sono circondati da coetanei altrettanto talentuosi, possono creare l&#8217;effetto &#8220;pesce grosso in uno stagno pi\u00f9 grande&#8221;. Molti individui dotati, abituati a essere i migliori nei loro precedenti contesti, si ritrovano improvvisamente in mezzo ad altri altrettanto dotati, con conseguenti dubbi su se stessi e la paura di non essere all&#8217;altezza. La mancanza di riconoscimenti per l&#8217;impegno profuso e non solo per i risultati ottenuti alimenta ulteriormente la sensazione di frode.   <\/p>\n\n<p>Anche i <a href=\"https:\/\/gifted-hub.com\/it\/professionisti\/capire-il-talento-e-la-cultura\/\">fattori sociali e culturali<\/a> contribuiscono alla sindrome dell&#8217;impostore. Le aspettative di genere, le definizioni sociali di successo e le idee rigide sull&#8217;intelligenza possono influire sulla percezione che gli individui dotati hanno di se stessi. In particolare, le donne e le minoranze sottorappresentate nei campi ad alto rendimento spesso affrontano sfide aggiuntive, in quanto possono sentire la pressione di dover costantemente convalidare il proprio posto in spazi in cui sono sottorappresentate. Potrebbero provare un sentimento di impostura pi\u00f9 intenso, credendo di dover lavorare il doppio per essere prese sul serio.   <\/p>\n\n<p>Affrontare la sindrome dell&#8217;impostore nelle persone dotate di talento richiede una combinazione di autoconsapevolezza, sistemi di supporto e un cambiamento di prospettiva. Incoraggiare l&#8217;auto-riflessione e aiutare gli individui a riconoscere i loro effettivi punti di forza e contributi pu\u00f2 mitigare i sentimenti di impostori. \u00e8 fondamentale costruire la resilienza normalizzando le lotte e i fallimenti come parte del processo di apprendimento. Le scuole e gli educatori dovrebbero promuovere ambienti in cui gli studenti dotati si sentano apprezzati al di l\u00e0 dei loro risultati, enfatizzando la crescita personale e l&#8217;accettazione di s\u00e9 piuttosto che la costante convalida delle prestazioni. Riconoscendo e affrontando questi sentimenti, gli individui dotati possono sviluppare un concetto di s\u00e9 pi\u00f9 sano e liberarsi dal ciclo di dubbi che la sindrome dell&#8217;impostore crea.    <\/p>\n\n<p><br\/><\/p>\n","protected":false},"excerpt":{"rendered":"<p>La sindrome dell&#8217;impostore \u00e8 una sensazione persistente di dubbio su se stessi, insicurezza e paura di essere smascherati come truffatori, nonostante le chiare prove di successo e competenza. Questo fenomeno \u00e8 particolarmente comune tra le persone dotate di talento, che spesso lottano con le alte aspettative, sia da parte loro che degli altri. Molti di [&hellip;]<\/p>\n","protected":false},"author":1,"featured_media":19110,"parent":16921,"menu_order":0,"comment_status":"closed","ping_status":"closed","template":"","meta":{"_acf_changed":false,"inline_featured_image":false,"footnotes":""},"group-interest":[],"class_list":["post-19199","page","type-page","status-publish","has-post-thumbnail","hentry"],"acf":[],"yoast_head":"<!-- This site is optimized with the Yoast SEO plugin v27.4 - https:\/\/yoast.com\/product\/yoast-seo-wordpress\/ -->\n<title>Rompere il ciclo del dubbio su se stessi: la sindrome dell&#039;impostore negli individui dotati di talento - Gifted HUB<\/title>\n<meta name=\"robots\" content=\"index, follow, max-snippet:-1, max-image-preview:large, max-video-preview:-1\" \/>\n<link rel=\"canonical\" href=\"https:\/\/gifted-hub.com\/it\/individui\/rompere-il-ciclo-del-dubbio-su-se-stessi-la-sindrome-dellimpostore-negli-individui-dotati-di-talento\/\" \/>\n<meta property=\"og:locale\" content=\"it_IT\" \/>\n<meta property=\"og:type\" content=\"article\" \/>\n<meta property=\"og:title\" content=\"Rompere il ciclo del dubbio su se stessi: la sindrome dell&#039;impostore negli individui dotati di talento - Gifted HUB\" \/>\n<meta property=\"og:description\" content=\"La sindrome dell&#8217;impostore \u00e8 una sensazione persistente di dubbio su se stessi, insicurezza e paura di essere smascherati come truffatori, nonostante le chiare prove di successo e competenza. Questo fenomeno \u00e8 particolarmente comune tra le persone dotate di talento, che spesso lottano con le alte aspettative, sia da parte loro che degli altri. Molti di [&hellip;]\" \/>\n<meta property=\"og:url\" content=\"https:\/\/gifted-hub.com\/it\/individui\/rompere-il-ciclo-del-dubbio-su-se-stessi-la-sindrome-dellimpostore-negli-individui-dotati-di-talento\/\" \/>\n<meta property=\"og:site_name\" content=\"Gifted HUB\" \/>\n<meta property=\"article:modified_time\" content=\"2025-03-11T13:38:39+00:00\" \/>\n<meta property=\"og:image\" content=\"https:\/\/gifted-hub.com\/wp-content\/uploads\/2025\/03\/6568116-e1741644600547.jpeg\" \/>\n\t<meta property=\"og:image:width\" content=\"800\" \/>\n\t<meta property=\"og:image:height\" content=\"1200\" \/>\n\t<meta property=\"og:image:type\" content=\"image\/jpeg\" \/>\n<meta name=\"twitter:card\" content=\"summary_large_image\" \/>\n<meta name=\"twitter:label1\" content=\"Tempo di lettura stimato\" \/>\n\t<meta name=\"twitter:data1\" content=\"3 minuti\" \/>\n<script type=\"application\/ld+json\" class=\"yoast-schema-graph\">{\"@context\":\"https:\\\/\\\/schema.org\",\"@graph\":[{\"@type\":\"WebPage\",\"@id\":\"https:\\\/\\\/gifted-hub.com\\\/it\\\/individui\\\/rompere-il-ciclo-del-dubbio-su-se-stessi-la-sindrome-dellimpostore-negli-individui-dotati-di-talento\\\/\",\"url\":\"https:\\\/\\\/gifted-hub.com\\\/it\\\/individui\\\/rompere-il-ciclo-del-dubbio-su-se-stessi-la-sindrome-dellimpostore-negli-individui-dotati-di-talento\\\/\",\"name\":\"Rompere il ciclo del dubbio su se stessi: la sindrome dell'impostore negli individui dotati di talento - Gifted HUB\",\"isPartOf\":{\"@id\":\"https:\\\/\\\/gifted-hub.com\\\/it\\\/#website\"},\"primaryImageOfPage\":{\"@id\":\"https:\\\/\\\/gifted-hub.com\\\/it\\\/individui\\\/rompere-il-ciclo-del-dubbio-su-se-stessi-la-sindrome-dellimpostore-negli-individui-dotati-di-talento\\\/#primaryimage\"},\"image\":{\"@id\":\"https:\\\/\\\/gifted-hub.com\\\/it\\\/individui\\\/rompere-il-ciclo-del-dubbio-su-se-stessi-la-sindrome-dellimpostore-negli-individui-dotati-di-talento\\\/#primaryimage\"},\"thumbnailUrl\":\"https:\\\/\\\/gifted-hub.com\\\/wp-content\\\/uploads\\\/2025\\\/03\\\/6568116-e1741644600547.jpeg\",\"datePublished\":\"2025-03-10T23:06:24+00:00\",\"dateModified\":\"2025-03-11T13:38:39+00:00\",\"breadcrumb\":{\"@id\":\"https:\\\/\\\/gifted-hub.com\\\/it\\\/individui\\\/rompere-il-ciclo-del-dubbio-su-se-stessi-la-sindrome-dellimpostore-negli-individui-dotati-di-talento\\\/#breadcrumb\"},\"inLanguage\":\"it-IT\",\"potentialAction\":[{\"@type\":\"ReadAction\",\"target\":[\"https:\\\/\\\/gifted-hub.com\\\/it\\\/individui\\\/rompere-il-ciclo-del-dubbio-su-se-stessi-la-sindrome-dellimpostore-negli-individui-dotati-di-talento\\\/\"]}]},{\"@type\":\"ImageObject\",\"inLanguage\":\"it-IT\",\"@id\":\"https:\\\/\\\/gifted-hub.com\\\/it\\\/individui\\\/rompere-il-ciclo-del-dubbio-su-se-stessi-la-sindrome-dellimpostore-negli-individui-dotati-di-talento\\\/#primaryimage\",\"url\":\"https:\\\/\\\/gifted-hub.com\\\/wp-content\\\/uploads\\\/2025\\\/03\\\/6568116-e1741644600547.jpeg\",\"contentUrl\":\"https:\\\/\\\/gifted-hub.com\\\/wp-content\\\/uploads\\\/2025\\\/03\\\/6568116-e1741644600547.jpeg\",\"width\":800,\"height\":1200},{\"@type\":\"BreadcrumbList\",\"@id\":\"https:\\\/\\\/gifted-hub.com\\\/it\\\/individui\\\/rompere-il-ciclo-del-dubbio-su-se-stessi-la-sindrome-dellimpostore-negli-individui-dotati-di-talento\\\/#breadcrumb\",\"itemListElement\":[{\"@type\":\"ListItem\",\"position\":1,\"name\":\"Home\",\"item\":\"https:\\\/\\\/gifted-hub.com\\\/it\\\/home\\\/\"},{\"@type\":\"ListItem\",\"position\":2,\"name\":\"Rompere il ciclo del dubbio su se stessi: la sindrome dell&#8217;impostore negli individui dotati di talento\"}]},{\"@type\":\"WebSite\",\"@id\":\"https:\\\/\\\/gifted-hub.com\\\/it\\\/#website\",\"url\":\"https:\\\/\\\/gifted-hub.com\\\/it\\\/\",\"name\":\"Gifted HUB\",\"description\":\"Uno spazio per alte abilit\u00e0\",\"publisher\":{\"@id\":\"https:\\\/\\\/gifted-hub.com\\\/it\\\/#organization\"},\"potentialAction\":[{\"@type\":\"SearchAction\",\"target\":{\"@type\":\"EntryPoint\",\"urlTemplate\":\"https:\\\/\\\/gifted-hub.com\\\/it\\\/?s={search_term_string}\"},\"query-input\":{\"@type\":\"PropertyValueSpecification\",\"valueRequired\":true,\"valueName\":\"search_term_string\"}}],\"inLanguage\":\"it-IT\"},{\"@type\":\"Organization\",\"@id\":\"https:\\\/\\\/gifted-hub.com\\\/it\\\/#organization\",\"name\":\"Gifted HUB\",\"url\":\"https:\\\/\\\/gifted-hub.com\\\/it\\\/\",\"logo\":{\"@type\":\"ImageObject\",\"inLanguage\":\"it-IT\",\"@id\":\"https:\\\/\\\/gifted-hub.com\\\/it\\\/#\\\/schema\\\/logo\\\/image\\\/\",\"url\":\"https:\\\/\\\/gifted-hub.com\\\/wp-content\\\/uploads\\\/2024\\\/07\\\/logo-1.svg\",\"contentUrl\":\"https:\\\/\\\/gifted-hub.com\\\/wp-content\\\/uploads\\\/2024\\\/07\\\/logo-1.svg\",\"caption\":\"Gifted HUB\"},\"image\":{\"@id\":\"https:\\\/\\\/gifted-hub.com\\\/it\\\/#\\\/schema\\\/logo\\\/image\\\/\"}}]}<\/script>\n<!-- \/ Yoast SEO plugin. -->","yoast_head_json":{"title":"Rompere il ciclo del dubbio su se stessi: la sindrome dell'impostore negli individui dotati di talento - Gifted HUB","robots":{"index":"index","follow":"follow","max-snippet":"max-snippet:-1","max-image-preview":"max-image-preview:large","max-video-preview":"max-video-preview:-1"},"canonical":"https:\/\/gifted-hub.com\/it\/individui\/rompere-il-ciclo-del-dubbio-su-se-stessi-la-sindrome-dellimpostore-negli-individui-dotati-di-talento\/","og_locale":"it_IT","og_type":"article","og_title":"Rompere il ciclo del dubbio su se stessi: la sindrome dell'impostore negli individui dotati di talento - Gifted HUB","og_description":"La sindrome dell&#8217;impostore \u00e8 una sensazione persistente di dubbio su se stessi, insicurezza e paura di essere smascherati come truffatori, nonostante le chiare prove di successo e competenza. Questo fenomeno \u00e8 particolarmente comune tra le persone dotate di talento, che spesso lottano con le alte aspettative, sia da parte loro che degli altri. Molti di [&hellip;]","og_url":"https:\/\/gifted-hub.com\/it\/individui\/rompere-il-ciclo-del-dubbio-su-se-stessi-la-sindrome-dellimpostore-negli-individui-dotati-di-talento\/","og_site_name":"Gifted HUB","article_modified_time":"2025-03-11T13:38:39+00:00","og_image":[{"width":800,"height":1200,"url":"https:\/\/gifted-hub.com\/wp-content\/uploads\/2025\/03\/6568116-e1741644600547.jpeg","type":"image\/jpeg"}],"twitter_card":"summary_large_image","twitter_misc":{"Tempo di lettura stimato":"3 minuti"},"schema":{"@context":"https:\/\/schema.org","@graph":[{"@type":"WebPage","@id":"https:\/\/gifted-hub.com\/it\/individui\/rompere-il-ciclo-del-dubbio-su-se-stessi-la-sindrome-dellimpostore-negli-individui-dotati-di-talento\/","url":"https:\/\/gifted-hub.com\/it\/individui\/rompere-il-ciclo-del-dubbio-su-se-stessi-la-sindrome-dellimpostore-negli-individui-dotati-di-talento\/","name":"Rompere il ciclo del dubbio su se stessi: la sindrome dell'impostore negli individui dotati di talento - Gifted HUB","isPartOf":{"@id":"https:\/\/gifted-hub.com\/it\/#website"},"primaryImageOfPage":{"@id":"https:\/\/gifted-hub.com\/it\/individui\/rompere-il-ciclo-del-dubbio-su-se-stessi-la-sindrome-dellimpostore-negli-individui-dotati-di-talento\/#primaryimage"},"image":{"@id":"https:\/\/gifted-hub.com\/it\/individui\/rompere-il-ciclo-del-dubbio-su-se-stessi-la-sindrome-dellimpostore-negli-individui-dotati-di-talento\/#primaryimage"},"thumbnailUrl":"https:\/\/gifted-hub.com\/wp-content\/uploads\/2025\/03\/6568116-e1741644600547.jpeg","datePublished":"2025-03-10T23:06:24+00:00","dateModified":"2025-03-11T13:38:39+00:00","breadcrumb":{"@id":"https:\/\/gifted-hub.com\/it\/individui\/rompere-il-ciclo-del-dubbio-su-se-stessi-la-sindrome-dellimpostore-negli-individui-dotati-di-talento\/#breadcrumb"},"inLanguage":"it-IT","potentialAction":[{"@type":"ReadAction","target":["https:\/\/gifted-hub.com\/it\/individui\/rompere-il-ciclo-del-dubbio-su-se-stessi-la-sindrome-dellimpostore-negli-individui-dotati-di-talento\/"]}]},{"@type":"ImageObject","inLanguage":"it-IT","@id":"https:\/\/gifted-hub.com\/it\/individui\/rompere-il-ciclo-del-dubbio-su-se-stessi-la-sindrome-dellimpostore-negli-individui-dotati-di-talento\/#primaryimage","url":"https:\/\/gifted-hub.com\/wp-content\/uploads\/2025\/03\/6568116-e1741644600547.jpeg","contentUrl":"https:\/\/gifted-hub.com\/wp-content\/uploads\/2025\/03\/6568116-e1741644600547.jpeg","width":800,"height":1200},{"@type":"BreadcrumbList","@id":"https:\/\/gifted-hub.com\/it\/individui\/rompere-il-ciclo-del-dubbio-su-se-stessi-la-sindrome-dellimpostore-negli-individui-dotati-di-talento\/#breadcrumb","itemListElement":[{"@type":"ListItem","position":1,"name":"Home","item":"https:\/\/gifted-hub.com\/it\/home\/"},{"@type":"ListItem","position":2,"name":"Rompere il ciclo del dubbio su se stessi: la sindrome dell&#8217;impostore negli individui dotati di talento"}]},{"@type":"WebSite","@id":"https:\/\/gifted-hub.com\/it\/#website","url":"https:\/\/gifted-hub.com\/it\/","name":"Gifted HUB","description":"Uno spazio per alte abilit\u00e0","publisher":{"@id":"https:\/\/gifted-hub.com\/it\/#organization"},"potentialAction":[{"@type":"SearchAction","target":{"@type":"EntryPoint","urlTemplate":"https:\/\/gifted-hub.com\/it\/?s={search_term_string}"},"query-input":{"@type":"PropertyValueSpecification","valueRequired":true,"valueName":"search_term_string"}}],"inLanguage":"it-IT"},{"@type":"Organization","@id":"https:\/\/gifted-hub.com\/it\/#organization","name":"Gifted HUB","url":"https:\/\/gifted-hub.com\/it\/","logo":{"@type":"ImageObject","inLanguage":"it-IT","@id":"https:\/\/gifted-hub.com\/it\/#\/schema\/logo\/image\/","url":"https:\/\/gifted-hub.com\/wp-content\/uploads\/2024\/07\/logo-1.svg","contentUrl":"https:\/\/gifted-hub.com\/wp-content\/uploads\/2024\/07\/logo-1.svg","caption":"Gifted HUB"},"image":{"@id":"https:\/\/gifted-hub.com\/it\/#\/schema\/logo\/image\/"}}]}},"_links":{"self":[{"href":"https:\/\/gifted-hub.com\/it\/wp-json\/wp\/v2\/pages\/19199","targetHints":{"allow":["GET"]}}],"collection":[{"href":"https:\/\/gifted-hub.com\/it\/wp-json\/wp\/v2\/pages"}],"about":[{"href":"https:\/\/gifted-hub.com\/it\/wp-json\/wp\/v2\/types\/page"}],"author":[{"embeddable":true,"href":"https:\/\/gifted-hub.com\/it\/wp-json\/wp\/v2\/users\/1"}],"replies":[{"embeddable":true,"href":"https:\/\/gifted-hub.com\/it\/wp-json\/wp\/v2\/comments?post=19199"}],"version-history":[{"count":1,"href":"https:\/\/gifted-hub.com\/it\/wp-json\/wp\/v2\/pages\/19199\/revisions"}],"predecessor-version":[{"id":19200,"href":"https:\/\/gifted-hub.com\/it\/wp-json\/wp\/v2\/pages\/19199\/revisions\/19200"}],"up":[{"embeddable":true,"href":"https:\/\/gifted-hub.com\/it\/wp-json\/wp\/v2\/pages\/16921"}],"wp:featuredmedia":[{"embeddable":true,"href":"https:\/\/gifted-hub.com\/it\/wp-json\/wp\/v2\/media\/19110"}],"wp:attachment":[{"href":"https:\/\/gifted-hub.com\/it\/wp-json\/wp\/v2\/media?parent=19199"}],"wp:term":[{"taxonomy":"group-interest","embeddable":true,"href":"https:\/\/gifted-hub.com\/it\/wp-json\/wp\/v2\/group-interest?post=19199"}],"curies":[{"name":"wp","href":"https:\/\/api.w.org\/{rel}","templated":true}]}}