{"id":18808,"date":"2024-12-31T17:21:46","date_gmt":"2024-12-31T17:21:46","guid":{"rendered":"https:\/\/gifted-hub.com\/insegnanti\/come-gli-insegnanti-possono-favorire-gli-studenti-dotati\/"},"modified":"2024-12-31T17:38:33","modified_gmt":"2024-12-31T17:38:33","slug":"come-gli-insegnanti-possono-favorire-gli-studenti-dotati","status":"publish","type":"page","link":"https:\/\/gifted-hub.com\/it\/insegnanti\/come-gli-insegnanti-possono-favorire-gli-studenti-dotati\/","title":{"rendered":"Come gli insegnanti possono favorire gli studenti dotati"},"content":{"rendered":"\n<p>Gli insegnanti si trovano spesso a gestire le esigenze uniche degli studenti dotati nelle loro classi, ma questo supporto ben intenzionato pu\u00f2 talvolta portare a favoritismi che si ripercuotono su tutte le persone coinvolte. Gli studenti dotati possono ricevere un trattamento speciale, come l&#8217;assegnazione di ruoli di leadership, compiti extra o privilegi che gli altri non ricevono. Sebbene queste pratiche abbiano spesso lo scopo di valorizzare le loro capacit\u00e0 o di essere un esempio, possono involontariamente isolare questi studenti o creare uno squilibrio all&#8217;interno della classe.  <\/p>\n\n<p>Questo favoritismo spesso deriva dalla mancanza di formazione o di risorse per affrontare le diverse esigenze di una classe. <strong>Gli insegnanti potrebbero pensare che mettere in risalto le capacit\u00e0 degli studenti dotati possa motivare gli altri, ma in realt\u00e0 pu\u00f2 alimentare il risentimento tra i compagni di classe<\/strong>. Inoltre, le pratiche rigide che assegnano ripetutamente gli studenti dotati a determinati ruoli o attivit\u00e0 possono rafforzare le etichette che limitano la loro crescita e li separano dai loro compagni. I tentativi errati di mettere alla prova gli studenti dotati con compiti extra spesso non riescono a fornire opportunit\u00e0 significative di sviluppo.  <\/p>\n\n<p>Le conseguenze di questi approcci sono di vasta portata. Gli studenti dotati possono sentirsi sotto pressione per ottenere costantemente prestazioni di alto livello, il che pu\u00f2 portare a stress e paura di fallire. Allo stesso tempo, i loro coetanei possono sentirsi sottovalutati o esclusi, il che disturba l&#8217;armonia della classe. L&#8217;attenzione verso i pi\u00f9 dotati pu\u00f2 anche far s\u00ec che il loro potenziale <a href=\"https:\/\/gifted-hub.com\/it\/insegnanti\/affrontare-il-sotto-rendimento-negli-studenti-con-alte-abilita\/\">non venga sviluppato<\/a> se i compiti che gli vengono assegnati non li mettono veramente alla prova.   <\/p>\n\n<p>Un approccio pi\u00f9 attento al sostegno degli studenti dotati pu\u00f2 giovare a tutti. Invece di isolarli attraverso ruoli o compiti speciali, gli insegnanti possono integrarli in attivit\u00e0 inclusive che permettano a tutti gli studenti di partecipare e crescere. Offrire sfide significative piuttosto che ripetitive o superficiali aiuta questi studenti a crescere senza creare inutili divisioni. Gli insegnanti possono anche evitare le etichette rigide riconoscendo e celebrando i diversi talenti presenti nelle loro classi. <strong>La formazione e il supporto agli educatori sono essenziali<\/strong> per raggiungere questi obiettivi, dotandoli di strategie per creare un ambiente di apprendimento equilibrato in cui ogni studente si senta valorizzato e ispirato.   <\/p>\n\n<p>Quando le classi si concentrano sulla collaborazione e sulla crescita reciproca, diventano spazi in cui gli studenti dotati possono eccellere senza sentirsi isolati e in cui anche i loro compagni possono trovare opportunit\u00e0 di brillare. Affrontando le cause alla radice del favoritismo e adottando pratiche inclusive e flessibili, gli insegnanti possono assicurarsi che le loro classi siano luoghi di successo e sviluppo condiviso. <\/p>\n","protected":false},"excerpt":{"rendered":"<p>Gli insegnanti si trovano spesso a gestire le esigenze uniche degli studenti dotati nelle loro classi, ma questo supporto ben intenzionato pu\u00f2 talvolta portare a favoritismi che si ripercuotono su tutte le persone coinvolte. Gli studenti dotati possono ricevere un trattamento speciale, come l&#8217;assegnazione di ruoli di leadership, compiti extra o privilegi che gli altri [&hellip;]<\/p>\n","protected":false},"author":1,"featured_media":18792,"parent":15899,"menu_order":0,"comment_status":"closed","ping_status":"closed","template":"","meta":{"_acf_changed":false,"inline_featured_image":false,"footnotes":""},"group-interest":[198],"class_list":["post-18808","page","type-page","status-publish","has-post-thumbnail","hentry","group-interest-insegnanti"],"acf":[],"yoast_head":"<!-- This site is optimized with the Yoast SEO plugin v27.4 - https:\/\/yoast.com\/product\/yoast-seo-wordpress\/ -->\n<title>Come gli insegnanti possono favorire gli studenti dotati - Gifted HUB<\/title>\n<meta name=\"robots\" content=\"index, follow, max-snippet:-1, max-image-preview:large, max-video-preview:-1\" \/>\n<link rel=\"canonical\" href=\"https:\/\/gifted-hub.com\/it\/insegnanti\/come-gli-insegnanti-possono-favorire-gli-studenti-dotati\/\" \/>\n<meta property=\"og:locale\" content=\"it_IT\" \/>\n<meta property=\"og:type\" content=\"article\" \/>\n<meta property=\"og:title\" content=\"Come gli insegnanti possono favorire gli studenti dotati - Gifted HUB\" \/>\n<meta property=\"og:description\" content=\"Gli insegnanti si trovano spesso a gestire le esigenze uniche degli studenti dotati nelle loro classi, ma questo supporto ben intenzionato pu\u00f2 talvolta portare a favoritismi che si ripercuotono su tutte le persone coinvolte. Gli studenti dotati possono ricevere un trattamento speciale, come l&#8217;assegnazione di ruoli di leadership, compiti extra o privilegi che gli altri [&hellip;]\" \/>\n<meta property=\"og:url\" content=\"https:\/\/gifted-hub.com\/it\/insegnanti\/come-gli-insegnanti-possono-favorire-gli-studenti-dotati\/\" \/>\n<meta property=\"og:site_name\" content=\"Gifted HUB\" \/>\n<meta property=\"article:modified_time\" content=\"2024-12-31T17:38:33+00:00\" \/>\n<meta property=\"og:image\" content=\"https:\/\/gifted-hub.com\/wp-content\/uploads\/2024\/12\/czisy8ai2ia.jpg\" \/>\n\t<meta property=\"og:image:width\" content=\"1600\" \/>\n\t<meta property=\"og:image:height\" content=\"1143\" \/>\n\t<meta property=\"og:image:type\" content=\"image\/jpeg\" \/>\n<meta name=\"twitter:card\" content=\"summary_large_image\" \/>\n<meta name=\"twitter:label1\" content=\"Tempo di lettura stimato\" \/>\n\t<meta name=\"twitter:data1\" content=\"2 minuti\" \/>\n<script type=\"application\/ld+json\" class=\"yoast-schema-graph\">{\"@context\":\"https:\\\/\\\/schema.org\",\"@graph\":[{\"@type\":\"WebPage\",\"@id\":\"https:\\\/\\\/gifted-hub.com\\\/it\\\/insegnanti\\\/come-gli-insegnanti-possono-favorire-gli-studenti-dotati\\\/\",\"url\":\"https:\\\/\\\/gifted-hub.com\\\/it\\\/insegnanti\\\/come-gli-insegnanti-possono-favorire-gli-studenti-dotati\\\/\",\"name\":\"Come gli insegnanti possono favorire gli studenti dotati - Gifted HUB\",\"isPartOf\":{\"@id\":\"https:\\\/\\\/gifted-hub.com\\\/it\\\/#website\"},\"primaryImageOfPage\":{\"@id\":\"https:\\\/\\\/gifted-hub.com\\\/it\\\/insegnanti\\\/come-gli-insegnanti-possono-favorire-gli-studenti-dotati\\\/#primaryimage\"},\"image\":{\"@id\":\"https:\\\/\\\/gifted-hub.com\\\/it\\\/insegnanti\\\/come-gli-insegnanti-possono-favorire-gli-studenti-dotati\\\/#primaryimage\"},\"thumbnailUrl\":\"https:\\\/\\\/gifted-hub.com\\\/wp-content\\\/uploads\\\/2024\\\/12\\\/czisy8ai2ia.jpg\",\"datePublished\":\"2024-12-31T17:21:46+00:00\",\"dateModified\":\"2024-12-31T17:38:33+00:00\",\"breadcrumb\":{\"@id\":\"https:\\\/\\\/gifted-hub.com\\\/it\\\/insegnanti\\\/come-gli-insegnanti-possono-favorire-gli-studenti-dotati\\\/#breadcrumb\"},\"inLanguage\":\"it-IT\",\"potentialAction\":[{\"@type\":\"ReadAction\",\"target\":[\"https:\\\/\\\/gifted-hub.com\\\/it\\\/insegnanti\\\/come-gli-insegnanti-possono-favorire-gli-studenti-dotati\\\/\"]}]},{\"@type\":\"ImageObject\",\"inLanguage\":\"it-IT\",\"@id\":\"https:\\\/\\\/gifted-hub.com\\\/it\\\/insegnanti\\\/come-gli-insegnanti-possono-favorire-gli-studenti-dotati\\\/#primaryimage\",\"url\":\"https:\\\/\\\/gifted-hub.com\\\/wp-content\\\/uploads\\\/2024\\\/12\\\/czisy8ai2ia.jpg\",\"contentUrl\":\"https:\\\/\\\/gifted-hub.com\\\/wp-content\\\/uploads\\\/2024\\\/12\\\/czisy8ai2ia.jpg\",\"width\":1600,\"height\":1143},{\"@type\":\"BreadcrumbList\",\"@id\":\"https:\\\/\\\/gifted-hub.com\\\/it\\\/insegnanti\\\/come-gli-insegnanti-possono-favorire-gli-studenti-dotati\\\/#breadcrumb\",\"itemListElement\":[{\"@type\":\"ListItem\",\"position\":1,\"name\":\"Home\",\"item\":\"https:\\\/\\\/gifted-hub.com\\\/it\\\/home\\\/\"},{\"@type\":\"ListItem\",\"position\":2,\"name\":\"Insegnanti\",\"item\":\"https:\\\/\\\/gifted-hub.com\\\/it\\\/insegnanti\\\/\"},{\"@type\":\"ListItem\",\"position\":3,\"name\":\"Come gli insegnanti possono favorire gli studenti dotati\"}]},{\"@type\":\"WebSite\",\"@id\":\"https:\\\/\\\/gifted-hub.com\\\/it\\\/#website\",\"url\":\"https:\\\/\\\/gifted-hub.com\\\/it\\\/\",\"name\":\"Gifted HUB\",\"description\":\"Uno spazio per alte abilit\u00e0\",\"publisher\":{\"@id\":\"https:\\\/\\\/gifted-hub.com\\\/it\\\/#organization\"},\"potentialAction\":[{\"@type\":\"SearchAction\",\"target\":{\"@type\":\"EntryPoint\",\"urlTemplate\":\"https:\\\/\\\/gifted-hub.com\\\/it\\\/?s={search_term_string}\"},\"query-input\":{\"@type\":\"PropertyValueSpecification\",\"valueRequired\":true,\"valueName\":\"search_term_string\"}}],\"inLanguage\":\"it-IT\"},{\"@type\":\"Organization\",\"@id\":\"https:\\\/\\\/gifted-hub.com\\\/it\\\/#organization\",\"name\":\"Gifted HUB\",\"url\":\"https:\\\/\\\/gifted-hub.com\\\/it\\\/\",\"logo\":{\"@type\":\"ImageObject\",\"inLanguage\":\"it-IT\",\"@id\":\"https:\\\/\\\/gifted-hub.com\\\/it\\\/#\\\/schema\\\/logo\\\/image\\\/\",\"url\":\"https:\\\/\\\/gifted-hub.com\\\/wp-content\\\/uploads\\\/2024\\\/07\\\/logo-1.svg\",\"contentUrl\":\"https:\\\/\\\/gifted-hub.com\\\/wp-content\\\/uploads\\\/2024\\\/07\\\/logo-1.svg\",\"caption\":\"Gifted HUB\"},\"image\":{\"@id\":\"https:\\\/\\\/gifted-hub.com\\\/it\\\/#\\\/schema\\\/logo\\\/image\\\/\"}}]}<\/script>\n<!-- \/ Yoast SEO plugin. -->","yoast_head_json":{"title":"Come gli insegnanti possono favorire gli studenti dotati - Gifted HUB","robots":{"index":"index","follow":"follow","max-snippet":"max-snippet:-1","max-image-preview":"max-image-preview:large","max-video-preview":"max-video-preview:-1"},"canonical":"https:\/\/gifted-hub.com\/it\/insegnanti\/come-gli-insegnanti-possono-favorire-gli-studenti-dotati\/","og_locale":"it_IT","og_type":"article","og_title":"Come gli insegnanti possono favorire gli studenti dotati - Gifted HUB","og_description":"Gli insegnanti si trovano spesso a gestire le esigenze uniche degli studenti dotati nelle loro classi, ma questo supporto ben intenzionato pu\u00f2 talvolta portare a favoritismi che si ripercuotono su tutte le persone coinvolte. Gli studenti dotati possono ricevere un trattamento speciale, come l&#8217;assegnazione di ruoli di leadership, compiti extra o privilegi che gli altri [&hellip;]","og_url":"https:\/\/gifted-hub.com\/it\/insegnanti\/come-gli-insegnanti-possono-favorire-gli-studenti-dotati\/","og_site_name":"Gifted HUB","article_modified_time":"2024-12-31T17:38:33+00:00","og_image":[{"width":1600,"height":1143,"url":"https:\/\/gifted-hub.com\/wp-content\/uploads\/2024\/12\/czisy8ai2ia.jpg","type":"image\/jpeg"}],"twitter_card":"summary_large_image","twitter_misc":{"Tempo di lettura stimato":"2 minuti"},"schema":{"@context":"https:\/\/schema.org","@graph":[{"@type":"WebPage","@id":"https:\/\/gifted-hub.com\/it\/insegnanti\/come-gli-insegnanti-possono-favorire-gli-studenti-dotati\/","url":"https:\/\/gifted-hub.com\/it\/insegnanti\/come-gli-insegnanti-possono-favorire-gli-studenti-dotati\/","name":"Come gli insegnanti possono favorire gli studenti dotati - Gifted HUB","isPartOf":{"@id":"https:\/\/gifted-hub.com\/it\/#website"},"primaryImageOfPage":{"@id":"https:\/\/gifted-hub.com\/it\/insegnanti\/come-gli-insegnanti-possono-favorire-gli-studenti-dotati\/#primaryimage"},"image":{"@id":"https:\/\/gifted-hub.com\/it\/insegnanti\/come-gli-insegnanti-possono-favorire-gli-studenti-dotati\/#primaryimage"},"thumbnailUrl":"https:\/\/gifted-hub.com\/wp-content\/uploads\/2024\/12\/czisy8ai2ia.jpg","datePublished":"2024-12-31T17:21:46+00:00","dateModified":"2024-12-31T17:38:33+00:00","breadcrumb":{"@id":"https:\/\/gifted-hub.com\/it\/insegnanti\/come-gli-insegnanti-possono-favorire-gli-studenti-dotati\/#breadcrumb"},"inLanguage":"it-IT","potentialAction":[{"@type":"ReadAction","target":["https:\/\/gifted-hub.com\/it\/insegnanti\/come-gli-insegnanti-possono-favorire-gli-studenti-dotati\/"]}]},{"@type":"ImageObject","inLanguage":"it-IT","@id":"https:\/\/gifted-hub.com\/it\/insegnanti\/come-gli-insegnanti-possono-favorire-gli-studenti-dotati\/#primaryimage","url":"https:\/\/gifted-hub.com\/wp-content\/uploads\/2024\/12\/czisy8ai2ia.jpg","contentUrl":"https:\/\/gifted-hub.com\/wp-content\/uploads\/2024\/12\/czisy8ai2ia.jpg","width":1600,"height":1143},{"@type":"BreadcrumbList","@id":"https:\/\/gifted-hub.com\/it\/insegnanti\/come-gli-insegnanti-possono-favorire-gli-studenti-dotati\/#breadcrumb","itemListElement":[{"@type":"ListItem","position":1,"name":"Home","item":"https:\/\/gifted-hub.com\/it\/home\/"},{"@type":"ListItem","position":2,"name":"Insegnanti","item":"https:\/\/gifted-hub.com\/it\/insegnanti\/"},{"@type":"ListItem","position":3,"name":"Come gli insegnanti possono favorire gli studenti dotati"}]},{"@type":"WebSite","@id":"https:\/\/gifted-hub.com\/it\/#website","url":"https:\/\/gifted-hub.com\/it\/","name":"Gifted HUB","description":"Uno spazio per alte abilit\u00e0","publisher":{"@id":"https:\/\/gifted-hub.com\/it\/#organization"},"potentialAction":[{"@type":"SearchAction","target":{"@type":"EntryPoint","urlTemplate":"https:\/\/gifted-hub.com\/it\/?s={search_term_string}"},"query-input":{"@type":"PropertyValueSpecification","valueRequired":true,"valueName":"search_term_string"}}],"inLanguage":"it-IT"},{"@type":"Organization","@id":"https:\/\/gifted-hub.com\/it\/#organization","name":"Gifted HUB","url":"https:\/\/gifted-hub.com\/it\/","logo":{"@type":"ImageObject","inLanguage":"it-IT","@id":"https:\/\/gifted-hub.com\/it\/#\/schema\/logo\/image\/","url":"https:\/\/gifted-hub.com\/wp-content\/uploads\/2024\/07\/logo-1.svg","contentUrl":"https:\/\/gifted-hub.com\/wp-content\/uploads\/2024\/07\/logo-1.svg","caption":"Gifted HUB"},"image":{"@id":"https:\/\/gifted-hub.com\/it\/#\/schema\/logo\/image\/"}}]}},"_links":{"self":[{"href":"https:\/\/gifted-hub.com\/it\/wp-json\/wp\/v2\/pages\/18808","targetHints":{"allow":["GET"]}}],"collection":[{"href":"https:\/\/gifted-hub.com\/it\/wp-json\/wp\/v2\/pages"}],"about":[{"href":"https:\/\/gifted-hub.com\/it\/wp-json\/wp\/v2\/types\/page"}],"author":[{"embeddable":true,"href":"https:\/\/gifted-hub.com\/it\/wp-json\/wp\/v2\/users\/1"}],"replies":[{"embeddable":true,"href":"https:\/\/gifted-hub.com\/it\/wp-json\/wp\/v2\/comments?post=18808"}],"version-history":[{"count":1,"href":"https:\/\/gifted-hub.com\/it\/wp-json\/wp\/v2\/pages\/18808\/revisions"}],"predecessor-version":[{"id":18809,"href":"https:\/\/gifted-hub.com\/it\/wp-json\/wp\/v2\/pages\/18808\/revisions\/18809"}],"up":[{"embeddable":true,"href":"https:\/\/gifted-hub.com\/it\/wp-json\/wp\/v2\/pages\/15899"}],"wp:featuredmedia":[{"embeddable":true,"href":"https:\/\/gifted-hub.com\/it\/wp-json\/wp\/v2\/media\/18792"}],"wp:attachment":[{"href":"https:\/\/gifted-hub.com\/it\/wp-json\/wp\/v2\/media?parent=18808"}],"wp:term":[{"taxonomy":"group-interest","embeddable":true,"href":"https:\/\/gifted-hub.com\/it\/wp-json\/wp\/v2\/group-interest?post=18808"}],"curies":[{"name":"wp","href":"https:\/\/api.w.org\/{rel}","templated":true}]}}