{"id":17962,"date":"2024-11-10T22:15:55","date_gmt":"2024-11-10T22:15:55","guid":{"rendered":"https:\/\/gifted-hub.com\/il-ruolo-delle-tecnologie-digitali-nelleducazione-degli-studenti-dotati\/"},"modified":"2024-11-16T00:57:00","modified_gmt":"2024-11-16T00:57:00","slug":"il-ruolo-delle-tecnologie-digitali-nelleducazione-degli-studenti-dotati","status":"publish","type":"page","link":"https:\/\/gifted-hub.com\/it\/insegnanti\/il-ruolo-delle-tecnologie-digitali-nelleducazione-degli-studenti-dotati\/","title":{"rendered":"Il ruolo delle tecnologie digitali nell&#8217;educazione degli studenti dotati"},"content":{"rendered":"\n<p>Nel mondo in rapida evoluzione di oggi, il ruolo della tecnologia nell&#8217;educazione \u00e8 diventato non solo utile ma essenziale, in particolare per supportare le esigenze degli studenti dotati. Questi bambini spesso necessitano di pi\u00f9 stimoli e sfide rispetto a quanto offerto in una classe convenzionale. Integrare le Tecnologie dell&#8217;Informazione e della Comunicazione (ICT) nel loro apprendimento pu\u00f2 essere incredibilmente vantaggioso, aiutandoli a esplorare pi\u00f9 a fondo i loro talenti e capacit\u00e0.  <\/p>\n\n<p>Gli studenti dotati sono caratterizzati dalla loro curiosit\u00e0, immaginazione e capacit\u00e0 di apprendere a un ritmo pi\u00f9 veloce rispetto ai loro coetanei. Tuttavia, nonostante il loro alto potenziale, spesso affrontano sfide nei contesti educativi tradizionali, come una <a href=\"https:\/\/gifted-hub.com\/it\/insegnanti\/affrontare-il-sotto-rendimento-negli-studenti-con-alte-abilita\/\" data-type=\"page\" data-id=\"17707\">mancanza di coinvolgimento o addirittura noia<\/a>. L&#8217;uso delle tecnologie digitali pu\u00f2 colmare efficacemente questo divario. Gli strumenti ICT, inclusi laptop, tablet e varie applicazioni di apprendimento, possono fornire un ambiente pi\u00f9 dinamico e stimolante per questi studenti. Dando loro accesso a contenuti pi\u00f9 avanzati, esperimenti virtuali o discussioni interattive, la tecnologia aiuta questi studenti a rimanere interessati e motivati.    <\/p>\n\n<p>Un approccio promettente \u00e8 l&#8217;apprendimento mobile, che consente agli studenti di apprendere al proprio ritmo, in qualsiasi momento e ovunque. Con l&#8217;uso di smartphone o tablet, gli studenti dotati possono facilmente accedere a materiali educativi al di fuori della classe, il che incoraggia l&#8217;apprendimento continuo e la libert\u00e0 di perseguire argomenti che li interessano profondamente. Tale flessibilit\u00e0 \u00e8 particolarmente importante per questi studenti, che possono avere una vasta gamma di interessi e trarre beneficio da percorsi di apprendimento individualizzati.  <\/p>\n\n<p>La classe digitale offre anche un nuovo orizzonte per l&#8217;apprendimento. A differenza dell&#8217;impostazione tradizionale, una classe digitale rimuove i confini fisici, offrendo opportunit\u00e0 di collaborazione, risoluzione interattiva dei problemi e accesso alla conoscenza globale. Gli studenti dotati possono impegnarsi con un ampio spettro di materie e interagire con coetanei che condividono la loro curiosit\u00e0 intellettuale, indipendentemente da dove si trovino. Questa connettivit\u00e0 globale consente loro di trovare &#8220;menti affini&#8221;, favorendo sia la crescita accademica che la connessione sociale, che a volte \u00e8 una sfida per i bambini dotati nei contesti scolastici regolari.   <\/p>\n\n<p>I forum di discussione online e le comunit\u00e0 digitali sono un altro eccellente modo per gli studenti dotati di interagire, condividere i loro pensieri e collaborare su vari argomenti di interesse. Queste piattaforme forniscono uno spazio in cui i discenti dotati possono esplorare concetti impegnativi e sviluppare le loro capacit\u00e0 di pensiero critico e risoluzione dei problemi in un contesto collaborativo. Attraverso tali interazioni, possono anche migliorare le loro <a href=\"https:\/\/gifted-hub.com\/it\/famiglia\/i-nostri-bambini-e-le-loro-abilita-sociali\/\" data-type=\"page\" data-id=\"15279\">capacit\u00e0 di comunicazione e costruire connessioni sociali<\/a>, aiutandoli a sentirsi pi\u00f9 integrati e coinvolti.  <\/p>\n\n<p>Incorporare le ICT nell&#8217;educazione dei dotati non riguarda solo l&#8217;accesso alle informazioni, ma trasformare il modo in cui questi studenti interagiscono con la conoscenza. Utilizzando tecniche come il digital storytelling, le simulazioni interattive e i progetti creativi, la tecnologia pu\u00f2 aiutare questi studenti a esprimersi pi\u00f9 efficacemente ed esplorare le materie in profondit\u00e0. Questi strumenti permettono loro di usare la loro creativit\u00e0 e capacit\u00e0 di risoluzione dei problemi in modo significativo, rendendo il processo di apprendimento sia piacevole che arricchente.  <\/p>\n\n<p>Inoltre, \u00e8 cruciale riconoscere che alcuni studenti dotati hanno abilit\u00e0 eccezionali nella tecnologia stessa. Questi studenti dovrebbero essere coltivati attraverso progetti e programmi ICT specializzati, permettendo loro di affinare i loro talenti in aree come la programmazione, il design e la robotica. La tecnologia non solo supporta il loro apprendimento, ma serve anche come mezzo attraverso il quale possono innovare, creare ed esplorare il loro pieno potenziale.  <\/p>\n\n<p>In conclusione,<strong> le tecnologie digitali offrono un&#8217;opportunit\u00e0 senza pari per trasformare l&#8217;esperienza di apprendimento degli studenti dotati<\/strong>. Rendendo l&#8217;educazione pi\u00f9 personalizzata, flessibile e coinvolgente, le ICT possono aiutare questi giovani discenti a raggiungere il loro pieno potenziale, assicurando che non si sentano emarginati o annoiati, ma piuttosto potenziati, sfidati e pronti ad affrontare il mondo. <\/p>\n","protected":false},"excerpt":{"rendered":"<p>Nel mondo in rapida evoluzione di oggi, il ruolo della tecnologia nell&#8217;educazione \u00e8 diventato non solo utile ma essenziale, in particolare per supportare le esigenze degli studenti dotati. Questi bambini spesso necessitano di pi\u00f9 stimoli e sfide rispetto a quanto offerto in una classe convenzionale. Integrare le Tecnologie dell&#8217;Informazione e della Comunicazione (ICT) nel loro [&hellip;]<\/p>\n","protected":false},"author":1,"featured_media":17949,"parent":15899,"menu_order":0,"comment_status":"closed","ping_status":"closed","template":"","meta":{"_acf_changed":false,"inline_featured_image":false,"footnotes":""},"group-interest":[],"class_list":["post-17962","page","type-page","status-publish","has-post-thumbnail","hentry"],"acf":[],"yoast_head":"<!-- This site is optimized with the Yoast SEO plugin v27.4 - https:\/\/yoast.com\/product\/yoast-seo-wordpress\/ -->\n<title>Il ruolo delle tecnologie digitali nell&#039;educazione degli studenti dotati - Gifted HUB<\/title>\n<meta name=\"robots\" content=\"index, follow, max-snippet:-1, max-image-preview:large, max-video-preview:-1\" \/>\n<link rel=\"canonical\" href=\"https:\/\/gifted-hub.com\/it\/insegnanti\/il-ruolo-delle-tecnologie-digitali-nelleducazione-degli-studenti-dotati\/\" \/>\n<meta property=\"og:locale\" content=\"it_IT\" \/>\n<meta property=\"og:type\" content=\"article\" \/>\n<meta property=\"og:title\" content=\"Il ruolo delle tecnologie digitali nell&#039;educazione degli studenti dotati - Gifted HUB\" \/>\n<meta property=\"og:description\" content=\"Nel mondo in rapida evoluzione di oggi, il ruolo della tecnologia nell&#8217;educazione \u00e8 diventato non solo utile ma essenziale, in particolare per supportare le esigenze degli studenti dotati. Questi bambini spesso necessitano di pi\u00f9 stimoli e sfide rispetto a quanto offerto in una classe convenzionale. Integrare le Tecnologie dell&#8217;Informazione e della Comunicazione (ICT) nel loro [&hellip;]\" \/>\n<meta property=\"og:url\" content=\"https:\/\/gifted-hub.com\/it\/insegnanti\/il-ruolo-delle-tecnologie-digitali-nelleducazione-degli-studenti-dotati\/\" \/>\n<meta property=\"og:site_name\" content=\"Gifted HUB\" \/>\n<meta property=\"article:modified_time\" content=\"2024-11-16T00:57:00+00:00\" \/>\n<meta property=\"og:image\" content=\"https:\/\/gifted-hub.com\/wp-content\/uploads\/2024\/11\/02jrb0gop30.jpg\" \/>\n\t<meta property=\"og:image:width\" content=\"1600\" \/>\n\t<meta property=\"og:image:height\" content=\"1065\" \/>\n\t<meta property=\"og:image:type\" content=\"image\/jpeg\" \/>\n<meta name=\"twitter:card\" content=\"summary_large_image\" \/>\n<meta name=\"twitter:label1\" content=\"Tempo di lettura stimato\" \/>\n\t<meta name=\"twitter:data1\" content=\"3 minuti\" \/>\n<script type=\"application\/ld+json\" class=\"yoast-schema-graph\">{\"@context\":\"https:\\\/\\\/schema.org\",\"@graph\":[{\"@type\":\"WebPage\",\"@id\":\"https:\\\/\\\/gifted-hub.com\\\/it\\\/insegnanti\\\/il-ruolo-delle-tecnologie-digitali-nelleducazione-degli-studenti-dotati\\\/\",\"url\":\"https:\\\/\\\/gifted-hub.com\\\/it\\\/insegnanti\\\/il-ruolo-delle-tecnologie-digitali-nelleducazione-degli-studenti-dotati\\\/\",\"name\":\"Il ruolo delle tecnologie digitali nell'educazione degli studenti dotati - Gifted HUB\",\"isPartOf\":{\"@id\":\"https:\\\/\\\/gifted-hub.com\\\/it\\\/#website\"},\"primaryImageOfPage\":{\"@id\":\"https:\\\/\\\/gifted-hub.com\\\/it\\\/insegnanti\\\/il-ruolo-delle-tecnologie-digitali-nelleducazione-degli-studenti-dotati\\\/#primaryimage\"},\"image\":{\"@id\":\"https:\\\/\\\/gifted-hub.com\\\/it\\\/insegnanti\\\/il-ruolo-delle-tecnologie-digitali-nelleducazione-degli-studenti-dotati\\\/#primaryimage\"},\"thumbnailUrl\":\"https:\\\/\\\/gifted-hub.com\\\/wp-content\\\/uploads\\\/2024\\\/11\\\/02jrb0gop30.jpg\",\"datePublished\":\"2024-11-10T22:15:55+00:00\",\"dateModified\":\"2024-11-16T00:57:00+00:00\",\"breadcrumb\":{\"@id\":\"https:\\\/\\\/gifted-hub.com\\\/it\\\/insegnanti\\\/il-ruolo-delle-tecnologie-digitali-nelleducazione-degli-studenti-dotati\\\/#breadcrumb\"},\"inLanguage\":\"it-IT\",\"potentialAction\":[{\"@type\":\"ReadAction\",\"target\":[\"https:\\\/\\\/gifted-hub.com\\\/it\\\/insegnanti\\\/il-ruolo-delle-tecnologie-digitali-nelleducazione-degli-studenti-dotati\\\/\"]}]},{\"@type\":\"ImageObject\",\"inLanguage\":\"it-IT\",\"@id\":\"https:\\\/\\\/gifted-hub.com\\\/it\\\/insegnanti\\\/il-ruolo-delle-tecnologie-digitali-nelleducazione-degli-studenti-dotati\\\/#primaryimage\",\"url\":\"https:\\\/\\\/gifted-hub.com\\\/wp-content\\\/uploads\\\/2024\\\/11\\\/02jrb0gop30.jpg\",\"contentUrl\":\"https:\\\/\\\/gifted-hub.com\\\/wp-content\\\/uploads\\\/2024\\\/11\\\/02jrb0gop30.jpg\",\"width\":1600,\"height\":1065},{\"@type\":\"BreadcrumbList\",\"@id\":\"https:\\\/\\\/gifted-hub.com\\\/it\\\/insegnanti\\\/il-ruolo-delle-tecnologie-digitali-nelleducazione-degli-studenti-dotati\\\/#breadcrumb\",\"itemListElement\":[{\"@type\":\"ListItem\",\"position\":1,\"name\":\"Home\",\"item\":\"https:\\\/\\\/gifted-hub.com\\\/it\\\/home\\\/\"},{\"@type\":\"ListItem\",\"position\":2,\"name\":\"Insegnanti\",\"item\":\"https:\\\/\\\/gifted-hub.com\\\/it\\\/insegnanti\\\/\"},{\"@type\":\"ListItem\",\"position\":3,\"name\":\"Il ruolo delle tecnologie digitali nell&#8217;educazione degli studenti dotati\"}]},{\"@type\":\"WebSite\",\"@id\":\"https:\\\/\\\/gifted-hub.com\\\/it\\\/#website\",\"url\":\"https:\\\/\\\/gifted-hub.com\\\/it\\\/\",\"name\":\"Gifted HUB\",\"description\":\"Uno spazio per alte abilit\u00e0\",\"publisher\":{\"@id\":\"https:\\\/\\\/gifted-hub.com\\\/it\\\/#organization\"},\"potentialAction\":[{\"@type\":\"SearchAction\",\"target\":{\"@type\":\"EntryPoint\",\"urlTemplate\":\"https:\\\/\\\/gifted-hub.com\\\/it\\\/?s={search_term_string}\"},\"query-input\":{\"@type\":\"PropertyValueSpecification\",\"valueRequired\":true,\"valueName\":\"search_term_string\"}}],\"inLanguage\":\"it-IT\"},{\"@type\":\"Organization\",\"@id\":\"https:\\\/\\\/gifted-hub.com\\\/it\\\/#organization\",\"name\":\"Gifted HUB\",\"url\":\"https:\\\/\\\/gifted-hub.com\\\/it\\\/\",\"logo\":{\"@type\":\"ImageObject\",\"inLanguage\":\"it-IT\",\"@id\":\"https:\\\/\\\/gifted-hub.com\\\/it\\\/#\\\/schema\\\/logo\\\/image\\\/\",\"url\":\"https:\\\/\\\/gifted-hub.com\\\/wp-content\\\/uploads\\\/2024\\\/07\\\/logo-1.svg\",\"contentUrl\":\"https:\\\/\\\/gifted-hub.com\\\/wp-content\\\/uploads\\\/2024\\\/07\\\/logo-1.svg\",\"caption\":\"Gifted HUB\"},\"image\":{\"@id\":\"https:\\\/\\\/gifted-hub.com\\\/it\\\/#\\\/schema\\\/logo\\\/image\\\/\"}}]}<\/script>\n<!-- \/ Yoast SEO plugin. -->","yoast_head_json":{"title":"Il ruolo delle tecnologie digitali nell'educazione degli studenti dotati - Gifted HUB","robots":{"index":"index","follow":"follow","max-snippet":"max-snippet:-1","max-image-preview":"max-image-preview:large","max-video-preview":"max-video-preview:-1"},"canonical":"https:\/\/gifted-hub.com\/it\/insegnanti\/il-ruolo-delle-tecnologie-digitali-nelleducazione-degli-studenti-dotati\/","og_locale":"it_IT","og_type":"article","og_title":"Il ruolo delle tecnologie digitali nell'educazione degli studenti dotati - Gifted HUB","og_description":"Nel mondo in rapida evoluzione di oggi, il ruolo della tecnologia nell&#8217;educazione \u00e8 diventato non solo utile ma essenziale, in particolare per supportare le esigenze degli studenti dotati. Questi bambini spesso necessitano di pi\u00f9 stimoli e sfide rispetto a quanto offerto in una classe convenzionale. Integrare le Tecnologie dell&#8217;Informazione e della Comunicazione (ICT) nel loro [&hellip;]","og_url":"https:\/\/gifted-hub.com\/it\/insegnanti\/il-ruolo-delle-tecnologie-digitali-nelleducazione-degli-studenti-dotati\/","og_site_name":"Gifted HUB","article_modified_time":"2024-11-16T00:57:00+00:00","og_image":[{"width":1600,"height":1065,"url":"https:\/\/gifted-hub.com\/wp-content\/uploads\/2024\/11\/02jrb0gop30.jpg","type":"image\/jpeg"}],"twitter_card":"summary_large_image","twitter_misc":{"Tempo di lettura stimato":"3 minuti"},"schema":{"@context":"https:\/\/schema.org","@graph":[{"@type":"WebPage","@id":"https:\/\/gifted-hub.com\/it\/insegnanti\/il-ruolo-delle-tecnologie-digitali-nelleducazione-degli-studenti-dotati\/","url":"https:\/\/gifted-hub.com\/it\/insegnanti\/il-ruolo-delle-tecnologie-digitali-nelleducazione-degli-studenti-dotati\/","name":"Il ruolo delle tecnologie digitali nell'educazione degli studenti dotati - Gifted HUB","isPartOf":{"@id":"https:\/\/gifted-hub.com\/it\/#website"},"primaryImageOfPage":{"@id":"https:\/\/gifted-hub.com\/it\/insegnanti\/il-ruolo-delle-tecnologie-digitali-nelleducazione-degli-studenti-dotati\/#primaryimage"},"image":{"@id":"https:\/\/gifted-hub.com\/it\/insegnanti\/il-ruolo-delle-tecnologie-digitali-nelleducazione-degli-studenti-dotati\/#primaryimage"},"thumbnailUrl":"https:\/\/gifted-hub.com\/wp-content\/uploads\/2024\/11\/02jrb0gop30.jpg","datePublished":"2024-11-10T22:15:55+00:00","dateModified":"2024-11-16T00:57:00+00:00","breadcrumb":{"@id":"https:\/\/gifted-hub.com\/it\/insegnanti\/il-ruolo-delle-tecnologie-digitali-nelleducazione-degli-studenti-dotati\/#breadcrumb"},"inLanguage":"it-IT","potentialAction":[{"@type":"ReadAction","target":["https:\/\/gifted-hub.com\/it\/insegnanti\/il-ruolo-delle-tecnologie-digitali-nelleducazione-degli-studenti-dotati\/"]}]},{"@type":"ImageObject","inLanguage":"it-IT","@id":"https:\/\/gifted-hub.com\/it\/insegnanti\/il-ruolo-delle-tecnologie-digitali-nelleducazione-degli-studenti-dotati\/#primaryimage","url":"https:\/\/gifted-hub.com\/wp-content\/uploads\/2024\/11\/02jrb0gop30.jpg","contentUrl":"https:\/\/gifted-hub.com\/wp-content\/uploads\/2024\/11\/02jrb0gop30.jpg","width":1600,"height":1065},{"@type":"BreadcrumbList","@id":"https:\/\/gifted-hub.com\/it\/insegnanti\/il-ruolo-delle-tecnologie-digitali-nelleducazione-degli-studenti-dotati\/#breadcrumb","itemListElement":[{"@type":"ListItem","position":1,"name":"Home","item":"https:\/\/gifted-hub.com\/it\/home\/"},{"@type":"ListItem","position":2,"name":"Insegnanti","item":"https:\/\/gifted-hub.com\/it\/insegnanti\/"},{"@type":"ListItem","position":3,"name":"Il ruolo delle tecnologie digitali nell&#8217;educazione degli studenti dotati"}]},{"@type":"WebSite","@id":"https:\/\/gifted-hub.com\/it\/#website","url":"https:\/\/gifted-hub.com\/it\/","name":"Gifted HUB","description":"Uno spazio per alte abilit\u00e0","publisher":{"@id":"https:\/\/gifted-hub.com\/it\/#organization"},"potentialAction":[{"@type":"SearchAction","target":{"@type":"EntryPoint","urlTemplate":"https:\/\/gifted-hub.com\/it\/?s={search_term_string}"},"query-input":{"@type":"PropertyValueSpecification","valueRequired":true,"valueName":"search_term_string"}}],"inLanguage":"it-IT"},{"@type":"Organization","@id":"https:\/\/gifted-hub.com\/it\/#organization","name":"Gifted HUB","url":"https:\/\/gifted-hub.com\/it\/","logo":{"@type":"ImageObject","inLanguage":"it-IT","@id":"https:\/\/gifted-hub.com\/it\/#\/schema\/logo\/image\/","url":"https:\/\/gifted-hub.com\/wp-content\/uploads\/2024\/07\/logo-1.svg","contentUrl":"https:\/\/gifted-hub.com\/wp-content\/uploads\/2024\/07\/logo-1.svg","caption":"Gifted HUB"},"image":{"@id":"https:\/\/gifted-hub.com\/it\/#\/schema\/logo\/image\/"}}]}},"_links":{"self":[{"href":"https:\/\/gifted-hub.com\/it\/wp-json\/wp\/v2\/pages\/17962","targetHints":{"allow":["GET"]}}],"collection":[{"href":"https:\/\/gifted-hub.com\/it\/wp-json\/wp\/v2\/pages"}],"about":[{"href":"https:\/\/gifted-hub.com\/it\/wp-json\/wp\/v2\/types\/page"}],"author":[{"embeddable":true,"href":"https:\/\/gifted-hub.com\/it\/wp-json\/wp\/v2\/users\/1"}],"replies":[{"embeddable":true,"href":"https:\/\/gifted-hub.com\/it\/wp-json\/wp\/v2\/comments?post=17962"}],"version-history":[{"count":2,"href":"https:\/\/gifted-hub.com\/it\/wp-json\/wp\/v2\/pages\/17962\/revisions"}],"predecessor-version":[{"id":18189,"href":"https:\/\/gifted-hub.com\/it\/wp-json\/wp\/v2\/pages\/17962\/revisions\/18189"}],"up":[{"embeddable":true,"href":"https:\/\/gifted-hub.com\/it\/wp-json\/wp\/v2\/pages\/15899"}],"wp:featuredmedia":[{"embeddable":true,"href":"https:\/\/gifted-hub.com\/it\/wp-json\/wp\/v2\/media\/17949"}],"wp:attachment":[{"href":"https:\/\/gifted-hub.com\/it\/wp-json\/wp\/v2\/media?parent=17962"}],"wp:term":[{"taxonomy":"group-interest","embeddable":true,"href":"https:\/\/gifted-hub.com\/it\/wp-json\/wp\/v2\/group-interest?post=17962"}],"curies":[{"name":"wp","href":"https:\/\/api.w.org\/{rel}","templated":true}]}}