{"id":17806,"date":"2024-11-09T22:48:23","date_gmt":"2024-11-09T22:48:23","guid":{"rendered":"https:\/\/gifted-hub.com\/insegnanti\/bullismo-e-studenti-con-elevate-capacita\/"},"modified":"2024-11-09T23:01:57","modified_gmt":"2024-11-09T23:01:57","slug":"bullismo-e-studenti-con-elevate-capacita","status":"publish","type":"page","link":"https:\/\/gifted-hub.com\/it\/insegnanti\/bullismo-e-studenti-con-elevate-capacita\/","title":{"rendered":"Bullismo e studenti con elevate capacit\u00e0"},"content":{"rendered":"\n<p>Il bullismo \u00e8 un problema complesso che colpisce in modo particolare gli studenti con alte capacit\u00e0. Questo gruppo, spesso visto come diverso a causa delle sue capacit\u00e0 intellettuali, deve affrontare non solo sfide accademiche ma anche difficolt\u00e0 sociali ed emotive. Il bullismo scolastico nei confronti di questi studenti pu\u00f2 manifestarsi sia in forma fisica che psicologica e non \u00e8 raro che siano anche vittime di cyberbullismo. Questi studenti spesso si distinguono per la loro capacit\u00e0 di ragionamento, la memoria e la creativit\u00e0: caratteristiche che, purtroppo, a volte li rendono un bersaglio a causa della loro diversit\u00e0 dal gruppo.   <\/p>\n\n<p>Diversi studi hanno evidenziato che gli studenti con elevate capacit\u00e0 intellettive (HIA) tendono a essere pi\u00f9 vulnerabili al bullismo scolastico. Da un lato, queste elevate capacit\u00e0 li fanno risaltare, il che pu\u00f2 generare invidia o disagio tra i loro coetanei. Dall&#8217;altro lato, alcune caratteristiche comuni a questi ragazzi, come un maggiore perfezionismo, sensibilit\u00e0 e una forte coscienza morale, possono contribuire a renderli pi\u00f9 vulnerabili al bullismo. La mancanza di comprensione delle loro esigenze e differenze, sia da parte degli insegnanti che degli studenti, aggrava la situazione, lasciando questi studenti in una posizione di maggiore vulnerabilit\u00e0.   <\/p>\n\n<p>L&#8217;impatto del bullismo su questi studenti \u00e8 profondo. Non solo influisce sul loro rendimento scolastico, ma ha anche ripercussioni sul loro benessere emotivo e sulla loro salute mentale. Gli studenti HIA che subiscono atti di bullismo spesso soffrono di livelli pi\u00f9 elevati di ansia, <a href=\"https:\/\/gifted-hub.com\/it\/individui\/depressione-tra-gli-adolescenti-dotati-comprendere-le-sfide\/\" data-type=\"page\" data-id=\"15546\">depressione<\/a> e stress, oltre che di bassa autostima. Questi effetti negativi possono persistere nel tempo, ostacolando la loro capacit\u00e0 di adattarsi all&#8217;ambiente scolastico e il loro sviluppo sociale ed emotivo. Inoltre, l&#8217;esperienza del bullismo pu\u00f2 rendere difficile stabilire relazioni significative, poich\u00e9 spesso si sentono incompresi o non accettati dai loro coetanei.    <\/p>\n\n<p>Per tutti questi motivi, \u00e8 fondamentale promuovere la consapevolezza della diversit\u00e0 nelle scuole, creando un ambiente inclusivo in cui tutti gli studenti, a prescindere dalle loro capacit\u00e0, si sentano apprezzati e al sicuro. L&#8217;individuazione precoce di questi fenomeni e l&#8217;attuazione di programmi di prevenzione possono aiutare a mitigare gli effetti del bullismo, favorendo non solo il benessere degli studenti HIA ma anche il loro sviluppo completo in tutti gli aspetti della vita. <\/p>\n\n<p><\/p>\n","protected":false},"excerpt":{"rendered":"<p>Il bullismo \u00e8 un problema complesso che colpisce in modo particolare gli studenti con alte capacit\u00e0. Questo gruppo, spesso visto come diverso a causa delle sue capacit\u00e0 intellettuali, deve affrontare non solo sfide accademiche ma anche difficolt\u00e0 sociali ed emotive. Il bullismo scolastico nei confronti di questi studenti pu\u00f2 manifestarsi sia in forma fisica che [&hellip;]<\/p>\n","protected":false},"author":1,"featured_media":17770,"parent":15899,"menu_order":0,"comment_status":"closed","ping_status":"closed","template":"","meta":{"_acf_changed":false,"inline_featured_image":false,"footnotes":""},"group-interest":[],"class_list":["post-17806","page","type-page","status-publish","has-post-thumbnail","hentry"],"acf":[],"yoast_head":"<!-- This site is optimized with the Yoast SEO plugin v27.4 - https:\/\/yoast.com\/product\/yoast-seo-wordpress\/ -->\n<title>Bullismo e studenti con elevate capacit\u00e0 - Gifted HUB<\/title>\n<meta name=\"robots\" content=\"index, follow, max-snippet:-1, max-image-preview:large, max-video-preview:-1\" \/>\n<link rel=\"canonical\" href=\"https:\/\/gifted-hub.com\/it\/insegnanti\/bullismo-e-studenti-con-elevate-capacita\/\" \/>\n<meta property=\"og:locale\" content=\"it_IT\" \/>\n<meta property=\"og:type\" content=\"article\" \/>\n<meta property=\"og:title\" content=\"Bullismo e studenti con elevate capacit\u00e0 - Gifted HUB\" \/>\n<meta property=\"og:description\" content=\"Il bullismo \u00e8 un problema complesso che colpisce in modo particolare gli studenti con alte capacit\u00e0. Questo gruppo, spesso visto come diverso a causa delle sue capacit\u00e0 intellettuali, deve affrontare non solo sfide accademiche ma anche difficolt\u00e0 sociali ed emotive. Il bullismo scolastico nei confronti di questi studenti pu\u00f2 manifestarsi sia in forma fisica che [&hellip;]\" \/>\n<meta property=\"og:url\" content=\"https:\/\/gifted-hub.com\/it\/insegnanti\/bullismo-e-studenti-con-elevate-capacita\/\" \/>\n<meta property=\"og:site_name\" content=\"Gifted HUB\" \/>\n<meta property=\"article:modified_time\" content=\"2024-11-09T23:01:57+00:00\" \/>\n<meta property=\"og:image\" content=\"https:\/\/gifted-hub.com\/wp-content\/uploads\/2024\/11\/7640730-e1731192474581.jpg\" \/>\n\t<meta property=\"og:image:width\" content=\"800\" \/>\n\t<meta property=\"og:image:height\" content=\"1200\" \/>\n\t<meta property=\"og:image:type\" content=\"image\/jpeg\" \/>\n<meta name=\"twitter:card\" content=\"summary_large_image\" \/>\n<meta name=\"twitter:label1\" content=\"Tempo di lettura stimato\" \/>\n\t<meta name=\"twitter:data1\" content=\"2 minuti\" \/>\n<script type=\"application\/ld+json\" class=\"yoast-schema-graph\">{\"@context\":\"https:\\\/\\\/schema.org\",\"@graph\":[{\"@type\":\"WebPage\",\"@id\":\"https:\\\/\\\/gifted-hub.com\\\/it\\\/insegnanti\\\/bullismo-e-studenti-con-elevate-capacita\\\/\",\"url\":\"https:\\\/\\\/gifted-hub.com\\\/it\\\/insegnanti\\\/bullismo-e-studenti-con-elevate-capacita\\\/\",\"name\":\"Bullismo e studenti con elevate capacit\u00e0 - Gifted HUB\",\"isPartOf\":{\"@id\":\"https:\\\/\\\/gifted-hub.com\\\/it\\\/#website\"},\"primaryImageOfPage\":{\"@id\":\"https:\\\/\\\/gifted-hub.com\\\/it\\\/insegnanti\\\/bullismo-e-studenti-con-elevate-capacita\\\/#primaryimage\"},\"image\":{\"@id\":\"https:\\\/\\\/gifted-hub.com\\\/it\\\/insegnanti\\\/bullismo-e-studenti-con-elevate-capacita\\\/#primaryimage\"},\"thumbnailUrl\":\"https:\\\/\\\/gifted-hub.com\\\/wp-content\\\/uploads\\\/2024\\\/11\\\/7640730-e1731192474581.jpg\",\"datePublished\":\"2024-11-09T22:48:23+00:00\",\"dateModified\":\"2024-11-09T23:01:57+00:00\",\"breadcrumb\":{\"@id\":\"https:\\\/\\\/gifted-hub.com\\\/it\\\/insegnanti\\\/bullismo-e-studenti-con-elevate-capacita\\\/#breadcrumb\"},\"inLanguage\":\"it-IT\",\"potentialAction\":[{\"@type\":\"ReadAction\",\"target\":[\"https:\\\/\\\/gifted-hub.com\\\/it\\\/insegnanti\\\/bullismo-e-studenti-con-elevate-capacita\\\/\"]}]},{\"@type\":\"ImageObject\",\"inLanguage\":\"it-IT\",\"@id\":\"https:\\\/\\\/gifted-hub.com\\\/it\\\/insegnanti\\\/bullismo-e-studenti-con-elevate-capacita\\\/#primaryimage\",\"url\":\"https:\\\/\\\/gifted-hub.com\\\/wp-content\\\/uploads\\\/2024\\\/11\\\/7640730-e1731192474581.jpg\",\"contentUrl\":\"https:\\\/\\\/gifted-hub.com\\\/wp-content\\\/uploads\\\/2024\\\/11\\\/7640730-e1731192474581.jpg\",\"width\":800,\"height\":1200},{\"@type\":\"BreadcrumbList\",\"@id\":\"https:\\\/\\\/gifted-hub.com\\\/it\\\/insegnanti\\\/bullismo-e-studenti-con-elevate-capacita\\\/#breadcrumb\",\"itemListElement\":[{\"@type\":\"ListItem\",\"position\":1,\"name\":\"Home\",\"item\":\"https:\\\/\\\/gifted-hub.com\\\/it\\\/home\\\/\"},{\"@type\":\"ListItem\",\"position\":2,\"name\":\"Insegnanti\",\"item\":\"https:\\\/\\\/gifted-hub.com\\\/it\\\/insegnanti\\\/\"},{\"@type\":\"ListItem\",\"position\":3,\"name\":\"Bullismo e studenti con elevate capacit\u00e0\"}]},{\"@type\":\"WebSite\",\"@id\":\"https:\\\/\\\/gifted-hub.com\\\/it\\\/#website\",\"url\":\"https:\\\/\\\/gifted-hub.com\\\/it\\\/\",\"name\":\"Gifted HUB\",\"description\":\"Uno spazio per alte abilit\u00e0\",\"publisher\":{\"@id\":\"https:\\\/\\\/gifted-hub.com\\\/it\\\/#organization\"},\"potentialAction\":[{\"@type\":\"SearchAction\",\"target\":{\"@type\":\"EntryPoint\",\"urlTemplate\":\"https:\\\/\\\/gifted-hub.com\\\/it\\\/?s={search_term_string}\"},\"query-input\":{\"@type\":\"PropertyValueSpecification\",\"valueRequired\":true,\"valueName\":\"search_term_string\"}}],\"inLanguage\":\"it-IT\"},{\"@type\":\"Organization\",\"@id\":\"https:\\\/\\\/gifted-hub.com\\\/it\\\/#organization\",\"name\":\"Gifted HUB\",\"url\":\"https:\\\/\\\/gifted-hub.com\\\/it\\\/\",\"logo\":{\"@type\":\"ImageObject\",\"inLanguage\":\"it-IT\",\"@id\":\"https:\\\/\\\/gifted-hub.com\\\/it\\\/#\\\/schema\\\/logo\\\/image\\\/\",\"url\":\"https:\\\/\\\/gifted-hub.com\\\/wp-content\\\/uploads\\\/2024\\\/07\\\/logo-1.svg\",\"contentUrl\":\"https:\\\/\\\/gifted-hub.com\\\/wp-content\\\/uploads\\\/2024\\\/07\\\/logo-1.svg\",\"caption\":\"Gifted HUB\"},\"image\":{\"@id\":\"https:\\\/\\\/gifted-hub.com\\\/it\\\/#\\\/schema\\\/logo\\\/image\\\/\"}}]}<\/script>\n<!-- \/ Yoast SEO plugin. -->","yoast_head_json":{"title":"Bullismo e studenti con elevate capacit\u00e0 - Gifted HUB","robots":{"index":"index","follow":"follow","max-snippet":"max-snippet:-1","max-image-preview":"max-image-preview:large","max-video-preview":"max-video-preview:-1"},"canonical":"https:\/\/gifted-hub.com\/it\/insegnanti\/bullismo-e-studenti-con-elevate-capacita\/","og_locale":"it_IT","og_type":"article","og_title":"Bullismo e studenti con elevate capacit\u00e0 - Gifted HUB","og_description":"Il bullismo \u00e8 un problema complesso che colpisce in modo particolare gli studenti con alte capacit\u00e0. Questo gruppo, spesso visto come diverso a causa delle sue capacit\u00e0 intellettuali, deve affrontare non solo sfide accademiche ma anche difficolt\u00e0 sociali ed emotive. Il bullismo scolastico nei confronti di questi studenti pu\u00f2 manifestarsi sia in forma fisica che [&hellip;]","og_url":"https:\/\/gifted-hub.com\/it\/insegnanti\/bullismo-e-studenti-con-elevate-capacita\/","og_site_name":"Gifted HUB","article_modified_time":"2024-11-09T23:01:57+00:00","og_image":[{"width":800,"height":1200,"url":"https:\/\/gifted-hub.com\/wp-content\/uploads\/2024\/11\/7640730-e1731192474581.jpg","type":"image\/jpeg"}],"twitter_card":"summary_large_image","twitter_misc":{"Tempo di lettura stimato":"2 minuti"},"schema":{"@context":"https:\/\/schema.org","@graph":[{"@type":"WebPage","@id":"https:\/\/gifted-hub.com\/it\/insegnanti\/bullismo-e-studenti-con-elevate-capacita\/","url":"https:\/\/gifted-hub.com\/it\/insegnanti\/bullismo-e-studenti-con-elevate-capacita\/","name":"Bullismo e studenti con elevate capacit\u00e0 - Gifted HUB","isPartOf":{"@id":"https:\/\/gifted-hub.com\/it\/#website"},"primaryImageOfPage":{"@id":"https:\/\/gifted-hub.com\/it\/insegnanti\/bullismo-e-studenti-con-elevate-capacita\/#primaryimage"},"image":{"@id":"https:\/\/gifted-hub.com\/it\/insegnanti\/bullismo-e-studenti-con-elevate-capacita\/#primaryimage"},"thumbnailUrl":"https:\/\/gifted-hub.com\/wp-content\/uploads\/2024\/11\/7640730-e1731192474581.jpg","datePublished":"2024-11-09T22:48:23+00:00","dateModified":"2024-11-09T23:01:57+00:00","breadcrumb":{"@id":"https:\/\/gifted-hub.com\/it\/insegnanti\/bullismo-e-studenti-con-elevate-capacita\/#breadcrumb"},"inLanguage":"it-IT","potentialAction":[{"@type":"ReadAction","target":["https:\/\/gifted-hub.com\/it\/insegnanti\/bullismo-e-studenti-con-elevate-capacita\/"]}]},{"@type":"ImageObject","inLanguage":"it-IT","@id":"https:\/\/gifted-hub.com\/it\/insegnanti\/bullismo-e-studenti-con-elevate-capacita\/#primaryimage","url":"https:\/\/gifted-hub.com\/wp-content\/uploads\/2024\/11\/7640730-e1731192474581.jpg","contentUrl":"https:\/\/gifted-hub.com\/wp-content\/uploads\/2024\/11\/7640730-e1731192474581.jpg","width":800,"height":1200},{"@type":"BreadcrumbList","@id":"https:\/\/gifted-hub.com\/it\/insegnanti\/bullismo-e-studenti-con-elevate-capacita\/#breadcrumb","itemListElement":[{"@type":"ListItem","position":1,"name":"Home","item":"https:\/\/gifted-hub.com\/it\/home\/"},{"@type":"ListItem","position":2,"name":"Insegnanti","item":"https:\/\/gifted-hub.com\/it\/insegnanti\/"},{"@type":"ListItem","position":3,"name":"Bullismo e studenti con elevate capacit\u00e0"}]},{"@type":"WebSite","@id":"https:\/\/gifted-hub.com\/it\/#website","url":"https:\/\/gifted-hub.com\/it\/","name":"Gifted HUB","description":"Uno spazio per alte abilit\u00e0","publisher":{"@id":"https:\/\/gifted-hub.com\/it\/#organization"},"potentialAction":[{"@type":"SearchAction","target":{"@type":"EntryPoint","urlTemplate":"https:\/\/gifted-hub.com\/it\/?s={search_term_string}"},"query-input":{"@type":"PropertyValueSpecification","valueRequired":true,"valueName":"search_term_string"}}],"inLanguage":"it-IT"},{"@type":"Organization","@id":"https:\/\/gifted-hub.com\/it\/#organization","name":"Gifted HUB","url":"https:\/\/gifted-hub.com\/it\/","logo":{"@type":"ImageObject","inLanguage":"it-IT","@id":"https:\/\/gifted-hub.com\/it\/#\/schema\/logo\/image\/","url":"https:\/\/gifted-hub.com\/wp-content\/uploads\/2024\/07\/logo-1.svg","contentUrl":"https:\/\/gifted-hub.com\/wp-content\/uploads\/2024\/07\/logo-1.svg","caption":"Gifted HUB"},"image":{"@id":"https:\/\/gifted-hub.com\/it\/#\/schema\/logo\/image\/"}}]}},"_links":{"self":[{"href":"https:\/\/gifted-hub.com\/it\/wp-json\/wp\/v2\/pages\/17806","targetHints":{"allow":["GET"]}}],"collection":[{"href":"https:\/\/gifted-hub.com\/it\/wp-json\/wp\/v2\/pages"}],"about":[{"href":"https:\/\/gifted-hub.com\/it\/wp-json\/wp\/v2\/types\/page"}],"author":[{"embeddable":true,"href":"https:\/\/gifted-hub.com\/it\/wp-json\/wp\/v2\/users\/1"}],"replies":[{"embeddable":true,"href":"https:\/\/gifted-hub.com\/it\/wp-json\/wp\/v2\/comments?post=17806"}],"version-history":[{"count":1,"href":"https:\/\/gifted-hub.com\/it\/wp-json\/wp\/v2\/pages\/17806\/revisions"}],"predecessor-version":[{"id":17807,"href":"https:\/\/gifted-hub.com\/it\/wp-json\/wp\/v2\/pages\/17806\/revisions\/17807"}],"up":[{"embeddable":true,"href":"https:\/\/gifted-hub.com\/it\/wp-json\/wp\/v2\/pages\/15899"}],"wp:featuredmedia":[{"embeddable":true,"href":"https:\/\/gifted-hub.com\/it\/wp-json\/wp\/v2\/media\/17770"}],"wp:attachment":[{"href":"https:\/\/gifted-hub.com\/it\/wp-json\/wp\/v2\/media?parent=17806"}],"wp:term":[{"taxonomy":"group-interest","embeddable":true,"href":"https:\/\/gifted-hub.com\/it\/wp-json\/wp\/v2\/group-interest?post=17806"}],"curies":[{"name":"wp","href":"https:\/\/api.w.org\/{rel}","templated":true}]}}