{"id":16921,"date":"2024-08-17T22:13:30","date_gmt":"2024-08-17T22:13:30","guid":{"rendered":"https:\/\/gifted-hub.com\/individui\/"},"modified":"2024-11-01T22:16:28","modified_gmt":"2024-11-01T22:16:28","slug":"individui","status":"publish","type":"page","link":"https:\/\/gifted-hub.com\/it\/individui\/","title":{"rendered":"Individui"},"content":{"rendered":"\n<p>Se hai mai avuto la sensazione di pensare alle cose in modo pi\u00f9 profondo o di apprendere e comprendere le cose in modo diverso dagli altri, potresti esserti chiesto se hai <a href=\"https:\/\/gifted-hub.com\/it\/cosa-sono-le-alte-abilita\/\" data-type=\"page\" data-id=\"347\">alte capacit\u00e0<\/a>. In questo spazio, ti offriamo le informazioni necessarie per esplorare questa possibilit\u00e0 e comprendere meglio cosa comporta. <\/p>\n\n<p><strong>Come sapere se hai alte capacit\u00e0<\/strong><\/p>\n\n<p>Riconoscere se hai alte capacit\u00e0 <strong>pu\u00f2 essere difficile<\/strong>, poich\u00e9 non si tratta solo di ottenere buoni voti o di essere &#8220;intelligente&#8221; nel senso tradizionale.\nLe alte capacit\u00e0 comprendono una gamma pi\u00f9 ampia che include pensiero critico avanzato, creativit\u00e0 insolita, una curiosit\u00e0 insaziabile e spesso una grande sensibilit\u00e0 emotiva.\nSe ti identifichi con queste caratteristiche, potresti essere sulla strada giusta per esplorare di pi\u00f9 su questo argomento.\nQui, forniamo guide e risorse per aiutarti a identificare se le alte capacit\u00e0 fanno parte della tua vita.   <\/p>\n\n<p>Comprendere se hai alte capacit\u00e0 pu\u00f2 essere fondamentale per massimizzare il tuo potenziale.\nSapere questo ti permette di cercare le giuste opportunit\u00e0 e supporto per sviluppare le tue abilit\u00e0 ed evitare sfide comuni, come la noia o la demotivazione.\nInoltre, <strong>conoscere le tue capacit\u00e0<\/strong> pu\u00f2 offrirti una maggiore comprensione di te stesso e aiutarti a gestire le aspettative che potresti avere, sia tue che degli altri.  <\/p>\n\n<p><strong>Sentirsi parte di un gruppo<\/strong><\/p>\n\n<p>Per molte persone con alte capacit\u00e0, una delle difficolt\u00e0 maggiori \u00e8 sentirsi comprese o trovare un gruppo di persone con interessi e capacit\u00e0 simili.\nQui, favoriamo le connessioni tra persone che condividono queste caratteristiche, creando una comunit\u00e0 in cui puoi sentirti accettato, condividere esperienze e trovare supporto reciproco. <strong><a href=\"\" data-type=\"\" data-id=\"\">Connettersi con gli altri<\/a><\/strong> che stanno anche esplorando le loro alte capacit\u00e0 pu\u00f2 essere un&#8217;esperienza trasformativa, dandoti un senso di appartenenza e comprensione che pu\u00f2 essere difficile trovare in altri ambienti. <\/p>\n\n<p>Avere alte capacit\u00e0 spesso significa avere una vasta gamma di interessi e abilit\u00e0, e trovare compiti o progetti che ti entusiasmino veramente pu\u00f2 essere una sfida.\nIn questo spazio, offriamo idee e suggerimenti per impegnarti in attivit\u00e0 che sfidano il tuo intelletto e ti mantengono motivato.\nDa progetti creativi a sfide intellettuali, qui troverai ispirazione per continuare a crescere e imparare in aree che ti interessano veramente.  <\/p>\n","protected":false},"excerpt":{"rendered":"<p>Se hai mai avuto la sensazione di pensare alle cose in modo pi\u00f9 profondo o di apprendere e comprendere le cose in modo diverso dagli altri, potresti esserti chiesto se hai alte capacit\u00e0. In questo spazio, ti offriamo le informazioni necessarie per esplorare questa possibilit\u00e0 e comprendere meglio cosa comporta. Come sapere se hai alte [&hellip;]<\/p>\n","protected":false},"author":1,"featured_media":15113,"parent":0,"menu_order":0,"comment_status":"closed","ping_status":"closed","template":"","meta":{"_acf_changed":false,"inline_featured_image":false,"footnotes":""},"group-interest":[],"class_list":["post-16921","page","type-page","status-publish","has-post-thumbnail","hentry"],"acf":[],"yoast_head":"<!-- This site is optimized with the Yoast SEO plugin v27.4 - https:\/\/yoast.com\/product\/yoast-seo-wordpress\/ -->\n<title>Individui - Gifted HUB<\/title>\n<meta name=\"robots\" content=\"index, follow, max-snippet:-1, max-image-preview:large, max-video-preview:-1\" \/>\n<link rel=\"canonical\" href=\"https:\/\/gifted-hub.com\/it\/individui\/\" \/>\n<meta property=\"og:locale\" content=\"it_IT\" \/>\n<meta property=\"og:type\" content=\"article\" \/>\n<meta property=\"og:title\" content=\"Individui - Gifted HUB\" \/>\n<meta property=\"og:description\" content=\"Se hai mai avuto la sensazione di pensare alle cose in modo pi\u00f9 profondo o di apprendere e comprendere le cose in modo diverso dagli altri, potresti esserti chiesto se hai alte capacit\u00e0. In questo spazio, ti offriamo le informazioni necessarie per esplorare questa possibilit\u00e0 e comprendere meglio cosa comporta. Come sapere se hai alte [&hellip;]\" \/>\n<meta property=\"og:url\" content=\"https:\/\/gifted-hub.com\/it\/individui\/\" \/>\n<meta property=\"og:site_name\" content=\"Gifted HUB\" \/>\n<meta property=\"article:modified_time\" content=\"2024-11-01T22:16:28+00:00\" \/>\n<meta property=\"og:image\" content=\"https:\/\/gifted-hub.com\/wp-content\/uploads\/2024\/08\/3184163-e1723933938612.jpg\" \/>\n\t<meta property=\"og:image:width\" content=\"1600\" \/>\n\t<meta property=\"og:image:height\" content=\"1067\" \/>\n\t<meta property=\"og:image:type\" content=\"image\/jpeg\" \/>\n<meta name=\"twitter:card\" content=\"summary_large_image\" \/>\n<meta name=\"twitter:label1\" content=\"Tempo di lettura stimato\" \/>\n\t<meta name=\"twitter:data1\" content=\"2 minuti\" \/>\n<script type=\"application\/ld+json\" class=\"yoast-schema-graph\">{\"@context\":\"https:\\\/\\\/schema.org\",\"@graph\":[{\"@type\":\"WebPage\",\"@id\":\"https:\\\/\\\/gifted-hub.com\\\/it\\\/individui\\\/\",\"url\":\"https:\\\/\\\/gifted-hub.com\\\/it\\\/individui\\\/\",\"name\":\"Individui - Gifted HUB\",\"isPartOf\":{\"@id\":\"https:\\\/\\\/gifted-hub.com\\\/it\\\/#website\"},\"primaryImageOfPage\":{\"@id\":\"https:\\\/\\\/gifted-hub.com\\\/it\\\/individui\\\/#primaryimage\"},\"image\":{\"@id\":\"https:\\\/\\\/gifted-hub.com\\\/it\\\/individui\\\/#primaryimage\"},\"thumbnailUrl\":\"https:\\\/\\\/gifted-hub.com\\\/wp-content\\\/uploads\\\/2024\\\/08\\\/3184163-e1723933938612.jpg\",\"datePublished\":\"2024-08-17T22:13:30+00:00\",\"dateModified\":\"2024-11-01T22:16:28+00:00\",\"breadcrumb\":{\"@id\":\"https:\\\/\\\/gifted-hub.com\\\/it\\\/individui\\\/#breadcrumb\"},\"inLanguage\":\"it-IT\",\"potentialAction\":[{\"@type\":\"ReadAction\",\"target\":[\"https:\\\/\\\/gifted-hub.com\\\/it\\\/individui\\\/\"]}]},{\"@type\":\"ImageObject\",\"inLanguage\":\"it-IT\",\"@id\":\"https:\\\/\\\/gifted-hub.com\\\/it\\\/individui\\\/#primaryimage\",\"url\":\"https:\\\/\\\/gifted-hub.com\\\/wp-content\\\/uploads\\\/2024\\\/08\\\/3184163-e1723933938612.jpg\",\"contentUrl\":\"https:\\\/\\\/gifted-hub.com\\\/wp-content\\\/uploads\\\/2024\\\/08\\\/3184163-e1723933938612.jpg\",\"width\":1600,\"height\":1067},{\"@type\":\"BreadcrumbList\",\"@id\":\"https:\\\/\\\/gifted-hub.com\\\/it\\\/individui\\\/#breadcrumb\",\"itemListElement\":[{\"@type\":\"ListItem\",\"position\":1,\"name\":\"Home\",\"item\":\"https:\\\/\\\/gifted-hub.com\\\/it\\\/home\\\/\"},{\"@type\":\"ListItem\",\"position\":2,\"name\":\"Individui\"}]},{\"@type\":\"WebSite\",\"@id\":\"https:\\\/\\\/gifted-hub.com\\\/it\\\/#website\",\"url\":\"https:\\\/\\\/gifted-hub.com\\\/it\\\/\",\"name\":\"Gifted HUB\",\"description\":\"Uno spazio per alte abilit\u00e0\",\"publisher\":{\"@id\":\"https:\\\/\\\/gifted-hub.com\\\/it\\\/#organization\"},\"potentialAction\":[{\"@type\":\"SearchAction\",\"target\":{\"@type\":\"EntryPoint\",\"urlTemplate\":\"https:\\\/\\\/gifted-hub.com\\\/it\\\/?s={search_term_string}\"},\"query-input\":{\"@type\":\"PropertyValueSpecification\",\"valueRequired\":true,\"valueName\":\"search_term_string\"}}],\"inLanguage\":\"it-IT\"},{\"@type\":\"Organization\",\"@id\":\"https:\\\/\\\/gifted-hub.com\\\/it\\\/#organization\",\"name\":\"Gifted HUB\",\"url\":\"https:\\\/\\\/gifted-hub.com\\\/it\\\/\",\"logo\":{\"@type\":\"ImageObject\",\"inLanguage\":\"it-IT\",\"@id\":\"https:\\\/\\\/gifted-hub.com\\\/it\\\/#\\\/schema\\\/logo\\\/image\\\/\",\"url\":\"https:\\\/\\\/gifted-hub.com\\\/wp-content\\\/uploads\\\/2024\\\/07\\\/logo-1.svg\",\"contentUrl\":\"https:\\\/\\\/gifted-hub.com\\\/wp-content\\\/uploads\\\/2024\\\/07\\\/logo-1.svg\",\"caption\":\"Gifted HUB\"},\"image\":{\"@id\":\"https:\\\/\\\/gifted-hub.com\\\/it\\\/#\\\/schema\\\/logo\\\/image\\\/\"}}]}<\/script>\n<!-- \/ Yoast SEO plugin. -->","yoast_head_json":{"title":"Individui - Gifted HUB","robots":{"index":"index","follow":"follow","max-snippet":"max-snippet:-1","max-image-preview":"max-image-preview:large","max-video-preview":"max-video-preview:-1"},"canonical":"https:\/\/gifted-hub.com\/it\/individui\/","og_locale":"it_IT","og_type":"article","og_title":"Individui - Gifted HUB","og_description":"Se hai mai avuto la sensazione di pensare alle cose in modo pi\u00f9 profondo o di apprendere e comprendere le cose in modo diverso dagli altri, potresti esserti chiesto se hai alte capacit\u00e0. In questo spazio, ti offriamo le informazioni necessarie per esplorare questa possibilit\u00e0 e comprendere meglio cosa comporta. Come sapere se hai alte [&hellip;]","og_url":"https:\/\/gifted-hub.com\/it\/individui\/","og_site_name":"Gifted HUB","article_modified_time":"2024-11-01T22:16:28+00:00","og_image":[{"width":1600,"height":1067,"url":"https:\/\/gifted-hub.com\/wp-content\/uploads\/2024\/08\/3184163-e1723933938612.jpg","type":"image\/jpeg"}],"twitter_card":"summary_large_image","twitter_misc":{"Tempo di lettura stimato":"2 minuti"},"schema":{"@context":"https:\/\/schema.org","@graph":[{"@type":"WebPage","@id":"https:\/\/gifted-hub.com\/it\/individui\/","url":"https:\/\/gifted-hub.com\/it\/individui\/","name":"Individui - Gifted HUB","isPartOf":{"@id":"https:\/\/gifted-hub.com\/it\/#website"},"primaryImageOfPage":{"@id":"https:\/\/gifted-hub.com\/it\/individui\/#primaryimage"},"image":{"@id":"https:\/\/gifted-hub.com\/it\/individui\/#primaryimage"},"thumbnailUrl":"https:\/\/gifted-hub.com\/wp-content\/uploads\/2024\/08\/3184163-e1723933938612.jpg","datePublished":"2024-08-17T22:13:30+00:00","dateModified":"2024-11-01T22:16:28+00:00","breadcrumb":{"@id":"https:\/\/gifted-hub.com\/it\/individui\/#breadcrumb"},"inLanguage":"it-IT","potentialAction":[{"@type":"ReadAction","target":["https:\/\/gifted-hub.com\/it\/individui\/"]}]},{"@type":"ImageObject","inLanguage":"it-IT","@id":"https:\/\/gifted-hub.com\/it\/individui\/#primaryimage","url":"https:\/\/gifted-hub.com\/wp-content\/uploads\/2024\/08\/3184163-e1723933938612.jpg","contentUrl":"https:\/\/gifted-hub.com\/wp-content\/uploads\/2024\/08\/3184163-e1723933938612.jpg","width":1600,"height":1067},{"@type":"BreadcrumbList","@id":"https:\/\/gifted-hub.com\/it\/individui\/#breadcrumb","itemListElement":[{"@type":"ListItem","position":1,"name":"Home","item":"https:\/\/gifted-hub.com\/it\/home\/"},{"@type":"ListItem","position":2,"name":"Individui"}]},{"@type":"WebSite","@id":"https:\/\/gifted-hub.com\/it\/#website","url":"https:\/\/gifted-hub.com\/it\/","name":"Gifted HUB","description":"Uno spazio per alte abilit\u00e0","publisher":{"@id":"https:\/\/gifted-hub.com\/it\/#organization"},"potentialAction":[{"@type":"SearchAction","target":{"@type":"EntryPoint","urlTemplate":"https:\/\/gifted-hub.com\/it\/?s={search_term_string}"},"query-input":{"@type":"PropertyValueSpecification","valueRequired":true,"valueName":"search_term_string"}}],"inLanguage":"it-IT"},{"@type":"Organization","@id":"https:\/\/gifted-hub.com\/it\/#organization","name":"Gifted HUB","url":"https:\/\/gifted-hub.com\/it\/","logo":{"@type":"ImageObject","inLanguage":"it-IT","@id":"https:\/\/gifted-hub.com\/it\/#\/schema\/logo\/image\/","url":"https:\/\/gifted-hub.com\/wp-content\/uploads\/2024\/07\/logo-1.svg","contentUrl":"https:\/\/gifted-hub.com\/wp-content\/uploads\/2024\/07\/logo-1.svg","caption":"Gifted HUB"},"image":{"@id":"https:\/\/gifted-hub.com\/it\/#\/schema\/logo\/image\/"}}]}},"_links":{"self":[{"href":"https:\/\/gifted-hub.com\/it\/wp-json\/wp\/v2\/pages\/16921","targetHints":{"allow":["GET"]}}],"collection":[{"href":"https:\/\/gifted-hub.com\/it\/wp-json\/wp\/v2\/pages"}],"about":[{"href":"https:\/\/gifted-hub.com\/it\/wp-json\/wp\/v2\/types\/page"}],"author":[{"embeddable":true,"href":"https:\/\/gifted-hub.com\/it\/wp-json\/wp\/v2\/users\/1"}],"replies":[{"embeddable":true,"href":"https:\/\/gifted-hub.com\/it\/wp-json\/wp\/v2\/comments?post=16921"}],"version-history":[{"count":1,"href":"https:\/\/gifted-hub.com\/it\/wp-json\/wp\/v2\/pages\/16921\/revisions"}],"predecessor-version":[{"id":16923,"href":"https:\/\/gifted-hub.com\/it\/wp-json\/wp\/v2\/pages\/16921\/revisions\/16923"}],"wp:featuredmedia":[{"embeddable":true,"href":"https:\/\/gifted-hub.com\/it\/wp-json\/wp\/v2\/media\/15113"}],"wp:attachment":[{"href":"https:\/\/gifted-hub.com\/it\/wp-json\/wp\/v2\/media?parent=16921"}],"wp:term":[{"taxonomy":"group-interest","embeddable":true,"href":"https:\/\/gifted-hub.com\/it\/wp-json\/wp\/v2\/group-interest?post=16921"}],"curies":[{"name":"wp","href":"https:\/\/api.w.org\/{rel}","templated":true}]}}