{"id":16255,"date":"2024-10-24T23:18:46","date_gmt":"2024-10-24T23:18:46","guid":{"rendered":"https:\/\/gifted-hub.com\/comprendere-la-divergenza-studenti-dotati-che-raggiungono-risultati-vs-studenti-dotati-che-non-raggiungono-risultati-nellistruzione\/"},"modified":"2024-11-09T22:52:57","modified_gmt":"2024-11-09T22:52:57","slug":"comprendere-la-divergenza-studenti-dotati-che-raggiungono-risultati-vs-studenti-dotati-che-non-raggiungono-risultati-nellistruzione","status":"publish","type":"page","link":"https:\/\/gifted-hub.com\/it\/insegnanti\/comprendere-la-divergenza-studenti-dotati-che-raggiungono-risultati-vs-studenti-dotati-che-non-raggiungono-risultati-nellistruzione\/","title":{"rendered":"Comprendere la divergenza: studenti dotati che raggiungono risultati vs. studenti dotati che non raggiungono risultati nell&#8217;istruzione"},"content":{"rendered":"\n<p>Gli studenti dotati che raggiungono risultati e quelli che non li raggiungono sono due gruppi di studenti altamente capaci che mostrano risultati molto diversi a scuola. Gli studenti dotati che raggiungono risultati sono quelli che riescono a soddisfare o superare il loro potenziale, prosperando in ambienti accademici impegnativi e ottenendo costantemente buoni risultati in esami e compiti. Rimangono coinvolti nel lavoro scolastico e tendono a superare le sfide che incontrano, bilanciando vari aspetti della loro vita. D&#8217;altra parte, gli studenti dotati che non raggiungono risultati sono quelli che hanno lo stesso potenziale ma, per vari motivi, faticano a soddisfare le aspettative, spesso ottenendo risultati inferiori alle loro capacit\u00e0, anche se sono in grado di fare di pi\u00f9.   <\/p>\n\n<p><strong>Le differenze tra questi gruppi possono essere comprese attraverso una variet\u00e0 di schemi.<\/strong> Gli studenti dotati che non raggiungono risultati spesso iniziano a lottare durante i periodi di transizione chiave, come la scuola media, quando le pressioni sociali e le crescenti esigenze accademiche possono rendergli difficile tenere il passo. Possono iniziare a sentirsi disconnessi dai loro coetanei o sopraffatti dalla necessit\u00e0 di conformarsi, portandoli a rifiutare la loro identit\u00e0 di studenti dotati. Gli studenti che non raggiungono risultati affrontano anche problemi come la bassa motivazione, la frequenza scolastica irregolare o la mancanza di interesse per i corsi impegnativi, il che pu\u00f2 ulteriormente ampliare il divario tra il loro potenziale e le loro prestazioni. Gli studenti che raggiungono risultati, invece, rimangono pi\u00f9 coinvolti scegliendo corsi impegnativi e mantenendo abitudini di frequenza migliori, e questo li aiuta a mantenere il loro successo accademico.   <\/p>\n\n<p>Un altro aspetto importante \u00e8 <strong>il ruolo del genere nel mancato raggiungimento dei risultati<\/strong>. Tra gli studenti dotati, i ragazzi tendono a essere pi\u00f9 rappresentati nel gruppo che non raggiunge risultati, mentre le ragazze rientrano pi\u00f9 spesso nella categoria di chi raggiunge risultati. \u00c8 interessante notare che, osservando i punteggi dei test standardizzati come l&#8217;ACT, i ragazzi che raggiungono risultati superano in media le ragazze che raggiungono risultati, ma in termini di voti scolastici complessivi, le ragazze tendono a fare meglio. Questo suggerisce che le ragioni del mancato raggiungimento dei risultati sono complesse, coinvolgendo sia fattori sociali che atteggiamenti personali verso l&#8217;istruzione.   <\/p>\n\n<p>Le conclusioni di queste osservazioni sottolineano la necessit\u00e0 di un intervento precoce. Consiglieri e insegnanti dovrebbero monitorare attentamente i modelli di frequenza e di selezione dei corsi, nonch\u00e9 come gli studenti rispondono alle pressioni della scuola media. Se il mancato raggiungimento dei risultati pu\u00f2 essere identificato precocemente, c&#8217;\u00e8 una maggiore possibilit\u00e0 di aiutare questi studenti a rimettersi in carreggiata prima che le loro abitudini accademiche diventino profondamente radicate. Molti studenti che non raggiungono risultati hanno la capacit\u00e0 di avere successo, ma hanno bisogno di supporto e incoraggiamento in momenti cruciali per aiutarli a riconnettersi con la loro istruzione e vedere il valore delle loro capacit\u00e0. La lezione chiave \u00e8 che gli studenti dotati che non raggiungono risultati non mancano di intelligenza, ma possono richiedere approcci diversi per aiutarli a prosperare in un sistema scolastico che spesso non riesce a affrontare le loro sfide e necessit\u00e0 uniche.    <\/p>\n","protected":false},"excerpt":{"rendered":"<p>Gli studenti dotati che raggiungono risultati e quelli che non li raggiungono sono due gruppi di studenti altamente capaci che mostrano risultati molto diversi a scuola. Gli studenti dotati che raggiungono risultati sono quelli che riescono a soddisfare o superare il loro potenziale, prosperando in ambienti accademici impegnativi e ottenendo costantemente buoni risultati in esami [&hellip;]<\/p>\n","protected":false},"author":1,"featured_media":16240,"parent":15899,"menu_order":0,"comment_status":"closed","ping_status":"closed","template":"","meta":{"_acf_changed":false,"inline_featured_image":false,"footnotes":""},"group-interest":[],"class_list":["post-16255","page","type-page","status-publish","has-post-thumbnail","hentry"],"acf":[],"yoast_head":"<!-- This site is optimized with the Yoast SEO plugin v27.4 - https:\/\/yoast.com\/product\/yoast-seo-wordpress\/ -->\n<title>Comprendere la divergenza: studenti dotati che raggiungono risultati vs. studenti dotati che non raggiungono risultati nell&#039;istruzione - Gifted HUB<\/title>\n<meta name=\"robots\" content=\"index, follow, max-snippet:-1, max-image-preview:large, max-video-preview:-1\" \/>\n<link rel=\"canonical\" href=\"https:\/\/gifted-hub.com\/it\/insegnanti\/comprendere-la-divergenza-studenti-dotati-che-raggiungono-risultati-vs-studenti-dotati-che-non-raggiungono-risultati-nellistruzione\/\" \/>\n<meta property=\"og:locale\" content=\"it_IT\" \/>\n<meta property=\"og:type\" content=\"article\" \/>\n<meta property=\"og:title\" content=\"Comprendere la divergenza: studenti dotati che raggiungono risultati vs. studenti dotati che non raggiungono risultati nell&#039;istruzione - Gifted HUB\" \/>\n<meta property=\"og:description\" content=\"Gli studenti dotati che raggiungono risultati e quelli che non li raggiungono sono due gruppi di studenti altamente capaci che mostrano risultati molto diversi a scuola. Gli studenti dotati che raggiungono risultati sono quelli che riescono a soddisfare o superare il loro potenziale, prosperando in ambienti accademici impegnativi e ottenendo costantemente buoni risultati in esami [&hellip;]\" \/>\n<meta property=\"og:url\" content=\"https:\/\/gifted-hub.com\/it\/insegnanti\/comprendere-la-divergenza-studenti-dotati-che-raggiungono-risultati-vs-studenti-dotati-che-non-raggiungono-risultati-nellistruzione\/\" \/>\n<meta property=\"og:site_name\" content=\"Gifted HUB\" \/>\n<meta property=\"article:modified_time\" content=\"2024-11-09T22:52:57+00:00\" \/>\n<meta property=\"og:image\" content=\"https:\/\/gifted-hub.com\/wp-content\/uploads\/2024\/10\/8cqdvpuo_ki.jpg\" \/>\n\t<meta property=\"og:image:width\" content=\"1600\" \/>\n\t<meta property=\"og:image:height\" content=\"1067\" \/>\n\t<meta property=\"og:image:type\" content=\"image\/jpeg\" \/>\n<meta name=\"twitter:card\" content=\"summary_large_image\" \/>\n<meta name=\"twitter:label1\" content=\"Tempo di lettura stimato\" \/>\n\t<meta name=\"twitter:data1\" content=\"3 minuti\" \/>\n<script type=\"application\/ld+json\" class=\"yoast-schema-graph\">{\"@context\":\"https:\\\/\\\/schema.org\",\"@graph\":[{\"@type\":\"WebPage\",\"@id\":\"https:\\\/\\\/gifted-hub.com\\\/it\\\/insegnanti\\\/comprendere-la-divergenza-studenti-dotati-che-raggiungono-risultati-vs-studenti-dotati-che-non-raggiungono-risultati-nellistruzione\\\/\",\"url\":\"https:\\\/\\\/gifted-hub.com\\\/it\\\/insegnanti\\\/comprendere-la-divergenza-studenti-dotati-che-raggiungono-risultati-vs-studenti-dotati-che-non-raggiungono-risultati-nellistruzione\\\/\",\"name\":\"Comprendere la divergenza: studenti dotati che raggiungono risultati vs. studenti dotati che non raggiungono risultati nell'istruzione - Gifted HUB\",\"isPartOf\":{\"@id\":\"https:\\\/\\\/gifted-hub.com\\\/it\\\/#website\"},\"primaryImageOfPage\":{\"@id\":\"https:\\\/\\\/gifted-hub.com\\\/it\\\/insegnanti\\\/comprendere-la-divergenza-studenti-dotati-che-raggiungono-risultati-vs-studenti-dotati-che-non-raggiungono-risultati-nellistruzione\\\/#primaryimage\"},\"image\":{\"@id\":\"https:\\\/\\\/gifted-hub.com\\\/it\\\/insegnanti\\\/comprendere-la-divergenza-studenti-dotati-che-raggiungono-risultati-vs-studenti-dotati-che-non-raggiungono-risultati-nellistruzione\\\/#primaryimage\"},\"thumbnailUrl\":\"https:\\\/\\\/gifted-hub.com\\\/wp-content\\\/uploads\\\/2024\\\/10\\\/8cqdvpuo_ki.jpg\",\"datePublished\":\"2024-10-24T23:18:46+00:00\",\"dateModified\":\"2024-11-09T22:52:57+00:00\",\"breadcrumb\":{\"@id\":\"https:\\\/\\\/gifted-hub.com\\\/it\\\/insegnanti\\\/comprendere-la-divergenza-studenti-dotati-che-raggiungono-risultati-vs-studenti-dotati-che-non-raggiungono-risultati-nellistruzione\\\/#breadcrumb\"},\"inLanguage\":\"it-IT\",\"potentialAction\":[{\"@type\":\"ReadAction\",\"target\":[\"https:\\\/\\\/gifted-hub.com\\\/it\\\/insegnanti\\\/comprendere-la-divergenza-studenti-dotati-che-raggiungono-risultati-vs-studenti-dotati-che-non-raggiungono-risultati-nellistruzione\\\/\"]}]},{\"@type\":\"ImageObject\",\"inLanguage\":\"it-IT\",\"@id\":\"https:\\\/\\\/gifted-hub.com\\\/it\\\/insegnanti\\\/comprendere-la-divergenza-studenti-dotati-che-raggiungono-risultati-vs-studenti-dotati-che-non-raggiungono-risultati-nellistruzione\\\/#primaryimage\",\"url\":\"https:\\\/\\\/gifted-hub.com\\\/wp-content\\\/uploads\\\/2024\\\/10\\\/8cqdvpuo_ki.jpg\",\"contentUrl\":\"https:\\\/\\\/gifted-hub.com\\\/wp-content\\\/uploads\\\/2024\\\/10\\\/8cqdvpuo_ki.jpg\",\"width\":1600,\"height\":1067},{\"@type\":\"BreadcrumbList\",\"@id\":\"https:\\\/\\\/gifted-hub.com\\\/it\\\/insegnanti\\\/comprendere-la-divergenza-studenti-dotati-che-raggiungono-risultati-vs-studenti-dotati-che-non-raggiungono-risultati-nellistruzione\\\/#breadcrumb\",\"itemListElement\":[{\"@type\":\"ListItem\",\"position\":1,\"name\":\"Home\",\"item\":\"https:\\\/\\\/gifted-hub.com\\\/it\\\/home\\\/\"},{\"@type\":\"ListItem\",\"position\":2,\"name\":\"Insegnanti\",\"item\":\"https:\\\/\\\/gifted-hub.com\\\/it\\\/insegnanti\\\/\"},{\"@type\":\"ListItem\",\"position\":3,\"name\":\"Comprendere la divergenza: studenti dotati che raggiungono risultati vs. studenti dotati che non raggiungono risultati nell&#8217;istruzione\"}]},{\"@type\":\"WebSite\",\"@id\":\"https:\\\/\\\/gifted-hub.com\\\/it\\\/#website\",\"url\":\"https:\\\/\\\/gifted-hub.com\\\/it\\\/\",\"name\":\"Gifted HUB\",\"description\":\"Uno spazio per alte abilit\u00e0\",\"publisher\":{\"@id\":\"https:\\\/\\\/gifted-hub.com\\\/it\\\/#organization\"},\"potentialAction\":[{\"@type\":\"SearchAction\",\"target\":{\"@type\":\"EntryPoint\",\"urlTemplate\":\"https:\\\/\\\/gifted-hub.com\\\/it\\\/?s={search_term_string}\"},\"query-input\":{\"@type\":\"PropertyValueSpecification\",\"valueRequired\":true,\"valueName\":\"search_term_string\"}}],\"inLanguage\":\"it-IT\"},{\"@type\":\"Organization\",\"@id\":\"https:\\\/\\\/gifted-hub.com\\\/it\\\/#organization\",\"name\":\"Gifted HUB\",\"url\":\"https:\\\/\\\/gifted-hub.com\\\/it\\\/\",\"logo\":{\"@type\":\"ImageObject\",\"inLanguage\":\"it-IT\",\"@id\":\"https:\\\/\\\/gifted-hub.com\\\/it\\\/#\\\/schema\\\/logo\\\/image\\\/\",\"url\":\"https:\\\/\\\/gifted-hub.com\\\/wp-content\\\/uploads\\\/2024\\\/07\\\/logo-1.svg\",\"contentUrl\":\"https:\\\/\\\/gifted-hub.com\\\/wp-content\\\/uploads\\\/2024\\\/07\\\/logo-1.svg\",\"caption\":\"Gifted HUB\"},\"image\":{\"@id\":\"https:\\\/\\\/gifted-hub.com\\\/it\\\/#\\\/schema\\\/logo\\\/image\\\/\"}}]}<\/script>\n<!-- \/ Yoast SEO plugin. -->","yoast_head_json":{"title":"Comprendere la divergenza: studenti dotati che raggiungono risultati vs. studenti dotati che non raggiungono risultati nell'istruzione - Gifted HUB","robots":{"index":"index","follow":"follow","max-snippet":"max-snippet:-1","max-image-preview":"max-image-preview:large","max-video-preview":"max-video-preview:-1"},"canonical":"https:\/\/gifted-hub.com\/it\/insegnanti\/comprendere-la-divergenza-studenti-dotati-che-raggiungono-risultati-vs-studenti-dotati-che-non-raggiungono-risultati-nellistruzione\/","og_locale":"it_IT","og_type":"article","og_title":"Comprendere la divergenza: studenti dotati che raggiungono risultati vs. studenti dotati che non raggiungono risultati nell'istruzione - Gifted HUB","og_description":"Gli studenti dotati che raggiungono risultati e quelli che non li raggiungono sono due gruppi di studenti altamente capaci che mostrano risultati molto diversi a scuola. Gli studenti dotati che raggiungono risultati sono quelli che riescono a soddisfare o superare il loro potenziale, prosperando in ambienti accademici impegnativi e ottenendo costantemente buoni risultati in esami [&hellip;]","og_url":"https:\/\/gifted-hub.com\/it\/insegnanti\/comprendere-la-divergenza-studenti-dotati-che-raggiungono-risultati-vs-studenti-dotati-che-non-raggiungono-risultati-nellistruzione\/","og_site_name":"Gifted HUB","article_modified_time":"2024-11-09T22:52:57+00:00","og_image":[{"width":1600,"height":1067,"url":"https:\/\/gifted-hub.com\/wp-content\/uploads\/2024\/10\/8cqdvpuo_ki.jpg","type":"image\/jpeg"}],"twitter_card":"summary_large_image","twitter_misc":{"Tempo di lettura stimato":"3 minuti"},"schema":{"@context":"https:\/\/schema.org","@graph":[{"@type":"WebPage","@id":"https:\/\/gifted-hub.com\/it\/insegnanti\/comprendere-la-divergenza-studenti-dotati-che-raggiungono-risultati-vs-studenti-dotati-che-non-raggiungono-risultati-nellistruzione\/","url":"https:\/\/gifted-hub.com\/it\/insegnanti\/comprendere-la-divergenza-studenti-dotati-che-raggiungono-risultati-vs-studenti-dotati-che-non-raggiungono-risultati-nellistruzione\/","name":"Comprendere la divergenza: studenti dotati che raggiungono risultati vs. studenti dotati che non raggiungono risultati nell'istruzione - Gifted HUB","isPartOf":{"@id":"https:\/\/gifted-hub.com\/it\/#website"},"primaryImageOfPage":{"@id":"https:\/\/gifted-hub.com\/it\/insegnanti\/comprendere-la-divergenza-studenti-dotati-che-raggiungono-risultati-vs-studenti-dotati-che-non-raggiungono-risultati-nellistruzione\/#primaryimage"},"image":{"@id":"https:\/\/gifted-hub.com\/it\/insegnanti\/comprendere-la-divergenza-studenti-dotati-che-raggiungono-risultati-vs-studenti-dotati-che-non-raggiungono-risultati-nellistruzione\/#primaryimage"},"thumbnailUrl":"https:\/\/gifted-hub.com\/wp-content\/uploads\/2024\/10\/8cqdvpuo_ki.jpg","datePublished":"2024-10-24T23:18:46+00:00","dateModified":"2024-11-09T22:52:57+00:00","breadcrumb":{"@id":"https:\/\/gifted-hub.com\/it\/insegnanti\/comprendere-la-divergenza-studenti-dotati-che-raggiungono-risultati-vs-studenti-dotati-che-non-raggiungono-risultati-nellistruzione\/#breadcrumb"},"inLanguage":"it-IT","potentialAction":[{"@type":"ReadAction","target":["https:\/\/gifted-hub.com\/it\/insegnanti\/comprendere-la-divergenza-studenti-dotati-che-raggiungono-risultati-vs-studenti-dotati-che-non-raggiungono-risultati-nellistruzione\/"]}]},{"@type":"ImageObject","inLanguage":"it-IT","@id":"https:\/\/gifted-hub.com\/it\/insegnanti\/comprendere-la-divergenza-studenti-dotati-che-raggiungono-risultati-vs-studenti-dotati-che-non-raggiungono-risultati-nellistruzione\/#primaryimage","url":"https:\/\/gifted-hub.com\/wp-content\/uploads\/2024\/10\/8cqdvpuo_ki.jpg","contentUrl":"https:\/\/gifted-hub.com\/wp-content\/uploads\/2024\/10\/8cqdvpuo_ki.jpg","width":1600,"height":1067},{"@type":"BreadcrumbList","@id":"https:\/\/gifted-hub.com\/it\/insegnanti\/comprendere-la-divergenza-studenti-dotati-che-raggiungono-risultati-vs-studenti-dotati-che-non-raggiungono-risultati-nellistruzione\/#breadcrumb","itemListElement":[{"@type":"ListItem","position":1,"name":"Home","item":"https:\/\/gifted-hub.com\/it\/home\/"},{"@type":"ListItem","position":2,"name":"Insegnanti","item":"https:\/\/gifted-hub.com\/it\/insegnanti\/"},{"@type":"ListItem","position":3,"name":"Comprendere la divergenza: studenti dotati che raggiungono risultati vs. studenti dotati che non raggiungono risultati nell&#8217;istruzione"}]},{"@type":"WebSite","@id":"https:\/\/gifted-hub.com\/it\/#website","url":"https:\/\/gifted-hub.com\/it\/","name":"Gifted HUB","description":"Uno spazio per alte abilit\u00e0","publisher":{"@id":"https:\/\/gifted-hub.com\/it\/#organization"},"potentialAction":[{"@type":"SearchAction","target":{"@type":"EntryPoint","urlTemplate":"https:\/\/gifted-hub.com\/it\/?s={search_term_string}"},"query-input":{"@type":"PropertyValueSpecification","valueRequired":true,"valueName":"search_term_string"}}],"inLanguage":"it-IT"},{"@type":"Organization","@id":"https:\/\/gifted-hub.com\/it\/#organization","name":"Gifted HUB","url":"https:\/\/gifted-hub.com\/it\/","logo":{"@type":"ImageObject","inLanguage":"it-IT","@id":"https:\/\/gifted-hub.com\/it\/#\/schema\/logo\/image\/","url":"https:\/\/gifted-hub.com\/wp-content\/uploads\/2024\/07\/logo-1.svg","contentUrl":"https:\/\/gifted-hub.com\/wp-content\/uploads\/2024\/07\/logo-1.svg","caption":"Gifted HUB"},"image":{"@id":"https:\/\/gifted-hub.com\/it\/#\/schema\/logo\/image\/"}}]}},"_links":{"self":[{"href":"https:\/\/gifted-hub.com\/it\/wp-json\/wp\/v2\/pages\/16255","targetHints":{"allow":["GET"]}}],"collection":[{"href":"https:\/\/gifted-hub.com\/it\/wp-json\/wp\/v2\/pages"}],"about":[{"href":"https:\/\/gifted-hub.com\/it\/wp-json\/wp\/v2\/types\/page"}],"author":[{"embeddable":true,"href":"https:\/\/gifted-hub.com\/it\/wp-json\/wp\/v2\/users\/1"}],"replies":[{"embeddable":true,"href":"https:\/\/gifted-hub.com\/it\/wp-json\/wp\/v2\/comments?post=16255"}],"version-history":[{"count":1,"href":"https:\/\/gifted-hub.com\/it\/wp-json\/wp\/v2\/pages\/16255\/revisions"}],"predecessor-version":[{"id":16256,"href":"https:\/\/gifted-hub.com\/it\/wp-json\/wp\/v2\/pages\/16255\/revisions\/16256"}],"up":[{"embeddable":true,"href":"https:\/\/gifted-hub.com\/it\/wp-json\/wp\/v2\/pages\/15899"}],"wp:featuredmedia":[{"embeddable":true,"href":"https:\/\/gifted-hub.com\/it\/wp-json\/wp\/v2\/media\/16240"}],"wp:attachment":[{"href":"https:\/\/gifted-hub.com\/it\/wp-json\/wp\/v2\/media?parent=16255"}],"wp:term":[{"taxonomy":"group-interest","embeddable":true,"href":"https:\/\/gifted-hub.com\/it\/wp-json\/wp\/v2\/group-interest?post=16255"}],"curies":[{"name":"wp","href":"https:\/\/api.w.org\/{rel}","templated":true}]}}