{"id":16228,"date":"2024-10-24T17:32:50","date_gmt":"2024-10-24T17:32:50","guid":{"rendered":"https:\/\/gifted-hub.com\/ragazze-dotate-sfide-e-caratteristiche\/"},"modified":"2024-11-01T22:16:27","modified_gmt":"2024-11-01T22:16:27","slug":"ragazze-dotate-sfide-e-caratteristiche","status":"publish","type":"page","link":"https:\/\/gifted-hub.com\/it\/individui\/ragazze-dotate-sfide-e-caratteristiche\/","title":{"rendered":"Ragazze dotate: sfide e caratteristiche"},"content":{"rendered":"\n<p>Le ragazze dotate spesso affrontano sfide uniche rispetto ai ragazzi, che possono influenzare il loro sviluppo e riconoscimento. Possono eccellere in aree che non sono tradizionalmente associate a un alto rendimento, come la leadership, la socializzazione o l&#8217;empatia, piuttosto che in materie come la matematica o la scienza. Molte ragazze sono pi\u00f9 preoccupate per questioni sociali, come aiutare gli altri o promuovere la pace, piuttosto che eccellere in ambienti competitivi. Storicamente, le donne dotate sono state spesso trascurate o non incoraggiate a sviluppare il loro pieno potenziale. Molte donne capaci in passato sentivano <strong>che non potevano raggiungere il loro vero potenziale perch\u00e9 erano indirizzate verso ruoli che la societ\u00e0 considerava adatti alle donne<\/strong>, come l&#8217;insegnamento o il lavoro sociale, piuttosto che ruoli di leadership in altri campi.    <\/p>\n\n<p>Le ragazze dotate sono spesso a rischio di non essere identificate per programmi di arricchimento, in particolare quelle provenienti da gruppi sottorappresentati. La loro autostima pu\u00f2 diminuire durante il percorso scolastico e possono sminuire le loro capacit\u00e0 o credere che il loro successo sia dovuto solo alla fortuna. Rispetto ai ragazzi, le ragazze dotate potrebbero essere meno sicure sui percorsi di carriera e pi\u00f9 inclini a considerare l&#8217;equilibrio tra carriera e famiglia. <a href=\"https:\/\/gifted-hub.com\/it\/individui\/affrontare-sfide-nelle-relazioni\/\" data-type=\"page\" data-id=\"15142\">Le relazioni sono cruciali per il loro sviluppo<\/a>, ma queste stesse relazioni possono anche metterle a rischio di non sviluppare appieno il loro potenziale. Sono anche pi\u00f9 vulnerabili a problemi emotivi come la depressione, specialmente se non sono supportate nelle loro capacit\u00e0.   <\/p>\n\n<p>Le principali barriere al successo delle ragazze dotate includono la paura del successo, la mancanza di assertivit\u00e0, <a href=\"https:\/\/gifted-hub.com\/it\/insegnanti\/supportare-e-motivare-i-bambini-dotati-a-scuola\/\" data-type=\"page\" data-id=\"16155\">basse aspettative accademiche e di carriera<\/a>, il non attribuire il successo alle proprie capacit\u00e0 e un fragile senso di autoefficacia. Le caratteristiche che aiutano le donne dotate a avere successo includono trascorrere del tempo da sole, sentirsi diverse, assumersi responsabilit\u00e0 e rifiutare di accettare le limitazioni di genere tradizionali. <\/p>\n\n<p>Per far prosperare queste ragazze, \u00e8 essenziale che gli adulti comprendano le loro esigenze cognitive ed emotive. L&#8217;identificazione precoce delle loro capacit\u00e0 \u00e8 cruciale, cos\u00ec come garantire che abbiano opportunit\u00e0 di interagire con altri pari dotati e ricevere guida da insegnanti che comprendono le loro necessit\u00e0. Il mentoring e le relazioni di supporto sono anche importanti; le ragazze beneficiano di vedere modelli di ruolo di successo e di ricevere supporto emotivo da educatori e mentori. I programmi dovrebbero includere l&#8217;esplorazione della carriera e la formazione alla leadership, dando alle ragazze la possibilit\u00e0 di affiancare professionisti e esplorare a fondo i loro interessi.   <\/p>\n\n<p><\/p>\n","protected":false},"excerpt":{"rendered":"<p>Le ragazze dotate spesso affrontano sfide uniche rispetto ai ragazzi, che possono influenzare il loro sviluppo e riconoscimento. Possono eccellere in aree che non sono tradizionalmente associate a un alto rendimento, come la leadership, la socializzazione o l&#8217;empatia, piuttosto che in materie come la matematica o la scienza. Molte ragazze sono pi\u00f9 preoccupate per questioni [&hellip;]<\/p>\n","protected":false},"author":1,"featured_media":16204,"parent":16921,"menu_order":0,"comment_status":"closed","ping_status":"closed","template":"","meta":{"_acf_changed":false,"inline_featured_image":false,"footnotes":""},"group-interest":[196],"class_list":["post-16228","page","type-page","status-publish","has-post-thumbnail","hentry","group-interest-individui"],"acf":[],"yoast_head":"<!-- This site is optimized with the Yoast SEO plugin v27.4 - https:\/\/yoast.com\/product\/yoast-seo-wordpress\/ -->\n<title>Ragazze dotate: sfide e caratteristiche - Gifted HUB<\/title>\n<meta name=\"robots\" content=\"index, follow, max-snippet:-1, max-image-preview:large, max-video-preview:-1\" \/>\n<link rel=\"canonical\" href=\"https:\/\/gifted-hub.com\/it\/individui\/ragazze-dotate-sfide-e-caratteristiche\/\" \/>\n<meta property=\"og:locale\" content=\"it_IT\" \/>\n<meta property=\"og:type\" content=\"article\" \/>\n<meta property=\"og:title\" content=\"Ragazze dotate: sfide e caratteristiche - Gifted HUB\" \/>\n<meta property=\"og:description\" content=\"Le ragazze dotate spesso affrontano sfide uniche rispetto ai ragazzi, che possono influenzare il loro sviluppo e riconoscimento. Possono eccellere in aree che non sono tradizionalmente associate a un alto rendimento, come la leadership, la socializzazione o l&#8217;empatia, piuttosto che in materie come la matematica o la scienza. Molte ragazze sono pi\u00f9 preoccupate per questioni [&hellip;]\" \/>\n<meta property=\"og:url\" content=\"https:\/\/gifted-hub.com\/it\/individui\/ragazze-dotate-sfide-e-caratteristiche\/\" \/>\n<meta property=\"og:site_name\" content=\"Gifted HUB\" \/>\n<meta property=\"article:modified_time\" content=\"2024-11-01T22:16:27+00:00\" \/>\n<meta property=\"og:image\" content=\"https:\/\/gifted-hub.com\/wp-content\/uploads\/2024\/10\/royhgmdiog8-e1729791209502.jpg\" \/>\n\t<meta property=\"og:image:width\" content=\"800\" \/>\n\t<meta property=\"og:image:height\" content=\"1200\" \/>\n\t<meta property=\"og:image:type\" content=\"image\/jpeg\" \/>\n<meta name=\"twitter:card\" content=\"summary_large_image\" \/>\n<meta name=\"twitter:label1\" content=\"Tempo di lettura stimato\" \/>\n\t<meta name=\"twitter:data1\" content=\"2 minuti\" \/>\n<script type=\"application\/ld+json\" class=\"yoast-schema-graph\">{\"@context\":\"https:\\\/\\\/schema.org\",\"@graph\":[{\"@type\":\"WebPage\",\"@id\":\"https:\\\/\\\/gifted-hub.com\\\/it\\\/individui\\\/ragazze-dotate-sfide-e-caratteristiche\\\/\",\"url\":\"https:\\\/\\\/gifted-hub.com\\\/it\\\/individui\\\/ragazze-dotate-sfide-e-caratteristiche\\\/\",\"name\":\"Ragazze dotate: sfide e caratteristiche - Gifted HUB\",\"isPartOf\":{\"@id\":\"https:\\\/\\\/gifted-hub.com\\\/it\\\/#website\"},\"primaryImageOfPage\":{\"@id\":\"https:\\\/\\\/gifted-hub.com\\\/it\\\/individui\\\/ragazze-dotate-sfide-e-caratteristiche\\\/#primaryimage\"},\"image\":{\"@id\":\"https:\\\/\\\/gifted-hub.com\\\/it\\\/individui\\\/ragazze-dotate-sfide-e-caratteristiche\\\/#primaryimage\"},\"thumbnailUrl\":\"https:\\\/\\\/gifted-hub.com\\\/wp-content\\\/uploads\\\/2024\\\/10\\\/royhgmdiog8-e1729791209502.jpg\",\"datePublished\":\"2024-10-24T17:32:50+00:00\",\"dateModified\":\"2024-11-01T22:16:27+00:00\",\"breadcrumb\":{\"@id\":\"https:\\\/\\\/gifted-hub.com\\\/it\\\/individui\\\/ragazze-dotate-sfide-e-caratteristiche\\\/#breadcrumb\"},\"inLanguage\":\"it-IT\",\"potentialAction\":[{\"@type\":\"ReadAction\",\"target\":[\"https:\\\/\\\/gifted-hub.com\\\/it\\\/individui\\\/ragazze-dotate-sfide-e-caratteristiche\\\/\"]}]},{\"@type\":\"ImageObject\",\"inLanguage\":\"it-IT\",\"@id\":\"https:\\\/\\\/gifted-hub.com\\\/it\\\/individui\\\/ragazze-dotate-sfide-e-caratteristiche\\\/#primaryimage\",\"url\":\"https:\\\/\\\/gifted-hub.com\\\/wp-content\\\/uploads\\\/2024\\\/10\\\/royhgmdiog8-e1729791209502.jpg\",\"contentUrl\":\"https:\\\/\\\/gifted-hub.com\\\/wp-content\\\/uploads\\\/2024\\\/10\\\/royhgmdiog8-e1729791209502.jpg\",\"width\":800,\"height\":1200},{\"@type\":\"BreadcrumbList\",\"@id\":\"https:\\\/\\\/gifted-hub.com\\\/it\\\/individui\\\/ragazze-dotate-sfide-e-caratteristiche\\\/#breadcrumb\",\"itemListElement\":[{\"@type\":\"ListItem\",\"position\":1,\"name\":\"Home\",\"item\":\"https:\\\/\\\/gifted-hub.com\\\/it\\\/home\\\/\"},{\"@type\":\"ListItem\",\"position\":2,\"name\":\"Individui\",\"item\":\"https:\\\/\\\/gifted-hub.com\\\/it\\\/individui\\\/\"},{\"@type\":\"ListItem\",\"position\":3,\"name\":\"Ragazze dotate: sfide e caratteristiche\"}]},{\"@type\":\"WebSite\",\"@id\":\"https:\\\/\\\/gifted-hub.com\\\/it\\\/#website\",\"url\":\"https:\\\/\\\/gifted-hub.com\\\/it\\\/\",\"name\":\"Gifted HUB\",\"description\":\"Uno spazio per alte abilit\u00e0\",\"publisher\":{\"@id\":\"https:\\\/\\\/gifted-hub.com\\\/it\\\/#organization\"},\"potentialAction\":[{\"@type\":\"SearchAction\",\"target\":{\"@type\":\"EntryPoint\",\"urlTemplate\":\"https:\\\/\\\/gifted-hub.com\\\/it\\\/?s={search_term_string}\"},\"query-input\":{\"@type\":\"PropertyValueSpecification\",\"valueRequired\":true,\"valueName\":\"search_term_string\"}}],\"inLanguage\":\"it-IT\"},{\"@type\":\"Organization\",\"@id\":\"https:\\\/\\\/gifted-hub.com\\\/it\\\/#organization\",\"name\":\"Gifted HUB\",\"url\":\"https:\\\/\\\/gifted-hub.com\\\/it\\\/\",\"logo\":{\"@type\":\"ImageObject\",\"inLanguage\":\"it-IT\",\"@id\":\"https:\\\/\\\/gifted-hub.com\\\/it\\\/#\\\/schema\\\/logo\\\/image\\\/\",\"url\":\"https:\\\/\\\/gifted-hub.com\\\/wp-content\\\/uploads\\\/2024\\\/07\\\/logo-1.svg\",\"contentUrl\":\"https:\\\/\\\/gifted-hub.com\\\/wp-content\\\/uploads\\\/2024\\\/07\\\/logo-1.svg\",\"caption\":\"Gifted HUB\"},\"image\":{\"@id\":\"https:\\\/\\\/gifted-hub.com\\\/it\\\/#\\\/schema\\\/logo\\\/image\\\/\"}}]}<\/script>\n<!-- \/ Yoast SEO plugin. -->","yoast_head_json":{"title":"Ragazze dotate: sfide e caratteristiche - Gifted HUB","robots":{"index":"index","follow":"follow","max-snippet":"max-snippet:-1","max-image-preview":"max-image-preview:large","max-video-preview":"max-video-preview:-1"},"canonical":"https:\/\/gifted-hub.com\/it\/individui\/ragazze-dotate-sfide-e-caratteristiche\/","og_locale":"it_IT","og_type":"article","og_title":"Ragazze dotate: sfide e caratteristiche - Gifted HUB","og_description":"Le ragazze dotate spesso affrontano sfide uniche rispetto ai ragazzi, che possono influenzare il loro sviluppo e riconoscimento. Possono eccellere in aree che non sono tradizionalmente associate a un alto rendimento, come la leadership, la socializzazione o l&#8217;empatia, piuttosto che in materie come la matematica o la scienza. Molte ragazze sono pi\u00f9 preoccupate per questioni [&hellip;]","og_url":"https:\/\/gifted-hub.com\/it\/individui\/ragazze-dotate-sfide-e-caratteristiche\/","og_site_name":"Gifted HUB","article_modified_time":"2024-11-01T22:16:27+00:00","og_image":[{"width":800,"height":1200,"url":"https:\/\/gifted-hub.com\/wp-content\/uploads\/2024\/10\/royhgmdiog8-e1729791209502.jpg","type":"image\/jpeg"}],"twitter_card":"summary_large_image","twitter_misc":{"Tempo di lettura stimato":"2 minuti"},"schema":{"@context":"https:\/\/schema.org","@graph":[{"@type":"WebPage","@id":"https:\/\/gifted-hub.com\/it\/individui\/ragazze-dotate-sfide-e-caratteristiche\/","url":"https:\/\/gifted-hub.com\/it\/individui\/ragazze-dotate-sfide-e-caratteristiche\/","name":"Ragazze dotate: sfide e caratteristiche - Gifted HUB","isPartOf":{"@id":"https:\/\/gifted-hub.com\/it\/#website"},"primaryImageOfPage":{"@id":"https:\/\/gifted-hub.com\/it\/individui\/ragazze-dotate-sfide-e-caratteristiche\/#primaryimage"},"image":{"@id":"https:\/\/gifted-hub.com\/it\/individui\/ragazze-dotate-sfide-e-caratteristiche\/#primaryimage"},"thumbnailUrl":"https:\/\/gifted-hub.com\/wp-content\/uploads\/2024\/10\/royhgmdiog8-e1729791209502.jpg","datePublished":"2024-10-24T17:32:50+00:00","dateModified":"2024-11-01T22:16:27+00:00","breadcrumb":{"@id":"https:\/\/gifted-hub.com\/it\/individui\/ragazze-dotate-sfide-e-caratteristiche\/#breadcrumb"},"inLanguage":"it-IT","potentialAction":[{"@type":"ReadAction","target":["https:\/\/gifted-hub.com\/it\/individui\/ragazze-dotate-sfide-e-caratteristiche\/"]}]},{"@type":"ImageObject","inLanguage":"it-IT","@id":"https:\/\/gifted-hub.com\/it\/individui\/ragazze-dotate-sfide-e-caratteristiche\/#primaryimage","url":"https:\/\/gifted-hub.com\/wp-content\/uploads\/2024\/10\/royhgmdiog8-e1729791209502.jpg","contentUrl":"https:\/\/gifted-hub.com\/wp-content\/uploads\/2024\/10\/royhgmdiog8-e1729791209502.jpg","width":800,"height":1200},{"@type":"BreadcrumbList","@id":"https:\/\/gifted-hub.com\/it\/individui\/ragazze-dotate-sfide-e-caratteristiche\/#breadcrumb","itemListElement":[{"@type":"ListItem","position":1,"name":"Home","item":"https:\/\/gifted-hub.com\/it\/home\/"},{"@type":"ListItem","position":2,"name":"Individui","item":"https:\/\/gifted-hub.com\/it\/individui\/"},{"@type":"ListItem","position":3,"name":"Ragazze dotate: sfide e caratteristiche"}]},{"@type":"WebSite","@id":"https:\/\/gifted-hub.com\/it\/#website","url":"https:\/\/gifted-hub.com\/it\/","name":"Gifted HUB","description":"Uno spazio per alte abilit\u00e0","publisher":{"@id":"https:\/\/gifted-hub.com\/it\/#organization"},"potentialAction":[{"@type":"SearchAction","target":{"@type":"EntryPoint","urlTemplate":"https:\/\/gifted-hub.com\/it\/?s={search_term_string}"},"query-input":{"@type":"PropertyValueSpecification","valueRequired":true,"valueName":"search_term_string"}}],"inLanguage":"it-IT"},{"@type":"Organization","@id":"https:\/\/gifted-hub.com\/it\/#organization","name":"Gifted HUB","url":"https:\/\/gifted-hub.com\/it\/","logo":{"@type":"ImageObject","inLanguage":"it-IT","@id":"https:\/\/gifted-hub.com\/it\/#\/schema\/logo\/image\/","url":"https:\/\/gifted-hub.com\/wp-content\/uploads\/2024\/07\/logo-1.svg","contentUrl":"https:\/\/gifted-hub.com\/wp-content\/uploads\/2024\/07\/logo-1.svg","caption":"Gifted HUB"},"image":{"@id":"https:\/\/gifted-hub.com\/it\/#\/schema\/logo\/image\/"}}]}},"_links":{"self":[{"href":"https:\/\/gifted-hub.com\/it\/wp-json\/wp\/v2\/pages\/16228","targetHints":{"allow":["GET"]}}],"collection":[{"href":"https:\/\/gifted-hub.com\/it\/wp-json\/wp\/v2\/pages"}],"about":[{"href":"https:\/\/gifted-hub.com\/it\/wp-json\/wp\/v2\/types\/page"}],"author":[{"embeddable":true,"href":"https:\/\/gifted-hub.com\/it\/wp-json\/wp\/v2\/users\/1"}],"replies":[{"embeddable":true,"href":"https:\/\/gifted-hub.com\/it\/wp-json\/wp\/v2\/comments?post=16228"}],"version-history":[{"count":4,"href":"https:\/\/gifted-hub.com\/it\/wp-json\/wp\/v2\/pages\/16228\/revisions"}],"predecessor-version":[{"id":16922,"href":"https:\/\/gifted-hub.com\/it\/wp-json\/wp\/v2\/pages\/16228\/revisions\/16922"}],"up":[{"embeddable":true,"href":"https:\/\/gifted-hub.com\/it\/wp-json\/wp\/v2\/pages\/16921"}],"wp:featuredmedia":[{"embeddable":true,"href":"https:\/\/gifted-hub.com\/it\/wp-json\/wp\/v2\/media\/16204"}],"wp:attachment":[{"href":"https:\/\/gifted-hub.com\/it\/wp-json\/wp\/v2\/media?parent=16228"}],"wp:term":[{"taxonomy":"group-interest","embeddable":true,"href":"https:\/\/gifted-hub.com\/it\/wp-json\/wp\/v2\/group-interest?post=16228"}],"curies":[{"name":"wp","href":"https:\/\/api.w.org\/{rel}","templated":true}]}}