{"id":16134,"date":"2024-10-23T21:20:41","date_gmt":"2024-10-23T21:20:41","guid":{"rendered":"https:\/\/gifted-hub.com\/chi-siamo\/"},"modified":"2025-04-21T21:01:06","modified_gmt":"2025-04-21T21:01:06","slug":"chi-siamo","status":"publish","type":"page","link":"https:\/\/gifted-hub.com\/it\/chi-siamo\/","title":{"rendered":"Chi siamo"},"content":{"rendered":"\n<p>Siamo un gruppo di persone affascinate dal mondo della plusdotazione e delle alte capacit\u00e0. Il nostro viaggio \u00e8 iniziato con un interesse comune per comprendere le esperienze uniche degli individui dotati. Sappiamo che essere dotati comporta una serie di sfide e gioie, e vogliamo creare uno spazio che <strong>riunisca risorse e informazioni<\/strong> per coloro che lo vivono giorno per giorno, che tu sia dotato, un familiare, un insegnante o un professionista.  <\/p>\n\n<p>Siamo impegnati nell&#8217;apprendimento, per questo ci concentriamo sulla raccolta di conoscenze che possano essere utili alla comunit\u00e0, fornendo articoli, guide e strumenti che rispondono alle diverse esigenze delle persone con alte abilit\u00e0. Il nostro obiettivo \u00e8 quello di creare un ambiente di supporto in cui tu possa trovare utili spunti di riflessione, capire di pi\u00f9 sulle alte abilit\u00e0 ed entrare in contatto con altre persone che condividono esperienze simili. <\/p>\n\n<p>Se stai cercando una guida professionale, ti incoraggiamo a <a href=\"\/it\/expert\">consultare la nostra directory<\/a>, dove puoi trovare esperti specializzati in plusdotazione e alte capacit\u00e0. Siamo qui per rendere il viaggio un po&#8217; meno solitario e molto pi\u00f9 informato, ma riconosciamo il valore degli specialisti e speriamo di aiutarti a trovare quello giusto quando ne hai bisogno. <\/p>\n\n<p>Se desideri <a href=\"https:\/\/gifted-hub.com\/it\/contatto\/\" data-type=\"page\" data-id=\"15728\">contattarci<\/a>, condividere i tuoi pensieri o fare domande, sentiti libero di contattarci. Ci piacerebbe sentirti e continuare a costruire questa comunit\u00e0 insieme. <\/p>\n","protected":false},"excerpt":{"rendered":"<p>Siamo un gruppo di persone affascinate dal mondo della plusdotazione e delle alte capacit\u00e0. Il nostro viaggio \u00e8 iniziato con un interesse comune per comprendere le esperienze uniche degli individui dotati. Sappiamo che essere dotati comporta una serie di sfide e gioie, e vogliamo creare uno spazio che riunisca risorse e informazioni per coloro che [&hellip;]<\/p>\n","protected":false},"author":1,"featured_media":16124,"parent":0,"menu_order":0,"comment_status":"closed","ping_status":"closed","template":"","meta":{"_acf_changed":false,"inline_featured_image":false,"footnotes":""},"group-interest":[],"class_list":["post-16134","page","type-page","status-publish","has-post-thumbnail","hentry"],"acf":[],"yoast_head":"<!-- This site is optimized with the Yoast SEO plugin v27.4 - https:\/\/yoast.com\/product\/yoast-seo-wordpress\/ -->\n<title>Chi siamo - Gifted HUB<\/title>\n<meta name=\"robots\" content=\"index, follow, max-snippet:-1, max-image-preview:large, max-video-preview:-1\" \/>\n<link rel=\"canonical\" href=\"https:\/\/gifted-hub.com\/it\/chi-siamo\/\" \/>\n<meta property=\"og:locale\" content=\"it_IT\" \/>\n<meta property=\"og:type\" content=\"article\" \/>\n<meta property=\"og:title\" content=\"Chi siamo - Gifted HUB\" \/>\n<meta property=\"og:description\" content=\"Siamo un gruppo di persone affascinate dal mondo della plusdotazione e delle alte capacit\u00e0. Il nostro viaggio \u00e8 iniziato con un interesse comune per comprendere le esperienze uniche degli individui dotati. Sappiamo che essere dotati comporta una serie di sfide e gioie, e vogliamo creare uno spazio che riunisca risorse e informazioni per coloro che [&hellip;]\" \/>\n<meta property=\"og:url\" content=\"https:\/\/gifted-hub.com\/it\/chi-siamo\/\" \/>\n<meta property=\"og:site_name\" content=\"Gifted HUB\" \/>\n<meta property=\"article:modified_time\" content=\"2025-04-21T21:01:06+00:00\" \/>\n<meta property=\"og:image\" content=\"https:\/\/gifted-hub.com\/wp-content\/uploads\/2024\/10\/1771916.jpg\" \/>\n\t<meta property=\"og:image:width\" content=\"1280\" \/>\n\t<meta property=\"og:image:height\" content=\"914\" \/>\n\t<meta property=\"og:image:type\" content=\"image\/jpeg\" \/>\n<meta name=\"twitter:card\" content=\"summary_large_image\" \/>\n<meta name=\"twitter:label1\" content=\"Tempo di lettura stimato\" \/>\n\t<meta name=\"twitter:data1\" content=\"1 minuto\" \/>\n<script type=\"application\/ld+json\" class=\"yoast-schema-graph\">{\"@context\":\"https:\\\/\\\/schema.org\",\"@graph\":[{\"@type\":\"WebPage\",\"@id\":\"https:\\\/\\\/gifted-hub.com\\\/it\\\/chi-siamo\\\/\",\"url\":\"https:\\\/\\\/gifted-hub.com\\\/it\\\/chi-siamo\\\/\",\"name\":\"Chi siamo - Gifted HUB\",\"isPartOf\":{\"@id\":\"https:\\\/\\\/gifted-hub.com\\\/it\\\/#website\"},\"primaryImageOfPage\":{\"@id\":\"https:\\\/\\\/gifted-hub.com\\\/it\\\/chi-siamo\\\/#primaryimage\"},\"image\":{\"@id\":\"https:\\\/\\\/gifted-hub.com\\\/it\\\/chi-siamo\\\/#primaryimage\"},\"thumbnailUrl\":\"https:\\\/\\\/gifted-hub.com\\\/wp-content\\\/uploads\\\/2024\\\/10\\\/1771916.jpg\",\"datePublished\":\"2024-10-23T21:20:41+00:00\",\"dateModified\":\"2025-04-21T21:01:06+00:00\",\"breadcrumb\":{\"@id\":\"https:\\\/\\\/gifted-hub.com\\\/it\\\/chi-siamo\\\/#breadcrumb\"},\"inLanguage\":\"it-IT\",\"potentialAction\":[{\"@type\":\"ReadAction\",\"target\":[\"https:\\\/\\\/gifted-hub.com\\\/it\\\/chi-siamo\\\/\"]}]},{\"@type\":\"ImageObject\",\"inLanguage\":\"it-IT\",\"@id\":\"https:\\\/\\\/gifted-hub.com\\\/it\\\/chi-siamo\\\/#primaryimage\",\"url\":\"https:\\\/\\\/gifted-hub.com\\\/wp-content\\\/uploads\\\/2024\\\/10\\\/1771916.jpg\",\"contentUrl\":\"https:\\\/\\\/gifted-hub.com\\\/wp-content\\\/uploads\\\/2024\\\/10\\\/1771916.jpg\",\"width\":1280,\"height\":914},{\"@type\":\"BreadcrumbList\",\"@id\":\"https:\\\/\\\/gifted-hub.com\\\/it\\\/chi-siamo\\\/#breadcrumb\",\"itemListElement\":[{\"@type\":\"ListItem\",\"position\":1,\"name\":\"Home\",\"item\":\"https:\\\/\\\/gifted-hub.com\\\/it\\\/home\\\/\"},{\"@type\":\"ListItem\",\"position\":2,\"name\":\"Chi siamo\"}]},{\"@type\":\"WebSite\",\"@id\":\"https:\\\/\\\/gifted-hub.com\\\/it\\\/#website\",\"url\":\"https:\\\/\\\/gifted-hub.com\\\/it\\\/\",\"name\":\"Gifted HUB\",\"description\":\"Uno spazio per alte abilit\u00e0\",\"publisher\":{\"@id\":\"https:\\\/\\\/gifted-hub.com\\\/it\\\/#organization\"},\"potentialAction\":[{\"@type\":\"SearchAction\",\"target\":{\"@type\":\"EntryPoint\",\"urlTemplate\":\"https:\\\/\\\/gifted-hub.com\\\/it\\\/?s={search_term_string}\"},\"query-input\":{\"@type\":\"PropertyValueSpecification\",\"valueRequired\":true,\"valueName\":\"search_term_string\"}}],\"inLanguage\":\"it-IT\"},{\"@type\":\"Organization\",\"@id\":\"https:\\\/\\\/gifted-hub.com\\\/it\\\/#organization\",\"name\":\"Gifted HUB\",\"url\":\"https:\\\/\\\/gifted-hub.com\\\/it\\\/\",\"logo\":{\"@type\":\"ImageObject\",\"inLanguage\":\"it-IT\",\"@id\":\"https:\\\/\\\/gifted-hub.com\\\/it\\\/#\\\/schema\\\/logo\\\/image\\\/\",\"url\":\"https:\\\/\\\/gifted-hub.com\\\/wp-content\\\/uploads\\\/2024\\\/07\\\/logo-1.svg\",\"contentUrl\":\"https:\\\/\\\/gifted-hub.com\\\/wp-content\\\/uploads\\\/2024\\\/07\\\/logo-1.svg\",\"caption\":\"Gifted HUB\"},\"image\":{\"@id\":\"https:\\\/\\\/gifted-hub.com\\\/it\\\/#\\\/schema\\\/logo\\\/image\\\/\"}}]}<\/script>\n<!-- \/ Yoast SEO plugin. -->","yoast_head_json":{"title":"Chi siamo - Gifted HUB","robots":{"index":"index","follow":"follow","max-snippet":"max-snippet:-1","max-image-preview":"max-image-preview:large","max-video-preview":"max-video-preview:-1"},"canonical":"https:\/\/gifted-hub.com\/it\/chi-siamo\/","og_locale":"it_IT","og_type":"article","og_title":"Chi siamo - Gifted HUB","og_description":"Siamo un gruppo di persone affascinate dal mondo della plusdotazione e delle alte capacit\u00e0. Il nostro viaggio \u00e8 iniziato con un interesse comune per comprendere le esperienze uniche degli individui dotati. Sappiamo che essere dotati comporta una serie di sfide e gioie, e vogliamo creare uno spazio che riunisca risorse e informazioni per coloro che [&hellip;]","og_url":"https:\/\/gifted-hub.com\/it\/chi-siamo\/","og_site_name":"Gifted HUB","article_modified_time":"2025-04-21T21:01:06+00:00","og_image":[{"width":1280,"height":914,"url":"https:\/\/gifted-hub.com\/wp-content\/uploads\/2024\/10\/1771916.jpg","type":"image\/jpeg"}],"twitter_card":"summary_large_image","twitter_misc":{"Tempo di lettura stimato":"1 minuto"},"schema":{"@context":"https:\/\/schema.org","@graph":[{"@type":"WebPage","@id":"https:\/\/gifted-hub.com\/it\/chi-siamo\/","url":"https:\/\/gifted-hub.com\/it\/chi-siamo\/","name":"Chi siamo - Gifted HUB","isPartOf":{"@id":"https:\/\/gifted-hub.com\/it\/#website"},"primaryImageOfPage":{"@id":"https:\/\/gifted-hub.com\/it\/chi-siamo\/#primaryimage"},"image":{"@id":"https:\/\/gifted-hub.com\/it\/chi-siamo\/#primaryimage"},"thumbnailUrl":"https:\/\/gifted-hub.com\/wp-content\/uploads\/2024\/10\/1771916.jpg","datePublished":"2024-10-23T21:20:41+00:00","dateModified":"2025-04-21T21:01:06+00:00","breadcrumb":{"@id":"https:\/\/gifted-hub.com\/it\/chi-siamo\/#breadcrumb"},"inLanguage":"it-IT","potentialAction":[{"@type":"ReadAction","target":["https:\/\/gifted-hub.com\/it\/chi-siamo\/"]}]},{"@type":"ImageObject","inLanguage":"it-IT","@id":"https:\/\/gifted-hub.com\/it\/chi-siamo\/#primaryimage","url":"https:\/\/gifted-hub.com\/wp-content\/uploads\/2024\/10\/1771916.jpg","contentUrl":"https:\/\/gifted-hub.com\/wp-content\/uploads\/2024\/10\/1771916.jpg","width":1280,"height":914},{"@type":"BreadcrumbList","@id":"https:\/\/gifted-hub.com\/it\/chi-siamo\/#breadcrumb","itemListElement":[{"@type":"ListItem","position":1,"name":"Home","item":"https:\/\/gifted-hub.com\/it\/home\/"},{"@type":"ListItem","position":2,"name":"Chi siamo"}]},{"@type":"WebSite","@id":"https:\/\/gifted-hub.com\/it\/#website","url":"https:\/\/gifted-hub.com\/it\/","name":"Gifted HUB","description":"Uno spazio per alte abilit\u00e0","publisher":{"@id":"https:\/\/gifted-hub.com\/it\/#organization"},"potentialAction":[{"@type":"SearchAction","target":{"@type":"EntryPoint","urlTemplate":"https:\/\/gifted-hub.com\/it\/?s={search_term_string}"},"query-input":{"@type":"PropertyValueSpecification","valueRequired":true,"valueName":"search_term_string"}}],"inLanguage":"it-IT"},{"@type":"Organization","@id":"https:\/\/gifted-hub.com\/it\/#organization","name":"Gifted HUB","url":"https:\/\/gifted-hub.com\/it\/","logo":{"@type":"ImageObject","inLanguage":"it-IT","@id":"https:\/\/gifted-hub.com\/it\/#\/schema\/logo\/image\/","url":"https:\/\/gifted-hub.com\/wp-content\/uploads\/2024\/07\/logo-1.svg","contentUrl":"https:\/\/gifted-hub.com\/wp-content\/uploads\/2024\/07\/logo-1.svg","caption":"Gifted HUB"},"image":{"@id":"https:\/\/gifted-hub.com\/it\/#\/schema\/logo\/image\/"}}]}},"_links":{"self":[{"href":"https:\/\/gifted-hub.com\/it\/wp-json\/wp\/v2\/pages\/16134","targetHints":{"allow":["GET"]}}],"collection":[{"href":"https:\/\/gifted-hub.com\/it\/wp-json\/wp\/v2\/pages"}],"about":[{"href":"https:\/\/gifted-hub.com\/it\/wp-json\/wp\/v2\/types\/page"}],"author":[{"embeddable":true,"href":"https:\/\/gifted-hub.com\/it\/wp-json\/wp\/v2\/users\/1"}],"replies":[{"embeddable":true,"href":"https:\/\/gifted-hub.com\/it\/wp-json\/wp\/v2\/comments?post=16134"}],"version-history":[{"count":6,"href":"https:\/\/gifted-hub.com\/it\/wp-json\/wp\/v2\/pages\/16134\/revisions"}],"predecessor-version":[{"id":19361,"href":"https:\/\/gifted-hub.com\/it\/wp-json\/wp\/v2\/pages\/16134\/revisions\/19361"}],"wp:featuredmedia":[{"embeddable":true,"href":"https:\/\/gifted-hub.com\/it\/wp-json\/wp\/v2\/media\/16124"}],"wp:attachment":[{"href":"https:\/\/gifted-hub.com\/it\/wp-json\/wp\/v2\/media?parent=16134"}],"wp:term":[{"taxonomy":"group-interest","embeddable":true,"href":"https:\/\/gifted-hub.com\/it\/wp-json\/wp\/v2\/group-interest?post=16134"}],"curies":[{"name":"wp","href":"https:\/\/api.w.org\/{rel}","templated":true}]}}