{"id":15903,"date":"2024-07-25T21:50:19","date_gmt":"2024-07-25T21:50:19","guid":{"rendered":"https:\/\/gifted-hub.com\/cosa-sono-le-alte-abilita\/"},"modified":"2024-10-22T12:45:49","modified_gmt":"2024-10-22T12:45:49","slug":"cosa-sono-le-alte-abilita","status":"publish","type":"page","link":"https:\/\/gifted-hub.com\/it\/cosa-sono-le-alte-abilita\/","title":{"rendered":"Cosa sono le Alte Abilit\u00e0?"},"content":{"rendered":"\n<p>Definire le alte abilit\u00e0 non \u00e8 un compito facile, poich\u00e9 ogni esperto pu\u00f2 offrire una definizione diversa, portando a potenziali confusioni. \u00c8 importante capire che le alte abilit\u00e0 sono <strong><a href=\"https:\/\/gifted-hub.com\/what-are-high-abilities\/understanding-giftedness-as-a-social-construction\/\" data-type=\"page\" data-id=\"15070\">una costruzione sociale<\/a><\/strong>, ovvero un concetto creato per identificare un gruppo specifico di individui, specialmente bambini, che potrebbero richiedere un&#8217;attenzione particolare. <\/p>\n\n<p>\u00c8 altrettanto importante chiarire <strong>cosa non sono le alte abilit\u00e0<\/strong>.\nSebbene il termine &#8220;intelligente&#8221; sia spesso utilizzato, non si riferisce esclusivamente a un alto QI, che \u00e8 anch&#8217;esso una costruzione sociale.\nInoltre, non tutti i bambini con alte abilit\u00e0 ottengono costantemente buoni voti o imparano autonomamente senza guida.  <\/p>\n\n<p>Non ci sono caratteristiche uniche che identificano facilmente una persona con alte abilit\u00e0.\nQuesto gruppo \u00e8 altamente diversificato e pu\u00f2 includere individui che necessitano di sfide intellettuali, motivazione e guida sia socialmente che emotivamente. <\/p>\n\n<p>In sintesi, le alte abilit\u00e0 rappresentano il <strong>potenziale di sviluppare talenti specifici<\/strong>.<\/p>\n","protected":false},"excerpt":{"rendered":"<p>Definire le alte abilit\u00e0 non \u00e8 un compito facile, poich\u00e9 ogni esperto pu\u00f2 offrire una definizione diversa, portando a potenziali confusioni. \u00c8 importante capire che le alte abilit\u00e0 sono una costruzione sociale, ovvero un concetto creato per identificare un gruppo specifico di individui, specialmente bambini, che potrebbero richiedere un&#8217;attenzione particolare. \u00c8 altrettanto importante chiarire cosa [&hellip;]<\/p>\n","protected":false},"author":1,"featured_media":2119,"parent":0,"menu_order":0,"comment_status":"closed","ping_status":"closed","template":"","meta":{"_acf_changed":false,"inline_featured_image":false,"footnotes":""},"group-interest":[195,196,198,197],"class_list":["post-15903","page","type-page","status-publish","has-post-thumbnail","hentry","group-interest-famiglia","group-interest-individui","group-interest-insegnanti","group-interest-professionisti"],"acf":[],"yoast_head":"<!-- This site is optimized with the Yoast SEO plugin v27.4 - https:\/\/yoast.com\/product\/yoast-seo-wordpress\/ -->\n<title>Cosa sono le Alte Abilit\u00e0? - Gifted HUB<\/title>\n<meta name=\"robots\" content=\"index, follow, max-snippet:-1, max-image-preview:large, max-video-preview:-1\" \/>\n<link rel=\"canonical\" href=\"https:\/\/gifted-hub.com\/it\/cosa-sono-le-alte-abilita\/\" \/>\n<meta property=\"og:locale\" content=\"it_IT\" \/>\n<meta property=\"og:type\" content=\"article\" \/>\n<meta property=\"og:title\" content=\"Cosa sono le Alte Abilit\u00e0? - Gifted HUB\" \/>\n<meta property=\"og:description\" content=\"Definire le alte abilit\u00e0 non \u00e8 un compito facile, poich\u00e9 ogni esperto pu\u00f2 offrire una definizione diversa, portando a potenziali confusioni. \u00c8 importante capire che le alte abilit\u00e0 sono una costruzione sociale, ovvero un concetto creato per identificare un gruppo specifico di individui, specialmente bambini, che potrebbero richiedere un&#8217;attenzione particolare. \u00c8 altrettanto importante chiarire cosa [&hellip;]\" \/>\n<meta property=\"og:url\" content=\"https:\/\/gifted-hub.com\/it\/cosa-sono-le-alte-abilita\/\" \/>\n<meta property=\"og:site_name\" content=\"Gifted HUB\" \/>\n<meta property=\"article:modified_time\" content=\"2024-10-22T12:45:49+00:00\" \/>\n<meta property=\"og:image\" content=\"https:\/\/gifted-hub.com\/wp-content\/uploads\/2024\/07\/fzoitus1diq.jpg\" \/>\n\t<meta property=\"og:image:width\" content=\"1600\" \/>\n\t<meta property=\"og:image:height\" content=\"1067\" \/>\n\t<meta property=\"og:image:type\" content=\"image\/jpeg\" \/>\n<meta name=\"twitter:card\" content=\"summary_large_image\" \/>\n<meta name=\"twitter:label1\" content=\"Tempo di lettura stimato\" \/>\n\t<meta name=\"twitter:data1\" content=\"1 minuto\" \/>\n<script type=\"application\/ld+json\" class=\"yoast-schema-graph\">{\"@context\":\"https:\\\/\\\/schema.org\",\"@graph\":[{\"@type\":\"WebPage\",\"@id\":\"https:\\\/\\\/gifted-hub.com\\\/it\\\/cosa-sono-le-alte-abilita\\\/\",\"url\":\"https:\\\/\\\/gifted-hub.com\\\/it\\\/cosa-sono-le-alte-abilita\\\/\",\"name\":\"Cosa sono le Alte Abilit\u00e0? - Gifted HUB\",\"isPartOf\":{\"@id\":\"https:\\\/\\\/gifted-hub.com\\\/it\\\/#website\"},\"primaryImageOfPage\":{\"@id\":\"https:\\\/\\\/gifted-hub.com\\\/it\\\/cosa-sono-le-alte-abilita\\\/#primaryimage\"},\"image\":{\"@id\":\"https:\\\/\\\/gifted-hub.com\\\/it\\\/cosa-sono-le-alte-abilita\\\/#primaryimage\"},\"thumbnailUrl\":\"https:\\\/\\\/gifted-hub.com\\\/wp-content\\\/uploads\\\/2024\\\/07\\\/fzoitus1diq.jpg\",\"datePublished\":\"2024-07-25T21:50:19+00:00\",\"dateModified\":\"2024-10-22T12:45:49+00:00\",\"breadcrumb\":{\"@id\":\"https:\\\/\\\/gifted-hub.com\\\/it\\\/cosa-sono-le-alte-abilita\\\/#breadcrumb\"},\"inLanguage\":\"it-IT\",\"potentialAction\":[{\"@type\":\"ReadAction\",\"target\":[\"https:\\\/\\\/gifted-hub.com\\\/it\\\/cosa-sono-le-alte-abilita\\\/\"]}]},{\"@type\":\"ImageObject\",\"inLanguage\":\"it-IT\",\"@id\":\"https:\\\/\\\/gifted-hub.com\\\/it\\\/cosa-sono-le-alte-abilita\\\/#primaryimage\",\"url\":\"https:\\\/\\\/gifted-hub.com\\\/wp-content\\\/uploads\\\/2024\\\/07\\\/fzoitus1diq.jpg\",\"contentUrl\":\"https:\\\/\\\/gifted-hub.com\\\/wp-content\\\/uploads\\\/2024\\\/07\\\/fzoitus1diq.jpg\",\"width\":1600,\"height\":1067},{\"@type\":\"BreadcrumbList\",\"@id\":\"https:\\\/\\\/gifted-hub.com\\\/it\\\/cosa-sono-le-alte-abilita\\\/#breadcrumb\",\"itemListElement\":[{\"@type\":\"ListItem\",\"position\":1,\"name\":\"Home\",\"item\":\"https:\\\/\\\/gifted-hub.com\\\/it\\\/home\\\/\"},{\"@type\":\"ListItem\",\"position\":2,\"name\":\"Cosa sono le Alte Abilit\u00e0?\"}]},{\"@type\":\"WebSite\",\"@id\":\"https:\\\/\\\/gifted-hub.com\\\/it\\\/#website\",\"url\":\"https:\\\/\\\/gifted-hub.com\\\/it\\\/\",\"name\":\"Gifted HUB\",\"description\":\"Uno spazio per alte abilit\u00e0\",\"publisher\":{\"@id\":\"https:\\\/\\\/gifted-hub.com\\\/it\\\/#organization\"},\"potentialAction\":[{\"@type\":\"SearchAction\",\"target\":{\"@type\":\"EntryPoint\",\"urlTemplate\":\"https:\\\/\\\/gifted-hub.com\\\/it\\\/?s={search_term_string}\"},\"query-input\":{\"@type\":\"PropertyValueSpecification\",\"valueRequired\":true,\"valueName\":\"search_term_string\"}}],\"inLanguage\":\"it-IT\"},{\"@type\":\"Organization\",\"@id\":\"https:\\\/\\\/gifted-hub.com\\\/it\\\/#organization\",\"name\":\"Gifted HUB\",\"url\":\"https:\\\/\\\/gifted-hub.com\\\/it\\\/\",\"logo\":{\"@type\":\"ImageObject\",\"inLanguage\":\"it-IT\",\"@id\":\"https:\\\/\\\/gifted-hub.com\\\/it\\\/#\\\/schema\\\/logo\\\/image\\\/\",\"url\":\"https:\\\/\\\/gifted-hub.com\\\/wp-content\\\/uploads\\\/2024\\\/07\\\/logo-1.svg\",\"contentUrl\":\"https:\\\/\\\/gifted-hub.com\\\/wp-content\\\/uploads\\\/2024\\\/07\\\/logo-1.svg\",\"caption\":\"Gifted HUB\"},\"image\":{\"@id\":\"https:\\\/\\\/gifted-hub.com\\\/it\\\/#\\\/schema\\\/logo\\\/image\\\/\"}}]}<\/script>\n<!-- \/ Yoast SEO plugin. -->","yoast_head_json":{"title":"Cosa sono le Alte Abilit\u00e0? - Gifted HUB","robots":{"index":"index","follow":"follow","max-snippet":"max-snippet:-1","max-image-preview":"max-image-preview:large","max-video-preview":"max-video-preview:-1"},"canonical":"https:\/\/gifted-hub.com\/it\/cosa-sono-le-alte-abilita\/","og_locale":"it_IT","og_type":"article","og_title":"Cosa sono le Alte Abilit\u00e0? - Gifted HUB","og_description":"Definire le alte abilit\u00e0 non \u00e8 un compito facile, poich\u00e9 ogni esperto pu\u00f2 offrire una definizione diversa, portando a potenziali confusioni. \u00c8 importante capire che le alte abilit\u00e0 sono una costruzione sociale, ovvero un concetto creato per identificare un gruppo specifico di individui, specialmente bambini, che potrebbero richiedere un&#8217;attenzione particolare. \u00c8 altrettanto importante chiarire cosa [&hellip;]","og_url":"https:\/\/gifted-hub.com\/it\/cosa-sono-le-alte-abilita\/","og_site_name":"Gifted HUB","article_modified_time":"2024-10-22T12:45:49+00:00","og_image":[{"width":1600,"height":1067,"url":"https:\/\/gifted-hub.com\/wp-content\/uploads\/2024\/07\/fzoitus1diq.jpg","type":"image\/jpeg"}],"twitter_card":"summary_large_image","twitter_misc":{"Tempo di lettura stimato":"1 minuto"},"schema":{"@context":"https:\/\/schema.org","@graph":[{"@type":"WebPage","@id":"https:\/\/gifted-hub.com\/it\/cosa-sono-le-alte-abilita\/","url":"https:\/\/gifted-hub.com\/it\/cosa-sono-le-alte-abilita\/","name":"Cosa sono le Alte Abilit\u00e0? - Gifted HUB","isPartOf":{"@id":"https:\/\/gifted-hub.com\/it\/#website"},"primaryImageOfPage":{"@id":"https:\/\/gifted-hub.com\/it\/cosa-sono-le-alte-abilita\/#primaryimage"},"image":{"@id":"https:\/\/gifted-hub.com\/it\/cosa-sono-le-alte-abilita\/#primaryimage"},"thumbnailUrl":"https:\/\/gifted-hub.com\/wp-content\/uploads\/2024\/07\/fzoitus1diq.jpg","datePublished":"2024-07-25T21:50:19+00:00","dateModified":"2024-10-22T12:45:49+00:00","breadcrumb":{"@id":"https:\/\/gifted-hub.com\/it\/cosa-sono-le-alte-abilita\/#breadcrumb"},"inLanguage":"it-IT","potentialAction":[{"@type":"ReadAction","target":["https:\/\/gifted-hub.com\/it\/cosa-sono-le-alte-abilita\/"]}]},{"@type":"ImageObject","inLanguage":"it-IT","@id":"https:\/\/gifted-hub.com\/it\/cosa-sono-le-alte-abilita\/#primaryimage","url":"https:\/\/gifted-hub.com\/wp-content\/uploads\/2024\/07\/fzoitus1diq.jpg","contentUrl":"https:\/\/gifted-hub.com\/wp-content\/uploads\/2024\/07\/fzoitus1diq.jpg","width":1600,"height":1067},{"@type":"BreadcrumbList","@id":"https:\/\/gifted-hub.com\/it\/cosa-sono-le-alte-abilita\/#breadcrumb","itemListElement":[{"@type":"ListItem","position":1,"name":"Home","item":"https:\/\/gifted-hub.com\/it\/home\/"},{"@type":"ListItem","position":2,"name":"Cosa sono le Alte Abilit\u00e0?"}]},{"@type":"WebSite","@id":"https:\/\/gifted-hub.com\/it\/#website","url":"https:\/\/gifted-hub.com\/it\/","name":"Gifted HUB","description":"Uno spazio per alte abilit\u00e0","publisher":{"@id":"https:\/\/gifted-hub.com\/it\/#organization"},"potentialAction":[{"@type":"SearchAction","target":{"@type":"EntryPoint","urlTemplate":"https:\/\/gifted-hub.com\/it\/?s={search_term_string}"},"query-input":{"@type":"PropertyValueSpecification","valueRequired":true,"valueName":"search_term_string"}}],"inLanguage":"it-IT"},{"@type":"Organization","@id":"https:\/\/gifted-hub.com\/it\/#organization","name":"Gifted HUB","url":"https:\/\/gifted-hub.com\/it\/","logo":{"@type":"ImageObject","inLanguage":"it-IT","@id":"https:\/\/gifted-hub.com\/it\/#\/schema\/logo\/image\/","url":"https:\/\/gifted-hub.com\/wp-content\/uploads\/2024\/07\/logo-1.svg","contentUrl":"https:\/\/gifted-hub.com\/wp-content\/uploads\/2024\/07\/logo-1.svg","caption":"Gifted HUB"},"image":{"@id":"https:\/\/gifted-hub.com\/it\/#\/schema\/logo\/image\/"}}]}},"_links":{"self":[{"href":"https:\/\/gifted-hub.com\/it\/wp-json\/wp\/v2\/pages\/15903","targetHints":{"allow":["GET"]}}],"collection":[{"href":"https:\/\/gifted-hub.com\/it\/wp-json\/wp\/v2\/pages"}],"about":[{"href":"https:\/\/gifted-hub.com\/it\/wp-json\/wp\/v2\/types\/page"}],"author":[{"embeddable":true,"href":"https:\/\/gifted-hub.com\/it\/wp-json\/wp\/v2\/users\/1"}],"replies":[{"embeddable":true,"href":"https:\/\/gifted-hub.com\/it\/wp-json\/wp\/v2\/comments?post=15903"}],"version-history":[{"count":1,"href":"https:\/\/gifted-hub.com\/it\/wp-json\/wp\/v2\/pages\/15903\/revisions"}],"predecessor-version":[{"id":15904,"href":"https:\/\/gifted-hub.com\/it\/wp-json\/wp\/v2\/pages\/15903\/revisions\/15904"}],"wp:featuredmedia":[{"embeddable":true,"href":"https:\/\/gifted-hub.com\/it\/wp-json\/wp\/v2\/media\/2119"}],"wp:attachment":[{"href":"https:\/\/gifted-hub.com\/it\/wp-json\/wp\/v2\/media?parent=15903"}],"wp:term":[{"taxonomy":"group-interest","embeddable":true,"href":"https:\/\/gifted-hub.com\/it\/wp-json\/wp\/v2\/group-interest?post=15903"}],"curies":[{"name":"wp","href":"https:\/\/api.w.org\/{rel}","templated":true}]}}