{"id":15901,"date":"2024-10-19T13:22:33","date_gmt":"2024-10-19T13:22:33","guid":{"rendered":"https:\/\/gifted-hub.com\/insegnanti\/curriculum-di-accelerazione-e-arricchimento\/"},"modified":"2024-10-22T12:43:05","modified_gmt":"2024-10-22T12:43:05","slug":"curriculum-di-accelerazione-e-arricchimento","status":"publish","type":"page","link":"https:\/\/gifted-hub.com\/it\/insegnanti\/curriculum-di-accelerazione-e-arricchimento\/","title":{"rendered":"Curriculum di accelerazione e arricchimento"},"content":{"rendered":"\n<p>L&#8217;accelerazione e l&#8217;arricchimento nell&#8217;educazione sono due approcci spesso utilizzati per adattare l&#8217;apprendimento alle esigenze degli studenti che mostrano una grande capacit\u00e0 di comprendere e applicare concetti complessi. Questi approcci fanno parte di una risposta educativa volta a liberare tutto il potenziale degli studenti con capacit\u00e0 di apprendimento avanzate. <\/p>\n\n<p><strong>Accelerazione<\/strong> significa dare agli studenti l&#8217;opportunit\u00e0 di avanzare nel materiale educativo a un ritmo pi\u00f9 veloce. Questo potrebbe significare saltare un anno scolastico, iniziare la scuola prima del solito, o far parte di classi pi\u00f9 avanzate in materie specifiche. L&#8217;obiettivo dell&#8217;accelerazione non \u00e8 solo aumentare il ritmo, ma adattare il livello di sfida alle capacit\u00e0 naturali dello studente, assicurandosi che siano coinvolti e entusiasti dell&#8217;apprendimento. Gli studi hanno dimostrato che l&#8217;accelerazione \u00e8 spesso efficace per gli studenti con abilit\u00e0 avanzate, particolarmente quando vengono valutati in modo completo per determinare la migliore soluzione. Rispetta le differenze individuali e garantisce che gli studenti talentuosi non siano trattenuti da un curriculum progettato per velocit\u00e0 di apprendimento medie.    <\/p>\n\n<p>D&#8217;altra parte, il <strong>curriculum di arricchimento<\/strong> si concentra sull&#8217;espansione dell&#8217;esperienza di apprendimento senza cambiare il ritmo di progressione attraverso i gradi. Questo pu\u00f2 includere l&#8217;aggiunta di profondit\u00e0 agli argomenti esistenti, offrire progetti extra, introdurre gli studenti a nuove aree di studio, o coinvolgerli in ricerche pi\u00f9 creative e indipendenti. L&#8217;approccio di arricchimento enfatizza percorsi di apprendimento personalizzati che stimolano la creativit\u00e0, la risoluzione dei problemi e il pensiero indipendente. Permette a questi studenti di rimanere con i loro coetanei mentre li sfida anche a esplorare oltre il curriculum standard.   <\/p>\n\n<p>Sia l&#8217;accelerazione che l&#8217;arricchimento mirano a supportare gli studenti nel raggiungere il loro potenziale in modi che si adattano ai loro specifici stili e bisogni di apprendimento. L&#8217;accelerazione potrebbe essere il percorso migliore per uno studente che \u00e8 pronto a progredire rapidamente e si sente poco stimolato nel suo ambiente attuale. L&#8217;arricchimento, invece, \u00e8 perfetto per gli studenti che traggono beneficio dall&#8217;approfondimento delle materie o dall&#8217;esplorazione dei propri interessi in modi creativi, senza lasciare il loro attuale livello di classe.  <\/p>\n\n<p>Le strategie educative per l&#8217;accelerazione e l&#8217;arricchimento richiedono una pianificazione attenta e valutazioni individualizzate. \u00c8 essenziale rispettare le esigenze sociali ed emotive dello studente fornendo al contempo opportunit\u00e0 accademicamente appropriate. Coinvolgere le famiglie e mantenere una comunicazione aperta con gli educatori sono anche parti critiche del processo, poich\u00e9 aiutano a garantire che questi studenti avanzati siano supportati in ogni aspetto del loro sviluppo. Fornendo a questi studenti la giusta risposta educativa, possiamo aiutarli a diventare studenti sicuri, pronti a contribuire con i loro talenti unici al mondo.   <\/p>\n","protected":false},"excerpt":{"rendered":"<p>L&#8217;accelerazione e l&#8217;arricchimento nell&#8217;educazione sono due approcci spesso utilizzati per adattare l&#8217;apprendimento alle esigenze degli studenti che mostrano una grande capacit\u00e0 di comprendere e applicare concetti complessi. Questi approcci fanno parte di una risposta educativa volta a liberare tutto il potenziale degli studenti con capacit\u00e0 di apprendimento avanzate. Accelerazione significa dare agli studenti l&#8217;opportunit\u00e0 di [&hellip;]<\/p>\n","protected":false},"author":1,"featured_media":15659,"parent":15899,"menu_order":0,"comment_status":"closed","ping_status":"closed","template":"","meta":{"_acf_changed":false,"inline_featured_image":false,"footnotes":""},"group-interest":[],"class_list":["post-15901","page","type-page","status-publish","has-post-thumbnail","hentry"],"acf":[],"yoast_head":"<!-- This site is optimized with the Yoast SEO plugin v27.4 - https:\/\/yoast.com\/product\/yoast-seo-wordpress\/ -->\n<title>Curriculum di accelerazione e arricchimento - Gifted HUB<\/title>\n<meta name=\"robots\" content=\"index, follow, max-snippet:-1, max-image-preview:large, max-video-preview:-1\" \/>\n<link rel=\"canonical\" href=\"https:\/\/gifted-hub.com\/it\/insegnanti\/curriculum-di-accelerazione-e-arricchimento\/\" \/>\n<meta property=\"og:locale\" content=\"it_IT\" \/>\n<meta property=\"og:type\" content=\"article\" \/>\n<meta property=\"og:title\" content=\"Curriculum di accelerazione e arricchimento - Gifted HUB\" \/>\n<meta property=\"og:description\" content=\"L&#8217;accelerazione e l&#8217;arricchimento nell&#8217;educazione sono due approcci spesso utilizzati per adattare l&#8217;apprendimento alle esigenze degli studenti che mostrano una grande capacit\u00e0 di comprendere e applicare concetti complessi. Questi approcci fanno parte di una risposta educativa volta a liberare tutto il potenziale degli studenti con capacit\u00e0 di apprendimento avanzate. Accelerazione significa dare agli studenti l&#8217;opportunit\u00e0 di [&hellip;]\" \/>\n<meta property=\"og:url\" content=\"https:\/\/gifted-hub.com\/it\/insegnanti\/curriculum-di-accelerazione-e-arricchimento\/\" \/>\n<meta property=\"og:site_name\" content=\"Gifted HUB\" \/>\n<meta property=\"article:modified_time\" content=\"2024-10-22T12:43:05+00:00\" \/>\n<meta property=\"og:image\" content=\"https:\/\/gifted-hub.com\/wp-content\/uploads\/2024\/10\/djwvzy4pkgu.jpg\" \/>\n\t<meta property=\"og:image:width\" content=\"1600\" \/>\n\t<meta property=\"og:image:height\" content=\"1067\" \/>\n\t<meta property=\"og:image:type\" content=\"image\/jpeg\" \/>\n<meta name=\"twitter:card\" content=\"summary_large_image\" \/>\n<meta name=\"twitter:label1\" content=\"Tempo di lettura stimato\" \/>\n\t<meta name=\"twitter:data1\" content=\"2 minuti\" \/>\n<script type=\"application\/ld+json\" class=\"yoast-schema-graph\">{\"@context\":\"https:\\\/\\\/schema.org\",\"@graph\":[{\"@type\":\"WebPage\",\"@id\":\"https:\\\/\\\/gifted-hub.com\\\/it\\\/insegnanti\\\/curriculum-di-accelerazione-e-arricchimento\\\/\",\"url\":\"https:\\\/\\\/gifted-hub.com\\\/it\\\/insegnanti\\\/curriculum-di-accelerazione-e-arricchimento\\\/\",\"name\":\"Curriculum di accelerazione e arricchimento - Gifted HUB\",\"isPartOf\":{\"@id\":\"https:\\\/\\\/gifted-hub.com\\\/it\\\/#website\"},\"primaryImageOfPage\":{\"@id\":\"https:\\\/\\\/gifted-hub.com\\\/it\\\/insegnanti\\\/curriculum-di-accelerazione-e-arricchimento\\\/#primaryimage\"},\"image\":{\"@id\":\"https:\\\/\\\/gifted-hub.com\\\/it\\\/insegnanti\\\/curriculum-di-accelerazione-e-arricchimento\\\/#primaryimage\"},\"thumbnailUrl\":\"https:\\\/\\\/gifted-hub.com\\\/wp-content\\\/uploads\\\/2024\\\/10\\\/djwvzy4pkgu.jpg\",\"datePublished\":\"2024-10-19T13:22:33+00:00\",\"dateModified\":\"2024-10-22T12:43:05+00:00\",\"breadcrumb\":{\"@id\":\"https:\\\/\\\/gifted-hub.com\\\/it\\\/insegnanti\\\/curriculum-di-accelerazione-e-arricchimento\\\/#breadcrumb\"},\"inLanguage\":\"it-IT\",\"potentialAction\":[{\"@type\":\"ReadAction\",\"target\":[\"https:\\\/\\\/gifted-hub.com\\\/it\\\/insegnanti\\\/curriculum-di-accelerazione-e-arricchimento\\\/\"]}]},{\"@type\":\"ImageObject\",\"inLanguage\":\"it-IT\",\"@id\":\"https:\\\/\\\/gifted-hub.com\\\/it\\\/insegnanti\\\/curriculum-di-accelerazione-e-arricchimento\\\/#primaryimage\",\"url\":\"https:\\\/\\\/gifted-hub.com\\\/wp-content\\\/uploads\\\/2024\\\/10\\\/djwvzy4pkgu.jpg\",\"contentUrl\":\"https:\\\/\\\/gifted-hub.com\\\/wp-content\\\/uploads\\\/2024\\\/10\\\/djwvzy4pkgu.jpg\",\"width\":1600,\"height\":1067},{\"@type\":\"BreadcrumbList\",\"@id\":\"https:\\\/\\\/gifted-hub.com\\\/it\\\/insegnanti\\\/curriculum-di-accelerazione-e-arricchimento\\\/#breadcrumb\",\"itemListElement\":[{\"@type\":\"ListItem\",\"position\":1,\"name\":\"Home\",\"item\":\"https:\\\/\\\/gifted-hub.com\\\/it\\\/home\\\/\"},{\"@type\":\"ListItem\",\"position\":2,\"name\":\"Insegnanti\",\"item\":\"https:\\\/\\\/gifted-hub.com\\\/it\\\/insegnanti\\\/\"},{\"@type\":\"ListItem\",\"position\":3,\"name\":\"Curriculum di accelerazione e arricchimento\"}]},{\"@type\":\"WebSite\",\"@id\":\"https:\\\/\\\/gifted-hub.com\\\/it\\\/#website\",\"url\":\"https:\\\/\\\/gifted-hub.com\\\/it\\\/\",\"name\":\"Gifted HUB\",\"description\":\"Uno spazio per alte abilit\u00e0\",\"publisher\":{\"@id\":\"https:\\\/\\\/gifted-hub.com\\\/it\\\/#organization\"},\"potentialAction\":[{\"@type\":\"SearchAction\",\"target\":{\"@type\":\"EntryPoint\",\"urlTemplate\":\"https:\\\/\\\/gifted-hub.com\\\/it\\\/?s={search_term_string}\"},\"query-input\":{\"@type\":\"PropertyValueSpecification\",\"valueRequired\":true,\"valueName\":\"search_term_string\"}}],\"inLanguage\":\"it-IT\"},{\"@type\":\"Organization\",\"@id\":\"https:\\\/\\\/gifted-hub.com\\\/it\\\/#organization\",\"name\":\"Gifted HUB\",\"url\":\"https:\\\/\\\/gifted-hub.com\\\/it\\\/\",\"logo\":{\"@type\":\"ImageObject\",\"inLanguage\":\"it-IT\",\"@id\":\"https:\\\/\\\/gifted-hub.com\\\/it\\\/#\\\/schema\\\/logo\\\/image\\\/\",\"url\":\"https:\\\/\\\/gifted-hub.com\\\/wp-content\\\/uploads\\\/2024\\\/07\\\/logo-1.svg\",\"contentUrl\":\"https:\\\/\\\/gifted-hub.com\\\/wp-content\\\/uploads\\\/2024\\\/07\\\/logo-1.svg\",\"caption\":\"Gifted HUB\"},\"image\":{\"@id\":\"https:\\\/\\\/gifted-hub.com\\\/it\\\/#\\\/schema\\\/logo\\\/image\\\/\"}}]}<\/script>\n<!-- \/ Yoast SEO plugin. -->","yoast_head_json":{"title":"Curriculum di accelerazione e arricchimento - Gifted HUB","robots":{"index":"index","follow":"follow","max-snippet":"max-snippet:-1","max-image-preview":"max-image-preview:large","max-video-preview":"max-video-preview:-1"},"canonical":"https:\/\/gifted-hub.com\/it\/insegnanti\/curriculum-di-accelerazione-e-arricchimento\/","og_locale":"it_IT","og_type":"article","og_title":"Curriculum di accelerazione e arricchimento - Gifted HUB","og_description":"L&#8217;accelerazione e l&#8217;arricchimento nell&#8217;educazione sono due approcci spesso utilizzati per adattare l&#8217;apprendimento alle esigenze degli studenti che mostrano una grande capacit\u00e0 di comprendere e applicare concetti complessi. Questi approcci fanno parte di una risposta educativa volta a liberare tutto il potenziale degli studenti con capacit\u00e0 di apprendimento avanzate. Accelerazione significa dare agli studenti l&#8217;opportunit\u00e0 di [&hellip;]","og_url":"https:\/\/gifted-hub.com\/it\/insegnanti\/curriculum-di-accelerazione-e-arricchimento\/","og_site_name":"Gifted HUB","article_modified_time":"2024-10-22T12:43:05+00:00","og_image":[{"width":1600,"height":1067,"url":"https:\/\/gifted-hub.com\/wp-content\/uploads\/2024\/10\/djwvzy4pkgu.jpg","type":"image\/jpeg"}],"twitter_card":"summary_large_image","twitter_misc":{"Tempo di lettura stimato":"2 minuti"},"schema":{"@context":"https:\/\/schema.org","@graph":[{"@type":"WebPage","@id":"https:\/\/gifted-hub.com\/it\/insegnanti\/curriculum-di-accelerazione-e-arricchimento\/","url":"https:\/\/gifted-hub.com\/it\/insegnanti\/curriculum-di-accelerazione-e-arricchimento\/","name":"Curriculum di accelerazione e arricchimento - Gifted HUB","isPartOf":{"@id":"https:\/\/gifted-hub.com\/it\/#website"},"primaryImageOfPage":{"@id":"https:\/\/gifted-hub.com\/it\/insegnanti\/curriculum-di-accelerazione-e-arricchimento\/#primaryimage"},"image":{"@id":"https:\/\/gifted-hub.com\/it\/insegnanti\/curriculum-di-accelerazione-e-arricchimento\/#primaryimage"},"thumbnailUrl":"https:\/\/gifted-hub.com\/wp-content\/uploads\/2024\/10\/djwvzy4pkgu.jpg","datePublished":"2024-10-19T13:22:33+00:00","dateModified":"2024-10-22T12:43:05+00:00","breadcrumb":{"@id":"https:\/\/gifted-hub.com\/it\/insegnanti\/curriculum-di-accelerazione-e-arricchimento\/#breadcrumb"},"inLanguage":"it-IT","potentialAction":[{"@type":"ReadAction","target":["https:\/\/gifted-hub.com\/it\/insegnanti\/curriculum-di-accelerazione-e-arricchimento\/"]}]},{"@type":"ImageObject","inLanguage":"it-IT","@id":"https:\/\/gifted-hub.com\/it\/insegnanti\/curriculum-di-accelerazione-e-arricchimento\/#primaryimage","url":"https:\/\/gifted-hub.com\/wp-content\/uploads\/2024\/10\/djwvzy4pkgu.jpg","contentUrl":"https:\/\/gifted-hub.com\/wp-content\/uploads\/2024\/10\/djwvzy4pkgu.jpg","width":1600,"height":1067},{"@type":"BreadcrumbList","@id":"https:\/\/gifted-hub.com\/it\/insegnanti\/curriculum-di-accelerazione-e-arricchimento\/#breadcrumb","itemListElement":[{"@type":"ListItem","position":1,"name":"Home","item":"https:\/\/gifted-hub.com\/it\/home\/"},{"@type":"ListItem","position":2,"name":"Insegnanti","item":"https:\/\/gifted-hub.com\/it\/insegnanti\/"},{"@type":"ListItem","position":3,"name":"Curriculum di accelerazione e arricchimento"}]},{"@type":"WebSite","@id":"https:\/\/gifted-hub.com\/it\/#website","url":"https:\/\/gifted-hub.com\/it\/","name":"Gifted HUB","description":"Uno spazio per alte abilit\u00e0","publisher":{"@id":"https:\/\/gifted-hub.com\/it\/#organization"},"potentialAction":[{"@type":"SearchAction","target":{"@type":"EntryPoint","urlTemplate":"https:\/\/gifted-hub.com\/it\/?s={search_term_string}"},"query-input":{"@type":"PropertyValueSpecification","valueRequired":true,"valueName":"search_term_string"}}],"inLanguage":"it-IT"},{"@type":"Organization","@id":"https:\/\/gifted-hub.com\/it\/#organization","name":"Gifted HUB","url":"https:\/\/gifted-hub.com\/it\/","logo":{"@type":"ImageObject","inLanguage":"it-IT","@id":"https:\/\/gifted-hub.com\/it\/#\/schema\/logo\/image\/","url":"https:\/\/gifted-hub.com\/wp-content\/uploads\/2024\/07\/logo-1.svg","contentUrl":"https:\/\/gifted-hub.com\/wp-content\/uploads\/2024\/07\/logo-1.svg","caption":"Gifted HUB"},"image":{"@id":"https:\/\/gifted-hub.com\/it\/#\/schema\/logo\/image\/"}}]}},"_links":{"self":[{"href":"https:\/\/gifted-hub.com\/it\/wp-json\/wp\/v2\/pages\/15901","targetHints":{"allow":["GET"]}}],"collection":[{"href":"https:\/\/gifted-hub.com\/it\/wp-json\/wp\/v2\/pages"}],"about":[{"href":"https:\/\/gifted-hub.com\/it\/wp-json\/wp\/v2\/types\/page"}],"author":[{"embeddable":true,"href":"https:\/\/gifted-hub.com\/it\/wp-json\/wp\/v2\/users\/1"}],"replies":[{"embeddable":true,"href":"https:\/\/gifted-hub.com\/it\/wp-json\/wp\/v2\/comments?post=15901"}],"version-history":[{"count":1,"href":"https:\/\/gifted-hub.com\/it\/wp-json\/wp\/v2\/pages\/15901\/revisions"}],"predecessor-version":[{"id":15902,"href":"https:\/\/gifted-hub.com\/it\/wp-json\/wp\/v2\/pages\/15901\/revisions\/15902"}],"up":[{"embeddable":true,"href":"https:\/\/gifted-hub.com\/it\/wp-json\/wp\/v2\/pages\/15899"}],"wp:featuredmedia":[{"embeddable":true,"href":"https:\/\/gifted-hub.com\/it\/wp-json\/wp\/v2\/media\/15659"}],"wp:attachment":[{"href":"https:\/\/gifted-hub.com\/it\/wp-json\/wp\/v2\/media?parent=15901"}],"wp:term":[{"taxonomy":"group-interest","embeddable":true,"href":"https:\/\/gifted-hub.com\/it\/wp-json\/wp\/v2\/group-interest?post=15901"}],"curies":[{"name":"wp","href":"https:\/\/api.w.org\/{rel}","templated":true}]}}