{"id":15899,"date":"2024-10-19T11:50:20","date_gmt":"2024-10-19T11:50:20","guid":{"rendered":"https:\/\/gifted-hub.com\/insegnanti\/"},"modified":"2024-10-23T22:36:42","modified_gmt":"2024-10-23T22:36:42","slug":"insegnanti","status":"publish","type":"page","link":"https:\/\/gifted-hub.com\/it\/insegnanti\/","title":{"rendered":"Insegnanti"},"content":{"rendered":"\n<p>Quando sei un insegnante alla ricerca di modi per supportare <a href=\"https:\/\/gifted-hub.com\/what-are-high-abilities\/understanding-giftedness-as-a-social-construction\/\" data-type=\"page\" data-id=\"15070\">gli studenti dotati<\/a>, \u00e8 cruciale iniziare comprendendo le dinamiche uniche che questi bambini sperimentano in un contesto scolastico. Gli studenti dotati spesso si trovano in ambienti dove le loro capacit\u00e0 avanzate possono essere sia nutrite che fraintese. La scuola pu\u00f2 essere una fonte di immensa gioia per loro se le sfide presentate corrispondono alla loro curiosit\u00e0 intellettuale. Tuttavia, per molti bambini dotati, \u00e8 anche un luogo dove affrontano <a href=\"https:\/\/gifted-hub.com\/it\/affrontare-sfide-nelle-relazioni\/\" data-type=\"page\" data-id=\"15142\">le difficolt\u00e0 sociali<\/a>, la noia o la frustrazione a causa della mancanza di stimolazione accademica appropriata.   <\/p>\n\n<p>Questi studenti possono entrare a scuola gi\u00e0 avanti in certe abilit\u00e0\u2014capaci di leggere, comprendere i numeri o afferrare idee complesse molto prima dei loro coetanei. Se il ritmo della classe \u00e8 troppo lento, o se i loro talenti non vengono riconosciuti, questo pu\u00f2 portare a sentimenti di isolamento. Immagina di dover ripetere lezioni che hai gi\u00e0 padroneggiato, o peggio, essere accusato di &#8220;mettersi in mostra&#8221; quando condividi con entusiasmo le tue conoscenze. Per un bambino la cui mente \u00e8 costantemente alla ricerca di nuove idee, essere trattenuto pu\u00f2 sembrare come essere intrappolato.   <\/p>\n\n<p>Come insegnante, <strong>riconoscere i bisogni emotivi<\/strong> degli studenti dotati \u00e8 importante quanto soddisfare le loro esigenze accademiche. \u00c8 facile presumere che, poich\u00e9 si comportano bene, non abbiano bisogno di attenzione extra. Ma proprio come qualsiasi altro studente, i bambini dotati hanno bisogno di sentirsi compresi e sfidati. Senza questo equilibrio, il loro entusiasmo per l&#8217;apprendimento pu\u00f2 svanire rapidamente, portando a noia, problemi comportamentali o persino ansia.   <\/p>\n\n<p>Gli insegnanti a volte possono avere difficolt\u00e0 ad adattarsi alle diverse esigenze all&#8217;interno di una classe. Questo \u00e8 comprensibile, dato il numero di studenti e la gamma di abilit\u00e0 che devono essere affrontate. Tuttavia, con gli studenti dotati, anche <strong>piccoli cambiamenti possono fare una differenza significativa<\/strong>. Offrire loro opportunit\u00e0 per un&#8217;esplorazione pi\u00f9 approfondita nelle loro aree di interesse, dare loro spazio per lavorare in modo indipendente e permettere loro di connettersi con coetanei che condividono abilit\u00e0 simili pu\u00f2 trasformare la loro esperienza a scuola.   <\/p>\n\n<p>Per molti bambini dotati, la scuola \u00e8 il primo luogo dove incontrano la realt\u00e0 che non tutti intorno a loro pensano o imparano allo stesso modo. Questa realizzazione pu\u00f2 essere sia illuminante che scoraggiante. Ecco perch\u00e9 \u00e8 essenziale che gli insegnanti promuovano ambienti in cui gli studenti dotati possano sentirsi sia sfidati che supportati, assicurandosi che non perdano il loro amore per l&#8217;apprendimento o la fiducia nelle loro capacit\u00e0.  <\/p>\n","protected":false},"excerpt":{"rendered":"<p>Quando sei un insegnante alla ricerca di modi per supportare gli studenti dotati, \u00e8 cruciale iniziare comprendendo le dinamiche uniche che questi bambini sperimentano in un contesto scolastico. Gli studenti dotati spesso si trovano in ambienti dove le loro capacit\u00e0 avanzate possono essere sia nutrite che fraintese. La scuola pu\u00f2 essere una fonte di immensa [&hellip;]<\/p>\n","protected":false},"author":1,"featured_media":15611,"parent":0,"menu_order":0,"comment_status":"closed","ping_status":"closed","template":"","meta":{"_acf_changed":false,"inline_featured_image":false,"footnotes":""},"group-interest":[198],"class_list":["post-15899","page","type-page","status-publish","has-post-thumbnail","hentry","group-interest-insegnanti"],"acf":[],"yoast_head":"<!-- This site is optimized with the Yoast SEO plugin v27.4 - https:\/\/yoast.com\/product\/yoast-seo-wordpress\/ -->\n<title>Insegnanti - Gifted HUB<\/title>\n<meta name=\"robots\" content=\"index, follow, max-snippet:-1, max-image-preview:large, max-video-preview:-1\" \/>\n<link rel=\"canonical\" href=\"https:\/\/gifted-hub.com\/it\/insegnanti\/\" \/>\n<meta property=\"og:locale\" content=\"it_IT\" \/>\n<meta property=\"og:type\" content=\"article\" \/>\n<meta property=\"og:title\" content=\"Insegnanti - Gifted HUB\" \/>\n<meta property=\"og:description\" content=\"Quando sei un insegnante alla ricerca di modi per supportare gli studenti dotati, \u00e8 cruciale iniziare comprendendo le dinamiche uniche che questi bambini sperimentano in un contesto scolastico. Gli studenti dotati spesso si trovano in ambienti dove le loro capacit\u00e0 avanzate possono essere sia nutrite che fraintese. La scuola pu\u00f2 essere una fonte di immensa [&hellip;]\" \/>\n<meta property=\"og:url\" content=\"https:\/\/gifted-hub.com\/it\/insegnanti\/\" \/>\n<meta property=\"og:site_name\" content=\"Gifted HUB\" \/>\n<meta property=\"article:modified_time\" content=\"2024-10-23T22:36:42+00:00\" \/>\n<meta property=\"og:image\" content=\"https:\/\/gifted-hub.com\/wp-content\/uploads\/2024\/10\/24e5974c-00eb-4525-9293-a3ac61c51f32.jpg\" \/>\n\t<meta property=\"og:image:width\" content=\"1024\" \/>\n\t<meta property=\"og:image:height\" content=\"685\" \/>\n\t<meta property=\"og:image:type\" content=\"image\/jpeg\" \/>\n<meta name=\"twitter:card\" content=\"summary_large_image\" \/>\n<meta name=\"twitter:label1\" content=\"Tempo di lettura stimato\" \/>\n\t<meta name=\"twitter:data1\" content=\"2 minuti\" \/>\n<script type=\"application\/ld+json\" class=\"yoast-schema-graph\">{\"@context\":\"https:\\\/\\\/schema.org\",\"@graph\":[{\"@type\":\"WebPage\",\"@id\":\"https:\\\/\\\/gifted-hub.com\\\/it\\\/insegnanti\\\/\",\"url\":\"https:\\\/\\\/gifted-hub.com\\\/it\\\/insegnanti\\\/\",\"name\":\"Insegnanti - Gifted HUB\",\"isPartOf\":{\"@id\":\"https:\\\/\\\/gifted-hub.com\\\/it\\\/#website\"},\"primaryImageOfPage\":{\"@id\":\"https:\\\/\\\/gifted-hub.com\\\/it\\\/insegnanti\\\/#primaryimage\"},\"image\":{\"@id\":\"https:\\\/\\\/gifted-hub.com\\\/it\\\/insegnanti\\\/#primaryimage\"},\"thumbnailUrl\":\"https:\\\/\\\/gifted-hub.com\\\/wp-content\\\/uploads\\\/2024\\\/10\\\/24e5974c-00eb-4525-9293-a3ac61c51f32.jpg\",\"datePublished\":\"2024-10-19T11:50:20+00:00\",\"dateModified\":\"2024-10-23T22:36:42+00:00\",\"breadcrumb\":{\"@id\":\"https:\\\/\\\/gifted-hub.com\\\/it\\\/insegnanti\\\/#breadcrumb\"},\"inLanguage\":\"it-IT\",\"potentialAction\":[{\"@type\":\"ReadAction\",\"target\":[\"https:\\\/\\\/gifted-hub.com\\\/it\\\/insegnanti\\\/\"]}]},{\"@type\":\"ImageObject\",\"inLanguage\":\"it-IT\",\"@id\":\"https:\\\/\\\/gifted-hub.com\\\/it\\\/insegnanti\\\/#primaryimage\",\"url\":\"https:\\\/\\\/gifted-hub.com\\\/wp-content\\\/uploads\\\/2024\\\/10\\\/24e5974c-00eb-4525-9293-a3ac61c51f32.jpg\",\"contentUrl\":\"https:\\\/\\\/gifted-hub.com\\\/wp-content\\\/uploads\\\/2024\\\/10\\\/24e5974c-00eb-4525-9293-a3ac61c51f32.jpg\",\"width\":1024,\"height\":685},{\"@type\":\"BreadcrumbList\",\"@id\":\"https:\\\/\\\/gifted-hub.com\\\/it\\\/insegnanti\\\/#breadcrumb\",\"itemListElement\":[{\"@type\":\"ListItem\",\"position\":1,\"name\":\"Home\",\"item\":\"https:\\\/\\\/gifted-hub.com\\\/it\\\/home\\\/\"},{\"@type\":\"ListItem\",\"position\":2,\"name\":\"Insegnanti\"}]},{\"@type\":\"WebSite\",\"@id\":\"https:\\\/\\\/gifted-hub.com\\\/it\\\/#website\",\"url\":\"https:\\\/\\\/gifted-hub.com\\\/it\\\/\",\"name\":\"Gifted HUB\",\"description\":\"Uno spazio per alte abilit\u00e0\",\"publisher\":{\"@id\":\"https:\\\/\\\/gifted-hub.com\\\/it\\\/#organization\"},\"potentialAction\":[{\"@type\":\"SearchAction\",\"target\":{\"@type\":\"EntryPoint\",\"urlTemplate\":\"https:\\\/\\\/gifted-hub.com\\\/it\\\/?s={search_term_string}\"},\"query-input\":{\"@type\":\"PropertyValueSpecification\",\"valueRequired\":true,\"valueName\":\"search_term_string\"}}],\"inLanguage\":\"it-IT\"},{\"@type\":\"Organization\",\"@id\":\"https:\\\/\\\/gifted-hub.com\\\/it\\\/#organization\",\"name\":\"Gifted HUB\",\"url\":\"https:\\\/\\\/gifted-hub.com\\\/it\\\/\",\"logo\":{\"@type\":\"ImageObject\",\"inLanguage\":\"it-IT\",\"@id\":\"https:\\\/\\\/gifted-hub.com\\\/it\\\/#\\\/schema\\\/logo\\\/image\\\/\",\"url\":\"https:\\\/\\\/gifted-hub.com\\\/wp-content\\\/uploads\\\/2024\\\/07\\\/logo-1.svg\",\"contentUrl\":\"https:\\\/\\\/gifted-hub.com\\\/wp-content\\\/uploads\\\/2024\\\/07\\\/logo-1.svg\",\"caption\":\"Gifted HUB\"},\"image\":{\"@id\":\"https:\\\/\\\/gifted-hub.com\\\/it\\\/#\\\/schema\\\/logo\\\/image\\\/\"}}]}<\/script>\n<!-- \/ Yoast SEO plugin. -->","yoast_head_json":{"title":"Insegnanti - Gifted HUB","robots":{"index":"index","follow":"follow","max-snippet":"max-snippet:-1","max-image-preview":"max-image-preview:large","max-video-preview":"max-video-preview:-1"},"canonical":"https:\/\/gifted-hub.com\/it\/insegnanti\/","og_locale":"it_IT","og_type":"article","og_title":"Insegnanti - Gifted HUB","og_description":"Quando sei un insegnante alla ricerca di modi per supportare gli studenti dotati, \u00e8 cruciale iniziare comprendendo le dinamiche uniche che questi bambini sperimentano in un contesto scolastico. Gli studenti dotati spesso si trovano in ambienti dove le loro capacit\u00e0 avanzate possono essere sia nutrite che fraintese. La scuola pu\u00f2 essere una fonte di immensa [&hellip;]","og_url":"https:\/\/gifted-hub.com\/it\/insegnanti\/","og_site_name":"Gifted HUB","article_modified_time":"2024-10-23T22:36:42+00:00","og_image":[{"width":1024,"height":685,"url":"https:\/\/gifted-hub.com\/wp-content\/uploads\/2024\/10\/24e5974c-00eb-4525-9293-a3ac61c51f32.jpg","type":"image\/jpeg"}],"twitter_card":"summary_large_image","twitter_misc":{"Tempo di lettura stimato":"2 minuti"},"schema":{"@context":"https:\/\/schema.org","@graph":[{"@type":"WebPage","@id":"https:\/\/gifted-hub.com\/it\/insegnanti\/","url":"https:\/\/gifted-hub.com\/it\/insegnanti\/","name":"Insegnanti - Gifted HUB","isPartOf":{"@id":"https:\/\/gifted-hub.com\/it\/#website"},"primaryImageOfPage":{"@id":"https:\/\/gifted-hub.com\/it\/insegnanti\/#primaryimage"},"image":{"@id":"https:\/\/gifted-hub.com\/it\/insegnanti\/#primaryimage"},"thumbnailUrl":"https:\/\/gifted-hub.com\/wp-content\/uploads\/2024\/10\/24e5974c-00eb-4525-9293-a3ac61c51f32.jpg","datePublished":"2024-10-19T11:50:20+00:00","dateModified":"2024-10-23T22:36:42+00:00","breadcrumb":{"@id":"https:\/\/gifted-hub.com\/it\/insegnanti\/#breadcrumb"},"inLanguage":"it-IT","potentialAction":[{"@type":"ReadAction","target":["https:\/\/gifted-hub.com\/it\/insegnanti\/"]}]},{"@type":"ImageObject","inLanguage":"it-IT","@id":"https:\/\/gifted-hub.com\/it\/insegnanti\/#primaryimage","url":"https:\/\/gifted-hub.com\/wp-content\/uploads\/2024\/10\/24e5974c-00eb-4525-9293-a3ac61c51f32.jpg","contentUrl":"https:\/\/gifted-hub.com\/wp-content\/uploads\/2024\/10\/24e5974c-00eb-4525-9293-a3ac61c51f32.jpg","width":1024,"height":685},{"@type":"BreadcrumbList","@id":"https:\/\/gifted-hub.com\/it\/insegnanti\/#breadcrumb","itemListElement":[{"@type":"ListItem","position":1,"name":"Home","item":"https:\/\/gifted-hub.com\/it\/home\/"},{"@type":"ListItem","position":2,"name":"Insegnanti"}]},{"@type":"WebSite","@id":"https:\/\/gifted-hub.com\/it\/#website","url":"https:\/\/gifted-hub.com\/it\/","name":"Gifted HUB","description":"Uno spazio per alte abilit\u00e0","publisher":{"@id":"https:\/\/gifted-hub.com\/it\/#organization"},"potentialAction":[{"@type":"SearchAction","target":{"@type":"EntryPoint","urlTemplate":"https:\/\/gifted-hub.com\/it\/?s={search_term_string}"},"query-input":{"@type":"PropertyValueSpecification","valueRequired":true,"valueName":"search_term_string"}}],"inLanguage":"it-IT"},{"@type":"Organization","@id":"https:\/\/gifted-hub.com\/it\/#organization","name":"Gifted HUB","url":"https:\/\/gifted-hub.com\/it\/","logo":{"@type":"ImageObject","inLanguage":"it-IT","@id":"https:\/\/gifted-hub.com\/it\/#\/schema\/logo\/image\/","url":"https:\/\/gifted-hub.com\/wp-content\/uploads\/2024\/07\/logo-1.svg","contentUrl":"https:\/\/gifted-hub.com\/wp-content\/uploads\/2024\/07\/logo-1.svg","caption":"Gifted HUB"},"image":{"@id":"https:\/\/gifted-hub.com\/it\/#\/schema\/logo\/image\/"}}]}},"_links":{"self":[{"href":"https:\/\/gifted-hub.com\/it\/wp-json\/wp\/v2\/pages\/15899","targetHints":{"allow":["GET"]}}],"collection":[{"href":"https:\/\/gifted-hub.com\/it\/wp-json\/wp\/v2\/pages"}],"about":[{"href":"https:\/\/gifted-hub.com\/it\/wp-json\/wp\/v2\/types\/page"}],"author":[{"embeddable":true,"href":"https:\/\/gifted-hub.com\/it\/wp-json\/wp\/v2\/users\/1"}],"replies":[{"embeddable":true,"href":"https:\/\/gifted-hub.com\/it\/wp-json\/wp\/v2\/comments?post=15899"}],"version-history":[{"count":2,"href":"https:\/\/gifted-hub.com\/it\/wp-json\/wp\/v2\/pages\/15899\/revisions"}],"predecessor-version":[{"id":16189,"href":"https:\/\/gifted-hub.com\/it\/wp-json\/wp\/v2\/pages\/15899\/revisions\/16189"}],"wp:featuredmedia":[{"embeddable":true,"href":"https:\/\/gifted-hub.com\/it\/wp-json\/wp\/v2\/media\/15611"}],"wp:attachment":[{"href":"https:\/\/gifted-hub.com\/it\/wp-json\/wp\/v2\/media?parent=15899"}],"wp:term":[{"taxonomy":"group-interest","embeddable":true,"href":"https:\/\/gifted-hub.com\/it\/wp-json\/wp\/v2\/group-interest?post=15899"}],"curies":[{"name":"wp","href":"https:\/\/api.w.org\/{rel}","templated":true}]}}