{"id":15893,"date":"2024-10-20T00:51:35","date_gmt":"2024-10-20T00:51:35","guid":{"rendered":"https:\/\/gifted-hub.com\/professionisti\/"},"modified":"2024-10-22T12:36:19","modified_gmt":"2024-10-22T12:36:19","slug":"professionisti","status":"publish","type":"page","link":"https:\/\/gifted-hub.com\/it\/professionisti\/","title":{"rendered":"Professionisti"},"content":{"rendered":"\n<p>La dotazione \u00e8 una caratteristica unica che spesso influenza il modo in cui le persone percepiscono e interagiscono con il mondo. Per i terapeuti, <strong>comprendere la dotazione \u00e8 cruciale<\/strong>, poich\u00e9 influenza lo sviluppo cognitivo, sociale ed emotivo in modi che potrebbero non allinearsi sempre con le aspettative tradizionali. Gli individui dotati\u2014sia bambini che adulti\u2014spesso vivono il mondo con una sensibilit\u00e0 accentuata, una profondit\u00e0 intellettuale e una serie unica di sfide che possono portare a lotte emotive e sociali. Purtroppo, molti terapeuti non sono formati per considerare queste sfumature, portando a potenziali incomprensioni o diagnosi errate.   <\/p>\n\n<p>I bambini dotati spesso apprendono pi\u00f9 velocemente, pensano pi\u00f9 profondamente e sentono pi\u00f9 intensamente dei loro coetanei. Questa capacit\u00e0 accentuata spesso comporta un&#8217;asincronia emotiva e di sviluppo, dove le capacit\u00e0 intellettuali superano di gran lunga la loro crescita sociale ed emotiva. Possono sentirsi annoiati e frustrati in aule che non riescono a soddisfare le loro esigenze, lottare per integrarsi con i loro coetanei o sperimentare una pressione intensa per soddisfare le proprie alte aspettative. Queste esperienze possono portare a turbolenze emotive, come ansia, depressione o sentimenti di isolamento. La mancanza di consapevolezza sulla dotazione negli ambienti educativi spesso significa che molti bambini dotati rimangono non identificati, specialmente quelli che mascherano le loro capacit\u00e0 per integrarsi o quelli con condizioni doppie come ADHD o disabilit\u00e0 di apprendimento. Questa sotto-identificazione \u00e8 particolarmente prevalente tra i gruppi emarginati, creando un divario in cui coloro che hanno pi\u00f9 bisogno di supporto sono spesso trascurati.     <\/p>\n\n<p>Per gli adulti, la dotazione continua a svolgere un ruolo significativo per tutta la vita. <strong>Molti adulti dotati cercano terapia a causa di sfide di lunga data<\/strong>, tra cui isolamento sociale, perfezionismo o noia nelle loro carriere. La loro consapevolezza e sensibilit\u00e0 accentuate possono creare sfide uniche nelle relazioni, negli ambienti di lavoro e durante le transizioni di vita. Per gli adulti pi\u00f9 anziani, il pensionamento pu\u00f2 portare ulteriori difficolt\u00e0 se lottano per trovare uno scopo o connettersi con coetanei affini, a volte portando alla depressione.  <\/p>\n\n<p>Un terapeuta che lavora con individui dotati deve essere aperto a imparare le specifiche esigenze cognitive, emotive e sociali dei propri clienti. La dotazione pu\u00f2 amplificare sia i punti di forza che le vulnerabilit\u00e0, e comprendere questa dinamica \u00e8 cruciale per fornire un supporto efficace. L&#8217;obiettivo dovrebbe essere quello di offrire uno spazio terapeutico in cui gli individui dotati si sentano visti e compresi, dove la loro intensit\u00e0 intellettuale, profondit\u00e0 emotiva e visione unica del mondo siano convalidate. Facendo cos\u00ec, i terapeuti possono aiutare i clienti dotati a navigare nelle loro complessit\u00e0, gestire le loro sensibilit\u00e0 e, in definitiva, prosperare in un mondo che potrebbe non sempre soddisfare le loro esigenze uniche.   <\/p>\n\n<p>Se sei un professionista che desidera essere elencato sul nostro sito, <a href=\"https:\/\/gifted-hub.com\/it\/contatto\/\" data-type=\"page\" data-id=\"15728\">contattaci<\/a> in modo da poter includere le tue informazioni di contatto.<\/p>\n","protected":false},"excerpt":{"rendered":"<p>La dotazione \u00e8 una caratteristica unica che spesso influenza il modo in cui le persone percepiscono e interagiscono con il mondo. Per i terapeuti, comprendere la dotazione \u00e8 cruciale, poich\u00e9 influenza lo sviluppo cognitivo, sociale ed emotivo in modi che potrebbero non allinearsi sempre con le aspettative tradizionali. Gli individui dotati\u2014sia bambini che adulti\u2014spesso vivono [&hellip;]<\/p>\n","protected":false},"author":1,"featured_media":15717,"parent":0,"menu_order":0,"comment_status":"closed","ping_status":"closed","template":"","meta":{"_acf_changed":false,"inline_featured_image":false,"footnotes":""},"group-interest":[],"class_list":["post-15893","page","type-page","status-publish","has-post-thumbnail","hentry"],"acf":[],"yoast_head":"<!-- This site is optimized with the Yoast SEO plugin v27.4 - https:\/\/yoast.com\/product\/yoast-seo-wordpress\/ -->\n<title>Professionisti - Gifted HUB<\/title>\n<meta name=\"robots\" content=\"index, follow, max-snippet:-1, max-image-preview:large, max-video-preview:-1\" \/>\n<link rel=\"canonical\" href=\"https:\/\/gifted-hub.com\/it\/professionisti\/\" \/>\n<meta property=\"og:locale\" content=\"it_IT\" \/>\n<meta property=\"og:type\" content=\"article\" \/>\n<meta property=\"og:title\" content=\"Professionisti - Gifted HUB\" \/>\n<meta property=\"og:description\" content=\"La dotazione \u00e8 una caratteristica unica che spesso influenza il modo in cui le persone percepiscono e interagiscono con il mondo. Per i terapeuti, comprendere la dotazione \u00e8 cruciale, poich\u00e9 influenza lo sviluppo cognitivo, sociale ed emotivo in modi che potrebbero non allinearsi sempre con le aspettative tradizionali. Gli individui dotati\u2014sia bambini che adulti\u2014spesso vivono [&hellip;]\" \/>\n<meta property=\"og:url\" content=\"https:\/\/gifted-hub.com\/it\/professionisti\/\" \/>\n<meta property=\"og:site_name\" content=\"Gifted HUB\" \/>\n<meta property=\"article:modified_time\" content=\"2024-10-22T12:36:19+00:00\" \/>\n<meta property=\"og:image\" content=\"https:\/\/gifted-hub.com\/wp-content\/uploads\/2024\/10\/ecfec380-1fe5-4d65-9c4f-180517582404.jpg\" \/>\n\t<meta property=\"og:image:width\" content=\"1024\" \/>\n\t<meta property=\"og:image:height\" content=\"576\" \/>\n\t<meta property=\"og:image:type\" content=\"image\/jpeg\" \/>\n<meta name=\"twitter:card\" content=\"summary_large_image\" \/>\n<meta name=\"twitter:label1\" content=\"Tempo di lettura stimato\" \/>\n\t<meta name=\"twitter:data1\" content=\"2 minuti\" \/>\n<script type=\"application\/ld+json\" class=\"yoast-schema-graph\">{\"@context\":\"https:\\\/\\\/schema.org\",\"@graph\":[{\"@type\":\"WebPage\",\"@id\":\"https:\\\/\\\/gifted-hub.com\\\/it\\\/professionisti\\\/\",\"url\":\"https:\\\/\\\/gifted-hub.com\\\/it\\\/professionisti\\\/\",\"name\":\"Professionisti - Gifted HUB\",\"isPartOf\":{\"@id\":\"https:\\\/\\\/gifted-hub.com\\\/it\\\/#website\"},\"primaryImageOfPage\":{\"@id\":\"https:\\\/\\\/gifted-hub.com\\\/it\\\/professionisti\\\/#primaryimage\"},\"image\":{\"@id\":\"https:\\\/\\\/gifted-hub.com\\\/it\\\/professionisti\\\/#primaryimage\"},\"thumbnailUrl\":\"https:\\\/\\\/gifted-hub.com\\\/wp-content\\\/uploads\\\/2024\\\/10\\\/ecfec380-1fe5-4d65-9c4f-180517582404.jpg\",\"datePublished\":\"2024-10-20T00:51:35+00:00\",\"dateModified\":\"2024-10-22T12:36:19+00:00\",\"breadcrumb\":{\"@id\":\"https:\\\/\\\/gifted-hub.com\\\/it\\\/professionisti\\\/#breadcrumb\"},\"inLanguage\":\"it-IT\",\"potentialAction\":[{\"@type\":\"ReadAction\",\"target\":[\"https:\\\/\\\/gifted-hub.com\\\/it\\\/professionisti\\\/\"]}]},{\"@type\":\"ImageObject\",\"inLanguage\":\"it-IT\",\"@id\":\"https:\\\/\\\/gifted-hub.com\\\/it\\\/professionisti\\\/#primaryimage\",\"url\":\"https:\\\/\\\/gifted-hub.com\\\/wp-content\\\/uploads\\\/2024\\\/10\\\/ecfec380-1fe5-4d65-9c4f-180517582404.jpg\",\"contentUrl\":\"https:\\\/\\\/gifted-hub.com\\\/wp-content\\\/uploads\\\/2024\\\/10\\\/ecfec380-1fe5-4d65-9c4f-180517582404.jpg\",\"width\":1024,\"height\":576},{\"@type\":\"BreadcrumbList\",\"@id\":\"https:\\\/\\\/gifted-hub.com\\\/it\\\/professionisti\\\/#breadcrumb\",\"itemListElement\":[{\"@type\":\"ListItem\",\"position\":1,\"name\":\"Home\",\"item\":\"https:\\\/\\\/gifted-hub.com\\\/it\\\/home\\\/\"},{\"@type\":\"ListItem\",\"position\":2,\"name\":\"Professionisti\"}]},{\"@type\":\"WebSite\",\"@id\":\"https:\\\/\\\/gifted-hub.com\\\/it\\\/#website\",\"url\":\"https:\\\/\\\/gifted-hub.com\\\/it\\\/\",\"name\":\"Gifted HUB\",\"description\":\"Uno spazio per alte abilit\u00e0\",\"publisher\":{\"@id\":\"https:\\\/\\\/gifted-hub.com\\\/it\\\/#organization\"},\"potentialAction\":[{\"@type\":\"SearchAction\",\"target\":{\"@type\":\"EntryPoint\",\"urlTemplate\":\"https:\\\/\\\/gifted-hub.com\\\/it\\\/?s={search_term_string}\"},\"query-input\":{\"@type\":\"PropertyValueSpecification\",\"valueRequired\":true,\"valueName\":\"search_term_string\"}}],\"inLanguage\":\"it-IT\"},{\"@type\":\"Organization\",\"@id\":\"https:\\\/\\\/gifted-hub.com\\\/it\\\/#organization\",\"name\":\"Gifted HUB\",\"url\":\"https:\\\/\\\/gifted-hub.com\\\/it\\\/\",\"logo\":{\"@type\":\"ImageObject\",\"inLanguage\":\"it-IT\",\"@id\":\"https:\\\/\\\/gifted-hub.com\\\/it\\\/#\\\/schema\\\/logo\\\/image\\\/\",\"url\":\"https:\\\/\\\/gifted-hub.com\\\/wp-content\\\/uploads\\\/2024\\\/07\\\/logo-1.svg\",\"contentUrl\":\"https:\\\/\\\/gifted-hub.com\\\/wp-content\\\/uploads\\\/2024\\\/07\\\/logo-1.svg\",\"caption\":\"Gifted HUB\"},\"image\":{\"@id\":\"https:\\\/\\\/gifted-hub.com\\\/it\\\/#\\\/schema\\\/logo\\\/image\\\/\"}}]}<\/script>\n<!-- \/ Yoast SEO plugin. -->","yoast_head_json":{"title":"Professionisti - Gifted HUB","robots":{"index":"index","follow":"follow","max-snippet":"max-snippet:-1","max-image-preview":"max-image-preview:large","max-video-preview":"max-video-preview:-1"},"canonical":"https:\/\/gifted-hub.com\/it\/professionisti\/","og_locale":"it_IT","og_type":"article","og_title":"Professionisti - Gifted HUB","og_description":"La dotazione \u00e8 una caratteristica unica che spesso influenza il modo in cui le persone percepiscono e interagiscono con il mondo. Per i terapeuti, comprendere la dotazione \u00e8 cruciale, poich\u00e9 influenza lo sviluppo cognitivo, sociale ed emotivo in modi che potrebbero non allinearsi sempre con le aspettative tradizionali. Gli individui dotati\u2014sia bambini che adulti\u2014spesso vivono [&hellip;]","og_url":"https:\/\/gifted-hub.com\/it\/professionisti\/","og_site_name":"Gifted HUB","article_modified_time":"2024-10-22T12:36:19+00:00","og_image":[{"width":1024,"height":576,"url":"https:\/\/gifted-hub.com\/wp-content\/uploads\/2024\/10\/ecfec380-1fe5-4d65-9c4f-180517582404.jpg","type":"image\/jpeg"}],"twitter_card":"summary_large_image","twitter_misc":{"Tempo di lettura stimato":"2 minuti"},"schema":{"@context":"https:\/\/schema.org","@graph":[{"@type":"WebPage","@id":"https:\/\/gifted-hub.com\/it\/professionisti\/","url":"https:\/\/gifted-hub.com\/it\/professionisti\/","name":"Professionisti - Gifted HUB","isPartOf":{"@id":"https:\/\/gifted-hub.com\/it\/#website"},"primaryImageOfPage":{"@id":"https:\/\/gifted-hub.com\/it\/professionisti\/#primaryimage"},"image":{"@id":"https:\/\/gifted-hub.com\/it\/professionisti\/#primaryimage"},"thumbnailUrl":"https:\/\/gifted-hub.com\/wp-content\/uploads\/2024\/10\/ecfec380-1fe5-4d65-9c4f-180517582404.jpg","datePublished":"2024-10-20T00:51:35+00:00","dateModified":"2024-10-22T12:36:19+00:00","breadcrumb":{"@id":"https:\/\/gifted-hub.com\/it\/professionisti\/#breadcrumb"},"inLanguage":"it-IT","potentialAction":[{"@type":"ReadAction","target":["https:\/\/gifted-hub.com\/it\/professionisti\/"]}]},{"@type":"ImageObject","inLanguage":"it-IT","@id":"https:\/\/gifted-hub.com\/it\/professionisti\/#primaryimage","url":"https:\/\/gifted-hub.com\/wp-content\/uploads\/2024\/10\/ecfec380-1fe5-4d65-9c4f-180517582404.jpg","contentUrl":"https:\/\/gifted-hub.com\/wp-content\/uploads\/2024\/10\/ecfec380-1fe5-4d65-9c4f-180517582404.jpg","width":1024,"height":576},{"@type":"BreadcrumbList","@id":"https:\/\/gifted-hub.com\/it\/professionisti\/#breadcrumb","itemListElement":[{"@type":"ListItem","position":1,"name":"Home","item":"https:\/\/gifted-hub.com\/it\/home\/"},{"@type":"ListItem","position":2,"name":"Professionisti"}]},{"@type":"WebSite","@id":"https:\/\/gifted-hub.com\/it\/#website","url":"https:\/\/gifted-hub.com\/it\/","name":"Gifted HUB","description":"Uno spazio per alte abilit\u00e0","publisher":{"@id":"https:\/\/gifted-hub.com\/it\/#organization"},"potentialAction":[{"@type":"SearchAction","target":{"@type":"EntryPoint","urlTemplate":"https:\/\/gifted-hub.com\/it\/?s={search_term_string}"},"query-input":{"@type":"PropertyValueSpecification","valueRequired":true,"valueName":"search_term_string"}}],"inLanguage":"it-IT"},{"@type":"Organization","@id":"https:\/\/gifted-hub.com\/it\/#organization","name":"Gifted HUB","url":"https:\/\/gifted-hub.com\/it\/","logo":{"@type":"ImageObject","inLanguage":"it-IT","@id":"https:\/\/gifted-hub.com\/it\/#\/schema\/logo\/image\/","url":"https:\/\/gifted-hub.com\/wp-content\/uploads\/2024\/07\/logo-1.svg","contentUrl":"https:\/\/gifted-hub.com\/wp-content\/uploads\/2024\/07\/logo-1.svg","caption":"Gifted HUB"},"image":{"@id":"https:\/\/gifted-hub.com\/it\/#\/schema\/logo\/image\/"}}]}},"_links":{"self":[{"href":"https:\/\/gifted-hub.com\/it\/wp-json\/wp\/v2\/pages\/15893","targetHints":{"allow":["GET"]}}],"collection":[{"href":"https:\/\/gifted-hub.com\/it\/wp-json\/wp\/v2\/pages"}],"about":[{"href":"https:\/\/gifted-hub.com\/it\/wp-json\/wp\/v2\/types\/page"}],"author":[{"embeddable":true,"href":"https:\/\/gifted-hub.com\/it\/wp-json\/wp\/v2\/users\/1"}],"replies":[{"embeddable":true,"href":"https:\/\/gifted-hub.com\/it\/wp-json\/wp\/v2\/comments?post=15893"}],"version-history":[{"count":1,"href":"https:\/\/gifted-hub.com\/it\/wp-json\/wp\/v2\/pages\/15893\/revisions"}],"predecessor-version":[{"id":15894,"href":"https:\/\/gifted-hub.com\/it\/wp-json\/wp\/v2\/pages\/15893\/revisions\/15894"}],"wp:featuredmedia":[{"embeddable":true,"href":"https:\/\/gifted-hub.com\/it\/wp-json\/wp\/v2\/media\/15717"}],"wp:attachment":[{"href":"https:\/\/gifted-hub.com\/it\/wp-json\/wp\/v2\/media?parent=15893"}],"wp:term":[{"taxonomy":"group-interest","embeddable":true,"href":"https:\/\/gifted-hub.com\/it\/wp-json\/wp\/v2\/group-interest?post=15893"}],"curies":[{"name":"wp","href":"https:\/\/api.w.org\/{rel}","templated":true}]}}