{"id":15889,"date":"2024-08-23T22:56:24","date_gmt":"2024-08-23T22:56:24","guid":{"rendered":"https:\/\/gifted-hub.com\/affrontare-sfide-nelle-relazioni\/"},"modified":"2024-11-01T22:16:27","modified_gmt":"2024-11-01T22:16:27","slug":"affrontare-sfide-nelle-relazioni","status":"publish","type":"page","link":"https:\/\/gifted-hub.com\/it\/individui\/affrontare-sfide-nelle-relazioni\/","title":{"rendered":"Affrontare sfide nelle relazioni"},"content":{"rendered":"\n<p>Essere in una relazione non \u00e8 mai facile, ma se sei una persona con alte capacit\u00e0, potresti affrontare alcune sfide uniche che gli altri non comprendono del tutto.\nQueste sfide spesso derivano da una sensibilit\u00e0 accentuata, bisogni emotivi unici e modi di pensare distinti.\nComprendere queste differenze pu\u00f2 aiutarti a costruire connessioni pi\u00f9 forti e appaganti.  <\/p>\n\n<p>Uno dei grandi ostacoli \u00e8 qualcosa chiamato stile di attaccamento.\nPotresti avere uno stile di attaccamento timoroso, il che significa che ti preoccupi molto di essere rifiutato o ferito.\nQuesto pu\u00f2 rendere difficile aprirsi e connettersi profondamente con il tuo partner.\nMa riconoscere questa paura \u00e8 il primo passo per superarla.\nCerca di costruire fiducia lentamente e sii consapevole di come le tue paure potrebbero influenzare la tua relazione.\nQuesto pu\u00f2 aiutarti a creare legami pi\u00f9 forti e fiduciosi.     <\/p>\n\n<p>La risoluzione dei conflitti \u00e8 un&#8217;altra area in cui potresti avere difficolt\u00e0.\nLa ricerca mostra che le persone dotate spesso evitano i conflitti, probabilmente perch\u00e9 sentono le cose pi\u00f9 intensamente.\nSebbene evitare i litigi possa sembrare un buon modo per mantenere la pace, pu\u00f2 in realt\u00e0 portare a problemi irrisolti che si accumulano nel tempo.\nInvece, cerca di affrontare i conflitti direttamente e lavora insieme al tuo partner per trovare soluzioni che funzionino per entrambi.\nQuesto approccio non solo risolve i problemi, ma rafforza anche la tua relazione.    <\/p>\n\n<p>Le persone con emozioni intense possono trovare questi sentimenti sia una benedizione che una maledizione nelle relazioni.\nDa un lato, la tua passione e profondit\u00e0 possono rendere la tua relazione ricca e significativa.\nDall&#8217;altro, pu\u00f2 anche portare a reazioni eccessive o incomprensioni se non stai attento.\n\u00c8 importante trovare un equilibrio comunicando chiaramente e stabilendo confini sani.\nQuesto pu\u00f2 aiutare a prevenire il sovraccarico emotivo e mantenere la tua relazione stabile e di supporto.    <\/p>\n\n<p>Molti che sono intellettualmente dotati cercano anche partner che condividano i loro interessi e prospettive, il che pu\u00f2 essere un ottimo modo per connettersi.\nAvere valori e punti di vista simili pu\u00f2 ridurre le possibilit\u00e0 di conflitto e aiutarti a capirvi meglio.\nTuttavia, \u00e8 anche importante apprezzare le differenze che possono portare nuove prospettive e crescita alla tua relazione.  <\/p>\n\n<p>Nonostante queste sfide, \u00e8 possibile avere relazioni profondamente gratificanti sfruttando i tuoi punti di forza ed essendo consapevole delle tue vulnerabilit\u00e0.\nSe trovi difficile gestire la tua relazione, considera di parlare con un professionista che comprenda le sfide uniche dell&#8217;essere altamente intelligente.\nLa terapia pu\u00f2 fornirti strategie su misura per le tue esigenze, aiutandoti a navigare nelle tue relazioni con maggiore successo.  <\/p>\n\n<p>Alla fine, le relazioni sono complesse per tutti, ma coloro con un&#8217;intelligenza eccezionale affrontano un insieme unico di sfide che necessitano di attenzione speciale.\nComprendendo come la tua dotazione influisce sulle tue relazioni e prendendo provvedimenti per affrontare questi problemi, puoi costruire e mantenere connessioni significative che migliorano la tua vita. <\/p>\n","protected":false},"excerpt":{"rendered":"<p>Essere in una relazione non \u00e8 mai facile, ma se sei una persona con alte capacit\u00e0, potresti affrontare alcune sfide uniche che gli altri non comprendono del tutto. Queste sfide spesso derivano da una sensibilit\u00e0 accentuata, bisogni emotivi unici e modi di pensare distinti. Comprendere queste differenze pu\u00f2 aiutarti a costruire connessioni pi\u00f9 forti e [&hellip;]<\/p>\n","protected":false},"author":1,"featured_media":15148,"parent":16921,"menu_order":0,"comment_status":"closed","ping_status":"closed","template":"","meta":{"_acf_changed":false,"inline_featured_image":false,"footnotes":""},"group-interest":[196],"class_list":["post-15889","page","type-page","status-publish","has-post-thumbnail","hentry","group-interest-individui"],"acf":[],"yoast_head":"<!-- This site is optimized with the Yoast SEO plugin v27.4 - https:\/\/yoast.com\/product\/yoast-seo-wordpress\/ -->\n<title>Affrontare sfide nelle relazioni - Gifted HUB<\/title>\n<meta name=\"robots\" content=\"index, follow, max-snippet:-1, max-image-preview:large, max-video-preview:-1\" \/>\n<link rel=\"canonical\" href=\"https:\/\/gifted-hub.com\/it\/individui\/affrontare-sfide-nelle-relazioni\/\" \/>\n<meta property=\"og:locale\" content=\"it_IT\" \/>\n<meta property=\"og:type\" content=\"article\" \/>\n<meta property=\"og:title\" content=\"Affrontare sfide nelle relazioni - Gifted HUB\" \/>\n<meta property=\"og:description\" content=\"Essere in una relazione non \u00e8 mai facile, ma se sei una persona con alte capacit\u00e0, potresti affrontare alcune sfide uniche che gli altri non comprendono del tutto. Queste sfide spesso derivano da una sensibilit\u00e0 accentuata, bisogni emotivi unici e modi di pensare distinti. Comprendere queste differenze pu\u00f2 aiutarti a costruire connessioni pi\u00f9 forti e [&hellip;]\" \/>\n<meta property=\"og:url\" content=\"https:\/\/gifted-hub.com\/it\/individui\/affrontare-sfide-nelle-relazioni\/\" \/>\n<meta property=\"og:site_name\" content=\"Gifted HUB\" \/>\n<meta property=\"article:modified_time\" content=\"2024-11-01T22:16:27+00:00\" \/>\n<meta property=\"og:image\" content=\"https:\/\/gifted-hub.com\/wp-content\/uploads\/2024\/08\/4le7k9xvyje.jpg\" \/>\n\t<meta property=\"og:image:width\" content=\"1600\" \/>\n\t<meta property=\"og:image:height\" content=\"1007\" \/>\n\t<meta property=\"og:image:type\" content=\"image\/jpeg\" \/>\n<meta name=\"twitter:card\" content=\"summary_large_image\" \/>\n<meta name=\"twitter:label1\" content=\"Tempo di lettura stimato\" \/>\n\t<meta name=\"twitter:data1\" content=\"2 minuti\" \/>\n<script type=\"application\/ld+json\" class=\"yoast-schema-graph\">{\"@context\":\"https:\\\/\\\/schema.org\",\"@graph\":[{\"@type\":\"WebPage\",\"@id\":\"https:\\\/\\\/gifted-hub.com\\\/it\\\/individui\\\/affrontare-sfide-nelle-relazioni\\\/\",\"url\":\"https:\\\/\\\/gifted-hub.com\\\/it\\\/individui\\\/affrontare-sfide-nelle-relazioni\\\/\",\"name\":\"Affrontare sfide nelle relazioni - Gifted HUB\",\"isPartOf\":{\"@id\":\"https:\\\/\\\/gifted-hub.com\\\/it\\\/#website\"},\"primaryImageOfPage\":{\"@id\":\"https:\\\/\\\/gifted-hub.com\\\/it\\\/individui\\\/affrontare-sfide-nelle-relazioni\\\/#primaryimage\"},\"image\":{\"@id\":\"https:\\\/\\\/gifted-hub.com\\\/it\\\/individui\\\/affrontare-sfide-nelle-relazioni\\\/#primaryimage\"},\"thumbnailUrl\":\"https:\\\/\\\/gifted-hub.com\\\/wp-content\\\/uploads\\\/2024\\\/08\\\/4le7k9xvyje.jpg\",\"datePublished\":\"2024-08-23T22:56:24+00:00\",\"dateModified\":\"2024-11-01T22:16:27+00:00\",\"breadcrumb\":{\"@id\":\"https:\\\/\\\/gifted-hub.com\\\/it\\\/individui\\\/affrontare-sfide-nelle-relazioni\\\/#breadcrumb\"},\"inLanguage\":\"it-IT\",\"potentialAction\":[{\"@type\":\"ReadAction\",\"target\":[\"https:\\\/\\\/gifted-hub.com\\\/it\\\/individui\\\/affrontare-sfide-nelle-relazioni\\\/\"]}]},{\"@type\":\"ImageObject\",\"inLanguage\":\"it-IT\",\"@id\":\"https:\\\/\\\/gifted-hub.com\\\/it\\\/individui\\\/affrontare-sfide-nelle-relazioni\\\/#primaryimage\",\"url\":\"https:\\\/\\\/gifted-hub.com\\\/wp-content\\\/uploads\\\/2024\\\/08\\\/4le7k9xvyje.jpg\",\"contentUrl\":\"https:\\\/\\\/gifted-hub.com\\\/wp-content\\\/uploads\\\/2024\\\/08\\\/4le7k9xvyje.jpg\",\"width\":1600,\"height\":1007},{\"@type\":\"BreadcrumbList\",\"@id\":\"https:\\\/\\\/gifted-hub.com\\\/it\\\/individui\\\/affrontare-sfide-nelle-relazioni\\\/#breadcrumb\",\"itemListElement\":[{\"@type\":\"ListItem\",\"position\":1,\"name\":\"Home\",\"item\":\"https:\\\/\\\/gifted-hub.com\\\/it\\\/home\\\/\"},{\"@type\":\"ListItem\",\"position\":2,\"name\":\"Individui\",\"item\":\"https:\\\/\\\/gifted-hub.com\\\/it\\\/individui\\\/\"},{\"@type\":\"ListItem\",\"position\":3,\"name\":\"Affrontare sfide nelle relazioni\"}]},{\"@type\":\"WebSite\",\"@id\":\"https:\\\/\\\/gifted-hub.com\\\/it\\\/#website\",\"url\":\"https:\\\/\\\/gifted-hub.com\\\/it\\\/\",\"name\":\"Gifted HUB\",\"description\":\"Uno spazio per alte abilit\u00e0\",\"publisher\":{\"@id\":\"https:\\\/\\\/gifted-hub.com\\\/it\\\/#organization\"},\"potentialAction\":[{\"@type\":\"SearchAction\",\"target\":{\"@type\":\"EntryPoint\",\"urlTemplate\":\"https:\\\/\\\/gifted-hub.com\\\/it\\\/?s={search_term_string}\"},\"query-input\":{\"@type\":\"PropertyValueSpecification\",\"valueRequired\":true,\"valueName\":\"search_term_string\"}}],\"inLanguage\":\"it-IT\"},{\"@type\":\"Organization\",\"@id\":\"https:\\\/\\\/gifted-hub.com\\\/it\\\/#organization\",\"name\":\"Gifted HUB\",\"url\":\"https:\\\/\\\/gifted-hub.com\\\/it\\\/\",\"logo\":{\"@type\":\"ImageObject\",\"inLanguage\":\"it-IT\",\"@id\":\"https:\\\/\\\/gifted-hub.com\\\/it\\\/#\\\/schema\\\/logo\\\/image\\\/\",\"url\":\"https:\\\/\\\/gifted-hub.com\\\/wp-content\\\/uploads\\\/2024\\\/07\\\/logo-1.svg\",\"contentUrl\":\"https:\\\/\\\/gifted-hub.com\\\/wp-content\\\/uploads\\\/2024\\\/07\\\/logo-1.svg\",\"caption\":\"Gifted HUB\"},\"image\":{\"@id\":\"https:\\\/\\\/gifted-hub.com\\\/it\\\/#\\\/schema\\\/logo\\\/image\\\/\"}}]}<\/script>\n<!-- \/ Yoast SEO plugin. -->","yoast_head_json":{"title":"Affrontare sfide nelle relazioni - Gifted HUB","robots":{"index":"index","follow":"follow","max-snippet":"max-snippet:-1","max-image-preview":"max-image-preview:large","max-video-preview":"max-video-preview:-1"},"canonical":"https:\/\/gifted-hub.com\/it\/individui\/affrontare-sfide-nelle-relazioni\/","og_locale":"it_IT","og_type":"article","og_title":"Affrontare sfide nelle relazioni - Gifted HUB","og_description":"Essere in una relazione non \u00e8 mai facile, ma se sei una persona con alte capacit\u00e0, potresti affrontare alcune sfide uniche che gli altri non comprendono del tutto. Queste sfide spesso derivano da una sensibilit\u00e0 accentuata, bisogni emotivi unici e modi di pensare distinti. Comprendere queste differenze pu\u00f2 aiutarti a costruire connessioni pi\u00f9 forti e [&hellip;]","og_url":"https:\/\/gifted-hub.com\/it\/individui\/affrontare-sfide-nelle-relazioni\/","og_site_name":"Gifted HUB","article_modified_time":"2024-11-01T22:16:27+00:00","og_image":[{"width":1600,"height":1007,"url":"https:\/\/gifted-hub.com\/wp-content\/uploads\/2024\/08\/4le7k9xvyje.jpg","type":"image\/jpeg"}],"twitter_card":"summary_large_image","twitter_misc":{"Tempo di lettura stimato":"2 minuti"},"schema":{"@context":"https:\/\/schema.org","@graph":[{"@type":"WebPage","@id":"https:\/\/gifted-hub.com\/it\/individui\/affrontare-sfide-nelle-relazioni\/","url":"https:\/\/gifted-hub.com\/it\/individui\/affrontare-sfide-nelle-relazioni\/","name":"Affrontare sfide nelle relazioni - Gifted HUB","isPartOf":{"@id":"https:\/\/gifted-hub.com\/it\/#website"},"primaryImageOfPage":{"@id":"https:\/\/gifted-hub.com\/it\/individui\/affrontare-sfide-nelle-relazioni\/#primaryimage"},"image":{"@id":"https:\/\/gifted-hub.com\/it\/individui\/affrontare-sfide-nelle-relazioni\/#primaryimage"},"thumbnailUrl":"https:\/\/gifted-hub.com\/wp-content\/uploads\/2024\/08\/4le7k9xvyje.jpg","datePublished":"2024-08-23T22:56:24+00:00","dateModified":"2024-11-01T22:16:27+00:00","breadcrumb":{"@id":"https:\/\/gifted-hub.com\/it\/individui\/affrontare-sfide-nelle-relazioni\/#breadcrumb"},"inLanguage":"it-IT","potentialAction":[{"@type":"ReadAction","target":["https:\/\/gifted-hub.com\/it\/individui\/affrontare-sfide-nelle-relazioni\/"]}]},{"@type":"ImageObject","inLanguage":"it-IT","@id":"https:\/\/gifted-hub.com\/it\/individui\/affrontare-sfide-nelle-relazioni\/#primaryimage","url":"https:\/\/gifted-hub.com\/wp-content\/uploads\/2024\/08\/4le7k9xvyje.jpg","contentUrl":"https:\/\/gifted-hub.com\/wp-content\/uploads\/2024\/08\/4le7k9xvyje.jpg","width":1600,"height":1007},{"@type":"BreadcrumbList","@id":"https:\/\/gifted-hub.com\/it\/individui\/affrontare-sfide-nelle-relazioni\/#breadcrumb","itemListElement":[{"@type":"ListItem","position":1,"name":"Home","item":"https:\/\/gifted-hub.com\/it\/home\/"},{"@type":"ListItem","position":2,"name":"Individui","item":"https:\/\/gifted-hub.com\/it\/individui\/"},{"@type":"ListItem","position":3,"name":"Affrontare sfide nelle relazioni"}]},{"@type":"WebSite","@id":"https:\/\/gifted-hub.com\/it\/#website","url":"https:\/\/gifted-hub.com\/it\/","name":"Gifted HUB","description":"Uno spazio per alte abilit\u00e0","publisher":{"@id":"https:\/\/gifted-hub.com\/it\/#organization"},"potentialAction":[{"@type":"SearchAction","target":{"@type":"EntryPoint","urlTemplate":"https:\/\/gifted-hub.com\/it\/?s={search_term_string}"},"query-input":{"@type":"PropertyValueSpecification","valueRequired":true,"valueName":"search_term_string"}}],"inLanguage":"it-IT"},{"@type":"Organization","@id":"https:\/\/gifted-hub.com\/it\/#organization","name":"Gifted HUB","url":"https:\/\/gifted-hub.com\/it\/","logo":{"@type":"ImageObject","inLanguage":"it-IT","@id":"https:\/\/gifted-hub.com\/it\/#\/schema\/logo\/image\/","url":"https:\/\/gifted-hub.com\/wp-content\/uploads\/2024\/07\/logo-1.svg","contentUrl":"https:\/\/gifted-hub.com\/wp-content\/uploads\/2024\/07\/logo-1.svg","caption":"Gifted HUB"},"image":{"@id":"https:\/\/gifted-hub.com\/it\/#\/schema\/logo\/image\/"}}]}},"_links":{"self":[{"href":"https:\/\/gifted-hub.com\/it\/wp-json\/wp\/v2\/pages\/15889","targetHints":{"allow":["GET"]}}],"collection":[{"href":"https:\/\/gifted-hub.com\/it\/wp-json\/wp\/v2\/pages"}],"about":[{"href":"https:\/\/gifted-hub.com\/it\/wp-json\/wp\/v2\/types\/page"}],"author":[{"embeddable":true,"href":"https:\/\/gifted-hub.com\/it\/wp-json\/wp\/v2\/users\/1"}],"replies":[{"embeddable":true,"href":"https:\/\/gifted-hub.com\/it\/wp-json\/wp\/v2\/comments?post=15889"}],"version-history":[{"count":1,"href":"https:\/\/gifted-hub.com\/it\/wp-json\/wp\/v2\/pages\/15889\/revisions"}],"predecessor-version":[{"id":15890,"href":"https:\/\/gifted-hub.com\/it\/wp-json\/wp\/v2\/pages\/15889\/revisions\/15890"}],"up":[{"embeddable":true,"href":"https:\/\/gifted-hub.com\/it\/wp-json\/wp\/v2\/pages\/16921"}],"wp:featuredmedia":[{"embeddable":true,"href":"https:\/\/gifted-hub.com\/it\/wp-json\/wp\/v2\/media\/15148"}],"wp:attachment":[{"href":"https:\/\/gifted-hub.com\/it\/wp-json\/wp\/v2\/media?parent=15889"}],"wp:term":[{"taxonomy":"group-interest","embeddable":true,"href":"https:\/\/gifted-hub.com\/it\/wp-json\/wp\/v2\/group-interest?post=15889"}],"curies":[{"name":"wp","href":"https:\/\/api.w.org\/{rel}","templated":true}]}}