{"id":15884,"date":"2024-10-19T00:26:08","date_gmt":"2024-10-19T00:26:08","guid":{"rendered":"https:\/\/gifted-hub.com\/depressione-tra-gli-adolescenti-dotati-comprendere-le-sfide\/"},"modified":"2024-11-01T22:16:27","modified_gmt":"2024-11-01T22:16:27","slug":"depressione-tra-gli-adolescenti-dotati-comprendere-le-sfide","status":"publish","type":"page","link":"https:\/\/gifted-hub.com\/it\/individui\/depressione-tra-gli-adolescenti-dotati-comprendere-le-sfide\/","title":{"rendered":"Depressione tra gli adolescenti dotati: comprendere le sfide"},"content":{"rendered":"\n<p>Gli adolescenti dotati spesso affrontano un insieme unico di sfide che molte persone potrebbero non riconoscere immediatamente. Sebbene le loro capacit\u00e0 eccezionali possano essere motivo di orgoglio, questi giovani individui possono anche sperimentare lotte profonde e persistenti che passano inosservate, portando a sentimenti di isolamento e depressione. <a href=\"\" data-type=\"\" data-id=\"\">La dotazione<\/a> \u00e8 spesso vista come un vantaggio intrinseco, ma sotto la superficie si nasconde un mondo emotivo complesso che pu\u00f2 portare a significativi problemi di salute mentale, in particolare disturbi depressivi. <\/p>\n\n<p>Uno dei motivi principali della depressione negli adolescenti dotati \u00e8 il divario <strong>tra le loro capacit\u00e0 intellettuali e lo sviluppo emotivo<\/strong>. Questi giovani possono avere le competenze cognitive di una persona molto pi\u00f9 grande, permettendo loro di impegnarsi in processi di pensiero complessi o persino in questioni esistenziali in tenera et\u00e0. Tuttavia, la loro intelligenza emotiva spesso si sviluppa a un ritmo pi\u00f9 tipico, lasciandoli vulnerabili a lotte emotive che potrebbero non comprendere appieno. Questo divario pu\u00f2 creare un senso travolgente di frustrazione e confusione, poich\u00e9 si sentono incapaci di conciliare le loro alte aspettative intellettuali con i loro bisogni emotivi.   <\/p>\n\n<p>Gli adolescenti dotati possono anche lottare con una sensibilit\u00e0 accentuata verso il mondo che li circonda. Tendono ad essere acutamente consapevoli delle ingiustizie sociali, dei problemi ambientali e di altri problemi sociali. Questa sensibilit\u00e0 pu\u00f2 farli sentire disconnessi dai loro coetanei, che potrebbero non percepire questi problemi con la stessa intensit\u00e0. La disconnessione pu\u00f2 portare a sentimenti di alienazione, poich\u00e9 questi adolescenti possono sentire di non avere nessuno con cui condividere le loro preoccupazioni e pensieri. Questa mancanza di connessione pu\u00f2 influire significativamente sulla loro salute mentale, aumentando il rischio di depressione.    <\/p>\n\n<p>Un altro fattore che contribuisce alla depressione negli adolescenti dotati \u00e8 la pressione che affrontano, sia internamente che esternamente. Questi giovani individui spesso sentono il peso delle alte aspettative poste su di loro dai genitori, insegnanti e persino da loro stessi. La spinta a riuscire e a soddisfare queste aspettative pu\u00f2 portare a uno stato costante di stress e ansia che, se non affrontato, pu\u00f2 evolvere in depressione. Inoltre, la paura del fallimento pu\u00f2 essere paralizzante, facendoli sentire come se non avessero margine per errori. La necessit\u00e0 di mantenere un&#8217;immagine perfetta pu\u00f2 impedire loro di cercare aiuto, poich\u00e9 potrebbero vedere questo come un segno di debolezza o inadeguatezza.    <\/p>\n\n<p>Gli adolescenti dotati possono anche sentirsi diversi dai loro coetanei, il che pu\u00f2 esacerbare il loro senso di isolamento. Possono avere difficolt\u00e0 a trovare amici che condividano i loro interessi o che possano relazionarsi con le loro curiosit\u00e0 intellettuali. L&#8217;ambiente scolastico tipico, che spesso si concentra sulla conformit\u00e0 e sui risultati standardizzati, potrebbe non fornire la stimolazione di cui hanno bisogno, portando a noia e disimpegno. Questa mancanza di sfida intellettuale, combinata con difficolt\u00e0 sociali, pu\u00f2 portare a sentimenti di disperazione e alla sensazione che non ci sia un posto per loro dove appartengano veramente.   <\/p>\n\n<p>Affrontare la depressione negli adolescenti dotati richiede una profonda comprensione delle loro esigenze uniche. \u00c8 cruciale per i genitori, educatori e professionisti della salute mentale creare ambienti che riconoscano e nutrano sia il loro sviluppo intellettuale che emotivo. Fornire opportunit\u00e0 a questi adolescenti di connettersi con coetanei affini, impegnarsi in attivit\u00e0 accademiche stimolanti ed esplorare le loro emozioni in uno spazio sicuro e di supporto pu\u00f2 fare una differenza significativa nella loro salute mentale e benessere.  <\/p>\n\n<p>Soprattutto, l&#8217;empatia \u00e8 fondamentale. Comprendere che la dotazione non immunizza un giovane dalle lotte emotive \u00e8 un passo importante per aiutarli. Riconoscere i segni della depressione, come il ritiro, i cambiamenti di umore o un calo del rendimento scolastico, e rispondere con supporto anzich\u00e9 giudizio pu\u00f2 aiutare gli adolescenti dotati a sentirsi visti e ascoltati. Con il giusto tipo di cura, questi giovani individui possono imparare a navigare nei loro complessi paesaggi emotivi e prosperare, sia intellettualmente che emotivamente.   <\/p>\n\n<p>Se stai lottando con la depressione, <strong>ti incoraggiamo a cercare aiuto<\/strong> da un professionista della salute mentale nella tua zona. Puoi usare <a href=\"\">la nostra directory<\/a> per trovare supporto. <\/p>\n","protected":false},"excerpt":{"rendered":"<p>Gli adolescenti dotati spesso affrontano un insieme unico di sfide che molte persone potrebbero non riconoscere immediatamente. Sebbene le loro capacit\u00e0 eccezionali possano essere motivo di orgoglio, questi giovani individui possono anche sperimentare lotte profonde e persistenti che passano inosservate, portando a sentimenti di isolamento e depressione. La dotazione \u00e8 spesso vista come un vantaggio [&hellip;]<\/p>\n","protected":false},"author":1,"featured_media":15552,"parent":16921,"menu_order":0,"comment_status":"closed","ping_status":"closed","template":"","meta":{"_acf_changed":false,"inline_featured_image":false,"footnotes":""},"group-interest":[195,196],"class_list":["post-15884","page","type-page","status-publish","has-post-thumbnail","hentry","group-interest-famiglia","group-interest-individui"],"acf":[],"yoast_head":"<!-- This site is optimized with the Yoast SEO plugin v27.4 - https:\/\/yoast.com\/product\/yoast-seo-wordpress\/ -->\n<title>Depressione tra gli adolescenti dotati: comprendere le sfide - Gifted HUB<\/title>\n<meta name=\"robots\" content=\"index, follow, max-snippet:-1, max-image-preview:large, max-video-preview:-1\" \/>\n<link rel=\"canonical\" href=\"https:\/\/gifted-hub.com\/it\/individui\/depressione-tra-gli-adolescenti-dotati-comprendere-le-sfide\/\" \/>\n<meta property=\"og:locale\" content=\"it_IT\" \/>\n<meta property=\"og:type\" content=\"article\" \/>\n<meta property=\"og:title\" content=\"Depressione tra gli adolescenti dotati: comprendere le sfide - Gifted HUB\" \/>\n<meta property=\"og:description\" content=\"Gli adolescenti dotati spesso affrontano un insieme unico di sfide che molte persone potrebbero non riconoscere immediatamente. Sebbene le loro capacit\u00e0 eccezionali possano essere motivo di orgoglio, questi giovani individui possono anche sperimentare lotte profonde e persistenti che passano inosservate, portando a sentimenti di isolamento e depressione. La dotazione \u00e8 spesso vista come un vantaggio [&hellip;]\" \/>\n<meta property=\"og:url\" content=\"https:\/\/gifted-hub.com\/it\/individui\/depressione-tra-gli-adolescenti-dotati-comprendere-le-sfide\/\" \/>\n<meta property=\"og:site_name\" content=\"Gifted HUB\" \/>\n<meta property=\"article:modified_time\" content=\"2024-11-01T22:16:27+00:00\" \/>\n<meta property=\"og:image\" content=\"https:\/\/gifted-hub.com\/wp-content\/uploads\/2024\/10\/5lufcdixqno-e1729297171596.jpg\" \/>\n\t<meta property=\"og:image:width\" content=\"800\" \/>\n\t<meta property=\"og:image:height\" content=\"1200\" \/>\n\t<meta property=\"og:image:type\" content=\"image\/jpeg\" \/>\n<meta name=\"twitter:card\" content=\"summary_large_image\" \/>\n<meta name=\"twitter:label1\" content=\"Tempo di lettura stimato\" \/>\n\t<meta name=\"twitter:data1\" content=\"3 minuti\" \/>\n<script type=\"application\/ld+json\" class=\"yoast-schema-graph\">{\"@context\":\"https:\\\/\\\/schema.org\",\"@graph\":[{\"@type\":\"WebPage\",\"@id\":\"https:\\\/\\\/gifted-hub.com\\\/it\\\/individui\\\/depressione-tra-gli-adolescenti-dotati-comprendere-le-sfide\\\/\",\"url\":\"https:\\\/\\\/gifted-hub.com\\\/it\\\/individui\\\/depressione-tra-gli-adolescenti-dotati-comprendere-le-sfide\\\/\",\"name\":\"Depressione tra gli adolescenti dotati: comprendere le sfide - Gifted HUB\",\"isPartOf\":{\"@id\":\"https:\\\/\\\/gifted-hub.com\\\/it\\\/#website\"},\"primaryImageOfPage\":{\"@id\":\"https:\\\/\\\/gifted-hub.com\\\/it\\\/individui\\\/depressione-tra-gli-adolescenti-dotati-comprendere-le-sfide\\\/#primaryimage\"},\"image\":{\"@id\":\"https:\\\/\\\/gifted-hub.com\\\/it\\\/individui\\\/depressione-tra-gli-adolescenti-dotati-comprendere-le-sfide\\\/#primaryimage\"},\"thumbnailUrl\":\"https:\\\/\\\/gifted-hub.com\\\/wp-content\\\/uploads\\\/2024\\\/10\\\/5lufcdixqno-e1729297171596.jpg\",\"datePublished\":\"2024-10-19T00:26:08+00:00\",\"dateModified\":\"2024-11-01T22:16:27+00:00\",\"breadcrumb\":{\"@id\":\"https:\\\/\\\/gifted-hub.com\\\/it\\\/individui\\\/depressione-tra-gli-adolescenti-dotati-comprendere-le-sfide\\\/#breadcrumb\"},\"inLanguage\":\"it-IT\",\"potentialAction\":[{\"@type\":\"ReadAction\",\"target\":[\"https:\\\/\\\/gifted-hub.com\\\/it\\\/individui\\\/depressione-tra-gli-adolescenti-dotati-comprendere-le-sfide\\\/\"]}]},{\"@type\":\"ImageObject\",\"inLanguage\":\"it-IT\",\"@id\":\"https:\\\/\\\/gifted-hub.com\\\/it\\\/individui\\\/depressione-tra-gli-adolescenti-dotati-comprendere-le-sfide\\\/#primaryimage\",\"url\":\"https:\\\/\\\/gifted-hub.com\\\/wp-content\\\/uploads\\\/2024\\\/10\\\/5lufcdixqno-e1729297171596.jpg\",\"contentUrl\":\"https:\\\/\\\/gifted-hub.com\\\/wp-content\\\/uploads\\\/2024\\\/10\\\/5lufcdixqno-e1729297171596.jpg\",\"width\":800,\"height\":1200},{\"@type\":\"BreadcrumbList\",\"@id\":\"https:\\\/\\\/gifted-hub.com\\\/it\\\/individui\\\/depressione-tra-gli-adolescenti-dotati-comprendere-le-sfide\\\/#breadcrumb\",\"itemListElement\":[{\"@type\":\"ListItem\",\"position\":1,\"name\":\"Home\",\"item\":\"https:\\\/\\\/gifted-hub.com\\\/it\\\/home\\\/\"},{\"@type\":\"ListItem\",\"position\":2,\"name\":\"Individui\",\"item\":\"https:\\\/\\\/gifted-hub.com\\\/it\\\/individui\\\/\"},{\"@type\":\"ListItem\",\"position\":3,\"name\":\"Depressione tra gli adolescenti dotati: comprendere le sfide\"}]},{\"@type\":\"WebSite\",\"@id\":\"https:\\\/\\\/gifted-hub.com\\\/it\\\/#website\",\"url\":\"https:\\\/\\\/gifted-hub.com\\\/it\\\/\",\"name\":\"Gifted HUB\",\"description\":\"Uno spazio per alte abilit\u00e0\",\"publisher\":{\"@id\":\"https:\\\/\\\/gifted-hub.com\\\/it\\\/#organization\"},\"potentialAction\":[{\"@type\":\"SearchAction\",\"target\":{\"@type\":\"EntryPoint\",\"urlTemplate\":\"https:\\\/\\\/gifted-hub.com\\\/it\\\/?s={search_term_string}\"},\"query-input\":{\"@type\":\"PropertyValueSpecification\",\"valueRequired\":true,\"valueName\":\"search_term_string\"}}],\"inLanguage\":\"it-IT\"},{\"@type\":\"Organization\",\"@id\":\"https:\\\/\\\/gifted-hub.com\\\/it\\\/#organization\",\"name\":\"Gifted HUB\",\"url\":\"https:\\\/\\\/gifted-hub.com\\\/it\\\/\",\"logo\":{\"@type\":\"ImageObject\",\"inLanguage\":\"it-IT\",\"@id\":\"https:\\\/\\\/gifted-hub.com\\\/it\\\/#\\\/schema\\\/logo\\\/image\\\/\",\"url\":\"https:\\\/\\\/gifted-hub.com\\\/wp-content\\\/uploads\\\/2024\\\/07\\\/logo-1.svg\",\"contentUrl\":\"https:\\\/\\\/gifted-hub.com\\\/wp-content\\\/uploads\\\/2024\\\/07\\\/logo-1.svg\",\"caption\":\"Gifted HUB\"},\"image\":{\"@id\":\"https:\\\/\\\/gifted-hub.com\\\/it\\\/#\\\/schema\\\/logo\\\/image\\\/\"}}]}<\/script>\n<!-- \/ Yoast SEO plugin. -->","yoast_head_json":{"title":"Depressione tra gli adolescenti dotati: comprendere le sfide - Gifted HUB","robots":{"index":"index","follow":"follow","max-snippet":"max-snippet:-1","max-image-preview":"max-image-preview:large","max-video-preview":"max-video-preview:-1"},"canonical":"https:\/\/gifted-hub.com\/it\/individui\/depressione-tra-gli-adolescenti-dotati-comprendere-le-sfide\/","og_locale":"it_IT","og_type":"article","og_title":"Depressione tra gli adolescenti dotati: comprendere le sfide - Gifted HUB","og_description":"Gli adolescenti dotati spesso affrontano un insieme unico di sfide che molte persone potrebbero non riconoscere immediatamente. Sebbene le loro capacit\u00e0 eccezionali possano essere motivo di orgoglio, questi giovani individui possono anche sperimentare lotte profonde e persistenti che passano inosservate, portando a sentimenti di isolamento e depressione. La dotazione \u00e8 spesso vista come un vantaggio [&hellip;]","og_url":"https:\/\/gifted-hub.com\/it\/individui\/depressione-tra-gli-adolescenti-dotati-comprendere-le-sfide\/","og_site_name":"Gifted HUB","article_modified_time":"2024-11-01T22:16:27+00:00","og_image":[{"width":800,"height":1200,"url":"https:\/\/gifted-hub.com\/wp-content\/uploads\/2024\/10\/5lufcdixqno-e1729297171596.jpg","type":"image\/jpeg"}],"twitter_card":"summary_large_image","twitter_misc":{"Tempo di lettura stimato":"3 minuti"},"schema":{"@context":"https:\/\/schema.org","@graph":[{"@type":"WebPage","@id":"https:\/\/gifted-hub.com\/it\/individui\/depressione-tra-gli-adolescenti-dotati-comprendere-le-sfide\/","url":"https:\/\/gifted-hub.com\/it\/individui\/depressione-tra-gli-adolescenti-dotati-comprendere-le-sfide\/","name":"Depressione tra gli adolescenti dotati: comprendere le sfide - Gifted HUB","isPartOf":{"@id":"https:\/\/gifted-hub.com\/it\/#website"},"primaryImageOfPage":{"@id":"https:\/\/gifted-hub.com\/it\/individui\/depressione-tra-gli-adolescenti-dotati-comprendere-le-sfide\/#primaryimage"},"image":{"@id":"https:\/\/gifted-hub.com\/it\/individui\/depressione-tra-gli-adolescenti-dotati-comprendere-le-sfide\/#primaryimage"},"thumbnailUrl":"https:\/\/gifted-hub.com\/wp-content\/uploads\/2024\/10\/5lufcdixqno-e1729297171596.jpg","datePublished":"2024-10-19T00:26:08+00:00","dateModified":"2024-11-01T22:16:27+00:00","breadcrumb":{"@id":"https:\/\/gifted-hub.com\/it\/individui\/depressione-tra-gli-adolescenti-dotati-comprendere-le-sfide\/#breadcrumb"},"inLanguage":"it-IT","potentialAction":[{"@type":"ReadAction","target":["https:\/\/gifted-hub.com\/it\/individui\/depressione-tra-gli-adolescenti-dotati-comprendere-le-sfide\/"]}]},{"@type":"ImageObject","inLanguage":"it-IT","@id":"https:\/\/gifted-hub.com\/it\/individui\/depressione-tra-gli-adolescenti-dotati-comprendere-le-sfide\/#primaryimage","url":"https:\/\/gifted-hub.com\/wp-content\/uploads\/2024\/10\/5lufcdixqno-e1729297171596.jpg","contentUrl":"https:\/\/gifted-hub.com\/wp-content\/uploads\/2024\/10\/5lufcdixqno-e1729297171596.jpg","width":800,"height":1200},{"@type":"BreadcrumbList","@id":"https:\/\/gifted-hub.com\/it\/individui\/depressione-tra-gli-adolescenti-dotati-comprendere-le-sfide\/#breadcrumb","itemListElement":[{"@type":"ListItem","position":1,"name":"Home","item":"https:\/\/gifted-hub.com\/it\/home\/"},{"@type":"ListItem","position":2,"name":"Individui","item":"https:\/\/gifted-hub.com\/it\/individui\/"},{"@type":"ListItem","position":3,"name":"Depressione tra gli adolescenti dotati: comprendere le sfide"}]},{"@type":"WebSite","@id":"https:\/\/gifted-hub.com\/it\/#website","url":"https:\/\/gifted-hub.com\/it\/","name":"Gifted HUB","description":"Uno spazio per alte abilit\u00e0","publisher":{"@id":"https:\/\/gifted-hub.com\/it\/#organization"},"potentialAction":[{"@type":"SearchAction","target":{"@type":"EntryPoint","urlTemplate":"https:\/\/gifted-hub.com\/it\/?s={search_term_string}"},"query-input":{"@type":"PropertyValueSpecification","valueRequired":true,"valueName":"search_term_string"}}],"inLanguage":"it-IT"},{"@type":"Organization","@id":"https:\/\/gifted-hub.com\/it\/#organization","name":"Gifted HUB","url":"https:\/\/gifted-hub.com\/it\/","logo":{"@type":"ImageObject","inLanguage":"it-IT","@id":"https:\/\/gifted-hub.com\/it\/#\/schema\/logo\/image\/","url":"https:\/\/gifted-hub.com\/wp-content\/uploads\/2024\/07\/logo-1.svg","contentUrl":"https:\/\/gifted-hub.com\/wp-content\/uploads\/2024\/07\/logo-1.svg","caption":"Gifted HUB"},"image":{"@id":"https:\/\/gifted-hub.com\/it\/#\/schema\/logo\/image\/"}}]}},"_links":{"self":[{"href":"https:\/\/gifted-hub.com\/it\/wp-json\/wp\/v2\/pages\/15884","targetHints":{"allow":["GET"]}}],"collection":[{"href":"https:\/\/gifted-hub.com\/it\/wp-json\/wp\/v2\/pages"}],"about":[{"href":"https:\/\/gifted-hub.com\/it\/wp-json\/wp\/v2\/types\/page"}],"author":[{"embeddable":true,"href":"https:\/\/gifted-hub.com\/it\/wp-json\/wp\/v2\/users\/1"}],"replies":[{"embeddable":true,"href":"https:\/\/gifted-hub.com\/it\/wp-json\/wp\/v2\/comments?post=15884"}],"version-history":[{"count":1,"href":"https:\/\/gifted-hub.com\/it\/wp-json\/wp\/v2\/pages\/15884\/revisions"}],"predecessor-version":[{"id":15885,"href":"https:\/\/gifted-hub.com\/it\/wp-json\/wp\/v2\/pages\/15884\/revisions\/15885"}],"up":[{"embeddable":true,"href":"https:\/\/gifted-hub.com\/it\/wp-json\/wp\/v2\/pages\/16921"}],"wp:featuredmedia":[{"embeddable":true,"href":"https:\/\/gifted-hub.com\/it\/wp-json\/wp\/v2\/media\/15552"}],"wp:attachment":[{"href":"https:\/\/gifted-hub.com\/it\/wp-json\/wp\/v2\/media?parent=15884"}],"wp:term":[{"taxonomy":"group-interest","embeddable":true,"href":"https:\/\/gifted-hub.com\/it\/wp-json\/wp\/v2\/group-interest?post=15884"}],"curies":[{"name":"wp","href":"https:\/\/api.w.org\/{rel}","templated":true}]}}