{"id":15878,"date":"2024-09-08T20:30:19","date_gmt":"2024-09-08T20:30:19","guid":{"rendered":"https:\/\/gifted-hub.com\/famiglia\/"},"modified":"2024-10-22T12:00:39","modified_gmt":"2024-10-22T12:00:39","slug":"famiglia","status":"publish","type":"page","link":"https:\/\/gifted-hub.com\/it\/famiglia\/","title":{"rendered":"Famiglia"},"content":{"rendered":"\n<p>Crescere un bambino dotato \u00e8 un&#8217;esperienza sia affascinante che impegnativa.\nQuesti bambini, dotati di un&#8217;intelligenza eccezionale, spesso imparano rapidamente e comprendono i concetti in modi che spesso lasciano indietro i loro coetanei.\nPer loro, risolvere problemi o comprendere nuove idee non richiede lo stesso sforzo che richiede agli altri, il che pu\u00f2 portare a frustrazione o noia in ambienti scolastici dove il ritmo \u00e8 pi\u00f9 lento.\nI genitori di questi bambini spesso devono affrontare il bisogno costante del loro figlio di stimolazione intellettuale, che pu\u00f2 essere estenuante ma anche incredibilmente gratificante quando vedono l&#8217;entusiasmo e la passione che il loro figlio porta nei suoi interessi.   <\/p>\n\n<p>Tuttavia, le alte capacit\u00e0 non vanno sempre di pari passo con lo <a href=\"https:\/\/gifted-hub.com\/individuals\/facing-challenges-in-relationships\/\" data-type=\"page\" data-id=\"15142\">sviluppo emotivo<\/a>. Sebbene le loro capacit\u00e0 intellettuali li mettano avanti in molte aree, emotivamente sono ancora bambini, con le stesse vulnerabilit\u00e0 e paure di qualsiasi altro. \u00c8 comune che i bambini dotati si sentano diversi o isolati, poich\u00e9 le loro capacit\u00e0 li distinguono dagli altri. Questo pu\u00f2 influire sulla loro autostima, soprattutto quando le loro domande o commenti vengono ignorati o fraintesi dagli adulti. I genitori svolgono un ruolo cruciale nell&#8217;aiutarli a capire che essere diversi non \u00e8 una cosa negativa, ma piuttosto un aspetto prezioso di chi sono.    <\/p>\n\n<p>Un&#8217;altra sfida che i genitori devono affrontare \u00e8 mantenere un equilibrio tra favorire lo sviluppo intellettuale del loro figlio e aiutarlo a gestire le sue emozioni. I bambini dotati devono imparare a gestire la frustrazione, il fallimento e la necessit\u00e0 di aspettare gli altri nel processo di apprendimento. Allo stesso tempo, i genitori devono guidare i loro <a href=\"\" data-type=\"\" data-id=\"\">bambini nelle interazioni sociali<\/a>, aiutandoli a capire che non tutti pensano o imparano allo stesso modo. Molti di questi bambini possono sembrare arroganti o distanti a causa della loro rapidit\u00e0 mentale, il che pu\u00f2 creare conflitti con i loro coetanei.   <\/p>\n\n<p>Per i genitori, \u00e8 fondamentale fornire un ambiente in cui il loro figlio si senta compreso e supportato, sia nei loro successi intellettuali che nelle sfide emotive.\nRiconoscere che questi bambini hanno bisogno di una guida speciale, che nutra non solo le loro menti ma anche i loro cuori, \u00e8 essenziale per il loro benessere generale.\nAccompagnarli in questo viaggio, aiutandoli a trovare un equilibrio tra le loro capacit\u00e0 e il mondo che li circonda, \u00e8 un compito che richiede pazienza, comprensione e soprattutto amore.  <\/p>\n","protected":false},"excerpt":{"rendered":"<p>Crescere un bambino dotato \u00e8 un&#8217;esperienza sia affascinante che impegnativa. Questi bambini, dotati di un&#8217;intelligenza eccezionale, spesso imparano rapidamente e comprendono i concetti in modi che spesso lasciano indietro i loro coetanei. Per loro, risolvere problemi o comprendere nuove idee non richiede lo stesso sforzo che richiede agli altri, il che pu\u00f2 portare a frustrazione [&hellip;]<\/p>\n","protected":false},"author":1,"featured_media":15237,"parent":0,"menu_order":0,"comment_status":"closed","ping_status":"closed","template":"","meta":{"_acf_changed":false,"inline_featured_image":false,"footnotes":""},"group-interest":[195],"class_list":["post-15878","page","type-page","status-publish","has-post-thumbnail","hentry","group-interest-famiglia"],"acf":[],"yoast_head":"<!-- This site is optimized with the Yoast SEO plugin v27.4 - https:\/\/yoast.com\/product\/yoast-seo-wordpress\/ -->\n<title>Famiglia - Gifted HUB<\/title>\n<meta name=\"robots\" content=\"index, follow, max-snippet:-1, max-image-preview:large, max-video-preview:-1\" \/>\n<link rel=\"canonical\" href=\"https:\/\/gifted-hub.com\/it\/famiglia\/\" \/>\n<meta property=\"og:locale\" content=\"it_IT\" \/>\n<meta property=\"og:type\" content=\"article\" \/>\n<meta property=\"og:title\" content=\"Famiglia - Gifted HUB\" \/>\n<meta property=\"og:description\" content=\"Crescere un bambino dotato \u00e8 un&#8217;esperienza sia affascinante che impegnativa. Questi bambini, dotati di un&#8217;intelligenza eccezionale, spesso imparano rapidamente e comprendono i concetti in modi che spesso lasciano indietro i loro coetanei. Per loro, risolvere problemi o comprendere nuove idee non richiede lo stesso sforzo che richiede agli altri, il che pu\u00f2 portare a frustrazione [&hellip;]\" \/>\n<meta property=\"og:url\" content=\"https:\/\/gifted-hub.com\/it\/famiglia\/\" \/>\n<meta property=\"og:site_name\" content=\"Gifted HUB\" \/>\n<meta property=\"article:modified_time\" content=\"2024-10-22T12:00:39+00:00\" \/>\n<meta property=\"og:image\" content=\"https:\/\/gifted-hub.com\/wp-content\/uploads\/2024\/09\/0iqkntlw93a.jpg\" \/>\n\t<meta property=\"og:image:width\" content=\"1600\" \/>\n\t<meta property=\"og:image:height\" content=\"1066\" \/>\n\t<meta property=\"og:image:type\" content=\"image\/jpeg\" \/>\n<meta name=\"twitter:card\" content=\"summary_large_image\" \/>\n<meta name=\"twitter:label1\" content=\"Tempo di lettura stimato\" \/>\n\t<meta name=\"twitter:data1\" content=\"2 minuti\" \/>\n<script type=\"application\/ld+json\" class=\"yoast-schema-graph\">{\"@context\":\"https:\\\/\\\/schema.org\",\"@graph\":[{\"@type\":\"WebPage\",\"@id\":\"https:\\\/\\\/gifted-hub.com\\\/it\\\/famiglia\\\/\",\"url\":\"https:\\\/\\\/gifted-hub.com\\\/it\\\/famiglia\\\/\",\"name\":\"Famiglia - Gifted HUB\",\"isPartOf\":{\"@id\":\"https:\\\/\\\/gifted-hub.com\\\/it\\\/#website\"},\"primaryImageOfPage\":{\"@id\":\"https:\\\/\\\/gifted-hub.com\\\/it\\\/famiglia\\\/#primaryimage\"},\"image\":{\"@id\":\"https:\\\/\\\/gifted-hub.com\\\/it\\\/famiglia\\\/#primaryimage\"},\"thumbnailUrl\":\"https:\\\/\\\/gifted-hub.com\\\/wp-content\\\/uploads\\\/2024\\\/09\\\/0iqkntlw93a.jpg\",\"datePublished\":\"2024-09-08T20:30:19+00:00\",\"dateModified\":\"2024-10-22T12:00:39+00:00\",\"breadcrumb\":{\"@id\":\"https:\\\/\\\/gifted-hub.com\\\/it\\\/famiglia\\\/#breadcrumb\"},\"inLanguage\":\"it-IT\",\"potentialAction\":[{\"@type\":\"ReadAction\",\"target\":[\"https:\\\/\\\/gifted-hub.com\\\/it\\\/famiglia\\\/\"]}]},{\"@type\":\"ImageObject\",\"inLanguage\":\"it-IT\",\"@id\":\"https:\\\/\\\/gifted-hub.com\\\/it\\\/famiglia\\\/#primaryimage\",\"url\":\"https:\\\/\\\/gifted-hub.com\\\/wp-content\\\/uploads\\\/2024\\\/09\\\/0iqkntlw93a.jpg\",\"contentUrl\":\"https:\\\/\\\/gifted-hub.com\\\/wp-content\\\/uploads\\\/2024\\\/09\\\/0iqkntlw93a.jpg\",\"width\":1600,\"height\":1066},{\"@type\":\"BreadcrumbList\",\"@id\":\"https:\\\/\\\/gifted-hub.com\\\/it\\\/famiglia\\\/#breadcrumb\",\"itemListElement\":[{\"@type\":\"ListItem\",\"position\":1,\"name\":\"Home\",\"item\":\"https:\\\/\\\/gifted-hub.com\\\/it\\\/home\\\/\"},{\"@type\":\"ListItem\",\"position\":2,\"name\":\"Famiglia\"}]},{\"@type\":\"WebSite\",\"@id\":\"https:\\\/\\\/gifted-hub.com\\\/it\\\/#website\",\"url\":\"https:\\\/\\\/gifted-hub.com\\\/it\\\/\",\"name\":\"Gifted HUB\",\"description\":\"Uno spazio per alte abilit\u00e0\",\"publisher\":{\"@id\":\"https:\\\/\\\/gifted-hub.com\\\/it\\\/#organization\"},\"potentialAction\":[{\"@type\":\"SearchAction\",\"target\":{\"@type\":\"EntryPoint\",\"urlTemplate\":\"https:\\\/\\\/gifted-hub.com\\\/it\\\/?s={search_term_string}\"},\"query-input\":{\"@type\":\"PropertyValueSpecification\",\"valueRequired\":true,\"valueName\":\"search_term_string\"}}],\"inLanguage\":\"it-IT\"},{\"@type\":\"Organization\",\"@id\":\"https:\\\/\\\/gifted-hub.com\\\/it\\\/#organization\",\"name\":\"Gifted HUB\",\"url\":\"https:\\\/\\\/gifted-hub.com\\\/it\\\/\",\"logo\":{\"@type\":\"ImageObject\",\"inLanguage\":\"it-IT\",\"@id\":\"https:\\\/\\\/gifted-hub.com\\\/it\\\/#\\\/schema\\\/logo\\\/image\\\/\",\"url\":\"https:\\\/\\\/gifted-hub.com\\\/wp-content\\\/uploads\\\/2024\\\/07\\\/logo-1.svg\",\"contentUrl\":\"https:\\\/\\\/gifted-hub.com\\\/wp-content\\\/uploads\\\/2024\\\/07\\\/logo-1.svg\",\"caption\":\"Gifted HUB\"},\"image\":{\"@id\":\"https:\\\/\\\/gifted-hub.com\\\/it\\\/#\\\/schema\\\/logo\\\/image\\\/\"}}]}<\/script>\n<!-- \/ Yoast SEO plugin. -->","yoast_head_json":{"title":"Famiglia - Gifted HUB","robots":{"index":"index","follow":"follow","max-snippet":"max-snippet:-1","max-image-preview":"max-image-preview:large","max-video-preview":"max-video-preview:-1"},"canonical":"https:\/\/gifted-hub.com\/it\/famiglia\/","og_locale":"it_IT","og_type":"article","og_title":"Famiglia - Gifted HUB","og_description":"Crescere un bambino dotato \u00e8 un&#8217;esperienza sia affascinante che impegnativa. Questi bambini, dotati di un&#8217;intelligenza eccezionale, spesso imparano rapidamente e comprendono i concetti in modi che spesso lasciano indietro i loro coetanei. Per loro, risolvere problemi o comprendere nuove idee non richiede lo stesso sforzo che richiede agli altri, il che pu\u00f2 portare a frustrazione [&hellip;]","og_url":"https:\/\/gifted-hub.com\/it\/famiglia\/","og_site_name":"Gifted HUB","article_modified_time":"2024-10-22T12:00:39+00:00","og_image":[{"width":1600,"height":1066,"url":"https:\/\/gifted-hub.com\/wp-content\/uploads\/2024\/09\/0iqkntlw93a.jpg","type":"image\/jpeg"}],"twitter_card":"summary_large_image","twitter_misc":{"Tempo di lettura stimato":"2 minuti"},"schema":{"@context":"https:\/\/schema.org","@graph":[{"@type":"WebPage","@id":"https:\/\/gifted-hub.com\/it\/famiglia\/","url":"https:\/\/gifted-hub.com\/it\/famiglia\/","name":"Famiglia - Gifted HUB","isPartOf":{"@id":"https:\/\/gifted-hub.com\/it\/#website"},"primaryImageOfPage":{"@id":"https:\/\/gifted-hub.com\/it\/famiglia\/#primaryimage"},"image":{"@id":"https:\/\/gifted-hub.com\/it\/famiglia\/#primaryimage"},"thumbnailUrl":"https:\/\/gifted-hub.com\/wp-content\/uploads\/2024\/09\/0iqkntlw93a.jpg","datePublished":"2024-09-08T20:30:19+00:00","dateModified":"2024-10-22T12:00:39+00:00","breadcrumb":{"@id":"https:\/\/gifted-hub.com\/it\/famiglia\/#breadcrumb"},"inLanguage":"it-IT","potentialAction":[{"@type":"ReadAction","target":["https:\/\/gifted-hub.com\/it\/famiglia\/"]}]},{"@type":"ImageObject","inLanguage":"it-IT","@id":"https:\/\/gifted-hub.com\/it\/famiglia\/#primaryimage","url":"https:\/\/gifted-hub.com\/wp-content\/uploads\/2024\/09\/0iqkntlw93a.jpg","contentUrl":"https:\/\/gifted-hub.com\/wp-content\/uploads\/2024\/09\/0iqkntlw93a.jpg","width":1600,"height":1066},{"@type":"BreadcrumbList","@id":"https:\/\/gifted-hub.com\/it\/famiglia\/#breadcrumb","itemListElement":[{"@type":"ListItem","position":1,"name":"Home","item":"https:\/\/gifted-hub.com\/it\/home\/"},{"@type":"ListItem","position":2,"name":"Famiglia"}]},{"@type":"WebSite","@id":"https:\/\/gifted-hub.com\/it\/#website","url":"https:\/\/gifted-hub.com\/it\/","name":"Gifted HUB","description":"Uno spazio per alte abilit\u00e0","publisher":{"@id":"https:\/\/gifted-hub.com\/it\/#organization"},"potentialAction":[{"@type":"SearchAction","target":{"@type":"EntryPoint","urlTemplate":"https:\/\/gifted-hub.com\/it\/?s={search_term_string}"},"query-input":{"@type":"PropertyValueSpecification","valueRequired":true,"valueName":"search_term_string"}}],"inLanguage":"it-IT"},{"@type":"Organization","@id":"https:\/\/gifted-hub.com\/it\/#organization","name":"Gifted HUB","url":"https:\/\/gifted-hub.com\/it\/","logo":{"@type":"ImageObject","inLanguage":"it-IT","@id":"https:\/\/gifted-hub.com\/it\/#\/schema\/logo\/image\/","url":"https:\/\/gifted-hub.com\/wp-content\/uploads\/2024\/07\/logo-1.svg","contentUrl":"https:\/\/gifted-hub.com\/wp-content\/uploads\/2024\/07\/logo-1.svg","caption":"Gifted HUB"},"image":{"@id":"https:\/\/gifted-hub.com\/it\/#\/schema\/logo\/image\/"}}]}},"_links":{"self":[{"href":"https:\/\/gifted-hub.com\/it\/wp-json\/wp\/v2\/pages\/15878","targetHints":{"allow":["GET"]}}],"collection":[{"href":"https:\/\/gifted-hub.com\/it\/wp-json\/wp\/v2\/pages"}],"about":[{"href":"https:\/\/gifted-hub.com\/it\/wp-json\/wp\/v2\/types\/page"}],"author":[{"embeddable":true,"href":"https:\/\/gifted-hub.com\/it\/wp-json\/wp\/v2\/users\/1"}],"replies":[{"embeddable":true,"href":"https:\/\/gifted-hub.com\/it\/wp-json\/wp\/v2\/comments?post=15878"}],"version-history":[{"count":1,"href":"https:\/\/gifted-hub.com\/it\/wp-json\/wp\/v2\/pages\/15878\/revisions"}],"predecessor-version":[{"id":15879,"href":"https:\/\/gifted-hub.com\/it\/wp-json\/wp\/v2\/pages\/15878\/revisions\/15879"}],"wp:featuredmedia":[{"embeddable":true,"href":"https:\/\/gifted-hub.com\/it\/wp-json\/wp\/v2\/media\/15237"}],"wp:attachment":[{"href":"https:\/\/gifted-hub.com\/it\/wp-json\/wp\/v2\/media?parent=15878"}],"wp:term":[{"taxonomy":"group-interest","embeddable":true,"href":"https:\/\/gifted-hub.com\/it\/wp-json\/wp\/v2\/group-interest?post=15878"}],"curies":[{"name":"wp","href":"https:\/\/api.w.org\/{rel}","templated":true}]}}