{"id":19467,"date":"2025-05-06T20:07:39","date_gmt":"2025-05-06T20:07:39","guid":{"rendered":"https:\/\/gifted-hub.com\/enseignants\/comment-identifier-la-precocite-intellectuelle-au-dela-des-tests-standardises\/"},"modified":"2025-05-06T20:13:21","modified_gmt":"2025-05-06T20:13:21","slug":"comment-identifier-la-precocite-intellectuelle-au-dela-des-tests-standardises","status":"publish","type":"page","link":"https:\/\/gifted-hub.com\/fr\/enseignants\/comment-identifier-la-precocite-intellectuelle-au-dela-des-tests-standardises\/","title":{"rendered":"Comment identifier la pr\u00e9cocit\u00e9 intellectuelle au-del\u00e0 des tests standardis\u00e9s"},"content":{"rendered":"\n<p>Les tests standardis\u00e9s ont longtemps \u00e9t\u00e9 utilis\u00e9s pour identifier les \u00e9l\u00e8ves dou\u00e9s, mais le fait de se fier uniquement aux r\u00e9sultats des tests ne donne souvent qu&rsquo;une image partielle. La douance est complexe, diverse et fa\u00e7onn\u00e9e par le contexte, les opportunit\u00e9s et le d\u00e9veloppement personnel. De nombreux \u00e9l\u00e8ves \u00e0 haut potentiel peuvent obtenir des r\u00e9sultats inf\u00e9rieurs \u00e0 leurs capacit\u00e9s lors des \u00e9valuations traditionnelles en raison de l&rsquo;anxi\u00e9t\u00e9, des biais culturels ou parce que leurs points forts se situent en dehors de ce que ces tests mesurent.  <\/p>\n\n<p>La douance peut se manifester de nombreuses fa\u00e7ons, et pas seulement sur le plan acad\u00e9mique. Certains \u00e9l\u00e8ves pr\u00e9sentent une douance <a href=\"https:\/\/gifted-hub.com\/fr\/professionnels\/creativite-et-prise-de-decision-chez-les-eleves-surdoues\/\">cr\u00e9ative<\/a> ou productive, caract\u00e9ris\u00e9e par l&rsquo;originalit\u00e9, la curiosit\u00e9, le leadership, le talent artistique ou le d\u00e9sir d&rsquo;explorer des probl\u00e8mes concrets. Ces qualit\u00e9s se manifestent souvent \u00e0 travers le comportement, les centres d&rsquo;int\u00e9r\u00eat et les performances authentiques, plut\u00f4t que par un r\u00e9sultat chiffr\u00e9 \u00e0 un test.  <\/p>\n\n<p>La recherche \u00e9ducative moderne souligne que l&rsquo;intelligence et la cr\u00e9ativit\u00e9 ne sont pas identiques, et que leur relation s&rsquo;affaiblit aux niveaux sup\u00e9rieurs de capacit\u00e9. En fait, la cr\u00e9ativit\u00e9 devient de plus en plus ind\u00e9pendante du QI au-del\u00e0 d&rsquo;un certain seuil. Des traits tels que la flexibilit\u00e9, la fluidit\u00e9 des id\u00e9es, l&rsquo;originalit\u00e9 et la capacit\u00e9 \u00e0 red\u00e9finir les probl\u00e8mes sont des caract\u00e9ristiques de la douance cr\u00e9ative &#8211; des traits souvent n\u00e9glig\u00e9s par les tests d&rsquo;intelligence traditionnels.  <\/p>\n\n<p>Pour v\u00e9ritablement reconna\u00eetre le potentiel de douance, une approche plus large et inclusive est n\u00e9cessaire. Les m\u00e9thodes d&rsquo;observation, les portfolios cr\u00e9atifs, les \u00e9valuations dynamiques et les \u00e9valuations des enseignants sont tous des outils essentiels. L&rsquo;\u00e9valuation dynamique, en particulier, aide \u00e0 mesurer comment un \u00e9l\u00e8ve apprend lorsqu&rsquo;on lui apporte un soutien, plut\u00f4t que ce qu&rsquo;il sait d\u00e9j\u00e0 &#8211; ce qui la rend particuli\u00e8rement utile pour identifier le talent dans des populations diverses ou d\u00e9favoris\u00e9es.  <\/p>\n\n<p>Il est \u00e9galement important de prendre en compte le contexte. Les facteurs sociaux, \u00e9motionnels et <a href=\"https:\/\/gifted-hub.com\/fr\/professionnels\/comprendre-la-douance-et-la-culture\/\">culturels<\/a> peuvent influencer la reconnaissance ou l&rsquo;\u00e9panouissement des capacit\u00e9s d&rsquo;un enfant dou\u00e9. En fait, les \u00e9l\u00e8ves issus de milieux ruraux ou \u00e0 faibles revenus sont souvent sous-identifi\u00e9s, non pas par manque de talent, mais en raison de possibilit\u00e9s moins nombreuses et de biais syst\u00e9miques.  <\/p>\n\n<p>Une question fondamentale que les \u00e9ducateurs devraient se poser est : \u00ab\u00a0Dou\u00e9 pour quoi ?\u00a0\u00bb Les m\u00e9thodes d&rsquo;identification devraient s&rsquo;aligner sur le type de programme ou d&rsquo;enrichissement propos\u00e9, que ce soit en sciences, en arts, en leadership ou en r\u00e9solution de probl\u00e8mes. Cela garantit que les crit\u00e8res de s\u00e9lection sont pertinents et soutiennent le parcours potentiel de chaque \u00e9l\u00e8ve.  <\/p>\n\n<p>De plus, la douance ne devrait pas \u00eatre consid\u00e9r\u00e9e comme statique ou inn\u00e9e. Elle peut \u00e9merger au fil du temps, et l&rsquo;environnement appropri\u00e9 joue un r\u00f4le crucial dans son \u00e9panouissement. C&rsquo;est pourquoi les syst\u00e8mes \u00e9ducatifs s&rsquo;orientent vers des processus d&rsquo;identification plus flexibles, permettant parfois aux \u00e9l\u00e8ves d&rsquo;entrer et de sortir des programmes d&rsquo;enrichissement en fonction de leurs int\u00e9r\u00eats et de leur \u00e9volution.  <\/p>\n\n<p>Enfin, des qualit\u00e9s telles que la motivation, la cr\u00e9ativit\u00e9, les <a href=\"https:\/\/gifted-hub.com\/fr\/famille\/nos-enfants-et-leurs-competences-sociales\/\">comp\u00e9tences sociales<\/a> et le contexte sont tout aussi importantes que les performances cognitives. Les \u00e9l\u00e8ves dou\u00e9s peuvent avoir besoin d&rsquo;un soutien \u00e9motionnel, d&rsquo;un enseignement diff\u00e9renci\u00e9 et d&rsquo;occasions d&rsquo;explorer des id\u00e9es stimulantes &#8211; pas seulement d&rsquo;une acc\u00e9l\u00e9ration ou d&rsquo;un contenu suppl\u00e9mentaire. <\/p>\n\n<p>En allant au-del\u00e0 des tests standardis\u00e9s et en adoptant une perspective plus humaine, dynamique et consciente du contexte, nous pouvons mieux d\u00e9couvrir les talents cach\u00e9s, nourrir diverses formes de brillance et cr\u00e9er des opportunit\u00e9s plus \u00e9quitables et significatives pour les apprenants dou\u00e9s.<\/p>\n","protected":false},"excerpt":{"rendered":"<p>Les tests standardis\u00e9s ont longtemps \u00e9t\u00e9 utilis\u00e9s pour identifier les \u00e9l\u00e8ves dou\u00e9s, mais le fait de se fier uniquement aux r\u00e9sultats des tests ne donne souvent qu&rsquo;une image partielle. La douance est complexe, diverse et fa\u00e7onn\u00e9e par le contexte, les opportunit\u00e9s et le d\u00e9veloppement personnel. De nombreux \u00e9l\u00e8ves \u00e0 haut potentiel peuvent obtenir des r\u00e9sultats [&hellip;]<\/p>\n","protected":false},"author":1,"featured_media":19459,"parent":15625,"menu_order":0,"comment_status":"closed","ping_status":"closed","template":"","meta":{"_acf_changed":false,"inline_featured_image":false,"footnotes":""},"group-interest":[],"class_list":["post-19467","page","type-page","status-publish","has-post-thumbnail","hentry"],"acf":[],"yoast_head":"<!-- This site is optimized with the Yoast SEO plugin v27.4 - https:\/\/yoast.com\/product\/yoast-seo-wordpress\/ -->\n<title>Comment identifier la pr\u00e9cocit\u00e9 intellectuelle au-del\u00e0 des tests standardis\u00e9s - Gifted HUB<\/title>\n<meta name=\"robots\" content=\"index, follow, max-snippet:-1, max-image-preview:large, max-video-preview:-1\" \/>\n<link rel=\"canonical\" href=\"https:\/\/gifted-hub.com\/fr\/enseignants\/comment-identifier-la-precocite-intellectuelle-au-dela-des-tests-standardises\/\" \/>\n<meta property=\"og:locale\" content=\"fr_FR\" \/>\n<meta property=\"og:type\" content=\"article\" \/>\n<meta property=\"og:title\" content=\"Comment identifier la pr\u00e9cocit\u00e9 intellectuelle au-del\u00e0 des tests standardis\u00e9s - Gifted HUB\" \/>\n<meta property=\"og:description\" content=\"Les tests standardis\u00e9s ont longtemps \u00e9t\u00e9 utilis\u00e9s pour identifier les \u00e9l\u00e8ves dou\u00e9s, mais le fait de se fier uniquement aux r\u00e9sultats des tests ne donne souvent qu&rsquo;une image partielle. La douance est complexe, diverse et fa\u00e7onn\u00e9e par le contexte, les opportunit\u00e9s et le d\u00e9veloppement personnel. De nombreux \u00e9l\u00e8ves \u00e0 haut potentiel peuvent obtenir des r\u00e9sultats [&hellip;]\" \/>\n<meta property=\"og:url\" content=\"https:\/\/gifted-hub.com\/fr\/enseignants\/comment-identifier-la-precocite-intellectuelle-au-dela-des-tests-standardises\/\" \/>\n<meta property=\"og:site_name\" content=\"Gifted HUB\" \/>\n<meta property=\"article:modified_time\" content=\"2025-05-06T20:13:21+00:00\" \/>\n<meta property=\"og:image\" content=\"https:\/\/gifted-hub.com\/wp-content\/uploads\/2025\/05\/jexauncfefs.jpg\" \/>\n\t<meta property=\"og:image:width\" content=\"1600\" \/>\n\t<meta property=\"og:image:height\" content=\"1200\" \/>\n\t<meta property=\"og:image:type\" content=\"image\/jpeg\" \/>\n<meta name=\"twitter:card\" content=\"summary_large_image\" \/>\n<meta name=\"twitter:label1\" content=\"Dur\u00e9e de lecture estim\u00e9e\" \/>\n\t<meta name=\"twitter:data1\" content=\"3 minutes\" \/>\n<script type=\"application\/ld+json\" class=\"yoast-schema-graph\">{\"@context\":\"https:\\\/\\\/schema.org\",\"@graph\":[{\"@type\":\"WebPage\",\"@id\":\"https:\\\/\\\/gifted-hub.com\\\/fr\\\/enseignants\\\/comment-identifier-la-precocite-intellectuelle-au-dela-des-tests-standardises\\\/\",\"url\":\"https:\\\/\\\/gifted-hub.com\\\/fr\\\/enseignants\\\/comment-identifier-la-precocite-intellectuelle-au-dela-des-tests-standardises\\\/\",\"name\":\"Comment identifier la pr\u00e9cocit\u00e9 intellectuelle au-del\u00e0 des tests standardis\u00e9s - Gifted HUB\",\"isPartOf\":{\"@id\":\"https:\\\/\\\/gifted-hub.com\\\/fr\\\/#website\"},\"primaryImageOfPage\":{\"@id\":\"https:\\\/\\\/gifted-hub.com\\\/fr\\\/enseignants\\\/comment-identifier-la-precocite-intellectuelle-au-dela-des-tests-standardises\\\/#primaryimage\"},\"image\":{\"@id\":\"https:\\\/\\\/gifted-hub.com\\\/fr\\\/enseignants\\\/comment-identifier-la-precocite-intellectuelle-au-dela-des-tests-standardises\\\/#primaryimage\"},\"thumbnailUrl\":\"https:\\\/\\\/gifted-hub.com\\\/wp-content\\\/uploads\\\/2025\\\/05\\\/jexauncfefs.jpg\",\"datePublished\":\"2025-05-06T20:07:39+00:00\",\"dateModified\":\"2025-05-06T20:13:21+00:00\",\"breadcrumb\":{\"@id\":\"https:\\\/\\\/gifted-hub.com\\\/fr\\\/enseignants\\\/comment-identifier-la-precocite-intellectuelle-au-dela-des-tests-standardises\\\/#breadcrumb\"},\"inLanguage\":\"fr-FR\",\"potentialAction\":[{\"@type\":\"ReadAction\",\"target\":[\"https:\\\/\\\/gifted-hub.com\\\/fr\\\/enseignants\\\/comment-identifier-la-precocite-intellectuelle-au-dela-des-tests-standardises\\\/\"]}]},{\"@type\":\"ImageObject\",\"inLanguage\":\"fr-FR\",\"@id\":\"https:\\\/\\\/gifted-hub.com\\\/fr\\\/enseignants\\\/comment-identifier-la-precocite-intellectuelle-au-dela-des-tests-standardises\\\/#primaryimage\",\"url\":\"https:\\\/\\\/gifted-hub.com\\\/wp-content\\\/uploads\\\/2025\\\/05\\\/jexauncfefs.jpg\",\"contentUrl\":\"https:\\\/\\\/gifted-hub.com\\\/wp-content\\\/uploads\\\/2025\\\/05\\\/jexauncfefs.jpg\",\"width\":1600,\"height\":1200},{\"@type\":\"BreadcrumbList\",\"@id\":\"https:\\\/\\\/gifted-hub.com\\\/fr\\\/enseignants\\\/comment-identifier-la-precocite-intellectuelle-au-dela-des-tests-standardises\\\/#breadcrumb\",\"itemListElement\":[{\"@type\":\"ListItem\",\"position\":1,\"name\":\"Home\",\"item\":\"https:\\\/\\\/gifted-hub.com\\\/fr\\\/accueil\\\/\"},{\"@type\":\"ListItem\",\"position\":2,\"name\":\"Enseignants\",\"item\":\"https:\\\/\\\/gifted-hub.com\\\/fr\\\/enseignants\\\/\"},{\"@type\":\"ListItem\",\"position\":3,\"name\":\"Comment identifier la pr\u00e9cocit\u00e9 intellectuelle au-del\u00e0 des tests standardis\u00e9s\"}]},{\"@type\":\"WebSite\",\"@id\":\"https:\\\/\\\/gifted-hub.com\\\/fr\\\/#website\",\"url\":\"https:\\\/\\\/gifted-hub.com\\\/fr\\\/\",\"name\":\"Gifted HUB\",\"description\":\"Un espace pour les hautes comp\u00e9tences\",\"publisher\":{\"@id\":\"https:\\\/\\\/gifted-hub.com\\\/fr\\\/#organization\"},\"potentialAction\":[{\"@type\":\"SearchAction\",\"target\":{\"@type\":\"EntryPoint\",\"urlTemplate\":\"https:\\\/\\\/gifted-hub.com\\\/fr\\\/?s={search_term_string}\"},\"query-input\":{\"@type\":\"PropertyValueSpecification\",\"valueRequired\":true,\"valueName\":\"search_term_string\"}}],\"inLanguage\":\"fr-FR\"},{\"@type\":\"Organization\",\"@id\":\"https:\\\/\\\/gifted-hub.com\\\/fr\\\/#organization\",\"name\":\"Gifted HUB\",\"url\":\"https:\\\/\\\/gifted-hub.com\\\/fr\\\/\",\"logo\":{\"@type\":\"ImageObject\",\"inLanguage\":\"fr-FR\",\"@id\":\"https:\\\/\\\/gifted-hub.com\\\/fr\\\/#\\\/schema\\\/logo\\\/image\\\/\",\"url\":\"https:\\\/\\\/gifted-hub.com\\\/wp-content\\\/uploads\\\/2024\\\/07\\\/logo-1.svg\",\"contentUrl\":\"https:\\\/\\\/gifted-hub.com\\\/wp-content\\\/uploads\\\/2024\\\/07\\\/logo-1.svg\",\"caption\":\"Gifted HUB\"},\"image\":{\"@id\":\"https:\\\/\\\/gifted-hub.com\\\/fr\\\/#\\\/schema\\\/logo\\\/image\\\/\"}}]}<\/script>\n<!-- \/ Yoast SEO plugin. -->","yoast_head_json":{"title":"Comment identifier la pr\u00e9cocit\u00e9 intellectuelle au-del\u00e0 des tests standardis\u00e9s - Gifted HUB","robots":{"index":"index","follow":"follow","max-snippet":"max-snippet:-1","max-image-preview":"max-image-preview:large","max-video-preview":"max-video-preview:-1"},"canonical":"https:\/\/gifted-hub.com\/fr\/enseignants\/comment-identifier-la-precocite-intellectuelle-au-dela-des-tests-standardises\/","og_locale":"fr_FR","og_type":"article","og_title":"Comment identifier la pr\u00e9cocit\u00e9 intellectuelle au-del\u00e0 des tests standardis\u00e9s - Gifted HUB","og_description":"Les tests standardis\u00e9s ont longtemps \u00e9t\u00e9 utilis\u00e9s pour identifier les \u00e9l\u00e8ves dou\u00e9s, mais le fait de se fier uniquement aux r\u00e9sultats des tests ne donne souvent qu&rsquo;une image partielle. La douance est complexe, diverse et fa\u00e7onn\u00e9e par le contexte, les opportunit\u00e9s et le d\u00e9veloppement personnel. De nombreux \u00e9l\u00e8ves \u00e0 haut potentiel peuvent obtenir des r\u00e9sultats [&hellip;]","og_url":"https:\/\/gifted-hub.com\/fr\/enseignants\/comment-identifier-la-precocite-intellectuelle-au-dela-des-tests-standardises\/","og_site_name":"Gifted HUB","article_modified_time":"2025-05-06T20:13:21+00:00","og_image":[{"width":1600,"height":1200,"url":"https:\/\/gifted-hub.com\/wp-content\/uploads\/2025\/05\/jexauncfefs.jpg","type":"image\/jpeg"}],"twitter_card":"summary_large_image","twitter_misc":{"Dur\u00e9e de lecture estim\u00e9e":"3 minutes"},"schema":{"@context":"https:\/\/schema.org","@graph":[{"@type":"WebPage","@id":"https:\/\/gifted-hub.com\/fr\/enseignants\/comment-identifier-la-precocite-intellectuelle-au-dela-des-tests-standardises\/","url":"https:\/\/gifted-hub.com\/fr\/enseignants\/comment-identifier-la-precocite-intellectuelle-au-dela-des-tests-standardises\/","name":"Comment identifier la pr\u00e9cocit\u00e9 intellectuelle au-del\u00e0 des tests standardis\u00e9s - Gifted HUB","isPartOf":{"@id":"https:\/\/gifted-hub.com\/fr\/#website"},"primaryImageOfPage":{"@id":"https:\/\/gifted-hub.com\/fr\/enseignants\/comment-identifier-la-precocite-intellectuelle-au-dela-des-tests-standardises\/#primaryimage"},"image":{"@id":"https:\/\/gifted-hub.com\/fr\/enseignants\/comment-identifier-la-precocite-intellectuelle-au-dela-des-tests-standardises\/#primaryimage"},"thumbnailUrl":"https:\/\/gifted-hub.com\/wp-content\/uploads\/2025\/05\/jexauncfefs.jpg","datePublished":"2025-05-06T20:07:39+00:00","dateModified":"2025-05-06T20:13:21+00:00","breadcrumb":{"@id":"https:\/\/gifted-hub.com\/fr\/enseignants\/comment-identifier-la-precocite-intellectuelle-au-dela-des-tests-standardises\/#breadcrumb"},"inLanguage":"fr-FR","potentialAction":[{"@type":"ReadAction","target":["https:\/\/gifted-hub.com\/fr\/enseignants\/comment-identifier-la-precocite-intellectuelle-au-dela-des-tests-standardises\/"]}]},{"@type":"ImageObject","inLanguage":"fr-FR","@id":"https:\/\/gifted-hub.com\/fr\/enseignants\/comment-identifier-la-precocite-intellectuelle-au-dela-des-tests-standardises\/#primaryimage","url":"https:\/\/gifted-hub.com\/wp-content\/uploads\/2025\/05\/jexauncfefs.jpg","contentUrl":"https:\/\/gifted-hub.com\/wp-content\/uploads\/2025\/05\/jexauncfefs.jpg","width":1600,"height":1200},{"@type":"BreadcrumbList","@id":"https:\/\/gifted-hub.com\/fr\/enseignants\/comment-identifier-la-precocite-intellectuelle-au-dela-des-tests-standardises\/#breadcrumb","itemListElement":[{"@type":"ListItem","position":1,"name":"Home","item":"https:\/\/gifted-hub.com\/fr\/accueil\/"},{"@type":"ListItem","position":2,"name":"Enseignants","item":"https:\/\/gifted-hub.com\/fr\/enseignants\/"},{"@type":"ListItem","position":3,"name":"Comment identifier la pr\u00e9cocit\u00e9 intellectuelle au-del\u00e0 des tests standardis\u00e9s"}]},{"@type":"WebSite","@id":"https:\/\/gifted-hub.com\/fr\/#website","url":"https:\/\/gifted-hub.com\/fr\/","name":"Gifted HUB","description":"Un espace pour les hautes comp\u00e9tences","publisher":{"@id":"https:\/\/gifted-hub.com\/fr\/#organization"},"potentialAction":[{"@type":"SearchAction","target":{"@type":"EntryPoint","urlTemplate":"https:\/\/gifted-hub.com\/fr\/?s={search_term_string}"},"query-input":{"@type":"PropertyValueSpecification","valueRequired":true,"valueName":"search_term_string"}}],"inLanguage":"fr-FR"},{"@type":"Organization","@id":"https:\/\/gifted-hub.com\/fr\/#organization","name":"Gifted HUB","url":"https:\/\/gifted-hub.com\/fr\/","logo":{"@type":"ImageObject","inLanguage":"fr-FR","@id":"https:\/\/gifted-hub.com\/fr\/#\/schema\/logo\/image\/","url":"https:\/\/gifted-hub.com\/wp-content\/uploads\/2024\/07\/logo-1.svg","contentUrl":"https:\/\/gifted-hub.com\/wp-content\/uploads\/2024\/07\/logo-1.svg","caption":"Gifted HUB"},"image":{"@id":"https:\/\/gifted-hub.com\/fr\/#\/schema\/logo\/image\/"}}]}},"_links":{"self":[{"href":"https:\/\/gifted-hub.com\/fr\/wp-json\/wp\/v2\/pages\/19467","targetHints":{"allow":["GET"]}}],"collection":[{"href":"https:\/\/gifted-hub.com\/fr\/wp-json\/wp\/v2\/pages"}],"about":[{"href":"https:\/\/gifted-hub.com\/fr\/wp-json\/wp\/v2\/types\/page"}],"author":[{"embeddable":true,"href":"https:\/\/gifted-hub.com\/fr\/wp-json\/wp\/v2\/users\/1"}],"replies":[{"embeddable":true,"href":"https:\/\/gifted-hub.com\/fr\/wp-json\/wp\/v2\/comments?post=19467"}],"version-history":[{"count":1,"href":"https:\/\/gifted-hub.com\/fr\/wp-json\/wp\/v2\/pages\/19467\/revisions"}],"predecessor-version":[{"id":19468,"href":"https:\/\/gifted-hub.com\/fr\/wp-json\/wp\/v2\/pages\/19467\/revisions\/19468"}],"up":[{"embeddable":true,"href":"https:\/\/gifted-hub.com\/fr\/wp-json\/wp\/v2\/pages\/15625"}],"wp:featuredmedia":[{"embeddable":true,"href":"https:\/\/gifted-hub.com\/fr\/wp-json\/wp\/v2\/media\/19459"}],"wp:attachment":[{"href":"https:\/\/gifted-hub.com\/fr\/wp-json\/wp\/v2\/media?parent=19467"}],"wp:term":[{"taxonomy":"group-interest","embeddable":true,"href":"https:\/\/gifted-hub.com\/fr\/wp-json\/wp\/v2\/group-interest?post=19467"}],"curies":[{"name":"wp","href":"https:\/\/api.w.org\/{rel}","templated":true}]}}