{"id":19448,"date":"2025-04-25T22:09:27","date_gmt":"2025-04-25T22:09:27","guid":{"rendered":"https:\/\/gifted-hub.com\/professionnels\/douance-et-personnalite-existe-t-il-un-profil-commun\/"},"modified":"2025-04-25T22:19:23","modified_gmt":"2025-04-25T22:19:23","slug":"douance-et-personnalite-existe-t-il-un-profil-commun","status":"publish","type":"page","link":"https:\/\/gifted-hub.com\/fr\/professionnels\/douance-et-personnalite-existe-t-il-un-profil-commun\/","title":{"rendered":"Douance et personnalit\u00e9 : existe-t-il un profil commun ?"},"content":{"rendered":"\n<p>Les individus dou\u00e9s manifestent souvent des sch\u00e9mas particuliers dans leur perception du monde et leur prise de d\u00e9cision. Bien que chaque personne soit unique, certains styles communs apparaissent parmi ceux dot\u00e9s de hautes capacit\u00e9s, fa\u00e7onn\u00e9s par leur mani\u00e8re d&rsquo;assimiler l&rsquo;information et de l&rsquo;\u00e9valuer. <\/p>\n\n<p>Certaines personnes dou\u00e9es pr\u00e9f\u00e8rent percevoir le monde \u00e0 travers leurs sens et prendre des d\u00e9cisions bas\u00e9es sur une r\u00e9flexion logique. Elles sont pragmatiques, r\u00e9alistes et se concentrent sur les faits. Elles appr\u00e9cient de travailler sur des probl\u00e8mes concrets, d&rsquo;organiser l&rsquo;information de mani\u00e8re claire et de trouver des solutions efficaces. Leur force r\u00e9side dans leur capacit\u00e9 \u00e0 traiter des r\u00e9alit\u00e9s tangibles en utilisant une analyse minutieuse et un raisonnement structur\u00e9.   <\/p>\n\n<p>D&rsquo;autres s&rsquo;appuient \u00e9galement sur leurs sens mais pr\u00e9f\u00e8rent prendre des d\u00e9cisions bas\u00e9es sur des valeurs personnelles et des \u00e9motions. Ces individus sont chaleureux, amicaux et attentifs aux sentiments et aux besoins des autres. On les trouve souvent utilisant leurs talents dans des professions d&rsquo;aide, l&rsquo;\u00e9ducation ou des activit\u00e9s communautaires, apportant une touche humaine et de l&#8217;empathie \u00e0 tout ce qu&rsquo;ils entreprennent.  <\/p>\n\n<p>Certaines personnes dou\u00e9es per\u00e7oivent le monde principalement par l&rsquo;intuition et prennent des d\u00e9cisions guid\u00e9es par leurs sentiments. Elles sont profond\u00e9ment imaginatives, \u00e9motionnellement riches et attir\u00e9es par les nouvelles id\u00e9es et possibilit\u00e9s. Elles sont souvent passionn\u00e9es par l&rsquo;aide \u00e0 l&rsquo;\u00e9panouissement d&rsquo;autrui, la recherche d&rsquo;un sens plus profond \u00e0 la vie et l&rsquo;expression de leur cr\u00e9ativit\u00e9. Elles valorisent l&rsquo;authenticit\u00e9, l&rsquo;inspiration et la connexion humaine.   <\/p>\n\n<p>Enfin, il y a ceux qui combinent intuition et r\u00e9flexion logique. Ils sont strat\u00e9giques, innovants et adorent r\u00e9soudre des probl\u00e8mes complexes. Ils sont attir\u00e9s par les id\u00e9es abstraites, les th\u00e9ories et les syst\u00e8mes. Leur esprit se concentre sur la compr\u00e9hension du fonctionnement des choses et l&rsquo;imagination de nouvelles possibilit\u00e9s. Ils sont souvent \u00e0 l&rsquo;origine d&rsquo;avanc\u00e9es scientifiques, technologiques ou conceptuelles qui fa\u00e7onnent l&rsquo;avenir.    <\/p>\n\n<p>Bien qu&rsquo;aucun profil de personnalit\u00e9 unique ne d\u00e9finisse tous les individus dou\u00e9s, beaucoup partagent ces sch\u00e9mas : un fort sens des possibilit\u00e9s, une passion pour la v\u00e9rit\u00e9 ou l&rsquo;\u00e9quit\u00e9, un besoin de connexion profonde, ou une volont\u00e9 de cr\u00e9er et d&rsquo;innover. La douance ne concerne pas seulement l&rsquo;intelligence ; il s&rsquo;agit de voir, ressentir et penser diff\u00e9remment \u2014 avec plus de profondeur, de curiosit\u00e9 et de sens. <\/p>\n\n<p>Reconna\u00eetre ces traits nous aide \u00e0 appr\u00e9cier la belle diversit\u00e9 au sein de la communaut\u00e9 des personnes dou\u00e9es et \u00e0 soutenir chaque individu dans l&rsquo;accomplissement de son potentiel unique.<\/p>\n","protected":false},"excerpt":{"rendered":"<p>Les individus dou\u00e9s manifestent souvent des sch\u00e9mas particuliers dans leur perception du monde et leur prise de d\u00e9cision. Bien que chaque personne soit unique, certains styles communs apparaissent parmi ceux dot\u00e9s de hautes capacit\u00e9s, fa\u00e7onn\u00e9s par leur mani\u00e8re d&rsquo;assimiler l&rsquo;information et de l&rsquo;\u00e9valuer. Certaines personnes dou\u00e9es pr\u00e9f\u00e8rent percevoir le monde \u00e0 travers leurs sens et [&hellip;]<\/p>\n","protected":false},"author":1,"featured_media":19405,"parent":15737,"menu_order":0,"comment_status":"closed","ping_status":"closed","template":"","meta":{"_acf_changed":false,"inline_featured_image":false,"footnotes":""},"group-interest":[],"class_list":["post-19448","page","type-page","status-publish","has-post-thumbnail","hentry"],"acf":[],"yoast_head":"<!-- This site is optimized with the Yoast SEO plugin v27.4 - https:\/\/yoast.com\/product\/yoast-seo-wordpress\/ -->\n<title>Douance et personnalit\u00e9 : existe-t-il un profil commun ? - Gifted HUB<\/title>\n<meta name=\"robots\" content=\"index, follow, max-snippet:-1, max-image-preview:large, max-video-preview:-1\" \/>\n<link rel=\"canonical\" href=\"https:\/\/gifted-hub.com\/fr\/professionnels\/douance-et-personnalite-existe-t-il-un-profil-commun\/\" \/>\n<meta property=\"og:locale\" content=\"fr_FR\" \/>\n<meta property=\"og:type\" content=\"article\" \/>\n<meta property=\"og:title\" content=\"Douance et personnalit\u00e9 : existe-t-il un profil commun ? - Gifted HUB\" \/>\n<meta property=\"og:description\" content=\"Les individus dou\u00e9s manifestent souvent des sch\u00e9mas particuliers dans leur perception du monde et leur prise de d\u00e9cision. Bien que chaque personne soit unique, certains styles communs apparaissent parmi ceux dot\u00e9s de hautes capacit\u00e9s, fa\u00e7onn\u00e9s par leur mani\u00e8re d&rsquo;assimiler l&rsquo;information et de l&rsquo;\u00e9valuer. Certaines personnes dou\u00e9es pr\u00e9f\u00e8rent percevoir le monde \u00e0 travers leurs sens et [&hellip;]\" \/>\n<meta property=\"og:url\" content=\"https:\/\/gifted-hub.com\/fr\/professionnels\/douance-et-personnalite-existe-t-il-un-profil-commun\/\" \/>\n<meta property=\"og:site_name\" content=\"Gifted HUB\" \/>\n<meta property=\"article:modified_time\" content=\"2025-04-25T22:19:23+00:00\" \/>\n<meta property=\"og:image\" content=\"https:\/\/gifted-hub.com\/wp-content\/uploads\/2025\/04\/personalities-683x1024.png\" \/>\n\t<meta property=\"og:image:width\" content=\"683\" \/>\n\t<meta property=\"og:image:height\" content=\"1024\" \/>\n\t<meta property=\"og:image:type\" content=\"image\/png\" \/>\n<meta name=\"twitter:card\" content=\"summary_large_image\" \/>\n<meta name=\"twitter:label1\" content=\"Dur\u00e9e de lecture estim\u00e9e\" \/>\n\t<meta name=\"twitter:data1\" content=\"2 minutes\" \/>\n<script type=\"application\/ld+json\" class=\"yoast-schema-graph\">{\"@context\":\"https:\\\/\\\/schema.org\",\"@graph\":[{\"@type\":\"WebPage\",\"@id\":\"https:\\\/\\\/gifted-hub.com\\\/fr\\\/professionnels\\\/douance-et-personnalite-existe-t-il-un-profil-commun\\\/\",\"url\":\"https:\\\/\\\/gifted-hub.com\\\/fr\\\/professionnels\\\/douance-et-personnalite-existe-t-il-un-profil-commun\\\/\",\"name\":\"Douance et personnalit\u00e9 : existe-t-il un profil commun ? - Gifted HUB\",\"isPartOf\":{\"@id\":\"https:\\\/\\\/gifted-hub.com\\\/fr\\\/#website\"},\"primaryImageOfPage\":{\"@id\":\"https:\\\/\\\/gifted-hub.com\\\/fr\\\/professionnels\\\/douance-et-personnalite-existe-t-il-un-profil-commun\\\/#primaryimage\"},\"image\":{\"@id\":\"https:\\\/\\\/gifted-hub.com\\\/fr\\\/professionnels\\\/douance-et-personnalite-existe-t-il-un-profil-commun\\\/#primaryimage\"},\"thumbnailUrl\":\"https:\\\/\\\/gifted-hub.com\\\/wp-content\\\/uploads\\\/2025\\\/04\\\/personalities.png\",\"datePublished\":\"2025-04-25T22:09:27+00:00\",\"dateModified\":\"2025-04-25T22:19:23+00:00\",\"breadcrumb\":{\"@id\":\"https:\\\/\\\/gifted-hub.com\\\/fr\\\/professionnels\\\/douance-et-personnalite-existe-t-il-un-profil-commun\\\/#breadcrumb\"},\"inLanguage\":\"fr-FR\",\"potentialAction\":[{\"@type\":\"ReadAction\",\"target\":[\"https:\\\/\\\/gifted-hub.com\\\/fr\\\/professionnels\\\/douance-et-personnalite-existe-t-il-un-profil-commun\\\/\"]}]},{\"@type\":\"ImageObject\",\"inLanguage\":\"fr-FR\",\"@id\":\"https:\\\/\\\/gifted-hub.com\\\/fr\\\/professionnels\\\/douance-et-personnalite-existe-t-il-un-profil-commun\\\/#primaryimage\",\"url\":\"https:\\\/\\\/gifted-hub.com\\\/wp-content\\\/uploads\\\/2025\\\/04\\\/personalities.png\",\"contentUrl\":\"https:\\\/\\\/gifted-hub.com\\\/wp-content\\\/uploads\\\/2025\\\/04\\\/personalities.png\",\"width\":1024,\"height\":1536},{\"@type\":\"BreadcrumbList\",\"@id\":\"https:\\\/\\\/gifted-hub.com\\\/fr\\\/professionnels\\\/douance-et-personnalite-existe-t-il-un-profil-commun\\\/#breadcrumb\",\"itemListElement\":[{\"@type\":\"ListItem\",\"position\":1,\"name\":\"Home\",\"item\":\"https:\\\/\\\/gifted-hub.com\\\/fr\\\/accueil\\\/\"},{\"@type\":\"ListItem\",\"position\":2,\"name\":\"Professionnels\",\"item\":\"https:\\\/\\\/gifted-hub.com\\\/fr\\\/professionnels\\\/\"},{\"@type\":\"ListItem\",\"position\":3,\"name\":\"Douance et personnalit\u00e9 : existe-t-il un profil commun ?\"}]},{\"@type\":\"WebSite\",\"@id\":\"https:\\\/\\\/gifted-hub.com\\\/fr\\\/#website\",\"url\":\"https:\\\/\\\/gifted-hub.com\\\/fr\\\/\",\"name\":\"Gifted HUB\",\"description\":\"Un espace pour les hautes comp\u00e9tences\",\"publisher\":{\"@id\":\"https:\\\/\\\/gifted-hub.com\\\/fr\\\/#organization\"},\"potentialAction\":[{\"@type\":\"SearchAction\",\"target\":{\"@type\":\"EntryPoint\",\"urlTemplate\":\"https:\\\/\\\/gifted-hub.com\\\/fr\\\/?s={search_term_string}\"},\"query-input\":{\"@type\":\"PropertyValueSpecification\",\"valueRequired\":true,\"valueName\":\"search_term_string\"}}],\"inLanguage\":\"fr-FR\"},{\"@type\":\"Organization\",\"@id\":\"https:\\\/\\\/gifted-hub.com\\\/fr\\\/#organization\",\"name\":\"Gifted HUB\",\"url\":\"https:\\\/\\\/gifted-hub.com\\\/fr\\\/\",\"logo\":{\"@type\":\"ImageObject\",\"inLanguage\":\"fr-FR\",\"@id\":\"https:\\\/\\\/gifted-hub.com\\\/fr\\\/#\\\/schema\\\/logo\\\/image\\\/\",\"url\":\"https:\\\/\\\/gifted-hub.com\\\/wp-content\\\/uploads\\\/2024\\\/07\\\/logo-1.svg\",\"contentUrl\":\"https:\\\/\\\/gifted-hub.com\\\/wp-content\\\/uploads\\\/2024\\\/07\\\/logo-1.svg\",\"caption\":\"Gifted HUB\"},\"image\":{\"@id\":\"https:\\\/\\\/gifted-hub.com\\\/fr\\\/#\\\/schema\\\/logo\\\/image\\\/\"}}]}<\/script>\n<!-- \/ Yoast SEO plugin. -->","yoast_head_json":{"title":"Douance et personnalit\u00e9 : existe-t-il un profil commun ? - Gifted HUB","robots":{"index":"index","follow":"follow","max-snippet":"max-snippet:-1","max-image-preview":"max-image-preview:large","max-video-preview":"max-video-preview:-1"},"canonical":"https:\/\/gifted-hub.com\/fr\/professionnels\/douance-et-personnalite-existe-t-il-un-profil-commun\/","og_locale":"fr_FR","og_type":"article","og_title":"Douance et personnalit\u00e9 : existe-t-il un profil commun ? - Gifted HUB","og_description":"Les individus dou\u00e9s manifestent souvent des sch\u00e9mas particuliers dans leur perception du monde et leur prise de d\u00e9cision. Bien que chaque personne soit unique, certains styles communs apparaissent parmi ceux dot\u00e9s de hautes capacit\u00e9s, fa\u00e7onn\u00e9s par leur mani\u00e8re d&rsquo;assimiler l&rsquo;information et de l&rsquo;\u00e9valuer. Certaines personnes dou\u00e9es pr\u00e9f\u00e8rent percevoir le monde \u00e0 travers leurs sens et [&hellip;]","og_url":"https:\/\/gifted-hub.com\/fr\/professionnels\/douance-et-personnalite-existe-t-il-un-profil-commun\/","og_site_name":"Gifted HUB","article_modified_time":"2025-04-25T22:19:23+00:00","og_image":[{"width":683,"height":1024,"url":"https:\/\/gifted-hub.com\/wp-content\/uploads\/2025\/04\/personalities-683x1024.png","type":"image\/png"}],"twitter_card":"summary_large_image","twitter_misc":{"Dur\u00e9e de lecture estim\u00e9e":"2 minutes"},"schema":{"@context":"https:\/\/schema.org","@graph":[{"@type":"WebPage","@id":"https:\/\/gifted-hub.com\/fr\/professionnels\/douance-et-personnalite-existe-t-il-un-profil-commun\/","url":"https:\/\/gifted-hub.com\/fr\/professionnels\/douance-et-personnalite-existe-t-il-un-profil-commun\/","name":"Douance et personnalit\u00e9 : existe-t-il un profil commun ? - Gifted HUB","isPartOf":{"@id":"https:\/\/gifted-hub.com\/fr\/#website"},"primaryImageOfPage":{"@id":"https:\/\/gifted-hub.com\/fr\/professionnels\/douance-et-personnalite-existe-t-il-un-profil-commun\/#primaryimage"},"image":{"@id":"https:\/\/gifted-hub.com\/fr\/professionnels\/douance-et-personnalite-existe-t-il-un-profil-commun\/#primaryimage"},"thumbnailUrl":"https:\/\/gifted-hub.com\/wp-content\/uploads\/2025\/04\/personalities.png","datePublished":"2025-04-25T22:09:27+00:00","dateModified":"2025-04-25T22:19:23+00:00","breadcrumb":{"@id":"https:\/\/gifted-hub.com\/fr\/professionnels\/douance-et-personnalite-existe-t-il-un-profil-commun\/#breadcrumb"},"inLanguage":"fr-FR","potentialAction":[{"@type":"ReadAction","target":["https:\/\/gifted-hub.com\/fr\/professionnels\/douance-et-personnalite-existe-t-il-un-profil-commun\/"]}]},{"@type":"ImageObject","inLanguage":"fr-FR","@id":"https:\/\/gifted-hub.com\/fr\/professionnels\/douance-et-personnalite-existe-t-il-un-profil-commun\/#primaryimage","url":"https:\/\/gifted-hub.com\/wp-content\/uploads\/2025\/04\/personalities.png","contentUrl":"https:\/\/gifted-hub.com\/wp-content\/uploads\/2025\/04\/personalities.png","width":1024,"height":1536},{"@type":"BreadcrumbList","@id":"https:\/\/gifted-hub.com\/fr\/professionnels\/douance-et-personnalite-existe-t-il-un-profil-commun\/#breadcrumb","itemListElement":[{"@type":"ListItem","position":1,"name":"Home","item":"https:\/\/gifted-hub.com\/fr\/accueil\/"},{"@type":"ListItem","position":2,"name":"Professionnels","item":"https:\/\/gifted-hub.com\/fr\/professionnels\/"},{"@type":"ListItem","position":3,"name":"Douance et personnalit\u00e9 : existe-t-il un profil commun ?"}]},{"@type":"WebSite","@id":"https:\/\/gifted-hub.com\/fr\/#website","url":"https:\/\/gifted-hub.com\/fr\/","name":"Gifted HUB","description":"Un espace pour les hautes comp\u00e9tences","publisher":{"@id":"https:\/\/gifted-hub.com\/fr\/#organization"},"potentialAction":[{"@type":"SearchAction","target":{"@type":"EntryPoint","urlTemplate":"https:\/\/gifted-hub.com\/fr\/?s={search_term_string}"},"query-input":{"@type":"PropertyValueSpecification","valueRequired":true,"valueName":"search_term_string"}}],"inLanguage":"fr-FR"},{"@type":"Organization","@id":"https:\/\/gifted-hub.com\/fr\/#organization","name":"Gifted HUB","url":"https:\/\/gifted-hub.com\/fr\/","logo":{"@type":"ImageObject","inLanguage":"fr-FR","@id":"https:\/\/gifted-hub.com\/fr\/#\/schema\/logo\/image\/","url":"https:\/\/gifted-hub.com\/wp-content\/uploads\/2024\/07\/logo-1.svg","contentUrl":"https:\/\/gifted-hub.com\/wp-content\/uploads\/2024\/07\/logo-1.svg","caption":"Gifted HUB"},"image":{"@id":"https:\/\/gifted-hub.com\/fr\/#\/schema\/logo\/image\/"}}]}},"_links":{"self":[{"href":"https:\/\/gifted-hub.com\/fr\/wp-json\/wp\/v2\/pages\/19448","targetHints":{"allow":["GET"]}}],"collection":[{"href":"https:\/\/gifted-hub.com\/fr\/wp-json\/wp\/v2\/pages"}],"about":[{"href":"https:\/\/gifted-hub.com\/fr\/wp-json\/wp\/v2\/types\/page"}],"author":[{"embeddable":true,"href":"https:\/\/gifted-hub.com\/fr\/wp-json\/wp\/v2\/users\/1"}],"replies":[{"embeddable":true,"href":"https:\/\/gifted-hub.com\/fr\/wp-json\/wp\/v2\/comments?post=19448"}],"version-history":[{"count":1,"href":"https:\/\/gifted-hub.com\/fr\/wp-json\/wp\/v2\/pages\/19448\/revisions"}],"predecessor-version":[{"id":19449,"href":"https:\/\/gifted-hub.com\/fr\/wp-json\/wp\/v2\/pages\/19448\/revisions\/19449"}],"up":[{"embeddable":true,"href":"https:\/\/gifted-hub.com\/fr\/wp-json\/wp\/v2\/pages\/15737"}],"wp:featuredmedia":[{"embeddable":true,"href":"https:\/\/gifted-hub.com\/fr\/wp-json\/wp\/v2\/media\/19405"}],"wp:attachment":[{"href":"https:\/\/gifted-hub.com\/fr\/wp-json\/wp\/v2\/media?parent=19448"}],"wp:term":[{"taxonomy":"group-interest","embeddable":true,"href":"https:\/\/gifted-hub.com\/fr\/wp-json\/wp\/v2\/group-interest?post=19448"}],"curies":[{"name":"wp","href":"https:\/\/api.w.org\/{rel}","templated":true}]}}