{"id":19294,"date":"2025-03-17T18:45:47","date_gmt":"2025-03-17T18:45:47","guid":{"rendered":"https:\/\/gifted-hub.com\/famille\/freres-et-soeurs-surdoues-rivalite-cooperation-et-defis-uniques\/"},"modified":"2025-03-17T18:47:45","modified_gmt":"2025-03-17T18:47:45","slug":"freres-et-soeurs-surdoues-rivalite-cooperation-et-defis-uniques","status":"publish","type":"page","link":"https:\/\/gifted-hub.com\/fr\/famille\/freres-et-soeurs-surdoues-rivalite-cooperation-et-defis-uniques\/","title":{"rendered":"Fr\u00e8res et s\u0153urs surdou\u00e9s : Rivalit\u00e9, coop\u00e9ration et d\u00e9fis uniques"},"content":{"rendered":"\n<p>Grandir avec un fr\u00e8re ou une s\u0153ur surdou\u00e9(e) peut \u00eatre une exp\u00e9rience unique, pleine d&rsquo;\u00e9motions intenses, de liens profonds et, parfois, de luttes difficiles. Dans les familles o\u00f9 plusieurs enfants sont surdou\u00e9s, les diff\u00e9rences de comp\u00e9tences, d&rsquo;int\u00e9r\u00eats et de niveaux de r\u00e9ussite peuvent fa\u00e7onner les relations entre fr\u00e8res et s\u0153urs de mani\u00e8re inattendue. <\/p>\n\n<p>Certains fr\u00e8res et s\u0153urs surdou\u00e9s se retrouvent pris dans un cycle de comparaison. Lorsqu&rsquo;un enfant excelle dans un domaine particulier, l&rsquo;autre peut se sentir \u00e9clips\u00e9, ce qui entra\u00eene des sentiments de jalousie ou de ressentiment. Les parents peuvent essayer de minimiser ces diff\u00e9rences, mais les enfants les reconnaissent instinctivement. Au lieu de nier la r\u00e9alit\u00e9, reconna\u00eetre les points forts de chaque enfant et l&rsquo;aider \u00e0 d\u00e9velopper sa propre identit\u00e9 peut apaiser ces tensions.   <\/p>\n\n<p>Pourtant, la rivalit\u00e9 n&rsquo;est qu&rsquo;une partie de l&rsquo;histoire. De nombreux fr\u00e8res et s\u0153urs surdou\u00e9s tissent des liens solides, se soutenant et se stimulant mutuellement de mani\u00e8re \u00e0 favoriser leur croissance. Lorsqu&rsquo;ils partagent des int\u00e9r\u00eats intellectuels, ils peuvent s&rsquo;inspirer mutuellement et s&rsquo;engager dans des conversations int\u00e9ressantes que d&rsquo;autres pourraient ne pas comprendre. Un environnement familial qui encourage la coop\u00e9ration plut\u00f4t que la comp\u00e9tition aide les fr\u00e8res et s\u0153urs surdou\u00e9s \u00e0 devenir les alli\u00e9s les uns des autres plut\u00f4t que des rivaux.   <\/p>\n\n<p>Cependant, les fr\u00e8res et s\u0153urs surdou\u00e9s sont \u00e9galement confront\u00e9s \u00e0 des d\u00e9fis uniques. L&rsquo;enfant per\u00e7u comme \u00ab\u00a0plus dou\u00e9\u00a0\u00bb peut involontairement devenir le centre d&rsquo;attention, laissant l&rsquo;autre se sentir n\u00e9glig\u00e9. Dans certaines familles, des r\u00f4les rigides peuvent \u00e9merger &#8211; \u00ab\u00a0l&rsquo;intelligent\u00a0\u00bb, \u00ab\u00a0l&rsquo;amusant\u00a0\u00bb ou \u00ab\u00a0le sportif\u00a0\u00bb &#8211; ce qui peut limiter le d\u00e9veloppement personnel. Les attentes \u00e9lev\u00e9es peuvent cr\u00e9er une pression qui conduit au perfectionnisme et \u00e0 l&rsquo;anxi\u00e9t\u00e9, en particulier lorsque l&rsquo;un des fr\u00e8res et s\u0153urs a l&rsquo;impression de ne jamais \u00eatre \u00e0 la hauteur.   <\/p>\n\n<p>La cl\u00e9 pour les parents est de favoriser un environnement o\u00f9 chaque enfant est valoris\u00e9 pour son individualit\u00e9, et pas seulement pour ses r\u00e9alisations. En encourageant l&rsquo;expression de soi, en validant les \u00e9motions et en donnant \u00e0 chaque enfant la possibilit\u00e9 de briller \u00e0 sa mani\u00e8re, les familles peuvent faire des relations entre fr\u00e8res et s\u0153urs une source de soutien plut\u00f4t que de rivalit\u00e9. <\/p>\n","protected":false},"excerpt":{"rendered":"<p>Grandir avec un fr\u00e8re ou une s\u0153ur surdou\u00e9(e) peut \u00eatre une exp\u00e9rience unique, pleine d&rsquo;\u00e9motions intenses, de liens profonds et, parfois, de luttes difficiles. Dans les familles o\u00f9 plusieurs enfants sont surdou\u00e9s, les diff\u00e9rences de comp\u00e9tences, d&rsquo;int\u00e9r\u00eats et de niveaux de r\u00e9ussite peuvent fa\u00e7onner les relations entre fr\u00e8res et s\u0153urs de mani\u00e8re inattendue. Certains fr\u00e8res [&hellip;]<\/p>\n","protected":false},"author":1,"featured_media":19268,"parent":15570,"menu_order":0,"comment_status":"closed","ping_status":"closed","template":"","meta":{"_acf_changed":false,"inline_featured_image":false,"footnotes":""},"group-interest":[],"class_list":["post-19294","page","type-page","status-publish","has-post-thumbnail","hentry"],"acf":[],"yoast_head":"<!-- This site is optimized with the Yoast SEO plugin v27.4 - https:\/\/yoast.com\/product\/yoast-seo-wordpress\/ -->\n<title>Fr\u00e8res et s\u0153urs surdou\u00e9s : Rivalit\u00e9, coop\u00e9ration et d\u00e9fis uniques - Gifted HUB<\/title>\n<meta name=\"robots\" content=\"index, follow, max-snippet:-1, max-image-preview:large, max-video-preview:-1\" \/>\n<link rel=\"canonical\" href=\"https:\/\/gifted-hub.com\/fr\/famille\/freres-et-soeurs-surdoues-rivalite-cooperation-et-defis-uniques\/\" \/>\n<meta property=\"og:locale\" content=\"fr_FR\" \/>\n<meta property=\"og:type\" content=\"article\" \/>\n<meta property=\"og:title\" content=\"Fr\u00e8res et s\u0153urs surdou\u00e9s : Rivalit\u00e9, coop\u00e9ration et d\u00e9fis uniques - Gifted HUB\" \/>\n<meta property=\"og:description\" content=\"Grandir avec un fr\u00e8re ou une s\u0153ur surdou\u00e9(e) peut \u00eatre une exp\u00e9rience unique, pleine d&rsquo;\u00e9motions intenses, de liens profonds et, parfois, de luttes difficiles. Dans les familles o\u00f9 plusieurs enfants sont surdou\u00e9s, les diff\u00e9rences de comp\u00e9tences, d&rsquo;int\u00e9r\u00eats et de niveaux de r\u00e9ussite peuvent fa\u00e7onner les relations entre fr\u00e8res et s\u0153urs de mani\u00e8re inattendue. Certains fr\u00e8res [&hellip;]\" \/>\n<meta property=\"og:url\" content=\"https:\/\/gifted-hub.com\/fr\/famille\/freres-et-soeurs-surdoues-rivalite-cooperation-et-defis-uniques\/\" \/>\n<meta property=\"og:site_name\" content=\"Gifted HUB\" \/>\n<meta property=\"article:modified_time\" content=\"2025-03-17T18:47:45+00:00\" \/>\n<meta property=\"og:image\" content=\"https:\/\/gifted-hub.com\/wp-content\/uploads\/2025\/03\/7f_gsuxmioq-e1742235337419.jpg\" \/>\n\t<meta property=\"og:image:width\" content=\"1600\" \/>\n\t<meta property=\"og:image:height\" content=\"1067\" \/>\n\t<meta property=\"og:image:type\" content=\"image\/jpeg\" \/>\n<meta name=\"twitter:card\" content=\"summary_large_image\" \/>\n<meta name=\"twitter:label1\" content=\"Dur\u00e9e de lecture estim\u00e9e\" \/>\n\t<meta name=\"twitter:data1\" content=\"2 minutes\" \/>\n<script type=\"application\/ld+json\" class=\"yoast-schema-graph\">{\"@context\":\"https:\\\/\\\/schema.org\",\"@graph\":[{\"@type\":\"WebPage\",\"@id\":\"https:\\\/\\\/gifted-hub.com\\\/fr\\\/famille\\\/freres-et-soeurs-surdoues-rivalite-cooperation-et-defis-uniques\\\/\",\"url\":\"https:\\\/\\\/gifted-hub.com\\\/fr\\\/famille\\\/freres-et-soeurs-surdoues-rivalite-cooperation-et-defis-uniques\\\/\",\"name\":\"Fr\u00e8res et s\u0153urs surdou\u00e9s : Rivalit\u00e9, coop\u00e9ration et d\u00e9fis uniques - Gifted HUB\",\"isPartOf\":{\"@id\":\"https:\\\/\\\/gifted-hub.com\\\/fr\\\/#website\"},\"primaryImageOfPage\":{\"@id\":\"https:\\\/\\\/gifted-hub.com\\\/fr\\\/famille\\\/freres-et-soeurs-surdoues-rivalite-cooperation-et-defis-uniques\\\/#primaryimage\"},\"image\":{\"@id\":\"https:\\\/\\\/gifted-hub.com\\\/fr\\\/famille\\\/freres-et-soeurs-surdoues-rivalite-cooperation-et-defis-uniques\\\/#primaryimage\"},\"thumbnailUrl\":\"https:\\\/\\\/gifted-hub.com\\\/wp-content\\\/uploads\\\/2025\\\/03\\\/7f_gsuxmioq-e1742235337419.jpg\",\"datePublished\":\"2025-03-17T18:45:47+00:00\",\"dateModified\":\"2025-03-17T18:47:45+00:00\",\"breadcrumb\":{\"@id\":\"https:\\\/\\\/gifted-hub.com\\\/fr\\\/famille\\\/freres-et-soeurs-surdoues-rivalite-cooperation-et-defis-uniques\\\/#breadcrumb\"},\"inLanguage\":\"fr-FR\",\"potentialAction\":[{\"@type\":\"ReadAction\",\"target\":[\"https:\\\/\\\/gifted-hub.com\\\/fr\\\/famille\\\/freres-et-soeurs-surdoues-rivalite-cooperation-et-defis-uniques\\\/\"]}]},{\"@type\":\"ImageObject\",\"inLanguage\":\"fr-FR\",\"@id\":\"https:\\\/\\\/gifted-hub.com\\\/fr\\\/famille\\\/freres-et-soeurs-surdoues-rivalite-cooperation-et-defis-uniques\\\/#primaryimage\",\"url\":\"https:\\\/\\\/gifted-hub.com\\\/wp-content\\\/uploads\\\/2025\\\/03\\\/7f_gsuxmioq-e1742235337419.jpg\",\"contentUrl\":\"https:\\\/\\\/gifted-hub.com\\\/wp-content\\\/uploads\\\/2025\\\/03\\\/7f_gsuxmioq-e1742235337419.jpg\",\"width\":1600,\"height\":1067},{\"@type\":\"BreadcrumbList\",\"@id\":\"https:\\\/\\\/gifted-hub.com\\\/fr\\\/famille\\\/freres-et-soeurs-surdoues-rivalite-cooperation-et-defis-uniques\\\/#breadcrumb\",\"itemListElement\":[{\"@type\":\"ListItem\",\"position\":1,\"name\":\"Home\",\"item\":\"https:\\\/\\\/gifted-hub.com\\\/fr\\\/accueil\\\/\"},{\"@type\":\"ListItem\",\"position\":2,\"name\":\"Famille\",\"item\":\"https:\\\/\\\/gifted-hub.com\\\/fr\\\/famille\\\/\"},{\"@type\":\"ListItem\",\"position\":3,\"name\":\"Fr\u00e8res et s\u0153urs surdou\u00e9s : Rivalit\u00e9, coop\u00e9ration et d\u00e9fis uniques\"}]},{\"@type\":\"WebSite\",\"@id\":\"https:\\\/\\\/gifted-hub.com\\\/fr\\\/#website\",\"url\":\"https:\\\/\\\/gifted-hub.com\\\/fr\\\/\",\"name\":\"Gifted HUB\",\"description\":\"Un espace pour les hautes comp\u00e9tences\",\"publisher\":{\"@id\":\"https:\\\/\\\/gifted-hub.com\\\/fr\\\/#organization\"},\"potentialAction\":[{\"@type\":\"SearchAction\",\"target\":{\"@type\":\"EntryPoint\",\"urlTemplate\":\"https:\\\/\\\/gifted-hub.com\\\/fr\\\/?s={search_term_string}\"},\"query-input\":{\"@type\":\"PropertyValueSpecification\",\"valueRequired\":true,\"valueName\":\"search_term_string\"}}],\"inLanguage\":\"fr-FR\"},{\"@type\":\"Organization\",\"@id\":\"https:\\\/\\\/gifted-hub.com\\\/fr\\\/#organization\",\"name\":\"Gifted HUB\",\"url\":\"https:\\\/\\\/gifted-hub.com\\\/fr\\\/\",\"logo\":{\"@type\":\"ImageObject\",\"inLanguage\":\"fr-FR\",\"@id\":\"https:\\\/\\\/gifted-hub.com\\\/fr\\\/#\\\/schema\\\/logo\\\/image\\\/\",\"url\":\"https:\\\/\\\/gifted-hub.com\\\/wp-content\\\/uploads\\\/2024\\\/07\\\/logo-1.svg\",\"contentUrl\":\"https:\\\/\\\/gifted-hub.com\\\/wp-content\\\/uploads\\\/2024\\\/07\\\/logo-1.svg\",\"caption\":\"Gifted HUB\"},\"image\":{\"@id\":\"https:\\\/\\\/gifted-hub.com\\\/fr\\\/#\\\/schema\\\/logo\\\/image\\\/\"}}]}<\/script>\n<!-- \/ Yoast SEO plugin. -->","yoast_head_json":{"title":"Fr\u00e8res et s\u0153urs surdou\u00e9s : Rivalit\u00e9, coop\u00e9ration et d\u00e9fis uniques - Gifted HUB","robots":{"index":"index","follow":"follow","max-snippet":"max-snippet:-1","max-image-preview":"max-image-preview:large","max-video-preview":"max-video-preview:-1"},"canonical":"https:\/\/gifted-hub.com\/fr\/famille\/freres-et-soeurs-surdoues-rivalite-cooperation-et-defis-uniques\/","og_locale":"fr_FR","og_type":"article","og_title":"Fr\u00e8res et s\u0153urs surdou\u00e9s : Rivalit\u00e9, coop\u00e9ration et d\u00e9fis uniques - Gifted HUB","og_description":"Grandir avec un fr\u00e8re ou une s\u0153ur surdou\u00e9(e) peut \u00eatre une exp\u00e9rience unique, pleine d&rsquo;\u00e9motions intenses, de liens profonds et, parfois, de luttes difficiles. Dans les familles o\u00f9 plusieurs enfants sont surdou\u00e9s, les diff\u00e9rences de comp\u00e9tences, d&rsquo;int\u00e9r\u00eats et de niveaux de r\u00e9ussite peuvent fa\u00e7onner les relations entre fr\u00e8res et s\u0153urs de mani\u00e8re inattendue. Certains fr\u00e8res [&hellip;]","og_url":"https:\/\/gifted-hub.com\/fr\/famille\/freres-et-soeurs-surdoues-rivalite-cooperation-et-defis-uniques\/","og_site_name":"Gifted HUB","article_modified_time":"2025-03-17T18:47:45+00:00","og_image":[{"width":1600,"height":1067,"url":"https:\/\/gifted-hub.com\/wp-content\/uploads\/2025\/03\/7f_gsuxmioq-e1742235337419.jpg","type":"image\/jpeg"}],"twitter_card":"summary_large_image","twitter_misc":{"Dur\u00e9e de lecture estim\u00e9e":"2 minutes"},"schema":{"@context":"https:\/\/schema.org","@graph":[{"@type":"WebPage","@id":"https:\/\/gifted-hub.com\/fr\/famille\/freres-et-soeurs-surdoues-rivalite-cooperation-et-defis-uniques\/","url":"https:\/\/gifted-hub.com\/fr\/famille\/freres-et-soeurs-surdoues-rivalite-cooperation-et-defis-uniques\/","name":"Fr\u00e8res et s\u0153urs surdou\u00e9s : Rivalit\u00e9, coop\u00e9ration et d\u00e9fis uniques - Gifted HUB","isPartOf":{"@id":"https:\/\/gifted-hub.com\/fr\/#website"},"primaryImageOfPage":{"@id":"https:\/\/gifted-hub.com\/fr\/famille\/freres-et-soeurs-surdoues-rivalite-cooperation-et-defis-uniques\/#primaryimage"},"image":{"@id":"https:\/\/gifted-hub.com\/fr\/famille\/freres-et-soeurs-surdoues-rivalite-cooperation-et-defis-uniques\/#primaryimage"},"thumbnailUrl":"https:\/\/gifted-hub.com\/wp-content\/uploads\/2025\/03\/7f_gsuxmioq-e1742235337419.jpg","datePublished":"2025-03-17T18:45:47+00:00","dateModified":"2025-03-17T18:47:45+00:00","breadcrumb":{"@id":"https:\/\/gifted-hub.com\/fr\/famille\/freres-et-soeurs-surdoues-rivalite-cooperation-et-defis-uniques\/#breadcrumb"},"inLanguage":"fr-FR","potentialAction":[{"@type":"ReadAction","target":["https:\/\/gifted-hub.com\/fr\/famille\/freres-et-soeurs-surdoues-rivalite-cooperation-et-defis-uniques\/"]}]},{"@type":"ImageObject","inLanguage":"fr-FR","@id":"https:\/\/gifted-hub.com\/fr\/famille\/freres-et-soeurs-surdoues-rivalite-cooperation-et-defis-uniques\/#primaryimage","url":"https:\/\/gifted-hub.com\/wp-content\/uploads\/2025\/03\/7f_gsuxmioq-e1742235337419.jpg","contentUrl":"https:\/\/gifted-hub.com\/wp-content\/uploads\/2025\/03\/7f_gsuxmioq-e1742235337419.jpg","width":1600,"height":1067},{"@type":"BreadcrumbList","@id":"https:\/\/gifted-hub.com\/fr\/famille\/freres-et-soeurs-surdoues-rivalite-cooperation-et-defis-uniques\/#breadcrumb","itemListElement":[{"@type":"ListItem","position":1,"name":"Home","item":"https:\/\/gifted-hub.com\/fr\/accueil\/"},{"@type":"ListItem","position":2,"name":"Famille","item":"https:\/\/gifted-hub.com\/fr\/famille\/"},{"@type":"ListItem","position":3,"name":"Fr\u00e8res et s\u0153urs surdou\u00e9s : Rivalit\u00e9, coop\u00e9ration et d\u00e9fis uniques"}]},{"@type":"WebSite","@id":"https:\/\/gifted-hub.com\/fr\/#website","url":"https:\/\/gifted-hub.com\/fr\/","name":"Gifted HUB","description":"Un espace pour les hautes comp\u00e9tences","publisher":{"@id":"https:\/\/gifted-hub.com\/fr\/#organization"},"potentialAction":[{"@type":"SearchAction","target":{"@type":"EntryPoint","urlTemplate":"https:\/\/gifted-hub.com\/fr\/?s={search_term_string}"},"query-input":{"@type":"PropertyValueSpecification","valueRequired":true,"valueName":"search_term_string"}}],"inLanguage":"fr-FR"},{"@type":"Organization","@id":"https:\/\/gifted-hub.com\/fr\/#organization","name":"Gifted HUB","url":"https:\/\/gifted-hub.com\/fr\/","logo":{"@type":"ImageObject","inLanguage":"fr-FR","@id":"https:\/\/gifted-hub.com\/fr\/#\/schema\/logo\/image\/","url":"https:\/\/gifted-hub.com\/wp-content\/uploads\/2024\/07\/logo-1.svg","contentUrl":"https:\/\/gifted-hub.com\/wp-content\/uploads\/2024\/07\/logo-1.svg","caption":"Gifted HUB"},"image":{"@id":"https:\/\/gifted-hub.com\/fr\/#\/schema\/logo\/image\/"}}]}},"_links":{"self":[{"href":"https:\/\/gifted-hub.com\/fr\/wp-json\/wp\/v2\/pages\/19294","targetHints":{"allow":["GET"]}}],"collection":[{"href":"https:\/\/gifted-hub.com\/fr\/wp-json\/wp\/v2\/pages"}],"about":[{"href":"https:\/\/gifted-hub.com\/fr\/wp-json\/wp\/v2\/types\/page"}],"author":[{"embeddable":true,"href":"https:\/\/gifted-hub.com\/fr\/wp-json\/wp\/v2\/users\/1"}],"replies":[{"embeddable":true,"href":"https:\/\/gifted-hub.com\/fr\/wp-json\/wp\/v2\/comments?post=19294"}],"version-history":[{"count":1,"href":"https:\/\/gifted-hub.com\/fr\/wp-json\/wp\/v2\/pages\/19294\/revisions"}],"predecessor-version":[{"id":19295,"href":"https:\/\/gifted-hub.com\/fr\/wp-json\/wp\/v2\/pages\/19294\/revisions\/19295"}],"up":[{"embeddable":true,"href":"https:\/\/gifted-hub.com\/fr\/wp-json\/wp\/v2\/pages\/15570"}],"wp:featuredmedia":[{"embeddable":true,"href":"https:\/\/gifted-hub.com\/fr\/wp-json\/wp\/v2\/media\/19268"}],"wp:attachment":[{"href":"https:\/\/gifted-hub.com\/fr\/wp-json\/wp\/v2\/media?parent=19294"}],"wp:term":[{"taxonomy":"group-interest","embeddable":true,"href":"https:\/\/gifted-hub.com\/fr\/wp-json\/wp\/v2\/group-interest?post=19294"}],"curies":[{"name":"wp","href":"https:\/\/api.w.org\/{rel}","templated":true}]}}