{"id":19195,"date":"2025-03-10T23:06:24","date_gmt":"2025-03-10T23:06:24","guid":{"rendered":"https:\/\/gifted-hub.com\/rompre-le-cycle-du-doute-de-soi-le-syndrome-de-limposteur-chez-les-personnes-douees\/"},"modified":"2025-03-11T13:38:39","modified_gmt":"2025-03-11T13:38:39","slug":"rompre-le-cycle-du-doute-de-soi-le-syndrome-de-limposteur-chez-les-personnes-douees","status":"publish","type":"page","link":"https:\/\/gifted-hub.com\/fr\/individus\/rompre-le-cycle-du-doute-de-soi-le-syndrome-de-limposteur-chez-les-personnes-douees\/","title":{"rendered":"Rompre le cycle du doute de soi : le syndrome de l&rsquo;imposteur chez les personnes dou\u00e9es"},"content":{"rendered":"\n<p>Le syndrome de l&rsquo;imposteur est un sentiment persistant de doute de soi, d&rsquo;ins\u00e9curit\u00e9 et de peur d&rsquo;\u00eatre d\u00e9masqu\u00e9 comme un imposteur, malgr\u00e9 des preuves \u00e9videntes de r\u00e9ussite et de comp\u00e9tence. Ce ph\u00e9nom\u00e8ne est particuli\u00e8rement fr\u00e9quent chez les <a href=\"https:\/\/gifted-hub.com\/fr\/individus\/\">personnes dou\u00e9es<\/a>, qui doivent souvent faire face \u00e0 des attentes \u00e9lev\u00e9es, tant de leur part que de celle des autres. Nombre d&rsquo;entre eux pensent que leurs r\u00e9ussites sont dues \u00e0 la chance, \u00e0 des facteurs externes ou \u00e0 de simples efforts plut\u00f4t qu&rsquo;\u00e0 leurs propres capacit\u00e9s. Cela cr\u00e9e un cycle dans lequel, peu importe ce qu&rsquo;ils accomplissent, ils ne se sentent jamais vraiment dignes de leur succ\u00e8s.   <\/p>\n\n<p>Les \u00e9l\u00e8ves dou\u00e9s souffrent souvent de perfectionnisme, ce qui peut intensifier les sentiments d&rsquo;imposture. Ils se fixent des objectifs irr\u00e9alisables et se sentent en \u00e9chec s&rsquo;ils ne les atteignent pas. Leur estime de soi est li\u00e9e \u00e0 leurs r\u00e9ussites, ce qui les rend vuln\u00e9rables au doute lorsqu&rsquo;ils sont confront\u00e9s \u00e0 des difficult\u00e9s. Ce perfectionnisme est souvent renforc\u00e9 par les pressions ext\u00e9rieures exerc\u00e9es par les enseignants, les pairs et les membres de la famille, qui attendent d&rsquo;eux qu&rsquo;ils excellent dans tout ce qu&rsquo;ils font. En cons\u00e9quence, de nombreux surdou\u00e9s souffrent d&rsquo;anxi\u00e9t\u00e9, de stress et d&rsquo;\u00e9puisement, car ils ont l&rsquo;impression de devoir constamment prouver leur valeur.    <\/p>\n\n<p>L&rsquo;<a href=\"https:\/\/gifted-hub.com\/fr\/individus\/le-concept-de-soi-des-individus-surdoues\/\">estime de soi<\/a> joue un r\u00f4le crucial dans la manifestation du syndrome de l&rsquo;imposteur. Lorsque les personnes dou\u00e9es ont une faible estime d&rsquo;elles-m\u00eames, elles sont plus susceptibles d&rsquo;attribuer leurs succ\u00e8s \u00e0 des facteurs externes et leurs \u00e9checs \u00e0 leur incomp\u00e9tence personnelle. La fa\u00e7on dont ils se per\u00e7oivent influence leur confiance en leurs capacit\u00e9s, ce qui les rend plus sensibles aux pens\u00e9es imposteurs. Les personnes qui ont une meilleure connaissance et acceptation d&rsquo;elles-m\u00eames ont tendance \u00e0 mieux g\u00e9rer ces sentiments, car elles reconnaissent leurs forces et leurs limites de fa\u00e7on \u00e9quilibr\u00e9e.   <\/p>\n\n<p>Pour les personnes doublement exceptionnelles, c&rsquo;est-\u00e0-dire celles qui sont \u00e0 la fois dou\u00e9es et atteintes d&rsquo;un trouble de l&rsquo;apprentissage, le syndrome de l&rsquo;imposteur peut \u00eatre encore plus prononc\u00e9. Ces personnes re\u00e7oivent souvent des messages contradictoires au sujet de leurs capacit\u00e9s, excellant dans certains domaines et \u00e9prouvant des difficult\u00e9s dans d&rsquo;autres. Cela peut les amener \u00e0 se sentir comme des imposteurs, car ils peuvent croire que leur succ\u00e8s est accidentel plut\u00f4t que le reflet de leur v\u00e9ritable potentiel. Leurs difficult\u00e9s dans certaines mati\u00e8res ou situations sociales peuvent renforcer l&rsquo;id\u00e9e qu&rsquo;ils ne sont pas aussi capables que les autres le pensent.   <\/p>\n\n<p>L&rsquo;environnement acad\u00e9mique joue un r\u00f4le important dans le d\u00e9veloppement du syndrome de l&rsquo;imposteur chez les \u00e9l\u00e8ves dou\u00e9s. Les programmes hautement comp\u00e9titifs et les cours de sp\u00e9cialisation, o\u00f9 les \u00e9tudiants sont entour\u00e9s de pairs tout aussi talentueux, peuvent cr\u00e9er un effet de \u00ab\u00a0gros poisson dans une plus grande mare\u00a0\u00bb. De nombreux surdou\u00e9s, habitu\u00e9s \u00e0 \u00eatre les meilleurs dans leur environnement pr\u00e9c\u00e9dent, se retrouvent soudain parmi d&rsquo;autres tout aussi talentueux, ce qui les am\u00e8ne \u00e0 douter d&rsquo;eux-m\u00eames et \u00e0 craindre de ne pas \u00eatre \u00e0 la hauteur. L&rsquo;absence de reconnaissance des efforts, par opposition aux r\u00e9sultats, alimente encore davantage le sentiment de fraude.   <\/p>\n\n<p>Des <a href=\"https:\/\/gifted-hub.com\/fr\/professionnels\/comprendre-la-douance-et-la-culture\/\">facteurs sociaux et culturels<\/a> contribuent \u00e9galement au syndrome de l&rsquo;imposteur. Les attentes des hommes et des femmes, les d\u00e9finitions soci\u00e9tales de la r\u00e9ussite et les id\u00e9es rigides sur l&rsquo;intelligence peuvent avoir un impact sur la fa\u00e7on dont les personnes dou\u00e9es se per\u00e7oivent. En particulier, les femmes et les minorit\u00e9s sous-repr\u00e9sent\u00e9es dans les domaines \u00e0 haut rendement sont souvent confront\u00e9es \u00e0 des d\u00e9fis suppl\u00e9mentaires, car elles peuvent se sentir oblig\u00e9es de valider constamment leur place dans des espaces o\u00f9 elles sont sous-repr\u00e9sent\u00e9es. Elles peuvent \u00e9prouver des sentiments d&rsquo;imposture plus intenses, pensant qu&rsquo;elles doivent travailler deux fois plus pour \u00eatre prises au s\u00e9rieux.   <\/p>\n\n<p>La lutte contre le syndrome de l&rsquo;imposteur chez les personnes dou\u00e9es n\u00e9cessite une combinaison de connaissance de soi, de syst\u00e8mes de soutien et d&rsquo;un changement de perspective. Encourager l&rsquo;autor\u00e9flexion et aider les individus \u00e0 reconna\u00eetre leurs forces et leurs contributions r\u00e9elles peut att\u00e9nuer les sentiments d&rsquo;imposture. Il est essentiel de renforcer la r\u00e9silience en normalisant les luttes et les \u00e9checs comme faisant partie du processus d&rsquo;apprentissage. Les \u00e9coles et les \u00e9ducateurs doivent favoriser des environnements o\u00f9 les \u00e9l\u00e8ves dou\u00e9s se sentent valoris\u00e9s au-del\u00e0 de leurs r\u00e9ussites, en mettant l&rsquo;accent sur le d\u00e9veloppement personnel et l&rsquo;acceptation de soi plut\u00f4t que sur la validation constante des performances. En reconnaissant et en prenant en compte ces sentiments, les surdou\u00e9s peuvent d\u00e9velopper une image plus saine d&rsquo;eux-m\u00eames et sortir du cycle du doute que cr\u00e9e le syndrome de l&rsquo;imposteur.    <\/p>\n\n<p><br\/><\/p>\n","protected":false},"excerpt":{"rendered":"<p>Le syndrome de l&rsquo;imposteur est un sentiment persistant de doute de soi, d&rsquo;ins\u00e9curit\u00e9 et de peur d&rsquo;\u00eatre d\u00e9masqu\u00e9 comme un imposteur, malgr\u00e9 des preuves \u00e9videntes de r\u00e9ussite et de comp\u00e9tence. Ce ph\u00e9nom\u00e8ne est particuli\u00e8rement fr\u00e9quent chez les personnes dou\u00e9es, qui doivent souvent faire face \u00e0 des attentes \u00e9lev\u00e9es, tant de leur part que de celle [&hellip;]<\/p>\n","protected":false},"author":1,"featured_media":19108,"parent":15213,"menu_order":0,"comment_status":"closed","ping_status":"closed","template":"","meta":{"_acf_changed":false,"inline_featured_image":false,"footnotes":""},"group-interest":[],"class_list":["post-19195","page","type-page","status-publish","has-post-thumbnail","hentry"],"acf":[],"yoast_head":"<!-- This site is optimized with the Yoast SEO plugin v27.4 - https:\/\/yoast.com\/product\/yoast-seo-wordpress\/ -->\n<title>Rompre le cycle du doute de soi : le syndrome de l&#039;imposteur chez les personnes dou\u00e9es - Gifted HUB<\/title>\n<meta name=\"robots\" content=\"index, follow, max-snippet:-1, max-image-preview:large, max-video-preview:-1\" \/>\n<link rel=\"canonical\" href=\"https:\/\/gifted-hub.com\/fr\/individus\/rompre-le-cycle-du-doute-de-soi-le-syndrome-de-limposteur-chez-les-personnes-douees\/\" \/>\n<meta property=\"og:locale\" content=\"fr_FR\" \/>\n<meta property=\"og:type\" content=\"article\" \/>\n<meta property=\"og:title\" content=\"Rompre le cycle du doute de soi : le syndrome de l&#039;imposteur chez les personnes dou\u00e9es - Gifted HUB\" \/>\n<meta property=\"og:description\" content=\"Le syndrome de l&rsquo;imposteur est un sentiment persistant de doute de soi, d&rsquo;ins\u00e9curit\u00e9 et de peur d&rsquo;\u00eatre d\u00e9masqu\u00e9 comme un imposteur, malgr\u00e9 des preuves \u00e9videntes de r\u00e9ussite et de comp\u00e9tence. Ce ph\u00e9nom\u00e8ne est particuli\u00e8rement fr\u00e9quent chez les personnes dou\u00e9es, qui doivent souvent faire face \u00e0 des attentes \u00e9lev\u00e9es, tant de leur part que de celle [&hellip;]\" \/>\n<meta property=\"og:url\" content=\"https:\/\/gifted-hub.com\/fr\/individus\/rompre-le-cycle-du-doute-de-soi-le-syndrome-de-limposteur-chez-les-personnes-douees\/\" \/>\n<meta property=\"og:site_name\" content=\"Gifted HUB\" \/>\n<meta property=\"article:modified_time\" content=\"2025-03-11T13:38:39+00:00\" \/>\n<meta property=\"og:image\" content=\"https:\/\/gifted-hub.com\/wp-content\/uploads\/2025\/03\/6568116-e1741644600547.jpeg\" \/>\n\t<meta property=\"og:image:width\" content=\"800\" \/>\n\t<meta property=\"og:image:height\" content=\"1200\" \/>\n\t<meta property=\"og:image:type\" content=\"image\/jpeg\" \/>\n<meta name=\"twitter:card\" content=\"summary_large_image\" \/>\n<meta name=\"twitter:label1\" content=\"Dur\u00e9e de lecture estim\u00e9e\" \/>\n\t<meta name=\"twitter:data1\" content=\"4 minutes\" \/>\n<script type=\"application\/ld+json\" class=\"yoast-schema-graph\">{\"@context\":\"https:\\\/\\\/schema.org\",\"@graph\":[{\"@type\":\"WebPage\",\"@id\":\"https:\\\/\\\/gifted-hub.com\\\/fr\\\/individus\\\/rompre-le-cycle-du-doute-de-soi-le-syndrome-de-limposteur-chez-les-personnes-douees\\\/\",\"url\":\"https:\\\/\\\/gifted-hub.com\\\/fr\\\/individus\\\/rompre-le-cycle-du-doute-de-soi-le-syndrome-de-limposteur-chez-les-personnes-douees\\\/\",\"name\":\"Rompre le cycle du doute de soi : le syndrome de l'imposteur chez les personnes dou\u00e9es - Gifted HUB\",\"isPartOf\":{\"@id\":\"https:\\\/\\\/gifted-hub.com\\\/fr\\\/#website\"},\"primaryImageOfPage\":{\"@id\":\"https:\\\/\\\/gifted-hub.com\\\/fr\\\/individus\\\/rompre-le-cycle-du-doute-de-soi-le-syndrome-de-limposteur-chez-les-personnes-douees\\\/#primaryimage\"},\"image\":{\"@id\":\"https:\\\/\\\/gifted-hub.com\\\/fr\\\/individus\\\/rompre-le-cycle-du-doute-de-soi-le-syndrome-de-limposteur-chez-les-personnes-douees\\\/#primaryimage\"},\"thumbnailUrl\":\"https:\\\/\\\/gifted-hub.com\\\/wp-content\\\/uploads\\\/2025\\\/03\\\/6568116-e1741644600547.jpeg\",\"datePublished\":\"2025-03-10T23:06:24+00:00\",\"dateModified\":\"2025-03-11T13:38:39+00:00\",\"breadcrumb\":{\"@id\":\"https:\\\/\\\/gifted-hub.com\\\/fr\\\/individus\\\/rompre-le-cycle-du-doute-de-soi-le-syndrome-de-limposteur-chez-les-personnes-douees\\\/#breadcrumb\"},\"inLanguage\":\"fr-FR\",\"potentialAction\":[{\"@type\":\"ReadAction\",\"target\":[\"https:\\\/\\\/gifted-hub.com\\\/fr\\\/individus\\\/rompre-le-cycle-du-doute-de-soi-le-syndrome-de-limposteur-chez-les-personnes-douees\\\/\"]}]},{\"@type\":\"ImageObject\",\"inLanguage\":\"fr-FR\",\"@id\":\"https:\\\/\\\/gifted-hub.com\\\/fr\\\/individus\\\/rompre-le-cycle-du-doute-de-soi-le-syndrome-de-limposteur-chez-les-personnes-douees\\\/#primaryimage\",\"url\":\"https:\\\/\\\/gifted-hub.com\\\/wp-content\\\/uploads\\\/2025\\\/03\\\/6568116-e1741644600547.jpeg\",\"contentUrl\":\"https:\\\/\\\/gifted-hub.com\\\/wp-content\\\/uploads\\\/2025\\\/03\\\/6568116-e1741644600547.jpeg\",\"width\":800,\"height\":1200},{\"@type\":\"BreadcrumbList\",\"@id\":\"https:\\\/\\\/gifted-hub.com\\\/fr\\\/individus\\\/rompre-le-cycle-du-doute-de-soi-le-syndrome-de-limposteur-chez-les-personnes-douees\\\/#breadcrumb\",\"itemListElement\":[{\"@type\":\"ListItem\",\"position\":1,\"name\":\"Home\",\"item\":\"https:\\\/\\\/gifted-hub.com\\\/fr\\\/accueil\\\/\"},{\"@type\":\"ListItem\",\"position\":2,\"name\":\"Rompre le cycle du doute de soi : le syndrome de l&#8217;imposteur chez les personnes dou\u00e9es\"}]},{\"@type\":\"WebSite\",\"@id\":\"https:\\\/\\\/gifted-hub.com\\\/fr\\\/#website\",\"url\":\"https:\\\/\\\/gifted-hub.com\\\/fr\\\/\",\"name\":\"Gifted HUB\",\"description\":\"Un espace pour les hautes comp\u00e9tences\",\"publisher\":{\"@id\":\"https:\\\/\\\/gifted-hub.com\\\/fr\\\/#organization\"},\"potentialAction\":[{\"@type\":\"SearchAction\",\"target\":{\"@type\":\"EntryPoint\",\"urlTemplate\":\"https:\\\/\\\/gifted-hub.com\\\/fr\\\/?s={search_term_string}\"},\"query-input\":{\"@type\":\"PropertyValueSpecification\",\"valueRequired\":true,\"valueName\":\"search_term_string\"}}],\"inLanguage\":\"fr-FR\"},{\"@type\":\"Organization\",\"@id\":\"https:\\\/\\\/gifted-hub.com\\\/fr\\\/#organization\",\"name\":\"Gifted HUB\",\"url\":\"https:\\\/\\\/gifted-hub.com\\\/fr\\\/\",\"logo\":{\"@type\":\"ImageObject\",\"inLanguage\":\"fr-FR\",\"@id\":\"https:\\\/\\\/gifted-hub.com\\\/fr\\\/#\\\/schema\\\/logo\\\/image\\\/\",\"url\":\"https:\\\/\\\/gifted-hub.com\\\/wp-content\\\/uploads\\\/2024\\\/07\\\/logo-1.svg\",\"contentUrl\":\"https:\\\/\\\/gifted-hub.com\\\/wp-content\\\/uploads\\\/2024\\\/07\\\/logo-1.svg\",\"caption\":\"Gifted HUB\"},\"image\":{\"@id\":\"https:\\\/\\\/gifted-hub.com\\\/fr\\\/#\\\/schema\\\/logo\\\/image\\\/\"}}]}<\/script>\n<!-- \/ Yoast SEO plugin. -->","yoast_head_json":{"title":"Rompre le cycle du doute de soi : le syndrome de l'imposteur chez les personnes dou\u00e9es - Gifted HUB","robots":{"index":"index","follow":"follow","max-snippet":"max-snippet:-1","max-image-preview":"max-image-preview:large","max-video-preview":"max-video-preview:-1"},"canonical":"https:\/\/gifted-hub.com\/fr\/individus\/rompre-le-cycle-du-doute-de-soi-le-syndrome-de-limposteur-chez-les-personnes-douees\/","og_locale":"fr_FR","og_type":"article","og_title":"Rompre le cycle du doute de soi : le syndrome de l'imposteur chez les personnes dou\u00e9es - Gifted HUB","og_description":"Le syndrome de l&rsquo;imposteur est un sentiment persistant de doute de soi, d&rsquo;ins\u00e9curit\u00e9 et de peur d&rsquo;\u00eatre d\u00e9masqu\u00e9 comme un imposteur, malgr\u00e9 des preuves \u00e9videntes de r\u00e9ussite et de comp\u00e9tence. Ce ph\u00e9nom\u00e8ne est particuli\u00e8rement fr\u00e9quent chez les personnes dou\u00e9es, qui doivent souvent faire face \u00e0 des attentes \u00e9lev\u00e9es, tant de leur part que de celle [&hellip;]","og_url":"https:\/\/gifted-hub.com\/fr\/individus\/rompre-le-cycle-du-doute-de-soi-le-syndrome-de-limposteur-chez-les-personnes-douees\/","og_site_name":"Gifted HUB","article_modified_time":"2025-03-11T13:38:39+00:00","og_image":[{"width":800,"height":1200,"url":"https:\/\/gifted-hub.com\/wp-content\/uploads\/2025\/03\/6568116-e1741644600547.jpeg","type":"image\/jpeg"}],"twitter_card":"summary_large_image","twitter_misc":{"Dur\u00e9e de lecture estim\u00e9e":"4 minutes"},"schema":{"@context":"https:\/\/schema.org","@graph":[{"@type":"WebPage","@id":"https:\/\/gifted-hub.com\/fr\/individus\/rompre-le-cycle-du-doute-de-soi-le-syndrome-de-limposteur-chez-les-personnes-douees\/","url":"https:\/\/gifted-hub.com\/fr\/individus\/rompre-le-cycle-du-doute-de-soi-le-syndrome-de-limposteur-chez-les-personnes-douees\/","name":"Rompre le cycle du doute de soi : le syndrome de l'imposteur chez les personnes dou\u00e9es - Gifted HUB","isPartOf":{"@id":"https:\/\/gifted-hub.com\/fr\/#website"},"primaryImageOfPage":{"@id":"https:\/\/gifted-hub.com\/fr\/individus\/rompre-le-cycle-du-doute-de-soi-le-syndrome-de-limposteur-chez-les-personnes-douees\/#primaryimage"},"image":{"@id":"https:\/\/gifted-hub.com\/fr\/individus\/rompre-le-cycle-du-doute-de-soi-le-syndrome-de-limposteur-chez-les-personnes-douees\/#primaryimage"},"thumbnailUrl":"https:\/\/gifted-hub.com\/wp-content\/uploads\/2025\/03\/6568116-e1741644600547.jpeg","datePublished":"2025-03-10T23:06:24+00:00","dateModified":"2025-03-11T13:38:39+00:00","breadcrumb":{"@id":"https:\/\/gifted-hub.com\/fr\/individus\/rompre-le-cycle-du-doute-de-soi-le-syndrome-de-limposteur-chez-les-personnes-douees\/#breadcrumb"},"inLanguage":"fr-FR","potentialAction":[{"@type":"ReadAction","target":["https:\/\/gifted-hub.com\/fr\/individus\/rompre-le-cycle-du-doute-de-soi-le-syndrome-de-limposteur-chez-les-personnes-douees\/"]}]},{"@type":"ImageObject","inLanguage":"fr-FR","@id":"https:\/\/gifted-hub.com\/fr\/individus\/rompre-le-cycle-du-doute-de-soi-le-syndrome-de-limposteur-chez-les-personnes-douees\/#primaryimage","url":"https:\/\/gifted-hub.com\/wp-content\/uploads\/2025\/03\/6568116-e1741644600547.jpeg","contentUrl":"https:\/\/gifted-hub.com\/wp-content\/uploads\/2025\/03\/6568116-e1741644600547.jpeg","width":800,"height":1200},{"@type":"BreadcrumbList","@id":"https:\/\/gifted-hub.com\/fr\/individus\/rompre-le-cycle-du-doute-de-soi-le-syndrome-de-limposteur-chez-les-personnes-douees\/#breadcrumb","itemListElement":[{"@type":"ListItem","position":1,"name":"Home","item":"https:\/\/gifted-hub.com\/fr\/accueil\/"},{"@type":"ListItem","position":2,"name":"Rompre le cycle du doute de soi : le syndrome de l&#8217;imposteur chez les personnes dou\u00e9es"}]},{"@type":"WebSite","@id":"https:\/\/gifted-hub.com\/fr\/#website","url":"https:\/\/gifted-hub.com\/fr\/","name":"Gifted HUB","description":"Un espace pour les hautes comp\u00e9tences","publisher":{"@id":"https:\/\/gifted-hub.com\/fr\/#organization"},"potentialAction":[{"@type":"SearchAction","target":{"@type":"EntryPoint","urlTemplate":"https:\/\/gifted-hub.com\/fr\/?s={search_term_string}"},"query-input":{"@type":"PropertyValueSpecification","valueRequired":true,"valueName":"search_term_string"}}],"inLanguage":"fr-FR"},{"@type":"Organization","@id":"https:\/\/gifted-hub.com\/fr\/#organization","name":"Gifted HUB","url":"https:\/\/gifted-hub.com\/fr\/","logo":{"@type":"ImageObject","inLanguage":"fr-FR","@id":"https:\/\/gifted-hub.com\/fr\/#\/schema\/logo\/image\/","url":"https:\/\/gifted-hub.com\/wp-content\/uploads\/2024\/07\/logo-1.svg","contentUrl":"https:\/\/gifted-hub.com\/wp-content\/uploads\/2024\/07\/logo-1.svg","caption":"Gifted HUB"},"image":{"@id":"https:\/\/gifted-hub.com\/fr\/#\/schema\/logo\/image\/"}}]}},"_links":{"self":[{"href":"https:\/\/gifted-hub.com\/fr\/wp-json\/wp\/v2\/pages\/19195","targetHints":{"allow":["GET"]}}],"collection":[{"href":"https:\/\/gifted-hub.com\/fr\/wp-json\/wp\/v2\/pages"}],"about":[{"href":"https:\/\/gifted-hub.com\/fr\/wp-json\/wp\/v2\/types\/page"}],"author":[{"embeddable":true,"href":"https:\/\/gifted-hub.com\/fr\/wp-json\/wp\/v2\/users\/1"}],"replies":[{"embeddable":true,"href":"https:\/\/gifted-hub.com\/fr\/wp-json\/wp\/v2\/comments?post=19195"}],"version-history":[{"count":1,"href":"https:\/\/gifted-hub.com\/fr\/wp-json\/wp\/v2\/pages\/19195\/revisions"}],"predecessor-version":[{"id":19196,"href":"https:\/\/gifted-hub.com\/fr\/wp-json\/wp\/v2\/pages\/19195\/revisions\/19196"}],"up":[{"embeddable":true,"href":"https:\/\/gifted-hub.com\/fr\/wp-json\/wp\/v2\/pages\/15213"}],"wp:featuredmedia":[{"embeddable":true,"href":"https:\/\/gifted-hub.com\/fr\/wp-json\/wp\/v2\/media\/19108"}],"wp:attachment":[{"href":"https:\/\/gifted-hub.com\/fr\/wp-json\/wp\/v2\/media?parent=19195"}],"wp:term":[{"taxonomy":"group-interest","embeddable":true,"href":"https:\/\/gifted-hub.com\/fr\/wp-json\/wp\/v2\/group-interest?post=19195"}],"curies":[{"name":"wp","href":"https:\/\/api.w.org\/{rel}","templated":true}]}}