{"id":18804,"date":"2024-12-31T17:21:46","date_gmt":"2024-12-31T17:21:46","guid":{"rendered":"https:\/\/gifted-hub.com\/enseignants\/comment-les-enseignants-peuvent-ils-favoriser-les-eleves-doues\/"},"modified":"2024-12-31T17:37:15","modified_gmt":"2024-12-31T17:37:15","slug":"comment-les-enseignants-peuvent-ils-favoriser-les-eleves-doues","status":"publish","type":"page","link":"https:\/\/gifted-hub.com\/fr\/enseignants\/comment-les-enseignants-peuvent-ils-favoriser-les-eleves-doues\/","title":{"rendered":"Comment les enseignants peuvent-ils favoriser les \u00e9l\u00e8ves dou\u00e9s ?"},"content":{"rendered":"\n<p>Les enseignants doivent souvent r\u00e9pondre aux besoins sp\u00e9cifiques des \u00e9l\u00e8ves dou\u00e9s dans leur classe, mais ce soutien bien intentionn\u00e9 peut parfois conduire \u00e0 un favoritisme qui affecte toutes les personnes concern\u00e9es. Les \u00e9l\u00e8ves dou\u00e9s peuvent b\u00e9n\u00e9ficier d&rsquo;un traitement sp\u00e9cial, par exemple en se voyant attribuer des r\u00f4les de leadership, des t\u00e2ches suppl\u00e9mentaires ou des privil\u00e8ges que les autres n&rsquo;ont pas. Bien que ces pratiques aient souvent pour but de d\u00e9velopper leurs capacit\u00e9s ou de les montrer en exemple, elles peuvent involontairement isoler ces \u00e9l\u00e8ves ou cr\u00e9er un d\u00e9s\u00e9quilibre au sein de la classe.  <\/p>\n\n<p>Ce favoritisme r\u00e9sulte souvent d&rsquo;un manque de formation ou de ressources pour r\u00e9pondre aux divers besoins d&rsquo;une classe. <strong>Les enseignants peuvent penser que le fait de souligner les capacit\u00e9s des \u00e9l\u00e8ves dou\u00e9s motivera les autres, mais au contraire, cela peut susciter du ressentiment parmi les camarades de classe<\/strong>. En outre, les pratiques rigides qui assignent constamment les \u00e9l\u00e8ves dou\u00e9s \u00e0 certains r\u00f4les ou activit\u00e9s peuvent renforcer les \u00e9tiquettes qui limitent leur d\u00e9veloppement et les s\u00e9parent de leurs pairs. Les tentatives malavis\u00e9es de stimuler les \u00e9l\u00e8ves dou\u00e9s en leur confiant des t\u00e2ches suppl\u00e9mentaires ne parviennent souvent pas \u00e0 leur offrir des opportunit\u00e9s de d\u00e9veloppement significatives.  <\/p>\n\n<p>Les cons\u00e9quences de ces approches sont consid\u00e9rables. Les \u00e9l\u00e8ves dou\u00e9s peuvent se sentir oblig\u00e9s d&rsquo;\u00eatre toujours tr\u00e8s performants, ce qui peut engendrer du stress et la peur de l&rsquo;\u00e9chec. Dans le m\u00eame temps, leurs camarades peuvent se sentir sous-estim\u00e9s ou exclus, ce qui perturbe l&rsquo;harmonie de la classe. L&rsquo;accent mis sur les \u00e9l\u00e8ves dou\u00e9s peut \u00e9galement entra\u00eener un <a href=\"https:\/\/gifted-hub.com\/fr\/enseignants\/aborder-la-sous-performance-chez-les-eleves-a-haut-potentiel\/\">sous-d\u00e9veloppement de leur<\/a> potentiel si les t\u00e2ches qui leur sont confi\u00e9es ne les mettent pas r\u00e9ellement au d\u00e9fi.   <\/p>\n\n<p>Une approche plus r\u00e9fl\u00e9chie du soutien aux \u00e9l\u00e8ves dou\u00e9s peut \u00eatre b\u00e9n\u00e9fique pour tous. Au lieu de les isoler en leur attribuant des r\u00f4les ou des t\u00e2ches sp\u00e9cifiques, les enseignants peuvent les int\u00e9grer dans des activit\u00e9s inclusives qui permettent \u00e0 tous les \u00e9l\u00e8ves de participer et de s&rsquo;\u00e9panouir. En proposant des d\u00e9fis significatifs plut\u00f4t que r\u00e9p\u00e9titifs ou superficiels, on aide ces \u00e9l\u00e8ves \u00e0 s&rsquo;\u00e9panouir sans cr\u00e9er de divisions inutiles. Les enseignants peuvent \u00e9galement \u00e9viter l&rsquo;\u00e9tiquetage rigide en reconnaissant et en c\u00e9l\u00e9brant les divers talents de leurs \u00e9l\u00e8ves. La <strong>formation et le soutien des \u00e9ducateurs sont essentiels<\/strong> pour atteindre ces objectifs, en les dotant de strat\u00e9gies pour cr\u00e9er un environnement d&rsquo;apprentissage \u00e9quilibr\u00e9 o\u00f9 chaque \u00e9l\u00e8ve se sent valoris\u00e9 et inspir\u00e9.   <\/p>\n\n<p>Lorsque les classes se concentrent sur la collaboration et la croissance mutuelle, elles deviennent des espaces o\u00f9 les \u00e9l\u00e8ves dou\u00e9s peuvent exceller sans se sentir isol\u00e9s et o\u00f9 leurs camarades peuvent \u00e9galement trouver des occasions de briller. En s&rsquo;attaquant aux causes profondes du favoritisme et en adoptant des pratiques inclusives et flexibles, les enseignants peuvent s&rsquo;assurer que leurs classes sont des lieux de r\u00e9ussite et de d\u00e9veloppement partag\u00e9s. <\/p>\n","protected":false},"excerpt":{"rendered":"<p>Les enseignants doivent souvent r\u00e9pondre aux besoins sp\u00e9cifiques des \u00e9l\u00e8ves dou\u00e9s dans leur classe, mais ce soutien bien intentionn\u00e9 peut parfois conduire \u00e0 un favoritisme qui affecte toutes les personnes concern\u00e9es. Les \u00e9l\u00e8ves dou\u00e9s peuvent b\u00e9n\u00e9ficier d&rsquo;un traitement sp\u00e9cial, par exemple en se voyant attribuer des r\u00f4les de leadership, des t\u00e2ches suppl\u00e9mentaires ou des privil\u00e8ges [&hellip;]<\/p>\n","protected":false},"author":1,"featured_media":18790,"parent":15625,"menu_order":0,"comment_status":"closed","ping_status":"closed","template":"","meta":{"_acf_changed":false,"inline_featured_image":false,"footnotes":""},"group-interest":[182],"class_list":["post-18804","page","type-page","status-publish","has-post-thumbnail","hentry","group-interest-teachers-fr"],"acf":[],"yoast_head":"<!-- This site is optimized with the Yoast SEO plugin v27.4 - https:\/\/yoast.com\/product\/yoast-seo-wordpress\/ -->\n<title>Comment les enseignants peuvent-ils favoriser les \u00e9l\u00e8ves dou\u00e9s ? - Gifted HUB<\/title>\n<meta name=\"robots\" content=\"index, follow, max-snippet:-1, max-image-preview:large, max-video-preview:-1\" \/>\n<link rel=\"canonical\" href=\"https:\/\/gifted-hub.com\/fr\/enseignants\/comment-les-enseignants-peuvent-ils-favoriser-les-eleves-doues\/\" \/>\n<meta property=\"og:locale\" content=\"fr_FR\" \/>\n<meta property=\"og:type\" content=\"article\" \/>\n<meta property=\"og:title\" content=\"Comment les enseignants peuvent-ils favoriser les \u00e9l\u00e8ves dou\u00e9s ? - Gifted HUB\" \/>\n<meta property=\"og:description\" content=\"Les enseignants doivent souvent r\u00e9pondre aux besoins sp\u00e9cifiques des \u00e9l\u00e8ves dou\u00e9s dans leur classe, mais ce soutien bien intentionn\u00e9 peut parfois conduire \u00e0 un favoritisme qui affecte toutes les personnes concern\u00e9es. Les \u00e9l\u00e8ves dou\u00e9s peuvent b\u00e9n\u00e9ficier d&rsquo;un traitement sp\u00e9cial, par exemple en se voyant attribuer des r\u00f4les de leadership, des t\u00e2ches suppl\u00e9mentaires ou des privil\u00e8ges [&hellip;]\" \/>\n<meta property=\"og:url\" content=\"https:\/\/gifted-hub.com\/fr\/enseignants\/comment-les-enseignants-peuvent-ils-favoriser-les-eleves-doues\/\" \/>\n<meta property=\"og:site_name\" content=\"Gifted HUB\" \/>\n<meta property=\"article:modified_time\" content=\"2024-12-31T17:37:15+00:00\" \/>\n<meta property=\"og:image\" content=\"https:\/\/gifted-hub.com\/wp-content\/uploads\/2024\/12\/czisy8ai2ia.jpg\" \/>\n\t<meta property=\"og:image:width\" content=\"1600\" \/>\n\t<meta property=\"og:image:height\" content=\"1143\" \/>\n\t<meta property=\"og:image:type\" content=\"image\/jpeg\" \/>\n<meta name=\"twitter:card\" content=\"summary_large_image\" \/>\n<meta name=\"twitter:label1\" content=\"Dur\u00e9e de lecture estim\u00e9e\" \/>\n\t<meta name=\"twitter:data1\" content=\"3 minutes\" \/>\n<script type=\"application\/ld+json\" class=\"yoast-schema-graph\">{\"@context\":\"https:\\\/\\\/schema.org\",\"@graph\":[{\"@type\":\"WebPage\",\"@id\":\"https:\\\/\\\/gifted-hub.com\\\/fr\\\/enseignants\\\/comment-les-enseignants-peuvent-ils-favoriser-les-eleves-doues\\\/\",\"url\":\"https:\\\/\\\/gifted-hub.com\\\/fr\\\/enseignants\\\/comment-les-enseignants-peuvent-ils-favoriser-les-eleves-doues\\\/\",\"name\":\"Comment les enseignants peuvent-ils favoriser les \u00e9l\u00e8ves dou\u00e9s ? - Gifted HUB\",\"isPartOf\":{\"@id\":\"https:\\\/\\\/gifted-hub.com\\\/fr\\\/#website\"},\"primaryImageOfPage\":{\"@id\":\"https:\\\/\\\/gifted-hub.com\\\/fr\\\/enseignants\\\/comment-les-enseignants-peuvent-ils-favoriser-les-eleves-doues\\\/#primaryimage\"},\"image\":{\"@id\":\"https:\\\/\\\/gifted-hub.com\\\/fr\\\/enseignants\\\/comment-les-enseignants-peuvent-ils-favoriser-les-eleves-doues\\\/#primaryimage\"},\"thumbnailUrl\":\"https:\\\/\\\/gifted-hub.com\\\/wp-content\\\/uploads\\\/2024\\\/12\\\/czisy8ai2ia.jpg\",\"datePublished\":\"2024-12-31T17:21:46+00:00\",\"dateModified\":\"2024-12-31T17:37:15+00:00\",\"breadcrumb\":{\"@id\":\"https:\\\/\\\/gifted-hub.com\\\/fr\\\/enseignants\\\/comment-les-enseignants-peuvent-ils-favoriser-les-eleves-doues\\\/#breadcrumb\"},\"inLanguage\":\"fr-FR\",\"potentialAction\":[{\"@type\":\"ReadAction\",\"target\":[\"https:\\\/\\\/gifted-hub.com\\\/fr\\\/enseignants\\\/comment-les-enseignants-peuvent-ils-favoriser-les-eleves-doues\\\/\"]}]},{\"@type\":\"ImageObject\",\"inLanguage\":\"fr-FR\",\"@id\":\"https:\\\/\\\/gifted-hub.com\\\/fr\\\/enseignants\\\/comment-les-enseignants-peuvent-ils-favoriser-les-eleves-doues\\\/#primaryimage\",\"url\":\"https:\\\/\\\/gifted-hub.com\\\/wp-content\\\/uploads\\\/2024\\\/12\\\/czisy8ai2ia.jpg\",\"contentUrl\":\"https:\\\/\\\/gifted-hub.com\\\/wp-content\\\/uploads\\\/2024\\\/12\\\/czisy8ai2ia.jpg\",\"width\":1600,\"height\":1143},{\"@type\":\"BreadcrumbList\",\"@id\":\"https:\\\/\\\/gifted-hub.com\\\/fr\\\/enseignants\\\/comment-les-enseignants-peuvent-ils-favoriser-les-eleves-doues\\\/#breadcrumb\",\"itemListElement\":[{\"@type\":\"ListItem\",\"position\":1,\"name\":\"Home\",\"item\":\"https:\\\/\\\/gifted-hub.com\\\/fr\\\/accueil\\\/\"},{\"@type\":\"ListItem\",\"position\":2,\"name\":\"Enseignants\",\"item\":\"https:\\\/\\\/gifted-hub.com\\\/fr\\\/enseignants\\\/\"},{\"@type\":\"ListItem\",\"position\":3,\"name\":\"Comment les enseignants peuvent-ils favoriser les \u00e9l\u00e8ves dou\u00e9s ?\"}]},{\"@type\":\"WebSite\",\"@id\":\"https:\\\/\\\/gifted-hub.com\\\/fr\\\/#website\",\"url\":\"https:\\\/\\\/gifted-hub.com\\\/fr\\\/\",\"name\":\"Gifted HUB\",\"description\":\"Un espace pour les hautes comp\u00e9tences\",\"publisher\":{\"@id\":\"https:\\\/\\\/gifted-hub.com\\\/fr\\\/#organization\"},\"potentialAction\":[{\"@type\":\"SearchAction\",\"target\":{\"@type\":\"EntryPoint\",\"urlTemplate\":\"https:\\\/\\\/gifted-hub.com\\\/fr\\\/?s={search_term_string}\"},\"query-input\":{\"@type\":\"PropertyValueSpecification\",\"valueRequired\":true,\"valueName\":\"search_term_string\"}}],\"inLanguage\":\"fr-FR\"},{\"@type\":\"Organization\",\"@id\":\"https:\\\/\\\/gifted-hub.com\\\/fr\\\/#organization\",\"name\":\"Gifted HUB\",\"url\":\"https:\\\/\\\/gifted-hub.com\\\/fr\\\/\",\"logo\":{\"@type\":\"ImageObject\",\"inLanguage\":\"fr-FR\",\"@id\":\"https:\\\/\\\/gifted-hub.com\\\/fr\\\/#\\\/schema\\\/logo\\\/image\\\/\",\"url\":\"https:\\\/\\\/gifted-hub.com\\\/wp-content\\\/uploads\\\/2024\\\/07\\\/logo-1.svg\",\"contentUrl\":\"https:\\\/\\\/gifted-hub.com\\\/wp-content\\\/uploads\\\/2024\\\/07\\\/logo-1.svg\",\"caption\":\"Gifted HUB\"},\"image\":{\"@id\":\"https:\\\/\\\/gifted-hub.com\\\/fr\\\/#\\\/schema\\\/logo\\\/image\\\/\"}}]}<\/script>\n<!-- \/ Yoast SEO plugin. -->","yoast_head_json":{"title":"Comment les enseignants peuvent-ils favoriser les \u00e9l\u00e8ves dou\u00e9s ? - Gifted HUB","robots":{"index":"index","follow":"follow","max-snippet":"max-snippet:-1","max-image-preview":"max-image-preview:large","max-video-preview":"max-video-preview:-1"},"canonical":"https:\/\/gifted-hub.com\/fr\/enseignants\/comment-les-enseignants-peuvent-ils-favoriser-les-eleves-doues\/","og_locale":"fr_FR","og_type":"article","og_title":"Comment les enseignants peuvent-ils favoriser les \u00e9l\u00e8ves dou\u00e9s ? - Gifted HUB","og_description":"Les enseignants doivent souvent r\u00e9pondre aux besoins sp\u00e9cifiques des \u00e9l\u00e8ves dou\u00e9s dans leur classe, mais ce soutien bien intentionn\u00e9 peut parfois conduire \u00e0 un favoritisme qui affecte toutes les personnes concern\u00e9es. Les \u00e9l\u00e8ves dou\u00e9s peuvent b\u00e9n\u00e9ficier d&rsquo;un traitement sp\u00e9cial, par exemple en se voyant attribuer des r\u00f4les de leadership, des t\u00e2ches suppl\u00e9mentaires ou des privil\u00e8ges [&hellip;]","og_url":"https:\/\/gifted-hub.com\/fr\/enseignants\/comment-les-enseignants-peuvent-ils-favoriser-les-eleves-doues\/","og_site_name":"Gifted HUB","article_modified_time":"2024-12-31T17:37:15+00:00","og_image":[{"width":1600,"height":1143,"url":"https:\/\/gifted-hub.com\/wp-content\/uploads\/2024\/12\/czisy8ai2ia.jpg","type":"image\/jpeg"}],"twitter_card":"summary_large_image","twitter_misc":{"Dur\u00e9e de lecture estim\u00e9e":"3 minutes"},"schema":{"@context":"https:\/\/schema.org","@graph":[{"@type":"WebPage","@id":"https:\/\/gifted-hub.com\/fr\/enseignants\/comment-les-enseignants-peuvent-ils-favoriser-les-eleves-doues\/","url":"https:\/\/gifted-hub.com\/fr\/enseignants\/comment-les-enseignants-peuvent-ils-favoriser-les-eleves-doues\/","name":"Comment les enseignants peuvent-ils favoriser les \u00e9l\u00e8ves dou\u00e9s ? - Gifted HUB","isPartOf":{"@id":"https:\/\/gifted-hub.com\/fr\/#website"},"primaryImageOfPage":{"@id":"https:\/\/gifted-hub.com\/fr\/enseignants\/comment-les-enseignants-peuvent-ils-favoriser-les-eleves-doues\/#primaryimage"},"image":{"@id":"https:\/\/gifted-hub.com\/fr\/enseignants\/comment-les-enseignants-peuvent-ils-favoriser-les-eleves-doues\/#primaryimage"},"thumbnailUrl":"https:\/\/gifted-hub.com\/wp-content\/uploads\/2024\/12\/czisy8ai2ia.jpg","datePublished":"2024-12-31T17:21:46+00:00","dateModified":"2024-12-31T17:37:15+00:00","breadcrumb":{"@id":"https:\/\/gifted-hub.com\/fr\/enseignants\/comment-les-enseignants-peuvent-ils-favoriser-les-eleves-doues\/#breadcrumb"},"inLanguage":"fr-FR","potentialAction":[{"@type":"ReadAction","target":["https:\/\/gifted-hub.com\/fr\/enseignants\/comment-les-enseignants-peuvent-ils-favoriser-les-eleves-doues\/"]}]},{"@type":"ImageObject","inLanguage":"fr-FR","@id":"https:\/\/gifted-hub.com\/fr\/enseignants\/comment-les-enseignants-peuvent-ils-favoriser-les-eleves-doues\/#primaryimage","url":"https:\/\/gifted-hub.com\/wp-content\/uploads\/2024\/12\/czisy8ai2ia.jpg","contentUrl":"https:\/\/gifted-hub.com\/wp-content\/uploads\/2024\/12\/czisy8ai2ia.jpg","width":1600,"height":1143},{"@type":"BreadcrumbList","@id":"https:\/\/gifted-hub.com\/fr\/enseignants\/comment-les-enseignants-peuvent-ils-favoriser-les-eleves-doues\/#breadcrumb","itemListElement":[{"@type":"ListItem","position":1,"name":"Home","item":"https:\/\/gifted-hub.com\/fr\/accueil\/"},{"@type":"ListItem","position":2,"name":"Enseignants","item":"https:\/\/gifted-hub.com\/fr\/enseignants\/"},{"@type":"ListItem","position":3,"name":"Comment les enseignants peuvent-ils favoriser les \u00e9l\u00e8ves dou\u00e9s ?"}]},{"@type":"WebSite","@id":"https:\/\/gifted-hub.com\/fr\/#website","url":"https:\/\/gifted-hub.com\/fr\/","name":"Gifted HUB","description":"Un espace pour les hautes comp\u00e9tences","publisher":{"@id":"https:\/\/gifted-hub.com\/fr\/#organization"},"potentialAction":[{"@type":"SearchAction","target":{"@type":"EntryPoint","urlTemplate":"https:\/\/gifted-hub.com\/fr\/?s={search_term_string}"},"query-input":{"@type":"PropertyValueSpecification","valueRequired":true,"valueName":"search_term_string"}}],"inLanguage":"fr-FR"},{"@type":"Organization","@id":"https:\/\/gifted-hub.com\/fr\/#organization","name":"Gifted HUB","url":"https:\/\/gifted-hub.com\/fr\/","logo":{"@type":"ImageObject","inLanguage":"fr-FR","@id":"https:\/\/gifted-hub.com\/fr\/#\/schema\/logo\/image\/","url":"https:\/\/gifted-hub.com\/wp-content\/uploads\/2024\/07\/logo-1.svg","contentUrl":"https:\/\/gifted-hub.com\/wp-content\/uploads\/2024\/07\/logo-1.svg","caption":"Gifted HUB"},"image":{"@id":"https:\/\/gifted-hub.com\/fr\/#\/schema\/logo\/image\/"}}]}},"_links":{"self":[{"href":"https:\/\/gifted-hub.com\/fr\/wp-json\/wp\/v2\/pages\/18804","targetHints":{"allow":["GET"]}}],"collection":[{"href":"https:\/\/gifted-hub.com\/fr\/wp-json\/wp\/v2\/pages"}],"about":[{"href":"https:\/\/gifted-hub.com\/fr\/wp-json\/wp\/v2\/types\/page"}],"author":[{"embeddable":true,"href":"https:\/\/gifted-hub.com\/fr\/wp-json\/wp\/v2\/users\/1"}],"replies":[{"embeddable":true,"href":"https:\/\/gifted-hub.com\/fr\/wp-json\/wp\/v2\/comments?post=18804"}],"version-history":[{"count":1,"href":"https:\/\/gifted-hub.com\/fr\/wp-json\/wp\/v2\/pages\/18804\/revisions"}],"predecessor-version":[{"id":18805,"href":"https:\/\/gifted-hub.com\/fr\/wp-json\/wp\/v2\/pages\/18804\/revisions\/18805"}],"up":[{"embeddable":true,"href":"https:\/\/gifted-hub.com\/fr\/wp-json\/wp\/v2\/pages\/15625"}],"wp:featuredmedia":[{"embeddable":true,"href":"https:\/\/gifted-hub.com\/fr\/wp-json\/wp\/v2\/media\/18790"}],"wp:attachment":[{"href":"https:\/\/gifted-hub.com\/fr\/wp-json\/wp\/v2\/media?parent=18804"}],"wp:term":[{"taxonomy":"group-interest","embeddable":true,"href":"https:\/\/gifted-hub.com\/fr\/wp-json\/wp\/v2\/group-interest?post=18804"}],"curies":[{"name":"wp","href":"https:\/\/api.w.org\/{rel}","templated":true}]}}