{"id":18545,"date":"2024-11-21T19:25:28","date_gmt":"2024-11-21T19:25:28","guid":{"rendered":"https:\/\/gifted-hub.com\/professionnels\/creativite-et-prise-de-decision-chez-les-eleves-surdoues\/"},"modified":"2024-11-22T08:03:03","modified_gmt":"2024-11-22T08:03:03","slug":"creativite-et-prise-de-decision-chez-les-eleves-surdoues","status":"publish","type":"page","link":"https:\/\/gifted-hub.com\/fr\/professionnels\/creativite-et-prise-de-decision-chez-les-eleves-surdoues\/","title":{"rendered":"Cr\u00e9ativit\u00e9 et prise de d\u00e9cision chez les \u00e9l\u00e8ves surdou\u00e9s"},"content":{"rendered":"\n<p>La cr\u00e9ativit\u00e9 et la prise de d\u00e9cision sont des processus profond\u00e9ment interconnect\u00e9s, en particulier chez les \u00e9l\u00e8ves surdou\u00e9s. <a href=\"https:\/\/gifted-hub.com\/es\/que-son-las-altas-capacidades\/el-concepto-de-los-tres-anillos-de-las-altas-capacidades\/\">La cr\u00e9ativit\u00e9<\/a> est la capacit\u00e9 de r\u00e9imaginer des repr\u00e9sentations mentales et est fondamentale pour la pens\u00e9e intuitive. Elle permet aux individus de construire des images mentales qui aident \u00e0 la planification et \u00e0 la r\u00e9solution de probl\u00e8mes. La prise de d\u00e9cision, quant \u00e0 elle, implique l&rsquo;\u00e9valuation des risques, des avantages et des options disponibles pour s\u00e9lectionner la voie la plus appropri\u00e9e. La cr\u00e9ativit\u00e9 et la prise de d\u00e9cision sont toutes deux r\u00e9gies par les fonctions orbitofrontales du cerveau, qui sont responsables du contr\u00f4le des impulsions, de l&rsquo;\u00e9valuation des risques et du respect des r\u00e8gles.   <\/p>\n\n<p><strong>Pour que la cr\u00e9ativit\u00e9 s&rsquo;\u00e9panouisse, elle n\u00e9cessite curiosit\u00e9, motivation et capacit\u00e9 \u00e0 analyser et interpr\u00e9ter l&rsquo;information.<\/strong> Les \u00e9l\u00e8ves surdou\u00e9s d\u00e9montrent souvent une capacit\u00e9 naturelle \u00e0 s&rsquo;engager dans une pens\u00e9e divergente, ce qui les aide \u00e0 g\u00e9n\u00e9rer des id\u00e9es originales et des solutions innovantes aux probl\u00e8mes. Ce style de pens\u00e9e joue \u00e9galement un r\u00f4le dans la prise de d\u00e9cision, car il leur permet d&rsquo;\u00e9valuer de multiples possibilit\u00e9s et r\u00e9sultats. Les recherches montrent que la cr\u00e9ativit\u00e9 et la prise de d\u00e9cision partagent des m\u00e9canismes cognitifs communs, y compris le contr\u00f4le inhibiteur, qui est la capacit\u00e9 de supprimer les r\u00e9ponses automatiques au profit de r\u00e9ponses plus efficaces.  <\/p>\n\n<p>Chez les \u00e9l\u00e8ves surdou\u00e9s, la cr\u00e9ativit\u00e9 se manifeste souvent par leur capacit\u00e9 \u00e0 penser de mani\u00e8re flexible et adaptative. Les \u00e9tudes indiquent que leur cr\u00e9ativit\u00e9 narrative, telle que la narration ou la formation de sc\u00e9narios imaginatifs, est \u00e9troitement li\u00e9e \u00e0 une prise de d\u00e9cision efficace. Par exemple, les \u00e9l\u00e8ves qui sont habiles \u00e0 \u00e9valuer les risques tendent \u00e0 produire des id\u00e9es et des solutions plus innovantes. De m\u00eame, la cr\u00e9ativit\u00e9 graphique, telle que le dessin ou l&rsquo;expression visuelle, est am\u00e9lior\u00e9e lorsque les \u00e9l\u00e8ves font face \u00e0 moins d&rsquo;inhibitions cognitives, permettant \u00e0 leurs id\u00e9es de circuler plus librement.   <\/p>\n\n<p>Malgr\u00e9 ces forces, il est essentiel de reconna\u00eetre que la cr\u00e9ativit\u00e9 et la prise de d\u00e9cision sont influenc\u00e9es par divers facteurs, y compris les contextes environnementaux et \u00e9ducatifs. <a href=\"https:\/\/gifted-hub.com\/es\/profesores\/apoyando-y-motivando-a-los-ninos-dotados-en-la-escuela\/\">Soutenir les \u00e9l\u00e8ves surdou\u00e9s<\/a> n\u00e9cessite une compr\u00e9hension de la mani\u00e8re dont ces processus fonctionnent ensemble. Les enseignants et les \u00e9ducateurs jouent un r\u00f4le crucial dans la cr\u00e9ation d&rsquo;environnements qui encouragent l&rsquo;exploration, respectent l&rsquo;individualit\u00e9 et fournissent des conseils. De tels environnements aident les \u00e9l\u00e8ves \u00e0 naviguer dans des probl\u00e8mes complexes et \u00e0 exprimer leur cr\u00e9ativit\u00e9 sans crainte de jugement.  <\/p>\n\n<p>En conclusion, la relation entre la cr\u00e9ativit\u00e9 et la prise de d\u00e9cision chez les \u00e9l\u00e8ves surdou\u00e9s souligne l&rsquo;importance d&rsquo;int\u00e9grer \u00e0 la fois un soutien cognitif et \u00e9motionnel dans leur \u00e9ducation. En nourrissant leur potentiel cr\u00e9atif et leurs comp\u00e9tences en prise de d\u00e9cision, nous pouvons permettre \u00e0 ces \u00e9l\u00e8ves d&rsquo;atteindre leur plein potentiel tout en r\u00e9pondant aux d\u00e9fis uniques qu&rsquo;ils peuvent rencontrer. Comprendre cette relation am\u00e9liore non seulement les strat\u00e9gies \u00e9ducatives, mais contribue \u00e9galement \u00e0 une appr\u00e9ciation plus profonde de la douance et de ses complexit\u00e9s.  <\/p>\n","protected":false},"excerpt":{"rendered":"<p>La cr\u00e9ativit\u00e9 et la prise de d\u00e9cision sont des processus profond\u00e9ment interconnect\u00e9s, en particulier chez les \u00e9l\u00e8ves surdou\u00e9s. La cr\u00e9ativit\u00e9 est la capacit\u00e9 de r\u00e9imaginer des repr\u00e9sentations mentales et est fondamentale pour la pens\u00e9e intuitive. Elle permet aux individus de construire des images mentales qui aident \u00e0 la planification et \u00e0 la r\u00e9solution de probl\u00e8mes. [&hellip;]<\/p>\n","protected":false},"author":1,"featured_media":18457,"parent":15737,"menu_order":0,"comment_status":"closed","ping_status":"closed","template":"","meta":{"_acf_changed":false,"inline_featured_image":false,"footnotes":""},"group-interest":[184],"class_list":["post-18545","page","type-page","status-publish","has-post-thumbnail","hentry","group-interest-proffesionals-fr"],"acf":[],"yoast_head":"<!-- This site is optimized with the Yoast SEO plugin v27.4 - https:\/\/yoast.com\/product\/yoast-seo-wordpress\/ -->\n<title>Cr\u00e9ativit\u00e9 et prise de d\u00e9cision chez les \u00e9l\u00e8ves surdou\u00e9s - Gifted HUB<\/title>\n<meta name=\"robots\" content=\"index, follow, max-snippet:-1, max-image-preview:large, max-video-preview:-1\" \/>\n<link rel=\"canonical\" href=\"https:\/\/gifted-hub.com\/fr\/professionnels\/creativite-et-prise-de-decision-chez-les-eleves-surdoues\/\" \/>\n<meta property=\"og:locale\" content=\"fr_FR\" \/>\n<meta property=\"og:type\" content=\"article\" \/>\n<meta property=\"og:title\" content=\"Cr\u00e9ativit\u00e9 et prise de d\u00e9cision chez les \u00e9l\u00e8ves surdou\u00e9s - Gifted HUB\" \/>\n<meta property=\"og:description\" content=\"La cr\u00e9ativit\u00e9 et la prise de d\u00e9cision sont des processus profond\u00e9ment interconnect\u00e9s, en particulier chez les \u00e9l\u00e8ves surdou\u00e9s. La cr\u00e9ativit\u00e9 est la capacit\u00e9 de r\u00e9imaginer des repr\u00e9sentations mentales et est fondamentale pour la pens\u00e9e intuitive. Elle permet aux individus de construire des images mentales qui aident \u00e0 la planification et \u00e0 la r\u00e9solution de probl\u00e8mes. [&hellip;]\" \/>\n<meta property=\"og:url\" content=\"https:\/\/gifted-hub.com\/fr\/professionnels\/creativite-et-prise-de-decision-chez-les-eleves-surdoues\/\" \/>\n<meta property=\"og:site_name\" content=\"Gifted HUB\" \/>\n<meta property=\"article:modified_time\" content=\"2024-11-22T08:03:03+00:00\" \/>\n<meta property=\"og:image\" content=\"https:\/\/gifted-hub.com\/wp-content\/uploads\/2024\/11\/Creativity-and-Decision-Making-in-Giftedness.webp\" \/>\n\t<meta property=\"og:image:width\" content=\"1024\" \/>\n\t<meta property=\"og:image:height\" content=\"1024\" \/>\n\t<meta property=\"og:image:type\" content=\"image\/webp\" \/>\n<meta name=\"twitter:card\" content=\"summary_large_image\" \/>\n<meta name=\"twitter:label1\" content=\"Dur\u00e9e de lecture estim\u00e9e\" \/>\n\t<meta name=\"twitter:data1\" content=\"3 minutes\" \/>\n<script type=\"application\/ld+json\" class=\"yoast-schema-graph\">{\"@context\":\"https:\\\/\\\/schema.org\",\"@graph\":[{\"@type\":\"WebPage\",\"@id\":\"https:\\\/\\\/gifted-hub.com\\\/fr\\\/professionnels\\\/creativite-et-prise-de-decision-chez-les-eleves-surdoues\\\/\",\"url\":\"https:\\\/\\\/gifted-hub.com\\\/fr\\\/professionnels\\\/creativite-et-prise-de-decision-chez-les-eleves-surdoues\\\/\",\"name\":\"Cr\u00e9ativit\u00e9 et prise de d\u00e9cision chez les \u00e9l\u00e8ves surdou\u00e9s - Gifted HUB\",\"isPartOf\":{\"@id\":\"https:\\\/\\\/gifted-hub.com\\\/fr\\\/#website\"},\"primaryImageOfPage\":{\"@id\":\"https:\\\/\\\/gifted-hub.com\\\/fr\\\/professionnels\\\/creativite-et-prise-de-decision-chez-les-eleves-surdoues\\\/#primaryimage\"},\"image\":{\"@id\":\"https:\\\/\\\/gifted-hub.com\\\/fr\\\/professionnels\\\/creativite-et-prise-de-decision-chez-les-eleves-surdoues\\\/#primaryimage\"},\"thumbnailUrl\":\"https:\\\/\\\/gifted-hub.com\\\/wp-content\\\/uploads\\\/2024\\\/11\\\/Creativity-and-Decision-Making-in-Giftedness.webp\",\"datePublished\":\"2024-11-21T19:25:28+00:00\",\"dateModified\":\"2024-11-22T08:03:03+00:00\",\"breadcrumb\":{\"@id\":\"https:\\\/\\\/gifted-hub.com\\\/fr\\\/professionnels\\\/creativite-et-prise-de-decision-chez-les-eleves-surdoues\\\/#breadcrumb\"},\"inLanguage\":\"fr-FR\",\"potentialAction\":[{\"@type\":\"ReadAction\",\"target\":[\"https:\\\/\\\/gifted-hub.com\\\/fr\\\/professionnels\\\/creativite-et-prise-de-decision-chez-les-eleves-surdoues\\\/\"]}]},{\"@type\":\"ImageObject\",\"inLanguage\":\"fr-FR\",\"@id\":\"https:\\\/\\\/gifted-hub.com\\\/fr\\\/professionnels\\\/creativite-et-prise-de-decision-chez-les-eleves-surdoues\\\/#primaryimage\",\"url\":\"https:\\\/\\\/gifted-hub.com\\\/wp-content\\\/uploads\\\/2024\\\/11\\\/Creativity-and-Decision-Making-in-Giftedness.webp\",\"contentUrl\":\"https:\\\/\\\/gifted-hub.com\\\/wp-content\\\/uploads\\\/2024\\\/11\\\/Creativity-and-Decision-Making-in-Giftedness.webp\",\"width\":1024,\"height\":1024},{\"@type\":\"BreadcrumbList\",\"@id\":\"https:\\\/\\\/gifted-hub.com\\\/fr\\\/professionnels\\\/creativite-et-prise-de-decision-chez-les-eleves-surdoues\\\/#breadcrumb\",\"itemListElement\":[{\"@type\":\"ListItem\",\"position\":1,\"name\":\"Home\",\"item\":\"https:\\\/\\\/gifted-hub.com\\\/fr\\\/accueil\\\/\"},{\"@type\":\"ListItem\",\"position\":2,\"name\":\"Professionnels\",\"item\":\"https:\\\/\\\/gifted-hub.com\\\/fr\\\/professionnels\\\/\"},{\"@type\":\"ListItem\",\"position\":3,\"name\":\"Cr\u00e9ativit\u00e9 et prise de d\u00e9cision chez les \u00e9l\u00e8ves surdou\u00e9s\"}]},{\"@type\":\"WebSite\",\"@id\":\"https:\\\/\\\/gifted-hub.com\\\/fr\\\/#website\",\"url\":\"https:\\\/\\\/gifted-hub.com\\\/fr\\\/\",\"name\":\"Gifted HUB\",\"description\":\"Un espace pour les hautes comp\u00e9tences\",\"publisher\":{\"@id\":\"https:\\\/\\\/gifted-hub.com\\\/fr\\\/#organization\"},\"potentialAction\":[{\"@type\":\"SearchAction\",\"target\":{\"@type\":\"EntryPoint\",\"urlTemplate\":\"https:\\\/\\\/gifted-hub.com\\\/fr\\\/?s={search_term_string}\"},\"query-input\":{\"@type\":\"PropertyValueSpecification\",\"valueRequired\":true,\"valueName\":\"search_term_string\"}}],\"inLanguage\":\"fr-FR\"},{\"@type\":\"Organization\",\"@id\":\"https:\\\/\\\/gifted-hub.com\\\/fr\\\/#organization\",\"name\":\"Gifted HUB\",\"url\":\"https:\\\/\\\/gifted-hub.com\\\/fr\\\/\",\"logo\":{\"@type\":\"ImageObject\",\"inLanguage\":\"fr-FR\",\"@id\":\"https:\\\/\\\/gifted-hub.com\\\/fr\\\/#\\\/schema\\\/logo\\\/image\\\/\",\"url\":\"https:\\\/\\\/gifted-hub.com\\\/wp-content\\\/uploads\\\/2024\\\/07\\\/logo-1.svg\",\"contentUrl\":\"https:\\\/\\\/gifted-hub.com\\\/wp-content\\\/uploads\\\/2024\\\/07\\\/logo-1.svg\",\"caption\":\"Gifted HUB\"},\"image\":{\"@id\":\"https:\\\/\\\/gifted-hub.com\\\/fr\\\/#\\\/schema\\\/logo\\\/image\\\/\"}}]}<\/script>\n<!-- \/ Yoast SEO plugin. -->","yoast_head_json":{"title":"Cr\u00e9ativit\u00e9 et prise de d\u00e9cision chez les \u00e9l\u00e8ves surdou\u00e9s - Gifted HUB","robots":{"index":"index","follow":"follow","max-snippet":"max-snippet:-1","max-image-preview":"max-image-preview:large","max-video-preview":"max-video-preview:-1"},"canonical":"https:\/\/gifted-hub.com\/fr\/professionnels\/creativite-et-prise-de-decision-chez-les-eleves-surdoues\/","og_locale":"fr_FR","og_type":"article","og_title":"Cr\u00e9ativit\u00e9 et prise de d\u00e9cision chez les \u00e9l\u00e8ves surdou\u00e9s - Gifted HUB","og_description":"La cr\u00e9ativit\u00e9 et la prise de d\u00e9cision sont des processus profond\u00e9ment interconnect\u00e9s, en particulier chez les \u00e9l\u00e8ves surdou\u00e9s. La cr\u00e9ativit\u00e9 est la capacit\u00e9 de r\u00e9imaginer des repr\u00e9sentations mentales et est fondamentale pour la pens\u00e9e intuitive. Elle permet aux individus de construire des images mentales qui aident \u00e0 la planification et \u00e0 la r\u00e9solution de probl\u00e8mes. [&hellip;]","og_url":"https:\/\/gifted-hub.com\/fr\/professionnels\/creativite-et-prise-de-decision-chez-les-eleves-surdoues\/","og_site_name":"Gifted HUB","article_modified_time":"2024-11-22T08:03:03+00:00","og_image":[{"width":1024,"height":1024,"url":"https:\/\/gifted-hub.com\/wp-content\/uploads\/2024\/11\/Creativity-and-Decision-Making-in-Giftedness.webp","type":"image\/webp"}],"twitter_card":"summary_large_image","twitter_misc":{"Dur\u00e9e de lecture estim\u00e9e":"3 minutes"},"schema":{"@context":"https:\/\/schema.org","@graph":[{"@type":"WebPage","@id":"https:\/\/gifted-hub.com\/fr\/professionnels\/creativite-et-prise-de-decision-chez-les-eleves-surdoues\/","url":"https:\/\/gifted-hub.com\/fr\/professionnels\/creativite-et-prise-de-decision-chez-les-eleves-surdoues\/","name":"Cr\u00e9ativit\u00e9 et prise de d\u00e9cision chez les \u00e9l\u00e8ves surdou\u00e9s - Gifted HUB","isPartOf":{"@id":"https:\/\/gifted-hub.com\/fr\/#website"},"primaryImageOfPage":{"@id":"https:\/\/gifted-hub.com\/fr\/professionnels\/creativite-et-prise-de-decision-chez-les-eleves-surdoues\/#primaryimage"},"image":{"@id":"https:\/\/gifted-hub.com\/fr\/professionnels\/creativite-et-prise-de-decision-chez-les-eleves-surdoues\/#primaryimage"},"thumbnailUrl":"https:\/\/gifted-hub.com\/wp-content\/uploads\/2024\/11\/Creativity-and-Decision-Making-in-Giftedness.webp","datePublished":"2024-11-21T19:25:28+00:00","dateModified":"2024-11-22T08:03:03+00:00","breadcrumb":{"@id":"https:\/\/gifted-hub.com\/fr\/professionnels\/creativite-et-prise-de-decision-chez-les-eleves-surdoues\/#breadcrumb"},"inLanguage":"fr-FR","potentialAction":[{"@type":"ReadAction","target":["https:\/\/gifted-hub.com\/fr\/professionnels\/creativite-et-prise-de-decision-chez-les-eleves-surdoues\/"]}]},{"@type":"ImageObject","inLanguage":"fr-FR","@id":"https:\/\/gifted-hub.com\/fr\/professionnels\/creativite-et-prise-de-decision-chez-les-eleves-surdoues\/#primaryimage","url":"https:\/\/gifted-hub.com\/wp-content\/uploads\/2024\/11\/Creativity-and-Decision-Making-in-Giftedness.webp","contentUrl":"https:\/\/gifted-hub.com\/wp-content\/uploads\/2024\/11\/Creativity-and-Decision-Making-in-Giftedness.webp","width":1024,"height":1024},{"@type":"BreadcrumbList","@id":"https:\/\/gifted-hub.com\/fr\/professionnels\/creativite-et-prise-de-decision-chez-les-eleves-surdoues\/#breadcrumb","itemListElement":[{"@type":"ListItem","position":1,"name":"Home","item":"https:\/\/gifted-hub.com\/fr\/accueil\/"},{"@type":"ListItem","position":2,"name":"Professionnels","item":"https:\/\/gifted-hub.com\/fr\/professionnels\/"},{"@type":"ListItem","position":3,"name":"Cr\u00e9ativit\u00e9 et prise de d\u00e9cision chez les \u00e9l\u00e8ves surdou\u00e9s"}]},{"@type":"WebSite","@id":"https:\/\/gifted-hub.com\/fr\/#website","url":"https:\/\/gifted-hub.com\/fr\/","name":"Gifted HUB","description":"Un espace pour les hautes comp\u00e9tences","publisher":{"@id":"https:\/\/gifted-hub.com\/fr\/#organization"},"potentialAction":[{"@type":"SearchAction","target":{"@type":"EntryPoint","urlTemplate":"https:\/\/gifted-hub.com\/fr\/?s={search_term_string}"},"query-input":{"@type":"PropertyValueSpecification","valueRequired":true,"valueName":"search_term_string"}}],"inLanguage":"fr-FR"},{"@type":"Organization","@id":"https:\/\/gifted-hub.com\/fr\/#organization","name":"Gifted HUB","url":"https:\/\/gifted-hub.com\/fr\/","logo":{"@type":"ImageObject","inLanguage":"fr-FR","@id":"https:\/\/gifted-hub.com\/fr\/#\/schema\/logo\/image\/","url":"https:\/\/gifted-hub.com\/wp-content\/uploads\/2024\/07\/logo-1.svg","contentUrl":"https:\/\/gifted-hub.com\/wp-content\/uploads\/2024\/07\/logo-1.svg","caption":"Gifted HUB"},"image":{"@id":"https:\/\/gifted-hub.com\/fr\/#\/schema\/logo\/image\/"}}]}},"_links":{"self":[{"href":"https:\/\/gifted-hub.com\/fr\/wp-json\/wp\/v2\/pages\/18545","targetHints":{"allow":["GET"]}}],"collection":[{"href":"https:\/\/gifted-hub.com\/fr\/wp-json\/wp\/v2\/pages"}],"about":[{"href":"https:\/\/gifted-hub.com\/fr\/wp-json\/wp\/v2\/types\/page"}],"author":[{"embeddable":true,"href":"https:\/\/gifted-hub.com\/fr\/wp-json\/wp\/v2\/users\/1"}],"replies":[{"embeddable":true,"href":"https:\/\/gifted-hub.com\/fr\/wp-json\/wp\/v2\/comments?post=18545"}],"version-history":[{"count":1,"href":"https:\/\/gifted-hub.com\/fr\/wp-json\/wp\/v2\/pages\/18545\/revisions"}],"predecessor-version":[{"id":18546,"href":"https:\/\/gifted-hub.com\/fr\/wp-json\/wp\/v2\/pages\/18545\/revisions\/18546"}],"up":[{"embeddable":true,"href":"https:\/\/gifted-hub.com\/fr\/wp-json\/wp\/v2\/pages\/15737"}],"wp:featuredmedia":[{"embeddable":true,"href":"https:\/\/gifted-hub.com\/fr\/wp-json\/wp\/v2\/media\/18457"}],"wp:attachment":[{"href":"https:\/\/gifted-hub.com\/fr\/wp-json\/wp\/v2\/media?parent=18545"}],"wp:term":[{"taxonomy":"group-interest","embeddable":true,"href":"https:\/\/gifted-hub.com\/fr\/wp-json\/wp\/v2\/group-interest?post=18545"}],"curies":[{"name":"wp","href":"https:\/\/api.w.org\/{rel}","templated":true}]}}